{"id":35628,"date":"2024-01-25T18:14:03","date_gmt":"2024-01-25T17:14:03","guid":{"rendered":"https:\/\/supercuotas.gratis\/?page_id=35628"},"modified":"2024-01-26T11:24:39","modified_gmt":"2024-01-26T10:24:39","slug":"estrelabet","status":"publish","type":"page","link":"https:\/\/supercuotas.gratis\/pt-br\/estrelabet\/","title":{"rendered":"ESTRELABET | B\u00f4nus + Revis\u00e3o COMPLETA"},"content":{"rendered":"\n<p>Se voc\u00ea gosta de apostas esportivas ou de cassino, <strong>o EstrelaBet \u00e9 uma das melhores op\u00e7\u00f5es para o Brasil.<\/strong> Neste artigo, vamos lhe contar tudo sobre o servi\u00e7o deles <strong><a href=\"https:\/\/recor.to\/estrelabet\" target=\"_blank\" rel=\"noreferrer noopener nofollow sponsored\">&#8211; visite o site!<\/a><\/strong><\/p>\n\n\n\n<figure class=\"wp-block-image size-large\"><a href=\"https:\/\/recor.to\/estrelabet\" target=\"_blank\" rel=\"noreferrer noopener nofollow sponsored\"><img fetchpriority=\"high\" decoding=\"async\" width=\"1024\" height=\"403\" src=\"https:\/\/supercuotas.gratis\/wp-content\/uploads\/2024\/01\/estrelabet-1024x403.png\" alt=\"estrelabet\" class=\"wp-image-35635\" srcset=\"https:\/\/supercuotas.gratis\/wp-content\/uploads\/2024\/01\/estrelabet-1024x403.png 1024w, https:\/\/supercuotas.gratis\/wp-content\/uploads\/2024\/01\/estrelabet-300x118.png 300w, https:\/\/supercuotas.gratis\/wp-content\/uploads\/2024\/01\/estrelabet-768x302.png 768w, https:\/\/supercuotas.gratis\/wp-content\/uploads\/2024\/01\/estrelabet.png 1346w\" sizes=\"(max-width: 1024px) 100vw, 1024px\" \/><\/a><\/figure>\n\n\n\n<h2 class=\"wp-block-heading\"><strong>Tudo o que voc\u00ea precisa saber sobre a EstrelaBet Brasil<\/strong><\/h2>\n\n\n\n<p>O que estamos vendo hoje \u00e9 o <strong>EstrelaBet<\/strong>. Uma casa que cont\u00e9m <strong>tanto apostas esportivas quanto jogos de cassino. <\/strong>O lugar ideal para combinar divers\u00e3o, emo\u00e7\u00e3o e ganhos. Para estes \u00faltimos, al\u00e9m da sua habilidade, a casa colabora com <strong>b\u00f4nus impressionantes. <\/strong>Que analisaremos neste artigo, juntamente com outros quesitos que fazem o servi\u00e7o do EstrelaBet no Brasil. <strong><a href=\"https:\/\/recor.to\/estrelabet\" target=\"_blank\" rel=\"noreferrer noopener nofollow sponsored\">Fa\u00e7a parte de sua comunidade!<\/a><\/strong><\/p>\n\n\n\n<p>Al\u00e9m dos b\u00f4nus e dos mercados, h\u00e1 outras quest\u00f5es importantes a serem analisadas sobre o EstrelaBet. Por exemplo, <strong>seus m\u00e9todos de pagamento <\/strong>para dep\u00f3sito e saque, seu <strong>atendimento ao cliente e tudo relacionado \u00e0 seguran\u00e7a.<\/strong> Analisaremos ponto a ponto, para que voc\u00ea tenha todas as informa\u00e7\u00f5es e possa determinar se \u00e9 o que est\u00e1 procurando ou n\u00e3o. De nossa parte, achamos que \u00e9 uma op\u00e7\u00e3o mais do que interessante.<\/p>\n\n\n\n<h3 class=\"wp-block-heading\"><strong>Seguran\u00e7a e Atendimento ao Cliente<\/strong><\/h3>\n\n\n\n<p>Para come\u00e7ar, uma quest\u00e3o central para um site de jogos de azar e cassino on-line: a seguran\u00e7a. Para sua tranquilidade, <strong>o EstrelaBet \u00e9 licenciado pelo governo de Cura\u00e7ao. <\/strong>Isso significa que o servi\u00e7o \u00e9 totalmente legal e que voc\u00ea pode aproveit\u00e1-lo sem problemas. Apenas certifique-se de respeitar as regras internas do site, que promovem o jogo justo e respons\u00e1vel. Caso contr\u00e1rio, n\u00e3o h\u00e1 nada com que se preocupar.<\/p>\n\n\n\n<p>Ao mesmo tempo, o EstrelaBet segue <strong>uma rigorosa pol\u00edtica de privacidade<\/strong> no cuidado e prote\u00e7\u00e3o de seus dados pessoais. Aqueles solicitados no momento do registro. Ningu\u00e9m ter\u00e1 acesso \u00e0s informa\u00e7\u00f5es que voc\u00ea compartilhar, pois elas permanecem protegidas com <strong>tecnologia de criptografia de \u00faltima gera\u00e7\u00e3o.<\/strong> Mantenha sua privacidade em todos os momentos. Se desejar, <strong><a href=\"https:\/\/recor.to\/estrelabet\" target=\"_blank\" rel=\"noreferrer noopener nofollow sponsored\">acesse o site da casa<\/a> e analise sua pol\u00edtica a esse respeito.<\/strong><\/p>\n\n\n\n<p>Quando se trata de suporte ao cliente, ele \u00e9 de primeira linha. Clique na op\u00e7\u00e3o Suporte na parte superior da tela e voc\u00ea ser\u00e1 levado \u00e0 guia <strong>Central de Ajuda do EstrelaBet.<\/strong> L\u00e1, voc\u00ea pode navegar por diferentes categorias, como Sua conta, Apostas, Jogos, Seguran\u00e7a e muito mais. Al\u00e9m disso, abaixo dela, h\u00e1 uma <strong>lista de perguntas frequentes<\/strong> com informa\u00e7\u00f5es muito \u00fateis.<\/p>\n\n\n\n<p>Se n\u00e3o encontrar o que est\u00e1 procurando l\u00e1, voc\u00ea pode falar diretamente com os profissionais da casa. Para fazer isso a partir do Brasil, <strong>o EstrelaBet lhe oferece um chat ao vivo e um endere\u00e7o de e-mail.<\/strong> Voc\u00ea tem a liberdade de escolher a op\u00e7\u00e3o mais confort\u00e1vel e conveniente para voc\u00ea. A equipe do EstrelaBet est\u00e1 pronta para ajud\u00e1-lo no que for preciso e o far\u00e1 de maneira amig\u00e1vel, educada e prestativa. <strong><a href=\"https:\/\/recor.to\/estrelabet\" target=\"_blank\" rel=\"noreferrer noopener nofollow sponsored\">Entre em contato!<\/a><\/strong><\/p>\n\n\n\n<h3 class=\"wp-block-heading\"><strong>Dep\u00f3sitos e Retiradas na EstrelaBet<\/strong><\/h3>\n\n\n\n<p>Como mencionado acima, um ponto a ser observado s\u00e3o os dep\u00f3sitos e saques no EstrelaBet. <strong>Para depositar fundos, a casa trabalha com a op\u00e7\u00e3o QR Pix. <\/strong>Uma op\u00e7\u00e3o que garante transa\u00e7\u00f5es r\u00e1pidas e seguras e que \u00e9 extremamente popular no Brasil justamente por essas virtudes. Para fazer um dep\u00f3sito, siga as etapas abaixo:<\/p>\n\n\n\n<ul class=\"wp-block-list\">\n<li><strong>1. Abra o aplicativo de pagamento<\/strong> (aquele que suporta a fun\u00e7\u00e3o de scanner de QR Pix).<\/li>\n\n\n\n<li><strong>2. Digitalize o c\u00f3digo QR<\/strong> fornecido pela EstrelaBet dentro do aplicativo.<\/li>\n\n\n\n<li><strong>3. Confirmar pagamento: <\/strong>verifique os detalhes da transa\u00e7\u00e3o e confirme-a.<\/li>\n<\/ul>\n\n\n\n<p>Em tr\u00eas etapas simples, voc\u00ea deposita dinheiro na sua conta para poder apostar nos seus esportes favoritos ou jogar no cassino. <strong>Em poucos minutos, o dep\u00f3sito aparecer\u00e1 em sua conta<\/strong> EstrelaBet. No m\u00e1ximo, mas muito raramente, pode haver um atraso de at\u00e9 2 horas. Observe tamb\u00e9m que o dep\u00f3sito m\u00ednimo \u00e9 de R$ 1.<\/p>\n\n\n\n<p><strong>Para sacar dinheiro<\/strong>, a op\u00e7\u00e3o que a EstrelaBet utiliza tamb\u00e9m \u00e9 o <strong>Pix. Voc\u00ea deve utilizar seu CPF como chave do Pix.<\/strong> Portanto, certifique-se de ter essa op\u00e7\u00e3o associada \u00e0 sua conta banc\u00e1ria. Al\u00e9m disso, os saques variam <strong>de um m\u00ednimo de R$ 20 a um m\u00e1ximo de R$ 5.000<\/strong> e podem levar at\u00e9 48 horas para serem processados. E uma coisa muito importante: n\u00e3o h\u00e1 taxas ou encargos extras para saques!<\/p>\n\n\n\n<h2 class=\"wp-block-heading\"><strong>Os melhores b\u00f4nus da EstrelaBet para o Brasil<\/strong><\/h2>\n\n\n\n<h3 class=\"wp-block-heading\"><strong>B\u00f4nus de boas-vindas em apostas esportivas<\/strong><\/h3>\n\n\n\n<p>Agora \u00e9 hora de falar sobre as ofertas do EstrelaBet para o Brasil. Uma delas \u00e9 o B\u00f4nus de Boas-Vindas para apostas esportivas, que consiste em <strong>100% extra do valor do seu primeiro dep\u00f3sito at\u00e9 um m\u00e1ximo de R$ 500. <\/strong>Dobre os fundos para suas apostas e dobre suas chances de ganhar. Definitivamente, \u00e9 uma oportunidade imperd\u00edvel. <strong><a href=\"https:\/\/recor.to\/estrelabet\" target=\"_blank\" rel=\"noreferrer noopener nofollow sponsored\">Solicite-a agora!<\/a><\/strong><\/p>\n\n\n\n<p>Observe que esse b\u00f4nus EstrelaBet \u00e9 <strong>exclusivo para novos jogadores.<\/strong> Aqueles que est\u00e3o prestes a fazer seu primeiro dep\u00f3sito no site da casa. E a maneira de solicit\u00e1-lo \u00e9 muito simples. S\u00e3o apenas quatro passos simples, que detalhamos a seguir:<\/p>\n\n\n\n<ul class=\"wp-block-list\">\n<li><strong><a href=\"https:\/\/recor.to\/estrelabet\" target=\"_blank\" rel=\"noreferrer noopener nofollow sponsored\">1. Abra uma conta no EstrelaBet do Brasil<\/a><\/strong><\/li>\n\n\n\n<li><strong>2. Fazer um primeiro dep\u00f3sito<\/strong> de pelo menos 20 reais<\/li>\n\n\n\n<li><strong>3. Digite o c\u00f3digo<\/strong> promocional &#8220;ESTRELA500&#8221; <\/li>\n\n\n\n<li><strong>4. Confirme a solicita\u00e7\u00e3o<\/strong> do B\u00f4nus e o B\u00f4nus ser\u00e1 creditado instantaneamente.<\/li>\n<\/ul>\n\n\n\n<p>Lembre-se tamb\u00e9m que o B\u00f4nus de Apostas Esportivas EstrelaBet tem <strong>um rollover de 15x. <\/strong>Nas apostas simples, qualificam-se as sele\u00e7\u00f5es com odds de 2,00 ou mais. J\u00e1 nas apostas m\u00faltiplas, cada uma das sele\u00e7\u00f5es deve respeitar odds m\u00ednimas de 1,50. Caso queira saber mais, deixamos para voc\u00ea nosso artigo sobre o <strong><em><a href=\"https:\/\/supercuotas.gratis\/pt-br\/estrelabet-novo-bonus-apostas-esportivas-codigos-promocionais\/\" target=\"_blank\" rel=\"noreferrer noopener\">B\u00f4nus de Apostas Esportivas EstrelaBet.<\/a><\/em><\/strong><\/p>\n\n\n\n<h3 class=\"wp-block-heading\"><strong>B\u00f4nus de boas-vindas do cassino<\/strong><\/h3>\n\n\n\n<p>H\u00e1 tamb\u00e9m um b\u00f4nus de boas-vindas para aqueles que preferem o cassino. Assim como nas apostas esportivas, ele consiste em <strong>100% extra no seu primeiro dep\u00f3sito at\u00e9 o limite de R$ 500. <\/strong>Um valor que lhe permitir\u00e1 n\u00e3o s\u00f3 aumentar suas chances de ganhar, mas tamb\u00e9m de se divertir nos melhores ca\u00e7a-n\u00edqueis. O cat\u00e1logo de jogos da casa \u00e9 impressionante, com op\u00e7\u00f5es para todos os gostos.<\/p>\n\n\n\n<p><strong>O dep\u00f3sito m\u00ednimo<\/strong> exigido para reivindicar essa oferta <strong>\u00e9 de R$ 10<\/strong>, que \u00e9 menor do que o mencionado acima. Al\u00e9m disso, os requisitos de apostas s\u00e3o <strong>apostar o valor do B\u00f4nus um total de 20 vezes. <\/strong>Como mencionado acima, um amplo menu de ca\u00e7a-n\u00edqueis est\u00e1 dispon\u00edvel para voc\u00ea fazer isso. Novos lan\u00e7amentos, edi\u00e7\u00f5es cl\u00e1ssicas e tamb\u00e9m os mais populares no Brasil.<\/p>\n\n\n\n<p><strong>Voc\u00ea tem 30 dias para usar o b\u00f4nus. <\/strong>Ap\u00f3s esse per\u00edodo, a oferta expirar\u00e1 e ser\u00e1 removida de sua conta. Al\u00e9m disso, lembre-se de concluir primeiro o rollover antes de solicitar o saque dos ganhos. Esse \u00e9 um b\u00f4nus \u00fanico e exclusivo para novos jogadores. Recomendamos que leia o artigo sobre o <strong><em><a href=\"https:\/\/supercuotas.gratis\/pt-br\/estrelabet-bonus-boas-vindas-cassino\/\" target=\"_blank\" rel=\"noreferrer noopener\">B\u00f4nus do Cassino da EstrelaBet<\/a><\/em><\/strong> para obter mais detalhes.<\/p>\n\n\n\n<figure class=\"wp-block-image size-large\"><a href=\"https:\/\/recor.to\/estrelabet\" target=\"_blank\" rel=\"noreferrer noopener nofollow sponsored\"><img decoding=\"async\" width=\"1024\" height=\"386\" src=\"https:\/\/supercuotas.gratis\/wp-content\/uploads\/2024\/01\/estrelabet-bonus-1024x386.png\" alt=\"estrelabet bonus\" class=\"wp-image-35677\" srcset=\"https:\/\/supercuotas.gratis\/wp-content\/uploads\/2024\/01\/estrelabet-bonus-1024x386.png 1024w, https:\/\/supercuotas.gratis\/wp-content\/uploads\/2024\/01\/estrelabet-bonus-300x113.png 300w, https:\/\/supercuotas.gratis\/wp-content\/uploads\/2024\/01\/estrelabet-bonus-768x290.png 768w, https:\/\/supercuotas.gratis\/wp-content\/uploads\/2024\/01\/estrelabet-bonus.png 1347w\" sizes=\"(max-width: 1024px) 100vw, 1024px\" \/><\/a><\/figure>\n\n\n\n<h2 class=\"wp-block-heading\"><strong>Blog da EstrelaBet<\/strong><\/h2>\n\n\n\n<p>Para encerrar essa an\u00e1lise da proposta do EstrelaBet no Brasil, escolhemos falar sobre o Blog deles. Uma ferramenta muito interessante, tanto para novos usu\u00e1rios quanto para aqueles com mais experi\u00eancia. Al\u00e9m disso, <strong>uma forma de mant\u00ea-lo atualizado<\/strong> e saber das \u00faltimas novidades da casa.<\/p>\n\n\n\n<p>Voc\u00ea pode acessar o blog a partir da pr\u00f3pria plataforma do EstrelaBet. Nele, voc\u00ea encontrar\u00e1 desde as <strong>dicas e indica\u00e7\u00f5es <\/strong>mais b\u00e1sicas para fazer uma aposta, at\u00e9 <strong>recomenda\u00e7\u00f5es refinadas<\/strong> sobre como desenvolver uma estrat\u00e9gia que o levar\u00e1 ao sucesso. Aprenda os segredos de cada tipo de aposta e torne-se um especialista. A casa fornece a voc\u00ea <strong>ferramentas que lhe dar\u00e3o resultados.<\/strong> Cabe a voc\u00ea tirar proveito delas.<\/p>\n\n\n\n<p><strong>H\u00e1 tamb\u00e9m apresenta\u00e7\u00f5es de jogos de cassino.<\/strong> Suas caracter\u00edsticas, funcionamento e os pr\u00eamios que concedem. <strong>An\u00e1lises detalhadas<\/strong> de novos lan\u00e7amentos e tamb\u00e9m dos ca\u00e7a-n\u00edqueis mais populares entre os usu\u00e1rios brasileiros. Nunca \u00e9 demais dar uma olhada antes de jogar. Al\u00e9m disso, como mencionado acima, o Blog oferece not\u00edcias relacionadas ao EstrelaBet. Quanto mais voc\u00ea souber sobre o servi\u00e7o deles, mais poder\u00e1 aproveitar sua experi\u00eancia de usu\u00e1rio. N\u00e3o se esque\u00e7a.<\/p>\n\n\n\n<p>Isso nos leva ao final. No geral, <strong>consideramos o EstrelaBet uma op\u00e7\u00e3o altamente recomendada<\/strong> para o Brasil. Ela tem um servi\u00e7o completo do ponto de vista dos mercados, que, por sua vez, t\u00eam suas respectivas promo\u00e7\u00f5es. H\u00e1 tamb\u00e9m facilidades de dep\u00f3sito e saque, al\u00e9m de seguran\u00e7a garantida. Se voc\u00ea acha que vale a pena, <strong><a href=\"https:\/\/recor.to\/estrelabet\" target=\"_blank\" rel=\"noreferrer noopener nofollow sponsored\">v\u00e1 em frente e fa\u00e7a seu cadastro!<\/a><\/strong><\/p>\n\n\n\n<figure class=\"wp-block-image size-large\"><a href=\"https:\/\/recor.to\/estrelabet\" target=\"_blank\" rel=\"noreferrer noopener nofollow sponsored\"><img decoding=\"async\" width=\"1024\" height=\"381\" src=\"https:\/\/supercuotas.gratis\/wp-content\/uploads\/2024\/01\/estrelabet-brasil-1024x381.png\" alt=\"estrelabet brasil\" class=\"wp-image-35690\" srcset=\"https:\/\/supercuotas.gratis\/wp-content\/uploads\/2024\/01\/estrelabet-brasil-1024x381.png 1024w, https:\/\/supercuotas.gratis\/wp-content\/uploads\/2024\/01\/estrelabet-brasil-300x112.png 300w, https:\/\/supercuotas.gratis\/wp-content\/uploads\/2024\/01\/estrelabet-brasil-768x286.png 768w, https:\/\/supercuotas.gratis\/wp-content\/uploads\/2024\/01\/estrelabet-brasil.png 1348w\" sizes=\"(max-width: 1024px) 100vw, 1024px\" \/><\/a><\/figure>\n\n\n\n<h2 class=\"wp-block-heading\"><strong>Perguntas freq\u00fcentes sobre o servi\u00e7o da EstrelaBet<\/strong><\/h2>\n\n\n\n<div class=\"wp-block-rank-math-faq-block\"><div class=\"rank-math-faq-item\"><h3 class=\"rank-math-question\">Quem \u00e9 EstrelaBet?<\/h3><div class=\"rank-math-answer\">Um site que oferece <strong>apostas esportivas e jogos de cassino<\/strong>, com \u00f3timos b\u00f4nus para usu\u00e1rios brasileiros.<\/div><\/div><div class=\"rank-math-faq-item\"><h3 class=\"rank-math-question\">Quais s\u00e3o os b\u00f4nus oferecidos pela EstrelaBet para o Brasil?<\/h3><div class=\"rank-math-answer\"><strong>H\u00e1 dois b\u00f4nus de boas-vindas: <\/strong>um para o cassino e outro para as apostas esportivas. Ambos dobram o valor do seu primeiro dep\u00f3sito at\u00e9 um m\u00e1ximo de <strong>R$ 500.<\/strong><\/div><\/div><div class=\"rank-math-faq-item\"><h3 class=\"rank-math-question\">O que devo fazer para obter os b\u00f4nus?<\/h3><div class=\"rank-math-answer\"><strong><a href=\"https:\/\/recor.to\/estrelabet\" target=\"_blank\" rel=\"noreferrer noopener nofollow sponsored\">Abra uma conta no EstrelaBet do Brasil<\/a><\/strong>, respeite os dep\u00f3sitos m\u00ednimos e insira o c\u00f3digo promocional correspondente.<\/div><\/div><div class=\"rank-math-faq-item\"><h3 class=\"rank-math-question\">Como fa\u00e7o para fazer dep\u00f3sitos e retiradas no EstrelaBet?<\/h3><div class=\"rank-math-answer\"><strong>Dep\u00f3sito via c\u00f3digo QR do Pix<\/strong> e saque tamb\u00e9m via Pix, que deve ser vinculado \u00e0 sua conta banc\u00e1ria.<\/div><\/div><div class=\"rank-math-faq-item\"><h3 class=\"rank-math-question\">Como posso entrar em contato com a EstrelaBet?<\/h3><div class=\"rank-math-answer\"><strong>Por meio de bate-papo ao vivo ou e-mail. <\/strong>Al\u00e9m disso, recomendamos que voc\u00ea visite a Central de Ajuda e consulte as perguntas frequentes.<\/div><\/div><div class=\"rank-math-faq-item\"><h3 class=\"rank-math-question\">\u00c9 seguro participar do EstrelaBet do Brasil?<\/h3><div class=\"rank-math-answer\"><strong>Completamente, porque \u00e9 licenciado<\/strong> pelo governo de Cura\u00e7ao.<\/div><\/div><div class=\"rank-math-faq-item\"><h3 class=\"rank-math-question\">O que \u00e9 o Blog da EstrelaBet?<\/h3><div class=\"rank-math-answer\"><strong>H\u00e1 dicas e sugest\u00f5es de apostas,<\/strong> apresenta\u00e7\u00f5es de jogos de cassino e tamb\u00e9m not\u00edcias relacionadas ao servi\u00e7o da casa.<\/div><\/div><\/div>\n","protected":false},"excerpt":{"rendered":"<p>Se voc\u00ea gosta de apostas esportivas ou de cassino, o EstrelaBet \u00e9 uma das melhores op\u00e7\u00f5es para o Brasil. Neste artigo, vamos lhe contar tudo sobre o servi\u00e7o deles &#8211; visite o site! Tudo o que voc\u00ea precisa saber sobre a EstrelaBet Brasil O que estamos vendo hoje \u00e9 o EstrelaBet. Uma casa que cont\u00e9m &#8230; <a title=\"ESTRELABET | B\u00f4nus + Revis\u00e3o COMPLETA\" class=\"read-more\" href=\"https:\/\/supercuotas.gratis\/pt-br\/estrelabet\/\" aria-label=\"Read more about ESTRELABET | B\u00f4nus + Revis\u00e3o COMPLETA\">Read more<\/a><\/p>\n","protected":false},"author":73,"featured_media":0,"parent":0,"menu_order":0,"comment_status":"closed","ping_status":"closed","template":"","meta":{"_uag_custom_page_level_css":"","generate_page_header":"","footnotes":""},"class_list":["post-35628","page","type-page","status-publish"],"uagb_featured_image_src":{"full":false,"thumbnail":false,"medium":false,"medium_large":false,"large":false,"1536x1536":false,"2048x2048":false},"uagb_author_info":{"display_name":"Rodrigo Marquez","author_link":"https:\/\/supercuotas.gratis\/pt-br\/author\/rodrigo-marquez\/"},"uagb_comment_info":0,"uagb_excerpt":"Se voc\u00ea gosta de apostas esportivas ou de cassino, o EstrelaBet \u00e9 uma das melhores op\u00e7\u00f5es para o Brasil. Neste artigo, vamos lhe contar tudo sobre o servi\u00e7o deles &#8211; visite o site! Tudo o que voc\u00ea precisa saber sobre a EstrelaBet Brasil O que estamos vendo hoje \u00e9 o EstrelaBet. Uma casa que cont\u00e9m&hellip;","_links":{"self":[{"href":"https:\/\/supercuotas.gratis\/pt-br\/wp-json\/wp\/v2\/pages\/35628","targetHints":{"allow":["GET"]}}],"collection":[{"href":"https:\/\/supercuotas.gratis\/pt-br\/wp-json\/wp\/v2\/pages"}],"about":[{"href":"https:\/\/supercuotas.gratis\/pt-br\/wp-json\/wp\/v2\/types\/page"}],"author":[{"embeddable":true,"href":"https:\/\/supercuotas.gratis\/pt-br\/wp-json\/wp\/v2\/users\/73"}],"replies":[{"embeddable":true,"href":"https:\/\/supercuotas.gratis\/pt-br\/wp-json\/wp\/v2\/comments?post=35628"}],"version-history":[{"count":3,"href":"https:\/\/supercuotas.gratis\/pt-br\/wp-json\/wp\/v2\/pages\/35628\/revisions"}],"predecessor-version":[{"id":35813,"href":"https:\/\/supercuotas.gratis\/pt-br\/wp-json\/wp\/v2\/pages\/35628\/revisions\/35813"}],"wp:attachment":[{"href":"https:\/\/supercuotas.gratis\/pt-br\/wp-json\/wp\/v2\/media?parent=35628"}],"curies":[{"name":"wp","href":"https:\/\/api.w.org\/{rel}","templated":true}]}}