{"id":34553,"date":"2023-12-29T01:18:49","date_gmt":"2023-12-29T00:18:49","guid":{"rendered":"https:\/\/supercuotas.gratis\/?page_id=34553"},"modified":"2026-03-12T16:14:10","modified_gmt":"2026-03-12T15:14:10","slug":"inkabet-nuevo-bono-sin-deposito-codigos-promocionales","status":"publish","type":"page","link":"https:\/\/supercuotas.gratis\/pe\/inkabet-nuevo-bono-sin-deposito-codigos-promocionales\/","title":{"rendered":"Inkabet Bono SIN Deposito \u00bb Ofertas de Bienvenida 2026"},"content":{"rendered":"\n<p>Si quieres saber m\u00e1s sobre Inkabet, est\u00e1s en el lugar indicado. <strong>Hoy vamos a estar cont\u00e1ndote todo sobre Inkabet bono sin dep\u00f3sito. Un bono que muy pocas casas de juegos de casino y apuestas deportivas dan para sus usuarios. <a href=\"https:\/\/supercuotas.gratis\/pe\/inkabet\/\">Inkabet <\/a><\/strong>es la casa pensada por y para peruanos que brindar\u00e1 no solo la alegr\u00eda de jugar y pasarle de diez si no que tambi\u00e9n <strong>podr\u00e1s recibir muchos bonos y promociones para sacarle mucho m\u00e1s provecho a tu estad\u00eda. <\/strong>Te invitamos a <strong><a href=\"https:\/\/recor.to\/inkabet\" rel=\"nofollow noopener sponsored\">registrarte en el sitio web oficial<\/a><\/strong> de Inkabet y reclamar el bono sin dep\u00f3sito, de esta manera ya comenzar\u00e1s ganado. <\/p>\n\n\n\n<figure class=\"wp-block-image alignwide size-full\"><a href=\"https:\/\/recor.to\/inkabet\" target=\"_blank\" rel=\"noreferrer noopener nofollow sponsored\"><img fetchpriority=\"high\" decoding=\"async\" width=\"700\" height=\"400\" src=\"https:\/\/supercuotas.gratis\/wp-content\/uploads\/2023\/12\/INKABET-bono-sin-deposito.webp\" alt=\"INKABET bono sin deposito\" class=\"wp-image-34752\" srcset=\"https:\/\/supercuotas.gratis\/wp-content\/uploads\/2023\/12\/INKABET-bono-sin-deposito.webp 700w, https:\/\/supercuotas.gratis\/wp-content\/uploads\/2023\/12\/INKABET-bono-sin-deposito-300x171.webp 300w\" sizes=\"(max-width: 700px) 100vw, 700px\" \/><\/a><\/figure>\n\n\n\n<p>Adem\u00e1s de hablar sobre el Inkabet bono sin dep\u00f3sito, tambi\u00e9n te estaremos contando porque debes<strong><a href=\"https:\/\/recor.to\/inkabet\" rel=\"nofollow noopener sponsored\"> registrarte en esta excelente casa de juegos de casino y apuestas deportivas online. <\/a><\/strong>Entonces no perdamos m\u00e1s tiempo y comencemos.<\/p>\n\n\n\n<h2 class=\"wp-block-heading has-text-align-center\"><strong>Datos importantes sobre Inkabet<\/strong><\/h2>\n\n\n\n<p><strong>Vamos a estar cont\u00e1ndote sobre Inkabet bono sin dep\u00f3sito pero tambi\u00e9n sobre algunos otros bonos y promociones disponibles para que comprendas que tan beneficioso es jugar y apostar aqu\u00ed. <\/strong><\/p>\n\n\n\n<p>Lo primero que debes saber sobre esta gran casa es que es una casa completamente legal. Inkabet cuenta con todas las licencias y autorizaciones necesarias para poder operar de manera legal en nuestro pa\u00eds. <strong>Estas licencias fueron emitidas luego de pasa por diferentes auditor\u00edas de manera satisfactoria. Las licencias fueron emitidas y son reguladas por parte de la Autoridad de Juego de Malta bajo el n\u00famero MGA\/CRP\/108\/2004.<\/strong> <\/p>\n\n\n\n<p>Estamos en condiciones de afirmar que Inkabet es una casa completamente legal en donde podr\u00e1s jugar y divertirte a lo grande.<\/p>\n\n\n\n<p>Por otro lado, tambi\u00e9n es importante que sepas que los profesionales de Inkabet han hecho un trabajo incre\u00edble con respecto a la seguridad. Estos, <strong>desarrollaron un sistema mediante la utilizaci\u00f3n de la tecnolog\u00eda SSL en donde en todo momento tus datos personales y financieros se mantendr\u00e1n encriptados al resguardo de cualquier intento de fraude o estafa<\/strong>. No har\u00e1 falta que te preocupes por la seguridad. Solo conc\u00e9ntrate en el Inkabet bono sin dep\u00f3sito y de que manera sacarle m\u00e1s provecho a todos los beneficios que Inkabet tiene para sus usuarios. No pierdas m\u00e1s tiempo y <strong><a href=\"https:\/\/recor.to\/inkabet\" rel=\"nofollow noopener sponsored\">\u00fanete a Inkabet cuanto antes.<\/a><\/strong><\/p>\n\n\n\n<h3 class=\"wp-block-heading\"><strong>Los m\u00e9todos de pago aceptados<\/strong><\/h3>\n\n\n\n<p>Antes de meternos de lleno en el Inkabet bono si dep\u00f3sito,<strong> es importante que conozcas cuales son los m\u00e9todos de pago aceptados ya que si ellos<\/strong>, no podr\u00e1s realizar tus dep\u00f3sito y por ende no podr\u00e1s jugar ni apostar con dinero real. Deber\u00e1s tener en cuenta que no todos los m\u00e9todos tendr\u00e1n las mismas caracter\u00edsticas. <strong>En algunos casos podr\u00edan variar los montos m\u00ednimos y m\u00e1ximos a depositar, los tiempos de las transacciones o bien los montos de las comisiones. <\/strong><\/p>\n\n\n\n<p>Te aconsejamos<strong><a href=\"https:\/\/recor.to\/inkabet\" rel=\"nofollow noopener sponsored\"> leer cada uno de los m\u00e9todos con sus caracter\u00edsticas <\/a><\/strong>y luego optar por el m\u00e9todo que mejor se adapta a tu billetera. Algunos de los m\u00e9todos disponibles son: <strong>Tarjeta Visa, Tarjeta MasterCard, Interbank, BCP, Pago Directo, BBVA, Pago Efectivo y muchos m\u00e9todos m\u00e1s. Podr\u00e1s ver todos los m\u00e9todos disponibles haciendo <a href=\"https:\/\/recor.to\/inkabet\" rel=\"nofollow noopener sponsored\">clic aqu\u00ed. <\/a><\/strong><\/p>\n\n\n\n<p>Podr\u00edamos contarte cuales son los juegos de casino o bien los eventos y apuestas disponibles que hay en Inkabet o mejor a\u00fan, contarte sobre el <strong><a href=\"https:\/\/supercuotas.gratis\/pe\/inkabet-bono-apuestas-deportivas\/\">bono para apuestas deportivas<\/a><\/strong>. Pero no, decidimos ir directo al grano y contarte todo sobre Inkabet bono sin dep\u00f3sito y luego seguir con la informaci\u00f3n <\/p>\n\n\n\n<h2 class=\"wp-block-heading has-text-align-center\"><strong>Todo sobre Inkabet bono sin dep\u00f3sito<\/strong><\/h2>\n\n\n\n<p>El Inkabet bono sin dep\u00f3sito es un bono que muy pocas casas ofrecen. <strong>Un bono que no necesitar\u00e1s hacer nada para poder recibirlo m\u00e1s que registrarte en el sitio web oficial de Inkabet. <\/strong>Gracias a este bono, lograr\u00e1s obtener un dinero extra para poder divertirte a los grande y tener muchas m\u00e1s chances de ganar dinero. Si bien este bono muchas veces est\u00e1 disponible en Inkabet, en estos momento no lo podr\u00e1s encontrar. No te desanimes ya que probablemente est\u00e9 disponible nuevamente en muy poco tiempo. <\/p>\n\n\n\n<p>Pero como te cont\u00e1bamos anteriormente, si bien no necesitas realizar ning\u00fan dep\u00f3sito, si ser\u00e1 necesario cumplir con algunos requisitos que te contaremos en las siguientes l\u00edneas. E<strong>s momento de prestar mucha atenci\u00f3n para poder hacerte del Inkabet bono sin dep\u00f3sito<\/strong><\/p>\n\n\n\n<h3 class=\"wp-block-heading\"><strong>Pasos para obtener el Inkabet bono sin dep\u00f3sito<\/strong><\/h3>\n\n\n\n<p>Como te cont\u00e1bamos recientemente, si bien no hace falta realizar ning\u00fan dep\u00f3sito si tendr\u00e1s que registrarte obligatoriamente para poder recibir el Inkabet bono sin dep\u00f3sito o bien cualquiera de los otros bonos disponibles como por ejemplo<strong><a href=\"https:\/\/supercuotas.gratis\/pe\/inkabet-bono-casino-especial-peru\/\"> el bono para los juegos de casino.<\/a><\/strong> <strong>Registrarte en Inkabet es una tarea muy simple que tiene muchos beneficios. <\/strong>Vamos a explicarte r\u00e1pidamente como es que debes hacerlo.<\/p>\n\n\n\n<p>Luego de ingresar al sitio web oficial de Inkabet, deber\u00e1s visualizar la pesta\u00f1a de color gris que se encuentra en el v\u00e9rtice superior derecho con la leyenda <strong><a href=\"https:\/\/recor.to\/inkabet\" rel=\"nofollow noopener sponsored\">REGISTRARSE<\/a><\/strong>. <strong>Una vez all\u00ed, solo tendr\u00e1s que completar el formulario con los datos solicitados y tambi\u00e9n crear una contrase\u00f1a bien segura que por cuestiones de seguridad, no deber\u00edas compartirla con nadie.<\/strong> Luego de esto, solo restar\u00e1 aceptar los t\u00e9rminos y condiciones de la cuenta y eso ser\u00e1 todo. Ya estar\u00e1s apto para poder recibir el Inkabet bono sin dep\u00f3sito cuando este est\u00e9 disponible.<\/p>\n\n\n\n<figure class=\"wp-block-image alignwide size-full\"><a href=\"https:\/\/recor.to\/inkabet\" target=\"_blank\" rel=\"noreferrer noopener nofollow sponsored\"><img decoding=\"async\" width=\"1024\" height=\"576\" src=\"https:\/\/supercuotas.gratis\/wp-content\/uploads\/2023\/12\/inkabet-oferta-gratis.jpg\" alt=\"inkabet oferta gratis\" class=\"wp-image-34842\" srcset=\"https:\/\/supercuotas.gratis\/wp-content\/uploads\/2023\/12\/inkabet-oferta-gratis.jpg 1024w, https:\/\/supercuotas.gratis\/wp-content\/uploads\/2023\/12\/inkabet-oferta-gratis-300x169.jpg 300w, https:\/\/supercuotas.gratis\/wp-content\/uploads\/2023\/12\/inkabet-oferta-gratis-768x432.jpg 768w\" sizes=\"(max-width: 1024px) 100vw, 1024px\" \/><\/a><\/figure>\n\n\n\n<p>Ahora vamos a contarte sobre los otros bonos y promociones que tambi\u00e9n podr\u00e1s encontrar en Inkabet para poder sacarle todo el jugo posible. Si\u00e9ntate y disfruta de la mejor informaci\u00f3n.  <\/p>\n\n\n\n<h2 class=\"wp-block-heading has-text-align-center\"><strong>Inkabet bono sin dep\u00f3sito y m\u00e1s promociones<\/strong><\/h2>\n\n\n\n<p>Adem\u00e1s del bono son dep\u00f3sito, en Inkabet podr\u00e1s encontrar muchos m\u00e1s bonos y promociones para aprovechar siempre y cuando est\u00e9s registrado en el sitio web oficial. <strong>Tendr\u00e1s para elegir entre los bonos y promociones para los juegos de casino o bien, optar por los bonos y promociones para las apuestas deportivas. <\/strong><\/p>\n\n\n\n<p>Vamos a empezar por contarte sobre los bonos y promociones para las apuestas deportivas y luego te informaremos sobre las apuestas deportivas. <\/p>\n\n\n\n<p><strong>Inkabet te regala una gran apuestas gratis:<\/strong> Si, as\u00ed como lees. As\u00ed de grandiosa es esta promoci\u00f3n. <strong>Con solo hacer un dep\u00f3sito m\u00ednimo de S\/20 podr\u00e1s participar de esta promoci\u00f3n y recibir un 100% extra en tu primer dep\u00f3sito hasta S\/500.<\/strong><\/p>\n\n\n\n<p><strong>Bono revancha:<\/strong> Con este bono podemos decir que tendr\u00e1s suerte todo el a\u00f1o. Si pierdes cinco veces seguidas, Inkabet te regalara un bono de S\/100. <strong><a href=\"https:\/\/recor.to\/inkabet\" rel=\"nofollow noopener sponsored\">Solicita tu bono revancha y sigue apostando.<\/a><\/strong><\/p>\n\n\n\n<p><strong>Podr\u00e1s ver todos los bonos y promociones disponibles haciendo<a href=\"https:\/\/recor.to\/inkabet\" rel=\"nofollow noopener sponsored\"> clic aqu\u00ed. <\/a><\/strong><\/p>\n\n\n\n<h3 class=\"wp-block-heading\"><strong>Bonos y promociones para los juegos de casino<\/strong><\/h3>\n\n\n\n<p>Ahora vamos a contarte todos los beneficios que tendr\u00e1s para los juegos de casino. Comenzaremos por contarte sobre el bono para tu segundo dep\u00f3sito. <strong>Inkabet te premia duplicando tu segundo dep\u00f3sito hasta un monto m\u00e1ximo de S\/200 para que puedas disfrutar en tus juegos favoritos. <\/strong><\/p>\n\n\n\n<p><strong>10% de Cashback:<\/strong> Inkabet te devuelve hasta S\/2000 con rollover x1. Jugando todos los fines de semana podr\u00e1s recuperar el 10% de tus apuestas con cualquier m\u00e1quina tragamonedas y los juegos del <strong><a href=\"https:\/\/recor.to\/inkabet\" rel=\"nofollow noopener sponsored\">Casino en Vivo.<\/a><\/strong><\/p>\n\n\n\n<p><strong>Celebra las fiestas con las m\u00e1quinas tragamonedas:<\/strong> <strong>Podr\u00e1s recuperar el 30% de tus jugadas o hasta un monto m\u00e1ximo de S\/3700.<\/strong> No deber\u00edas perder m\u00e1s tiempo y unirte cuanto antes a Inkabet.<\/p>\n\n\n\n<p>Recuerda <strong><a href=\"https:\/\/recor.to\/inkabet\" rel=\"nofollow noopener sponsored\">verificar todos los t\u00e9rminos y condiciones <\/a><\/strong>de los distintos beneficios para evitar tener cualquier tipo de inconveniente. Reg\u00edstrate y espera por tu Inkabet bono sin dep\u00f3sito.<\/p>\n\n\n\n<p>Esperamos que toda la informaci\u00f3n que te hemos brindado te haya sido de mucha utilidad. Si lo deseas, podr\u00e1s calificarnos m\u00e1s abajo, esto nos ayudar\u00e1 mucho para seguir mejorando y poder brindar un mejor servicio. <\/p>\n\n\n\n<figure class=\"wp-block-image alignwide size-large\"><a href=\"https:\/\/recor.to\/inkabet\" target=\"_blank\" rel=\"noreferrer noopener nofollow sponsored\"><img decoding=\"async\" width=\"1024\" height=\"388\" src=\"https:\/\/supercuotas.gratis\/wp-content\/uploads\/2023\/12\/inkabet-oferta-sin-deposito-1024x388.jpg\" alt=\"inkabet oferta sin deposito\" class=\"wp-image-34854\" srcset=\"https:\/\/supercuotas.gratis\/wp-content\/uploads\/2023\/12\/inkabet-oferta-sin-deposito-1024x388.jpg 1024w, https:\/\/supercuotas.gratis\/wp-content\/uploads\/2023\/12\/inkabet-oferta-sin-deposito-300x114.jpg 300w, https:\/\/supercuotas.gratis\/wp-content\/uploads\/2023\/12\/inkabet-oferta-sin-deposito-768x291.jpg 768w, https:\/\/supercuotas.gratis\/wp-content\/uploads\/2023\/12\/inkabet-oferta-sin-deposito.jpg 1303w\" sizes=\"(max-width: 1024px) 100vw, 1024px\" \/><\/a><\/figure>\n\n\n<p>[ratings]<\/p>\n\n\n\n<h2 class=\"wp-block-heading has-text-align-center\"><strong>Todas las preguntas frecuentes sobre Inkabet<\/strong><\/h2>\n\n\n\n<div class=\"wp-block-rank-math-faq-block\"><div class=\"rank-math-faq-item\"><h3 class=\"rank-math-question\">\u00bf Es legal jugar o apostar en Inkabet?<\/h3><div class=\"rank-math-answer\">Por supuesto que lo es. Esta casa desde sus inicios, siempre se manejo bajo los par\u00e1metros de la ley. Cuenta con todas las licencias y autorizaciones necesarias para que puedas jugar y apostar de manera totalmente legal.<\/div><\/div><div class=\"rank-math-faq-item\"><h3 class=\"rank-math-question\">\u00bf Que tan seguro es Inkabet?<\/h3><div class=\"rank-math-answer\">Inkabet es totalmente seguro. Cuenta con uno de los mejores sistemas de seguridad. En Inkabet, todos tus datos personales y financieros se mantendr\u00e1n encriptados en todo momento. De esta manera estar\u00e1n al resguardo de cualquier intento de fraude o estafa.<\/div><\/div><div class=\"rank-math-faq-item\"><h3 class=\"rank-math-question\">\u00bf Acepta criptomonedas como m\u00e9todo de pago?<\/h3><div class=\"rank-math-answer\">Por el momento no est\u00e1 aceptando criptomonedas como m\u00e9todo de pago, no sabremos que pasar\u00e1 m\u00e1s adelante. No te preocupes ya que igualmente cuenta con muchos otros m\u00e9todos para que puedas realizar tus dep\u00f3sitos. <\/div><\/div><div class=\"rank-math-faq-item\"><h3 class=\"rank-math-question\">\u00bf Cuenta con m\u00e1s bonos y promociones para poder recibir?<\/h3><div class=\"rank-math-answer\">Claro que si. Esta casa cuenta con todo tipo de bonos y promociones tanto para los juegos de casino como as\u00ed tambi\u00e9n para las apuestas deportivas. Solo tendr\u00e1s que encontrar el beneficio m\u00e1s indicado para ti. <\/div><\/div><div class=\"rank-math-faq-item\"><h3 class=\"rank-math-question\">\u00bf Debo estar registrado para poder recibir los diferentes beneficios?<\/h3><div class=\"rank-math-answer\">As\u00ed es. si no te registras no solo no recibir\u00e1s ning\u00fan bono o promoci\u00f3n sino que adem\u00e1s tampoco podr\u00e1s apostar ni jugar con dinero real. Solo podr\u00e1s jugar en la versi\u00f3n DEMO con dinero virtual<\/div><\/div><div class=\"rank-math-faq-item\"><h3 class=\"rank-math-question\">\u00bf Cual es el monto que debo abonar para registrarme?<\/h3><div class=\"rank-math-answer\">No deber\u00e1s abonar nada. Registrarse en Inkabet, es totalmente gratuito.<\/div><\/div><\/div>\n","protected":false},"excerpt":{"rendered":"<p>Si quieres saber m\u00e1s sobre Inkabet, est\u00e1s en el lugar indicado. Hoy vamos a estar cont\u00e1ndote todo sobre Inkabet bono sin dep\u00f3sito. Un bono que muy pocas casas de juegos de casino y apuestas deportivas dan para sus usuarios. Inkabet es la casa pensada por y para peruanos que brindar\u00e1 no solo la alegr\u00eda de &#8230; <a title=\"Inkabet Bono SIN Deposito \u00bb Ofertas de Bienvenida 2026\" class=\"read-more\" href=\"https:\/\/supercuotas.gratis\/pe\/inkabet-nuevo-bono-sin-deposito-codigos-promocionales\/\" aria-label=\"Read more about Inkabet Bono SIN Deposito \u00bb Ofertas de Bienvenida 2026\">Read more<\/a><\/p>\n","protected":false},"author":78,"featured_media":0,"parent":0,"menu_order":0,"comment_status":"closed","ping_status":"closed","template":"","meta":{"_uag_custom_page_level_css":"","generate_page_header":"","footnotes":""},"class_list":["post-34553","page","type-page","status-publish"],"uagb_featured_image_src":{"full":false,"thumbnail":false,"medium":false,"medium_large":false,"large":false,"1536x1536":false,"2048x2048":false},"uagb_author_info":{"display_name":"Gaston","author_link":"https:\/\/supercuotas.gratis\/pe\/author\/gaston\/"},"uagb_comment_info":0,"uagb_excerpt":"Si quieres saber m\u00e1s sobre Inkabet, est\u00e1s en el lugar indicado. Hoy vamos a estar cont\u00e1ndote todo sobre Inkabet bono sin dep\u00f3sito. Un bono que muy pocas casas de juegos de casino y apuestas deportivas dan para sus usuarios. Inkabet es la casa pensada por y para peruanos que brindar\u00e1 no solo la alegr\u00eda de&hellip;","_links":{"self":[{"href":"https:\/\/supercuotas.gratis\/pe\/wp-json\/wp\/v2\/pages\/34553","targetHints":{"allow":["GET"]}}],"collection":[{"href":"https:\/\/supercuotas.gratis\/pe\/wp-json\/wp\/v2\/pages"}],"about":[{"href":"https:\/\/supercuotas.gratis\/pe\/wp-json\/wp\/v2\/types\/page"}],"author":[{"embeddable":true,"href":"https:\/\/supercuotas.gratis\/pe\/wp-json\/wp\/v2\/users\/78"}],"replies":[{"embeddable":true,"href":"https:\/\/supercuotas.gratis\/pe\/wp-json\/wp\/v2\/comments?post=34553"}],"version-history":[{"count":5,"href":"https:\/\/supercuotas.gratis\/pe\/wp-json\/wp\/v2\/pages\/34553\/revisions"}],"predecessor-version":[{"id":44519,"href":"https:\/\/supercuotas.gratis\/pe\/wp-json\/wp\/v2\/pages\/34553\/revisions\/44519"}],"wp:attachment":[{"href":"https:\/\/supercuotas.gratis\/pe\/wp-json\/wp\/v2\/media?parent=34553"}],"curies":[{"name":"wp","href":"https:\/\/api.w.org\/{rel}","templated":true}]}}