{"id":33095,"date":"2023-11-23T16:30:41","date_gmt":"2023-11-23T15:30:41","guid":{"rendered":"https:\/\/supercuotas.gratis\/?page_id=33095"},"modified":"2023-11-29T01:27:56","modified_gmt":"2023-11-29T00:27:56","slug":"betmaster","status":"publish","type":"page","link":"https:\/\/supercuotas.gratis\/pe\/betmaster\/","title":{"rendered":"BETMASTER | Bonos + Rese\u00f1a COMPLETA en Per\u00fa"},"content":{"rendered":"\n<p>Consigue los mejores beneficios para jugar online, registr\u00e1ndote en esta plataforma exclusiva dentro de Per\u00fa! Te contamos todo sobre Betmaster, y todos los beneficios que tiene para nuestro pa\u00eds. Adem\u00e1s, un breve recorrido por su historia como casa de apuestas, y algunas de las mejores cualidades que tiene el sitio. Las ventajas y cualquier otro criterio para averiguar si es el sitio adecuado para tus preferencias. As\u00ed que, de una vez, vamos a por ello. <a href=\"https:\/\/recor.to\/betmasterpe\" target=\"_blank\" rel=\"noreferrer noopener nofollow sponsored\">\u00a1Visita el sitio para conocerlo a la par! <\/a><\/p>\n\n\n\n<figure class=\"wp-block-image size-large\"><a href=\"https:\/\/recor.to\/betmasterpe\" target=\"_blank\" rel=\"noreferrer noopener nofollow sponsored\"><img fetchpriority=\"high\" decoding=\"async\" width=\"1024\" height=\"520\" src=\"https:\/\/supercuotas.gratis\/wp-content\/uploads\/2023\/11\/betmaster-1024x520.jpg\" alt=\"betmaster \" class=\"wp-image-33107\" srcset=\"https:\/\/supercuotas.gratis\/wp-content\/uploads\/2023\/11\/betmaster-1024x520.jpg 1024w, https:\/\/supercuotas.gratis\/wp-content\/uploads\/2023\/11\/betmaster-300x152.jpg 300w, https:\/\/supercuotas.gratis\/wp-content\/uploads\/2023\/11\/betmaster-768x390.jpg 768w, https:\/\/supercuotas.gratis\/wp-content\/uploads\/2023\/11\/betmaster.jpg 1516w\" sizes=\"(max-width: 1024px) 100vw, 1024px\" \/><\/a><\/figure>\n\n\n\n<h2 class=\"wp-block-heading\"><strong>Todo lo que tenemos que saber sobre Betmaster Per\u00fa<\/strong><\/h2>\n\n\n\n<p>Betmaster,<strong> la plataforma de apuestas en l\u00ednea inaugurada en 2014, se ha convertido en la preferida de jugadores en todo el mundo, desde \u00c1frica y Asia hasta Europa y Sudam\u00e9rica. <\/strong>Con el compromiso de ofrecer diversi\u00f3n de alta calidad a jugadores de todos los niveles, Betmaster destaca por su interfaz intuitiva, uno de los criterios que m\u00e1s nos gusta resaltar, dise\u00f1ada para satisfacer tanto a principiantes como a expertos del juego en l\u00ednea<\/p>\n\n\n\n<p>Betmaster se distingue porque intenta captar la mayor cantidad de usuarios, permitiendo por ejemplo que nuevos jugadores abran cuentas con una amplia variedad de divisas. <strong>Aqu\u00ed se incluyen, para darte un ejemplo, d\u00f3lares, euros y criptomonedas como Bitcoin, no solo tu moneda local<\/strong>. Entre las ventajas notables, Betmaster destaca tambi\u00e9n por los retiros instant\u00e1neos de ganancias, ofreciendo a los jugadores una gesti\u00f3n eficiente de sus fondos. <\/p>\n\n\n\n<p>En este sitio, las apuestas nunca fueron tan sencillas con su funci\u00f3n de apuestas en 2 clics. Todo esto, seg\u00fan sus propias palabras. As\u00ed que, antes de poder nombrar uno por uno todos los bonos de Betmaster,<strong> ten en cuenta que este sitio se posiciona como una opci\u00f3n l\u00edder en el mundo de las apuestas deportivas, <\/strong>donde realmente se luce por sobre todas las cosas. <a href=\"https:\/\/recor.to\/betmasterpe\" target=\"_blank\" rel=\"noreferrer noopener nofollow sponsored\">\u00a1Desc\u00fabrelo por ti mismo!<\/a><\/p>\n\n\n\n<h3 class=\"wp-block-heading\"><strong>Casino y Apuestas Deportivas en Betmaster, los mercados disponibles<\/strong><\/h3>\n\n\n\n<p>Ahora bien, tenemos que conocer todas las opciones de juego incluidas en Betmaster. Este sitio no solo se limita a ser una linda plataforma, sino que se desborda con una amplia gama de juegos para todos los gustos. <strong>Desde los cl\u00e1sicos juegos de tragaperras y ruletas, podemos pasar a otras grandes opciones como son el  p\u00f3ker y blackjack<\/strong>. M\u00e1s all\u00e1 de simplemente garantizar entretenimiento de calidad, en este sitio puedes obtener ganancias de verdad y en efectivo, \u00a1y en sumas considerables!<\/p>\n\n\n\n<p>Sin embargo, el punto m\u00e1s fuerte de Betmaster, seg\u00fan susu usuarios, es su destacada sala de apuestas deportivas o sportsbook, donde los usuarios pueden demostrar todos sus conocimientos en el \u00e1mbito deportivo. <strong>Con cobertura para todos los deportes, ligas y mercados sumamente variados, esta plataforma es espectacular para un p\u00fablico tan conocedor de la materia como es el p\u00fablico peruano.<\/strong> Incluso hay apuestas especiales en los deportes virtuales. <a href=\"https:\/\/recor.to\/betmasterpe\" target=\"_blank\" rel=\"noreferrer noopener nofollow sponsored\">\u00a1Reg\u00edstrate ahora para descubrirlo todo!<\/a><\/p>\n\n\n\n<figure class=\"wp-block-image size-full is-resized\"><a href=\"https:\/\/recor.to\/betmasterpe\" target=\"_blank\" rel=\"noreferrer noopener nofollow sponsored\"><img decoding=\"async\" width=\"700\" height=\"158\" src=\"https:\/\/supercuotas.gratis\/wp-content\/uploads\/2023\/11\/betmaster-bonos-ofertas-1.jpg\" alt=\"betmaster per\u00fa\" class=\"wp-image-33125\" style=\"width:1031px;height:auto\" srcset=\"https:\/\/supercuotas.gratis\/wp-content\/uploads\/2023\/11\/betmaster-bonos-ofertas-1.jpg 700w, https:\/\/supercuotas.gratis\/wp-content\/uploads\/2023\/11\/betmaster-bonos-ofertas-1-300x68.jpg 300w\" sizes=\"(max-width: 700px) 100vw, 700px\" \/><\/a><\/figure>\n\n\n\n<h2 class=\"wp-block-heading\"><strong>Bono para Apuestas Deportivas en Betmaster \u00a1Duplica hasta S\/4.000! <\/strong><\/h2>\n\n\n\n<p>No comiences en el sitio sin conocer el espectacular bono de apuestas deportivas de Betmaster! Y es que aqu\u00ed, no solo se trata de ver deportes, sino de vivirlos intensamente y ganar dinero por hacerlo! Cada anotaci\u00f3n, cada victoria, es parte de la pasi\u00f3n por el juego:<strong> no solo se ofrecen grandes ofertas deportivas en el sitio, sino que las brinda por convicci\u00f3n propia, porque son sus valores. <\/strong><\/p>\n\n\n\n<p>Descubre esta oferta incre\u00edble: 100% extra en tu primer dep\u00f3sito en Deportes,<strong> que te brinda la oportunidad de duplicarlo hasta S\/4.000, exclusivamente para utilizar en eventos deportivos! <\/strong>Al seleccionar este bono, no solo est\u00e1s obteniendo un impulso de posibilidades de jugar, sino en consecuencia, un impulso en posibilidades de ganar! Pero eso no es todo. Despu\u00e9s de disfrutar del bono de dep\u00f3sito, <strong>recibir\u00e1s autom\u00e1ticamente S\/40 en Apuestas Gratis, \u00a1todav\u00eda m\u00e1s premios! <\/strong><a href=\"https:\/\/recor.to\/betmasterpe\" target=\"_blank\" rel=\"noreferrer noopener nofollow sponsored\">\u00a1Reg\u00edstrate ahora y obt\u00e9n el bono! <\/a><\/p>\n\n\n\n<h3 class=\"wp-block-heading\"><strong>Los t\u00e9rminos y condiciones principales<\/strong><\/h3>\n\n\n\n<ul class=\"wp-block-list\">\n<li>Una vez que el cliente ha recibido el bono, para retirar las ganancias asociadas, es necesario apostar el bono diez veces.<\/li>\n\n\n\n<li>Las cuotas m\u00ednimas para apostar el bono son de 1.7 o m\u00e1s.<\/li>\n\n\n\n<li>Todas las apuestas deben realizarse y finalizar dentro de los 30 d\u00edas posteriores a recibido el bono.<\/li>\n\n\n\n<li>El bono es exclusivo para la secci\u00f3n Deportes del sitio, y no podr\u00e1 ser utilizado en los juegos del Casino<\/li>\n\n\n\n<li>Queda prohibido apostar en resultados opuestos y en mercados dependientes en un mismo evento.<\/li>\n\n\n\n<li>Solo la primera apuesta realizada en el mismo evento ser\u00e1 considerada para los requisitos de apuesta.<\/li>\n\n\n\n<li>Las ganancias en dinero real se limitar\u00e1n al valor de todas las apuestas hechas con dinero real, multiplicadas por 5<\/li>\n\n\n\n<li>Para recibir la Apuesta Gratis de S\/ 40, el cliente debe apostar la cantidad total del bono de dep\u00f3sito.<\/li>\n\n\n\n<li>La Apuesta Gratis emitida debe ser utilizada en los siete d\u00edas posteriores a recibida. <\/li>\n\n\n\n<li>Todas las ganancias de la Apuesta Gratis deben apostarse una vez en Deportes, con probabilidades m\u00ednimas de 1.7.<\/li>\n\n\n\n<li>Para recibir este bono, el cliente debe realizar un dep\u00f3sito m\u00ednimo de S\/80, con un l\u00edmite de bonificaci\u00f3n de S\/4.000.<\/li>\n\n\n\n<li>El cliente no podr\u00e1 retirar fondos hasta que se hayan cumplido los requisitos de la oferta.<\/li>\n\n\n\n<li>Cada cliente puede recibir \u00fanicamente un Bono de Bienvenida, ya sea en el Casino o en Deportes.<\/li>\n\n\n\n<li>La cantidad m\u00e1xima de apuesta que contribuir\u00e1 a los requisitos de apuesta no puede ser mayor que el monto total del bono.<\/li>\n<\/ul>\n\n\n\n<h2 class=\"wp-block-heading\"><strong>Bono de Bienvenida para Casino en Betmaster \u00a1S\/800 + 100 Giros Gratis!<\/strong><\/h2>\n\n\n\n<p>Por otro lado, si lo que te gusta son los juegos del Casino, entonces el regalo para ti es <a href=\"https:\/\/supercuotas.gratis\/pe\/betmaster-bono-casino-codigos-promocionales-especial-peru\/\" target=\"_blank\" rel=\"noreferrer noopener\">Bono de Bienvenida para Casino de Betmaster<\/a>! Dise\u00f1ado exclusivamente para los nuevos jugadores, te da la introducci\u00f3n a una amplia colecci\u00f3n de juegos de mesa y, principalmente, una gran variedad de tragamonedas. La forma de conseguirlo es muy f\u00e1cil. <strong>Basta con hacer clic en el bot\u00f3n &#8220;\u00a1Reg\u00edstrate y juega!&#8221; para acceder al formulario, que s\u00ed o s\u00ed tienes que completar para unirte al sitio. <\/strong><\/p>\n\n\n\n<p>A continuaci\u00f3n, elige la opci\u00f3n del Bono para Casino,<strong> y prep\u00e1rate para recibir un incre\u00edble 100% de bonificaci\u00f3n, que te duplica hasta S\/800! <\/strong>Pero eso no es todo, disfrutar\u00e1s tambi\u00e9n de <strong>100 Giros Gratis, cada uno con un valor de S\/0,1<\/strong>, en el emocionante juego Big Bass Bonanza de Pragmatic Play! No te pierdas esta oportunidad de multiplicar la emoci\u00f3n del juego, al multiplicar tus posibilidades de jugar. <a href=\"https:\/\/recor.to\/betmasterpe\" target=\"_blank\" rel=\"noreferrer noopener nofollow sponsored\">Comienza hoy mismo tu experiencia de juego!<\/a><\/p>\n\n\n\n<h3 class=\"wp-block-heading\"><strong>Los t\u00e9rminos y condiciones principales<\/strong><\/h3>\n\n\n\n<ul class=\"wp-block-list\">\n<li>Para obtener este bono, el jugador debe realizar un dep\u00f3sito m\u00ednimo de S\/85, con un tope de S\/800 en el Casino.<\/li>\n\n\n\n<li>El dep\u00f3sito debe realizarse en un plazo de 14 d\u00edas despu\u00e9s de registrarse. <\/li>\n\n\n\n<li>Una vez que el jugador recibe el bono, para retirar las ganancias, debe apostar el bono 50 veces.<\/li>\n\n\n\n<li>La apuesta del bono debe completarse en los 7 d\u00edas siguientes a la recepci\u00f3n del bono.<\/li>\n\n\n\n<li>La apuesta m\u00e1xima permitida en todos los juegos de casino es de S\/20. <\/li>\n\n\n\n<li>Cada categor\u00eda de juego contribuye de manera diferente a los requisitos de apuesta, detallados: Tragamonedas 100%, Casino en vivo 10% y Juegos de Mesa 0%<\/li>\n\n\n\n<li>Las ganancias posibles a conseguirse con el bono tienen un l\u00edmite de la suma de las apuestas realizadas en los juegos con dinero real, multiplicadas por 10.<\/li>\n\n\n\n<li>El usuario no puede retirar fondos hasta que se cumplan los requisitos de la oferta.<\/li>\n\n\n\n<li>Los Giros Gratis de este bono son exclusivos para la tragamonedas Big Bass Bonanza del casino. <\/li>\n\n\n\n<li>Los jugadores deben aceptar los Giros Gratis en la secci\u00f3n de Bonos dentro de los 7 d\u00edas siguientes a recibido el bono. <\/li>\n\n\n\n<li>Las ganancias de los Giros Gratis deben apostarse 50 veces en 7 d\u00edas de plazo. <\/li>\n\n\n\n<li>Los dep\u00f3sitos realizados con Skrill, Neteller o Pay4Fun no son v\u00e1lidos para la promoci\u00f3n actual.<\/li>\n\n\n\n<li>Cada jugador puede recibir solo un Bono de Bienvenida, ya sea en Casino o Deportes.<\/li>\n<\/ul>\n\n\n\n<h2 class=\"wp-block-heading\"><strong>Otras ofertas y promociones en Betmaster \u00a1Los bonos contin\u00faan! <\/strong><\/h2>\n\n\n\n<p>En Betmaster, la diversi\u00f3n y las oportunidades para los usuarios de Per\u00fa, no se limitan solo a los bonos de bienvenida. Este sitio de apuestas ofrece a los jugadores una variedad de promociones y ofertas para todos quienes se encuentren registrado. Desde apuestas deportivas hasta emocionantes juegos de casino, Betmaster tiene algo para cada tipo de jugador.<\/p>\n\n\n\n<p>Los usuarios pueden explorar promociones temporales y recurrentes, que incluyen ofertas exclusivas para eventos deportivos destacados. Por ejemplo, apuestas gratis semanales, cashbacks y bonos de lealtad. Adem\u00e1s, Betmaster organiza torneos y competiciones regulares en el casino en vivo y las tragamonedas, donde los jugadores pueden competir por premios enormes. Por supuesto, debes visitar<a href=\"https:\/\/recor.to\/betmasterpe\" target=\"_blank\" rel=\"noreferrer noopener nofollow sponsored\"> la pesta\u00f1a de Promociones<\/a> frecuentemente, pues las mismas se renuevan todo el tiempo. <\/p>\n\n\n\n<figure class=\"wp-block-image size-full\"><a href=\"https:\/\/recor.to\/betmasterpe\" target=\"_blank\" rel=\"noreferrer noopener nofollow sponsored\"><img decoding=\"async\" width=\"1024\" height=\"576\" src=\"https:\/\/supercuotas.gratis\/wp-content\/uploads\/2023\/11\/betmaster-bonos-ofertas.jpg\" alt=\"betmaster bonos ofertas\" class=\"wp-image-33116\" srcset=\"https:\/\/supercuotas.gratis\/wp-content\/uploads\/2023\/11\/betmaster-bonos-ofertas.jpg 1024w, https:\/\/supercuotas.gratis\/wp-content\/uploads\/2023\/11\/betmaster-bonos-ofertas-300x169.jpg 300w, https:\/\/supercuotas.gratis\/wp-content\/uploads\/2023\/11\/betmaster-bonos-ofertas-768x432.jpg 768w\" sizes=\"(max-width: 1024px) 100vw, 1024px\" \/><\/a><\/figure>\n\n\n<p>[ratings]<\/p>\n\n\n\n<h2 class=\"wp-block-heading\"><strong>Preguntas frecuentes sobre Betmaster Per\u00fa<\/strong><\/h2>\n\n\n\n<div class=\"wp-block-rank-math-faq-block\"><div class=\"rank-math-faq-item\"><h3 class=\"rank-math-question\">\u00bfQui\u00e9n es Betmaster?<\/h3><div class=\"rank-math-answer\">Betmaster es un sitio donde puedes hacer apuestas en deportes o casino.<\/div><\/div><div class=\"rank-math-faq-item\"><h3 class=\"rank-math-question\">\u00bfPor qu\u00e9 es tan prestigioso Betmaster?<\/h3><div class=\"rank-math-answer\">Principalmente, por la secci\u00f3n deportiva que es muy destacada.<\/div><\/div><div class=\"rank-math-faq-item\"><h3 class=\"rank-math-question\">\u00bfC\u00f3mo puedo unirme a Betmaster?<\/h3><div class=\"rank-math-answer\">Mediante el bot\u00f3n de registro, que encontrar\u00e1s en la esquina superior derecha del sitio. <\/div><\/div><div class=\"rank-math-faq-item\"><h3 class=\"rank-math-question\">\u00bfQu\u00e9 hago si tengo alg\u00fan problema en Betmaster?<\/h3><div class=\"rank-math-answer\">Solo tienes que dirigirte al personal, mediante el chat en vivo o sistema de contacto. <\/div><\/div><div class=\"rank-math-faq-item\"><h3 class=\"rank-math-question\">\u00bfC\u00f3mo puedo depositar en Betmaster?<\/h3><div class=\"rank-math-answer\">Puedes hacerlo con tarjetas de cr\u00e9dito, con monederos electr\u00f3nicos, criptomonedas y hasta en efectivo y dem\u00e1s. <\/div><\/div><div class=\"rank-math-faq-item\"><h3 class=\"rank-math-question\">\u00bfTengo que ser mayor de edad en Betmaster?<\/h3><div class=\"rank-math-answer\">S\u00ed, es obligatorio. <\/div><\/div><div class=\"rank-math-faq-item\"><h3 class=\"rank-math-question\">\u00bfPuedo ganar dinero real en Betmaster?<\/h3><div class=\"rank-math-answer\">Claro, de eso se trata!<\/div><\/div><\/div>\n","protected":false},"excerpt":{"rendered":"<p>Consigue los mejores beneficios para jugar online, registr\u00e1ndote en esta plataforma exclusiva dentro de Per\u00fa! Te contamos todo sobre Betmaster, y todos los beneficios que tiene para nuestro pa\u00eds. Adem\u00e1s, un breve recorrido por su historia como casa de apuestas, y algunas de las mejores cualidades que tiene el sitio. Las ventajas y cualquier otro &#8230; <a title=\"BETMASTER | Bonos + Rese\u00f1a COMPLETA en Per\u00fa\" class=\"read-more\" href=\"https:\/\/supercuotas.gratis\/pe\/betmaster\/\" aria-label=\"Read more about BETMASTER | Bonos + Rese\u00f1a COMPLETA en Per\u00fa\">Read more<\/a><\/p>\n","protected":false},"author":75,"featured_media":0,"parent":0,"menu_order":0,"comment_status":"closed","ping_status":"closed","template":"","meta":{"_uag_custom_page_level_css":"","generate_page_header":"","footnotes":""},"class_list":["post-33095","page","type-page","status-publish"],"uagb_featured_image_src":{"full":false,"thumbnail":false,"medium":false,"medium_large":false,"large":false,"1536x1536":false,"2048x2048":false},"uagb_author_info":{"display_name":"Rocio","author_link":"https:\/\/supercuotas.gratis\/pe\/author\/rocio\/"},"uagb_comment_info":0,"uagb_excerpt":"Consigue los mejores beneficios para jugar online, registr\u00e1ndote en esta plataforma exclusiva dentro de Per\u00fa! Te contamos todo sobre Betmaster, y todos los beneficios que tiene para nuestro pa\u00eds. Adem\u00e1s, un breve recorrido por su historia como casa de apuestas, y algunas de las mejores cualidades que tiene el sitio. Las ventajas y cualquier otro&hellip;","_links":{"self":[{"href":"https:\/\/supercuotas.gratis\/pe\/wp-json\/wp\/v2\/pages\/33095","targetHints":{"allow":["GET"]}}],"collection":[{"href":"https:\/\/supercuotas.gratis\/pe\/wp-json\/wp\/v2\/pages"}],"about":[{"href":"https:\/\/supercuotas.gratis\/pe\/wp-json\/wp\/v2\/types\/page"}],"author":[{"embeddable":true,"href":"https:\/\/supercuotas.gratis\/pe\/wp-json\/wp\/v2\/users\/75"}],"replies":[{"embeddable":true,"href":"https:\/\/supercuotas.gratis\/pe\/wp-json\/wp\/v2\/comments?post=33095"}],"version-history":[{"count":22,"href":"https:\/\/supercuotas.gratis\/pe\/wp-json\/wp\/v2\/pages\/33095\/revisions"}],"predecessor-version":[{"id":33172,"href":"https:\/\/supercuotas.gratis\/pe\/wp-json\/wp\/v2\/pages\/33095\/revisions\/33172"}],"wp:attachment":[{"href":"https:\/\/supercuotas.gratis\/pe\/wp-json\/wp\/v2\/media?parent=33095"}],"curies":[{"name":"wp","href":"https:\/\/api.w.org\/{rel}","templated":true}]}}