{"id":32916,"date":"2023-11-22T20:03:23","date_gmt":"2023-11-22T19:03:23","guid":{"rendered":"https:\/\/supercuotas.gratis\/?page_id=32916"},"modified":"2026-03-12T15:59:48","modified_gmt":"2026-03-12T14:59:48","slug":"betano-bono-casino-codigos-promocional-peru","status":"publish","type":"page","link":"https:\/\/supercuotas.gratis\/pe\/betano-bono-casino-codigos-promocional-peru\/","title":{"rendered":"Betano Bono Casino \u00bb \u00a1800 FS de Bienvenida!"},"content":{"rendered":"\n<p>\u00a1No te puedes perder esta maravillosa oportunidad! Betano te ofrece un bono de bienvenida para que tengas m\u00e1s opciones a la hora de apostar en el casino y los deportes. <a href=\"https:\/\/recor.to\/betanopecasino\" target=\"_blank\" rel=\"noreferrer noopener nofollow sponsored\">Ingresa en el sitio<\/a> y conoce esta casa de apuestas que viene con grandes promociones y juegos de todo tipo<\/p>\n\n\n\n<figure class=\"wp-block-image size-full\"><a href=\"https:\/\/recor.to\/betanopecasino\" target=\"_blank\" rel=\"noreferrer noopener nofollow sponsored\"><img fetchpriority=\"high\" decoding=\"async\" width=\"1222\" height=\"345\" src=\"https:\/\/supercuotas.gratis\/wp-content\/uploads\/2026\/03\/BETANO-bono-casino.png\" alt=\"BETANO bono casino\" class=\"wp-image-44506\" srcset=\"https:\/\/supercuotas.gratis\/wp-content\/uploads\/2026\/03\/BETANO-bono-casino.png 1222w, https:\/\/supercuotas.gratis\/wp-content\/uploads\/2026\/03\/BETANO-bono-casino-300x85.png 300w, https:\/\/supercuotas.gratis\/wp-content\/uploads\/2026\/03\/BETANO-bono-casino-1024x289.png 1024w, https:\/\/supercuotas.gratis\/wp-content\/uploads\/2026\/03\/BETANO-bono-casino-768x217.png 768w\" sizes=\"(max-width: 1222px) 100vw, 1222px\" \/><\/a><\/figure>\n\n\n\n<h2 class=\"wp-block-heading\"><strong>Conoce todo sobre el mundo Betano y sus beneficios<\/strong><\/h2>\n\n\n\n<p>Si te gusta jugar, probar suerte, y pasar el rato apostando, en Betano encontrar\u00e1s tu lugar. De todas maneras, <strong>siempre es bueno conocer un sitio al que vas a entrar<\/strong> para tener m\u00e1s facilidades y moverte como pez en el agua. Es por eso que te vamos a contar <a href=\"https:\/\/supercuotas.gratis\/pe\/betano\/\" target=\"_blank\" rel=\"noreferrer noopener\">cuestiones generales sobre esta p\u00e1gina<\/a> y te daremos las herramientas necesarias para que des tus primeros pasos.<\/p>\n\n\n\n<p>Betano tiene sus inicios en 2013 y pertenece a la empresa internacional Kaizen Gaming. La p\u00e1gina tiene una excelente navegabilidad, <strong>con un dise\u00f1o web de f\u00e1cil comprensi\u00f3n para que te puedas adentrar con rapidez de una manera muy sencilla<\/strong>. Este sitio de apuestas tiene mesas de casino en vivo, ruletas y cuotas espectaculares que conocer\u00e1s m\u00e1s adelante. <\/p>\n\n\n\n<p>Por otra parte, en Betano podr\u00e1s obtener un bono especial para usar en el casino online y en apuestas deportivas. <strong>Esta casa de apuestas es confiable y segura<\/strong>, ya que tiene presencia en varios pa\u00edses que dan cuenta de ello. Adem\u00e1s de los juegos de casino que siempre son divertidos, podr\u00e1s ver que hay m\u00e1s de 30 deportes en los cuales depositar tu confianza y conocimiento. <\/p>\n\n\n\n<p>Lo \u00fanico que debes hacer es <strong><a href=\"https:\/\/recor.to\/betanopecasino\" target=\"_blank\" rel=\"noreferrer noopener nofollow sponsored\">crearte una cuenta propia y hacer tu primer dep\u00f3sito<\/a><\/strong> para recibir el bono de bienvenida en el casino Betano de Per\u00fa. Esto tambi\u00e9n es muy f\u00e1cil de realizar y m\u00e1s abajo te contaremos c\u00f3mo hacerlo, pero primero queremos que tengas toda la informaci\u00f3n necesaria para ser un experto.<\/p>\n\n\n\n<h2 class=\"wp-block-heading\"><strong>\u00bfQu\u00e9 entretenimientos tiene para brindarme Betano?<\/strong><\/h2>\n\n\n\n<p>Empecemos, en principio, con los juegos de casino. En Betano podr\u00e1s disfrutar del casino online con un bono de bienvenida y tragamonedas gratis en caso de que quieras probar un demo antes de apostar dinero real. <strong>En la secci\u00f3n &#8220;Casino&#8221; podr\u00e1s encontrar una incre\u00edble variedad de opciones para comenzar a divertirte haciendo lo que m\u00e1s te gusta<\/strong>. <\/p>\n\n\n\n<p>Puedes elegir Jackpots, ruletas, blackjack y otros juegos cl\u00e1sicos con distintas tem\u00e1ticas para que no te aburras nunca. <strong>Si est\u00e1s acostumbrado a ir al casino, esta experiencia online te llevar\u00e1 a las mismas emociones desde la comodidad de tu hogar<\/strong>. <a href=\"https:\/\/recor.to\/betanopecasino\" rel=\"nofollow noopener sponsored\">El sitio est\u00e1 hecho para que puedas <\/a><a href=\"https:\/\/recor.to\/betanopecasino\" target=\"_blank\" rel=\"noreferrer noopener nofollow sponsored\">j<\/a><a href=\"https:\/\/recor.to\/betanopecasino\" rel=\"nofollow noopener sponsored\">ugar desde tu pc<\/a>, tu tel\u00e9fono m\u00f3vil o incluso una tablet, por lo que podr\u00e1s hallar momentos para pasar el tiempo en cualquier lugar que te encuentres.<\/p>\n\n\n\n<p>Pero eso no es todo. <strong>Quiz\u00e1s no est\u00e9s muy familiarizado con esos juegos y tu caso sea el de un fan\u00e1tico de los deportes<\/strong>. Pues tenemos una buena noticia para ti: adem\u00e1s del casino, <a href=\"https:\/\/supercuotas.gratis\/pe\/betano-bono-apuestas-deportivas-codigos-promocional-peru\/\" target=\"_blank\" rel=\"noreferrer noopener\">Betano es l\u00edder en apuestas deportivas<\/a> y tambi\u00e9n tiene un bono de bienvenida esper\u00e1ndote. As\u00ed es, si tu pasi\u00f3n es el f\u00fatbol, el tenis, o cualquier otra disciplina, en este sitio podr\u00e1s hacer todo tipo de apuestas simples, combinadas y en vivo.<\/p>\n\n\n\n<p>La p\u00e1gina te brindar\u00e1 la posibilidad de ver todo lo que est\u00e1 ocurriendo en el mundo en materia de deportes. <strong>Podr\u00e1s saber lo que est\u00e1 sucediendo en vivo para apostar en el momento<\/strong>. Los partidos de f\u00fatbol m\u00e1s interesantes de la semana, los torneos de tenis m\u00e1s importantes del mundo y otros miles de acontecimientos que ocurren d\u00eda a d\u00eda.<\/p>\n\n\n\n<h2 class=\"wp-block-heading\"><strong>Bono por primer dep\u00f3sito en Betano para casino y apuestas deportivas <\/strong><\/h2>\n\n\n\n<p>Quiz\u00e1s te preguntes <strong>de qu\u00e9 se trata el bono por primer dep\u00f3sito y c\u00f3mo puedes usarlo<\/strong>. No te preocupes, no es nada dif\u00edcil, solo deber\u00e1s <a href=\"https:\/\/recor.to\/betanopecasino\" target=\"_blank\" rel=\"noreferrer noopener nofollow sponsored\">hacerte una cuenta para poder depositar tu dinero<\/a>. Una vez que esto ocurra, Betano te regalar\u00e1 un bono para usarlo en el casino o las apuestas deportivas a modo de bienvenida.<\/p>\n\n\n\n<p>Debes saber que <strong>hay dos bonos por primer dep\u00f3sito: uno para casino y otro para apuestas deportivas<\/strong>. Es importante tener en cuenta que solo podr\u00e1s utilizarlo para una de las dos opciones. Si quieres utilizarlo en el casino, deber\u00e1s hacer tu primer dep\u00f3sito y recibir\u00e1s un bono de 80 giros gratis para las mejores tragamonedas. <\/p>\n\n\n\n<p>Ahora bien, si quieres utilizarlo en alguna apuesta deportiva, tambi\u00e9n tendr\u00e1s que realizar un dep\u00f3sito m\u00ednimo y se te otorgar\u00e1 un bono de S\/80 en apuesta deportiva totalmente gratuita. Es v\u00e1lido aclarar que la suma del dep\u00f3sito\u00a0deber\u00e1 apostarse en en Apuestas Deportivas. <\/p>\n\n\n\n<p>Es preciso que adem\u00e1s <strong>conozcas cu\u00e1les son los t\u00e9rminos y condiciones que impone Betano<\/strong>, para que sepas con lo que te vas a encontrar antes de hacer tus primeras apuestas en el sitio. <\/p>\n\n\n\n<h4 class=\"wp-block-heading\">T\u00e9rminos y condiciones generales sobre los bonos<\/h4>\n\n\n\n<ul class=\"wp-block-list\">\n<li>Las promos est\u00e1n limitadas a <strong>una sola por persona, familia, titular del domicilio, direcci\u00f3n de correo electr\u00f3nico, n\u00famero de tel\u00e9fono y mismo n\u00famero de cuenta de pago<\/strong><\/li>\n\n\n\n<li>Las ofertas s\u00f3lo aplican a aquellos clientes que hayan hecho un dep\u00f3sito con dinero real <\/li>\n\n\n\n<li>Para poder participar por dinero real en cualquiera de los juegos, <strong>deber\u00e1s registrarte<\/strong>, abrir una cuenta y depositar dinero en tu cuenta a trav\u00e9s de cualquiera de los m\u00e9todos de dep\u00f3sito autorizados<\/li>\n\n\n\n<li><strong>Debes ser mayor de edad para tener una cuenta<\/strong>. Si se descubre que es administrada por un menor, la cuenta se cerrar\u00e1 autom\u00e1ticamente, todas las apuestas ser\u00e1n anuladas y todos los dep\u00f3sitos se reembolsar\u00e1n<\/li>\n\n\n\n<li>Desde el momento en que se activa el bono, <strong>tendr\u00e1s un plazo de siete d\u00edas<\/strong> para completar el requisito de apuesta. En caso que pase el tiempo pautado, cualquier monto del bono se eliminar\u00e1 autom\u00e1ticamente<\/li>\n\n\n\n<li>Al recibir el bono de bienvenida, <strong>el jugador acepta cumplir con la pol\u00edtica establecida<\/strong> y utilizar los fondos del bono de acuerdo con los t\u00e9rminos y condiciones de la empresa<\/li>\n\n\n\n<li>Si presentas una solicitud de retiro antes de completar el requisito de apuesta exigido, dar\u00e1s lugar a la cancelaci\u00f3n autom\u00e1tica e irrevocable del bono<\/li>\n\n\n\n<li>Si tienes dudas o quieres saber m\u00e1s detalles, <a href=\"https:\/\/recor.to\/betanopecasino\" target=\"_blank\" rel=\"noreferrer noopener nofollow sponsored\">puedes ingresar a la p\u00e1gina<\/a> y leer todos los t\u00e9rminos y condiciones de la misma<\/li>\n<\/ul>\n\n\n\n<figure class=\"wp-block-image size-full\"><a href=\"https:\/\/recor.to\/betanopecasino\" target=\"_blank\" rel=\"noreferrer noopener nofollow sponsored\"><img decoding=\"async\" width=\"1910\" height=\"787\" src=\"https:\/\/supercuotas.gratis\/wp-content\/uploads\/2026\/03\/Betano-bono-de-bienvenida.png\" alt=\"Betano bono de bienvenida\" class=\"wp-image-44507\" srcset=\"https:\/\/supercuotas.gratis\/wp-content\/uploads\/2026\/03\/Betano-bono-de-bienvenida.png 1910w, https:\/\/supercuotas.gratis\/wp-content\/uploads\/2026\/03\/Betano-bono-de-bienvenida-300x124.png 300w, https:\/\/supercuotas.gratis\/wp-content\/uploads\/2026\/03\/Betano-bono-de-bienvenida-1024x422.png 1024w, https:\/\/supercuotas.gratis\/wp-content\/uploads\/2026\/03\/Betano-bono-de-bienvenida-768x316.png 768w, https:\/\/supercuotas.gratis\/wp-content\/uploads\/2026\/03\/Betano-bono-de-bienvenida-1536x633.png 1536w\" sizes=\"(max-width: 1910px) 100vw, 1910px\" \/><\/a><\/figure>\n\n\n\n<h2 class=\"wp-block-heading\">Lleg\u00f3 el momento de adquirir tu bono de bienvenida<\/h2>\n\n\n\n<p>Ahora que ya sabes de qu\u00e9 se trata el casino online Betano y el bono de bienvenida, <a href=\"https:\/\/recor.to\/betanopecasino\" target=\"_blank\" rel=\"noreferrer noopener nofollow sponsored\">es hora de que hagas tu cuenta<\/a> para poder adquirirlo. Para empezar, deber\u00e1s dirigirte al enlace de &#8220;Reg\u00edstrate&#8221; que se encuentra en el lado superior derecho de tu pantalla. Una vez hecho esto, <strong>tendr\u00e1s que elegir si quieres registrarte a trav\u00e9s de tu cuenta de Facebook, de Google, o con tu correo electr\u00f3nico<\/strong>.<\/p>\n\n\n\n<p>En caso de decidirte por la opci\u00f3n del correo electr\u00f3nico, <strong>solo habr\u00e1s de seguir tres sencillos pasos<\/strong>:<\/p>\n\n\n\n<ul class=\"wp-block-list\">\n<li>1- Completa las casillas con tu correo electr\u00f3nico, tu nombre y apellido, fecha de nacimiento y g\u00e9nero<\/li>\n\n\n\n<li>2- Agrega tu direcci\u00f3n, tu ciudad, departamento, provincia, distrito y tu n\u00famero de tel\u00e9fono<\/li>\n\n\n\n<li>3- Por \u00faltimo, crea tu nombre de usuario y una contrase\u00f1a con al menos una letra, un n\u00famero y 8 caracteres <\/li>\n<\/ul>\n\n\n\n<p>Listo, ya no queda mucho m\u00e1s por hacer. <strong><a href=\"https:\/\/recor.to\/betanopecasino\" target=\"_blank\" rel=\"noreferrer noopener nofollow sponsored\">Solo resta iniciar sesi\u00f3n, hacer tu primer dep\u00f3sito<\/a><\/strong> y ya est\u00e1, en breve recibir\u00e1s tu bono de bienvenida para que dupliques tu apuesta. <strong>No te quedes esperando, comienza a jugar y divi\u00e9rtete de la mejor manera apostando con responsabilidad<\/strong>.<\/p>\n\n\n\n<figure class=\"wp-block-image size-full\"><a href=\"https:\/\/recor.to\/betanopecasino\" target=\"_blank\" rel=\"noreferrer noopener nofollow sponsored\"><img decoding=\"async\" width=\"915\" height=\"467\" src=\"https:\/\/supercuotas.gratis\/wp-content\/uploads\/2026\/03\/Betano-oferta-casino.png\" alt=\"Betano oferta casino\" class=\"wp-image-44508\" srcset=\"https:\/\/supercuotas.gratis\/wp-content\/uploads\/2026\/03\/Betano-oferta-casino.png 915w, https:\/\/supercuotas.gratis\/wp-content\/uploads\/2026\/03\/Betano-oferta-casino-300x153.png 300w, https:\/\/supercuotas.gratis\/wp-content\/uploads\/2026\/03\/Betano-oferta-casino-768x392.png 768w\" sizes=\"(max-width: 915px) 100vw, 915px\" \/><\/a><\/figure>\n\n\n<p>[ratings]<\/p>\n\n\n\n\n\n<h2 class=\"wp-block-heading\"><strong>Preguntas frecuentes sobre Betano y su Bono de Casino<\/strong><\/h2>\n\n\n\n<h3 class=\"wp-block-heading\">\u00bfC\u00f3mo puedo apostar en Betano?<\/h3>\n\n\n\n<p><a href=\"https:\/\/recor.to\/betanopecasino\" target=\"_blank\" rel=\"noreferrer noopener nofollow sponsored\">Lo primero que debes hacer es crearte una cuenta<\/a>&nbsp;para ser usuario de la p\u00e1gina. Luego deber\u00e1s iniciar sesi\u00f3n, acreditar dinero en tu cuenta y elegir tu apuesta favorita en deportes o casino<\/p>\n\n\n\n<h3 class=\"wp-block-heading\">\u00bfDe qu\u00e9 manera funcionan los bonos de bienvenida?<\/h3>\n\n\n\n<p>Al hacer tu primer dep\u00f3sito, la p\u00e1gina te otorgar\u00e1 un bono que te da giros gratis en el casino  te otorgar\u00e1 una free bet en apuestas deportivas<\/p>\n\n\n\n<h3 class=\"wp-block-heading\">\u00bfCu\u00e1nto es el m\u00ednimo que debo ingresar para obtener el bono?<\/h3>\n\n\n\n<p>Tanto en apuestas deportivas como en el casino, el dep\u00f3sito m\u00ednimo que deber\u00e1s hacer es el m\u00ednimo requerido por el m\u00e9todo de pago que hayas elegido, que var\u00eda de uno a otro.<\/p>\n\n\n\n<h3 class=\"wp-block-heading\">\u00bfHay un m\u00e1ximo establecido para el bono de bienvenida?<\/h3>\n\n\n\n<p>S\u00ed. Para apuestas del casino recibir\u00e1s un bono de 80 giros gratis en total, no m\u00e1s. En el caso de apostar por alg\u00fan deporte, se te dar\u00e1 un m\u00e1ximo de S\/80 en apuesta deportiva gratis. <\/p>\n\n\n\n<h3 class=\"wp-block-heading\">\u00bfQu\u00e9 son los giros gratis?<\/h3>\n\n\n\n<p>Los giros gratis son ofertas de la ruleta que podr\u00e1n ser usados en el lapso de 7 d\u00edas desde el momento en el que fueron agregados a tu cuenta salvo que se indique lo contrario en la oferta<\/p>\n\n\n\n<h3 class=\"wp-block-heading\">\u00bfC\u00f3mo hago para registrarme?<\/h3>\n\n\n\n<p>Para abrir una cuenta, tienes que hacer click en la parte superior de la p\u00e1gina principal. Ah\u00ed podr\u00e1s registrarte con tu cuenta de Facebook, Google o correo electr\u00f3nico. Cuando completes la informaci\u00f3n requerida, haz clic en el bot\u00f3n \u201cCompletar Registro\u201d<\/p>\n\n\n\n<h3 class=\"wp-block-heading\">\u00bfC\u00f3mo activo mi cuenta una vez registrado?<\/h3>\n\n\n\n<p>Despu\u00e9s de registrarte se te enviar\u00e1 un correo con un c\u00f3digo de 5 d\u00edgitos y un SMS con un c\u00f3digo de 4 d\u00edgitos para que confirmes tu registro y se active tu cuenta<\/p>\n\n\n\n\n\n\n\n\n","protected":false},"excerpt":{"rendered":"<p>\u00a1No te puedes perder esta maravillosa oportunidad! Betano te ofrece un bono de bienvenida para que tengas m\u00e1s opciones a la hora de apostar en el casino y los deportes. Ingresa en el sitio y conoce esta casa de apuestas que viene con grandes promociones y juegos de todo tipo Conoce todo sobre el mundo &#8230; <a title=\"Betano Bono Casino \u00bb \u00a1800 FS de Bienvenida!\" class=\"read-more\" href=\"https:\/\/supercuotas.gratis\/pe\/betano-bono-casino-codigos-promocional-peru\/\" aria-label=\"Read more about Betano Bono Casino \u00bb \u00a1800 FS de Bienvenida!\">Read more<\/a><\/p>\n","protected":false},"author":85,"featured_media":0,"parent":0,"menu_order":0,"comment_status":"closed","ping_status":"closed","template":"","meta":{"_uag_custom_page_level_css":"","generate_page_header":"","footnotes":""},"class_list":["post-32916","page","type-page","status-publish"],"uagb_featured_image_src":{"full":false,"thumbnail":false,"medium":false,"medium_large":false,"large":false,"1536x1536":false,"2048x2048":false},"uagb_author_info":{"display_name":"Tomas","author_link":"https:\/\/supercuotas.gratis\/pe\/author\/tomas\/"},"uagb_comment_info":0,"uagb_excerpt":"\u00a1No te puedes perder esta maravillosa oportunidad! Betano te ofrece un bono de bienvenida para que tengas m\u00e1s opciones a la hora de apostar en el casino y los deportes. Ingresa en el sitio y conoce esta casa de apuestas que viene con grandes promociones y juegos de todo tipo Conoce todo sobre el mundo&hellip;","_links":{"self":[{"href":"https:\/\/supercuotas.gratis\/pe\/wp-json\/wp\/v2\/pages\/32916","targetHints":{"allow":["GET"]}}],"collection":[{"href":"https:\/\/supercuotas.gratis\/pe\/wp-json\/wp\/v2\/pages"}],"about":[{"href":"https:\/\/supercuotas.gratis\/pe\/wp-json\/wp\/v2\/types\/page"}],"author":[{"embeddable":true,"href":"https:\/\/supercuotas.gratis\/pe\/wp-json\/wp\/v2\/users\/85"}],"replies":[{"embeddable":true,"href":"https:\/\/supercuotas.gratis\/pe\/wp-json\/wp\/v2\/comments?post=32916"}],"version-history":[{"count":3,"href":"https:\/\/supercuotas.gratis\/pe\/wp-json\/wp\/v2\/pages\/32916\/revisions"}],"predecessor-version":[{"id":44509,"href":"https:\/\/supercuotas.gratis\/pe\/wp-json\/wp\/v2\/pages\/32916\/revisions\/44509"}],"wp:attachment":[{"href":"https:\/\/supercuotas.gratis\/pe\/wp-json\/wp\/v2\/media?parent=32916"}],"curies":[{"name":"wp","href":"https:\/\/api.w.org\/{rel}","templated":true}]}}