{"id":27726,"date":"2023-04-28T19:18:11","date_gmt":"2023-04-28T17:18:11","guid":{"rendered":"https:\/\/supercuotas.gratis\/?page_id=27726"},"modified":"2023-04-28T19:18:14","modified_gmt":"2023-04-28T17:18:14","slug":"doradobet-como-ingresar-dinero-desde-peru","status":"publish","type":"page","link":"https:\/\/supercuotas.gratis\/pe\/doradobet-como-ingresar-dinero-desde-peru\/","title":{"rendered":"Doradobet como Ingresar Dinero | Mejores M\u00e9todos de Pago"},"content":{"rendered":"\n<p>Quienes aman las apuestas, como nosotros, saben el proceso m\u00e1s importante que existe en estos sitios para poder realizar las mejores jugadas. El primero es crear un usuario, luego es realizar un dep\u00f3sito de esta manera podr\u00e1s jugar. <strong>Es por eso que en esta oportunidad, te explicaremos como ingresar dinero dentro de <a href=\"https:\/\/recor.to\/doradobet\" target=\"_blank\" rel=\"noreferrer noopener nofollow sponsored\">Doradobet<\/a><\/strong>. \u00bfQuieres conocer que m\u00e9todos de pagos existen? Entonces, tambi\u00e9n te hablaremos de a cada uno de ellos. \u00a1Acomp\u00e1\u00f1anos a conocer estos pasos!<\/p>\n\n\n\n<figure class=\"wp-block-image size-large\"><a href=\"https:\/\/recor.to\/doradobet\" target=\"_blank\" rel=\"noreferrer noopener nofollow sponsored\"><img fetchpriority=\"high\" decoding=\"async\" width=\"1024\" height=\"483\" src=\"https:\/\/supercuotas.gratis\/wp-content\/uploads\/2023\/04\/doradobet-como-ingresar-dinero-1024x483.png\" alt=\"doradobet como ingresar dinero\" class=\"wp-image-27797\" srcset=\"https:\/\/supercuotas.gratis\/wp-content\/uploads\/2023\/04\/doradobet-como-ingresar-dinero-1024x483.png 1024w, https:\/\/supercuotas.gratis\/wp-content\/uploads\/2023\/04\/doradobet-como-ingresar-dinero-300x142.png 300w, https:\/\/supercuotas.gratis\/wp-content\/uploads\/2023\/04\/doradobet-como-ingresar-dinero-768x363.png 768w, https:\/\/supercuotas.gratis\/wp-content\/uploads\/2023\/04\/doradobet-como-ingresar-dinero.png 1343w\" sizes=\"(max-width: 1024px) 100vw, 1024px\" \/><\/a><\/figure>\n\n\n\n<h2 class=\"wp-block-heading\">Es fundamenta conocer los primeros aspectos de Doradobet, con\u00f3celos con nosotros<\/h2>\n\n\n\n<p>Primero que nada, querido lector de SuperCuotas, debes saber que partiremos por el principio. <strong>Ya que es necesario repasar siempre las bases, para que nada quede sumamente suelto.<\/strong> De esta manera, repasaremos los sectores principales, su metodolog\u00eda de seguridad, y los beneficios que puede ofrecerte este sitio. Para luego adentrarnos 100% a aprender a como ingresar dinero dentro de Doradobet. <\/p>\n\n\n\n<p>Cuando ingreses dentro de este grandioso sitio de apuestas dentro de Per\u00fa, te encontrar\u00e1s con una gran variedad de servicios a los cuales acceder\u00e1s. <strong>De esta forma, encontrar\u00e1s la posibilidad de sentirte sumamente c\u00f3modo en este <a href=\"https:\/\/recor.to\/doradobet\" target=\"_blank\" rel=\"noreferrer noopener nofollow sponsored\">sitio<\/a><\/strong>. Adem\u00e1s dentro de su p\u00e1gina encontrar\u00e1s una grandiosa interfaz, la cual te permitir\u00e1 acceder de forma m\u00e1s r\u00e1pida a todos y cada uno de los beneficios que desees. <\/p>\n\n\n\n<p>No solo eso, sino que tambi\u00e9n podr\u00e1s encontrarte una gran variedad de normas de seguridad las cuales est\u00e1n ligadas a los t\u00e9rminos generales de este <a href=\"https:\/\/recor.to\/doradobet\" target=\"_blank\" rel=\"noreferrer noopener nofollow sponsored\">sitio<\/a>. <strong>De esta manera estar\u00e1s sumamente protegido a la hora de realizar tus jugadas<\/strong>. No solo por eso, sino que tambi\u00e9n hallar\u00e1s cada una de las licencias de apuestas sumamente al d\u00eda. <\/p>\n\n\n\n<p>Para quienes deseen acceder acceder a los mejores beneficios de todos, podr\u00e1n encontrar una ampl\u00eda variedad de bonos y promociones. Siendo todos y cada uno de ellos, sumamente beneficiosos para quienes sean usuarios. <strong>Si deseas aprender y saber m\u00e1s sobre esta casa de apuestas, te dejaremos un excelente <a href=\"https:\/\/supercuotas.gratis\/pe\/doradobet\/\" target=\"_blank\" rel=\"noreferrer noopener\">an\u00e1lisis para que conozcas todo sobre esta p\u00e1gina<\/a><\/strong>. Ya que en esta ocasi\u00f3n, solo nos centraremos en contarte todo sobre como ingresar dinero en Doradobet.<\/p>\n\n\n\n<h3 class=\"wp-block-heading\">Aprende todo sobre los mejores sectores de apuestas<\/h3>\n\n\n\n<p>Antes de adentrarnos a aprender como ingresar dinero dentro de <a href=\"https:\/\/recor.to\/doradobet\" target=\"_blank\" rel=\"noreferrer noopener nofollow sponsored\">Doradobet<\/a>, <strong>debemos aprender cada uno de los sectores de apuestas, en los cuales podr\u00e1s jugar luego de realizar un dep\u00f3sito.<\/strong> Teniendo en cuenta lo que ya hemos dicho, esta p\u00e1gina de apuestas, te brindar\u00e1 los mejores juegos de apuestas. Siendo, claramente, sumamente seguros ya que est\u00e1n distribuidos por los mejores proveedores de apuestas. <\/p>\n\n\n\n<p>Cada uno de ellos, ayudan a <a href=\"https:\/\/recor.to\/doradobet\" target=\"_blank\" rel=\"noreferrer noopener nofollow sponsored\">Doradobet <\/a>a ser completamente seguro y seguir apoyando a su metodolog\u00eda de juego seguro. <strong>En otras palabras, podr\u00e1s acceder a realizar tus mejores jugadas, sin riesgo alguno. <\/strong><\/p>\n\n\n\n<p><strong>Apuestas deportivas: <\/strong>aqu\u00ed encontrar\u00e1s todos y cada uno de los deportes que pienses y mucho m\u00e1s. Con los cuales podr\u00e1s realizar las mejores jugadas. <strong>Para que de esta manera, tengas la posibilidad de medir tus conocimientos en el deporte<\/strong>. Adem\u00e1s de eso, podr\u00e1s acceder a encontrar todas y cada una de las competencias que tu desees. <\/p>\n\n\n\n<p><strong>Casino:<\/strong> si eres un amante de los tragamonedas, en este sector encontrar\u00e1s todos y cada uno de los slots de moda. <strong>Para que puedas realizar las mejores jugadas, y disfrutar de la mejor manera cada uno de ellos<\/strong>. Podr\u00e1s encontrar las maquinas m\u00e1s populares de todas con una gran variedad de ellas. <\/p>\n\n\n\n<p><strong>Casino en vivo:<\/strong> todos los enamorado de la realidad, dentro de Doradobet, podr\u00e1n encontrar este fabuloso sector. El mismo te har\u00e1 vivir la experiencia de estar en un casino completamente real. Para que de esta manera, puedas realizar las mejores jugadas de todas. <strong>All\u00ed podr\u00e1s acceder a mesas de blackjack, p\u00f3ker, ruleta y baccarat. <\/strong><\/p>\n\n\n\n<h2 class=\"wp-block-heading\">Aprende a como ingresar dinero dentro de Doradobet<\/h2>\n\n\n\n<p>Ya has conocido los sectores de apuestas a los cuales podr\u00e1s acceder, luego de ingresar dinero dentro de <a href=\"https:\/\/recor.to\/doradobet\" target=\"_blank\" rel=\"noreferrer noopener nofollow sponsored\">Doradobet<\/a>. <strong>De esta manera, podr\u00e1s acceder a las mejores jugadas de todas.<\/strong> Teniendo en cuenta lo que ya hemos mencionado, tambi\u00e9n tendr\u00e1s la posibilidad de reclamar grandes beneficios, solo aprendiendo a como realizar un ingreso. <\/p>\n\n\n\n<p>Antes de proseguir con este articulo, debemos brindarte otro consejo de apuestas. <strong>Para que de esta forma, puedas conocer en profundidad otros aspectos de este sitio<\/strong>. Ya que dentro de Doradobet encontrar\u00e1s un grandioso bono para casino. \u00bfDeseas acceder a el? No hay ning\u00fan problema, ya que te dejaremos un escrito en forma de <a href=\"https:\/\/supercuotas.gratis\/pe\/doradobet-bono-casino-especial-peru\/\" target=\"_blank\" rel=\"noreferrer noopener\">tutorial para que acredites este bono correctamente<\/a>. <\/p>\n\n\n\n<p>Tienes que tener en cuenta que, para acceder a realizar un ingreso dentro de esta <a href=\"https:\/\/recor.to\/doradobet\" target=\"_blank\" rel=\"noreferrer noopener nofollow sponsored\">p\u00e1gina de apuestas<\/a>, deber\u00e1s ser usuario de este sitio. <strong>Ya que en el caso que no lo seas, no podr\u00e1s realizar ninguno de los pasos que mencionaremos a continuaci\u00f3n.<\/strong> Es por eso que te recomendamos que completes este proceso de manera r\u00e1pida, ya que solo te tomar\u00e1 cinco minutos poder completarlo. <\/p>\n\n\n\n<p>Lo primero que tendr\u00e1s que realizar para acceder a completar un ingreso dentro de Doradobet es, ingresar dentro de tu cuenta de esta casa de apuestas. <strong>En el caso que no poseas un usuario dentro de este <a href=\"https:\/\/recor.to\/doradobet\" target=\"_blank\" rel=\"noreferrer noopener nofollow sponsored\">sitio de azar<\/a>, no podr\u00e1s seguir con los pasos que diremos<\/strong>. Es por eso que, tendr\u00e1s que poseer una cuenta para proseguir con esta gu\u00eda. <\/p>\n\n\n\n<p><strong>Una vez que te encuentres dentro, deber\u00e1s dirigirte al sector &#8220;mi cuenta &#8211; ingresos&#8221;<\/strong>. All\u00ed podr\u00e1s se abrir\u00e1 un formulario para completar con los datos bancarios, y con los m\u00e9todos de pago que podr\u00e1s utilizar. Cuando hallas completado cada uno de estos, solo restar\u00e1 poner el monto y esperar la acreditaci\u00f3n del mismo. <\/p>\n\n\n\n<figure class=\"wp-block-image size-large\"><a href=\"https:\/\/recor.to\/doradobet\" target=\"_blank\" rel=\"noreferrer noopener nofollow sponsored\"><img decoding=\"async\" width=\"1024\" height=\"457\" src=\"https:\/\/supercuotas.gratis\/wp-content\/uploads\/2023\/04\/doradobet-como-depositar-1024x457.png\" alt=\"doradobet como depositar\" class=\"wp-image-27806\" srcset=\"https:\/\/supercuotas.gratis\/wp-content\/uploads\/2023\/04\/doradobet-como-depositar-1024x457.png 1024w, https:\/\/supercuotas.gratis\/wp-content\/uploads\/2023\/04\/doradobet-como-depositar-300x134.png 300w, https:\/\/supercuotas.gratis\/wp-content\/uploads\/2023\/04\/doradobet-como-depositar-768x343.png 768w, https:\/\/supercuotas.gratis\/wp-content\/uploads\/2023\/04\/doradobet-como-depositar.png 1343w\" sizes=\"(max-width: 1024px) 100vw, 1024px\" \/><\/a><\/figure>\n\n\n\n<h2 class=\"wp-block-heading\">Conoce los beneficios de Doradobet, por ingresar dinero<\/h2>\n\n\n\n<p>Cuando accedas tu dinero dentro de esta <a href=\"https:\/\/recor.to\/doradobet\" target=\"_blank\" rel=\"noreferrer noopener nofollow sponsored\">casa de apuestas<\/a>, podr\u00e1s encontrar la posibilidad de reclamar grandes beneficios o obtener un ingreso dentro del mismo.<strong> De esta forma, tendr\u00e1s tambi\u00e9n un aumento considerable dentro de tu usuario<\/strong>. Para que de esta manear puedas apostar y jugar por m\u00e1s tiempo. <\/p>\n\n\n\n<p>No solo podr\u00e1s jugar y realizar las mejores apuestas de todas, sino que al hacerlo podr\u00e1s aumentar tus ingresos para luego retirarlos. \u00a1Espera! \u00bfNo sabes como realizar este proceso? <strong>Qu\u00e9date tranquilo que, te dejaremos una <a href=\"https:\/\/supercuotas.gratis\/pe\/doradobet-como-retirar-dinero-desde-peru\/\" target=\"_blank\" rel=\"noreferrer noopener\">ayuda para que aprendas f\u00e1cilmente a completar estos simples pasos<\/a>.<\/strong> Para que puedas obtener todas y cada una de las ganancias obtenidas. <\/p>\n\n\n\n<p>Tienes que tener en cuenta que los beneficios estar\u00e1n divididos por sectores de apuestas, esto quiere decir que podr\u00e1s tener bonos de Casino y Apuestas deportivas. Siendo legibles solamente para el sector que has elegido. Siguiendo esta l\u00ednea, podr\u00e1s encontrar dos tipos de beneficios. <strong>Los cuales ser\u00e1n bonos de bienvenida y promociones. En esta ocasi\u00f3n solamente nos centraremos en los bonos de bienvenida<\/strong>. Ya que estos son los que podr\u00e1s acceder, luego de tu primer ingreso. <\/p>\n\n\n\n<p>En esta ocasi\u00f3n el bono no se divide en dos, sino que podr\u00e1s utilizar la misma bonificaci\u00f3n para ambos sectorres de azar, luego de haber aprendido a como ingresar dinero. <strong>Este mismo bono te dar\u00e1 la posibilidad de acceder al 100% de tu primer dep\u00f3sito hasta S\/500.<\/strong> De esta manera doblar\u00e1s tu primera transferencia para jugar por m\u00e1s tiempo a tus juegos favoritos. <\/p>\n\n\n\n<p>Amigo de las apuestas, acu\u00e9rdate que, estos beneficios poseen t\u00e9rminos y condiciones. <strong>Los cuales deber\u00e1s respetar de forma completamente estricta. En el caso que no las cumplas, no podr\u00e1s obtener tus beneficios.<\/strong> Adem\u00e1s para poder extraer tus ganancias, deber\u00e1s cumplir con las condiciones de apuestas. Las mismas est\u00e1n dentro de los t\u00e9rminos de este bono.<\/p>\n\n\n\n<h2 class=\"wp-block-heading\">M\u00e9todos de pago, para realizar tu ingreso<\/h2>\n\n\n\n<p>Para que completes cada uno de tus ingresos dentro de esta p\u00e1gina de apuestas, <strong>deber\u00e1s aprender cada uno de los m\u00e9todos que este sitio posee<\/strong>. De esta manera, podr\u00e1s acceder a los mejores beneficios de apuestas, siendo completamente legibles cuando desees acceder a ellos. <\/p>\n\n\n\n<p>Querido usuario de SuperCuotas, ten en cuenta que cada una de estas formas de pago son sumamente legibles dentro del territorio peruano. Lo que quiere decir que, cada uno de ellos son sumamente seguros. <strong>No solo eso sino que tambi\u00e9n, en el caso que poseas una duda, podr\u00e1s acceder al servicio de atenci\u00f3n al cliente las 24 horas del d\u00eda.<\/strong> <\/p>\n\n\n\n<p>Cuando ingreses dentro de este <a href=\"https:\/\/recor.to\/doradobet\" target=\"_blank\" rel=\"noreferrer noopener nofollow sponsored\">sitio de apuestas<\/a>, <strong>podr\u00e1s encontrar los siguientes m\u00e9todos de pago<\/strong>:<\/p>\n\n\n\n<ul class=\"wp-block-list\">\n<li>BCP<\/li>\n\n\n\n<li>Interbank<\/li>\n\n\n\n<li>Scotiabank<\/li>\n\n\n\n<li>VISA NET<\/li>\n\n\n\n<li>BBVA<\/li>\n\n\n\n<li>Safety pay<\/li>\n\n\n\n<li>Pago en efectivo<\/li>\n<\/ul>\n\n\n\n<figure class=\"wp-block-image size-large\"><a href=\"https:\/\/recor.to\/doradobet\" target=\"_blank\" rel=\"noreferrer noopener nofollow sponsored\"><img decoding=\"async\" width=\"1024\" height=\"486\" src=\"https:\/\/supercuotas.gratis\/wp-content\/uploads\/2023\/04\/doradobe-depositos-1024x486.png\" alt=\"doradobet depositos\n\" class=\"wp-image-27815\" srcset=\"https:\/\/supercuotas.gratis\/wp-content\/uploads\/2023\/04\/doradobe-depositos-1024x486.png 1024w, https:\/\/supercuotas.gratis\/wp-content\/uploads\/2023\/04\/doradobe-depositos-300x142.png 300w, https:\/\/supercuotas.gratis\/wp-content\/uploads\/2023\/04\/doradobe-depositos-768x365.png 768w, https:\/\/supercuotas.gratis\/wp-content\/uploads\/2023\/04\/doradobe-depositos.png 1342w\" sizes=\"(max-width: 1024px) 100vw, 1024px\" \/><\/a><\/figure>\n\n\n<p>[ratings]<\/p>\n\n\n\n<div class=\"wp-block-rank-math-faq-block\"><div class=\"rank-math-faq-item\"><h3 class=\"rank-math-question\">\u00bfQu\u00e9 es Doradobet?<\/h3><div class=\"rank-math-answer\">Este es un sitio de apuestas, en el cual podr\u00e1s acceder a realizar tus mejores jugadas. El mismo, est\u00e1 disponible dentro de Per\u00fa. <\/div><\/div><div class=\"rank-math-faq-item\"><h3 class=\"rank-math-question\">\u00bfQu\u00e9 es lo que hallar\u00e9 en este sitio?<\/h3><div class=\"rank-math-answer\">Podr\u00e1s encontrar sectores de apuestas como, apuestas deportivas, deportes virtuales, casino y casino en vivo.<\/div><\/div><div class=\"rank-math-faq-item\"><h3 class=\"rank-math-question\">\u00bfPosee beneficios este sitio?<\/h3><div class=\"rank-math-answer\">Claro que si, podr\u00e1s hallar una gran variedad de bonos y promociones. <\/div><\/div><div class=\"rank-math-faq-item\"><h3 class=\"rank-math-question\">\u00bfPara obtener estos bonos y promociones debo ser usuario?<\/h3><div class=\"rank-math-answer\">Si deseas jugar dentro de este sitio, deber\u00e1s estar registrado. <\/div><\/div><div class=\"rank-math-faq-item\"><h3 class=\"rank-math-question\">\u00bfPodr\u00e9 ingresar dinero en este sitio?<\/h3><div class=\"rank-math-answer\">Claro que si, cada uno de los pasos para realizar este proceso son completamente sencillos de llevar a cabo. <\/div><\/div><div class=\"rank-math-faq-item\"><h3 class=\"rank-math-question\">\u00bfEn el caso de no poseer una tarjeta o billetera virtual, puedo ingresar dinero?<\/h3><div class=\"rank-math-answer\">Claro que si, ya que podr\u00e1s realizar un pago en efectivo. La acreditaci\u00f3n del mismo tardar\u00e1 hasta 24 horas h\u00e1biles. <\/div><\/div><div class=\"rank-math-faq-item\"><h3 class=\"rank-math-question\">\u00bfDebo ser mayo para registrarme?<\/h3><div class=\"rank-math-answer\">Si, deber\u00e1s ser mayor.<\/div><\/div><\/div>\n","protected":false},"excerpt":{"rendered":"<p>Quienes aman las apuestas, como nosotros, saben el proceso m\u00e1s importante que existe en estos sitios para poder realizar las mejores jugadas. El primero es crear un usuario, luego es realizar un dep\u00f3sito de esta manera podr\u00e1s jugar. Es por eso que en esta oportunidad, te explicaremos como ingresar dinero dentro de Doradobet. \u00bfQuieres conocer &#8230; <a title=\"Doradobet como Ingresar Dinero | Mejores M\u00e9todos de Pago\" class=\"read-more\" href=\"https:\/\/supercuotas.gratis\/pe\/doradobet-como-ingresar-dinero-desde-peru\/\" aria-label=\"Read more about Doradobet como Ingresar Dinero | Mejores M\u00e9todos de Pago\">Read more<\/a><\/p>\n","protected":false},"author":74,"featured_media":0,"parent":0,"menu_order":0,"comment_status":"closed","ping_status":"closed","template":"","meta":{"_uag_custom_page_level_css":"","generate_page_header":"","footnotes":""},"class_list":["post-27726","page","type-page","status-publish"],"uagb_featured_image_src":{"full":false,"thumbnail":false,"medium":false,"medium_large":false,"large":false,"1536x1536":false,"2048x2048":false},"uagb_author_info":{"display_name":"Facundo","author_link":"https:\/\/supercuotas.gratis\/pe\/author\/facundo\/"},"uagb_comment_info":0,"uagb_excerpt":"Quienes aman las apuestas, como nosotros, saben el proceso m\u00e1s importante que existe en estos sitios para poder realizar las mejores jugadas. El primero es crear un usuario, luego es realizar un dep\u00f3sito de esta manera podr\u00e1s jugar. Es por eso que en esta oportunidad, te explicaremos como ingresar dinero dentro de Doradobet. \u00bfQuieres conocer&hellip;","_links":{"self":[{"href":"https:\/\/supercuotas.gratis\/pe\/wp-json\/wp\/v2\/pages\/27726","targetHints":{"allow":["GET"]}}],"collection":[{"href":"https:\/\/supercuotas.gratis\/pe\/wp-json\/wp\/v2\/pages"}],"about":[{"href":"https:\/\/supercuotas.gratis\/pe\/wp-json\/wp\/v2\/types\/page"}],"author":[{"embeddable":true,"href":"https:\/\/supercuotas.gratis\/pe\/wp-json\/wp\/v2\/users\/74"}],"replies":[{"embeddable":true,"href":"https:\/\/supercuotas.gratis\/pe\/wp-json\/wp\/v2\/comments?post=27726"}],"version-history":[{"count":2,"href":"https:\/\/supercuotas.gratis\/pe\/wp-json\/wp\/v2\/pages\/27726\/revisions"}],"predecessor-version":[{"id":27824,"href":"https:\/\/supercuotas.gratis\/pe\/wp-json\/wp\/v2\/pages\/27726\/revisions\/27824"}],"wp:attachment":[{"href":"https:\/\/supercuotas.gratis\/pe\/wp-json\/wp\/v2\/media?parent=27726"}],"curies":[{"name":"wp","href":"https:\/\/api.w.org\/{rel}","templated":true}]}}