{"id":25499,"date":"2022-12-28T22:14:38","date_gmt":"2022-12-28T21:14:38","guid":{"rendered":"https:\/\/supercuotas.gratis\/?page_id=25499"},"modified":"2022-12-29T23:02:09","modified_gmt":"2022-12-29T22:02:09","slug":"doradobet-como-retirar-dinero-desde-peru","status":"publish","type":"page","link":"https:\/\/supercuotas.gratis\/pe\/doradobet-como-retirar-dinero-desde-peru\/","title":{"rendered":"Doradobet como Retirar Dinero | Retiros SIN Comisiones"},"content":{"rendered":"\n<p>Entre los momentos m\u00e1s importantes a la hora de jugar en el casino o apostar en deportes de manera Online es el de cobrar tus ganancias. Porque justamente el demostrar tu talento, tu ingenio, tu habilidad y tu buena fortuna te permitir\u00e1 no solo divertirte a lo grande sino tambi\u00e9n llenar tus bolsillos de dinero.<strong> \u00a1Y la Casa de DoradoBet es el lugar indicado en Per\u00fa para jugar y apostar! Aprende a lo largo del presente art\u00edculo de Supercuotas.gratis las instrucciones sobre <strong>DoradoBet<\/strong> como retirar dinero de tu cuenta.<\/strong> <\/p>\n\n\n\n<figure class=\"wp-block-image size-full\"><a href=\"https:\/\/recor.to\/doradobet\" target=\"_blank\" rel=\"noreferrer noopener nofollow sponsored\"><img fetchpriority=\"high\" decoding=\"async\" width=\"680\" height=\"392\" src=\"https:\/\/supercuotas.gratis\/wp-content\/uploads\/2022\/12\/doradobet-como-retirar-dinero.webp\" alt=\"doradobet como retirar dinero\" class=\"wp-image-25502\" srcset=\"https:\/\/supercuotas.gratis\/wp-content\/uploads\/2022\/12\/doradobet-como-retirar-dinero.webp 680w, https:\/\/supercuotas.gratis\/wp-content\/uploads\/2022\/12\/doradobet-como-retirar-dinero-300x173.webp 300w\" sizes=\"(max-width: 680px) 100vw, 680px\" \/><\/a><\/figure>\n\n\n\n<p>La plataforma de moda en el pa\u00eds garantiza a los clientes una experiencia maravillosa, con los mejores juegos de azar, amplio repertorio de mercados para apostar en deportes y, con \u00e9nfasis, los m\u00e9todos de pago m\u00e1s eficientes y seguros de la industria. S\u00faper sencillo, en breves minutos y totalmente gratis, sin comisiones. <a href=\"https:\/\/recor.to\/doradobet\" target=\"_blank\" rel=\"noreferrer noopener nofollow sponsored\"><strong>Registra tu cuenta ya mismo en DoradoBet.<\/strong><\/a><\/p>\n\n\n\n<p>M\u00e1s all\u00e1 de la enorme diversi\u00f3n y la adrenalina que brindan las Apuestas Deportivas y los Juegos de Casino en l\u00ednea, siempre es interesante lograr conseguir unos buenos billetes para tu bolsillo en el camino. <strong>Pues todav\u00eda m\u00e1s estimulante ser\u00e1 el hacerlo en DoradoBet, el Casino Online furor para los mercados en Per\u00fa y en toda la regi\u00f3n de Am\u00e9rica Latina. <\/strong><\/p>\n\n\n\n<p>\u00bfPor qu\u00e9? Porque no solo ofrece los juegos de casino m\u00e1s divertidos y los eventos deportivos m\u00e1s emocionantes sino que tambi\u00e9n propone un cat\u00e1logo de m\u00e9todos de pago incre\u00edbles y de excelsa calidad para los clientes. <strong>Inf\u00f3rmate al detalle sobre como retirar dinero en DoradoBet desde Per\u00fa, sin comisiones y de forma sencilla. <\/strong>Contin\u00faa leyendo para hallar las instrucciones paso a paso y las consideraciones generales sobre depositar o cobrar dinero. Adem\u00e1s, m\u00faltiples beneficios te esperan en el sitio para maximizar tu viaje. <a href=\"https:\/\/recor.to\/doradobet\" target=\"_blank\" rel=\"noreferrer noopener nofollow sponsored\"><strong>\u00a1Reg\u00edstrate de inmediato en DoradoBet Per\u00fa!<\/strong><\/a><\/p>\n\n\n\n<h2 class=\"has-text-align-center wp-block-heading\"><strong>\u00bfC\u00f3mo Retirar Dinero de DoradoBet desde Per\u00fa? Primer acercamiento y principales consideraciones<\/strong><\/h2>\n\n\n\n<p>No queremos demorar ni distraernos demasiado con la introducci\u00f3n sobre DoradoBet y nuestra intenci\u00f3n es ir directamente al grano del art\u00edculo. Porque desde <strong>Supercuotas.gratis<\/strong>, la p\u00e1gina web especializada sobre el an\u00e1lisis de Casinos y Casas Online, <strong>te ense\u00f1aremos las instrucciones paso a paso sobre como retirar dinero de DoradoBet.<\/strong> Pero antes es fundamental remarcar una serie de consideraciones generales tanto para ingresar como para retirar dinero de la plataforma.<\/p>\n\n\n\n<p>Principalmente,<strong> para realizar las transacciones financieras as\u00ed como para jugar y apostar por dinero real dentro de DoradoBet es necesario y obligatorio abrir una cuenta a tu nombre.<\/strong> Est\u00e1n en condiciones de <a href=\"https:\/\/recor.to\/doradobet\" target=\"_blank\" rel=\"noreferrer noopener nofollow sponsored\"><strong>registrar una cuenta en DoradoBet<\/strong><\/a> las personas que cumplen con los siguientes requisitos:&nbsp;<\/p>\n\n\n\n<ul class=\"wp-block-list\">\n<li>Ser residente actual del pa\u00eds de Per\u00fa.<\/li>\n\n\n\n<li>Brindar informaci\u00f3n personal ver\u00eddica y presentar la documentaci\u00f3n necesaria para corroborar la identidad.<\/li>\n\n\n\n<li>El \u00faltimo requisito es ser mayor de 18 a\u00f1os de edad, tal y como lo exige la ley de juego vigente en el plano internacional.<\/li>\n<\/ul>\n\n\n\n<p>Entre los detalles importantes sobre como depositar o retirar dinero de DoradoBet podemos resaltar beneficios para los usuarios. Por ejemplo, <strong>la Casa de DoradoBet no cobra comisi\u00f3n ni tarifa adicional al realizar transacciones financieras.<\/strong> Asimismo, la plataforma se encarga de procesar las solicitudes de retiro o de ingreso de dinero de manera autom\u00e1tica. Luego depende del m\u00e9todo de pago escogido el tiempo correspondiente de acreditaci\u00f3n.&nbsp;<\/p>\n\n\n\n<p>Y por supuesto, <strong>la seguridad es un ingrediente vital y sumamente cuidado por los m\u00e9todos de pago y por las operaciones financieras dentro de DoradoBet.<\/strong> Tanto tu dinero como tus datos personales privados estar\u00e1n totalmente a resguardo.&nbsp;<\/p>\n\n\n\n<p>\u00bfQuieres conocer todos los Bonos y las Promociones que propone DoradoBet? Te invitamos entonces a visitar el siguiente art\u00edculo de <strong>Supercuotas.gratis<\/strong>: <a href=\"https:\/\/supercuotas.gratis\/pe\/doradobet\/\" target=\"_blank\" rel=\"noreferrer noopener\">Rese\u00f1a completa y evaluaci\u00f3n en profundidad de DoradoBet en Per\u00fa.<\/a><\/p>\n\n\n\n<figure class=\"wp-block-image size-full\"><a href=\"https:\/\/recor.to\/doradobet\" target=\"_blank\" rel=\"noreferrer noopener nofollow sponsored\"><img decoding=\"async\" width=\"680\" height=\"383\" src=\"https:\/\/supercuotas.gratis\/wp-content\/uploads\/2022\/12\/doradobet-como-sacar-ganancias.webp\" alt=\"doradobet como sacar ganancias\" class=\"wp-image-25510\" srcset=\"https:\/\/supercuotas.gratis\/wp-content\/uploads\/2022\/12\/doradobet-como-sacar-ganancias.webp 680w, https:\/\/supercuotas.gratis\/wp-content\/uploads\/2022\/12\/doradobet-como-sacar-ganancias-300x169.webp 300w\" sizes=\"(max-width: 680px) 100vw, 680px\" \/><\/a><\/figure>\n\n\n\n<h2 class=\"has-text-align-center wp-block-heading\"><strong>Gu\u00eda gr\u00e1fica paso a paso sobre como retirar dinero de DoradoBet. \u00a1F\u00e1cil y sin comisiones!<\/strong><\/h2>\n\n\n\n<ol class=\"wp-block-list\">\n<li><a href=\"https:\/\/recor.to\/doradobet\" target=\"_blank\" rel=\"noreferrer noopener nofollow sponsored\"><strong>Ingresar a la p\u00e1gina web oficial de DoradoBet en Per\u00fa. Pincha sobre esta misma frase para direccionarte al instante.<\/strong><\/a><\/li>\n\n\n\n<li>Si todav\u00eda no tienes una cuenta a tu nombre contin\u00faa las instrucciones en orden num\u00e9rico. Si en cambio ya abriste una cuenta en DoradoBet salta hasta el paso n\u00famero 6.<\/li>\n\n\n\n<li>Ubica en la pantalla principal el bot\u00f3n color verde con la leyenda \u201c<strong>REGISTRATE<\/strong>\u201d y pulsa sobre \u00e9l para avanzar al siguiente paso.<\/li>\n\n\n\n<li>Aqu\u00ed se abrir\u00e1 el formulario de inscripci\u00f3n que los usuarios deber\u00e1n rellenar de manera \u00edntegra y con datos personales ver\u00eddicos.&nbsp;<\/li>\n\n\n\n<li>Completa todos los campos y luego acepta los t\u00e9rminos y condiciones generales de la p\u00e1gina de DoradoBet.<\/li>\n\n\n\n<li>Inicia sesi\u00f3n en tu cuenta con el nombre de usuario y contrase\u00f1a personal.<\/li>\n\n\n\n<li>Dir\u00edgete a la secci\u00f3n de \u201c<strong>Dep\u00f3sitos y Retiros<\/strong>\u201d desde el men\u00fa en el perfil de tu cuenta.<\/li>\n\n\n\n<li>Selecciona la opci\u00f3n para retirar dinero de DoradoBet y despu\u00e9s escoge el m\u00e9todo de pago como el monto de dinero a cobrar.<\/li>\n\n\n\n<li>Sigue las instrucciones espec\u00edficas seg\u00fan el medio de pago elegido y confirma la operaci\u00f3n.<\/li>\n\n\n\n<li><strong>\u00a1Listo! Tu solicitud de retiro ser\u00e1 procesada al instante, tal y como se compromete DoradoBet.<\/strong><\/li>\n<\/ol>\n\n\n\n<p>Disfruta de tus ganancias al jugar en el casino y apostar en los deportes con maestr\u00eda en la plataforma de DoradoBet en Per\u00fa. Asimismo, <strong>goza de obtener m\u00faltiples beneficios para hacer de tu juego y de tu experiencia dentro de la Casa una sin igual.<\/strong> Por ejemplo y sin ir m\u00e1s lejos, <a href=\"https:\/\/supercuotas.gratis\/pe\/doradobet-bono-casino-especial-peru\/\" target=\"_blank\" rel=\"noreferrer noopener\">reclama el fant\u00e1stico Bono especial para el Casino de DoradoBet en Per\u00fa.<\/a><\/p>\n\n\n\n<h3 class=\"has-text-align-center wp-block-heading\"><strong>Medios de pago v\u00e1lidos para depositar como retirar dinero de DoradoBet<\/strong><\/h3>\n\n\n\n<p>Como ya hemos mencionado, <a href=\"https:\/\/recor.to\/doradobet\" target=\"_blank\" rel=\"noreferrer noopener nofollow sponsored\"><strong>DoradoBet es un sitio en l\u00ednea de calidad y sumamente profesional.<\/strong><\/a><strong> <\/strong>Es por ello que es una obviedad esperar que DoradoBet trabaje junto a los mejores y m\u00e1s eficientes m\u00e9todos de pago del mercado.&nbsp;<\/p>\n\n\n\n<p>Tanto al momento de depositar como de retirar dinero, DoradoBet garantiza operar con los medios de pago m\u00e1s seguros, pr\u00e1cticos y r\u00e1pidos de Per\u00fa. Y lo que representa una ventaja invaluable: <strong>\u00a1Ninguno de ellos cobra tarifa adicional o recargo extra por cargos de servicio! <\/strong>Recuerda que tampoco la Casa de DoradoBet cobra comisi\u00f3n alguna.<\/p>\n\n\n\n<p>Escoge de manera libre y sin influencias tu m\u00e9todo de pago preferido para realizar los dep\u00f3sitos o para retirar en DoradoBet desde Per\u00fa. Aqu\u00ed la lista con los principales m\u00e9todos y modalidades de pago:<\/p>\n\n\n\n<ul class=\"wp-block-list\">\n<li>Transferencias bancarias a trav\u00e9s de los bancos autorizados por DoradoBet.<\/li>\n\n\n\n<li>Punto de pago en efectivo, punto de venta o agencia oficial.<\/li>\n\n\n\n<li>Aplicaciones de pago electr\u00f3nico como AstroPay o SafetyPay.<\/li>\n<\/ul>\n\n\n\n<h3 class=\"has-text-align-center wp-block-heading\"><strong>\u00bfQui\u00e9n es DoradoBet en Per\u00fa? Breve informaci\u00f3n sobre la Casa&nbsp;<\/strong><\/h3>\n\n\n\n<p>Despu\u00e9s del exhaustivo an\u00e1lisis sobre como retirar de tu cuenta en DoradoBet, es preciso se\u00f1alar al menos las caracter\u00edsticas m\u00e1s trascendentales y que configuran la identidad de la Casa. Para iniciar, aclarar como ya es de obvia conclusi\u00f3n que DoradoBet es un sitio en l\u00ednea dedicado a las Apuestas Deportivas y a los Juegos de Casino Online. <\/p>\n\n\n\n<p>Una plataforma de excelsa calidad y jerarqu\u00eda, siendo as\u00ed una de las opciones l\u00edderes en Per\u00fa. Desde los incre\u00edbles juegos de azar y la infinidad de eventos deportivos hasta el ofrecer los m\u00e9todos de pago m\u00e1s eficientes y las herramientas m\u00e1s valiosas para los usuarios. Hoy por hoy no existe oportunidad m\u00e1s grande que la de comenzar a jugar ya mismo en DoradoBet. <\/p>\n\n\n\n<p>Diversi\u00f3n y premios de dinero en efectivo nunca antes estuvieron tan de la mano. <\/p>\n\n\n\n<p>Simplemente, mu\u00e9strale a tus adversarios que eres el mejor y que no temes exprimir tu talento hasta la \u00faltima gota. Ya eres consciente sobre como retirar dinero de DoradoBet y tambi\u00e9n de las bondades principales de la plataforma. <\/p>\n\n\n\n<h4 class=\"has-text-align-center wp-block-heading\"><strong>Bono de Bienvenida del 100% extra hasta S\/ 500 en tu primer dep\u00f3sito<\/strong><\/h4>\n\n\n\n<p>Solo te falta estar al corriente del fant\u00e1stico Bono de Bienvenida, una Promoci\u00f3n realmente fascinante exclusiva para los nuevos miembros. <strong><a href=\"https:\/\/recor.to\/doradobet\" target=\"_blank\" rel=\"noreferrer noopener nofollow sponsored\">Tras registrar tu cuenta por primera vez en DoradoBet<\/a><\/strong> estar\u00e1s en condiciones de obtener una bonificaci\u00f3n del 100% extra en tu dep\u00f3sito inicial.<\/p>\n\n\n\n<p><em>\u00bfAcaso la Ruleta es tu juego favorito? Pues visita el siguiente articulo de <strong>Supercuotas.gratis<\/strong>: <a href=\"https:\/\/supercuotas.gratis\/pe\/doradobet-bono-ruletas-especial-peru\/\" target=\"_blank\" rel=\"noreferrer noopener\">el incre\u00edble Bono especial para Ruletas de Doradobet en Per\u00fa.<\/a><\/em><\/p>\n\n\n\n<figure class=\"wp-block-image size-full\"><a href=\"https:\/\/recor.to\/doradobet\" target=\"_blank\" rel=\"noreferrer noopener nofollow sponsored\"><img decoding=\"async\" width=\"680\" height=\"288\" src=\"https:\/\/supercuotas.gratis\/wp-content\/uploads\/2022\/12\/doradobet-retiros-1.webp\" alt=\"doradobet retiros\" class=\"wp-image-25526\" srcset=\"https:\/\/supercuotas.gratis\/wp-content\/uploads\/2022\/12\/doradobet-retiros-1.webp 680w, https:\/\/supercuotas.gratis\/wp-content\/uploads\/2022\/12\/doradobet-retiros-1-300x127.webp 300w\" sizes=\"(max-width: 680px) 100vw, 680px\" \/><\/a><\/figure>\n\n\n\n<h2 class=\"has-text-align-center wp-block-heading\"><strong>Preguntas Frecuentes sobre Doradobet como retirar dinero desde Per\u00fa<\/strong><\/h2>\n\n\n\n<div class=\"wp-block-rank-math-faq-block\"><div class=\"rank-math-faq-item\"><h3 class=\"rank-math-question\">\u00bfC\u00f3mo es el procedimiento para retirar dinero de Doradobet desde Per\u00fa?<\/h3><div class=\"rank-math-answer\">Es s\u00faper sencillo, tan solo basta dirigirte a la p\u00e1gina web oficial de Doradobet, iniciar sesi\u00f3n en tu cuenta y desde all\u00ed completar las instrucciones necesarias.<\/div><\/div><div class=\"rank-math-faq-item\"><h3 class=\"rank-math-question\">\u00bfLa Casa de Doradobet cobra tarifa adicional o recargo extra por las operaciones financieras?<\/h3><div class=\"rank-math-answer\">No, Doradobet no cobra ning\u00fan tipo de recarga o cargo extra.<\/div><\/div><div class=\"rank-math-faq-item\"><h3 class=\"rank-math-question\">\u00bfCu\u00e1nto tiempo conlleva retirar o depositar dinero en la plataforma?<\/h3><div class=\"rank-math-answer\">Apenas tardar\u00e1s unos minutos de tu tiempo tanto para retirar como para depositar dinero en Doradobet.<\/div><\/div><div class=\"rank-math-faq-item\"><h3 class=\"rank-math-question\">\u00bfCu\u00e1les son los m\u00e9todos de pago v\u00e1lidos en la p\u00e1gina?<\/h3><div class=\"rank-math-answer\">Doradobet trabaja junto a los mejores y m\u00e1s eficientes m\u00e9todos de pago. Transferencias bancarias, aplicaciones de pago electr\u00f3nico y muchos otros.<\/div><\/div><div class=\"rank-math-faq-item\"><h3 class=\"rank-math-question\">\u00bfEs seguro y legal retirar dinero o apostar en Doradobet?<\/h3><div class=\"rank-math-answer\">Por supuesto. La Casa es una de las m\u00e1s seguras, legales y fiables de la industria.<\/div><\/div><div class=\"rank-math-faq-item\"><h3 class=\"rank-math-question\">\u00bfPor qu\u00e9 es tan recomendable Doradobet?<\/h3><div class=\"rank-math-answer\">Porque es un Casino transparente, divertido, justo y que garantiza excelentes experiencias.<\/div><\/div><div class=\"rank-math-faq-item\"><h3 class=\"rank-math-question\">\u00bfQu\u00e9 requisitos debo cumplir para apostar y jugar en Doradobet?<\/h3><div class=\"rank-math-answer\">Ser mayor de 18 a\u00f1os de edad y residente actual del pa\u00eds de Per\u00fa. Adem\u00e1s, es obligatorio brindar informaci\u00f3n ver\u00eddica sobre tu persona.<\/div><\/div><\/div>\n","protected":false},"excerpt":{"rendered":"<p>Entre los momentos m\u00e1s importantes a la hora de jugar en el casino o apostar en deportes de manera Online es el de cobrar tus ganancias. Porque justamente el demostrar tu talento, tu ingenio, tu habilidad y tu buena fortuna te permitir\u00e1 no solo divertirte a lo grande sino tambi\u00e9n llenar tus bolsillos de dinero. &#8230; <a title=\"Doradobet como Retirar Dinero | Retiros SIN Comisiones\" class=\"read-more\" href=\"https:\/\/supercuotas.gratis\/pe\/doradobet-como-retirar-dinero-desde-peru\/\" aria-label=\"Read more about Doradobet como Retirar Dinero | Retiros SIN Comisiones\">Read more<\/a><\/p>\n","protected":false},"author":79,"featured_media":0,"parent":0,"menu_order":0,"comment_status":"closed","ping_status":"closed","template":"","meta":{"_uag_custom_page_level_css":"","generate_page_header":"","footnotes":""},"class_list":["post-25499","page","type-page","status-publish"],"uagb_featured_image_src":{"full":false,"thumbnail":false,"medium":false,"medium_large":false,"large":false,"1536x1536":false,"2048x2048":false},"uagb_author_info":{"display_name":"Jeronimo","author_link":"https:\/\/supercuotas.gratis\/pe\/author\/jeronimo\/"},"uagb_comment_info":0,"uagb_excerpt":"Entre los momentos m\u00e1s importantes a la hora de jugar en el casino o apostar en deportes de manera Online es el de cobrar tus ganancias. Porque justamente el demostrar tu talento, tu ingenio, tu habilidad y tu buena fortuna te permitir\u00e1 no solo divertirte a lo grande sino tambi\u00e9n llenar tus bolsillos de dinero.&hellip;","_links":{"self":[{"href":"https:\/\/supercuotas.gratis\/pe\/wp-json\/wp\/v2\/pages\/25499","targetHints":{"allow":["GET"]}}],"collection":[{"href":"https:\/\/supercuotas.gratis\/pe\/wp-json\/wp\/v2\/pages"}],"about":[{"href":"https:\/\/supercuotas.gratis\/pe\/wp-json\/wp\/v2\/types\/page"}],"author":[{"embeddable":true,"href":"https:\/\/supercuotas.gratis\/pe\/wp-json\/wp\/v2\/users\/79"}],"replies":[{"embeddable":true,"href":"https:\/\/supercuotas.gratis\/pe\/wp-json\/wp\/v2\/comments?post=25499"}],"version-history":[{"count":0,"href":"https:\/\/supercuotas.gratis\/pe\/wp-json\/wp\/v2\/pages\/25499\/revisions"}],"wp:attachment":[{"href":"https:\/\/supercuotas.gratis\/pe\/wp-json\/wp\/v2\/media?parent=25499"}],"curies":[{"name":"wp","href":"https:\/\/api.w.org\/{rel}","templated":true}]}}