{"id":25304,"date":"2022-12-26T16:49:07","date_gmt":"2022-12-26T15:49:07","guid":{"rendered":"https:\/\/supercuotas.gratis\/?page_id=25304"},"modified":"2026-03-12T16:03:54","modified_gmt":"2026-03-12T15:03:54","slug":"betano","status":"publish","type":"page","link":"https:\/\/supercuotas.gratis\/pe\/betano\/","title":{"rendered":"Betano | Bonos + Rese\u00f1a COMPLETA"},"content":{"rendered":"\n<p>Si est\u00e1s indeciso para acceder a un sitio de apuestas, hoy debes saber que ten encuentras de suerte. <strong>Ya que hoy te ense\u00f1aremos <a href=\"https:\/\/recor.to\/betanope\" target=\"_blank\" rel=\"noreferrer noopener nofollow sponsored\">el mejor sitio de apuestas<\/a>, dentro de todo Per\u00fa.<\/strong> Claramente, estamos hablando de Betano. Un grandioso sitio de apuestas, en el cual podr\u00e1s acceder a los mejores juegos, bonos y promociones de apuestas. Contando con la mejor interfaz, la mejor secci\u00f3n de apuestas, y claramente, una gran posibilidad de obtener los mejores beneficios dentro de todo el territorio peruano. <strong>Es por eso que hoy te ense\u00f1aremos paso a paso, todo lo que este Betano, posee para cada uno de sus usuarios. <\/strong><\/p>\n\n\n\n<figure class=\"wp-block-image size-full\"><a href=\"https:\/\/recor.to\/betanope\" target=\"_blank\" rel=\"noreferrer noopener nofollow sponsored\"><img fetchpriority=\"high\" decoding=\"async\" width=\"915\" height=\"467\" src=\"https:\/\/supercuotas.gratis\/wp-content\/uploads\/2026\/03\/betano.png\" alt=\"betano\" class=\"wp-image-44511\" srcset=\"https:\/\/supercuotas.gratis\/wp-content\/uploads\/2026\/03\/betano.png 915w, https:\/\/supercuotas.gratis\/wp-content\/uploads\/2026\/03\/betano-300x153.png 300w, https:\/\/supercuotas.gratis\/wp-content\/uploads\/2026\/03\/betano-768x392.png 768w\" sizes=\"(max-width: 915px) 100vw, 915px\" \/><\/a><\/figure>\n\n\n\n<h2 class=\"wp-block-heading\">Betano, seguridad y confianza<\/h2>\n\n\n\n<p>Lo principal que tendr\u00e1s que tener en cuenta es que, esta <a href=\"https:\/\/recor.to\/betanope\" target=\"_blank\" rel=\"noreferrer noopener nofollow sponsored\">casa de apuestas<\/a> es un sitio con una amplia experiencia dentro del rubro de las apuestas. El mismo cuenta con una gran variedad de a\u00f1os dentro de este rubro,<strong> llev\u00e1ndole a cada uno de los usuarios registrados es su sitio, las mejores apuestas<\/strong>. No solo posee las mejores apuestas, sino que tambi\u00e9n cuenta con una gran variedad de beneficios, bonos y promociones. Con los cuales <strong>podr\u00e1s acceder a obtener un aumento considerable dentro de tu usuario, a la hora de realizar cada una de tus apuestas.<\/strong> <\/p>\n\n\n\n<p>Ser usuario de este grandioso sitio de apuestas, te permitir\u00e1 acceder a una gran variedad de bonos y promociones, <strong>siendo cada una de ellas sumamente beneficiosas para cada usuario.<\/strong> Esto quiere decir que, cada uno de los bonos y promociones que este sitio posee, te permitir\u00e1 obtener grandes beneficios. Para conocer los mejores bonos de Per\u00fa, <a href=\"https:\/\/supercuotas.gratis\/pe\/\" target=\"_blank\" rel=\"noreferrer noopener\">te invitamos a acceder a SuperCuotas.gratis para conocer los mejores bonos.<\/a> Hoy no te explicaremos en profundidad cada uno de estos pasos, <strong>ya que hablaremos de todo lo que Betano, posee para cada uno de sus usuarios registrados en su <a href=\"https:\/\/recor.to\/betanope\" target=\"_blank\" rel=\"noreferrer noopener nofollow sponsored\">sitio<\/a>.<\/strong><\/p>\n\n\n\n<p>Para acceder, y algo que detallaremos m\u00e1s adelante, a disfrutar cada beneficio podr\u00e1s encontrar una gran variedad de juegos de apuestas. <strong>Siendo todos y cada uno de ellos, los mejores dentro de este territorio de apuestas<\/strong>. Claramente, siendo sumamente seguros. Ya que cada uno de ellos, son distribuidos por los mejores proveedores de apuestas, dentro de todo el territorio peruano. A la hora de acceder dentro de este sitio, <strong>podr\u00e1s encontrar una gran variedad de apuestas deportivas, casino, casino en vivo, deportes virtuales<\/strong>, entre una gran variedad de juegos de apuestas, a los cuales podr\u00e1s acceder <a href=\"https:\/\/recor.to\/betanope\" target=\"_blank\" rel=\"noreferrer noopener nofollow sponsored\">registr\u00e1ndote dentro de Betano<\/a>.<\/p>\n\n\n\n<h2 class=\"wp-block-heading\">Registrarte en este sitio, algo sumamente sencillo<\/h2>\n\n\n\n<p>Para acceder a este <a href=\"https:\/\/recor.to\/betanope\" target=\"_blank\" rel=\"noreferrer noopener nofollow sponsored\">sitio de apuestas<\/a>, el primer proceso que deber\u00e1s realizar es el proceso de registro. <strong>Tienes que saber que este proceso es completamente simple de realizar.<\/strong> Ya que dentro de Betano, podr\u00e1s acceder a obtener una grandiosa interfaz. La misma, te permitir\u00e1 realizar todos y cada uno de los procesos dentro de este sitio en tan solo cinco minutos. Luego de aprender a realizar este proceso, podr\u00e1s acceder a todos y cada uno de los beneficios que este sitio posee para sus usuarios. <strong>Es por eso que, te ense\u00f1aremos a como registrarte de manera r\u00e1pida. <\/strong><\/p>\n\n\n\n<p>Antes de comenzar la explicaci\u00f3n de este proceso de registro, deber\u00e1s acceder a saber algunas condiciones de Betano.<strong> El primero de estos es que, dentro de este sitio de apuestas solamente podr\u00e1s obtener un usuario por direcci\u00f3n de IP.<\/strong> Esto significa que, no podr\u00e1s acceder a realizar este proceso m\u00e1s de una vez, ya que en el caso que desees hacerlo, este sitio no te lo permitir\u00e1. Cada uno de los datos que ingreses dentro de este sitio de apuestas, estar\u00e1n completamente seguros. <strong>Esto se debe a la gran variedad de normas de seguridad, que esta casa de apuestas posee dentro de su p\u00e1gina de apuestas. <\/strong><\/p>\n\n\n\n<p>Para acceder a un usuario dentro de este <a href=\"https:\/\/recor.to\/betanope\" target=\"_blank\" rel=\"noreferrer noopener nofollow sponsored\">sitio de apuestas<\/a>, <strong>deber\u00e1s realizar los siguientes pasos:<\/strong><\/p>\n\n\n\n<ul class=\"wp-block-list\">\n<li>El primer paso que deber\u00e1s realizar es, <strong>ingresar dentro de esta casa de apuestas<\/strong>. <\/li>\n\n\n\n<li>Cuando hayas accedido dentro de esta p\u00e1gina de apuestas, tendr\u00e1s que dirigirte a la esquina superior derecha y <strong>hacer clic en el bot\u00f3n que dice &#8220;registrarse&#8221;.<\/strong> <\/li>\n\n\n\n<li>Una vez que hayas hecho clic en el bot\u00f3n mencionado, <strong>deber\u00e1s acceder a completar el formulario de registro.<\/strong><\/li>\n\n\n\n<li>Luego de haber completado, <strong>deber\u00e1s aceptar los t\u00e9rminos y condiciones.<\/strong><\/li>\n\n\n\n<li>Finalizado cada uno de estos pasos, <strong>ya ser\u00e1s usuario de Betano<\/strong>.<\/li>\n<\/ul>\n\n\n\n<h2 class=\"wp-block-heading\">Los mejores juegos de apuestas, siempre en Betano<\/h2>\n\n\n\n<p>Cuando accedas dentro de esta casa de apuestas, podr\u00e1s encontrar las mejores opciones para realizar cada una de tus apuestas. <strong>Para ello, deber\u00e1s completar el proceso de registro que hemos mencionado con anterioridad<\/strong>. El mismo, solamente te tomar\u00e1 cinco minutos. Luego de haber completado este proceso, podr\u00e1s acceder a los mejores beneficios que este sitio cuenta para ti. Dentro de Betano, podr\u00e1s acceder a los mejores juegos de apuestas. Siendo todos y cada uno de ellos, completamente seguros. <strong>Ya que cada uno de estos juegos, son distribuidos por los mejores proveedores de juegos de apuestas. <\/strong><\/p>\n\n\n\n<p><strong>Apuestas deportivas:<\/strong> dentro de este sector de apuestas, podr\u00e1s encontrar una gran variedad de deportes y competencias a las cuales acceder. <strong>Debes tener en cuenta que, cada una de estas competencias, son a nivel mundial<\/strong>. Recuerda que, podr\u00e1s encontrar deportes desde los m\u00e1s convencionales, hasta los menos convencionales.<\/p>\n\n\n\n<p><strong>Casino y casino en vivo:<\/strong> cuando ingreses dentro de este sector de apuestas, podr\u00e1s encontrar una gran variedad de juegos de casino. <strong>En primer lugar, podr\u00e1s acceder a obtener juegos de slots<\/strong>, siendo uno de los juegos m\u00e1s aclamados dentro de este sector de apuestas. En el sector de casino en vivo, tendr\u00e1s la oportunidad de sentirte dentro de un casino real. viviendo la oportunidad de estar dentro de un verdadero casino. <strong>All\u00ed, podr\u00e1s encontrar ruletas, baccarat, poker, blackjack, entre otros grandes juegos de casino<\/strong>. <\/p>\n\n\n\n<p><strong>Deportes virtuales:<\/strong> dentro de este grandioso sector, podr\u00e1s vivir de manera real y con un gran RNG, grandes juegos para apostar en el momento. <strong>Como lo pueden ser, carreras de caballo, partidos de f\u00fatbol, entre una gran variedad de deportes virtuales<\/strong>. Los cuales, solamente tendr\u00e1s la oportunidad de encontrar dentro de <a href=\"https:\/\/recor.to\/betanope\" target=\"_blank\" rel=\"noreferrer noopener nofollow sponsored\">Betano el sitio l\u00edder de apuestas en Per\u00fa<\/a>.<\/p>\n\n\n\n<figure class=\"wp-block-image size-large\"><a href=\"https:\/\/recor.to\/betanope\" target=\"_blank\" rel=\"noreferrer noopener nofollow sponsored\"><img decoding=\"async\" width=\"1024\" height=\"289\" src=\"https:\/\/supercuotas.gratis\/wp-content\/uploads\/2026\/03\/betano-bonos-1-1024x289.png\" alt=\"betano bonos\" class=\"wp-image-44512\" srcset=\"https:\/\/supercuotas.gratis\/wp-content\/uploads\/2026\/03\/betano-bonos-1-1024x289.png 1024w, https:\/\/supercuotas.gratis\/wp-content\/uploads\/2026\/03\/betano-bonos-1-300x85.png 300w, https:\/\/supercuotas.gratis\/wp-content\/uploads\/2026\/03\/betano-bonos-1-768x217.png 768w, https:\/\/supercuotas.gratis\/wp-content\/uploads\/2026\/03\/betano-bonos-1.png 1222w\" sizes=\"(max-width: 1024px) 100vw, 1024px\" \/><\/a><\/figure>\n\n\n\n<h2 class=\"wp-block-heading\">Los mejores bonos de apuestas, siempre son dentro de Betano<\/h2>\n\n\n\n<p>A la hora de acceder dentro de este <a href=\"https:\/\/recor.to\/betanope\" target=\"_blank\" rel=\"noreferrer noopener nofollow sponsored\">sitio de apuestas<\/a>, podr\u00e1s acceder a una gran variedad de bonos y promociones. <strong>Los cuales te permitir\u00e1n acceder a grandes beneficios.<\/strong> Los cuales podr\u00e1s acceder, siendo un usuario registrado dentro de esta casa de apuestas. Tienes que tener en cuenta que, dentro de este sitio de apuestas, podr\u00e1s encontrar dos tipos de bonos, los de bienvenida y las promociones. En este caso, te ense\u00f1aremos los bonos de bienvenida dentro de Betano. <strong>Tienes que saber que, solamente podr\u00e1n acceder quienes sean nuevos usuarios de este sitio.<\/strong><\/p>\n\n\n\n<p>Dentro del sector casino de Betano, tendr\u00e1s la oportunidad de acceder a una gran variedad de beneficios. Los cuales te servir\u00e1n para obtener un mejor\u00eda en el ingreso de dinero. <strong>Podr\u00e1s encontrar un bono de bienvenida, con el cual podr\u00e1s obtener un total de 80 giros gratis en tragamonedas. <\/strong>El mismo, te servir\u00e1 para jugar a los mejores juegos de casino, los cuales solamente podr\u00e1s acceder a encontrar dentro de Betano. Recuerda que, sol<strong>amente tendr\u00e1s la oportunidad de acceder una sola vez por usuario a este beneficio de apuestas para casino<\/strong>, dentro de esta casa de apuestas.<\/p>\n\n\n\n<p>Claramente, para quienes sean unos verdaderos amantes de las apuestas deportivas, van a poder obtener su beneficio de bienvenida tambi\u00e9n. <strong>Ya que dentro de este sitio, podr\u00e1s acceder a obtener un bono de S\/80 en apuesta totalmente gratuita. <\/strong>Al igual que el bono de casino, este bono para apuestas deportivas, te brindar\u00e1 una gran variedad de beneficios. Luego de conocer cada uno de estos beneficios, ya podr\u00e1s acceder dentro de este sitio, y obtener los mejores beneficios de apuestas. <strong>Recuerda que, en el caso de reclamar uno de los dos bonos, el otro beneficio no podr\u00e1 ser reclamado.<\/strong><\/p>\n\n\n\n<h2 class=\"wp-block-heading\">M\u00e9todos de pago<\/h2>\n\n\n\n<p>Dentro de esta casa de apuestas, podr\u00e1s encontrar una gran variedad de beneficios, <strong>los cuales podr\u00e1s acceder siendo usuario de esta casa de apuestas.<\/strong> Para acceder a estos grandiosos beneficios, deber\u00e1s conocer cada uno de los m\u00e9todos de pago que, este sitio posee. Cada una de estas formas de pago, son completamente seguras, <strong>pudiendo utilizar cada una de ellas, dentro de este grandioso sitio como lo es Betano.<\/strong> En el caso que poseas dudas sobre estos m\u00e9todos, deber\u00e1s acceder al servicio de atenci\u00f3n al cliente. All\u00ed, te dir\u00e1n todo lo que desees saber. <\/p>\n\n\n\n<p>Dentro de <a href=\"https:\/\/recor.to\/betanope\" target=\"_blank\" rel=\"noreferrer noopener nofollow sponsored\">Betano<\/a>, <strong>encontrar\u00e1s las siguientes formas de pago:<\/strong><\/p>\n\n\n\n<ul class=\"wp-block-list\">\n<li>Visa<\/li>\n\n\n\n<li>MasterCard<\/li>\n\n\n\n<li>PagoEfectivo<\/li>\n\n\n\n<li>Scotiabank<\/li>\n\n\n\n<li>BCP<\/li>\n<\/ul>\n\n\n\n<figure class=\"wp-block-image size-large\"><a href=\"https:\/\/recor.to\/betanope\" target=\"_blank\" rel=\"noreferrer noopener nofollow sponsored\"><img decoding=\"async\" width=\"1024\" height=\"351\" src=\"https:\/\/supercuotas.gratis\/wp-content\/uploads\/2026\/03\/betano-ofertas-1024x351.png\" alt=\"betano ofertas\" class=\"wp-image-44513\" srcset=\"https:\/\/supercuotas.gratis\/wp-content\/uploads\/2026\/03\/betano-ofertas-1024x351.png 1024w, https:\/\/supercuotas.gratis\/wp-content\/uploads\/2026\/03\/betano-ofertas-300x103.png 300w, https:\/\/supercuotas.gratis\/wp-content\/uploads\/2026\/03\/betano-ofertas-768x263.png 768w, https:\/\/supercuotas.gratis\/wp-content\/uploads\/2026\/03\/betano-ofertas-1536x527.png 1536w, https:\/\/supercuotas.gratis\/wp-content\/uploads\/2026\/03\/betano-ofertas.png 1580w\" sizes=\"(max-width: 1024px) 100vw, 1024px\" \/><\/a><\/figure>\n\n\n<p>[ratings]<\/p>\n\n\n\n<div class=\"wp-block-rank-math-faq-block\"><div class=\"rank-math-faq-item\"><h3 class=\"rank-math-question\">\u00bfQu\u00e9 es Betano?<\/h3><div class=\"rank-math-answer\">Un sitio de apuestas, en donde encontrar\u00e1s grandes beneficios.<\/div><\/div><div class=\"rank-math-faq-item\"><h3 class=\"rank-math-question\">\u00bfEs dif\u00edcil ser usuario?<\/h3><div class=\"rank-math-answer\">Claro que no, solo te tomar\u00e1 unos instantes.<\/div><\/div><div class=\"rank-math-faq-item\"><h3 class=\"rank-math-question\">\u00bfC\u00f3mo me registro?<\/h3><div class=\"rank-math-answer\">Para acceder a un usuario, deber\u00e1s ingresar a este sitio y completar el formulario de registro.<\/div><\/div><div class=\"rank-math-faq-item\"><h3 class=\"rank-math-question\">\u00bfPosee beneficios ser usuario?<\/h3><div class=\"rank-math-answer\">Claro que si, podr\u00e1s encontrar grandes bonos.<\/div><\/div><div class=\"rank-math-faq-item\"><h3 class=\"rank-math-question\">\u00bfTodos pueden acceder a los bonos?<\/h3><div class=\"rank-math-answer\">Acceder\u00e1n quienes sean usuarios de Betano.<\/div><\/div><div class=\"rank-math-faq-item\"><h3 class=\"rank-math-question\">\u00bfEs seguro este sitio?<\/h3><div class=\"rank-math-answer\">si, claro que lo es. <\/div><\/div><div class=\"rank-math-faq-item\"><h3 class=\"rank-math-question\">\u00bfDebo ser mayor de edad?<\/h3><div class=\"rank-math-answer\">Para acceder a este sitio, deber\u00e1s ser mayor de edad.<\/div><\/div><\/div>\n","protected":false},"excerpt":{"rendered":"<p>Si est\u00e1s indeciso para acceder a un sitio de apuestas, hoy debes saber que ten encuentras de suerte. Ya que hoy te ense\u00f1aremos el mejor sitio de apuestas, dentro de todo Per\u00fa. Claramente, estamos hablando de Betano. Un grandioso sitio de apuestas, en el cual podr\u00e1s acceder a los mejores juegos, bonos y promociones de &#8230; <a title=\"Betano | Bonos + Rese\u00f1a COMPLETA\" class=\"read-more\" href=\"https:\/\/supercuotas.gratis\/pe\/betano\/\" aria-label=\"Read more about Betano | Bonos + Rese\u00f1a COMPLETA\">Read more<\/a><\/p>\n","protected":false},"author":74,"featured_media":0,"parent":0,"menu_order":0,"comment_status":"closed","ping_status":"closed","template":"","meta":{"_uag_custom_page_level_css":"","generate_page_header":"","footnotes":""},"class_list":["post-25304","page","type-page","status-publish"],"uagb_featured_image_src":{"full":false,"thumbnail":false,"medium":false,"medium_large":false,"large":false,"1536x1536":false,"2048x2048":false},"uagb_author_info":{"display_name":"Facundo","author_link":"https:\/\/supercuotas.gratis\/pe\/author\/facundo\/"},"uagb_comment_info":0,"uagb_excerpt":"Si est\u00e1s indeciso para acceder a un sitio de apuestas, hoy debes saber que ten encuentras de suerte. Ya que hoy te ense\u00f1aremos el mejor sitio de apuestas, dentro de todo Per\u00fa. Claramente, estamos hablando de Betano. Un grandioso sitio de apuestas, en el cual podr\u00e1s acceder a los mejores juegos, bonos y promociones de&hellip;","_links":{"self":[{"href":"https:\/\/supercuotas.gratis\/pe\/wp-json\/wp\/v2\/pages\/25304","targetHints":{"allow":["GET"]}}],"collection":[{"href":"https:\/\/supercuotas.gratis\/pe\/wp-json\/wp\/v2\/pages"}],"about":[{"href":"https:\/\/supercuotas.gratis\/pe\/wp-json\/wp\/v2\/types\/page"}],"author":[{"embeddable":true,"href":"https:\/\/supercuotas.gratis\/pe\/wp-json\/wp\/v2\/users\/74"}],"replies":[{"embeddable":true,"href":"https:\/\/supercuotas.gratis\/pe\/wp-json\/wp\/v2\/comments?post=25304"}],"version-history":[{"count":1,"href":"https:\/\/supercuotas.gratis\/pe\/wp-json\/wp\/v2\/pages\/25304\/revisions"}],"predecessor-version":[{"id":44514,"href":"https:\/\/supercuotas.gratis\/pe\/wp-json\/wp\/v2\/pages\/25304\/revisions\/44514"}],"wp:attachment":[{"href":"https:\/\/supercuotas.gratis\/pe\/wp-json\/wp\/v2\/media?parent=25304"}],"curies":[{"name":"wp","href":"https:\/\/api.w.org\/{rel}","templated":true}]}}