{"id":25097,"date":"2022-12-01T19:32:48","date_gmt":"2022-12-01T18:32:48","guid":{"rendered":"https:\/\/supercuotas.gratis\/?page_id=25097"},"modified":"2022-12-04T23:24:25","modified_gmt":"2022-12-04T22:24:25","slug":"trustdice","status":"publish","type":"page","link":"https:\/\/supercuotas.gratis\/pe\/trustdice\/","title":{"rendered":"TrustDice | Bonos + Rese\u00f1a COMPLETA"},"content":{"rendered":"\n<p><strong>\u00bfTodav\u00eda no conoces Trustdice? Definitivamente te est\u00e1s perdiendo una de las experiencias en el mundo de las apuestas m\u00e1s incre\u00edbles<\/strong>. Hoy vamos a detallarte los secretos mejores guardados de una de las plataformas m\u00e1s importantes a nivel internacional y con mejor reconocimiento por todos los jugadores peruanos. Desde ofertas especiales, promociones exclusivas y bonificaciones \u00fanicas, hasta los mercados habilitados para que no pares de divertirte ni un segundo. Es momento de conocer este sitio y ganar sin parar <strong><a href=\"https:\/\/recor.to\/trustdice\" target=\"_blank\" rel=\"noreferrer noopener nofollow sponsored\">\u00a1Vamos a jugar de inmediato!<\/a><\/strong><\/p>\n\n\n\n<figure class=\"wp-block-image size-full is-resized\"><a href=\"https:\/\/recor.to\/trustdice\" target=\"_blank\" rel=\"noreferrer noopener nofollow sponsored\"><img fetchpriority=\"high\" decoding=\"async\" src=\"https:\/\/supercuotas.gratis\/wp-content\/uploads\/2022\/12\/trustdice.png\" alt=\"trustdice\" class=\"wp-image-25098\" width=\"1160\" height=\"652\" srcset=\"https:\/\/supercuotas.gratis\/wp-content\/uploads\/2022\/12\/trustdice.png 1023w, https:\/\/supercuotas.gratis\/wp-content\/uploads\/2022\/12\/trustdice-300x169.png 300w, https:\/\/supercuotas.gratis\/wp-content\/uploads\/2022\/12\/trustdice-768x432.png 768w\" sizes=\"(max-width: 1160px) 100vw, 1160px\" \/><\/a><\/figure>\n\n\n\n<h2 class=\"wp-block-heading\"><strong>Informaci\u00f3n general de Trusdice<\/strong><\/h2>\n\n\n\n<p><strong>Tenemos much\u00edsimas cosas para contarte sobre Trustdice, pero hemos decidido comenzar con sus or\u00edgenes para que entiendas de que se trata<\/strong>. La plataforma comenz\u00f3 a operar de manera efectiva en el a\u00f1o 2018, y con gran velocidad se convirti\u00f3 en una de las plataformas m\u00e1s utilizadas en Am\u00e9rica Latina y el resto del mundo. El sitio forma parte de la empresa <em>Satoshi Gaming Group<\/em>, con sede en Singapur. La misma se encarga de ofrecer una experiencia total para los jugadores que buscan <strong><a href=\"https:\/\/recor.to\/trustdice\" target=\"_blank\" rel=\"noreferrer noopener nofollow sponsored\">divertirse y apostar<\/a><\/strong> sin l\u00edmites en un espacio seguro.<\/p>\n\n\n\n<p>Como ya habr\u00e1s notado, esta plataforma es considerada un criptocasino, etiqueta importante para diferenciarla del resto de las plataformas en el mercado. Su principal caracter\u00edstica es que las monedas habilitadas que se encuentran disponibles para operar en <strong>Trustdice son las criptomonedas m\u00e1s populares y novedosas del mundo<\/strong>. Esto asegura varias cosas. Por empezar la descentralizaci\u00f3n de las operaciones dentro de la plataforma, que aseguran el anonimato total y la transparencia tanto en las transferencias como en los retiros de ganancias.<\/p>\n\n\n\n<p><strong>Por otro lado, la utilizaci\u00f3n de criptomonedas es una herramienta excepcional para cuidar tu capital y apostar en Trustdice sabiendo que tu dinero se encuentra respaldado y segur<\/strong>o. Las actividades fraudulentas dentro de las casas de apuesta son moneda corriente si no se tiene el cuidado correspondiente. Afortunadamente, el sitio hace profundo hincapi\u00e9 en el juego seguro y la confiabilidad total del espacio en el que miles de apostadores realizan sus movimientos a diario. Optar por criptomonedas en este momento jugando en este casino resulta una opci\u00f3n super tentadora en la actualidad.<\/p>\n\n\n\n<h2 class=\"wp-block-heading\"><strong>Registro Inicial en Trustdice<\/strong><\/h2>\n\n\n\n<p><strong><a href=\"https:\/\/supercuotas.gratis\/pe\/\" target=\"_blank\" rel=\"noreferrer noopener\">Todos los bonos de la plataforma<\/a><\/strong> no se encontrar\u00e1n disponibles hasta que no realices un registro exitoso. <strong>Esta operaci\u00f3n esta pensada para ser sumamente sencilla y poder resolverla en menos de cinco minutos<\/strong>. Para eso, tendremos que brindarle a la plataforma una serie de datos esenciales que nos servir\u00e1n para <strong><a href=\"https:\/\/recor.to\/trustdice\" target=\"_blank\" rel=\"noreferrer noopener nofollow sponsored\">crear una cuenta<\/a><\/strong>. Es importante que prestes especial atenci\u00f3n a este proceso, ya que el mismo determinar\u00e1 tu experiencia futura dentro de la plataforma. Vamos a repasar detalladamente como acceder al registro y que debes hacer para <strong>encontrarte habilitado para jugar<\/strong>.<\/p>\n\n\n\n<p><strong>Lo primero que debes hacer es visualizar el bot\u00f3n de &#8220;Registrarse&#8221; en la parte superior derecha de la pantalla<\/strong>. Una vez all\u00ed, deber\u00e1s completar una serie de campos como tu nombre y apellido, direcci\u00f3n de correo electr\u00f3nico, pa\u00eds de residencia y moneda con la cual operar\u00e1s dentro del sitio. Es importante que todos estos datos sean correctos, activos y puedan verificarse como v\u00e1lidos en el futuro. <strong>Por \u00faltimo deber\u00e1s aceptar los t\u00e9rminos y condiciones de Trustdice para completar la operaci\u00f3n y finalizar.<\/strong><\/p>\n\n\n\n<p>\u00a1Todo listo! Oficialmente te encuentras habilitado para comenzar a jugar dentro de Trustdice y <strong><a href=\"https:\/\/recor.to\/trustdice\" target=\"_blank\" rel=\"noreferrer noopener nofollow sponsored\">disfrutar de la experiencia completa<\/a><\/strong>. Cualquier duda o inconveniente que percibas dentro del sitio de aqu\u00ed en mas lo podr\u00e1s resolver con el soporte para clientes. Tus datos dentro del registro le ayudar\u00e1n a la plataforma para localizar el problema y <strong>entregarte una soluci\u00f3n inmediata en pocos minutos<\/strong>. Es momento ahora de hablar de los m\u00e9todos de pago habilitados para jugar, otro aspecto fundamental dentro del sitio.<\/p>\n\n\n\n<figure class=\"wp-block-image size-large is-resized\"><a href=\"https:\/\/recor.to\/trustdice\" target=\"_blank\" rel=\"noreferrer noopener nofollow sponsored\"><img decoding=\"async\" src=\"https:\/\/supercuotas.gratis\/wp-content\/uploads\/2022\/12\/trustdice-bonos-1024x255.png\" alt=\"trustdice bonos\" class=\"wp-image-25106\" width=\"1406\" height=\"350\" srcset=\"https:\/\/supercuotas.gratis\/wp-content\/uploads\/2022\/12\/trustdice-bonos-1024x255.png 1024w, https:\/\/supercuotas.gratis\/wp-content\/uploads\/2022\/12\/trustdice-bonos-300x75.png 300w, https:\/\/supercuotas.gratis\/wp-content\/uploads\/2022\/12\/trustdice-bonos-768x191.png 768w, https:\/\/supercuotas.gratis\/wp-content\/uploads\/2022\/12\/trustdice-bonos.png 1448w\" sizes=\"(max-width: 1406px) 100vw, 1406px\" \/><\/a><\/figure>\n\n\n\n<h2 class=\"wp-block-heading\"><strong>M\u00e9todos de pago<\/strong><\/h2>\n\n\n\n<p><strong>Con respecto a los m\u00e9todos de pago, hay algunas cuestiones a mencionar para poder ingresar dinero a tu cuenta<\/strong>. Como primera medida, Trustdice se caracteriza por ser un criptocasino, es decir que las \u00fanicas opciones de pago habilitadas para juegar dentro de la plataforma son las criptomonedas. Afortunadamente, las monedas virtuales disponibles son las m\u00e1s utilizadas por todo el mundo, por lo que resultar\u00e1 una ventaja para aquellos familiarizados con este m\u00e9todos. <\/p>\n\n\n\n<p>Para aquellos que nunca hayan utilizado las criptomonedas, <strong>Trustdice puede ser el puntapi\u00e9 inicial para descubrir su inverso e introducirse en este universo tan novedoso y con tantos beneficios<\/strong>. Las monedas habilitadas son Bitcoin, Tether, Ethereum, EOS, Binance y Stellar. Con estas opciones podr\u00e1s acreditar saldo en tu cuenta que podr\u00e1s corroborar en tu perfil, recibirlo con acreditaci\u00f3n autom\u00e1tica y elegir el t\u00edtulo que m\u00e1s te guste para <strong><a href=\"https:\/\/recor.to\/trustdice\" target=\"_blank\" rel=\"noreferrer noopener nofollow sponsored\">jugar sin l\u00edmites<\/a><\/strong>.<\/p>\n\n\n\n<h2 class=\"wp-block-heading\"><strong>Bono por primer dep\u00f3sito en Trustdice<\/strong><\/h2>\n\n\n\n<p><strong><a href=\"https:\/\/supercuotas.gratis\/pe\/trustdice-bono-casino-especial-peru\/\" target=\"_blank\" rel=\"noreferrer noopener\">\u00a1Momento de jugar con Bonos!<\/a><\/strong> Ahora que sabes absolutamente todo sobre Trustdice, tenemos que introducirnos en un tema crucial para todo apostador. Los bonos suelen ser la mejor forma de atraer a los usuarios que buscan realizar sus primeras apuestas sin correr tantos riesgos. <strong>Es por eso que la mayor\u00eda de las plataformas hacen un gran esfuerzo por ofrecer beneficios, la mayor\u00eda sin buenos resultados<\/strong>. Afortunadamente Trustdice est\u00e1 interiorizado en el tema y ofrece todo tipo de promociones exclusivas para los usuarios peruanos.<\/p>\n\n\n\n<p>Para obtener este bono por primer dep\u00f3sito, lo primero que tendremos que hacer es crear una cuenta como te mencionamos anteriormente. Una vez hecho esto, tendremos que <strong><a href=\"https:\/\/recor.to\/trustdice\" target=\"_blank\" rel=\"noreferrer noopener nofollow sponsored\">realizar un primer dep\u00f3sito<\/a><\/strong> por un valor m\u00ednimo de 10 USDT. <strong>Autom\u00e1ticamente recibir\u00e1s un bono del 100% por el valor del dep\u00f3sito realizado<\/strong>. El tope m\u00e1ximo para recibir dicho bono es de 30.000 USD, lo que equivale a 1 BTC. A su vez, recibir\u00e1s 25 giros gratis para utilizar cuando quieras \u00a1Pero esto no es todo! hay otros dep\u00f3sitos con beneficios incluidos.<\/p>\n\n\n\n<p><strong>Con el segundo dep\u00f3sito, obtendr\u00e1s un bono del 75% con un l\u00edmite de 1BT<\/strong>. Con el siguiente y \u00faltimo dep\u00f3sito, un bono por el 50% con el mismo tope de 30.000 USD. Es decir que contar\u00e1s con tres dep\u00f3sitos consecutivos para utilizar y mejorar tus apuestas sin parar. Debes recordar que dichos bonos tienen una vigencia por 7 d\u00edas, por lo que tendr\u00e1s que aprovechar la oferta de inmediato para que las mismas no caduquen.<\/p>\n\n\n\n<h2 class=\"wp-block-heading\"><strong>Apuesta deportiva sin riesgo<\/strong><\/h2>\n\n\n\n<p><strong>\u00bfQui\u00e9n dir\u00eda que puedes realizar una apuesta y que te devuelvan el dinero? <\/strong>Parece dif\u00edcil de entender, pero te prometemos que con esta promoci\u00f3n tus movimientos ser\u00e1n &#8220;Sin Riesgo&#8221;. Primero tenemos que explicar que significa no percibir un riesgo. Cuando realices tu apuesta y la pierdas, autom\u00e1ticamente esa apuesta efectuada se convertir\u00e1 en una apuesta gratis. Es decir que apostaste sin problemas ya que tu <strong>perdida se llev\u00f3 a cabo a trav\u00e9s de una apuesta regalada por la plataforma<\/strong> \u00bfRegalada? Nunca pensaste encontrar un beneficio as\u00ed en una casa de apuestas, es por eso que no nos cansaremos nunca de recomendar Trustdice y la gran cantidad de ofertas disponibles que cuenta para los usuarios que decidan visitar su p\u00e1gina.<\/p>\n\n\n\n<p><strong>Para obtener este beneficio, tendr\u00e1s que dirigirte a la secci\u00f3n de apuestas deportivas y elegir un evento con probabilidades no inferiores 1.60<\/strong>. Luego de realizar tu apuesta, puedes ganarla y quedarte con las ganancias, o perderla y recuperarla en tu cuenta con un tope de 30 USDT. Esta recuperaci\u00f3n no puede ser retirada pero te servir\u00e1 para volver a utilizar en tu siguiente apuesta que elijas. Dicha apuesta gratis tendr\u00e1s que volver a canjearla en un plazo m\u00e1ximo de 48 horas. Dicho beneficio podr\u00e1 ser utilizado por una cuenta \u00fanica con una sola direcci\u00f3n de IP. Si la plataforma detecta la duplicaci\u00f3n de alg\u00fan dato personal, puede optar por eliminar el bono y penalizar la cuenta por actividad fraudulenta.<\/p>\n\n\n\n<p><strong>Esta promoci\u00f3n podr\u00e1s utilizarla en cualquiera de las disciplinas deportivas disponibles en la plataforma. Las apuestas deportivas ocupan un gran porcentaje de las apuestas a nivel mundial<\/strong>, es por eso que Trustdice se ocupa de entregar grandes privilegios a los jugadores peruanos que opten por este mercado en particular. Tanto f\u00fatbol como tenis, hockey sobre hielo, baloncesto, NFL y miles de otros deportes se encuentran habilitados para jugar con sus respectivas ligas y eventos especiales. Las apuestas sin riesgo son una opci\u00f3n claramente favorable si est\u00e1s dando tus primeros pasos y no quieres perder una cantidad significativa de dinero cuando reci\u00e9n est\u00e1n obteniendo conocimientos sobre el universo de las apuestas.<\/p>\n\n\n\n<figure class=\"wp-block-image size-large is-resized\"><a href=\"https:\/\/recor.to\/trustdice\" target=\"_blank\" rel=\"noreferrer noopener nofollow sponsored\"><img decoding=\"async\" src=\"https:\/\/supercuotas.gratis\/wp-content\/uploads\/2022\/12\/trustdice-peru-1024x576.webp\" alt=\"trustdice peru\" class=\"wp-image-25114\" width=\"1213\" height=\"682\" srcset=\"https:\/\/supercuotas.gratis\/wp-content\/uploads\/2022\/12\/trustdice-peru-1024x576.webp 1024w, https:\/\/supercuotas.gratis\/wp-content\/uploads\/2022\/12\/trustdice-peru-300x169.webp 300w, https:\/\/supercuotas.gratis\/wp-content\/uploads\/2022\/12\/trustdice-peru-768x432.webp 768w, https:\/\/supercuotas.gratis\/wp-content\/uploads\/2022\/12\/trustdice-peru.webp 1200w\" sizes=\"(max-width: 1213px) 100vw, 1213px\" \/><\/a><\/figure>\n\n\n\n<h2 class=\"wp-block-heading\"><strong>Preguntas Frecuentes<\/strong><\/h2>\n\n\n\n<div class=\"wp-block-rank-math-faq-block\"><div class=\"rank-math-faq-item\"><h3 class=\"rank-math-question\">\u00bfQu\u00e9 es Trustdice?<\/h3><div class=\"rank-math-answer\">Trustdice es el criptocasino por excelencia que estabas buscando para vivir una experiencia inigualable en el universo de las apuestas online.<\/div><\/div><div class=\"rank-math-faq-item\"><h3 class=\"rank-math-question\">\u00bfTrustdice es confiable?<\/h3><div class=\"rank-math-answer\">Por supuesto que si. La misma cuenta con licencias de car\u00e1cter internacional que les permite operar sin problemas.<\/div><\/div><div class=\"rank-math-faq-item\"><h3 class=\"rank-math-question\">\u00bfPuedo registrarme f\u00e1cilmente?<\/h3><div class=\"rank-math-answer\">En pocos minutos crear\u00e1s tu cuenta y podr\u00e1s jugar sin problemas.<\/div><\/div><div class=\"rank-math-faq-item\"><h3 class=\"rank-math-question\">\u00bfHay variedad en sus m\u00e9todos de pago?<\/h3><div class=\"rank-math-answer\">Desde luego. Gran cantidad de criptomonedas est\u00e1n disponibles para ingresar saldo.<\/div><\/div><div class=\"rank-math-faq-item\"><h3 class=\"rank-math-question\">\u00bfEs posible solicitar un bono por dep\u00f3sito?<\/h3><div class=\"rank-math-answer\">Con un dep\u00f3sito inicial de 10 USDT podr\u00e1s recibir un bono que te ayudar\u00e1 en tus apuestas.<\/div><\/div><div class=\"rank-math-faq-item\"><h3 class=\"rank-math-question\">\u00bfPuedo apostar en deportes?<\/h3><div class=\"rank-math-answer\">En Trustdice podr\u00e1s apostar en una gran cantidad de disciplinas deportivas.<\/div><\/div><div class=\"rank-math-faq-item\"><h3 class=\"rank-math-question\">\u00bfSe puede jugar en cl\u00e1sicos de Casino?<\/h3><div class=\"rank-math-answer\">Claro que si. Podr\u00e1s jugar en una gran cantidad de t\u00edtulos para divertirte sin parar.<\/div><\/div><\/div>\n","protected":false},"excerpt":{"rendered":"<p>\u00bfTodav\u00eda no conoces Trustdice? Definitivamente te est\u00e1s perdiendo una de las experiencias en el mundo de las apuestas m\u00e1s incre\u00edbles. Hoy vamos a detallarte los secretos mejores guardados de una de las plataformas m\u00e1s importantes a nivel internacional y con mejor reconocimiento por todos los jugadores peruanos. Desde ofertas especiales, promociones exclusivas y bonificaciones \u00fanicas, &#8230; <a title=\"TrustDice | Bonos + Rese\u00f1a COMPLETA\" class=\"read-more\" href=\"https:\/\/supercuotas.gratis\/pe\/trustdice\/\" aria-label=\"Read more about TrustDice | Bonos + Rese\u00f1a COMPLETA\">Read more<\/a><\/p>\n","protected":false},"author":72,"featured_media":0,"parent":0,"menu_order":0,"comment_status":"closed","ping_status":"closed","template":"","meta":{"_uag_custom_page_level_css":"","generate_page_header":"","footnotes":""},"class_list":["post-25097","page","type-page","status-publish"],"uagb_featured_image_src":{"full":false,"thumbnail":false,"medium":false,"medium_large":false,"large":false,"1536x1536":false,"2048x2048":false},"uagb_author_info":{"display_name":"Lautaro","author_link":"https:\/\/supercuotas.gratis\/pe\/author\/lautaro\/"},"uagb_comment_info":0,"uagb_excerpt":"\u00bfTodav\u00eda no conoces Trustdice? Definitivamente te est\u00e1s perdiendo una de las experiencias en el mundo de las apuestas m\u00e1s incre\u00edbles. Hoy vamos a detallarte los secretos mejores guardados de una de las plataformas m\u00e1s importantes a nivel internacional y con mejor reconocimiento por todos los jugadores peruanos. Desde ofertas especiales, promociones exclusivas y bonificaciones \u00fanicas,&hellip;","_links":{"self":[{"href":"https:\/\/supercuotas.gratis\/pe\/wp-json\/wp\/v2\/pages\/25097","targetHints":{"allow":["GET"]}}],"collection":[{"href":"https:\/\/supercuotas.gratis\/pe\/wp-json\/wp\/v2\/pages"}],"about":[{"href":"https:\/\/supercuotas.gratis\/pe\/wp-json\/wp\/v2\/types\/page"}],"author":[{"embeddable":true,"href":"https:\/\/supercuotas.gratis\/pe\/wp-json\/wp\/v2\/users\/72"}],"replies":[{"embeddable":true,"href":"https:\/\/supercuotas.gratis\/pe\/wp-json\/wp\/v2\/comments?post=25097"}],"version-history":[{"count":0,"href":"https:\/\/supercuotas.gratis\/pe\/wp-json\/wp\/v2\/pages\/25097\/revisions"}],"wp:attachment":[{"href":"https:\/\/supercuotas.gratis\/pe\/wp-json\/wp\/v2\/media?parent=25097"}],"curies":[{"name":"wp","href":"https:\/\/api.w.org\/{rel}","templated":true}]}}