{"id":25064,"date":"2022-12-01T16:30:11","date_gmt":"2022-12-01T15:30:11","guid":{"rendered":"https:\/\/supercuotas.gratis\/?page_id=25064"},"modified":"2026-04-09T00:39:35","modified_gmt":"2026-04-08T22:39:35","slug":"stake-bono-casino-especial-peru","status":"publish","type":"page","link":"https:\/\/supercuotas.gratis\/pe\/stake-bono-casino-especial-peru\/","title":{"rendered":"Stake Bono Casino \u00bb \u00a1100% EXTRA en Welcome Bonus!"},"content":{"rendered":"\n<p>Stake bono casino es sin lugar a dudas una ayuda excepcional. <strong>Y todo eso lo encontrar\u00e1s en el casino online por excelencia en el mercado<\/strong> <strong>que vamos a presentarte a continuaci\u00f3n<\/strong>. No queremos generan tanta expectativa, porque seguramente ya sabes a lo que nos referimos. Hoy vamos a introducirte en el universo de Stake y su bono para casino, junto con otras promociones y ofertas exclusivas que tiene esta incre\u00edble plataforma. Luego de leer todo lo que este sitio tiene preparado para ti, te aseguramos que saldr\u00e1s corriendo a buscar estos beneficios para convertirte en un jugador profesional <strong><a href=\"https:\/\/recor.to\/stakepe\" target=\"_blank\" rel=\"noreferrer noopener nofollow sponsored\">\u00a1Que comience la aventura!<\/a><\/strong><\/p>\n\n\n\n<figure class=\"wp-block-image size-full is-resized\"><a href=\"https:\/\/recor.to\/stakepe\" target=\"_blank\" rel=\"noreferrer noopener nofollow sponsored\"><img fetchpriority=\"high\" decoding=\"async\" width=\"790\" height=\"318\" src=\"https:\/\/supercuotas.gratis\/wp-content\/uploads\/2022\/12\/stake-bono-casino.jpg\" alt=\"stake bono casino\" class=\"wp-image-25065\" style=\"width:1360px;height:547px\" srcset=\"https:\/\/supercuotas.gratis\/wp-content\/uploads\/2022\/12\/stake-bono-casino.jpg 790w, https:\/\/supercuotas.gratis\/wp-content\/uploads\/2022\/12\/stake-bono-casino-300x121.jpg 300w, https:\/\/supercuotas.gratis\/wp-content\/uploads\/2022\/12\/stake-bono-casino-768x309.jpg 768w\" sizes=\"(max-width: 790px) 100vw, 790px\" \/><\/a><\/figure>\n\n\n\n<h2 class=\"wp-block-heading\"><strong>Informaci\u00f3n general de Stake<\/strong><\/h2>\n\n\n\n<p><strong>La historia de la plataforma es sumamente interesante para aquellos involucrados en el mundo de las apuestas online<\/strong>. Antes de hablar sobre Stake bono casino y todos sus beneficios disponibles, es importante destacar sus or\u00edgenes y como llegaron a convertirse en lo que son hoy. Por empezar, tenemos que decir que el sitio comenz\u00f3 a operar en el a\u00f1o 2017 y r\u00e1pidamente se convirti\u00f3 en una de las casas de apuestas m\u00e1s reconocidas a nivel internacional. Su <strong><a href=\"https:\/\/recor.to\/stakepe\" target=\"_blank\" rel=\"noreferrer noopener nofollow sponsored\">p\u00e1gina principal<\/a><\/strong> presenta un dise\u00f1o totalmente innovador y novedoso que invita a los usuarios a disfrutar una experiencia completa en donde las apuestas son el motor principal.<\/p>\n\n\n\n<p>El sitio forma parte de la Crypto Gambling Foundation. Esto convierte a Stake en un criptocasino, una nueva forma de apostar que asegura transacciones completamente seguras y descentralizadas, propiedad principal de las criptomonedas que causan revuelo en todo el mundo. <strong>A su vez, la plataforma hace profundo hincapi\u00e9 en la diversidad l\u00fadica<\/strong>. Esto significa que habr\u00e1 miles de t\u00edtulos disponibles para disfrutar, con m\u00e1s de 30 proveedores de software de primer nivel, presentando juegos con reconocimiento a nivel internacional. Todo esto sumado al Stake bono casino y <strong>sus promociones exclusivas que son \u00fanicas en el mercado<\/strong>.<\/p>\n\n\n\n<p><strong>Con respecto a su legalidad, tenemos que mencionar algunos detalles importantes<\/strong>. La plataforma cuenta con una licencia de car\u00e1cter internacional otorgada por el gobierno de Curazao. La misma se encarga de permitir a Stake operar de manera legal en todas partes del mundo. Adem\u00e1s, esto ayuda a respetar la jurisprudencia de cada pa\u00eds en el que el sitio abre sus puertas, evitando cualquier tipo de actividad fraudulenta o movimiento sospechoso. <strong>El fraude es una cuesti\u00f3n fundamental para la plataforma<\/strong>, la utilizaci\u00f3n de criptomonedas busca erradicar esos comportamientos. <strong><a href=\"https:\/\/supercuotas.gratis\/pe\/stake\/\" target=\"_blank\" rel=\"noreferrer noopener\">Todos los bonos en Stake<\/a><\/strong> te ayudar\u00e1n a jugar con tranquilidad, es por eso que te contaremos sobre ellos a continuaci\u00f3n.<\/p>\n\n\n\n<h2 class=\"wp-block-heading\"><strong>Stake<\/strong> <strong>Bono Casino y Ofertas<\/strong><\/h2>\n\n\n\n<p>El <strong>Stake bono casino<\/strong> es una ventaja sumamente importante para los usuarios que buscan realizar sus primeras operaciones con tranquilidad. Es por eso que muchos eligen casas de apuestas de confianza sabiendo que las ofertas no van a decepcionarlos. En este sentido, la plataforma ha dado un salto de calidad y <strong>ahora s\u00ed cuenta con un bono de bienvenida<\/strong> para nuevos usuarios en Per\u00fa. Esta oferta flexible te permite elegir tu recompensa seg\u00fan tu primer dep\u00f3sito (desde S\/30), otorg\u00e1ndote desde el <strong>100% extra en bonos<\/strong> hasta paquetes combinados de <strong>S\/50 en cr\u00e9dito para casino y 50 giros gratis<\/strong> en slots seleccionadas.<\/p>\n\n\n\n<h3 class=\"wp-block-heading\"><strong>Carrera Semanal en Stake<\/strong><\/h3>\n\n\n\n<p>Adem\u00e1s del beneficio de bienvenida, el sitio destaca por su <strong>Sorteo Semanal<\/strong>, que te permitir\u00e1 ganar una parte de los <strong>$75,000 USD<\/strong> que se reparten cada semana. S\u00ed, escuchaste bien: es una suma gigante solo por apostar y divertirte. Lo primero que deber\u00e1s hacer para obtener este beneficio es crear una cuenta y realizar tu primer dep\u00f3sito para activar tambi\u00e9n tu bono inicial. Una vez hecho esto, podr\u00e1s comenzar a juntar tickets: por cada $1,000 USD (o su equivalente en soles) apostados en Stake, recibir\u00e1s un ticket acumulable. Cuantos m\u00e1s tickets obtengas, m\u00e1s posibilidades tendr\u00e1s en el sorteo general que premia a 15 ganadores todas las semanas.<\/p>\n\n\n\n<p>Los premios se entregan a trav\u00e9s de una transmisi\u00f3n en vivo, por lo que podr\u00e1s corroborar en directo si fuiste uno de los afortunados. Debes recordar que tu cuenta debe estar verificada y no percibir penalidades ni actividades fraudulentas para que tus tickets sean v\u00e1lidos. Esta promoci\u00f3n es acumulable con tu <strong>Stake bono casino<\/strong> y est\u00e1 disponible tanto para los juegos de azar como para las apuestas deportivas, convirti\u00e9ndose en el complemento ideal para tus jugadas diarias.<\/p>\n\n\n\n<figure class=\"wp-block-image size-full is-resized\"><a href=\"https:\/\/recor.to\/stakepe\" target=\"_blank\" rel=\"noreferrer noopener nofollow sponsored\"><img decoding=\"async\" width=\"777\" height=\"315\" src=\"https:\/\/supercuotas.gratis\/wp-content\/uploads\/2022\/12\/stake-bono-bienvenida.png\" alt=\"stake bono bienvenida\" class=\"wp-image-25073\" style=\"width:1344px;height:545px\" srcset=\"https:\/\/supercuotas.gratis\/wp-content\/uploads\/2022\/12\/stake-bono-bienvenida.png 777w, https:\/\/supercuotas.gratis\/wp-content\/uploads\/2022\/12\/stake-bono-bienvenida-300x122.png 300w, https:\/\/supercuotas.gratis\/wp-content\/uploads\/2022\/12\/stake-bono-bienvenida-768x311.png 768w\" sizes=\"(max-width: 777px) 100vw, 777px\" \/><\/a><\/figure>\n\n\n\n<h2 class=\"wp-block-heading\"><strong>Registro inicial para Stake Bono Casino<\/strong><\/h2>\n\n\n\n<p><strong>Es momento de hablar sobre uno de los procedimientos m\u00e1s importantes de la plataforma<\/strong>. <strong><a href=\"https:\/\/recor.to\/stakepe\" target=\"_blank\" rel=\"noreferrer noopener nofollow sponsored\">Crear una cuenta <\/a><\/strong>es una operaci\u00f3n sencilla en donde tendr\u00e1s que brindar una serie de datos esenciales que te permitir\u00e1n operar dentro del sitio de manera segura. Este registro debe ser hecho con cuidado, asegurando que toda la informaci\u00f3n sea v\u00e1lida y pueda verificarse en un futuro para evitar posibles inconvenientes.<\/p>\n\n\n\n<p>Lo primero que deber\u00e1s hacer es ubicar en la parte superior derecha de la pantalla el bot\u00f3n de &#8220;Registrarse&#8221;. <strong>Una vez ah\u00ed, te encontrar\u00e1s con una serie de campos a completar como tu direcci\u00f3n de correo, nombre y apellido, pa\u00eds de residencia y moneda con la cual operar\u00e1s dentro del sitio<\/strong>. Por \u00faltimo, es importante que aceptes los t\u00e9rminos y condiciones del sitio para completar el procedimiento y efectivamente crear tu cuenta. Ahora podr\u00e1s <strong><a href=\"https:\/\/recor.to\/stakepe\" target=\"_blank\" rel=\"noreferrer noopener nofollow sponsored\">disfrutar de las ofertas<\/a><\/strong> que trae consigo la plataforma como Stake bono Casino, la Carrera Semanal y otros privilegios especiales.<\/p>\n\n\n\n<p><strong>Debes recordar que tomarte el tiempo que creas necesario para poner tu informaci\u00f3n personal es realmente esencial<\/strong>. Esto determinar\u00e1 tu experiencia futura dentro de la plataforma y creara una v\u00eda de comunicaci\u00f3n directa con Stake en el caso de que percibas alg\u00fan tipo de inconveniente. Adem\u00e1s, el servicio al cliente se encontrar\u00e1 a tus disposici\u00f3n ante cualquier duda o explicaci\u00f3n que necesites sobre como apostar, mercados disponibles, ingreso de saldo y otras cuestiones.<\/p>\n\n\n\n<h2 class=\"wp-block-heading\"><strong>M\u00e9todos de pago<\/strong><\/h2>\n\n\n\n<p><strong>Para disfrutar de Stake Bono Casino y todas las ofertas disponibles en el sitio, es importante primero conocer los m\u00e9todos de pago habilitados para poder<\/strong> <strong><a href=\"https:\/\/recor.to\/stakepe\" target=\"_blank\" rel=\"noreferrer noopener nofollow sponsored\">ingresar dinero en tu cuenta<\/a><\/strong>. Como sabr\u00e1s, Stake es considerado un criptocasino, t\u00e9rmino novedoso para el mercado de las apuestas online. Esto significa que las opciones disponibles para acreditar saldo en tu cuenta es a trav\u00e9s de criptomonedas. Esta es considerada una de las monedas m\u00e1s seguras a nivel internacional para operar de manera virtual y evitar posibles actividades fraudulentas que perjudiquen tus ganancias.<\/p>\n\n\n\n<p><strong>Las criptomonedas habilitadas para utilizar son tambi\u00e9n son las m\u00e1s utilizadas en el mundo para opera<\/strong>r, por lo que no tendr\u00e1s ning\u00fan tipo de inconvenientes en vincularlas con la plataforma y disfrutar de Stake Bono Casino. Las mismas son: <strong>Bitcoin, <strong>Ethereum<\/strong>, Ripple, <strong>Tron<\/strong><\/strong>,<strong> Tether, Dogecoin y Bitcoincash<\/strong>. Todas ellas tienen acreditaciones inmediatas, es decir que en solo segundos podr\u00e1s percibir tu saldo dentro de tu cuenta, lo mismo ocurre con los retiros. El anonimato total en tus operaciones es una cuesti\u00f3n central con la utilizaci\u00f3n de criptomonedas.<\/p>\n\n\n\n<p><strong>La compra de las mismas tambi\u00e9n puede realizarse dentro del sitio<\/strong>. A trav\u00e9s de Google Pay, Apple Pay y Samsung Pay. Para realizar esta operaci\u00f3n, lo primero que debes hacer es dirigirte a la opci\u00f3n de &#8220;Monedero&#8221; y luego hacer click en &#8220;Comprar Criptomonedas&#8221;. Luego de una verificaci\u00f3n 2FA, y dependiendo de la cotizaci\u00f3n vigente del d\u00eda, podr\u00e1s completar la operaci\u00f3n y acreditar criptomonedas en tu cuenta para disfrutar, por ejemplo, de Stake Bono Casino y otras ofertas exclusivas que posee la plataforma. Podr\u00e1s encontrar m\u00e1s informaci\u00f3n sobre los bonos en esta casa de apuesta en el <strong><a href=\"https:\/\/supercuotas.gratis\/pe\/\" target=\"_blank\" rel=\"noreferrer noopener\">siguiente art\u00edculo<\/a><\/strong>.<\/p>\n\n\n\n<h2 class=\"wp-block-heading\"><strong>Juegos disponibles<\/strong><\/h2>\n\n\n\n<p><strong>La estrella del momento dentro de la plataforma, adem\u00e1s de Stake Bono Casino y sus ofertas especiales, es sin lugar a dudas los mercados de juegos<\/strong>. La gran variedad que el sitio posee lo convierte en una opci\u00f3n fascinante para divertirse sin parar sabiendo que las posibilidades son casi ilimitadas. En cuanto a los juegos, hay que decir que los cl\u00e1sicos como Ruleta, BlackJack, P\u00f3ker y Baccarat se encuentran habilitados para disfrutar. <\/p>\n\n\n\n<p>En cuanto a las apuestas deportivas, tenemos que decir que este mercado es uno de los m\u00e1s importantes. <strong>Ya sea para f\u00fatbol, tenis, NBA y NLF como tambi\u00e9n f\u00fatbol americano y hockey sobre hielo<\/strong>. Todas estas opciones con sus respectivas ligas alrededor del mundo para que <strong><a href=\"https:\/\/recor.to\/stakepe\" target=\"_blank\" rel=\"noreferrer noopener nofollow sponsored\">jugar sin l\u00edmites<\/a><\/strong> sea una verdadera aventura. Con las apuestas deportivas podr\u00e1s apoyar a tu equipo favorito desde donde sea, sin importar el horario ni el lugar, o desde la comodidad de tu casa. Todos estos beneficios son parte de una de las casas de apuestas m\u00e1s importantes en el mundo, con la cual podr\u00e1s aprovechar tus habilidades y convertirte en un apostador profesional.<\/p>\n\n\n\n<figure class=\"wp-block-image size-full is-resized\"><a href=\"https:\/\/recor.to\/stakepe\" target=\"_blank\" rel=\"noreferrer noopener nofollow sponsored\"><img decoding=\"async\" width=\"778\" height=\"314\" src=\"https:\/\/supercuotas.gratis\/wp-content\/uploads\/2022\/12\/stake-bono-bienvenida-casino.png\" alt=\"stake bono bienvenida casino\" class=\"wp-image-25083\" style=\"width:1340px;height:541px\" srcset=\"https:\/\/supercuotas.gratis\/wp-content\/uploads\/2022\/12\/stake-bono-bienvenida-casino.png 778w, https:\/\/supercuotas.gratis\/wp-content\/uploads\/2022\/12\/stake-bono-bienvenida-casino-300x121.png 300w, https:\/\/supercuotas.gratis\/wp-content\/uploads\/2022\/12\/stake-bono-bienvenida-casino-768x310.png 768w\" sizes=\"(max-width: 778px) 100vw, 778px\" \/><\/a><\/figure>\n\n\n\n<h2 class=\"wp-block-heading\"><strong>Preguntas Frecuentes<\/strong><\/h2>\n\n\n\n<div class=\"wp-block-rank-math-faq-block\"><div class=\"rank-math-faq-item\"><h3 class=\"rank-math-question\">\u00bfQu\u00e9 es Stake?<\/h3><div class=\"rank-math-answer\">Stake es una de las casas de apuesta con m\u00e1s prestigio a nivel internacional.<\/div><\/div><div class=\"rank-math-faq-item\"><h3 class=\"rank-math-question\">\u00bfStake es confiable?<\/h3><div class=\"rank-math-answer\">Por supuesto que si. La plataforma cuenta con una licencia de car\u00e1cter internacional otorgada por el gobierno de Curazao.<\/div><\/div><div class=\"rank-math-faq-item\"><h3 class=\"rank-math-question\">\u00bfEs f\u00e1cil registrarse?<\/h3><div class=\"rank-math-answer\">En menos de cinco minutos estar\u00e1s habilitado para jugar.<\/div><\/div><div class=\"rank-math-faq-item\"><h3 class=\"rank-math-question\">\u00bfExisten diferentes m\u00e9todos de pago?<\/h3><div class=\"rank-math-answer\">El casino cuenta con varias opciones de criptomonedas para depositar.<\/div><\/div><div class=\"rank-math-faq-item\"><h3 class=\"rank-math-question\">\u00bfPuedo solicitar un Bono para Casino?<\/h3><div class=\"rank-math-answer\">Puedes aprovechar una gran cantidad de ofertas para Casino y apuestas deportivas.<\/div><\/div><div class=\"rank-math-faq-item\"><h3 class=\"rank-math-question\">\u00bfQu\u00e9 juegos ofrece la plataforma?<\/h3><div class=\"rank-math-answer\">Para juegos de Casino, Stake ofrece una gran cantidad de t\u00edtulos disponibles.<\/div><\/div><div class=\"rank-math-faq-item\"><h3 class=\"rank-math-question\">\u00bfHay opciones con apuestas deportivas?<\/h3><div class=\"rank-math-answer\">Desde luego. Las mejores ligas del mundo tienen ofertas especiales habilitadas para jugar.<\/div><\/div><\/div>\n","protected":false},"excerpt":{"rendered":"<p>Stake bono casino es sin lugar a dudas una ayuda excepcional. Y todo eso lo encontrar\u00e1s en el casino online por excelencia en el mercado que vamos a presentarte a continuaci\u00f3n. No queremos generan tanta expectativa, porque seguramente ya sabes a lo que nos referimos. Hoy vamos a introducirte en el universo de Stake y &#8230; <a title=\"Stake Bono Casino \u00bb \u00a1100% EXTRA en Welcome Bonus!\" class=\"read-more\" href=\"https:\/\/supercuotas.gratis\/pe\/stake-bono-casino-especial-peru\/\" aria-label=\"Read more about Stake Bono Casino \u00bb \u00a1100% EXTRA en Welcome Bonus!\">Read more<\/a><\/p>\n","protected":false},"author":72,"featured_media":0,"parent":0,"menu_order":0,"comment_status":"closed","ping_status":"closed","template":"","meta":{"_uag_custom_page_level_css":"","generate_page_header":"","footnotes":""},"class_list":["post-25064","page","type-page","status-publish"],"uagb_featured_image_src":{"full":false,"thumbnail":false,"medium":false,"medium_large":false,"large":false,"1536x1536":false,"2048x2048":false},"uagb_author_info":{"display_name":"Lautaro","author_link":"https:\/\/supercuotas.gratis\/pe\/author\/lautaro\/"},"uagb_comment_info":0,"uagb_excerpt":"Stake bono casino es sin lugar a dudas una ayuda excepcional. Y todo eso lo encontrar\u00e1s en el casino online por excelencia en el mercado que vamos a presentarte a continuaci\u00f3n. No queremos generan tanta expectativa, porque seguramente ya sabes a lo que nos referimos. Hoy vamos a introducirte en el universo de Stake y&hellip;","_links":{"self":[{"href":"https:\/\/supercuotas.gratis\/pe\/wp-json\/wp\/v2\/pages\/25064","targetHints":{"allow":["GET"]}}],"collection":[{"href":"https:\/\/supercuotas.gratis\/pe\/wp-json\/wp\/v2\/pages"}],"about":[{"href":"https:\/\/supercuotas.gratis\/pe\/wp-json\/wp\/v2\/types\/page"}],"author":[{"embeddable":true,"href":"https:\/\/supercuotas.gratis\/pe\/wp-json\/wp\/v2\/users\/72"}],"replies":[{"embeddable":true,"href":"https:\/\/supercuotas.gratis\/pe\/wp-json\/wp\/v2\/comments?post=25064"}],"version-history":[{"count":1,"href":"https:\/\/supercuotas.gratis\/pe\/wp-json\/wp\/v2\/pages\/25064\/revisions"}],"predecessor-version":[{"id":44616,"href":"https:\/\/supercuotas.gratis\/pe\/wp-json\/wp\/v2\/pages\/25064\/revisions\/44616"}],"wp:attachment":[{"href":"https:\/\/supercuotas.gratis\/pe\/wp-json\/wp\/v2\/media?parent=25064"}],"curies":[{"name":"wp","href":"https:\/\/api.w.org\/{rel}","templated":true}]}}