{"id":24578,"date":"2022-11-29T19:47:02","date_gmt":"2022-11-29T18:47:02","guid":{"rendered":"https:\/\/supercuotas.gratis\/?page_id=24578"},"modified":"2022-12-04T22:30:00","modified_gmt":"2022-12-04T21:30:00","slug":"trustdice-bono-casino-especial-peru","status":"publish","type":"page","link":"https:\/\/supercuotas.gratis\/pe\/trustdice-bono-casino-especial-peru\/","title":{"rendered":"TrustDice Bono Casino \u00bb \u00a13 BTC + 25 Giros GRATIS!"},"content":{"rendered":"\n<p>\u00bfEst\u00e1s en busca de un lugar divertido para apostar y ganar criptomonedas? Descubre el<strong> TrustDice Bono Casino y disfruta al m\u00e1ximo de uno de los mejores sitios disponibles en Per\u00fa.<\/strong> <a href=\"https:\/\/trustdice.win\/promotions\/welcome-package?ref=g8854586659153\" target=\"_blank\" rel=\"noreferrer noopener\">\u00a1Hazte un usuario sin dudarlo! <\/a><\/p>\n\n\n\n<figure class=\"wp-block-image size-full\"><a href=\"https:\/\/recor.to\/trustdice\" target=\"_blank\" rel=\"noreferrer noopener nofollow sponsored\"><img fetchpriority=\"high\" decoding=\"async\" width=\"750\" height=\"480\" src=\"https:\/\/supercuotas.gratis\/wp-content\/uploads\/2022\/11\/trustdice-bono-bienvenida.jpeg\" alt=\"trustdice bono bienvenida\" class=\"wp-image-24588\" srcset=\"https:\/\/supercuotas.gratis\/wp-content\/uploads\/2022\/11\/trustdice-bono-bienvenida.jpeg 750w, https:\/\/supercuotas.gratis\/wp-content\/uploads\/2022\/11\/trustdice-bono-bienvenida-300x192.jpeg 300w\" sizes=\"(max-width: 750px) 100vw, 750px\" \/><\/a><\/figure>\n\n\n\n<h2 class=\"wp-block-heading\" id=\"h-informacion-general-sobre-trustdice\">\u00bfQui\u00e9n es Trustdice?<\/h2>\n\n\n\n<p>Los criptocasinos han dejado se ser una novedad para transformarse definitivamente en las alternativas preferidas de los apostadores. <strong><a href=\"https:\/\/trustdice.win\/promotions\/welcome-package?ref=g8854586659153\" type=\"URL\" id=\"https:\/\/recor.to\/trustdice\" rel=\"nofollow noopener sponsored\">TrustDice<\/a> es una de <a href=\"https:\/\/supercuotas.gratis\/pe\/\" target=\"_blank\" rel=\"noreferrer noopener\">las mejores plataformas de Per\u00fa<\/a> <\/strong>y muchos pa\u00edses alrededor del mundo, tantos que se encuentra <strong>disponible en 19 idiomas.<\/strong> Evidentemente, estamos hablando de una casa de renombre internacional cuya comunidad online crece d\u00eda tras d\u00eda desde 2018. \u00a1Es m\u00e1s, est\u00e1 a punto de llegar al mill\u00f3n de jugadores!<\/p>\n\n\n\n<p><strong>TrustDice es un sitio construido con tecnolog\u00eda Blockchain<\/strong> operado por la empresa Satoshi Gaming Group. Su principal caracter\u00edstica es que <strong>admite pagos con criptomonedas<\/strong>, las famosas monedas virtuales que no paran de ganar adeptos a lo largo y ancho del mundo. Asimismo, cuenta con los permisos correspondientes para operar en territorio nacional, por lo cual es un espacio totalmente legal, seguro y transparante.<\/p>\n\n\n\n<p>\u00bfQu\u00e9 decir de su oferta de apuestas y juegos? Es verdaderamente aluscinante. Ya lo veremos en detalle, pero si te atraen los<strong> deportes, los esports, los dados, los juegos Crash, el casino y casino en vivo<\/strong>, \u00e9ste es el lugar indicado para t\u00ed. Como si esto fuera poco, <strong>el TrustDice bono casino les otorga hasta 3 BTC a los nuevos jugadores que se registran en el sitio. <\/strong>\u00a1No dudes en ser uno de ellos!<\/p>\n\n\n\n<p>Puedes acceder desde el operador o cualquier dispositivo m\u00f3vil como port\u00e1tiles, iPads, tablets o smartphones, ya que la p\u00e1gina tiene un dise\u00f1o responsive que le permite adaptarse sin problemas a la pantalla donde se est\u00e9 visualizando. Entonces, divi\u00e9rtete en el maravilloso mundo online de TrustDice en cualquier lugar y a toda hora. <\/p>\n\n\n\n<h2 class=\"wp-block-heading\">Esto es todo lo que puedes hacer en TrustDice<\/h2>\n\n\n\n<p><strong>La plataforma de TrustDice es una de las m\u00e1s atractivas del mercado<\/strong>. En ella predominan los tonos violetas, la armon\u00eda y funcionalidad. Su oferta de entretenimiento es muy amplia y s\u00faper variada; aun s\u00ed, todo est\u00e1 perfectamente ordenado para encontrar lo que estamos buscando en cuesti\u00f3n de segundos. Por empezar, el men\u00fa principal contiene estas secciones: <strong>Deportes, Esports, Dados, Cras, Casino y Casino en vivo.&nbsp;<\/strong>De ellas se desprenden miles de opciones para apostar. <a href=\"https:\/\/trustdice.win\/promotions\/welcome-package?ref=g8854586659153\" target=\"_blank\" rel=\"noreferrer noopener\">\u00a1Date una vuelta por la web!<\/a><\/p>\n\n\n\n<p><strong>El Sportsbook de TrustDice comprende alrededor de 40 disciplinas<\/strong>, decenas de mercados y las cuotas m\u00e1s competitivas para desafiar a la suerte en eventos nacionales e internacionales. S\u00f3lo tienes que entrar en la web y localizar en el lado izquierdo la lista de deportes ordenados alfab\u00e9ticamente. \u00a1Est\u00e1n todos! F\u00fatbol, tenis, v\u00f3leibol, baloncesto, hockey sobre hielo, f\u00fatbol americano y gol, por dar s\u00f3lo algunos ejemplos. <\/p>\n\n\n\n<p><strong>El casino incluye ni m\u00e1s ni menos que 2.000 juegos<\/strong>, una selecci\u00f3n impresionante conformada por una enorme variedad de <strong>m\u00e1quinas tragamonedas, juegos de cartas (blackjack, b\u00e1ccarat, p\u00f3ker) y ruletas. Los dados y crash Bitcoin<\/strong> tienen su propia lugar reservado dentro de esta p\u00e1gina, de modo que es una de las principales alternativas elegidas por los jugadores peruanos. &nbsp;Y si quieres llevar tus emociones un poco m\u00e1s all\u00e1, tienes que visitar las<strong> salas en vivo<\/strong>. Hay una buena cantidad de mesas de blackjack, b\u00e1ccarat, ruletas y mucho m\u00e1s, cada una de ellas con un crupier encargado de guiar las partidas. \u00bfTe animas a desafiar a otros jugadores? <\/p>\n\n\n\n<p>TrustDice brinda un servicio serio y de la mejor calidad gracias a sus lazos con los proveedores m\u00e1s importantes del sector, como <strong>Evolution Gaming, GameArt, Bgaming, Habanero, BetSoft, Pragmatic Play. <\/strong>\u00bfLa frutilla del postre? Ahora mismo puedes solicitar el TrustDice bono casino, la mejor promoci\u00f3n de bienvenida para disfrutar en la plataforma favorita de todos los peruanos. \u00a1Adelante!<\/p>\n\n\n\n<h2 class=\"wp-block-heading\">Bono TrustDice para casino<\/h2>\n\n\n\n<p>Esto que venimos llamando TrustDice bono casino en realidad es un tremendo Paquete de bienvenida. Es que<strong> la casa te regala no uno sino tres bonos con tus primeros tres dep\u00f3sitos<\/strong>. \u00a1Asombroso! Desde el primer momento gozar\u00e1s de beneficios impresionantes que ir\u00e1s descubriendo poco a poco luego de <a href=\"https:\/\/trustdice.win\/promotions\/welcome-package?ref=g8854586659153\" target=\"_blank\" rel=\"noreferrer noopener\">registrar una cuenta<\/a> y a medida que recorras todos los rincones de la p\u00e1gina. <\/p>\n\n\n\n<p>Si est\u00e1s ansioso por conocer m\u00e1s sobre TrustDice y cada una de las promociones disponibles, te dejamos <a href=\"https:\/\/supercuotas.gratis\/pe\/trustdice\/\" target=\"_blank\" rel=\"noreferrer noopener\">esta rese\u00f1a completa<\/a> sobre la casa y m\u00e1s detalles de la promoci\u00f3n de bienvenida. \u00a1Ahora s\u00ed! Pon atenci\u00f3n a la informaci\u00f3n que vamos a presentarte y no dejes pasar esta maravillosa oportunidad de jugar con dinero de regalo.<\/p>\n\n\n\n<h3 class=\"wp-block-heading\">Bono de primer dep\u00f3sito<\/h3>\n\n\n\n<p>Consiste en una <strong>bonificaci\u00f3n del 100% del primer dep\u00f3sito <\/strong>hasta<strong> $30,000 o 1 BTC + 25 giros gratis.<\/strong> Para obtener esta recompensa es necesario que deposites al menos&nbsp;0,0003 BTC. Luego, deber\u00e1s cumplir un requisito de apuesta de x35 dentro de los 7 d\u00edas posteriores a la acreditaci\u00f3n del bono \u00fanicamente en m\u00e1quinas tragamonedas. Las apuestas que contribuyen al rollover son las que se realizan con un monto menor a 0,0007 BTC. Por \u00faltimo, puedes llevarte como m\u00e1ximo 0,005 BTC como ganancias derivadas de los giros gratis. \u00c9ste es s\u00f3lo el comienzo de TrustDice bono casino.<\/p>\n\n\n\n<h3 class=\"wp-block-heading\" id=\"h-bono-de-segundo-deposito\">Bono de segundo dep\u00f3sito<\/h3>\n\n\n\n<p>Una vez que hayas completado el rollover del primer TrustDice bono casino, estar\u00e1s en condiciones de realizar el pr\u00f3ximo dep\u00f3sito m\u00ednimo de&nbsp;0,0004 BTC para obtener el<strong> 75% adicional hasta<\/strong> <strong>$30,000 \/ 1 BTC<\/strong>. El rollover tambi\u00e9n es de x35 y el plazo para el cumplimiento del mismo es de 7 d\u00edas. <\/p>\n\n\n\n<h3 class=\"wp-block-heading\" id=\"h-bono-de-tercer-deposito\">Bono de tercer dep\u00f3sito<\/h3>\n\n\n\n<p>Ahora s\u00ed vamos llegando al final del TrustDice bono casino. El \u00faltimo beneficio consiste en un<strong> bono del 50% del tercer dep\u00f3sito, cuyo monto m\u00ednimo es de 0.0005 BTC<\/strong>. <strong>La bonificaci\u00f3n puede alcanzar nuevamente los $30,000 o 1 BTC<\/strong> y as\u00ed es como podr\u00e1s llegar a la sumatoria total de <strong>3 BTC \/ $90.000 <\/strong>con los tres dep\u00f3sitos. En este caso, el rollover aumenta a x40, es decir que deber\u00e1s apostar 40 veces el monto para poder retirar las ganancias.<\/p>\n\n\n\n<figure class=\"wp-block-image size-full\"><a href=\"https:\/\/trustdice.win\/promotions\/welcome-package?ref=g8854586659153\" target=\"_blank\" rel=\"noreferrer noopener\"><img decoding=\"async\" width=\"994\" height=\"259\" src=\"https:\/\/supercuotas.gratis\/wp-content\/uploads\/2022\/11\/trustdice-bono-casino.jpg\" alt=\"trustdice bono casino\" class=\"wp-image-24580\" srcset=\"https:\/\/supercuotas.gratis\/wp-content\/uploads\/2022\/11\/trustdice-bono-casino.jpg 994w, https:\/\/supercuotas.gratis\/wp-content\/uploads\/2022\/11\/trustdice-bono-casino-300x78.jpg 300w, https:\/\/supercuotas.gratis\/wp-content\/uploads\/2022\/11\/trustdice-bono-casino-768x200.jpg 768w\" sizes=\"(max-width: 994px) 100vw, 994px\" \/><\/a><\/figure>\n\n\n\n<h2 class=\"wp-block-heading\">\u00bfC\u00f3mo obtener el bono TrustDice para casino?<\/h2>\n\n\n\n<h3 class=\"wp-block-heading\" id=\"h-registrate-en-trustdice\">Primer paso: Crear una cuenta<\/h3>\n\n\n\n<p>Esto que vamos a explicarte es necesario no solamente para obtener el TrustDice bono casino sino tambi\u00e9n para acceder a cualquiera de las funciones que ofrece la p\u00e1gina.<strong> Es indispensable registrarse en cualquier sitio de apuestas y juegos de azar, fundamentalmente por razones legales y de seguridad. <\/strong>Para ello <strong>tienes que ser una persona mayor de 18 a\u00f1os y residir en Per\u00fa<\/strong>. \u00a1Solamente te llevar\u00e1 15 segundos!<\/p>\n\n\n\n<ol class=\"wp-block-list\">\n<li>En primer lugar,<a href=\"https:\/\/trustdice.win\/promotions\/welcome-package?ref=g8854586659153\" target=\"_blank\" type=\"URL\" id=\"https:\/\/recor.to\/trustdice\" rel=\"noreferrer noopener nofollow sponsored\"> ingresa al sitio oficial de&nbsp;Trustdice <\/a>mediante este enlace.<\/li>\n\n\n\n<li>Luego rellena los datos solicitados en el formulario. Solamente debes crear un usuario y una contrase\u00f1a e indicar tu correo electr\u00f3nico. <\/li>\n\n\n\n<li>A continuaci\u00f3n,<strong> acepta los T\u00e9rminos y condiciones de la p\u00e1gina<\/strong> y <strong>confirma que eres una persona mayor de 18 a\u00f1os.<\/strong><\/li>\n\n\n\n<li>Para finalizar, haz clic en el bot\u00f3n que dice <strong>Crear cuenta.<\/strong><\/li>\n<\/ol>\n\n\n\n<p>\u00a1As\u00ed de simple y r\u00e1pido! A diferencia de otros casinos, TrustDice ofrece un registro muy sencillo para que los clientes no pierdan tiempo con tr\u00e1mites engorrosos. \u00bfSabes qu\u00e9 es lo mejor? Que<strong> con s\u00f3lo registrarte en el sitio, te llevar\u00e1s autom\u00e1ticamente 100 Satoshis.<\/strong> Los Satoschis son puntos acumulables que sirven para intercambiar por distintos beneficios y subir de nivel en el Programa VIP. Entonces, cuanto m\u00e1s puntos acumules, mejor ser\u00e1 tu posici\u00f3n y mayores los premios recibidos.<\/p>\n\n\n\n<h3 class=\"wp-block-heading\">Segundo paso: realizar un dep\u00f3sito<\/h3>\n\n\n\n<p>Bien, una vez que hayas finalizado con el registro de tu cuenta, puedes ir al siguiente paso y realizar el primer dep\u00f3sito. Esto te llevar\u00e1 directamente al TrustDice bono casino. Lo que tienes que hacer es<a href=\"https:\/\/trustdice.win\/promotions\/welcome-package?ref=g8854586659153\" target=\"_blank\" rel=\"noreferrer noopener\"> iniciar sesi\u00f3n en tu cuenta<\/a> y dirigirte a la pesta\u00f1a de <strong>Pagos<\/strong>. Aqu\u00ed ver\u00e1s todas las criptomonedas disponibles. Por supuesto que la m\u00e1s conocida es Bitcoin, pero tambi\u00e9n puedes utilizar <strong>BTC, EOS, ETH, USDT, TXT y TRX<\/strong>, por mencionar algunas.<\/p>\n\n\n\n<p>Te recordamos que el monto m\u00ednimo de dep\u00f3sito para obtener el primer bono es de 0,0003 BTC. Entonces, elige una cripto, indica el valor de la recarga y confirma la operaci\u00f3n. Por fortuna, si quieres optar por un medio m\u00e1s tradicional, TrustDice te permite hacer pagos con <strong>tarjetas de cr\u00e9dito y d\u00e9bito VISA y Mastercard o transferencias bancarias.<\/strong><\/p>\n\n\n\n<figure class=\"wp-block-image size-full\"><a href=\"https:\/\/trustdice.win\/promotions\/welcome-package?ref=g8854586659153\" target=\"_blank\" rel=\"noreferrer noopener\"><img decoding=\"async\" width=\"992\" height=\"469\" src=\"https:\/\/supercuotas.gratis\/wp-content\/uploads\/2022\/11\/trustdice-bono-bienvenida-casino.jpg\" alt=\"trustdice bono bienvenida casino\" class=\"wp-image-24597\" srcset=\"https:\/\/supercuotas.gratis\/wp-content\/uploads\/2022\/11\/trustdice-bono-bienvenida-casino.jpg 992w, https:\/\/supercuotas.gratis\/wp-content\/uploads\/2022\/11\/trustdice-bono-bienvenida-casino-300x142.jpg 300w, https:\/\/supercuotas.gratis\/wp-content\/uploads\/2022\/11\/trustdice-bono-bienvenida-casino-768x363.jpg 768w\" sizes=\"(max-width: 992px) 100vw, 992px\" \/><\/a><\/figure>\n\n\n\n<h2 class=\"wp-block-heading\">Preguntas frecuentes<\/h2>\n\n\n\n<div class=\"wp-block-rank-math-faq-block\"><div class=\"rank-math-faq-item\"><h3 class=\"rank-math-question\">\u00bfEs TrustDice un sitio recomendable para jugar?<\/h3><div class=\"rank-math-answer\">100% recomendable. TrustDice es uno de ls criptocasinos l\u00edderes de la industria.<\/div><\/div><div class=\"rank-math-faq-item\"><h3 class=\"rank-math-question\">\u00bfC\u00f3mo puedo registrarme aqu\u00ed?<\/h3><div class=\"rank-math-answer\">Tienes que acceder a la web oficial del casino y en el un breve formulario crear un usuario, una contrase\u00f1a e indicar tu correo electr\u00f3nico. <\/div><\/div><div class=\"rank-math-faq-item\"><h3 class=\"rank-math-question\">\u00bfQu\u00e9 es el TrustDice bono casino?<\/h3><div class=\"rank-math-answer\">Es una promoci\u00f3n de bienvenida con la cual puedes obtener hasta 3BTC + 25 giros gratis con tus primeros tres dep\u00f3sitos.<\/div><\/div><div class=\"rank-math-faq-item\"><h3 class=\"rank-math-question\">\u00bfC\u00f3mo solicito esta oferta?<\/h3><div class=\"rank-math-answer\">Luego de registrar una cuenta, realiza un dep\u00f3sito de al menos 0,0003 BTC y obt\u00e9n hasta 1BTC + 25 giros gratis. El segundo dep\u00f3sito m\u00ednmo es de 0,0004 BTC y el tercero de 0,0005. Con cada uno ellos puedes conseguir 1BTC m\u00e1s.<\/div><\/div><div class=\"rank-math-faq-item\"><h3 class=\"rank-math-question\">\u00bfTienen estos bonos requisito de apuesta?<\/h3><div class=\"rank-math-answer\">Los bonos de primer y segundo dep\u00f3sito tienen un rollover de x35 y el tercero de x40.<\/div><\/div><div class=\"rank-math-faq-item\"><h3 class=\"rank-math-question\">\u00bfDebo ser mayor de 18 a\u00f1os para jugar en TrustDice?<\/h3><div class=\"rank-math-answer\">S\u00ed, es obligatorio ser mayor de edad para registrarse y jugar en TrustDice.<\/div><\/div><div class=\"rank-math-faq-item\"><h3 class=\"rank-math-question\">\u00bfCu\u00e1les son algunas de las criptomonedas admitidas?<\/h3><div class=\"rank-math-answer\"> Algunas de ellas son BTC, EOS, ETH, USDT, TXT y TRX.<\/div><\/div><\/div>\n","protected":false},"excerpt":{"rendered":"<p>\u00bfEst\u00e1s en busca de un lugar divertido para apostar y ganar criptomonedas? Descubre el TrustDice Bono Casino y disfruta al m\u00e1ximo de uno de los mejores sitios disponibles en Per\u00fa. \u00a1Hazte un usuario sin dudarlo! \u00bfQui\u00e9n es Trustdice? Los criptocasinos han dejado se ser una novedad para transformarse definitivamente en las alternativas preferidas de los &#8230; <a title=\"TrustDice Bono Casino \u00bb \u00a13 BTC + 25 Giros GRATIS!\" class=\"read-more\" href=\"https:\/\/supercuotas.gratis\/pe\/trustdice-bono-casino-especial-peru\/\" aria-label=\"Read more about TrustDice Bono Casino \u00bb \u00a13 BTC + 25 Giros GRATIS!\">Read more<\/a><\/p>\n","protected":false},"author":76,"featured_media":0,"parent":0,"menu_order":0,"comment_status":"closed","ping_status":"closed","template":"","meta":{"_uag_custom_page_level_css":"","generate_page_header":"","footnotes":""},"class_list":["post-24578","page","type-page","status-publish"],"uagb_featured_image_src":{"full":false,"thumbnail":false,"medium":false,"medium_large":false,"large":false,"1536x1536":false,"2048x2048":false},"uagb_author_info":{"display_name":"Karen","author_link":"https:\/\/supercuotas.gratis\/pe\/author\/karen\/"},"uagb_comment_info":0,"uagb_excerpt":"\u00bfEst\u00e1s en busca de un lugar divertido para apostar y ganar criptomonedas? Descubre el TrustDice Bono Casino y disfruta al m\u00e1ximo de uno de los mejores sitios disponibles en Per\u00fa. \u00a1Hazte un usuario sin dudarlo! \u00bfQui\u00e9n es Trustdice? Los criptocasinos han dejado se ser una novedad para transformarse definitivamente en las alternativas preferidas de los&hellip;","_links":{"self":[{"href":"https:\/\/supercuotas.gratis\/pe\/wp-json\/wp\/v2\/pages\/24578","targetHints":{"allow":["GET"]}}],"collection":[{"href":"https:\/\/supercuotas.gratis\/pe\/wp-json\/wp\/v2\/pages"}],"about":[{"href":"https:\/\/supercuotas.gratis\/pe\/wp-json\/wp\/v2\/types\/page"}],"author":[{"embeddable":true,"href":"https:\/\/supercuotas.gratis\/pe\/wp-json\/wp\/v2\/users\/76"}],"replies":[{"embeddable":true,"href":"https:\/\/supercuotas.gratis\/pe\/wp-json\/wp\/v2\/comments?post=24578"}],"version-history":[{"count":0,"href":"https:\/\/supercuotas.gratis\/pe\/wp-json\/wp\/v2\/pages\/24578\/revisions"}],"wp:attachment":[{"href":"https:\/\/supercuotas.gratis\/pe\/wp-json\/wp\/v2\/media?parent=24578"}],"curies":[{"name":"wp","href":"https:\/\/api.w.org\/{rel}","templated":true}]}}