{"id":24575,"date":"2022-11-29T16:15:08","date_gmt":"2022-11-29T15:15:08","guid":{"rendered":"https:\/\/supercuotas.gratis\/?page_id=24575"},"modified":"2022-11-29T16:15:12","modified_gmt":"2022-11-29T15:15:12","slug":"playuzu-bono-casino-especial-peru","status":"publish","type":"page","link":"https:\/\/supercuotas.gratis\/pe\/playuzu-bono-casino-especial-peru\/","title":{"rendered":"PlayUZU Bono Casino \u00bb \u00a150 FREE Spins sin Restricciones!"},"content":{"rendered":"\n<p><strong>Para aquellos amantes de los casinos en l\u00ednea, traemos una buena opci\u00f3n para ellos.<\/strong> La misma es de un sitio el cual posee una gran experiencia dentro de este rubro. Claramente estamos hablando sobre PlayUZU, un sitio de apuestas l\u00edder dentro de Per\u00fa. <strong>El mismo trae para cada uno de sus usuarios el <a href=\"https:\/\/recor.to\/playuzuperu\" target=\"_blank\" rel=\"noreferrer noopener nofollow sponsored\">PlayUZU<\/a> bono casino,<\/strong> con el cual podr\u00e1s obtener hasta 50 FREE SPINS sin restricci\u00f3n alguna. <\/p>\n\n\n\n<figure class=\"wp-block-image size-large\"><a href=\"https:\/\/recor.to\/playuzuperu\" target=\"_blank\" rel=\"noreferrer noopener nofollow sponsored\"><img fetchpriority=\"high\" decoding=\"async\" width=\"1024\" height=\"401\" src=\"https:\/\/supercuotas.gratis\/wp-content\/uploads\/2022\/11\/playuzu-bono-casino-1024x401.png\" alt=\"playuzu bono casino\" class=\"wp-image-24643\" srcset=\"https:\/\/supercuotas.gratis\/wp-content\/uploads\/2022\/11\/playuzu-bono-casino-1024x401.png 1024w, https:\/\/supercuotas.gratis\/wp-content\/uploads\/2022\/11\/playuzu-bono-casino-300x118.png 300w, https:\/\/supercuotas.gratis\/wp-content\/uploads\/2022\/11\/playuzu-bono-casino-768x301.png 768w, https:\/\/supercuotas.gratis\/wp-content\/uploads\/2022\/11\/playuzu-bono-casino.png 1279w\" sizes=\"(max-width: 1024px) 100vw, 1024px\" \/><\/a><\/figure>\n\n\n\n<h2 class=\"wp-block-heading\">Un sitio confiable y con experiencia, siempre es PlayUZU<\/h2>\n\n\n\n<p>La experiencia y los a\u00f1os, avalan a un casino en l\u00ednea como es PlayUZU, el cual cuenta con una enorme trayectoria dentro de este grandioso rubro. El mismo cuenta con un sitio l\u00edder, y dentro de \u00e9l una gran interfaz. <strong>Siendo la misma, una de las razones por las cuales los usuarios eligen este sitio. <\/strong>Tienes que tener en cuenta que, dentro de esta casa de apuestas, podr\u00e1s encontrar todo lo necesario para poder realizar apuestas, obtener bonos y promociones, pero por sobre todas las cosas, estar\u00e1s sumanete protegido. En el caso que cuentes con dudas al respecto de alg\u00fan proceso, podr\u00e1s acceder a su gran atenci\u00f3n al cliente. <strong>La cual, est\u00e1 disponible las 24 horas del d\u00eda. <\/strong><\/p>\n\n\n\n<p>Cuando accedas dentro de este <a href=\"https:\/\/recor.to\/playuzuperu\" target=\"_blank\" rel=\"noreferrer noopener nofollow sponsored\">casino l\u00edder en Per\u00fa<\/a>,<strong> podr\u00e1s acceder a una gran variedad de juegos de apuestas<\/strong>. Siendo todos y cada uno de ellos, sumamente seguros, ya que los mismos est\u00e1n distribuidos por los mejores proveedores de apuestas. <strong>Dentro de este sitio, podr\u00e1s encontrar juegos de casino, casino en l\u00edne<\/strong>a, entre otra grandes variedad de ramas de apuestas. Las cuales, podr\u00e1s acceder a una gran variedad de proveedores. <\/p>\n\n\n\n<p>Claro que podr\u00e1s acceder a bonos y promociones, las cuales podr\u00e1s encontrar una gran variedad de ellas. Las mismas te dar\u00e1n los mejores beneficios. Para que puedas conocer en profundidad todo lo que tiene para ti este sitio, <a href=\"https:\/\/supercuotas.gratis\/pe\/playuzu\/\" target=\"_blank\" rel=\"noreferrer noopener\">te dejamos un articulo especial sobre el mismo<\/a>. <strong>Ya que hoy, solamente nos centraremos en el PlayUZU bono casino. <\/strong><\/p>\n\n\n\n<h2 class=\"wp-block-heading\">Antes de acceder al PlayUZU bono casino, debes saber esta informaci\u00f3n<\/h2>\n\n\n\n<p>Dentro de este sitio de apuestas, podr\u00e1s encontrar una gran variedad de beneficios, algo que ya hemos mencionado. <strong>Es por eso que deber\u00e1s tener en cuenta ciertas cosas. <\/strong>No todos los beneficios podr\u00e1n ser accedidos por todos los usuarios, ya que cada uno de ellos poseen distintos t\u00e9rminos y condiciones. Adem\u00e1s, los bonos cuentan con disponibilidad en distintas ramas, lo que quiere decir que no todos los bonos est\u00e1n disponibles dentro de todas las ramas.<strong> En algunos casos, estos beneficios son compartidos y el mismo te dar\u00e1 beneficios en casino u otra rama. <\/strong><\/p>\n\n\n\n<p>En este caso, estamos presentandote un bono de bienvenida, el cual te permitir\u00e1 acceder a los mejores beneficios de este sitio de apuestas. Tienes que tener en cuenta que, cada uno de estos bonos cuentan con t\u00e9rminos y condiciones. <strong>En el caso que no sigas con cada uno de estos t\u00e9rminos y condiciones, no tendr\u00e1s la posibilidad de acceder a estos beneficios<\/strong>. Recuerda que, estos t\u00e9rminos <a href=\"https:\/\/recor.to\/playuzuperu\" target=\"_blank\" rel=\"noreferrer noopener nofollow sponsored\">podr\u00e1s accederlos dentro del sitio oficial de PlayUZU<\/a>.<\/p>\n\n\n\n<p>Todo lo que debes saber sobre este beneficio, te lo contaremos a continuaci\u00f3n,<strong> pero era de suma importancia que, conozcas un poco sobre los beneficios de este sitio. P<\/strong>ara que de esta manera, puedas ingresar de manera correcta y acceder a cada uno de est\u00e1s promociones. Recuerda que, para poder acceder a todos y cada uno de estos beneficios, deber\u00e1s acceder a ser usuario de esta casa de apuestas. En el caso que no cuentes con un usuario dentro de este sitio, no podr\u00e1s acceder a ninguno de los beneficios que este sitio posee. <strong>Lo que significa que, tampoco podr\u00e1s acceder al bono para casino de PlayUZU.<\/strong><\/p>\n\n\n\n<h2 class=\"wp-block-heading\">PlayUZU bono casino, tu mejor opci\u00f3n<\/h2>\n\n\n\n<p>El bono para casino de PlayUZU, cuenta con una gran variedad de beneficios para que puedas acceder a \u00e9l. El mismo, te permitir\u00e1 acceder a 50 giros completamente gratis + 30 giros de sorpresa. Para que de esta manera puedas disfrutar de el mejor beneficio que, solo este sitio de apuestas cuenta dentro de su p\u00e1gina. <strong>Tienes que tener en cuenta que, los giros podr\u00e1n ser disfrutados dentro del slots llamado &#8220;Rich Wilde and the Book of Dead&#8221;, <\/strong>el mismo te permitir\u00e1 disfrutar de cada uno de estos giros.<\/p>\n\n\n\n<p>No hemos mencionado una cosa, es que dentro de esta casa de apuestas, podr\u00e1s encontrar bonos de bienvenida y promociones.<strong> Las cuales, claramente, no son iguales. <\/strong>Ya que en el caso del bono para casino de <a href=\"https:\/\/recor.to\/playuzuperu\" target=\"_blank\" rel=\"noreferrer noopener nofollow sponsored\">PlayUZU<\/a>, podr\u00e1n acceder quienes sean nuevos usuarios, siendo est\u00e1 una de las condiciones m\u00e1s importantes que este bono posee. Luego, podr\u00e1s acceder a encontrar las promociones, pudiendo ser accedidas por todos y cada uno de los usuarios registrados en este sitio. <strong>Luego de haber conocido esto, podr\u00e1s acceder de manera correcta a cada uno de estos beneficios.<\/strong> Luego de conocerlos, debes aprender a como acceder a este bono.<\/p>\n\n\n\n<p>Antes de aprender a como acceder al PlayUZU bono casino, <strong>debes recordar que dentro de este sitio, podr\u00e1s encontrar t\u00e9rminos y condiciones<\/strong>. No solo dentro de este sitio, sino que tambi\u00e9n dentro de esta casa de apuestas. Los cuales podr\u00e1s encontrar dentro del sitio oficial de este PlayUZU. Recuerda que, estos t\u00e9rminos y condiciones est\u00e1n apegadas a los t\u00e9rminos de esta casa de apuestas. En el caso que las incumplas, tambi\u00e9n podr\u00e1s incumplir con los t\u00e9rminos de este sitio. L<strong>uego de haber aclarado esto, ser\u00e1 momento de acceder a reclamar este grandioso beneficio. <\/strong><\/p>\n\n\n\n<figure class=\"wp-block-image size-large\"><a href=\"https:\/\/recor.to\/playuzuperu\" target=\"_blank\" rel=\"noreferrer noopener nofollow sponsored\"><img decoding=\"async\" width=\"1024\" height=\"459\" src=\"https:\/\/supercuotas.gratis\/wp-content\/uploads\/2022\/11\/playuzu-bono-bienvenida-1024x459.png\" alt=\"playuzu bono bienvenida\" class=\"wp-image-24653\" srcset=\"https:\/\/supercuotas.gratis\/wp-content\/uploads\/2022\/11\/playuzu-bono-bienvenida-1024x459.png 1024w, https:\/\/supercuotas.gratis\/wp-content\/uploads\/2022\/11\/playuzu-bono-bienvenida-300x135.png 300w, https:\/\/supercuotas.gratis\/wp-content\/uploads\/2022\/11\/playuzu-bono-bienvenida-768x344.png 768w, https:\/\/supercuotas.gratis\/wp-content\/uploads\/2022\/11\/playuzu-bono-bienvenida.png 1338w\" sizes=\"(max-width: 1024px) 100vw, 1024px\" \/><\/a><\/figure>\n\n\n\n<h2 class=\"wp-block-heading\">Proceso de reclamo, de tu beneficio<\/h2>\n\n\n\n<p><strong>Cada vez te encuentras m\u00e1s cerca de tu <a href=\"https:\/\/recor.to\/playuzuperu\" target=\"_blank\" rel=\"noreferrer noopener nofollow sponsored\">PlayUZU <\/a>bono casino, con el cual podr\u00e1s acceder a giros gratis. <\/strong>De esta manera, tendr\u00e1s la posibilidad de acceder a este sitio, y jugar de manera completamente segura. Esto se debe a que, dentro de esta casa de apuestas, podr\u00e1s encontrar una gran variedad de m\u00e9todos de seguridad. Con los cuales, podr\u00e1s estar sumamente seguro dentro de este sitio de apuestas. Tambi\u00e9n debes estar sumamente tranquilo, ya que dentro de esta p\u00e1gina de apuestas, <strong>podr\u00e1s encontrar la mejor interfaz, para que de esta manera puedas acceder de manera r\u00e1pida y sencilla a este sitio de apuestas.<\/strong><\/p>\n\n\n\n<p>Luego de haber conocido cada uno de los beneficios de este bono, <strong>tendr\u00e1s que ingresar dentro de tu usuario de esta <a href=\"https:\/\/recor.to\/playuzuperu\" target=\"_blank\" rel=\"noreferrer noopener nofollow sponsored\">casa de apuestas<\/a><\/strong>. En el caso que no hayas accedido a la creaci\u00f3n de un usuario, deber\u00e1s acceder al sitio oficial de esta casa de apuestas y registrarte. Luego de haber completado este proceso de registro, tendr\u00e1s que hacer &#8220;login&#8221; dentro de tu usuario. <strong>De esta manera, y una vez dentro de este sitio de apuestas, tendr\u00e1s que dirigirte al sector &#8220;promociones&#8221;.<\/strong> Al ser un bono de bienvenida, te aparecer\u00e1 un cartel al ingresar por primera vez a tu usuario. En el caso que esto no suceda, deber\u00e1s realizar el anterior paso.<\/p>\n\n\n\n<p>Cuando hayas realizado los pasos mencionados<strong>, deber\u00e1s realizar un ingreso m\u00ednimo de S\/10<\/strong>, para que de esta manera puedas acceder a este grandioso beneficio. Una vez que hayas completado el reclamo y luego el dep\u00f3sito, podr\u00e1s disfrutar de este grandioso beneficio. Tienes que tener en cuenta que, solamente podr\u00e1s acceder una vez a este beneficio. <strong>En el caso que, quieras volver a reclamar este bono para casino de PlayUZU, no podr\u00e1s hacerlo<\/strong>. Ahora ser\u00e1 momento de disfrutar tu bono.<\/p>\n\n\n\n<h2 class=\"wp-block-heading\">Conclusiones sobre el PlayUZU bono casino<\/h2>\n\n\n\n<p><strong>Todos estos pasos dentro de este <a href=\"https:\/\/recor.to\/playuzuperu\" target=\"_blank\" rel=\"noreferrer noopener nofollow sponsored\">prestigioso casino en l\u00ednea<\/a>, son completamente sencillos de realizar.<\/strong> Algo que habr\u00e1s visto ingresando a este escrito, ayudandote de manera sumamente sencilla y sin complicaciones. Tienes que saber que, cada uno de estos pasos podr\u00e1s realizarlos luego de haber visto este escrito. Para que de esta manera puedas acceder a tu bono para casino de PlayUZU, de manera simple, r\u00e1pida y sumamente eficaz. Es por eso que, luego de haber conocido este proceso, <strong>podr\u00e1s acceder al mejor sitio de apuestas dentro de Per\u00fa, y acceder a este fabuloso bono de bienvenida.<\/strong><\/p>\n\n\n\n<figure class=\"wp-block-image size-large\"><a href=\"https:\/\/recor.to\/playuzuperu\" target=\"_blank\" rel=\"noreferrer noopener nofollow sponsored\"><img decoding=\"async\" width=\"1024\" height=\"390\" src=\"https:\/\/supercuotas.gratis\/wp-content\/uploads\/2022\/11\/playuzu-bono-bienvenida-casino-1024x390.png\" alt=\"playuzu bono bienvenida casino\" class=\"wp-image-24661\" srcset=\"https:\/\/supercuotas.gratis\/wp-content\/uploads\/2022\/11\/playuzu-bono-bienvenida-casino-1024x390.png 1024w, https:\/\/supercuotas.gratis\/wp-content\/uploads\/2022\/11\/playuzu-bono-bienvenida-casino-300x114.png 300w, https:\/\/supercuotas.gratis\/wp-content\/uploads\/2022\/11\/playuzu-bono-bienvenida-casino-768x292.png 768w, https:\/\/supercuotas.gratis\/wp-content\/uploads\/2022\/11\/playuzu-bono-bienvenida-casino.png 1342w\" sizes=\"(max-width: 1024px) 100vw, 1024px\" \/><\/a><\/figure>\n\n\n<p>[ratings]<\/p>\n\n\n\n<div class=\"wp-block-rank-math-faq-block\"><div class=\"rank-math-faq-item\"><h3 class=\"rank-math-question\">\u00bfQu\u00e9 debo saber sobre PlayUZU?<\/h3><div class=\"rank-math-answer\">Lo principal que debes saber es que, este sitio es un casino sumamente en l\u00ednea. El mismo te dar\u00e1 la posibilidad de acceder a los mejores juegos de casino.<\/div><\/div><div class=\"rank-math-faq-item\"><h3 class=\"rank-math-question\">\u00bfPara poder acceder a este sitio debo ser usuario?<\/h3><div class=\"rank-math-answer\">Para poder acceder dentro de este sitio en l\u00ednea y acceder a tus beneficios, deber\u00e1s ser usuario.<\/div><\/div><div class=\"rank-math-faq-item\"><h3 class=\"rank-math-question\">\u00bfC\u00f3mo me registro en este sitio?<\/h3><div class=\"rank-math-answer\">Para acceder a un usuario dentro de esta casa de apuestas, deber\u00e1s ingresar a su p\u00e1gina principal y completar el formulario de registro.<\/div><\/div><div class=\"rank-math-faq-item\"><h3 class=\"rank-math-question\">\u00bfEs necesaria la verificaci\u00f3n de mi usuario?<\/h3><div class=\"rank-math-answer\">Para poder acceder a cada uno de los beneficios de este sitio, es sumamente necesario realizar este paso.<\/div><\/div><div class=\"rank-math-faq-item\"><h3 class=\"rank-math-question\">\u00bfCuenta cono beneficios este sitio?<\/h3><div class=\"rank-math-answer\">Claro que cuenta con beneficios, un ejemplo de ellos es el bono para casino de PlayUZU.<\/div><\/div><div class=\"rank-math-faq-item\"><h3 class=\"rank-math-question\">\u00bfQu\u00e9 es el PlayUZU bono casino?<\/h3><div class=\"rank-math-answer\">Este es un bono de bienvenida, con el cual podr\u00e1s acceder a obtener hasta 50 giros sumamente gratis.<\/div><\/div><div class=\"rank-math-faq-item\"><h3 class=\"rank-math-question\">\u00bfDebo ser mayor de edad para acceder a este sitio?<\/h3><div class=\"rank-math-answer\">Para acceder a esta casa de apuestas, deber\u00e1s haber cumplido la mayor\u00eda de edad. En el caso de no serlo, no podr\u00e1s ser usuario.<\/div><\/div><\/div>\n","protected":false},"excerpt":{"rendered":"<p>Para aquellos amantes de los casinos en l\u00ednea, traemos una buena opci\u00f3n para ellos. La misma es de un sitio el cual posee una gran experiencia dentro de este rubro. Claramente estamos hablando sobre PlayUZU, un sitio de apuestas l\u00edder dentro de Per\u00fa. El mismo trae para cada uno de sus usuarios el PlayUZU bono &#8230; <a title=\"PlayUZU Bono Casino \u00bb \u00a150 FREE Spins sin Restricciones!\" class=\"read-more\" href=\"https:\/\/supercuotas.gratis\/pe\/playuzu-bono-casino-especial-peru\/\" aria-label=\"Read more about PlayUZU Bono Casino \u00bb \u00a150 FREE Spins sin Restricciones!\">Read more<\/a><\/p>\n","protected":false},"author":74,"featured_media":0,"parent":0,"menu_order":0,"comment_status":"closed","ping_status":"closed","template":"","meta":{"_uag_custom_page_level_css":"","generate_page_header":"","footnotes":""},"class_list":["post-24575","page","type-page","status-publish"],"uagb_featured_image_src":{"full":false,"thumbnail":false,"medium":false,"medium_large":false,"large":false,"1536x1536":false,"2048x2048":false},"uagb_author_info":{"display_name":"Facundo","author_link":"https:\/\/supercuotas.gratis\/pe\/author\/facundo\/"},"uagb_comment_info":0,"uagb_excerpt":"Para aquellos amantes de los casinos en l\u00ednea, traemos una buena opci\u00f3n para ellos. La misma es de un sitio el cual posee una gran experiencia dentro de este rubro. Claramente estamos hablando sobre PlayUZU, un sitio de apuestas l\u00edder dentro de Per\u00fa. El mismo trae para cada uno de sus usuarios el PlayUZU bono&hellip;","_links":{"self":[{"href":"https:\/\/supercuotas.gratis\/pe\/wp-json\/wp\/v2\/pages\/24575","targetHints":{"allow":["GET"]}}],"collection":[{"href":"https:\/\/supercuotas.gratis\/pe\/wp-json\/wp\/v2\/pages"}],"about":[{"href":"https:\/\/supercuotas.gratis\/pe\/wp-json\/wp\/v2\/types\/page"}],"author":[{"embeddable":true,"href":"https:\/\/supercuotas.gratis\/pe\/wp-json\/wp\/v2\/users\/74"}],"replies":[{"embeddable":true,"href":"https:\/\/supercuotas.gratis\/pe\/wp-json\/wp\/v2\/comments?post=24575"}],"version-history":[{"count":0,"href":"https:\/\/supercuotas.gratis\/pe\/wp-json\/wp\/v2\/pages\/24575\/revisions"}],"wp:attachment":[{"href":"https:\/\/supercuotas.gratis\/pe\/wp-json\/wp\/v2\/media?parent=24575"}],"curies":[{"name":"wp","href":"https:\/\/api.w.org\/{rel}","templated":true}]}}