{"id":24439,"date":"2022-11-14T14:25:34","date_gmt":"2022-11-14T13:25:34","guid":{"rendered":"https:\/\/supercuotas.gratis\/?page_id=24439"},"modified":"2022-11-19T00:45:11","modified_gmt":"2022-11-18T23:45:11","slug":"doradobet-bono-casino-especial-peru","status":"publish","type":"page","link":"https:\/\/supercuotas.gratis\/pe\/doradobet-bono-casino-especial-peru\/","title":{"rendered":"Doradobet Bono Casino \u00bb Recibe 30% hasta S\/100"},"content":{"rendered":"\n<p>Doradobet Bono Casino es una de las mejores casas de apuestas para disfrutar en Per\u00fa y aqu\u00ed te vamos a contar todo lo que debes saber acerca del Bono promocional que tiene la casa de apuesta. En este art\u00edculo, adem\u00e1s de conocer todo lo que tiene la casa, podr\u00e1s ver todo acerca de la promoci\u00f3n que antes contamos. Vamos a detallar la forma correcta para que puedas reclamarla y acceder a ella de una forma segura y r\u00e1pida. Adem\u00e1s, conocer\u00e1s en qu\u00e9 consiste, de forma detallada. Si deseas unirte en esta casa, <a href=\"https:\/\/recor.to\/doradobet\" target=\"_blank\" rel=\"noopener nofollow sponsored\">solo debes hacer click aqu\u00ed<\/a><\/p>\n\n\n\n<figure class=\"wp-block-image size-large\"><a href=\"https:\/\/supercuotas.gratis\/\" target=\"_blank\" rel=\"noreferrer noopener\"><img fetchpriority=\"high\" decoding=\"async\" width=\"1024\" height=\"471\" src=\"https:\/\/supercuotas.gratis\/wp-content\/uploads\/2022\/11\/doradobet-1024x471.png\" alt=\"doradobet bono bienvenida casino\" class=\"wp-image-24319\" srcset=\"https:\/\/supercuotas.gratis\/wp-content\/uploads\/2022\/11\/doradobet-1024x471.png 1024w, https:\/\/supercuotas.gratis\/wp-content\/uploads\/2022\/11\/doradobet-300x138.png 300w, https:\/\/supercuotas.gratis\/wp-content\/uploads\/2022\/11\/doradobet-768x353.png 768w, https:\/\/supercuotas.gratis\/wp-content\/uploads\/2022\/11\/doradobet.png 1350w\" sizes=\"(max-width: 1024px) 100vw, 1024px\" \/><\/a><\/figure>\n\n\n\n<h2 class=\"wp-block-heading\"><strong>Todo lo que debes saber acerca de Doradobet<\/strong><\/h2>\n\n\n\n<p>Como contamos antes, Doradobet es una de las mejores casas de apuestas que puedes encontrar en Per\u00fa y con ella podr\u00e1s pasar grandes momentos en busca de diversi\u00f3n y de ganar dinero. Por este motivo es que en este art\u00edculo, <strong>adem\u00e1s de centrarnos en el Bono Casino que tiene Doradobet, vamos a contarte todo lo que podr\u00e1s encontrarte de la casa de apuestas una vez que <a href=\"https:\/\/recor.to\/doradobet\" target=\"_blank\" rel=\"noreferrer noopener nofollow sponsored\">ingreses aqu\u00ed<\/a>.<\/strong><\/p>\n\n\n\n<p><strong>Lo primero que podemos se\u00f1alar es que esta casa de apuestas tiene una gran cantidad de a\u00f1os de experiencia<\/strong>, lo que resalta una gran diferencia con sus m\u00e1ximo competidores. Esto lo que hace es brindarte la oportunidad de conocer a la perfecci\u00f3n los gustos que tienen cada uno de los jugadores y tambi\u00e9n como hacer para atraer nuevos y hacer que los jugadores habituales quieran quedarse para jugar aqu\u00ed.<\/p>\n\n\n\n<p>Otra cuesti\u00f3n que debemos tener en cuenta es que Doradobet es una casa de apuestas que tiene muy en claro cuales son los objetivos que debe perseguir de cara al futuro para poder seguir siendo conocida como una de las mejores opciones para jugar dentro de Per\u00fa, tanto en apuestas deportivas como en los mejores juegos de casino que puedes encontrar en todo el mundo <\/p>\n\n\n\n<p><strong>Entonces, podemos se\u00f1alar que el objetivo m\u00e1s importante que persigue Doradobet, o uno de ellos, es el de brindar un servicio de entretenimiento y diversi\u00f3n de la m\u00e1s alta calidad posible, para que todos los jugadores que conforman esta casa puedan estar c\u00f3modos y contentos. <\/strong>Para poder lograr esto es importante que los juegos, las ofertas, los m\u00e9todos de pago y dem\u00e1s est\u00e9n a la altura de lo esperado. <a href=\"https:\/\/recor.to\/doradobet\" target=\"_blank\" rel=\"noreferrer noopener nofollow sponsored\">Conoce m\u00e1s desde aqu\u00ed<\/a><\/p>\n\n\n\n<h2 class=\"wp-block-heading\"><strong>Doradobet Bono Casino <\/strong><\/h2>\n\n\n\n<p>Como contamos antes, uno de los objetivos que tenemos en este art\u00edculo es hacer que puedas conocer el Bono Casino que tiene Doradobet. Por eso es que aqu\u00ed te contaremos todo lo que tienes que saber y podr\u00e1s elegirla como una de tus promociones favoritas. Recuerda que la casa de apuestas tiene una secci\u00f3n especial donde podr\u00e1s conocer los mejores beneficios e ir por el que m\u00e1s te guste. Puedes verla<a href=\"http:\/\/Oferta v\u00e1lida solo para Per\u00fa  Solo podr\u00e1n participar mayores de 18 a\u00f1os.  Los T\u00e9rminos y Condiciones generales de la p\u00e1gina aplican tambi\u00e9n para esta bonificaci\u00f3n.  La oferta es v\u00e1lida \u00fanicamente una vez por usuario, persona, correo electr\u00f3nico, o criterio que considere Doradobet.com  El bono estar\u00e1 disponible todos los fines de semana de noviembre.  Fechas:  05 y 06 de Noviembre  12 y 13 de Noviembre  19 y 20 de Noviembre  26 y 27 de Noviembre  Por su pr\u00f3ximo deposito de S\/.40 en adelante el usuario recibir\u00e1 el 30% adicional hasta 100 soles.  El monto m\u00e1ximo de bonificaci\u00f3n a recibir S\/.100 en total.  Si el usuario deposita un valor mayor a S\/.100 se le podr\u00e1 acreditar como m\u00e1ximo S\/.100. Por ejemplo, si deposita S\/.1,000, se le activar\u00e1 m\u00e1ximo S\/.100 de bono.  Para acceder al bono por deposito del casino dorado, el dep\u00f3sito deber\u00e1 ser como m\u00ednimo de 40 soles, aplican todos los medios de pago, luego del dep\u00f3sito el bono ser\u00e1 cargado a bonos por liberar.  Para poder liberar el dinero del bono, se deber\u00e1 cumplir con el\u202frollover\u202f(n\u00famero de veces)\u202fx20, es decir, deber\u00e1 jugarse el valor total del bono veinte veces en jugadas de casino slot en la categor\u00eda de juegos Populares.  El cliente contara con 5 d\u00edas para cumplir el Rollover, este tiempo comenzara a contabilizarse a partir de activa la bonificaci\u00f3n.  Las apuestas anuladas que fueron marcadas con rollback no se contabilizan para el rollover.  La liberaci\u00f3n del bono SE BASAR\u00c1 EN LAS APUESTAS REALIZADAS CON DINERO REAL, el saldo del bono no es posible jugarlo hasta no cumplir las condiciones.  El saldo del bono luego de ser liberado ser\u00e1 cargado en saldo cr\u00e9ditos (recargas). Las apuestas deben de estar determinadas para sumar al rollover.  El incumplimiento de los T\u00e9rminos y Condiciones del presente bono o cualquier intento de fraude usando esta y otras promociones puede dar lugar a cancelar pron\u00f3sticos o suspensi\u00f3n de las cuentas.  Doradobet.com\u202fse reserva el derecho de solicitar al usuario una validaci\u00f3n de documento de identidad que permita la activaci\u00f3n del bono solicitado.  Doradobet.com\u202fconsiderar\u00e1 la activaci\u00f3n del bono de bienvenida para usuarios que no tienen bonos vigentes.  Doradobet.com se reserva el derecho a modificar o cancelar esta o cualquier otra promoci\u00f3n en cualquier momento, sin previo aviso.\" target=\"_blank\" rel=\"noreferrer noopener\"> desde aqu\u00ed<\/a><\/p>\n\n\n\n<p>Entonces, esta ofertas es especial por el mes de noviembre. Podr\u00e1s acceder a ella todos los fines de semana de este mes para jugar y reclamarlo dinero extra para tu cuenta. Podr\u00e1s reclamarla una vez por jugador, familia o direcci\u00f3n de IP. <strong>No puedes perderte esta oportunidad de una nueva oferta para un mes tan especial, donde podr\u00e1s disfrutar de Doradobet al m\u00e1ximo <\/strong><\/p>\n\n\n\n<p>Esta oferta consiste, entonces en que tu pr\u00f3ximo dep\u00f3sito, dentro del mes de noviembre, tenga una bonificaci\u00f3n del 30%. Podr\u00e1 recibir esta oferta cualquier jugador dentro de DOradobet pero solo una vez. El l\u00edmite de ganancia que puedes obtener es de 100 soles.<strong> Los d\u00edas que estar\u00e1 presente la misma son: 5 y 6 de Noviembre; 12 y 13 de Noviembre; 19 y 20 de Noviembre; 26 y 27 de Noviembre<\/strong><\/p>\n\n\n\n<figure class=\"wp-block-image size-large\"><a href=\"https:\/\/supercuotas.gratis\/\" target=\"_blank\" rel=\"noreferrer noopener\"><img decoding=\"async\" width=\"1024\" height=\"405\" src=\"https:\/\/supercuotas.gratis\/wp-content\/uploads\/2022\/11\/doradobet-peru-1024x405.png\" alt=\"doradobet bono de casino\" class=\"wp-image-24327\" srcset=\"https:\/\/supercuotas.gratis\/wp-content\/uploads\/2022\/11\/doradobet-peru-1024x405.png 1024w, https:\/\/supercuotas.gratis\/wp-content\/uploads\/2022\/11\/doradobet-peru-300x119.png 300w, https:\/\/supercuotas.gratis\/wp-content\/uploads\/2022\/11\/doradobet-peru-768x304.png 768w, https:\/\/supercuotas.gratis\/wp-content\/uploads\/2022\/11\/doradobet-peru.png 1344w\" sizes=\"(max-width: 1024px) 100vw, 1024px\" \/><\/a><\/figure>\n\n\n\n<h2 class=\"wp-block-heading\"><strong>T\u00e9rminos y Condiciones del Doradobet Bono Casino <\/strong><\/h2>\n\n\n\n<p>Si quieres obtener esta u otra oferta dentro de Doradobet, siempre se recomienda que leas todos los T\u00e9rminos y Condiciones. Esto se hace para que no tengas ning\u00fan problema con ella y puedas conocerla a la perfecci\u00f3n antes de comenzar a jugar. <strong>Teniendo en cuenta su importancia, aqu\u00ed hacemos un breve repaso para que la conozcas en profundidad. Si quieres verlos con tus propios ojos de forma completa, solo debes <a href=\"https:\/\/recor.to\/doradobet\" target=\"_blank\" rel=\"noreferrer noopener nofollow sponsored\">hacer click aqu\u00ed<\/a><\/strong><\/p>\n\n\n\n<ul class=\"wp-block-list\">\n<li>El Bono de Doradobet es exclusivo para jugadores que residan en Per\u00fa y sean mayores de 18 a\u00f1os<\/li>\n\n\n\n<li>Podr\u00e1s acceder aqu\u00ed solo una vez<\/li>\n\n\n\n<li>El mismo estar\u00e1 disponible los fines de semana del mes de noviembre<\/li>\n\n\n\n<li>Vas a obtener un 30% de bonificaci\u00f3n para jugar<\/li>\n\n\n\n<li>El l\u00edmite de dinero que puedes obtener es de 100 soles, si depositas una cantidad mayor, solo se te adjudicar\u00e1 esta suma<\/li>\n\n\n\n<li>El dep\u00f3sito m\u00ednimo es de 40 soles. Una vez que lo tengas, el monto se depositar\u00e1 solo en tu cuenta<\/li>\n\n\n\n<li>Para poder liberar el dinero que obtienes por esta oferta, debes cumplir con un rollover de x20, es decir que deber\u00e1s jugarse el valor del Bono un total de 20 veces para poder hacerte con el dinero <\/li>\n\n\n\n<li>Tiene cinco d\u00edas para cumplir con este Rollover<\/li>\n<\/ul>\n\n\n\n<h2 class=\"wp-block-heading\"><strong>Bono de Bienvenida de Doradobet<\/strong><\/h2>\n\n\n\n<p>Otra de las grandes ofertas que tienes en esta casa de apuestas es su Bono de Bienvenida. Luego de contar todos los detalles sobre el Bono Casino que tiene Doradobet, aqu\u00ed vamos por otras de las promociones que est\u00e1 lista para darte dinero extra en tu cuenta. Podr\u00e1s conocer cada uno de los detalles y <a href=\"https:\/\/recor.to\/doradobet\" target=\"_blank\" rel=\"noreferrer noopener nofollow sponsored\">desde aqu\u00ed<\/a> lo ver\u00e1s con tus propios ojos para acceder a ella.<\/p>\n\n\n\n<p>Lo primero que podemos decir, a diferencia de la anterior, es que la misma es exclusiva para nuevos jugadores dentro que la casa, que se hayan registrado de forma reciente. <strong>Los Bonos de Bienvenida, como dicen su nombre, son ofertas para los nuevos y tienen la misi\u00f3n de darte un empuj\u00f3n para que desde los comienzos puedas apostar en los mejores juegos de casino y apuestas deportivas.<\/strong><\/p>\n\n\n\n<p>Siempre, antes de aplicar en una oferta, es importante que veas los T\u00e9rminos y Condiciones de la misma y as\u00ed conocer\u00e1s cada uno de los detalles. Recuerda que tambi\u00e9n tienes T\u00e9rminos y Condiciones generales en la casa, las cuales funcionan como un reglamento para tener en cuenta y poder moverte de una forma segura y sin problemas a futuro dentro de la misma.<\/p>\n\n\n\n<p>Si por casualidad no eres un nuevo jugador, es decir que tienes una cuenta aqu\u00ed hace tiempo o eres un jugador habitual, puedes quedarte tranquilo.<strong> Doradobet, como contamos, tiene una secci\u00f3n de promociones donde podr\u00e1s ver las mejores ofertas para jugar y para disfrutar. <a href=\"https:\/\/recor.to\/doradobet\" target=\"_blank\" rel=\"noreferrer noopener nofollow sponsored\">Haciendo click aqu\u00ed <\/a>podr\u00e1s verlas y elegir la que mejor se adapte a tu realidad y reclamarla<\/strong><\/p>\n\n\n\n<h3 class=\"wp-block-heading\"><strong>\u00bfEn qu\u00e9 consiste el Bono de Bienvenida?<\/strong><\/h3>\n\n\n\n<p>Entonces, aqu\u00ed tienes el Bono de Bienvenida que podr\u00e1s recamar en caso de ser un nuevo jugador dentro de Doradobet. El mismo, como contamos, est\u00e1 preparado para nuevos jugadores que residan en Per\u00fa. Consiste en una bonificaci\u00f3n del 100%, es decir que podr\u00e1s obtener el doble de dinero del que ten\u00edas pensado en un comienzo y apostar con \u00e9l. Se adjudica de forma directa en tu cuenta.<\/p>\n\n\n\n<p>Debes saber que la oferta est\u00e1 disponible desde febrero del 2021 y tiene un l\u00edmite de 500 soles que podr\u00e1s obtener en forma de regalo. Para poder conseguirlo, debes registrarte en la casa y eso puedes hacerlo <a href=\"https:\/\/recor.to\/doradobet\" target=\"_blank\" rel=\"noopener nofollow sponsored\">desde aqu\u00ed. <\/a><\/p>\n\n\n\n<p>Como en el Doradobet Bono Casino, la oferta solo puede reclamarse una vez por persona o direcci\u00f3n de IP. Adem\u00e1s su apuesta m\u00e1xima tiene que ser de, como m\u00ednimo, 30 soles para poder aplicar en la misma. Est\u00e1 disponible para le mercado de apuestas deportivas de f\u00fatbol para los mercados de: Ganador del partido; Resultado exacto. Para que puedas liberar las ganancias que provienen del Bono de Bienvenida, tienes un rollover de x7<\/p>\n\n\n\n<figure class=\"wp-block-image size-large\"><a href=\"https:\/\/supercuotas.gratis\/\" target=\"_blank\" rel=\"noreferrer noopener\"><img decoding=\"async\" width=\"1024\" height=\"471\" src=\"https:\/\/supercuotas.gratis\/wp-content\/uploads\/2022\/11\/doradobet-apuestas-peru-1024x471.png\" alt=\"doradobet bono casino\" class=\"wp-image-24335\" srcset=\"https:\/\/supercuotas.gratis\/wp-content\/uploads\/2022\/11\/doradobet-apuestas-peru-1024x471.png 1024w, https:\/\/supercuotas.gratis\/wp-content\/uploads\/2022\/11\/doradobet-apuestas-peru-300x138.png 300w, https:\/\/supercuotas.gratis\/wp-content\/uploads\/2022\/11\/doradobet-apuestas-peru-768x354.png 768w, https:\/\/supercuotas.gratis\/wp-content\/uploads\/2022\/11\/doradobet-apuestas-peru.png 1340w\" sizes=\"(max-width: 1024px) 100vw, 1024px\" \/><\/a><\/figure>\n\n\n\n<p>Si te ha gustado este art\u00edculo, puedes conocer m\u00e1s acerca de nosotros <a href=\"https:\/\/supercuotas.gratis\/\" target=\"_blank\" rel=\"noreferrer noopener\">desde aqu\u00ed<\/a><\/p>\n\n\n\n<h2 class=\"wp-block-heading\"><strong>Preguntas Frecuentes de Doradobet Bono Casino <\/strong><\/h2>\n\n\n\n<div class=\"wp-block-rank-math-faq-block\"><div class=\"rank-math-faq-item\"><h3 class=\"rank-math-question\">\u00bfC\u00f3mo me registro en esta casa de apuestas?<\/h3><div class=\"rank-math-answer\">El proceso de registro en esta casa es muy simple y podr\u00e1s hacerlo de forma r\u00e1pida. Lo primero que debes hacer aqu\u00ed es ingresar en la casa de apuestas, ya sea en su p\u00e1gina oficial o desde la app que posee. Una vez dentro vas a ver el bot\u00f3n de registro en la parte derecha de la pantalla y tienes que oprimir all\u00ed para poder continuar. El segundo paso consiste en completar los formularios que aparecen all\u00ed, uno con datos personales del jugador que desea unirse y el otro con datos de contacto. Para finalizar, solo quedar\u00e1 que crees una cuenta con un nombre de usuario \u00fanico, es decir que no est\u00e9 siendo usado por otros jugadores, y una contrase\u00f1a segura. Luego de estos pasos tienes todo listo para jugar <\/div><\/div><div class=\"rank-math-faq-item\"><h3 class=\"rank-math-question\">\u00bfCu\u00e1nto tiempo demora el proceso de registro?<\/h3><div class=\"rank-math-answer\">Podr\u00e1s hacerlo en unos pocos minutos de tu tiempo<\/div><\/div><div class=\"rank-math-faq-item\"><h3 class=\"rank-math-question\">\u00bfQu\u00e9 sucede si tengo alg\u00fan problema dentro de la casa?<\/h3><div class=\"rank-math-answer\">Puedes estar tranquilo, Doradobet tiene un chat de soporte que est\u00e1 listo las 24 horas del d\u00eda para ti<\/div><\/div><div class=\"rank-math-faq-item\"><h3 class=\"rank-math-question\">\u00bfCu\u00e1ntas veces puedo reclamar el Bono Casino?<\/h3><div class=\"rank-math-answer\">Esta oferta se reclama una sola vez por persona<\/div><\/div><div class=\"rank-math-faq-item\"><h3 class=\"rank-math-question\">\u00bfTiene la casa una app para descargar?<\/h3><div class=\"rank-math-answer\">Si, puedes tenerla en tu m\u00f3vil o en tu tablet<\/div><\/div><div class=\"rank-math-faq-item\"><h3 class=\"rank-math-question\">\u00bfQu\u00e9 alternativas de juego tengo aqu\u00ed?<\/h3><div class=\"rank-math-answer\">Podr\u00e1s jugar en juegos de casino y en apuestas deportivas <\/div><\/div><div class=\"rank-math-faq-item\"><h3 class=\"rank-math-question\">\u00bfDebo ser mayor de 18 a\u00f1os para jugar?<\/h3><div class=\"rank-math-answer\">Si, es obligatorio <\/div><\/div><\/div>\n","protected":false},"excerpt":{"rendered":"<p>Doradobet Bono Casino es una de las mejores casas de apuestas para disfrutar en Per\u00fa y aqu\u00ed te vamos a contar todo lo que debes saber acerca del Bono promocional que tiene la casa de apuesta. En este art\u00edculo, adem\u00e1s de conocer todo lo que tiene la casa, podr\u00e1s ver todo acerca de la promoci\u00f3n &#8230; <a title=\"Doradobet Bono Casino \u00bb Recibe 30% hasta S\/100\" class=\"read-more\" href=\"https:\/\/supercuotas.gratis\/pe\/doradobet-bono-casino-especial-peru\/\" aria-label=\"Read more about Doradobet Bono Casino \u00bb Recibe 30% hasta S\/100\">Read more<\/a><\/p>\n","protected":false},"author":67,"featured_media":0,"parent":0,"menu_order":0,"comment_status":"closed","ping_status":"closed","template":"","meta":{"_uag_custom_page_level_css":"","generate_page_header":"","footnotes":""},"class_list":["post-24439","page","type-page","status-publish"],"uagb_featured_image_src":{"full":false,"thumbnail":false,"medium":false,"medium_large":false,"large":false,"1536x1536":false,"2048x2048":false},"uagb_author_info":{"display_name":"Rodrigo Paz","author_link":"https:\/\/supercuotas.gratis\/pe\/author\/rodrigo-paz\/"},"uagb_comment_info":0,"uagb_excerpt":"Doradobet Bono Casino es una de las mejores casas de apuestas para disfrutar en Per\u00fa y aqu\u00ed te vamos a contar todo lo que debes saber acerca del Bono promocional que tiene la casa de apuesta. En este art\u00edculo, adem\u00e1s de conocer todo lo que tiene la casa, podr\u00e1s ver todo acerca de la promoci\u00f3n&hellip;","_links":{"self":[{"href":"https:\/\/supercuotas.gratis\/pe\/wp-json\/wp\/v2\/pages\/24439","targetHints":{"allow":["GET"]}}],"collection":[{"href":"https:\/\/supercuotas.gratis\/pe\/wp-json\/wp\/v2\/pages"}],"about":[{"href":"https:\/\/supercuotas.gratis\/pe\/wp-json\/wp\/v2\/types\/page"}],"author":[{"embeddable":true,"href":"https:\/\/supercuotas.gratis\/pe\/wp-json\/wp\/v2\/users\/67"}],"replies":[{"embeddable":true,"href":"https:\/\/supercuotas.gratis\/pe\/wp-json\/wp\/v2\/comments?post=24439"}],"version-history":[{"count":0,"href":"https:\/\/supercuotas.gratis\/pe\/wp-json\/wp\/v2\/pages\/24439\/revisions"}],"wp:attachment":[{"href":"https:\/\/supercuotas.gratis\/pe\/wp-json\/wp\/v2\/media?parent=24439"}],"curies":[{"name":"wp","href":"https:\/\/api.w.org\/{rel}","templated":true}]}}