{"id":33223,"date":"2023-11-23T21:10:29","date_gmt":"2023-11-23T20:10:29","guid":{"rendered":"https:\/\/supercuotas.gratis\/?page_id=33223"},"modified":"2023-11-23T21:10:30","modified_gmt":"2023-11-23T20:10:30","slug":"codere-bono-apuestas-deportivas-codigos-promocionales","status":"publish","type":"page","link":"https:\/\/supercuotas.gratis\/pan\/codere-bono-apuestas-deportivas-codigos-promocionales\/","title":{"rendered":"Codere Bono Apuestas Deportivas \u00bb \u00a1100 USD de Bienvenida!"},"content":{"rendered":"\n<p>Codere es un excelente sitio para hacer apuestas deportivas en Panam\u00e1, ya que ofrece muchos deportes, diversos mercados, cuotas elevadas y un imperdible bono de bienvenida. No te pierdas este post con toda la informaci\u00f3n al respecto. <a href=\"https:\/\/recor.to\/coderepanama\" target=\"_blank\" rel=\"noreferrer noopener nofollow sponsored\">\u00a1\u00danete y reclama el tuyo!<\/a><\/p>\n\n\n\n<figure class=\"wp-block-image size-large\"><a href=\"https:\/\/recor.to\/coderepanama\" target=\"_blank\" rel=\"noreferrer noopener nofollow sponsored\"><img fetchpriority=\"high\" decoding=\"async\" width=\"1024\" height=\"386\" src=\"https:\/\/supercuotas.gratis\/wp-content\/uploads\/2023\/11\/codere-bono-apuestas-deportivas-1024x386.jpg\" alt=\"codere bono apuestas deportivas\" class=\"wp-image-33227\" srcset=\"https:\/\/supercuotas.gratis\/wp-content\/uploads\/2023\/11\/codere-bono-apuestas-deportivas-1024x386.jpg 1024w, https:\/\/supercuotas.gratis\/wp-content\/uploads\/2023\/11\/codere-bono-apuestas-deportivas-300x113.jpg 300w, https:\/\/supercuotas.gratis\/wp-content\/uploads\/2023\/11\/codere-bono-apuestas-deportivas-768x289.jpg 768w, https:\/\/supercuotas.gratis\/wp-content\/uploads\/2023\/11\/codere-bono-apuestas-deportivas.jpg 1184w\" sizes=\"(max-width: 1024px) 100vw, 1024px\" \/><\/a><\/figure>\n\n\n\n<h2 class=\"wp-block-heading\">\u00bfQui\u00e9n es Codere?<\/h2>\n\n\n\n<p><strong>Codere es uno de los nombres m\u00e1s importantes del mercado global de\u00a0juegos\u00a0de azar y\u00a0casinos\u00a0en l\u00ednea. <\/strong>Jugadores de Panam\u00e1, Colombia, Argentina y otros pa\u00edses de Am\u00e9rica Latina y Europa ya eligieron este sitio para vivir una aventura de entretenimiento inigualable. \u00bfQu\u00e9 estas esperando para dar el primer paso? <a href=\"https:\/\/recor.to\/coderepanama\" target=\"_blank\" data-type=\"link\" data-id=\"https:\/\/recor.to\/coderepanama\" rel=\"noreferrer noopener nofollow sponsored\">\u00a1Acepta el reto y reg\u00edstrate ahora!<\/a><\/p>\n\n\n\n<p>Antes de meternos de lleno en la informaci\u00f3n sobre el bono de apuestas deportivas, queremos comentar algunas cosas de Codere para que puedas decidir si es realmente el lugar de tus sue\u00f1os. \u00a1Comencemos! Esta empresa <strong>est\u00e1 presente desde hace m\u00e1s de 40 a\u00f1os en el mundo. <\/strong>Dentro de Panam\u00e1 opera con el <strong>permiso y la regulaci\u00f3n de la Junta de Control de Juegos<\/strong>, es decir que todas sus actividades est\u00e1n dentro del marco legal. Adem\u00e1s, el sitio cumple los m\u00e1s altos est\u00e1ndares de seguridad,<\/p>\n\n\n\n<p>El objetivo de Codere es <strong>ofrecer la mejor experiencia para el usuario, a trav\u00e9s de juegos, cuotas elevadas, sorpresas, bonos y generosas promociones.<\/strong> La p\u00e1gina web es sencilla y muy f\u00e1cil de entender. Tiene un men\u00fa superior con las principales secciones <strong>(Deportes, En vivo, Casino, Casino en vivo, Promociones y Crown Casinos)<\/strong>, donde puedes moverte libremente para descubrir todas las opciones de entretenimiento y ofertas disponibles. <a href=\"https:\/\/recor.to\/coderepanama\" target=\"_blank\" rel=\"noreferrer noopener nofollow sponsored\">\u00c9chale un vistazo aqu\u00ed.<\/a><\/p>\n\n\n\n<p>Otro punto fuerte de Codere es su <strong>excelente servicio de atenci\u00f3n al cliente de Codere<\/strong> a trav\u00e9s de Whatsapp, llamada y correo electr\u00f3nico. Puedes comunicarte con el equipo de soporte, hacer consultas y resolver cualquier tipo de problem\u00e1tica. \u00bfTodav\u00eda tienes dudas? No esperes m\u00e1s para abrir tu cuenta. \u00a1Ser\u00e1s m\u00e1s que bienvenido!<\/p>\n\n\n\n<h2 class=\"wp-block-heading\">Descubre el bono de Codere para apuestas deportivas<\/h2>\n\n\n\n<p>Sin m\u00e1s pre\u00e1mbulos, comencemos a detallar todo lo referido al bono de Codere para apuestas deportivas. \u00a1No te lo pierdas! Esta oferta consiste en una <strong>bonificaci\u00f3n extra del 100% del primer dep\u00f3sito hasta 100 USD.<\/strong> Por ejemplo: si el monto de tu recarga inicial es de 40 USD, tendr\u00e1s a disposici\u00f3n 80 USD para empezar a apostar. \u00a1Exactamente el doble de saldo!<\/p>\n\n\n\n<p>Esta oferta est\u00e1 disponible<strong> s\u00f3lo para nuevos clientes de la casa. <\/strong>Pero si ya eres miembro activo, no te preocupes porque puedes solicitar otras promociones igual de maravillosas tanto para deportes como para casino. En la<a href=\"https:\/\/recor.to\/coderepanama\" target=\"_blank\" data-type=\"link\" data-id=\"https:\/\/recor.to\/coderepanama\" rel=\"noreferrer noopener nofollow sponsored\"> pesta\u00f1a Promociones <\/a>ver\u00e1s todas las que se encuentran vigentes en este momento. Volviendo al bono de bienvenida, ten en cuenta que<strong> el mismo est\u00e1 vigente hasta el 31 de diciembre. <\/strong>\u00a1Solicita el tuyo antes que expire!<\/p>\n\n\n\n<p>Para los amantes del juego, Codere tambi\u00e9n les trae un espectacular bono de casino que otorga hasta 100 USD para jugar en la categor\u00eda Top 30. Te dejamos un<a href=\"https:\/\/supercuotas.gratis\/pan\/codere-bono-casino-codigos-promocionales-panama\/\" data-type=\"link\" data-id=\"https:\/\/supercuotas.gratis\/pan\/codere-bono-casino-codigos-promocionales-panama\/\" target=\"_blank\" rel=\"noreferrer noopener\"> art\u00edculo sobre esta promo y otros c\u00f3digos promocionales<\/a> de la casa para obtener diversi\u00f3n extra en los mejores productos. <strong>Prueba los 10 juegos m\u00e1s jugados. descubre los juegos que m\u00e1s pagan y gana 5 giros gratis en el juego de la semana. <\/strong><\/p>\n\n\n\n<h3 class=\"wp-block-heading\">\u00bfQu\u00e9 m\u00e1s debo saber sobre el bono?<\/h3>\n\n\n\n<ul class=\"wp-block-list\">\n<li>Oferta exclusiva para nuevos usuarios de Codere Panam\u00e1.<\/li>\n\n\n\n<li>Se requiere un dep\u00f3sito m\u00ednimo de $20.<\/li>\n\n\n\n<li>El usuario debe jugar el importe del bono (m\u00faltiplo redondeando al alza la cantidad depositada) a cuota m\u00ednima de 1,5. <\/li>\n\n\n\n<li>El plazo m\u00e1ximo para apostar el monto del primer dep\u00f3sito es de 60 d\u00edas desde su ejecuci\u00f3n.<\/li>\n\n\n\n<li>Las freebets tienen un valor de $20 y son v\u00e1lidas por 30 d\u00edas desde su obtenci\u00f3n.<\/li>\n\n\n\n<li>El monto m\u00e1ximo de bonificaci\u00f3n es de 100 USD.<\/li>\n\n\n\n<li>Las apuestas gratis deber\u00e1n utilizarse para apostar en eventos deportivos con una cuota igual o superior a 1,50.<\/li>\n\n\n\n<li>Este bono no se puede combinar con otras ofertas de bienvenida ni otras promociones de la casa.<\/li>\n<\/ul>\n\n\n\n<figure class=\"wp-block-image size-large\"><a href=\"https:\/\/recor.to\/coderepanama\" target=\"_blank\" rel=\"noreferrer noopener nofollow sponsored\"><img decoding=\"async\" width=\"1024\" height=\"273\" src=\"https:\/\/supercuotas.gratis\/wp-content\/uploads\/2023\/11\/codere-deportes-1024x273.jpg\" alt=\"codere deportes\" class=\"wp-image-33255\" srcset=\"https:\/\/supercuotas.gratis\/wp-content\/uploads\/2023\/11\/codere-deportes-1024x273.jpg 1024w, https:\/\/supercuotas.gratis\/wp-content\/uploads\/2023\/11\/codere-deportes-300x80.jpg 300w, https:\/\/supercuotas.gratis\/wp-content\/uploads\/2023\/11\/codere-deportes-768x205.jpg 768w, https:\/\/supercuotas.gratis\/wp-content\/uploads\/2023\/11\/codere-deportes.jpg 1139w\" sizes=\"(max-width: 1024px) 100vw, 1024px\" \/><\/a><\/figure>\n\n\n\n<h3 class=\"wp-block-heading\">Instrucciones para solicitar el bono de Codere para apuestas deportivas<\/h3>\n\n\n\n<ol class=\"wp-block-list\">\n<li><strong>Crea una cuenta: <\/strong>el primer paso consiste en completar un breve formulario de registro.<a href=\"https:\/\/recor.to\/coderepanama\" target=\"_blank\" rel=\"noreferrer noopener nofollow sponsored\"> Ingresa en la p\u00e1gina a trav\u00e9s de nuestros enlaces<\/a> y haz click en el bot\u00f3n <strong>Registrarse <\/strong>para abrir la planilla. All\u00ed, coloca uno a uno los datos solicitados tal cual figuran en tu documento de identidad. <\/li>\n\n\n\n<li><strong>Ejecuta el primer dep\u00f3sito: <\/strong>despu\u00e9s de registrarte, ve a la secci\u00f3n de <strong>Dep\u00f3sitos<\/strong> e ingresa un monto no inferior a $20. Para ello elige el m\u00e9todo de pago que te resulte m\u00e1s conveniente. Afortunadamente, los usuarios de Panam\u00e1 tienen a disposici\u00f3n un amplio abanico de opciones 100% seguras y confiables, como por ejemplo <strong>transferencia bancaria, Nequi, Sistema Clave y Punto Pago.<\/strong> Si as\u00ed lo prefieres, puedes dirigirte directamente a un casino f\u00edsico para llevar a cabo el dep\u00f3sito con tu Tarjeta Codere. Sigue las instrucciones particulares de cada caso.<\/li>\n\n\n\n<li><strong>Apuesta el valor depositado:<\/strong> como te contamos anteriormente, necesitas apostar el total del dep\u00f3sito en una o varias apuestas con cuota m\u00ednima de 1,50.<\/li>\n\n\n\n<li><strong>Recibe el bono: <\/strong>Codere acreditar\u00e1 en tu cuenta el <strong>100% de tu primer dep\u00f3sito en forma de freebets.<\/strong> Recuerda que el monto m\u00e1ximo de bonificaci\u00f3n es de 100 USD.<\/li>\n<\/ol>\n\n\n\n<h2 class=\"wp-block-heading\">Deportes, mercados y gu\u00eda para utilizar el bono de Codere en apuestas deportivas<\/h2>\n\n\n\n<p>Dentro de Codere puedes hallar una<strong> gran variedad de mercados en las principales competiciones deportivas de Panam\u00e1 y el resto del mundo.<\/strong> Entre los deportes y torneos m\u00e1s destacados, se encuentran la Liga Paname\u00f1a de f\u00fatbol, la Primera Divisi\u00f3n de Espa\u00f1a, la Premier League, NBA y NFL. Adem\u00e1s, las disciplinas est\u00e1n ordenadas de la A a la Z y hay exactamente 23 alternativas, entre ellas f\u00fatbol, b\u00e9isbol, tenis, baloncesto, eSports, f\u00fatbol americano y otros.<a href=\"https:\/\/recor.to\/coderepanama\" data-type=\"link\" data-id=\"https:\/\/recor.to\/coderepanama\" target=\"_blank\" rel=\"noreferrer noopener nofollow sponsored\"> \u00a1Descubre el men\u00fa completo!<\/a><\/p>\n\n\n\n<p><strong>La disponibilidad de los mercados depende del deporte y su popularidad<\/strong>. Por ejemplo, en partidos de f\u00fatbol es posible pronosticar el ganador del encuentro, el total de goles, el resultado exacto, si uno y otro equipo marcan, goleadores, tarjetas amarillas, cantidad de c\u00f3rners y mucho m\u00e1s. El abanico es s\u00faper amplio y permite hacer apuestas muy variadas. En otras disciplinas las opciones pueden ser m\u00e1s reducidas, aunque siempre podr\u00e1s apostar en los mercados tradicionales.<\/p>\n\n\n\n<p>De por s\u00ed, <strong>las cuotas de Codere est\u00e1n entre las m\u00e1s competitivas del sector.<\/strong> Pero adem\u00e1s, el sitio ofrece<strong> Cuotas Especiales<\/strong> en los partidos m\u00e1s atractivos para que puedas llevarte ganancias extras en caso de acertar. Como si esto fuera poco, tanto el sitio web como la app brindan e<strong>stad\u00edsticas y resultados actualizados en tiempo real<\/strong>. Esto te ayudar\u00e1 a elaborar mejores pron\u00f3sticos y aumentar las chances de ganar. Aprovecha todas las herramientas al alcance de tus manos.<\/p>\n\n\n\n<h3 class=\"wp-block-heading\">Gu\u00eda para apostar en Codere<\/h3>\n\n\n\n<ol class=\"wp-block-list\">\n<li><a href=\"https:\/\/recor.to\/coderepanama\" target=\"_blank\" data-type=\"link\" data-id=\"https:\/\/recor.to\/coderepanama\" rel=\"noreferrer noopener nofollow sponsored\">Inicia sesi\u00f3n en tu cuenta de Codere.<\/a><\/li>\n\n\n\n<li>Selecciona el deporte y el torneo en el que quieras apostar en la parte izquierda de la pantalla.<\/li>\n\n\n\n<li>En la parte central podr\u00e1s ver todos los partidos dentro del torneo elegido. Escoge uno de ellos.<\/li>\n\n\n\n<li>Explora los mercados disponibles en el encuentro seleccionado y presiona sobre la cuota deseada.<\/li>\n\n\n\n<li>Indica el importe en el Boleto de apuesta.<\/li>\n\n\n\n<li>Puedes armar una combinada con dos o m\u00e1s selecciones. Ver\u00e1s c\u00f3mo crece la cuota final y las potenciales ganancias.<\/li>\n\n\n\n<li>Haz clic en el bot\u00f3n \u201cApostar\u201d para confirmar la apuesta. <\/li>\n\n\n\n<li>Por \u00faltimo, verifica tu ticket en la secci\u00f3n Historial de apuestas. All\u00ed mismo podr\u00e1s ver los resultados de todas tus apuestas en Codere.<\/li>\n<\/ol>\n\n\n\n<p>Te recomendamos revisar la<strong> Gu\u00eda sobre c\u00f3mo apostar y la informaci\u00f3n sobre los Tipos de apuestas <\/strong>elaborada por un equipo de expertos. Puedes encontrarlas al final de la p\u00e1gina dentro del apartado Deportes.<\/p>\n\n\n\n<figure class=\"wp-block-image size-full\"><a href=\"https:\/\/recor.to\/coderepanama\" target=\"_blank\" rel=\"noreferrer noopener nofollow sponsored\"><img decoding=\"async\" width=\"812\" height=\"492\" src=\"https:\/\/supercuotas.gratis\/wp-content\/uploads\/2023\/11\/codere-oferta-apuestas.jpg\" alt=\"codere oferta apuestas\" class=\"wp-image-33269\" srcset=\"https:\/\/supercuotas.gratis\/wp-content\/uploads\/2023\/11\/codere-oferta-apuestas.jpg 812w, https:\/\/supercuotas.gratis\/wp-content\/uploads\/2023\/11\/codere-oferta-apuestas-300x182.jpg 300w, https:\/\/supercuotas.gratis\/wp-content\/uploads\/2023\/11\/codere-oferta-apuestas-768x465.jpg 768w\" sizes=\"(max-width: 812px) 100vw, 812px\" \/><\/a><\/figure>\n\n\n\n<h2 class=\"wp-block-heading\">Preguntas Frecuentes sobre Codere<\/h2>\n\n\n\n<div class=\"wp-block-rank-math-faq-block\"><div class=\"rank-math-faq-item\"><h3 class=\"rank-math-question\">\u00bfQui\u00e9n es Codere?<\/h3><div class=\"rank-math-answer\">Es una marca de apuestas deportivas y juegos de azar de origen espa\u00f1ol que opera en diferentes pa\u00edses de Europa y Am\u00e9rica Latina, incluido Panam\u00e1.<\/div><\/div><div class=\"rank-math-faq-item\"><h3 class=\"rank-math-question\">\u00bfEs legal apostar en Codere?<\/h3><div class=\"rank-math-answer\">Absolutamente. Codere opera en Panam\u00e1 con el permiso de la Junta de Control de Juegos.<\/div><\/div><div class=\"rank-math-faq-item\"><h3 class=\"rank-math-question\">\u00bfEn qu\u00e9 consiste el bono de Codere para apuestas deportivas?<\/h3><div class=\"rank-math-answer\">Es una promoci\u00f3n de bienvenida que permite duplicar el primer dep\u00f3sito hasta un m\u00e1ximo de 100 USD.<\/div><\/div><div class=\"rank-math-faq-item\"><h3 class=\"rank-math-question\">\u00bfC\u00f3mo obtengo este bono?<\/h3><div class=\"rank-math-answer\">Tienes que registrarte en la p\u00e1gina oficial de Codere y realizar un primer dep\u00f3sito de al menos 20 USD.<\/div><\/div><div class=\"rank-math-faq-item\"><h3 class=\"rank-math-question\">\u00bfCu\u00e1les son los m\u00e9todos de pago habilitados en Panam\u00e1?<\/h3><div class=\"rank-math-answer\">Puedes depositar de forma online a trav\u00e9s de transferencia bancaria, Nequi, Sistema Clave y Punto Pago, o dirigirte a un casino f\u00edsico con tu Tarjeta Codere.<\/div><\/div><div class=\"rank-math-faq-item\"><h3 class=\"rank-math-question\">\u00bfEs posible apostar desde el m\u00f3vil?<\/h3><div class=\"rank-math-answer\">S\u00ed, Codere tiene su propia aplicaci\u00f3n m\u00f3vil disponible tanto para Android como iOS.<\/div><\/div><div class=\"rank-math-faq-item\"><h3 class=\"rank-math-question\">\u00bfPuedo recibir ayuda en caso de tener alg\u00fan problema dentro de la p\u00e1gina?<\/h3><div class=\"rank-math-answer\">Por supuesto, el equipo de soporte est\u00e1 disponible las 24 horas de los 7 d\u00edas de la semana para responder tus consultas por correo electr\u00f3nico, llamada o whastapp.<\/div><\/div><\/div>\n\n\n\n<p><\/p>\n\n\n\n<p><\/p>\n\n\n\n<p><\/p>\n\n\n\n<p>\u00bfQu\u00e9 sucede si tengo alg\u00fan problema dentro de Codere?<\/p>\n\n\n\n<p>Codere cuenta con un sistema de soporte personalizado. Funciona gracias a su chat en vivo el cual puedes encontrar en cualquier ventana de la p\u00e1gina principal. Ingresando all\u00ed podr\u00e1s obtener ayuda especializada anta cualquier problema, duda o consulta que desees realizar<\/p>\n\n\n\n<p>\u00bfDebo ser mayor de 18 a\u00f1os para registrarme y jugar aqu\u00ed?<\/p>\n\n\n\n<p>Si, es un requisito fundamental<\/p>\n\n\n\n<p>\u00bfTiene Codere apuestas deportivas para jugar?<\/p>\n\n\n\n<p>Claro que si, es una de las variantes m\u00e1s jugadas de la plataforma<\/p>\n\n\n\n<p>Buscar<\/p>\n\n\n\n<p>Search for:<\/p>\n\n\n\n<p>Search \u2026<\/p>\n","protected":false},"excerpt":{"rendered":"<p>Codere es un excelente sitio para hacer apuestas deportivas en Panam\u00e1, ya que ofrece muchos deportes, diversos mercados, cuotas elevadas y un imperdible bono de bienvenida. No te pierdas este post con toda la informaci\u00f3n al respecto. \u00a1\u00danete y reclama el tuyo! \u00bfQui\u00e9n es Codere? Codere es uno de los nombres m\u00e1s importantes del mercado &#8230; <a title=\"Codere Bono Apuestas Deportivas \u00bb \u00a1100 USD de Bienvenida!\" class=\"read-more\" href=\"https:\/\/supercuotas.gratis\/pan\/codere-bono-apuestas-deportivas-codigos-promocionales\/\" aria-label=\"Read more about Codere Bono Apuestas Deportivas \u00bb \u00a1100 USD de Bienvenida!\">Read more<\/a><\/p>\n","protected":false},"author":76,"featured_media":0,"parent":0,"menu_order":0,"comment_status":"closed","ping_status":"closed","template":"","meta":{"_uag_custom_page_level_css":"","generate_page_header":"","footnotes":""},"class_list":["post-33223","page","type-page","status-publish"],"uagb_featured_image_src":{"full":false,"thumbnail":false,"medium":false,"medium_large":false,"large":false,"1536x1536":false,"2048x2048":false},"uagb_author_info":{"display_name":"Karen","author_link":"https:\/\/supercuotas.gratis\/pan\/author\/karen\/"},"uagb_comment_info":0,"uagb_excerpt":"Codere es un excelente sitio para hacer apuestas deportivas en Panam\u00e1, ya que ofrece muchos deportes, diversos mercados, cuotas elevadas y un imperdible bono de bienvenida. No te pierdas este post con toda la informaci\u00f3n al respecto. \u00a1\u00danete y reclama el tuyo! \u00bfQui\u00e9n es Codere? Codere es uno de los nombres m\u00e1s importantes del mercado&hellip;","_links":{"self":[{"href":"https:\/\/supercuotas.gratis\/pan\/wp-json\/wp\/v2\/pages\/33223","targetHints":{"allow":["GET"]}}],"collection":[{"href":"https:\/\/supercuotas.gratis\/pan\/wp-json\/wp\/v2\/pages"}],"about":[{"href":"https:\/\/supercuotas.gratis\/pan\/wp-json\/wp\/v2\/types\/page"}],"author":[{"embeddable":true,"href":"https:\/\/supercuotas.gratis\/pan\/wp-json\/wp\/v2\/users\/76"}],"replies":[{"embeddable":true,"href":"https:\/\/supercuotas.gratis\/pan\/wp-json\/wp\/v2\/comments?post=33223"}],"version-history":[{"count":1,"href":"https:\/\/supercuotas.gratis\/pan\/wp-json\/wp\/v2\/pages\/33223\/revisions"}],"predecessor-version":[{"id":33279,"href":"https:\/\/supercuotas.gratis\/pan\/wp-json\/wp\/v2\/pages\/33223\/revisions\/33279"}],"wp:attachment":[{"href":"https:\/\/supercuotas.gratis\/pan\/wp-json\/wp\/v2\/media?parent=33223"}],"curies":[{"name":"wp","href":"https:\/\/api.w.org\/{rel}","templated":true}]}}