{"id":33143,"date":"2023-11-23T18:57:03","date_gmt":"2023-11-23T17:57:03","guid":{"rendered":"https:\/\/supercuotas.gratis\/?page_id=33143"},"modified":"2023-11-23T18:57:29","modified_gmt":"2023-11-23T17:57:29","slug":"codere-bono-casino-codigos-promocionales-panama","status":"publish","type":"page","link":"https:\/\/supercuotas.gratis\/pan\/codere-bono-casino-codigos-promocionales-panama\/","title":{"rendered":"Codere Bono Casino \u00bb \u00a15 Giros GRATIS + Juego que M\u00c1S PAGAN!"},"content":{"rendered":"\n<p>Atenci\u00f3n a los fan\u00e1ticos de los juegos de casino en l\u00ednea de Panam\u00e1. \u00a1Atenci\u00f3n porque est\u00e1n a punto de descubrir una de las mejores oportunidades para ganar y divertirse! <strong>Y, como es obvio, el sitio que otorga las posibilidades no es otro que Codere<\/strong>. Una de las marcas m\u00e1s prestigiosas en la escena. Aprovecha el Bono de Bienvenida para jugar en el Casino de Codere y eleva tu juego al siguiente nivel. <strong><a href=\"https:\/\/recor.to\/coderepanamabono\" target=\"_blank\" rel=\"noreferrer noopener nofollow sponsored\">\u00a1En Codere juegan y apuestan los que saben!<\/a><\/strong><\/p>\n\n\n\n<figure class=\"wp-block-image size-full is-resized\"><a href=\"https:\/\/recor.to\/coderepanamabono\" target=\"_blank\" rel=\"noreferrer noopener nofollow sponsored\"><img fetchpriority=\"high\" decoding=\"async\" width=\"960\" height=\"564\" src=\"https:\/\/supercuotas.gratis\/wp-content\/uploads\/2023\/11\/codere-bono-casino.webp\" alt=\"codere bono casino\" class=\"wp-image-33144\" style=\"width:703px;height:auto\" srcset=\"https:\/\/supercuotas.gratis\/wp-content\/uploads\/2023\/11\/codere-bono-casino.webp 960w, https:\/\/supercuotas.gratis\/wp-content\/uploads\/2023\/11\/codere-bono-casino-300x176.webp 300w, https:\/\/supercuotas.gratis\/wp-content\/uploads\/2023\/11\/codere-bono-casino-768x451.webp 768w\" sizes=\"(max-width: 960px) 100vw, 960px\" \/><\/a><\/figure>\n\n\n\n<p><strong>La fiesta de la diversi\u00f3n, de la emoci\u00f3n y de la adrenalina tiene lugar en el mejor Casino Online de Panam\u00e1: Codere. <\/strong>Un sitio con reconocimiento internacional y con gran presencia en Am\u00e9rica Latina. Es por ello que desde <strong>SuperCuotas.gratis<\/strong> nos decidimos a evaluar el mencionado Casino y encontramos las mejores Ofertas para potenciar tu ingenio y tu talento en los juegos de azar a trav\u00e9s de Internet. <\/p>\n\n\n\n<p>\u00bfAnsioso por conocer tus oportunidades? Pues prep\u00e1rate para vivir momentos incre\u00edbles en tu plataforma favorita. M\u00e1s precisamente, <strong>pondremos el ojo y el foco en el Bono de dep\u00f3sito extra que Codere propone para el Casino<\/strong>. Obt\u00e9n hasta $100 extras de bonificaci\u00f3n para apostar en tus t\u00edtulos preferidos de la p\u00e1gina. Tambi\u00e9n te ense\u00f1aremos a reclamar y activar 5 Giros Gratis a diario en el Juego de la Semana.<\/p>\n\n\n\n<p>Para todo ello, hay un paso previo que debes cumplir obligatoriamente. \u00bfCu\u00e1l es? <strong><a href=\"https:\/\/recor.to\/coderepanamabono\" target=\"_blank\" rel=\"noreferrer noopener nofollow sponsored\">\u00a1Reg\u00edstrate ahora mismo en Codere desde Panam\u00e1 al pinchar aqu\u00ed! <\/a><\/strong>Ser\u00e1 la puerta de entrada al sitio de juegos de casino y apuestas deportivas en l\u00ednea que se convertir\u00e1 en tu opci\u00f3n n\u00famero 1. <strong>Sigue nuestro sabio consejo y haz valer la confianza que estamos depositando en ti.<\/strong> Creemos que eres el mejor y debes pasar a la acci\u00f3n para confirmar nuestras palabras. \u00a1El camino a la gloria y a la diversi\u00f3n extrema comienza hoy!<\/p>\n\n\n\n<h2 class=\"wp-block-heading\"><strong>Todo lo que precisas tener presente para iniciar tu recorrido en la plataforma de Codere<\/strong><\/h2>\n\n\n\n<p>Previo a deglutir con lujo de detalle el Bono y los distintos beneficios para aprovechar en el Casino de Codere, es importante dejar bien en claro de qu\u00e9 se trata esta compa\u00f1\u00eda.<\/p>\n\n\n\n<p>Quienes no est\u00e9n al tanto, <strong><a href=\"https:\/\/recor.to\/coderepanamabono\" target=\"_blank\" rel=\"noreferrer noopener nofollow sponsored\">Codere es un sitio en l\u00ednea dedicado a los Juegos de Casino y a las Apuestas Deportivas<\/a><\/strong>. Tal y como ya hemos anunciado, <strong>Codere es una de las marcas con m\u00e1s prestigio en Am\u00e9rica Latina<\/strong>, siendo l\u00edder y referentes en pa\u00edses como Panam\u00e1, Colombia o Argentina, por ejemplo.<\/p>\n\n\n\n<p>Codere propone todo un entorno perfecto para que los clientes se diviertan de manera saludable, responsable y segura. <strong>\u00a1Porque es consciente de que el entretenimiento debe ser siempre en un espacio regulado y controlado!<\/strong><\/p>\n\n\n\n<p>El origen de la empresa Codere se remonta a la d\u00e9cada de 1980 en el pa\u00eds de Espa\u00f1a.<strong> \u00a1Ya son m\u00e1s de 40 a\u00f1os de experiencia en el rubro!<\/strong> Esto significa un sello de calidad, jerarqu\u00eda y profesionalismo. <\/p>\n\n\n\n<p>En t\u00e9rminos de la actividad a trav\u00e9s de Internet, <strong>Codere tuvo su revoluci\u00f3n tecnol\u00f3gico por el a\u00f1o de 2018<\/strong>, cuando decidi\u00f3 poner en marcha el Casino y la Casa de Apuestas Deportivas Online. Desde all\u00ed ha sido una de las plataformas m\u00e1s exitosas y con mejores est\u00e1ndares de calidad en la escena. <\/p>\n\n\n\n<p>En un consejo m\u00e1s de tinte personal, <strong>te invitamos a recordar que tanto las apuestas en deportes como el juego en casino debe ser un pasatiempo y solo por diversi\u00f3n.<\/strong> No es la forma de solucionar tus problemas financieros y debes mantener siempre la alegr\u00eda. <\/p>\n\n\n\n<p>Con la peque\u00f1a rese\u00f1a de Codere finalizada, vamos hacia el an\u00e1lisis del Bono y las Promociones para sacar provecho en el Casino de  la p\u00e1gina.<\/p>\n\n\n\n<p><em>Si gustas m\u00e1s informaci\u00f3n y m\u00e1s detalles exclusivos, te recomendamos visitar el siguiente art\u00edculo de <strong>SuperCuotas.gratis<\/strong>: <a href=\"https:\/\/supercuotas.gratis\/pan\/codere\/\" target=\"_blank\" rel=\"noreferrer noopener\">Rese\u00f1a completa del sitio de Codere Panam\u00e1. Todos los Bonos disponibles en la plataforma actualmente.<\/a><\/em><\/p>\n\n\n\n<figure class=\"wp-block-image size-large\"><a href=\"https:\/\/recor.to\/coderepanamabono\" target=\"_blank\" rel=\"noreferrer noopener nofollow sponsored\"><img decoding=\"async\" width=\"1024\" height=\"202\" src=\"https:\/\/supercuotas.gratis\/wp-content\/uploads\/2023\/11\/codere-bono-de-bienvenida-1024x202.webp\" alt=\"codere bono de bienvenida\" class=\"wp-image-33174\" srcset=\"https:\/\/supercuotas.gratis\/wp-content\/uploads\/2023\/11\/codere-bono-de-bienvenida-1024x202.webp 1024w, https:\/\/supercuotas.gratis\/wp-content\/uploads\/2023\/11\/codere-bono-de-bienvenida-300x59.webp 300w, https:\/\/supercuotas.gratis\/wp-content\/uploads\/2023\/11\/codere-bono-de-bienvenida-768x151.webp 768w, https:\/\/supercuotas.gratis\/wp-content\/uploads\/2023\/11\/codere-bono-de-bienvenida-1536x303.webp 1536w, https:\/\/supercuotas.gratis\/wp-content\/uploads\/2023\/11\/codere-bono-de-bienvenida.webp 1562w\" sizes=\"(max-width: 1024px) 100vw, 1024px\" \/><\/a><\/figure>\n\n\n\n<h2 class=\"wp-block-heading\"><strong>\u00a1Bono por dep\u00f3sito de hasta $100 USD extras para el Casino de Codere!<\/strong><\/h2>\n\n\n\n<p>Una Promoci\u00f3n m\u00e1s que interesante para obtener beneficios e incrementar tus ganancias en el Casino de Codere es <strong>el Bono Dep\u00f3sito con extra&#8221;.<\/strong> Gracias a esta Oferta, los clientes de Codere en Panam\u00e1 logran hacer rendir mucho m\u00e1s tanto su dinero como el tiempo que invierten dentro de la plataforma. <\/p>\n\n\n\n<p>Lo \u00fanico que debes cumplir para estar en condiciones de reclamar el Bono &#8220;<strong>Dep\u00f3sito con extra<\/strong>&#8221; es tener una cuenta registrada en el sitio de Codere a tu nombre. Ten presente que cada persona tiene derecho a una sola cuenta a su nombre en el sitio. Por otro lado, se\u00f1alar que el registro es gratis y sencillo; solamente es obligatorio ser mayor de 18 a\u00f1os de edad.<\/p>\n\n\n\n<div class=\"wp-block-buttons is-content-justification-center is-layout-flex wp-container-core-buttons-is-layout-16018d1d wp-block-buttons-is-layout-flex\">\n<div class=\"wp-block-button\"><a class=\"wp-block-button__link has-background wp-element-button\" href=\"https:\/\/recor.to\/coderepanamabono\" style=\"background-color:#22cf00\" target=\"_blank\" rel=\"noreferrer noopener nofollow sponsored\">\u00a1OBT\u00c9N TU BONO PARA CASINO EN CODERE!<\/a><\/div>\n<\/div>\n\n\n\n<p>Regresando al Bono &#8220;<strong>Dep\u00f3sito con extra<\/strong>&#8220;, los jugadores reciben hasta $100 USD de bonificaci\u00f3n en su dep\u00f3sito, v\u00e1lidos para jugar en el Casino de Codere. \u00bfC\u00f3mo se calcula el beneficio por tu dep\u00f3sito? Al participar en la Promoci\u00f3n, los clientes obtienen beneficios de la siguiente forma:<\/p>\n\n\n\n<ul class=\"wp-block-list\">\n<li>$10 USD en dep\u00f3sitos de entre $50 USD y $99,99 USD.<\/li>\n\n\n\n<li>$20 USD en recargas entre $100 USD y $199,99 USD.<\/li>\n\n\n\n<li>$40 USD para dep\u00f3sitos entre $200 USD y $399,99 USD.<\/li>\n\n\n\n<li>$100 USD por dep\u00f3sitos de $400 USD o m\u00e1s.<\/li>\n<\/ul>\n\n\n\n<p><em>\u00bfEres un aficionado de los pron\u00f3sticos deportivos? Tambi\u00e9n tenemos noticias para ti desde <strong>SuperCuotas.gratis<\/strong>: <a href=\"https:\/\/supercuotas.gratis\/pan\/codere-bono-apuestas-deportivas-codigos-promocionales\/\" target=\"_blank\" rel=\"noreferrer noopener\">Aprende todo lo necesario sobre el Bono para las Apuestas Deportivas en Codere Panam\u00e1.<\/a><\/em><\/p>\n\n\n\n<h3 class=\"wp-block-heading has-text-align-center\"><strong>Giros Gratis para el Juego de la Semana en Codere<\/strong><\/h3>\n\n\n\n<p>Otro de los Bonos imperdibles en <strong><a href=\"https:\/\/recor.to\/coderepanamabono\" target=\"_blank\" rel=\"noreferrer noopener nofollow sponsored\">el Casino Online de Codere<\/a><\/strong> es la jugosa Oferta &#8220;<strong>Juego de la Semana: Gana 5 Giros Gratis<\/strong>&#8220;. Un Bono ideal y que calza como anillo al dedo para los aficionados de las M\u00e1quinas Tragamonedas o Slots de la plataforma de Codere.<\/p>\n\n\n\n<p>Pero, \u00bfQu\u00e9 propone espec\u00edficamente la Promoci\u00f3n &#8220;<strong>Juego de la Semana: Gana 5 Giros Gratis<\/strong>&#8220;? Justamente, propone 5 Giros Gratis a diario para los clientes del Casino de Codere. La modalidad es seleccionar un &#8220;<strong>Juego de la Semana&#8221;<\/strong> durante los 7 d\u00edas de una semana y repartir, por d\u00eda, 5 Giros Gratis a los usuarios. \u00a1Totalmente gratis, es decir sin dep\u00f3sito previo!<\/p>\n\n\n\n<p>De esta manera, <strong>los jugadores de Codere podr\u00e1n disfrutar de hasta 35 Giros Gratis semanales<\/strong> para el juego Slot o Tragamonedas seleccionado por el sitio en cada semana. \u00a1Una aut\u00e9ntica delicia! Ya no quedan excusas de tu lado para no ser parte del Casino de Codere.<\/p>\n\n\n\n<h3 class=\"wp-block-heading has-text-align-center\"><strong>\u00a1Los mejores proveedores de juegos!<\/strong><\/h3>\n\n\n\n<p>Por \u00faltimo, nos gustar\u00eda destacar que en el Casino de Codere hallar\u00e1s t\u00edtulos de las empresa de software iGaming m\u00e1s importantes de la industria a nivel internacional.<\/p>\n\n\n\n<p>Esto garantiza dos cosas. Por un lado, <strong>calidad, jerarqu\u00eda, transparencia y justicia en cada uno de los juegos de casino disponibles en la plataforma de Codere<\/strong>. Por otra parte, todos los juegos entregan premios reales, con seguro de pago del 100%. <\/p>\n\n\n\n<p>Ap\u00fantate al Casino de Codere y disfruta de juegos de azar de empresas como Netent o Pragmatic Play. De hecho, en la colecci\u00f3n de Codere encontrar\u00e1s una categor\u00eda &#8220;<strong>Top 30<\/strong>&#8221; que re\u00fane en la actualidad los juegos de casino que m\u00e1s est\u00e1n pagando a los usuarios. Los famosos juegos &#8220;<strong>Hot<\/strong>&#8221; o &#8220;<strong>Calientes<\/strong>&#8221; que prometen mucha emoci\u00f3n y recompensas incre\u00edbles. <\/p>\n\n\n\n<p>\u00a1Pr\u00e9stale atenci\u00f3n al &#8220;<strong>Top 30<\/strong>&#8221; de Codere y te resultar\u00e1 m\u00e1s sencillo hacer rentable tu experiencia en la p\u00e1gina de Codere! Ganar ya no es una opci\u00f3n, es un camino. <\/p>\n\n\n\n<figure class=\"wp-block-image size-large\"><a href=\"https:\/\/recor.to\/coderepanamabono\" target=\"_blank\" rel=\"noreferrer noopener nofollow sponsored\"><img decoding=\"async\" width=\"1024\" height=\"291\" src=\"https:\/\/supercuotas.gratis\/wp-content\/uploads\/2023\/11\/codere-oferta-casino-1024x291.webp\" alt=\"codere oferta casino\" class=\"wp-image-33183\" srcset=\"https:\/\/supercuotas.gratis\/wp-content\/uploads\/2023\/11\/codere-oferta-casino-1024x291.webp 1024w, https:\/\/supercuotas.gratis\/wp-content\/uploads\/2023\/11\/codere-oferta-casino-300x85.webp 300w, https:\/\/supercuotas.gratis\/wp-content\/uploads\/2023\/11\/codere-oferta-casino-768x218.webp 768w, https:\/\/supercuotas.gratis\/wp-content\/uploads\/2023\/11\/codere-oferta-casino.webp 1155w\" sizes=\"(max-width: 1024px) 100vw, 1024px\" \/><\/a><\/figure>\n\n\n\n<h2 class=\"wp-block-heading\"><strong>Preguntas Frecuentes sobre el Bono para jugar y apostar en el Casino Online de Codere en Panam\u00e1<\/strong><\/h2>\n\n\n\n<div class=\"wp-block-rank-math-faq-block\"><div class=\"rank-math-faq-item\"><h3 class=\"rank-math-question\">\u00bfCodere propone Bonos y beneficios espec\u00edficos para el Casino? <\/h3><div class=\"rank-math-answer\">Si, as\u00ed es. Codere tiene una firme pol\u00edtica de Bonos y Promociones para estimular a los clientes a disfrutar de sus juegos de casino favoritos en el sitio.<\/div><\/div><div class=\"rank-math-faq-item\"><h3 class=\"rank-math-question\">\u00bfEn qu\u00e9 consiste el Bono &#8220;Dep\u00f3sito con extra&#8221; para el Casino de Codere?<\/h3><div class=\"rank-math-answer\">En esta Promoci\u00f3n los usuarios pueden incrementar el beneficio por su dep\u00f3sito para los juegos de casino. Reclama hasta $100 USD de Bono por tu dep\u00f3sito de $400 USD o m\u00e1s.<\/div><\/div><div class=\"rank-math-faq-item\"><h3 class=\"rank-math-question\">\u00bfDe qu\u00e9 trata la Oferta &#8220;<strong>Juego de la Semana: Gana 5 Giros Gratis<\/strong>&#8221; en Codere?<\/h3><div class=\"rank-math-answer\">Es un Bono que Codere ofrece todas las semanas a los clientes. Obt\u00e9n 5 Giros Gratis a diario cada d\u00eda de la semana para el juego seleccionado como &#8220;Juego de la Semana&#8221; por la plataforma, sin dep\u00f3sito previo necesario. \u00a1Recibe hasta 35 Giros Gratis por per\u00edodo promocional!<\/div><\/div><div class=\"rank-math-faq-item\"><h3 class=\"rank-math-question\">\u00bfC\u00f3mo abrir una cuenta en Codere desde Panam\u00e1?<\/h3><div class=\"rank-math-answer\">Muy sencillo. Entra al sitio web de Codere y completa el formulario de registro. Es r\u00e1pido y totalmente gratis abrir una cuenta.<\/div><\/div><div class=\"rank-math-faq-item\"><h3 class=\"rank-math-question\">\u00bfQu\u00e9 requisitos exige Codere para crear una cuenta? <\/h3><div class=\"rank-math-answer\">A decir verdad, no muchos requisitos son los que exige Codere. Si es necesario ser mayor de 18 a\u00f1os de edad y residente del pa\u00eds de Panam\u00e1.<\/div><\/div><div class=\"rank-math-faq-item\"><h3 class=\"rank-math-question\">\u00bfLa misma cuenta de Codere sirve para jugar en el casino como para apostar en deportes?<\/h3><div class=\"rank-math-answer\">Si. Tu cuenta en Codere te ser\u00e1 \u00fatil para disfrutar del entretenimiento Online tanto en las apuestas deportivas como en el Casino Online m\u00e1s importante de Panam\u00e1.<\/div><\/div><div class=\"rank-math-faq-item\"><h3 class=\"rank-math-question\">\u00bfPuedo ganar dinero real en Codere?<\/h3><div class=\"rank-math-answer\">\u00a1Por supuesto que si! Muestra tu habilidad y perspicacia para el juego y para las apuestas y obt\u00e9n ganancias reales y f\u00e1ciles de cobrar.<\/div><\/div><\/div>\n","protected":false},"excerpt":{"rendered":"<p>Atenci\u00f3n a los fan\u00e1ticos de los juegos de casino en l\u00ednea de Panam\u00e1. \u00a1Atenci\u00f3n porque est\u00e1n a punto de descubrir una de las mejores oportunidades para ganar y divertirse! Y, como es obvio, el sitio que otorga las posibilidades no es otro que Codere. Una de las marcas m\u00e1s prestigiosas en la escena. Aprovecha el &#8230; <a title=\"Codere Bono Casino \u00bb \u00a15 Giros GRATIS + Juego que M\u00c1S PAGAN!\" class=\"read-more\" href=\"https:\/\/supercuotas.gratis\/pan\/codere-bono-casino-codigos-promocionales-panama\/\" aria-label=\"Read more about Codere Bono Casino \u00bb \u00a15 Giros GRATIS + Juego que M\u00c1S PAGAN!\">Read more<\/a><\/p>\n","protected":false},"author":79,"featured_media":0,"parent":0,"menu_order":0,"comment_status":"closed","ping_status":"closed","template":"","meta":{"_uag_custom_page_level_css":"","generate_page_header":"","footnotes":""},"class_list":["post-33143","page","type-page","status-publish"],"uagb_featured_image_src":{"full":false,"thumbnail":false,"medium":false,"medium_large":false,"large":false,"1536x1536":false,"2048x2048":false},"uagb_author_info":{"display_name":"Jeronimo","author_link":"https:\/\/supercuotas.gratis\/pan\/author\/jeronimo\/"},"uagb_comment_info":0,"uagb_excerpt":"Atenci\u00f3n a los fan\u00e1ticos de los juegos de casino en l\u00ednea de Panam\u00e1. \u00a1Atenci\u00f3n porque est\u00e1n a punto de descubrir una de las mejores oportunidades para ganar y divertirse! Y, como es obvio, el sitio que otorga las posibilidades no es otro que Codere. Una de las marcas m\u00e1s prestigiosas en la escena. Aprovecha el&hellip;","_links":{"self":[{"href":"https:\/\/supercuotas.gratis\/pan\/wp-json\/wp\/v2\/pages\/33143","targetHints":{"allow":["GET"]}}],"collection":[{"href":"https:\/\/supercuotas.gratis\/pan\/wp-json\/wp\/v2\/pages"}],"about":[{"href":"https:\/\/supercuotas.gratis\/pan\/wp-json\/wp\/v2\/types\/page"}],"author":[{"embeddable":true,"href":"https:\/\/supercuotas.gratis\/pan\/wp-json\/wp\/v2\/users\/79"}],"replies":[{"embeddable":true,"href":"https:\/\/supercuotas.gratis\/pan\/wp-json\/wp\/v2\/comments?post=33143"}],"version-history":[{"count":7,"href":"https:\/\/supercuotas.gratis\/pan\/wp-json\/wp\/v2\/pages\/33143\/revisions"}],"predecessor-version":[{"id":33212,"href":"https:\/\/supercuotas.gratis\/pan\/wp-json\/wp\/v2\/pages\/33143\/revisions\/33212"}],"wp:attachment":[{"href":"https:\/\/supercuotas.gratis\/pan\/wp-json\/wp\/v2\/media?parent=33143"}],"curies":[{"name":"wp","href":"https:\/\/api.w.org\/{rel}","templated":true}]}}