{"id":9203,"date":"2020-11-26T16:30:24","date_gmt":"2020-11-26T15:30:24","guid":{"rendered":"https:\/\/supercuotas.gratis\/?page_id=9203"},"modified":"2023-06-29T17:59:29","modified_gmt":"2023-06-29T15:59:29","slug":"codere-bono-casino","status":"publish","type":"page","link":"https:\/\/supercuotas.gratis\/mx\/codere-bono-casino\/","title":{"rendered":"Codere MX, Todo lo que hay que saber del bono codere de casino \u3010Abril 2026\u3011"},"content":{"rendered":"\n<p>Codere bono casino, una de las mejores ofertas para M\u00e9xico con la que podr\u00e1s disfrutar de cientos de slots y mesas electr\u00f3nicas. Reg\u00edstrate hoy mismo en la plataforma para obtener el <strong>100% extra de tu 1\u00b0 dep\u00f3sito hasta $3.500 MXN.\u00a0<\/strong>Aprovecha esta oportunidad \u00fanica para comenzar a divertirte con saldo adicional. Adem\u00e1s, te contamos algunas de las mejores promociones disponibles en el sitio para los diferentes juegos de casino <a href=\"https:\/\/recor.to\/coderemx\" rel=\"nofollow noopener sponsored\">\u00a1Reg\u00edstrate ya!<\/a><\/p>\n\n\n\n<figure class=\"wp-block-gallery has-nested-images columns-default is-cropped wp-block-gallery-1 is-layout-flex wp-block-gallery-is-layout-flex\">\n<figure class=\"wp-block-image size-large\"><a href=\"https:\/\/recor.to\/coderemx\" target=\"_blank\" rel=\"noreferrer noopener nofollow sponsored\"><img fetchpriority=\"high\" decoding=\"async\" width=\"960\" height=\"274\" data-id=\"9205\" src=\"https:\/\/supercuotas.gratis\/wp-content\/uploads\/2020\/11\/bono-casino-codere.jpg\" alt=\"bono casino codere\" class=\"wp-image-9205\" srcset=\"https:\/\/supercuotas.gratis\/wp-content\/uploads\/2020\/11\/bono-casino-codere.jpg 960w, https:\/\/supercuotas.gratis\/wp-content\/uploads\/2020\/11\/bono-casino-codere-300x86.jpg 300w, https:\/\/supercuotas.gratis\/wp-content\/uploads\/2020\/11\/bono-casino-codere-768x219.jpg 768w\" sizes=\"(max-width: 960px) 100vw, 960px\" \/><\/a><\/figure>\n<\/figure>\n\n\n\n<h2 class=\"wp-block-heading\"><strong>Codere bono casino \u00a1100% extra en tu 1\u00b0 dep\u00f3sito hasta $3.500 MXN!<\/strong><\/h2>\n\n\n\n<p>Una de las promociones m\u00e1s recomendadas que se encuentran disponibles en la actualidad. Sin lugar a dudas, Codere bono casino es la oferta del momento y <strong>miles de usuarios de M\u00e9xico est\u00e1n uni\u00e9ndose al desaf\u00edo<\/strong> para aprovechar al m\u00e1ximo el regalo de saldo adicional. Pero, \u00bfen qu\u00e9 consiste? En art\u00edculos anteriores te explicamos qu\u00e9 son los bonos de bienvenida. Este tipo de bonificaciones otorgan beneficios \u00fanicos a los nuevos clientes de un sitio, en este caso a aquellos que se registren en Codere. Por eso, si todav\u00eda no lo hiciste, te recomendamos suscribirte en la plataforma. Puedes hacerlo: <a href=\"https:\/\/recor.to\/coderemx\" rel=\"nofollow noopener sponsored\">aqu\u00ed.<\/a><\/p>\n<p>En resumen, consiste en una bonificaci\u00f3n de saldo del 100% extra de tu primer dep\u00f3sito hasta $3.500 MXN. Esto quiere decir que luego de realizar tu primer ingreso de saldo en el sitio obtendr\u00e1s exactamente el doble para disfrutar en todos los juegos. En este sentido, para poder calificar a la oferta, deber\u00e1s concretar un <strong>dep\u00f3sito m\u00ednimo de $100 MXN.&nbsp;<\/strong>Por ejemplo, si realizas un ingreso de $500 MXN, obtendr\u00e1s otros $500 MXN y podr\u00e1s participar con $1.000 MXN, as\u00ed hasta la bonificaci\u00f3n m\u00e1xima. Dicho sea esto, es muy importante que sepas como recargar tu saldo en la plataforma, por eso, te sugerimos leer:&nbsp;<a href=\"https:\/\/supercuotas.gratis\/mx\/codere-ingresar-dinero\/\">\u00bfC\u00f3mo ingresar dinero en Codere?<\/a><\/p>\n<p>Luego, ser\u00e1 necesario que completes el rollover obligatorio estipulado en <strong>35 veces la cantidad del bono en 14 d\u00edas.&nbsp;<\/strong>Por lo tanto, para seguir con el mismo ejemplo, si recibiste $500 MXN de bono, tendr\u00e1s que jugar un total de $17.500 MXN en dicho lapso de tiempo para poder retirar las ganancias derivadas con el uso del mismo. Adem\u00e1s, ten en cuenta que no todos los juegos contribuyen de igual manera. Puedes utilizar todos los juegos y modalidades de la secci\u00f3n <strong>&#8220;Juegos de bienvenida&#8221;.<\/strong> A saber: tragamonedas 100%; blakckjack 20%; ruletas 20%. A continuaci\u00f3n, te dejamos los pasos para solicitar la oferta.<\/p>\n\n\n\n<h3 class=\"wp-block-heading\"><strong>\u00bfC\u00f3mo solicitar el bono de Codere para casino?<\/strong><\/h3>\n\n\n\n<ol>\n<li><a href=\"https:\/\/recor.to\/coderemx\" rel=\"nofollow noopener sponsored\">Abre una cuenta en Codere desde este enlace.<\/a><\/li>\n<li>Realiza un dep\u00f3sito de saldo m\u00ednimo de $100 MXN.<\/li>\n<li>\u00a1Obt\u00e9n el 100% extra de tu dep\u00f3sito hasta $3.500 MXN!<\/li>\n<\/ol>\n\n\n\n<h4 class=\"wp-block-heading\"><strong>T\u00e9rminos y condiciones del bono de casino<\/strong><\/h4>\n\n\n\n<ul>\n<li>Exclusivo para nuevos clientes que nunca antes hayan participado.<\/li>\n<li>Solo para mayores de 18 a\u00f1os.<\/li>\n<li>Debes residir en M\u00e9xico para solicitar la oferta.<\/li>\n<li>Es necesario depositar un m\u00ednimo de $100 MXN.<\/li>\n<li>Recibir\u00e1s el 100% extra de tu dep\u00f3sito.<\/li>\n<li>Bonificaci\u00f3n m\u00e1xima de $3.500 MXN.<\/li>\n<li>Aplica para los juegos de la secci\u00f3n bienvenida.<\/li>\n<li>Debes completar el rollover x35 veces.<\/li>\n<li>Vigencia de 14 d\u00edas desde recibida la oferta.<\/li>\n<\/ul>\n\n\n\n<figure class=\"wp-block-gallery has-nested-images columns-default is-cropped wp-block-gallery-2 is-layout-flex wp-block-gallery-is-layout-flex\">\n<figure class=\"wp-block-image size-large\"><a href=\"https:\/\/recor.to\/coderemx\" target=\"_blank\" rel=\"noreferrer noopener nofollow sponsored\"><img decoding=\"async\" width=\"960\" height=\"274\" data-id=\"9211\" src=\"https:\/\/supercuotas.gratis\/wp-content\/uploads\/2020\/11\/bono-slots-codere.jpg\" alt=\"bono casino en codere\" class=\"wp-image-9211\" srcset=\"https:\/\/supercuotas.gratis\/wp-content\/uploads\/2020\/11\/bono-slots-codere.jpg 960w, https:\/\/supercuotas.gratis\/wp-content\/uploads\/2020\/11\/bono-slots-codere-300x86.jpg 300w, https:\/\/supercuotas.gratis\/wp-content\/uploads\/2020\/11\/bono-slots-codere-768x219.jpg 768w\" sizes=\"(max-width: 960px) 100vw, 960px\" \/><\/a><\/figure>\n<\/figure>\n\n\n\n<h2 class=\"wp-block-heading\"><strong>Promociones de Codere para el casino<\/strong><\/h2>\n\n\n\n<p>Pero adem\u00e1s de la oferta Codere bono casino, encontrar\u00e1s en la plataforma muchas otras <strong>promociones que te permitir\u00e1n recibir beneficios adicionales para los diferentes juegos de casino<\/strong>. A continuaci\u00f3n, te contaremos en qu\u00e9 consisten la mayor\u00eda de ellas para que puedas solicitarlas y disfrutarlas al registrarte en el sitio. No esperes m\u00e1s, \u00fanete a la comunidad de jugadores m\u00e1s importantes de M\u00e9xico y recibe beneficios exclusivos <a href=\"https:\/\/recor.to\/coderemx\" rel=\"nofollow noopener sponsored\">\u00a1Abre tu cuenta ahora!&nbsp;<\/a><\/p>\n<p>Por otro lado, si vas a empezar tu aventura de juego con Codere bono casino o cualquiera de las ofertas, es importantes que conozcas las operaciones b\u00e1sicas de <strong>ingreso y retiro de saldo de tu cuenta.<\/strong> Por esta raz\u00f3n, te dejamos uno de nuestros art\u00edculos donde te explicamos c\u00f3mo extraer las ganancias derivadas de tu participaci\u00f3n en la plataforma. Para m\u00e1s informaci\u00f3n, te recomendamos visitar el siguiente art\u00edculo de nuestro portal:<a href=\"https:\/\/supercuotas.gratis\/mx\/codere-retirar-dinero\/\"> \u00bfC\u00f3mo retirar mis ganancias de Codere?<\/a><\/p>\n\n\n\n<h3 class=\"wp-block-heading\"><strong>Coderista leal \u00a1Gana 30 Giros Gratis por semana!<\/strong><\/h3>\n\n\n\n<p>Una oportunidad de primer nivel para obtener beneficios con tu participaci\u00f3n. Esta promoci\u00f3n te permitir\u00e1 conseguir hasta 30 Giros Gratis por jugar en la pesta\u00f1a de casino de Codere durante la semana. Para poder recibir el beneficio <strong>tienes que jugar un m\u00ednimo de $5.000 MXN diarios durante al menos 5 d\u00edas<\/strong>, de esta manera, obtendr\u00e1s 20 Giros Gratis. En el caso de cumplir dicho requisito pero en 7 d\u00edas seguidos recibir\u00e1s 30 Giros Gratis. Todos los juegos de la pesta\u00f1a Yak Casino contribuyen a esta oferta: tragamonedas 100%; ruletas 20%; blackjack 20%. Antes de jugar, te recomendamos leer nuestro art\u00edculo: <a href=\"https:\/\/supercuotas.gratis\/mx\/codere-como-ganar-ruleta\/\">6 consejos para ganar en la ruleta de Codere.<\/a><\/p>\n<ul>\n<li><strong>Apuesta un m\u00ednimo de $5.000 MXN durante 5 d\u00edas consecutivos y recibe 20 Giros Gratis.<\/strong><\/li>\n<li><strong>Apuesta un m\u00ednimo de $5.000 MXN durante 7 d\u00edas consecutivos y recibe 30 Giros Gratis.<\/strong><\/li>\n<\/ul>\n<p>Aprovecha esta oferta y disp\u00f3n de hasta 30 Giros Gratis para <strong>utilizar en el slot Divine Fortune.&nbsp;<\/strong>Una vez recibas los Giros tendr\u00e1s 72 horas para utilizarlos en esta tragamonedas. Como ver\u00e1s es muy f\u00e1cil y no hay ning\u00fan secreto o requisito especial para poder participar en esta oferta. Eso s\u00ed, tienes que estar dispuesto a realizar apuestas por un valor de $5.000 MXN diarios. Si est\u00e1s interesado, puedes apuntarte a la promoci\u00f3n pinchando en: <a href=\"https:\/\/recor.to\/coderemx\" rel=\"nofollow noopener sponsored\">PARTICIPAR.<\/a><\/p>\n\n\n\n<h3 class=\"wp-block-heading\"><strong>Recibe 25 Giros Gratis todos los mi\u00e9rcoles<\/strong><\/h3>\n\n\n\n<p>Otra estupenda oferta que viene como anillo al dedo para los aficionados a las tragamonedas. El funcionamiento es muy simple: los usuarios que <strong>realicen un dep\u00f3sito y jueguen al menos $200 MXN un mi\u00e9rcoles en cualquier juego de la pesta\u00f1a Yak Casino.&nbsp;<\/strong>Como retribuci\u00f3n obtendr\u00e1s 25 Giros Gratis para utilizar en las siguientes tragamonedas: Divine Fortune, Narcos, Jumanji, Finn and the Swirly Spin, Starburst, Dark King Forbidden Riches, Serengeti Kings, Imperial Riches.&nbsp;<\/p>\n<p>Tendr\u00e1s 72 horas para utilizar los Giros Gratis de regalo y para poder retirar las ganancias derivadas deber\u00e1s <strong>apostar un total de 5 veces el valor de las mismas<\/strong> en juegos de la secci\u00f3n bienvenidas. Eso es todo lo que necesitas saber, no dejes pasar la oportunidad, \u00fanete al desaf\u00edo ya mismo desde el siguiente enlace: <a href=\"https:\/\/recor.to\/coderemx\" rel=\"nofollow noopener sponsored\">PARTICIPAR.<\/a><\/p>\n\n\n\n<h3 class=\"wp-block-heading\"><strong>Drops &amp; Wins \u00a1$50.000.000 en premios en efectivo!<\/strong><\/h3>\n\n\n\n<p>Adem\u00e1s de solicitar el bono codere casino en este sitio podr\u00e1s participar por otros beneficios inmediatos. Para ser part\u00edcipe de esta oferta solo podr\u00e1s acceder desde los <strong>juegos seleccionados&nbsp;<\/strong>que puedes encontrar en la secci\u00f3n de la oferta. Luego funciona con la mec\u00e1nica de ca\u00eddas y ganancias por azar bajo el formato de 32 torneos de 7 d\u00edas y 224 ca\u00eddas diarias. De esta manera, se acumula un total de entrega de premios de $115.000 MXN diarios, un premio superior de $25.000 MXN y en total 80 premios.&nbsp;<\/p>\n<p>A su vez, para participar, todas <strong>las tiradas en las tragamonedas seleccionadas deben ser de al menos $12,5 MXN<\/strong>. Por cada tirada puedes obtener un premio en met\u00e1lico por vez y puedes acumular m\u00e1s de un premio. Por eso, cuanto m\u00e1s juegues m\u00e1s chances tendr\u00e1s de ganar. En otras palabras, una aut\u00e9ntica chance de recibir beneficios adicionales con tu participaci\u00f3n <a href=\"https:\/\/recor.to\/coderemx\" rel=\"nofollow noopener sponsored\">\u00a1Ap\u00fantate aqu\u00ed!<\/a><\/p>\n\n\n\n<h3 class=\"wp-block-heading\"><strong>Jackpot Races \u00a1Ganadores todos los lunes y viernes!<\/strong><\/h3>\n\n\n\n<p>Una promoci\u00f3n sin igual con la que puedes tener un golpe de suerte y acumular ganancias como nunca antes. Todo esto gracias a que en Codere <strong>los jackpots progresivos explotan 4 veces todos los lunes y viernes.&nbsp;<\/strong>Por lo tanto, habr\u00e1 en total 8 entrega de premios de botes acumulados en los juegos seleccionados: Loony Blox; Wizards Want War; Magic Oak; Mount Mazuma; London Hunter; Hot Hot Fruit; Bombs away. Estas tragamonedas las encontrar\u00e1s en la categor\u00eda jackpot races y deber\u00e1s participar en ellas con una tirada m\u00ednima de $20 MXN en el horario de 7 PM a 11 PM \u00a1no te lo pierdas!<\/p>\n<p><strong>Premios de los jackpots:<\/strong><\/p>\n<ul>\n<li>1\u00b0 premio &#8211; 50% de jackpot.<\/li>\n<li>2\u00b0 premio &#8211; 25% de jackpot.<\/li>\n<li>3\u00b0 premio &#8211; 15% de jackpot.<\/li>\n<li>4\u00b0 premio &#8211; 10% de jackpot.<\/li>\n<\/ul>\n\n\n\n<figure class=\"wp-block-gallery has-nested-images columns-default is-cropped wp-block-gallery-3 is-layout-flex wp-block-gallery-is-layout-flex\">\n<figure class=\"wp-block-image size-large\"><a href=\"https:\/\/recor.to\/coderemx\" target=\"_blank\" rel=\"noreferrer noopener nofollow sponsored\"><img decoding=\"async\" width=\"960\" height=\"274\" data-id=\"9208\" src=\"https:\/\/supercuotas.gratis\/wp-content\/uploads\/2020\/11\/bono-ruleta-codere.jpg\" alt=\"bono casino para codere\" class=\"wp-image-9208\" srcset=\"https:\/\/supercuotas.gratis\/wp-content\/uploads\/2020\/11\/bono-ruleta-codere.jpg 960w, https:\/\/supercuotas.gratis\/wp-content\/uploads\/2020\/11\/bono-ruleta-codere-300x86.jpg 300w, https:\/\/supercuotas.gratis\/wp-content\/uploads\/2020\/11\/bono-ruleta-codere-768x219.jpg 768w\" sizes=\"(max-width: 960px) 100vw, 960px\" \/><\/a><\/figure>\n<\/figure>\n\n\n<p>[ratings]<\/p>\n\n\n\n<h2 class=\"wp-block-heading\"><strong>Preguntas frecuentes sobre Codere bono casino y promociones<\/strong><\/h2>\n\n\n\n<div class=\"wp-block-rank-math-faq-block\"><div class=\"rank-math-faq-item\"><h3 class=\"rank-math-question\">\u00bfVale la pena jugar en el casino de Codere?<\/h3><div class=\"rank-math-answer\">S\u00ed, esta plataforma es una de las m\u00e1s destacadas del pa\u00eds en lo que refiere a entretenimiento en l\u00ednea por dinero real. Adem\u00e1s, tiene una excelente secci\u00f3n de juegos de casino y apuestas deportivas. Pero no solo esto, si eres nuevo en el sitio puedes solicitar Codere bono casino, una de las mejores ofertas para usuarios reci\u00e9n llegados.<\/div><\/div><div class=\"rank-math-faq-item\"><h3 class=\"rank-math-question\">\u00bfHay bono Codere de casino para nuevos clientes?<\/h3><div class=\"rank-math-answer\">\u00a1Por supuesto! Codere bono casino es una oferta exclusiva para nuevos clientes con la que puedes recibir el 100% extra de tu primer dep\u00f3sito hasta un m\u00e1ximo de $3.500 MXN para utilizar en todos los juegos de la secci\u00f3n &#8220;juegos de bienvenida&#8221; de la plataforma.<\/div><\/div><div class=\"rank-math-faq-item\"><h3 class=\"rank-math-question\">\u00bfC\u00f3mo solicito el bono de Codere para casino?<\/h3><div class=\"rank-math-answer\">Para obtener la oferta Codere bono casino tienes que registrarte en la plataforma y efectuar un dep\u00f3sito m\u00ednimo de al menos $100 MXN.<\/div><\/div><div class=\"rank-math-faq-item\"><h3 class=\"rank-math-question\">\u00bfC\u00f3mo retiro las ganancias derivadas del bono de casino?<\/h3><div class=\"rank-math-answer\">Para extraer las ganancias de Codere bono casino tienes que jugar 35 veces el valor del mismo en los juegos de la secci\u00f3n casino. Los juegos contribuyen de la siguiente manera: slots 100%; blackjack y ruletas 20%.<\/div><\/div><div class=\"rank-math-faq-item\"><h3 class=\"rank-math-question\">\u00bfHay m\u00e1s bonos adem\u00e1s del bono de bienvenida para casino?<\/h3><div class=\"rank-math-answer\">No, en la actualidad no hay m\u00e1s ofertas de bienvenida adem\u00e1s de Codere bono casino. Sin embargo, puedes acceder a muchas promociones diferentes.<\/div><\/div><div class=\"rank-math-faq-item\"><h3 class=\"rank-math-question\">\u00bfC\u00f3mo consigo Giros Gratis para el Codere?<\/h3><div class=\"rank-math-answer\">Adem\u00e1s de Codere bono casino puedes obtener Giros Gratis gracias a las promociones &#8220;Coderista leal&#8221; y &#8220;Recibe Giros todos los mi\u00e9rcoles&#8221;.<\/div><\/div><div class=\"rank-math-faq-item\"><h3 class=\"rank-math-question\">\u00bfHay premios en botes progresivos en Codere?<\/h3><div class=\"rank-math-answer\">\u00a1S\u00ed! Adem\u00e1s de Codere bono casino, hay hasta 8 entregas de botes acumulados los lunes y viernes <\/div><\/div><\/div>\n","protected":false},"excerpt":{"rendered":"<p>Codere bono casino, una de las mejores ofertas para M\u00e9xico con la que podr\u00e1s disfrutar de cientos de slots y mesas electr\u00f3nicas. Reg\u00edstrate hoy mismo en la plataforma para obtener el 100% extra de tu 1\u00b0 dep\u00f3sito hasta $3.500 MXN.\u00a0Aprovecha esta oportunidad \u00fanica para comenzar a divertirte con saldo adicional. Adem\u00e1s, te contamos algunas de &#8230; <a title=\"Codere MX, Todo lo que hay que saber del bono codere de casino \u3010Abril 2026\u3011\" class=\"read-more\" href=\"https:\/\/supercuotas.gratis\/mx\/codere-bono-casino\/\" aria-label=\"Leer m\u00e1s sobre Codere MX, Todo lo que hay que saber del bono codere de casino \u3010Abril 2026\u3011\">Read more<\/a><\/p>\n","protected":false},"author":61,"featured_media":0,"parent":0,"menu_order":0,"comment_status":"closed","ping_status":"closed","template":"","meta":{"_uag_custom_page_level_css":"","generate_page_header":"","footnotes":""},"class_list":["post-9203","page","type-page","status-publish"],"uagb_featured_image_src":{"full":false,"thumbnail":false,"medium":false,"medium_large":false,"large":false,"1536x1536":false,"2048x2048":false},"uagb_author_info":{"display_name":"Marco ciappina","author_link":"https:\/\/supercuotas.gratis\/mx\/author\/marco\/"},"uagb_comment_info":0,"uagb_excerpt":"Codere bono casino, una de las mejores ofertas para M\u00e9xico con la que podr\u00e1s disfrutar de cientos de slots y mesas electr\u00f3nicas. Reg\u00edstrate hoy mismo en la plataforma para obtener el 100% extra de tu 1\u00b0 dep\u00f3sito hasta $3.500 MXN.\u00a0Aprovecha esta oportunidad \u00fanica para comenzar a divertirte con saldo adicional. Adem\u00e1s, te contamos algunas de&hellip;","_links":{"self":[{"href":"https:\/\/supercuotas.gratis\/mx\/wp-json\/wp\/v2\/pages\/9203","targetHints":{"allow":["GET"]}}],"collection":[{"href":"https:\/\/supercuotas.gratis\/mx\/wp-json\/wp\/v2\/pages"}],"about":[{"href":"https:\/\/supercuotas.gratis\/mx\/wp-json\/wp\/v2\/types\/page"}],"author":[{"embeddable":true,"href":"https:\/\/supercuotas.gratis\/mx\/wp-json\/wp\/v2\/users\/61"}],"replies":[{"embeddable":true,"href":"https:\/\/supercuotas.gratis\/mx\/wp-json\/wp\/v2\/comments?post=9203"}],"version-history":[{"count":1,"href":"https:\/\/supercuotas.gratis\/mx\/wp-json\/wp\/v2\/pages\/9203\/revisions"}],"predecessor-version":[{"id":29474,"href":"https:\/\/supercuotas.gratis\/mx\/wp-json\/wp\/v2\/pages\/9203\/revisions\/29474"}],"wp:attachment":[{"href":"https:\/\/supercuotas.gratis\/mx\/wp-json\/wp\/v2\/media?parent=9203"}],"curies":[{"name":"wp","href":"https:\/\/api.w.org\/{rel}","templated":true}]}}