{"id":9076,"date":"2020-11-24T19:41:32","date_gmt":"2020-11-24T18:41:32","guid":{"rendered":"https:\/\/supercuotas.gratis\/?page_id=9076"},"modified":"2023-06-29T18:00:59","modified_gmt":"2023-06-29T16:00:59","slug":"codere-ingresar-dinero","status":"publish","type":"page","link":"https:\/\/supercuotas.gratis\/mx\/codere-ingresar-dinero\/","title":{"rendered":"Codere MX, las 5 mejores formas de ingresar dinero en Codere Mexico \u3010Abril 2026\u3011"},"content":{"rendered":"\n<p>Codere MX cuenta con una de las gamas m\u00e1s amplias de m\u00e9todos de pago en el mercado de las apuestas en l\u00ednea. De esta manera, facilita el acceso a los usuarios de M\u00e9xico ofreciendo<strong> alternativas de dep\u00f3sito que se ajustan a las necesidades de cada uno<\/strong>. En este art\u00edculo, te contamos cu\u00e1les son las formas de pago m\u00e1s recomendadas para cargar saldo en tu cuenta de usuario personal y c\u00f3mo hacerlo con cada una de ellas. Sigue leyendo y no olvides <a href=\"https:\/\/recor.to\/coderemx\" target=\"_blank\" rel=\"noreferrer noopener nofollow sponsored\">abrir una cuenta para participar.<\/a><\/p>\n\n\n\n<figure class=\"wp-block-gallery has-nested-images columns-default is-cropped wp-block-gallery-1 is-layout-flex wp-block-gallery-is-layout-flex\">\n<figure class=\"wp-block-image size-large\"><a href=\"https:\/\/recor.to\/coderemx\" target=\"_blank\" rel=\"noreferrer noopener nofollow sponsored\"><img fetchpriority=\"high\" decoding=\"async\" width=\"1024\" height=\"567\" data-id=\"9084\" src=\"https:\/\/supercuotas.gratis\/wp-content\/uploads\/2020\/11\/ingresar-dinero-codere-1024x567.jpg\" alt=\"como ingresar dinero en codere\" class=\"wp-image-9084\" srcset=\"https:\/\/supercuotas.gratis\/wp-content\/uploads\/2020\/11\/ingresar-dinero-codere-1024x567.jpg 1024w, https:\/\/supercuotas.gratis\/wp-content\/uploads\/2020\/11\/ingresar-dinero-codere-300x166.jpg 300w, https:\/\/supercuotas.gratis\/wp-content\/uploads\/2020\/11\/ingresar-dinero-codere-768x425.jpg 768w, https:\/\/supercuotas.gratis\/wp-content\/uploads\/2020\/11\/ingresar-dinero-codere.jpg 1400w\" sizes=\"(max-width: 1024px) 100vw, 1024px\" \/><\/a><\/figure>\n<\/figure>\n\n\n\n<h2 class=\"wp-block-heading\"><strong>Codere MX, todo lo que necesitas saber para apostar<\/strong><\/h2>\n\n\n\n<p>Antes de registrarte en cualquier sitio, es clave conocer todos los detalles relativos a las diferentes operaciones que deber\u00e1s realizar. En este sentido, una de las acciones centrales para poder jugar en Codere, como en cualquier otra plataforma, corresponde a los dep\u00f3sitos de saldo. De esta manera, dispondr\u00e1s de dinero en el cajero de perfil que podr\u00e1s utilizar en tus pron\u00f3sticos deportivos favoritos. En primer lugar, hay que aclarar que este sitio<strong> cuenta con una gran variedad de formas de pago.&nbsp;<\/strong>De hecho, al estar especializado en el mercado mexicano, encontrar\u00e1s alternativas locales que te facilitar\u00e1n el proceso. Adem\u00e1s, ante cualquier inconveniente, siempre podr\u00e1s dirigirte a su secci\u00f3n de <a href=\"https:\/\/recor.to\/coderemx\" rel=\"nofollow noopener sponsored\">atenci\u00f3n al cliente en l\u00ednea.<\/a><\/p>\n<p>Luego de elegir tu m\u00e9todo de pago preferido y seguir los pasos indicados m\u00e1s abajo, podr\u00e1s empezar a disfrutar de cientos de eventos deportivos diarios. Es tan simple como <strong>dirigirte al cajero, seleccionar el m\u00e9todo deseado y completar la informaci\u00f3n solicitada.&nbsp;<\/strong>Pero no nos apresuremos, m\u00e1s abajo te explicaremos detenidamente, paso por paso, como funcionan cada uno de ellos para que no tengas inconvenientes a la hora de efectuar tus ingresos de saldo en tu cuenta. Recuerda que debes contar con una cuenta para poder participar en el sitio. Por eso, si deseas participar, puedes <a href=\"https:\/\/recor.to\/coderemx\" rel=\"nofollow noopener sponsored\">abrir una cuenta aqu\u00ed.<\/a><\/p>\n<p>Por otro lado, si a\u00fan no abriste una cuenta en Codere, pueden interesarte sus <strong>promociones exclusivas para clientes que nunca antes hayan participado en la plataforma<\/strong>. Si est\u00e1s pensando en unirte al sitio, puede interesarte nuestro art\u00edculo donde te explicamos en qu\u00e9 consiste y c\u00f3mo solicitar la oferta para nuevos clientes: <a href=\"https:\/\/supercuotas.gratis\/mx\/bono-codere\/\">Bono de bienvenida Codere.<\/a><\/p>\n\n\n\n<h3 class=\"wp-block-heading\"><strong>\u00bfValen la pena las apuestas deportivas de Codere MX?<\/strong><\/h3>\n\n\n\n<p>Es normal que te hagas este tipo de preguntas si eres nuevo y no conoces un sitio. De hecho, siempre recomendamos a nuestros usuarios que se informen con detenimiento respecto a las <strong>caracter\u00edsticas y servicios<\/strong> de las diferentes plataformas como Codere. A continuaci\u00f3n, antes de comenzar con el an\u00e1lisis de los m\u00e9todos de pago, realizaremos una peque\u00f1a revisi\u00f3n a los servicios que esta casa ofrece para sus usuarios de M\u00e9xico. Ante cualquier inquietud, recuerda que puedes <a href=\"https:\/\/recor.to\/coderemx\" rel=\"nofollow noopener sponsored\">visitar el sitio.<\/a><\/p>\n<p>En primer lugar, hay que comenzar aclarando que Codere es una de las casas m\u00e1s importantes de M\u00e9xico. La firma, en este sentido, tambi\u00e9n opera en el mercado espa\u00f1ol y <strong>cuenta con una amplia trayectoria en el sector<\/strong> que respaldan la calidad de sus operaciones y modalidades de entretenimiento en l\u00ednea. No nos detendremos mucho en este punto, si quieres saber m\u00e1s, no dejes de ingresar en el sitio para leer la <a href=\"https:\/\/recor.to\/coderemx\" rel=\"nofollow noopener sponsored\">informaci\u00f3n legal y licencias de SEGOB. <\/a><\/p>\n<p>Respecto a las secciones de entretenimiento, podr\u00e1s disfrutar de <strong>una de las m\u00e1s vastas ofertas deportivas con cientos de eventos en vivo y pre-live todos los d\u00edas<\/strong>. Las competencias son miles y, desde ya, se encuentran disponibles las m\u00e1s importantes del circuito internacional. Adem\u00e1s, tambi\u00e9n posee una excelente secci\u00f3n de juegos de casino. En este sentido, si eres un aficionado a este tipo de juegos, te recomendamos leer nuestro art\u00edculo: <a href=\"https:\/\/supercuotas.gratis\/mx\/codere-como-ganar-ruleta\/\">\u00bfC\u00f3mo ganar en la ruleta de Codere?<\/a><\/p>\n\n\n\n<figure class=\"wp-block-gallery has-nested-images columns-default is-cropped wp-block-gallery-2 is-layout-flex wp-block-gallery-is-layout-flex\">\n<figure class=\"wp-block-image size-large\"><a href=\"https:\/\/recor.to\/coderemx\" target=\"_blank\" rel=\"noreferrer noopener nofollow sponsored\"><img decoding=\"async\" width=\"1024\" height=\"273\" data-id=\"9078\" src=\"https:\/\/supercuotas.gratis\/wp-content\/uploads\/2020\/11\/codere-dinero.jpg\" alt=\"ingresar dinero en codere mexico\" class=\"wp-image-9078\" srcset=\"https:\/\/supercuotas.gratis\/wp-content\/uploads\/2020\/11\/codere-dinero.jpg 1024w, https:\/\/supercuotas.gratis\/wp-content\/uploads\/2020\/11\/codere-dinero-300x80.jpg 300w, https:\/\/supercuotas.gratis\/wp-content\/uploads\/2020\/11\/codere-dinero-768x205.jpg 768w\" sizes=\"(max-width: 1024px) 100vw, 1024px\" \/><\/a><\/figure>\n<\/figure>\n\n\n\n<h2 class=\"wp-block-heading\"><strong>Las 5 mejores formas de ingresar dinero en Codere MX<\/strong><\/h2>\n\n\n\n<p>Ahora bien, vayamos al asunto que nos compete y entremos de lleno al quid de la cuesti\u00f3n: \u00bfC\u00f3mo ingresar dinero en Codere? En primer lugar, despejemos toda duda y establezcamos, tajantemente, que <strong>el proceso es muy simple y cualquiera puede hacerlo.&nbsp;<\/strong>Sin ir m\u00e1s lejos, puedes encontrar las indicaciones en la misma p\u00e1gina oficial del sitio. Adem\u00e1s, no es muy diferente a realizar cualquier pago en l\u00ednea como, por ejemplo, <strong>comprar un producto en una tienda online o pagar la cuota de un servicio<\/strong>.<\/p>\n<p>Vayamos al tema, m\u00e1s abajo te dejamos, a nuestro criterio, <strong>5 de los mejores y m\u00e1s recomendados m\u00e9todos de pago<\/strong>. Lo mejor de todo es que podr\u00e1s encontrar formas asociadas a entidades bancarias, como otras en efectivo que no necesitan de contar con este tipo de servicios. Por otro lado, tambi\u00e9n fundamental para desarrollar tu participaci\u00f3n en el sitio, para cuando desees extraer el dinero de tu cuenta personal, te puede interesar: <a href=\"https:\/\/supercuotas.gratis\/mx\/codere-retirar-dinero\/\">\u00bfC\u00f3mo retirar dinero de Codere?<\/a><\/p>\n\n\n\n<h3 class=\"wp-block-heading\"><strong>1. Tarjeta de cr\u00e9dito o d\u00e9bito: Visa y Mastercard <\/strong><\/h3>\n\n\n\n<ul>\n<li><strong>Dep\u00f3sito m\u00ednimo:<\/strong> $100 MXN<\/li>\n<li><strong>Dep\u00f3sito m\u00e1ximo:<\/strong> $400 MXN<\/li>\n<\/ul>\n\n\n\n<p>Una de las formas de pago disponibles en Codere <strong>m\u00e1s f\u00e1ciles y r\u00e1pidas de utilizar para ingresar saldo<\/strong>. Eso s\u00ed, debes contar con una tarjeta de la familia de Visa o Mastercard por lo que tendr\u00e1s que contar con los servicios de esta entidad. Por lo dem\u00e1s, el proceso es muy simple y podr\u00e1s realizar en l\u00ednea en tres simples pasos:<\/p>\n<ol>\n<li><a href=\"https:\/\/recor.to\/coderemx\" rel=\"nofollow noopener sponsored\">Inicia sesi\u00f3n con tu cuenta personal en Codere.<\/a><\/li>\n<li><strong>Dir\u00edgete a la secci\u00f3n Mi cuenta &gt; Depositar &gt; Visa\/Mastercard.<\/strong><\/li>\n<li><strong>Ingresa los datos de tu tarjeta y el importe que deseas depositar.<\/strong><\/li>\n<\/ol>\n\n\n\n<h3 class=\"wp-block-heading\"><strong>2. En efectivo con Paysafecard<\/strong><\/h3>\n\n\n\n<ul>\n<li><strong>Dep\u00f3sitos:&nbsp;<\/strong>$100 MXN, $250 MXN, $500 MXN y $1.000 MXN<\/li>\n<\/ul>\n\n\n\n<p>Lo m\u00e1s conveniente de esta forma de pago es que no requieres estar asociado a ninguna entidad financiera y podr\u00e1s pagar en efectivo. Sin ir m\u00e1s lejos, <strong>es el m\u00e9todo m\u00e1s pr\u00e1ctico para realizar pagos en efectivo de forma instant\u00e1nea.&nbsp;<\/strong>Lo \u00fanico que tienes que hacer es dirigirte a cualquier local que cuenta con las tarjetas de Paysafecard, comprarla en efectivo por cualquiera de los valores mencionados m\u00e1s arriba e ingresar el c\u00f3digo en tu cuenta de Codere para ingresar su valor en tu cajero personal. Debajo de dejamos los pasos a seguir:<\/p>\n<ol>\n<li><strong>Dir\u00edgete a cualquier local asociado de Oxxo, Seven Eleven, Soriana y otros. Todos los disponibles:<\/strong> <a href=\"https:\/\/recor.to\/coderemx\" rel=\"nofollow noopener sponsored\">aqu\u00ed.<\/a><\/li>\n<li><strong>Compra una tarjeta Paysafecard o p\u00eddele un ticket directamente al cajero.<\/strong><\/li>\n<li><strong>Rasca el c\u00f3digo e ingresa el PIN de 16 d\u00edgitos en la secci\u00f3n de Cajero de tu cuenta de Codere.<\/strong><\/li>\n<\/ol>\n\n\n\n<h3 class=\"wp-block-heading\"><strong>3. Desde las practicajas de BBVA<\/strong><\/h3>\n\n\n\n<ul>\n<li><strong>Dep\u00f3sito m\u00ednimo:<\/strong> $100 MXN<\/li>\n<\/ul>\n\n\n\n<p>Otro de los m\u00e9todos m\u00e1s utilizados por ser de acceso libre para cualquier tipo de cliente. En este sentido, no hace falta estar asociado a BBVA ni contar con ninguna tarjeta de cr\u00e9dito o similar. Simplemente, deber\u00e1s ingresar el importe que deseas depositar en tu cuenta con el m\u00e9todo BBVA,<strong> dirigirte a cualquier sucursal que cuenta con practicaja<\/strong> para realizar pagos, ingresar los datos de tu cuenta de Coderee y recibir\u00e1s el importe forma autom\u00e1tica. Sigue estos pasos para realizar el pago:<\/p>\n<ol>\n<li><strong>Inicia sesi\u00f3n en Codere y dir\u00edgete a Mi cuenta &gt; Depositar online &gt; BBVA.<\/strong><\/li>\n<li><strong>Ingresa el importe que deseas depositar, presiona continuar y obtendr\u00e1s el n\u00famero de convenio, referencia y concepto.<\/strong><\/li>\n<li><strong>Introduce los datos en una sucursal de BBVA con practicaja \u00a1y listo!<\/strong><\/li>\n<\/ol>\n\n\n\n<h3 class=\"wp-block-heading\"><strong>4. Tarjeta de cr\u00e9dito American Express<\/strong><\/h3>\n\n\n\n<ul>\n<li><strong>Dep\u00f3sito m\u00ednimo:<\/strong> $100 MXN<\/li>\n<\/ul>\n\n\n\n<p>Un m\u00e9todo muy r\u00e1pido y pr\u00e1cticamente sin l\u00edmites. El punto d\u00e9bil es que necesitas estar asociado a dicha entidad y contar con sus servicios de cr\u00e9dito. Por lo dem\u00e1s, simplemente consiste en <strong>ingresar los datos de tu tarjeta, el importe y disfrutar de tu saldo<\/strong> en las mejores apuestas deportivas y juegos de casino. Te explicamos como:<\/p>\n<ol>\n<li><strong>Dir\u00edgete a la secci\u00f3n Mi cuenta &gt; Depositar online &gt; American Express.<\/strong><\/li>\n<li><strong>Ingresa el importe de tu ingreso y el c\u00f3digo INE de 10 d\u00edgitos de tu tarjeta AMEX.<\/strong><\/li>\n<li><strong>Dale a aceptar y disfruta de tu saldo autom\u00e1ticamente.<\/strong><\/li>\n<\/ol>\n\n\n\n<h3 class=\"wp-block-heading\"><strong>5. Red de book&#8217;s Codere<\/strong><\/h3>\n\n\n\n<ul>\n<li><strong>Dep\u00f3sito m\u00ednimo:<\/strong> $100 MXN<\/li>\n<li><strong>Dep\u00f3sito m\u00e1ximo:<\/strong> $23.000 MXN (hasta verificar tu cuenta)<\/li>\n<\/ul>\n\n\n\n<p>Te lo anticipamos m\u00e1s arriba, Codere se asegura de que todos sus clientes tengan un acceso r\u00e1pido y simple a sus servicios. Por este motivo, cuenta con una <strong>rede de book&#8217;s asociados<\/strong> con los que podr\u00e1s pagar en efectivo sin tarjetas de cr\u00e9dito, d\u00e9bito y sin estar asociado a ninguna entidad bancaria o crediticia. Puedes conocer todos los locales pr\u00f3ximas a tu ubicaci\u00f3n: <a href=\"https:\/\/recor.to\/coderemx\" rel=\"nofollow noopener sponsored\">aqu\u00ed.<\/a><\/p>\n<ol>\n<li><strong>Dir\u00edgete a cualquier de los books habilitados de la red de Codere.<\/strong><\/li>\n<li><strong>Inicia sesi\u00f3n en Codere desde tu m\u00f3vil y dir\u00edgete a Depositar con book.<\/strong><\/li>\n<li><strong>El dependiente escanear\u00e1 el c\u00f3digo de barras en tu m\u00f3vil y deber\u00e1s pagarle en efectivo.<\/strong><\/li>\n<\/ol>\n\n\n\n<figure class=\"wp-block-gallery has-nested-images columns-default is-cropped wp-block-gallery-3 is-layout-flex wp-block-gallery-is-layout-flex\">\n<figure class=\"wp-block-image size-large\"><a href=\"https:\/\/recor.to\/coderemx\" target=\"_blank\" rel=\"noreferrer noopener nofollow sponsored\"><img decoding=\"async\" width=\"750\" height=\"500\" data-id=\"9081\" src=\"https:\/\/supercuotas.gratis\/wp-content\/uploads\/2020\/11\/como-ingresar-dinero-codere.jpg\" alt=\"codere ingresos dinero\" class=\"wp-image-9081\" srcset=\"https:\/\/supercuotas.gratis\/wp-content\/uploads\/2020\/11\/como-ingresar-dinero-codere.jpg 750w, https:\/\/supercuotas.gratis\/wp-content\/uploads\/2020\/11\/como-ingresar-dinero-codere-300x200.jpg 300w\" sizes=\"(max-width: 750px) 100vw, 750px\" \/><\/a><\/figure>\n<\/figure>\n\n\n<p>[ratings]<\/p>\n\n\n\n<h2 class=\"wp-block-heading\">Preguntas frecuentes sobre Codere MX<\/h2>\n\n\n\n<div class=\"wp-block-rank-math-faq-block\"><div class=\"rank-math-faq-item\"><h3 class=\"rank-math-question\">\u00bfEs seguro depositar saldo en Codere MX?<\/h3><div class=\"rank-math-answer\">S\u00ed, Codere cuenta con todos los est\u00e1ndares de seguridad necesarios y toma las pol\u00edticas anti-fraude necesarias para garantizar la transparencia y seguridad para sus usuarios.<\/div><\/div><div class=\"rank-math-faq-item\"><h3 class=\"rank-math-question\">\u00bfCu\u00e1les son los m\u00e9todos de pago m\u00e1s recomendados para depositar en Codere MX?<\/h3><div class=\"rank-math-answer\">Las opciones son muchas y cada usuario tiene sus preferencias. De todas maneras, podr\u00e1s realizar dep\u00f3sitos con tarjetas de cr\u00e9dito y d\u00e9bito, efectivo, a trav\u00e9s de los locales asociados y m\u00e1s.<\/div><\/div><div class=\"rank-math-faq-item\"><h3 class=\"rank-math-question\">\u00bfC\u00f3mo deposito saldo en mi cuenta personal de Codere?<\/h3><div class=\"rank-math-answer\">Debes abrir una cuenta en el sitio, dirigirte a la secci\u00f3n Mi cuenta > Depositar online > Elige tu m\u00e9todo de preferencia y listo \u00a1eso es todo!<\/div><\/div><div class=\"rank-math-faq-item\"><h3 class=\"rank-math-question\">\u00bfCu\u00e1l es el importe m\u00ednimo de dep\u00f3sito en Codere?<\/h3><div class=\"rank-math-answer\">El dep\u00f3sito m\u00ednimo en los diferentes m\u00e9todos de pago es de $100 MXN.<\/div><\/div><div class=\"rank-math-faq-item\"><h3 class=\"rank-math-question\">\u00bfCu\u00e1l es el dep\u00f3sito m\u00e1ximo que puedo realizar en Codere?<\/h3><div class=\"rank-math-answer\">Depende del m\u00e9todo de pago utilizado. El m\u00e1ximo es a trav\u00e9s de la red asociado que, si tu cuenta no est\u00e1 verificada, puede alcanzar un tope de $23.000 MXN.<\/div><\/div><div class=\"rank-math-faq-item\"><h3 class=\"rank-math-question\">\u00bfPuedo depositar en efectivo en Codere?<\/h3><div class=\"rank-math-answer\">\u00a1Por supuesto! Puedes utilizar Paysafecard, Red de locales asociados y practicaja BBVA.<\/div><\/div><div class=\"rank-math-faq-item\"><h3 class=\"rank-math-question\">\u00bfPuedo utilizar mi saldo en todas las modalidades de juego de Codere?<\/h3><div class=\"rank-math-answer\">S\u00ed, una vez depositas puedes utilizar el saldo tanto en casino como apuestas deportivas.<\/div><\/div><\/div>\n","protected":false},"excerpt":{"rendered":"<p>Codere MX cuenta con una de las gamas m\u00e1s amplias de m\u00e9todos de pago en el mercado de las apuestas en l\u00ednea. De esta manera, facilita el acceso a los usuarios de M\u00e9xico ofreciendo alternativas de dep\u00f3sito que se ajustan a las necesidades de cada uno. En este art\u00edculo, te contamos cu\u00e1les son las formas &#8230; <a title=\"Codere MX, las 5 mejores formas de ingresar dinero en Codere Mexico \u3010Abril 2026\u3011\" class=\"read-more\" href=\"https:\/\/supercuotas.gratis\/mx\/codere-ingresar-dinero\/\" aria-label=\"Leer m\u00e1s sobre Codere MX, las 5 mejores formas de ingresar dinero en Codere Mexico \u3010Abril 2026\u3011\">Read more<\/a><\/p>\n","protected":false},"author":61,"featured_media":0,"parent":0,"menu_order":0,"comment_status":"closed","ping_status":"closed","template":"","meta":{"_uag_custom_page_level_css":"","generate_page_header":"","footnotes":""},"class_list":["post-9076","page","type-page","status-publish"],"uagb_featured_image_src":{"full":false,"thumbnail":false,"medium":false,"medium_large":false,"large":false,"1536x1536":false,"2048x2048":false},"uagb_author_info":{"display_name":"Marco ciappina","author_link":"https:\/\/supercuotas.gratis\/mx\/author\/marco\/"},"uagb_comment_info":0,"uagb_excerpt":"Codere MX cuenta con una de las gamas m\u00e1s amplias de m\u00e9todos de pago en el mercado de las apuestas en l\u00ednea. De esta manera, facilita el acceso a los usuarios de M\u00e9xico ofreciendo alternativas de dep\u00f3sito que se ajustan a las necesidades de cada uno. En este art\u00edculo, te contamos cu\u00e1les son las formas&hellip;","_links":{"self":[{"href":"https:\/\/supercuotas.gratis\/mx\/wp-json\/wp\/v2\/pages\/9076","targetHints":{"allow":["GET"]}}],"collection":[{"href":"https:\/\/supercuotas.gratis\/mx\/wp-json\/wp\/v2\/pages"}],"about":[{"href":"https:\/\/supercuotas.gratis\/mx\/wp-json\/wp\/v2\/types\/page"}],"author":[{"embeddable":true,"href":"https:\/\/supercuotas.gratis\/mx\/wp-json\/wp\/v2\/users\/61"}],"replies":[{"embeddable":true,"href":"https:\/\/supercuotas.gratis\/mx\/wp-json\/wp\/v2\/comments?post=9076"}],"version-history":[{"count":1,"href":"https:\/\/supercuotas.gratis\/mx\/wp-json\/wp\/v2\/pages\/9076\/revisions"}],"predecessor-version":[{"id":29475,"href":"https:\/\/supercuotas.gratis\/mx\/wp-json\/wp\/v2\/pages\/9076\/revisions\/29475"}],"wp:attachment":[{"href":"https:\/\/supercuotas.gratis\/mx\/wp-json\/wp\/v2\/media?parent=9076"}],"curies":[{"name":"wp","href":"https:\/\/api.w.org\/{rel}","templated":true}]}}