{"id":8787,"date":"2020-11-16T21:49:19","date_gmt":"2020-11-16T19:49:19","guid":{"rendered":"https:\/\/supercuotas.gratis\/?page_id=8787"},"modified":"2023-06-29T17:56:02","modified_gmt":"2023-06-29T15:56:02","slug":"bonos-betfair","status":"publish","type":"page","link":"https:\/\/supercuotas.gratis\/mx\/bonos-betfair\/","title":{"rendered":"Betfair.mx, TODOS los bonos, codigos promocionales y promociones especiales de Betfair en Mexico \u3010Mayo 2026\u3011"},"content":{"rendered":"\n<p>Bonos Betfair para apuestas deportivas y casino \u00a1Todas las ofertas vigentes para M\u00e9xico! Te contamos en qu\u00e9 consiste cada una de las promociones con las que podr\u00e1s recibir saldo extra para utilizar en los diferentes mercados. Si te gustan los deportes, puedes recibir hasta <strong>$2.000 MXN en freebets<\/strong> para utilizar en todos los eventos deportivos. Por otro lado, si deseas vivir la emoci\u00f3n de los mejores juegos de casino, podr\u00e1s conseguir el<strong> 300% extra de tu primer dep\u00f3sito hasta US$300 + 20 Tiradas Gratis.\u00a0<\/strong>Adem\u00e1s, encontrar\u00e1s otras promociones para disfrutar al m\u00e1ximo todas las opciones de entretenimiento del sitio. Te contamos cu\u00e1les son y c\u00f3mo acceder a las mismas. Sigue leyendo y <a href=\"https:\/\/recor.to\/betfairmx\" target=\"_blank\" rel=\"noreferrer noopener nofollow sponsored\">crea tu cuenta ahora.<\/a><\/p>\n\n\n\n<figure class=\"wp-block-gallery has-nested-images columns-default is-cropped wp-block-gallery-1 is-layout-flex wp-block-gallery-is-layout-flex\">\n<figure class=\"wp-block-image size-large\"><a href=\"https:\/\/recor.to\/betfairmx\" target=\"_blank\" rel=\"noreferrer noopener nofollow sponsored\"><img fetchpriority=\"high\" decoding=\"async\" width=\"1024\" height=\"463\" data-id=\"8795\" src=\"https:\/\/supercuotas.gratis\/wp-content\/uploads\/2020\/11\/bono-betfair-casino-mexico-1024x463.jpg\" alt=\"bonos de betfair  en mexico\" class=\"wp-image-8795\" srcset=\"https:\/\/supercuotas.gratis\/wp-content\/uploads\/2020\/11\/bono-betfair-casino-mexico-1024x463.jpg 1024w, https:\/\/supercuotas.gratis\/wp-content\/uploads\/2020\/11\/bono-betfair-casino-mexico-300x135.jpg 300w, https:\/\/supercuotas.gratis\/wp-content\/uploads\/2020\/11\/bono-betfair-casino-mexico-768x347.jpg 768w, https:\/\/supercuotas.gratis\/wp-content\/uploads\/2020\/11\/bono-betfair-casino-mexico.jpg 2048w\" sizes=\"(max-width: 1024px) 100vw, 1024px\" \/><\/a><\/figure>\n<\/figure>\n\n\n\n<h2 class=\"wp-block-heading\"><strong>Todos los Bonos Betfair para deportes y casino<\/strong><\/h2>\n\n\n\n<p>En uno de los sitios m\u00e1s recomendados para jugar, no pueden faltar las ofertas de bienvenida y otro tipo de promociones que te ayuden a hacer de tu participaci\u00f3n una aut\u00e9ntica oportunidad de ganar. Estamos hablando de los bonos Betfair, entre los cuales se encuentran algunos de <strong>los beneficios m\u00e1s interesantes del mercado actual<\/strong>. En esta oportunidad, te contaremos c\u00f3mo solicitar las diferentes ofertas para cada uno de los mercados. De m\u00e1s est\u00e1 decir que puedes obtener bonificaciones para deportes y casino, solo depende de ti elegir tu modalidad de entretenimiento favorito. Si est\u00e1s interesado, te recomendamos<a href=\"https:\/\/recor.to\/betfairmx\" target=\"_blank\" rel=\"noreferrer noopener nofollow sponsored\"> ingresar en Betfair.<\/a><\/p>\n\n\n\n<h2 class=\"wp-block-heading\"><strong>Bonos Betfair para apuestas deportivas<\/strong><\/h2>\n\n\n\n<p>Comencemos con el mercado deportivo, tal vez la secci\u00f3n m\u00e1s sobresaliente de la plataforma. En este caso, podr\u00e1s optar por varios <strong>bonos Betfair para nuevos clientes y usuarios regulares<\/strong>. Para empezar, te sugerimos inclinarte por el bono de bienvenida de hasta $2.000 MXN. Luego, tras haber completado esta oferta, podr\u00e1s continuar con otras promociones muy interesantes que pueden ser solicitadas a lo largo de tu participaci\u00f3n en varias ocasiones. Para conocer todas las ofertas, te sugerimos <a href=\"https:\/\/recor.to\/betfairmx\" rel=\"nofollow noopener sponsored\">visitar la cartera de promociones de Betfair.<\/a><\/p>\n\n\n\n<p>Dicho esto, antes de comenzar con la descripci\u00f3n de cada uno de los bonos Betfair, <strong>te sugerimos dirigirte al sitio para crear una cuenta.<\/strong> La suscripci\u00f3n es absolutamente gratuita y solo te llevar\u00e1 unos pocos segundos completar el formulario de registro. Ingresa tus datos personales y comienza a jugar con las ofertas que te mencionaremos a continuaci\u00f3n <a href=\"https:\/\/recor.to\/betfairmx\" rel=\"nofollow noopener sponsored\">\u00a1reg\u00edstrate ahora!<\/a><\/p>\n\n\n\n<h3 class=\"wp-block-heading\"><strong>Recibe hasta $2.000 MXN en Freebets con tus primeras apuestas<\/strong><\/h3>\n\n\n\n<p>La oferta principal de los bonos Betfair, consiste en una bonificaci\u00f3n en concepto de apuestas gratis por el valor de hasta $2.000 MXN. Para poder obtener esta promoci\u00f3n, lo \u00fanico que tienes que hacer es abrir una cuenta, depositar y <strong>colocar pron\u00f3sticos de $200 MXN.\u00a0<\/strong>Por cada una de tus apuestas por este importe m\u00ednimo, recibir\u00e1s una freebet de $400 MXN. Este proceso puede ser repetido 5 veces m\u00e1s. En consecuencia, podr\u00e1s acumular un total de $2.000 MXN para utilizar luego. Si quieres obtener este beneficio, simplemente deber\u00e1s <a href=\"https:\/\/recor.to\/betfairmx\" target=\"_blank\" rel=\"noreferrer noopener nofollow sponsored\">crear tu cuenta con el c\u00f3digo ZBBLAT<\/a>.<\/p>\n\n\n\n<p>Entre los puntos principales, recuerda <strong>ingresar el c\u00f3digo ZBBLAT al registrarte<\/strong>. Adem\u00e1s, deber\u00e1s colocar tus apuestas clasificatorias por un m\u00ednimo de $200 MXN en mercados deportivos con cuota 1.5 o superior. Luego de hacer esto, obtendr\u00e1s en el per\u00edodo de 24hs una vez cerrada tu apuesta la freebet de $400 MXN. Si repites el proceso cinco veces, conseguir\u00e1s el m\u00e1ximo de $2.000 MXN. Para cada una de las cinco instancias, tienes 7 d\u00edas para realizar tus pron\u00f3sticos de clasificaci\u00f3n. Si no cumples una, pasar\u00e1s a la siguiente y as\u00ed sucesivamente <a href=\"https:\/\/recor.to\/betfairmx\" target=\"_blank\" rel=\"noreferrer noopener nofollow sponsored\">\u00a1ap\u00fantate ahora y consigue $400 MXN!<\/a><\/p>\n\n\n\n<p>Una vez recibas las freebets, <strong>tendr\u00e1s 30 d\u00edas para utilizarlas<\/strong>. Las mismas no cuentan con requisito de apuesta obligatorio. Sin embargo, en caso de que al colocarlas tu apuesta resulte ganadora, solo recibir\u00e1s la ganancia de la misma como pago y el importe de la freebet ser\u00e1 eliminado. Los dep\u00f3sitos con paysafe, moneybooker o Neteller no cuentan para la promoci\u00f3n.<\/p>\n\n\n\n<h4 class=\"wp-block-heading\"><strong>\u00bfC\u00f3mo solicitar el bono de Betfair?<\/strong><\/h4>\n\n\n\n<ol class=\"wp-block-list\">\n<li><a href=\"https:\/\/recor.to\/betfairmx\" target=\"_blank\" rel=\"noreferrer noopener nofollow sponsored\">Abre tu cuenta en Betfair con el c\u00f3digo ZBBLAT.<\/a><\/li>\n\n\n\n<li>Realiza una apuesta de $200 MXN m\u00edn. en mercados deportivos con cuota 1.5.<\/li>\n\n\n\n<li>Repite el proceso en 5 oportunidades m\u00e1s para obtener hasta $2.000 MXN.<\/li>\n<\/ol>\n\n\n\n<figure class=\"wp-block-gallery has-nested-images columns-default is-cropped wp-block-gallery-2 is-layout-flex wp-block-gallery-is-layout-flex\">\n<figure class=\"wp-block-image size-large\"><a href=\"https:\/\/recor.to\/betfairmx\" target=\"_blank\" rel=\"noreferrer noopener nofollow sponsored\"><img decoding=\"async\" width=\"1024\" height=\"347\" data-id=\"8798\" src=\"https:\/\/supercuotas.gratis\/wp-content\/uploads\/2020\/11\/bono-betfair-mexico-1024x347.png\" alt=\"bono apuestas betfair mx\" class=\"wp-image-8798\" srcset=\"https:\/\/supercuotas.gratis\/wp-content\/uploads\/2020\/11\/bono-betfair-mexico-1024x347.png 1024w, https:\/\/supercuotas.gratis\/wp-content\/uploads\/2020\/11\/bono-betfair-mexico-300x102.png 300w, https:\/\/supercuotas.gratis\/wp-content\/uploads\/2020\/11\/bono-betfair-mexico-768x260.png 768w, https:\/\/supercuotas.gratis\/wp-content\/uploads\/2020\/11\/bono-betfair-mexico.png 1542w\" sizes=\"(max-width: 1024px) 100vw, 1024px\" \/><\/a><\/figure>\n<\/figure>\n\n\n\n<h3 class=\"wp-block-heading\"><strong>Apuesta US$15 y gana US$5 todas las semanas<\/strong><\/h3>\n\n\n\n<p>Luego de completar la oferta principal de los bonos Betfair mencionada anteriormente, podr\u00e1s continuar tu participaci\u00f3n con la promoci\u00f3n que te permite obtener US$5 Gratis para utilizar en deportes. Para poder recibir este beneficio, tendr\u00e1s que concretar apuestas <strong>combinadas de 3 selecciones por US$15 m\u00edn. con cuota total 4.0.&nbsp;<\/strong>Una vez completes este paso, obtendr\u00e1s US$5 Gratis para seguir participando. Para participar, tienes que apuntarte desde el banner promocional pinchando sobre el bot\u00f3n <a href=\"https:\/\/recor.to\/betfairmx\" rel=\"nofollow noopener sponsored\">&#8220;Participa ya&#8221;<\/a>.&nbsp;<\/p>\n<p>Luego, <strong>tendr\u00e1s 2 d\u00edas desde que recibiste el beneficio para utilizar tus US$5 Gratis.&nbsp;<\/strong>Esta oferta no puede extraerse de inmediato y deber\u00e1 ser utilizada en eventos deportivos. La buena noticia es que no tiene requisito de apuesta obligatorio. Por lo tanto, luego de utilizarlo, si tu pron\u00f3stico es ganador, te llevar\u00e1s el importe de ganancia autom\u00e1ticamente.<\/p>\n\n\n\n<h3 class=\"wp-block-heading\"><strong>Combipartido: gana hasta US$25 en freebets<\/strong><\/h3>\n\n\n\n<p>Tu participaci\u00f3n puede seguir por el camino de los beneficios gratis. Solo tienes que seleccionar la opci\u00f3n <a href=\"https:\/\/recor.to\/betfairmx\" rel=\"nofollow noopener sponsored\">&#8220;Participa ya&#8221;<\/a> para la oferta Combipartido. El funcionamiento es el siguiente: <strong>coloca una apuesta parlay de 5 selecciones con cuota 5.0.&nbsp;<\/strong>Si tu pron\u00f3stico resulta ganador, conseguir\u00e1s una freebet del 100% del importe jugado hasta un m\u00e1ximo de US$25. Al igual que en las otras promociones y bonos Betfair, no es necesario completar rollover para extraer las ganancias derivadas. Simplemente tendr\u00e1s 48 horas para utilizarla en deportes <a href=\"https:\/\/recor.to\/betfairmx\" rel=\"nofollow noopener sponsored\">\u00a1Ap\u00fantate ahora y consigue US$25!<\/a><\/p>\n\n\n\n<h3 class=\"wp-block-heading\"><strong>Copa Libertadores: dos goles de diferencia<\/strong> <strong>\u00a1ganas autom\u00e1ticamente!<\/strong><\/h3>\n\n\n\n<p>Una oferta perfecta para vivir los mejores partidos de la <strong>Copa Libertadores y Copa Sudamericana.&nbsp;<\/strong>Simplemente debes colocar un pron\u00f3stico pre-partido en cualquier evento de estas competencias en mercados 2&#215;1. Si tu equipo aventaja por una diferencia de 2 goles al contrincante, en cualquier momento del juego, <strong>tu apuesta resultar\u00e1 ganadora autom\u00e1ticamente.<\/strong>&nbsp; La ganancia m\u00e1xima que puede obtenerse en esta promoci\u00f3n no podr\u00e1 superara los $50.000 MXN.<\/p>\n\n\n\n<h2 class=\"wp-block-heading\"><strong>Bonos Betfair para el casino en l\u00ednea<\/strong><\/h2>\n\n\n\n<p>Si bien no es el mercado principal, tambi\u00e9n encontrar\u00e1s bonos Betfair para los juegos de casino en l\u00ednea. Vale la pena recordar que su plataforma cuenta con <strong>varias opciones y modalidades de entretenimiento diferente<\/strong>. Por ejemplo, podr\u00e1s disfrutar de cientos de tragamonedas, como tambi\u00e9n de mesas electr\u00f3nicas de blackjack, ruletas y baccarat. Pero no solo eso, si deseas vivir una aut\u00e9ntica experiencia de casino real, puedes adentrarte en el maravilloso mundo de las salas en vivo y en directo. La decisi\u00f3n es tuya. Ingresa en el sitio y <a href=\"https:\/\/recor.to\/betfairmx\" rel=\"nofollow noopener sponsored\">crea tu cuenta ya mismo.<\/a><\/p>\n\n\n\n<h3 class=\"wp-block-heading\"><strong>Obt\u00e9n el 300% hasta $6.000 MXN + 20 Tiradas Gratis<\/strong><\/h3>\n\n\n\n<p>Una excelente oportunidad que se encuentra presente entre los bonos Betfair, en esta caso para su casino. Para participar, simplemente debes realizar un <strong>dep\u00f3sito m\u00ednimo de $200 MXN. <\/strong>Como retribuci\u00f3n, conseguir\u00e1s una bonificaci\u00f3n del 300%. Por ejemplo, si depositaste el m\u00ednimo de $200 MXN, obtendr\u00e1s un bono de $600 MXN y podr\u00e1s jugar con $900 MXN. Sin lugar a dudas, una de las bonificaciones m\u00e1s altas que encontrar\u00e1s en la actualidad. Si est\u00e1s interesado, <a href=\"https:\/\/recor.to\/betfairmx\" rel=\"nofollow noopener sponsored\">abre tu cuenta y solicita el bono.<\/a><\/p>\n<p>Para retirar las ganancias derivadas debes jugar un total de<strong> 35 veces el valor del bono.&nbsp;<\/strong>Siguiendo con el ejemplo citado anteriormente, si recibiste $600 MXN, deber\u00e1s jugar un total de $21.000 MXN en juegos de casino. Ten en cuenta que no todos contribuyen de igual menera. Por esta raz\u00f3n, te recomendamos leer la <a href=\"https:\/\/recor.to\/betfairmx\" rel=\"nofollow noopener sponsored\">tabla de juegos y valor de contribuci\u00f3n.<\/a><\/p>\n\n\n\n<h4 class=\"wp-block-heading\"><strong>\u00bfC\u00f3mo solicitar el bono de casino?<\/strong><\/h4>\n\n\n\n<ol>\n<li>Abre una cuenta en Betfair casino y selecci\u00f3n la opci\u00f3n <a href=\"https:\/\/recor.to\/betfairmx\" rel=\"nofollow noopener sponsored\">&#8220;Solicitar&#8221;.<\/a><\/li>\n<li>Realiza un dep\u00f3sito m\u00ednimo de $200 MXN en tu cuenta.<\/li>\n<li>Obt\u00e9n el 300% extra hasta un m\u00e1ximo de $6.000 MXN + 20 Tiradas Gratis.<\/li>\n<\/ol>\n\n\n\n<h3 class=\"wp-block-heading\"><strong>30 Tiradas Gratis para nuevos usuarios<\/strong><\/h3>\n\n\n\n<p>\u00bfQuieres empezar a jugar sin depositar dinero? Con la oferta de Betfair puedes recibir 30 Tiradas Gratis para utilizar en los <a href=\"https:\/\/recor.to\/betfairmx\" rel=\"nofollow noopener sponsored\">juegos seleccionados.<\/a> Esta promoci\u00f3n es absolutamente gratuita por lo que no ser\u00e1 necesario depositar ni ingresar ning\u00fan tipo de ingreso de saldo para poder recibir el beneficio. Adem\u00e1s, <strong>no tiene requisito de apuesta obligatorio<\/strong> por lo que podr\u00e1s retirar las ganancias derivadas en caso de obtenerlas. Ten en cuenta que dispones de 7 d\u00edas para utilizar las Tiradas Gratis y las ganancias est\u00e1n limitadas a un m\u00e1ximo de 400 MXN.<\/p>\n\n\n\n<figure class=\"wp-block-gallery has-nested-images columns-default is-cropped wp-block-gallery-3 is-layout-flex wp-block-gallery-is-layout-flex\">\n<figure class=\"wp-block-image size-large\"><img decoding=\"async\" width=\"1024\" height=\"324\" data-id=\"8801\" src=\"https:\/\/supercuotas.gratis\/wp-content\/uploads\/2020\/11\/bonos-betfair-mx-1024x324.png\" alt=\"bono casino de betfair en mexico\" class=\"wp-image-8801\" srcset=\"https:\/\/supercuotas.gratis\/wp-content\/uploads\/2020\/11\/bonos-betfair-mx-1024x324.png 1024w, https:\/\/supercuotas.gratis\/wp-content\/uploads\/2020\/11\/bonos-betfair-mx-300x95.png 300w, https:\/\/supercuotas.gratis\/wp-content\/uploads\/2020\/11\/bonos-betfair-mx-768x243.png 768w, https:\/\/supercuotas.gratis\/wp-content\/uploads\/2020\/11\/bonos-betfair-mx.png 1384w\" sizes=\"(max-width: 1024px) 100vw, 1024px\" \/><\/figure>\n<\/figure>\n\n\n\n<h2 class=\"wp-block-heading\"><strong>Preguntas frecuentes sobre bonos Betfair<\/strong><\/h2>\n\n\n\n<div class=\"wp-block-rank-math-faq-block\"><div class=\"rank-math-faq-item\"><h3 class=\"rank-math-question\">\u00bfVale la pena registrarse y jugar en Betfair M\u00e9xico?<\/h3><div class=\"rank-math-answer\">\u00a1Por supuesto! Betfair es uno de los sitios m\u00e1s tradicionales e importantes del mercado de entretenimiento en l\u00ednea por dinero real. Adem\u00e1s, dispone de un <em>sportsbook <\/em>muy completo y una secci\u00f3n de casino con todos los juegos y modalidades. <\/div><\/div><div class=\"rank-math-faq-item\"><h3 class=\"rank-math-question\">\u00bfHay bono de bienvenida para las apuestas deportivas?<\/h3><div class=\"rank-math-answer\">\u00a1S\u00ed! Al registrarte y depositar en Betfair con el c\u00f3digo ZBBLAT podr\u00e1s recibir hasta $2.000 MXN en apuestas gratis para utilizar en el mercado deportivo. Esta oferta no tiene rollover y puede ser utilizada en un per\u00edodo de 30 d\u00edas.<\/div><\/div><div class=\"rank-math-faq-item\"><h3 class=\"rank-math-question\">\u00bfC\u00f3mo solicito el bono de bienvenida para deportes?<\/h3><div class=\"rank-math-answer\">Debes abrir una cuenta en betfair con el c\u00f3digo ZBBLAT, depositar y hacer apuestas en mercados con cuota 1.5 por un valor m\u00ednimo de $200 MXN. Al hacerlo, recibir\u00e1s $400 MXN en freebets. Este proceso puede repetirse 5 veces en un per\u00edodo de 7 d\u00edas por instancia.<\/div><\/div><div class=\"rank-math-faq-item\"><h3 class=\"rank-math-question\">\u00bfC\u00f3mo retiro las ganancias del bono para apuestas?<\/h3><div class=\"rank-math-answer\">No tiene rollover, simplemente debes utilizarlas dentro de 30 d\u00edas.<\/div><\/div><div class=\"rank-math-faq-item\"><h3 class=\"rank-math-question\">\u00bfEn qu\u00e9 consiste la promoci\u00f3n juega con US$15 y gana US$5?<\/h3><div class=\"rank-math-answer\">Te permite conseguir US$5 Gratis al realizar una apuesta parlay de US$15 con al menos 3 selecciones.<\/div><\/div><div class=\"rank-math-faq-item\"><h3 class=\"rank-math-question\">\u00bfHay bono de bienvenida para el casino en Betfair?<\/h3><div class=\"rank-math-answer\">\u00a1S\u00ed! 300% hasta $6.000 MXN en tu primer dep\u00f3sito + 20 Giros Gratis.<\/div><\/div><div class=\"rank-math-faq-item\"><h3 class=\"rank-math-question\">\u00bfC\u00f3mo solicito el bono de bienvenida para casino?<\/h3><div class=\"rank-math-answer\">Reg\u00edstrate en betfair casino y deposita un m\u00ednimo de $200 MXN.<\/div><\/div><\/div>\n\n\n","protected":false},"excerpt":{"rendered":"<p>Bonos Betfair para apuestas deportivas y casino \u00a1Todas las ofertas vigentes para M\u00e9xico! Te contamos en qu\u00e9 consiste cada una de las promociones con las que podr\u00e1s recibir saldo extra para utilizar en los diferentes mercados. Si te gustan los deportes, puedes recibir hasta $2.000 MXN en freebets para utilizar en todos los eventos deportivos. &#8230; <a title=\"Betfair.mx, TODOS los bonos, codigos promocionales y promociones especiales de Betfair en Mexico \u3010Mayo 2026\u3011\" class=\"read-more\" href=\"https:\/\/supercuotas.gratis\/mx\/bonos-betfair\/\" aria-label=\"Leer m\u00e1s sobre Betfair.mx, TODOS los bonos, codigos promocionales y promociones especiales de Betfair en Mexico \u3010Mayo 2026\u3011\">Read more<\/a><\/p>\n","protected":false},"author":61,"featured_media":0,"parent":0,"menu_order":0,"comment_status":"closed","ping_status":"closed","template":"","meta":{"_uag_custom_page_level_css":"","generate_page_header":"","footnotes":""},"class_list":["post-8787","page","type-page","status-publish"],"uagb_featured_image_src":{"full":false,"thumbnail":false,"medium":false,"medium_large":false,"large":false,"1536x1536":false,"2048x2048":false},"uagb_author_info":{"display_name":"Marco ciappina","author_link":"https:\/\/supercuotas.gratis\/mx\/author\/marco\/"},"uagb_comment_info":0,"uagb_excerpt":"Bonos Betfair para apuestas deportivas y casino \u00a1Todas las ofertas vigentes para M\u00e9xico! Te contamos en qu\u00e9 consiste cada una de las promociones con las que podr\u00e1s recibir saldo extra para utilizar en los diferentes mercados. Si te gustan los deportes, puedes recibir hasta $2.000 MXN en freebets para utilizar en todos los eventos deportivos.&hellip;","_links":{"self":[{"href":"https:\/\/supercuotas.gratis\/mx\/wp-json\/wp\/v2\/pages\/8787","targetHints":{"allow":["GET"]}}],"collection":[{"href":"https:\/\/supercuotas.gratis\/mx\/wp-json\/wp\/v2\/pages"}],"about":[{"href":"https:\/\/supercuotas.gratis\/mx\/wp-json\/wp\/v2\/types\/page"}],"author":[{"embeddable":true,"href":"https:\/\/supercuotas.gratis\/mx\/wp-json\/wp\/v2\/users\/61"}],"replies":[{"embeddable":true,"href":"https:\/\/supercuotas.gratis\/mx\/wp-json\/wp\/v2\/comments?post=8787"}],"version-history":[{"count":2,"href":"https:\/\/supercuotas.gratis\/mx\/wp-json\/wp\/v2\/pages\/8787\/revisions"}],"predecessor-version":[{"id":29470,"href":"https:\/\/supercuotas.gratis\/mx\/wp-json\/wp\/v2\/pages\/8787\/revisions\/29470"}],"wp:attachment":[{"href":"https:\/\/supercuotas.gratis\/mx\/wp-json\/wp\/v2\/media?parent=8787"}],"curies":[{"name":"wp","href":"https:\/\/api.w.org\/{rel}","templated":true}]}}