{"id":8763,"date":"2020-11-16T19:09:08","date_gmt":"2020-11-16T17:09:08","guid":{"rendered":"https:\/\/supercuotas.gratis\/?page_id=8763"},"modified":"2025-08-12T17:31:16","modified_gmt":"2025-08-12T15:31:16","slug":"bonos-ganabet","status":"publish","type":"page","link":"https:\/\/supercuotas.gratis\/mx\/bonos-ganabet\/","title":{"rendered":"Sportiumbet.mx, TODOS los bonos, codigos promocionales y promociones especiales de Sportiumbet en Mexico \u3010Mayo 2026\u3011"},"content":{"rendered":"\n<p>Bonos Sportiumbet para los deportes \u00a1todas las ofertas disponibles! Descubre los mejores bonos de bienvenida para realizar tus pron\u00f3sticos deportivos ya mismo: <strong>hasta $5.000 extra en tu primer dep\u00f3sito<\/strong> gracias a la oferta para nuevos clientes; $1.000 Gratis al abrir tu cuenta de usuario en el sitio; triple bono por un total de hasta $11.000 en tus tres primeros ingresos de saldo; y much\u00edsimas m\u00e1s promociones para los diferentes mercados del mejor deporte internacional. Solo debes registrarte para comenzar a disfrutar de todos los beneficios. No esperes m\u00e1s, sigue leyendo para conocer los detalles de cada oferta y visita el sitio ahora mismo para poder <a href=\"https:\/\/recor.to\/sportiumbetmx\" rel=\"nofollow noopener sponsored\">abrir tu cuenta.<\/a><\/p>\n\n\n\n<figure class=\"wp-block-gallery has-nested-images columns-default is-cropped wp-block-gallery-1 is-layout-flex wp-block-gallery-is-layout-flex\">\n<figure class=\"wp-block-image size-large\"><a href=\"https:\/\/recor.to\/sportiumbetmx\" rel=\"nofollow noopener sponsored\"><img fetchpriority=\"high\" decoding=\"async\" width=\"1024\" height=\"290\" data-id=\"32797\" src=\"https:\/\/supercuotas.gratis\/wp-content\/uploads\/2023\/11\/sportiumbet-bono-apuestas-deportivas-1-1024x290.png\" alt=\"sportiumbet mx\" class=\"wp-image-32797\" srcset=\"https:\/\/supercuotas.gratis\/wp-content\/uploads\/2023\/11\/sportiumbet-bono-apuestas-deportivas-1-1024x290.png 1024w, https:\/\/supercuotas.gratis\/wp-content\/uploads\/2023\/11\/sportiumbet-bono-apuestas-deportivas-1-300x85.png 300w, https:\/\/supercuotas.gratis\/wp-content\/uploads\/2023\/11\/sportiumbet-bono-apuestas-deportivas-1-768x218.png 768w, https:\/\/supercuotas.gratis\/wp-content\/uploads\/2023\/11\/sportiumbet-bono-apuestas-deportivas-1-1536x436.png 1536w, https:\/\/supercuotas.gratis\/wp-content\/uploads\/2023\/11\/sportiumbet-bono-apuestas-deportivas-1.png 1904w\" sizes=\"(max-width: 1024px) 100vw, 1024px\" \/><\/a><\/figure>\n<\/figure>\n\n\n\n<h2 class=\"wp-block-heading\"><strong>Todos los bonos Sportiumbet para los deportes<\/strong><\/h2>\n\n\n\n<p>Por si quedaban dudas, una vez m\u00e1s los bonos Sportiumbet nos demuestran que este sitio se las trae en serio y promete beneficiarnos al unirnos a su comunidad y comenzar a participar en los mejores eventos deportivos. Es que, sencillamente, <strong>reparte bonos y promociones por doquier para que sus clientes en M\u00e9xico<\/strong> puedan acceder a bonificaciones \u00fanicas que los ayudar\u00e1n a apostar con montos mucho m\u00e1s interesantes y ganancias extraordinarias. No exageramos, si todav\u00eda no visitaste la <a href=\"https:\/\/recor.to\/sportiumbetmx\" rel=\"nofollow noopener sponsored\">cartera de promociones<\/a> te lo decimos nosotros: tres instancias diferentes de bonificaci\u00f3n \u00a1te contamos cu\u00e1les son!<\/p>\n<p>Para empezar, podr\u00e1s solicitar un <strong>bono por registro de $1.000 al abrir una cuenta <\/strong>\u00a1Absolutamente gratis! M\u00e1s adelante te explicaremos c\u00f3mo. Pero esto no es todo, los bonos Sportiumbet contin\u00faan y te permitir\u00e1n seguir obteniendo beneficios sustanciales \u00bfc\u00f3mo? Gracias a la bonificaci\u00f3n de <strong>hasta $5.000 con tu primer dep\u00f3sito<\/strong> \u00a1100% extra de tu ingreso inicial! Debajo te contamos en qu\u00e9 consiste, c\u00f3mo solicitarlo y algunos consejos a la hora de concretar tus pron\u00f3sticos para poder retirar las ganancias derivadas.<\/p>\n<p>Y las oportunidades contin\u00faan, solicita la <strong>tripleta de bonos para recibir hasta 11.000<\/strong> con tus tres primeros dep\u00f3sitos en el sitio. No puedes quedarte afuera, lo \u00fanico que tendr\u00e1s que hacer es ingresar en la plataforma, completar tus datos personales y <a href=\"https:\/\/recor.to\/sportiumbetmx\" rel=\"nofollow noopener sponsored\">abrir una cuenta hoy mismo.<\/a><\/p>\n\n\n\n<h2 class=\"wp-block-heading\"><strong>Bono de bienvenida: 100% hasta $5.000 en primer dep\u00f3sito<\/strong><\/h2>\n\n\n\n<p>Comencemos con los beneficios y adentr\u00e9monos en los bonos Sportiumbet que te ayudar\u00e1n a bonificar tu cuenta. Primero lo primero, es decir, el bono para nuevos clientes por primer dep\u00f3sito. La situaci\u00f3n es muy simple: <strong>abre una cuenta en el sitio, realiza un dep\u00f3sito m\u00ednimo de $200 y obt\u00e9n el 30% extra hasta $5.000<\/strong> para utilizar en cientos de eventos deportivos por d\u00eda. Como podr\u00e1s ver, recibir este beneficio es muy f\u00e1cil y no te demorar\u00e1 m\u00e1s que unos pocos minutos. Si est\u00e1s preparado para iniciar tu participaci\u00f3n, puedes solicitar la oferta en el siguiente enlace: <a href=\"https:\/\/recor.to\/sportiumbetmx\" rel=\"nofollow noopener sponsored\">Abre una cuenta y recibe hasta $5.000.<\/a><\/p>\n<p>Es mucho dinero! Sin embargo, como toda oferta, tambi\u00e9n considera el cumplimiento de ciertos requisitos para poder extraer el saldo una vez hayas recibido la respectiva bonificaci\u00f3n \u00a1te contamos cu\u00e1les son!<\/p>\n<p>Para libera las ganancias tienes 7<strong> d\u00edas para completar el rollover en combinadas de 2 selecciones, pre partido. <\/strong>Esta condici\u00f3n debe ser completada al realizar apuestas en eventos con momio +100 o superior. Lo mismo corre para las combinadas: las selecciones deben estar compuestas por dicho momio. Eso es todo, no hay muchos m\u00e1s secretos a la hora de utilizar esta oferta. De todas maneras, te recomendamos visitar los <a href=\"https:\/\/recor.to\/sportiumbetmx\" rel=\"nofollow noopener sponsored\">t\u00e9rminos y condiciones completos.<\/a><\/p>\n\n\n\n<h3 class=\"wp-block-heading\"><strong>\u00bfC\u00f3mo solicitar el bono de bienvenida?<\/strong><\/h3>\n\n\n\n<ol>\n<li><a href=\"https:\/\/recor.to\/sportiumbetmx\" rel=\"nofollow noopener sponsored\">Abre una cuenta en Sportiumbet pinchando aqu\u00ed.<\/a><\/li>\n<li>Realiza un dep\u00f3sito m\u00ednimo de $200.<\/li>\n<li>\u00a1Obt\u00e9n el 100% extra hasta un m\u00e1ximo de $5.000!<\/li>\n<\/ol>\n\n\n\n<h2 class=\"wp-block-heading\"><strong>Bono por registro: $1.000 Gratis al abrir tu cuenta<\/strong><\/h2>\n\n\n\n<p>Adem\u00e1s, los bonos Sportiumbet tambi\u00e9n cuentan con una oferta de bienvenida gratis exclusiva para nuevos clientes. De esta manera, al abrir tu cuenta por primera vez en la plataforma, podr\u00e1s<strong> recibir $1.000 SIN DEP\u00d3SITOS para utilizar en todos los eventos deportivos<\/strong>. Lo \u00fanico que tienes que hacer es registrarte, completar tus datos personales en el formulario de suscripci\u00f3n y comenzar a utilizar el saldo de regalo. Es muy f\u00e1cil y solo se requiere residir en M\u00e9xico y ser mayor de 18 a\u00f1os <a href=\"https:\/\/recor.to\/sportiumbetmx\" data-wplink-edit=\"true\" rel=\"nofollow noopener sponsored\">\u00a1ap\u00fantate ahora y gana $1.000!<\/a><\/p>\n<p>Los requisitos y condiciones a tener en cuenta son m\u00e1s que nada su vigencia y requisito de apuesta obligatorio. En este sentido, deber\u00e1s apostar el saldo en ujn m\u00e1ximo de 2 d\u00edas desde recibido.<strong> Adem\u00e1s, este bono es de uso completamente recreativo, por lo que no podr\u00e1s retirar las ganancias. <\/strong>Eso es todo, solo tienes que <a href=\"https:\/\/recor.to\/sportiumbetmx\" rel=\"nofollow noopener sponsored\">registrarte y jugar.<\/a><\/p>\n\n\n\n<h3 class=\"wp-block-heading\"><strong>Pasos para obtener el bono de $1.000 Gratis<\/strong><\/h3>\n\n\n\n<ol>\n<li><a href=\"https:\/\/recor.to\/sportiumbetmx\" rel=\"nofollow noopener sponsored\">Abre una cuenta en Sportuimbet desde este enlace.<\/a><\/li>\n<li>Obt\u00e9n $1.000 Gratis para apostar en deportes.<\/li>\n<li>Completa los requisitos para retirar las ganancias.<\/li>\n<\/ol>\n\n\n\n<figure class=\"wp-block-gallery has-nested-images columns-default is-cropped wp-block-gallery-2 is-layout-flex wp-block-gallery-is-layout-flex\">\n<figure class=\"wp-block-image size-full\"><a href=\"https:\/\/recor.to\/sportiumbetmx\" target=\"_blank\" rel=\" noreferrer noopener nofollow sponsored\"><img decoding=\"async\" width=\"2560\" height=\"536\" data-id=\"42230\" src=\"https:\/\/supercuotas.gratis\/wp-content\/uploads\/2025\/08\/sportiumbet-oferta-para-apuestas-1-scaled.png\" alt=\"\" class=\"wp-image-42230\" srcset=\"https:\/\/supercuotas.gratis\/wp-content\/uploads\/2025\/08\/sportiumbet-oferta-para-apuestas-1-scaled.png 2560w, https:\/\/supercuotas.gratis\/wp-content\/uploads\/2025\/08\/sportiumbet-oferta-para-apuestas-1-300x63.png 300w, https:\/\/supercuotas.gratis\/wp-content\/uploads\/2025\/08\/sportiumbet-oferta-para-apuestas-1-1024x214.png 1024w, https:\/\/supercuotas.gratis\/wp-content\/uploads\/2025\/08\/sportiumbet-oferta-para-apuestas-1-768x161.png 768w, https:\/\/supercuotas.gratis\/wp-content\/uploads\/2025\/08\/sportiumbet-oferta-para-apuestas-1-1536x322.png 1536w, https:\/\/supercuotas.gratis\/wp-content\/uploads\/2025\/08\/sportiumbet-oferta-para-apuestas-1-2048x429.png 2048w\" sizes=\"(max-width: 2560px) 100vw, 2560px\" \/><\/a><\/figure>\n<\/figure>\n\n\n\n<h2 class=\"wp-block-heading\"><strong>Triada de bonos: hasta $11.000 en tus tres primeros dep\u00f3sitos<\/strong><\/h2>\n\n\n\n<p>Los bonos Sportiumbet no concluyen con sus dos primeras ofertas y podr\u00e1s continuar solicitando beneficios incre\u00edbles para bonificar tu cuenta. Si ya utilizaste el bono de $1.000 y no solicitaste la oferta por primer dep\u00f3sito, puedes comenzar a utilizar la <strong>tripleta con la que podr\u00e1s obtener hasta $11.000<\/strong> para utilizar en las apuestas deportivas. Esto \u00faltimo es muy importante, ya que esta oferta tambi\u00e9n se aplica sobre tu primer dep\u00f3sito y no puede combinarse con las ofertas mencionadas anteriormente <a href=\"https:\/\/recor.to\/sportiumbetmx\" rel=\"nofollow noopener sponsored\">\u00a1Solic\u00edtala ahora!<\/a><\/p>\n<p>Para recibir el triple bono, tienes que <strong>depositar un m\u00ednimo de $200 y aceptar la promoci\u00f3n que aparecer\u00e1 en la ventana emergente. <\/strong>En esta primera instancia, obtendr\u00e1s el 30% adicional hasta $5.000. Luego, podr\u00e1s continuar por el segundo nivel de bonificaci\u00f3n al efectuar un dep\u00f3sito de al menos $100 MXN<strong>&nbsp;para obtener 50% extra hasta $3.000.&nbsp;<\/strong>Finalmente, podr\u00e1s acceder a la \u00faltima instancia del beneficio al depositar un importe id\u00e9ntico al anterior para obtener el 30% hasta $3.000.&nbsp;<\/p>\n<p><strong>Instancias de los Tres Bonos Sportiumbet:<\/strong><\/p>\n<table style=\"border-collapse: collapse; width: 100%; height: 88px;\">\n<tbody>\n<tr style=\"height: 22px;\">\n<td style=\"width: 33.3803%; text-align: center; height: 22px;\"><strong>1\u00b0 Dep\u00f3sito m\u00edn. $200<\/strong><\/td>\n<td style=\"width: 33.2394%; text-align: center; height: 22px;\"><strong>2\u00b0 Dep\u00f3sito m\u00edn. $100<\/strong><\/td>\n<td style=\"width: 33.3099%; text-align: center; height: 22px;\"><strong>3\u00b0 Dep\u00f3sito m\u00edn. $100<\/strong><\/td>\n<\/tr>\n<tr style=\"height: 22px;\">\n<td style=\"width: 33.3803%; text-align: center; height: 22px;\">Hasta $5.000 de bono<\/td>\n<td style=\"width: 33.2394%; text-align: center; height: 22px;\">Hasta $3.000 de bono<\/td>\n<td style=\"width: 33.3099%; text-align: center; height: 22px;\">Hasta $3.000 de bono<\/td>\n<\/tr>\n<tr style=\"height: 22px;\">\n<td style=\"width: 33.3803%; text-align: center; height: 22px;\">Bonificaci\u00f3n del 30%<\/td>\n<td style=\"width: 33.2394%; text-align: center; height: 22px;\">Bonificaci\u00f3n del 50%<\/td>\n<td style=\"width: 33.3099%; text-align: center; height: 22px;\">Bonificaci\u00f3n de %100<\/td>\n<\/tr>\n<tr style=\"height: 22px;\">\n<td style=\"width: 33.3803%; text-align: center; height: 22px;\">Sin c\u00f3digo<\/td>\n<td style=\"width: 33.2394%; text-align: center; height: 22px;\">Sin c\u00f3digo<\/td>\n<td style=\"width: 33.3099%; text-align: center; height: 22px;\">Sin c\u00f3digo<\/td>\n<\/tr>\n<\/tbody>\n<\/table>\n\n\n\n<h3 class=\"wp-block-heading\"><strong>Instrucciones para recibir el bono triple<\/strong><\/h3>\n\n\n\n<ol>\n<li>Realiza un dep\u00f3sito m\u00ednimo de $200 y acepta la promoci\u00f3n de la ventana emergente: <a href=\"https:\/\/recor.to\/ganabetmx\" rel=\"nofollow noopener sponsored\">aqu\u00ed.<\/a><\/li>\n<li>Contin\u00faa con los dos bonos siguientes al depositar $100 m\u00edn.<\/li>\n<li>\u00a1Consigue hasta $11.000 de bonificaci\u00f3n para las apuestas deportivas!<\/li>\n<\/ol>\n\n\n\n<h2 class=\"wp-block-heading\"><strong>Promocioness de Sportiumbet para los deportes<\/strong><\/h2>\n\n\n\n<p>Sin embargo, los bonos Sportiumbet no son los \u00fanicos beneficios disponibles en la plataforma. Muy por el contrario, tambi\u00e9n podr\u00e1s acceder a diferentes <strong>promociones que te ayudar\u00e1n a optimizar tu participaci\u00f3n en diferentes mercados<\/strong> como el f\u00fatbol, b\u00e9isbol, b\u00e1squet, f\u00fatbol americano y otros. A continuaci\u00f3n, te contamos solo algunas de las vigentes en la actualidad. Si quieres conocer todos los bonos Sportiumbet y promociones, puedes <a href=\"https:\/\/recor.to\/sportiumbetmx\" rel=\"nofollow noopener sponsored\">visitar el sitio.<\/a><\/p>\n\n\n\n<h3 class=\"wp-block-heading\"><strong>Hasta $500 en freebets al apostar en la Liga MX \u00a1todas las semanas!<\/strong><\/h3>\n\n\n\n<p>Una promoci\u00f3n pensada especialmente para la Liga MX que te permitir\u00e1 conseguir hasta $500 Gratis para utilizar en otros mercados. Lo \u00fanico que tienes que hacer es realizar un <strong>pron\u00f3stico de un m\u00ednimo de $200 al mercado 2&#215;1 en partidos de la Liga MX con momio -165.&nbsp;<\/strong>Como retribuci\u00f3n obtendr\u00e1s el 20% del importe apostado hasta un m\u00e1ximo de $500. Por ejemplo, si juegas $300, recibir\u00e1s $60 en concepto de freebet para seguir jugando <a href=\"https:\/\/recor.to\/sportiumbetmx\" rel=\"nofollow noopener sponsored\">\u00a1Reclama la freebet ya!<\/a><\/p>\n\n\n\n<h3 class=\"wp-block-heading\"><strong>Recupera tu parlay de f\u00fatbol americano \u00a1hasta $1.000 de reembolso!<\/strong><\/h3>\n\n\n\n<p>Eres un aficionado de la NFL, tienes una visi\u00f3n sobre los pr\u00f3ximos partidos y est\u00e1s seguro de encontrarte frente a una gran oportunidad. Abres tu cuenta en Sportuimbet y realizas una <strong>apuesta parlay de 5 o m\u00e1s selecciones.&nbsp;<\/strong>Las ganancias son m\u00e1s que significativas y depositas toda tu confianza en los mercados elegidos. Los pron\u00f3sticos comienzan a cumplirse uno a uno, ya casi te consagras ganador y recibes miles de pesos en ganancias \u00a1pero una selecci\u00f3n falla! \u00a1No te preocupes! La casa no te dejar\u00e1 con las manos vac\u00edas justo cuando estabas tan cerca del \u00e9xito. Gracias a esta promoci\u00f3n podr\u00e1s recibir un<strong> reembolso del 100% si falla una selecci\u00f3n hasta $1.000.&nbsp;<\/strong>Aprovecha la oportunidad y reduce los riesgos en tus pron\u00f3sticos.<\/p>\n\n\n\n<h3 class=\"wp-block-heading\"><strong>Momios mejorados para la NFL<\/strong><\/h3>\n\n\n\n<p>Adem\u00e1s de los otros bonos Sportiumbet y las promociones, tambi\u00e9n puedes obtener momios mejorados en la NFL. Para esto, deber\u00e1s realizar apuestas parlay en los partidos de esta competencia de entre 5 y 16 selecciones.Como contraparte, si tus pron\u00f3sticos resultan acertados, podr\u00e1s conseguir <strong>bonificaciones de hasta un 35%.&nbsp;<\/strong>Es decir, podr\u00e1s multiplicar tus ganancias por montos realmente altos.<\/p>\n\n\n\n<figure class=\"wp-block-gallery has-nested-images columns-default is-cropped wp-block-gallery-3 is-layout-flex wp-block-gallery-is-layout-flex\">\n<figure class=\"wp-block-image size-large\"><a href=\"https:\/\/recor.to\/sportiumbetmx\" rel=\"nofollow noopener sponsored\"><img decoding=\"async\" width=\"1024\" height=\"345\" data-id=\"32816\" src=\"https:\/\/supercuotas.gratis\/wp-content\/uploads\/2023\/11\/sportiumbet-bono-casino-bienvenida-1-1024x345.png\" alt=\"bono casino de sportiumbet en mexico\" class=\"wp-image-32816\" srcset=\"https:\/\/supercuotas.gratis\/wp-content\/uploads\/2023\/11\/sportiumbet-bono-casino-bienvenida-1-1024x345.png 1024w, https:\/\/supercuotas.gratis\/wp-content\/uploads\/2023\/11\/sportiumbet-bono-casino-bienvenida-1-300x101.png 300w, https:\/\/supercuotas.gratis\/wp-content\/uploads\/2023\/11\/sportiumbet-bono-casino-bienvenida-1-768x259.png 768w, https:\/\/supercuotas.gratis\/wp-content\/uploads\/2023\/11\/sportiumbet-bono-casino-bienvenida-1-1536x518.png 1536w, https:\/\/supercuotas.gratis\/wp-content\/uploads\/2023\/11\/sportiumbet-bono-casino-bienvenida-1.png 1614w\" sizes=\"(max-width: 1024px) 100vw, 1024px\" \/><\/a><\/figure>\n<\/figure>\n\n\n\n<h2 class=\"wp-block-heading\"><strong>Preguntas frecuentes sobre Sportiumbet<\/strong><\/h2>\n\n\n\n<div class=\"wp-block-rank-math-faq-block\"><div class=\"rank-math-faq-item\"><h3 class=\"rank-math-question\">\u00bfVale la pena registrarse en Sportiumbet?<\/h3><div class=\"rank-math-answer\">S\u00ed, tiene m\u00e1s de tres bonos diferentes para nuevos clientes y muchas promociones.<\/div><\/div><div class=\"rank-math-faq-item\"><h3 class=\"rank-math-question\">\u00bfHay bono de bienvenida en Sportiumbet?<\/h3><div class=\"rank-math-answer\">S\u00ed, recibe el 30% hasta $5.000 en tu 1er dep\u00f3sito en deportes.<\/div><\/div><div class=\"rank-math-faq-item\"><h3 class=\"rank-math-question\">\u00bfHay bono sin dep\u00f3sito en Sportiumbet?<\/h3><div class=\"rank-math-answer\">Si, entre los bonos Sportiumbet hay una oferta de $1.000 Gratis.<\/div><\/div><div class=\"rank-math-faq-item\"><h3 class=\"rank-math-question\">\u00bfQu\u00e9 es el triple bono por dep\u00f3sito?<\/h3><div class=\"rank-math-answer\">Bonificaciones del 100%, 50% y 30% en tus primeros dep\u00f3sitos.<\/div><\/div><div class=\"rank-math-faq-item\"><h3 class=\"rank-math-question\">\u00bfCu\u00e1l es el c\u00f3digo para el triple bono?<\/h3><div class=\"rank-math-answer\">No tienen c\u00f3digos promocionales. <\/div><\/div><div class=\"rank-math-faq-item\"><h3 class=\"rank-math-question\">\u00bfHay bono para la Liga MX en Sportiumbet?<\/h3><div class=\"rank-math-answer\">S\u00ed, realiza una apuesta y consigue hasta $500 en freebets.<\/div><\/div><div class=\"rank-math-faq-item\"><h3 class=\"rank-math-question\">\u00bfHay m\u00e1s promociones adem\u00e1s de los bonos?<\/h3><div class=\"rank-math-answer\">\u00a1Por supuesto! Ofertas para la NFL y la NBA.<\/div><\/div><\/div>\n\n\n","protected":false},"excerpt":{"rendered":"<p>Bonos Sportiumbet para los deportes \u00a1todas las ofertas disponibles! Descubre los mejores bonos de bienvenida para realizar tus pron\u00f3sticos deportivos ya mismo: hasta $5.000 extra en tu primer dep\u00f3sito gracias a la oferta para nuevos clientes; $1.000 Gratis al abrir tu cuenta de usuario en el sitio; triple bono por un total de hasta $11.000 &#8230; <a title=\"Sportiumbet.mx, TODOS los bonos, codigos promocionales y promociones especiales de Sportiumbet en Mexico \u3010Mayo 2026\u3011\" class=\"read-more\" href=\"https:\/\/supercuotas.gratis\/mx\/bonos-ganabet\/\" aria-label=\"Leer m\u00e1s sobre Sportiumbet.mx, TODOS los bonos, codigos promocionales y promociones especiales de Sportiumbet en Mexico \u3010Mayo 2026\u3011\">Read more<\/a><\/p>\n","protected":false},"author":61,"featured_media":0,"parent":0,"menu_order":0,"comment_status":"closed","ping_status":"closed","template":"","meta":{"_uag_custom_page_level_css":"","generate_page_header":"","footnotes":""},"class_list":["post-8763","page","type-page","status-publish"],"uagb_featured_image_src":{"full":false,"thumbnail":false,"medium":false,"medium_large":false,"large":false,"1536x1536":false,"2048x2048":false},"uagb_author_info":{"display_name":"Marco ciappina","author_link":"https:\/\/supercuotas.gratis\/mx\/author\/marco\/"},"uagb_comment_info":0,"uagb_excerpt":"Bonos Sportiumbet para los deportes \u00a1todas las ofertas disponibles! Descubre los mejores bonos de bienvenida para realizar tus pron\u00f3sticos deportivos ya mismo: hasta $5.000 extra en tu primer dep\u00f3sito gracias a la oferta para nuevos clientes; $1.000 Gratis al abrir tu cuenta de usuario en el sitio; triple bono por un total de hasta $11.000&hellip;","_links":{"self":[{"href":"https:\/\/supercuotas.gratis\/mx\/wp-json\/wp\/v2\/pages\/8763","targetHints":{"allow":["GET"]}}],"collection":[{"href":"https:\/\/supercuotas.gratis\/mx\/wp-json\/wp\/v2\/pages"}],"about":[{"href":"https:\/\/supercuotas.gratis\/mx\/wp-json\/wp\/v2\/types\/page"}],"author":[{"embeddable":true,"href":"https:\/\/supercuotas.gratis\/mx\/wp-json\/wp\/v2\/users\/61"}],"replies":[{"embeddable":true,"href":"https:\/\/supercuotas.gratis\/mx\/wp-json\/wp\/v2\/comments?post=8763"}],"version-history":[{"count":5,"href":"https:\/\/supercuotas.gratis\/mx\/wp-json\/wp\/v2\/pages\/8763\/revisions"}],"predecessor-version":[{"id":42243,"href":"https:\/\/supercuotas.gratis\/mx\/wp-json\/wp\/v2\/pages\/8763\/revisions\/42243"}],"wp:attachment":[{"href":"https:\/\/supercuotas.gratis\/mx\/wp-json\/wp\/v2\/media?parent=8763"}],"curies":[{"name":"wp","href":"https:\/\/api.w.org\/{rel}","templated":true}]}}