{"id":8665,"date":"2020-11-13T20:41:32","date_gmt":"2020-11-13T18:41:32","guid":{"rendered":"https:\/\/supercuotas.gratis\/?page_id=8665"},"modified":"2023-02-23T22:23:27","modified_gmt":"2023-02-23T21:23:27","slug":"bonos-caliente","status":"publish","type":"page","link":"https:\/\/supercuotas.gratis\/mx\/bonos-caliente\/","title":{"rendered":"Caliente.mx, TODOS los bonos, codigos promocionales y promociones especiales de Caliente en Mexico\u3010Abril 2026\u3011"},"content":{"rendered":"\n<p>Bonos Caliente para los deportes \u00a1doble bono de bienvenida! Puedes recibir $400 al abrir tu cuenta en la plataforma por primera vez y una <strong>bonificaci\u00f3n de saldo del 100% adicional hasta $3.000<\/strong> al efectuar tu ingreso de saldo inicial \u00a1pero no solo eso! Tambi\u00e9n cuenta con promociones muy interesantes para los parlay de hasta el 70% extra. Adem\u00e1s, podr\u00e1s recibir reintegros si realizas un pron\u00f3stico en un evento y este termina en empate a cero. No puedes pedir m\u00e1s, las ofertas son m\u00e1s que convenientes y te permitir\u00e1n aprovechar al m\u00e1ximo tu saldo en las apuestas deportivas \u00bfte las vas a perder? <a href=\"https:\/\/recor.to\/calientemx\" rel=\"nofollow noopener sponsored\">Reg\u00edstrate ahora y solicita el bono.<\/a><\/p>\n\n\n\n<figure class=\"wp-block-gallery has-nested-images columns-default is-cropped wp-block-gallery-1 is-layout-flex wp-block-gallery-is-layout-flex\">\n<figure class=\"wp-block-image size-large\"><img fetchpriority=\"high\" decoding=\"async\" width=\"1024\" height=\"120\" data-id=\"8677\" src=\"https:\/\/supercuotas.gratis\/wp-content\/uploads\/2020\/11\/bono-caliente-mexico-1024x120.jpg\" alt=\"bonos de caliente  en mexico\" class=\"wp-image-8677\" srcset=\"https:\/\/supercuotas.gratis\/wp-content\/uploads\/2020\/11\/bono-caliente-mexico-1024x120.jpg 1024w, https:\/\/supercuotas.gratis\/wp-content\/uploads\/2020\/11\/bono-caliente-mexico-300x35.jpg 300w, https:\/\/supercuotas.gratis\/wp-content\/uploads\/2020\/11\/bono-caliente-mexico-768x90.jpg 768w\" sizes=\"(max-width: 1024px) 100vw, 1024px\" \/><\/figure>\n<\/figure>\n\n\n\n<h2 class=\"wp-block-heading\"><strong>Todos los bonos Caliente.mx para los deportes<\/strong><\/h2>\n\n\n\n<p>Si est\u00e1s buscando un sitio donde comenzar a demostrar tus conocimientos den deportes, apoyar a tus equipos favoritos y hacerte con ganancias m\u00e1s que significativas, no puedes perderte los Bonos Caliente con los que podr\u00e1s llevar tu participaci\u00f3n al siguiente nivel. Al d\u00eda de la fecha, esta plataforma cuenta con <strong>dos ofertas para nuevos clientes y varias promociones diferentes<\/strong> para cada uno de sus mercados. Por este motivo, se ubica entre los sitios con mayor cantidad de beneficios para los usuarios de M\u00e9xico. No puedes perd\u00e9rtelos, solo tienes que registrarte y comenzar a jugar: <a href=\"https:\/\/recor.to\/calientemx\" rel=\"nofollow noopener sponsored\">abre una cuenta aqu\u00ed.<\/a><\/p>\n<p>A continuaci\u00f3n, te mencionaremos <strong>TODAS las ofertas y bonos Caliente disponibles en la actualidad<\/strong>. Sigue las instrucciones que te explicaremos m\u00e1s abajo y no tendr\u00e1s inconvenientes para conseguir cada uno de los beneficios. Bonifica tu saldo hoy mismo y comienza a vivir el mejor deporte internacional con cientos de eventos diarios en vivo y pre-partido.<\/p>\n\n\n\n<h2 class=\"wp-block-heading\"><strong>Bono Caliente de $400 Gratis para nuevos clientes<\/strong><\/h2>\n\n\n\n<p>Una de las mejores ofertas de la actualidad se encuentra en la cartera de bonos Caliente. Se trata da una incre\u00edble bonificaci\u00f3n de saldo gratis. S\u00ed, le\u00edste bien: <strong>completamente gratis.&nbsp;<\/strong>Lo \u00fanico que tendr\u00e1s que hacer es registrar una cuenta personal en la plataforma, verificarla a trav\u00e9s de tu tel\u00e9fono y recibir\u00e1s $400 Sin Dep\u00f3sito para utilizar en los mejores eventos deportivos del momento. Pero atenci\u00f3n, para poder extraer el bono y las ganancias derivadas, deber\u00e1s cumplir los requisitos abajo mencionados. Si est\u00e1s interesado, puedes suscribirte desde el siguiente enlace: <a href=\"https:\/\/recor.to\/calientemx\" rel=\"nofollow noopener sponsored\">Abre una cuenta y recibe $400.<\/a><\/p>\n\n\n\n<p>Para extraer las ganancias derivadas ser\u00e1 necesario <strong>apostar 10 veces el valor del bono en un m\u00e1ximo de 30 d\u00edas.&nbsp;<\/strong>Es decir, para poder retirar el saldo y convertirlo en ganancias, tendr\u00e1s que jugar $4.000. Pero atenci\u00f3n, los pron\u00f3sticos no pueden ser colocados en cualquier mercado. De todas formas, las alternativas y combinaciones que podr\u00e1s realizar son muchas. Las condiciones de apuesta son las siguientes: debes acumular un total de 10 apuestas realizadas por un valor m\u00ednimo de $50 en eventos con cuota entre +100 y +2.000. En otras palabras, pr\u00e1cticamente puedes participar en casi todas las competencias <a href=\"https:\/\/recor.to\/calientemx\" rel=\"nofollow noopener sponsored\">\u00a1Reclama el bono ya mismo!<\/a><\/p>\n\n\n\n<h3 class=\"wp-block-heading\"><strong>\u00bfC\u00f3mo recibir los $400 de regalo?<\/strong><\/h3>\n\n\n\n<ol>\n<li>Abre una cuenta de usuario en Caliente ingresando tus datos y n\u00famero de tel\u00e9fono: <a href=\"https:\/\/recor.to\/calientemx\" rel=\"nofollow noopener sponsored\">aqu\u00ed.<\/a><\/li>\n<li>Confirma tu cuenta ingresando el NIP que recibir\u00e1s por SMS en el banner promocional.<\/li>\n<li>Juega con $400 Gratis en los mejores eventos deportivos.<\/li>\n<\/ol>\n\n\n\n<h4 class=\"wp-block-heading\"><strong>T\u00e9rminos y condiciones del bono gratis<\/strong><\/h4>\n\n\n\n<ul>\n<li>Bonos Caliente exclusivo clientes que residan en M\u00e9xico.<\/li>\n<li>Para mayores de 18 a\u00f1os.<\/li>\n<li>Debes abrir una cuenta y verificar tu n\u00famero de tel\u00e9fono.<\/li>\n<li>Recibir\u00e1s $400.<\/li>\n<li>Rollover x10 para liberar las ganancias.<\/li>\n<li>Vigencia de 30 d\u00edas.<\/li>\n<li>Ganancia m\u00e1xima retirable $3.000.<\/li>\n<li>Para solicitar un retiro deber\u00e1s depositar al menos $100.<\/li>\n<\/ul>\n\n\n\n<figure class=\"wp-block-gallery has-nested-images columns-default is-cropped wp-block-gallery-2 is-layout-flex wp-block-gallery-is-layout-flex\">\n<figure class=\"wp-block-image size-large\"><img decoding=\"async\" width=\"1024\" height=\"120\" data-id=\"8683\" src=\"https:\/\/supercuotas.gratis\/wp-content\/uploads\/2020\/11\/bonos-caliente-mx-1024x120.jpg\" alt=\"bono apuestas caliente mx\" class=\"wp-image-8683\" srcset=\"https:\/\/supercuotas.gratis\/wp-content\/uploads\/2020\/11\/bonos-caliente-mx-1024x120.jpg 1024w, https:\/\/supercuotas.gratis\/wp-content\/uploads\/2020\/11\/bonos-caliente-mx-300x35.jpg 300w, https:\/\/supercuotas.gratis\/wp-content\/uploads\/2020\/11\/bonos-caliente-mx-768x90.jpg 768w\" sizes=\"(max-width: 1024px) 100vw, 1024px\" \/><\/figure>\n<\/figure>\n\n\n\n<h2 class=\"wp-block-heading\"><strong>Bono Caliente por dep\u00f3sito: 100% hasta $3.000<\/strong><\/h2>\n\n\n\n<p>Luego de jugar con el saldo gratis, podr\u00e1s acceder a otros de los bonos Caliente para nuevos clientes. En este caso, se trata de una bonificaci\u00f3n de tu saldo del 100% extra de tu primer ingreso hasta un m\u00e1ximo de $3.000. Por ejemplo, depositas $500, recibes, recibes otros $500 y juegas con $1.000 \u00a1incre\u00edble! Recibir esta oferta es muy sencillo y lo \u00fanico que tienes que hacer es realizar un dep\u00f3sito m\u00ednimo de $100 con el<strong> c\u00f3digo promocional BPD3000.&nbsp;<\/strong>Adem\u00e1s, para activar el saldo de bono, tendr\u00e1s que utilizar el total del importe depositado en una o varias apuestas con cuota -200 a positivo, en un m\u00e1ximo de 7 d\u00edas desde que realizaste el ingreso de dinero. A continuaci\u00f3n, te contamos los otros requisitos <a href=\"https:\/\/recor.to\/calientemx\" rel=\"nofollow noopener sponsored\">\u00a1Solicita la oferta ya!<\/a><\/p>\n<p>Adem\u00e1s de la activaci\u00f3n del bono, tendr\u00e1s que completar algunos requisitos para poder liberarlo como ganancias extra\u00edbles. En este sentido, tendr\u00e1s que <strong>apostar un total de 3 veces el valor del bono + el dep\u00f3sito en 30 d\u00edas.&nbsp;<\/strong>Por ejemplo, continuando con el caso hipot\u00e9tico anterior, si depositas $500 y recibiste $1.000 tendr\u00e1s que jugar $3.000 para poder retirar las ganancias. Por su parte, las selecciones deben contar con una cuota m\u00ednima de -200 a positivo. Si est\u00e1s interesado, puedes reclamar la bonificaci\u00f3n pinchando en el enlace que te dejamos a continuaci\u00f3n: <a href=\"https:\/\/recor.to\/calientemx\" rel=\"nofollow noopener sponsored\">Activar el bono con c\u00f3digo BPD3000.<\/a><\/p>\n\n\n\n<h3 class=\"wp-block-heading\"><strong>\u00bfC\u00f3mo solicitar el bono Caliente por dep\u00f3sito?<\/strong><\/h3>\n\n\n\n<ol>\n<li><a href=\"https:\/\/recor.to\/calientemx\" rel=\"nofollow noopener sponsored\">Abre una cuenta en Caliente con tus datos personales.<\/a><\/li>\n<li>Ingresa el c\u00f3digo BPD300 y realiza un dep\u00f3sito m\u00ednimo de $100.<\/li>\n<li>\u00a1Apuesta con el 100% adicional hasta $3.000!<\/li>\n<\/ol>\n\n\n\n<h4 class=\"wp-block-heading\"><strong>T\u00e9rminos y condiciones del bono por dep\u00f3sito<\/strong><\/h4>\n\n\n\n<ul>\n<li>Bonos Caliente solo para usuarios que residan en M\u00e9xico.<\/li>\n<li>Debes abrir una cuenta en el sitio.<\/li>\n<li>Exclusivo para nuevos clientes.<\/li>\n<li>Debes depositar un m\u00ednimo de $100.<\/li>\n<li>El c\u00f3digo promocional es BPD300.<\/li>\n<li>La bonificaci\u00f3n se aplica sobre el 100% de tu dep\u00f3sito.<\/li>\n<li>El m\u00e1ximo que puedes recibir es de $3.000.<\/li>\n<li>Rollover de 3 veces el valor del bonos Caliente + el dep\u00f3sito.<\/li>\n<li>30 d\u00edas de vigencia desde recibido.<\/li>\n<li>Ganancia m\u00e1xima retirable $10.000.<\/li>\n<\/ul>\n\n\n\n<h2 class=\"wp-block-heading\"><strong>Promociones para los deportes en Caliente<\/strong><\/h2>\n\n\n\n<p>Adem\u00e1s de los bonos Caliente, en la plataforma podr\u00e1s solicitar otras promociones muy interesantes para mejorar tus premios y oportunidades de ganar. Pero atento, porque as\u00ed como los beneficios valen la pena, tambi\u00e9n acarrean algunas condiciones que deber\u00e1s tener en cuenta. M\u00e1s abajo, <strong>te dejamos dos promociones que son muy atractivas<\/strong>. La primera corresponde a la bonificaci\u00f3n de parlays para los mercados de f\u00fatbol, deportes americanos y tenis. Con esta oferta podr\u00e1s conseguir multiplicadores de hasta 70% en combinadas. La otra promoci\u00f3n, consiste en una devoluci\u00f3n de tu apuesta y el evento en el que participaste finaliza en cero goles. Te contamos en qu\u00e9 consiste cada una <a href=\"https:\/\/recor.to\/calientemx\" rel=\"nofollow noopener sponsored\">\u00a1Puedes apuntarte aqu\u00ed!<\/a><\/p>\n\n\n\n<h3 class=\"wp-block-heading\"><strong>Bonificaciones de en apuestas parlay<\/strong><\/h3>\n\n\n\n<p>M\u00e1s all\u00e1 de los bonos Caliente, tambi\u00e9n podr\u00e1s conseguir una bonificaci\u00f3n que funciona de manera independiente. Esta oferta funciona sobre las <strong>apuestas combinadas o parlay en los deportes<\/strong> mencionados m\u00e1s abajo. Presta atenci\u00f3n porque cada mercado tiene sus propias particularidades en cuanto al funcionamiento de esta oferta. Te dejamos los detalles principales de cada una de ellas. Ten en cuenta que los multiplicadores de premio se aplicar\u00e1n si resultas ganador.<\/p>\n\n\n\n<h4 class=\"wp-block-heading\"><strong>Parlay f\u00fatbol<\/strong><\/h4>\n\n\n\n<p>Realiza apuesta combinadas de un <strong>m\u00ednimo de 3 selecciones&nbsp;<\/strong>en los eventos deportivos de la Copa MX, Liga de Expansi\u00f3n MX y MLS. Al hacerlo, si resultas ganador podr\u00e1s recibir bonificaciones de entre 5% hasta el 100%. A mayor cantidad de selecciones mayor ser\u00e1 tu premio, pero cuidado, porque tambi\u00e9n aumentan los riesgos y disminuyen las probabilidades.<\/p>\n\n\n\n<h4 class=\"wp-block-heading\"><strong>Parlay deportes americanos<\/strong><\/h4>\n\n\n\n<p>Los denominados deportes americanos tambi\u00e9n tienen su lugar en las bonificaci\u00f3n de parlays. Realiza una apuesta de <strong>m\u00ednimo 2 selecciones<\/strong> en cualquier evento de las siguientes ligas NBA\/NCAAB\/NCAAF\/CFL\/MLB\/NHL\/NFL y recibir\u00e1s un multiplicador de tu dinero de entre 2.7% hasta el 70%.&nbsp;<\/p>\n\n\n\n<h4 class=\"wp-block-heading\"><strong>Parlay tenis<\/strong><\/h4>\n\n\n\n<p>Vive lo mejor de todos los torneos de tenis internacional y consigue multiplicadores al realizar parlays de <strong>2 selecciones m\u00ednimo.&nbsp;<\/strong>Si tus apuestas resultan ganadoras, puedes conseguir un multiplicador de entre el 5% al 70% para hacer de tus ganancias una recompensa mucho m\u00e1s jugosa.<\/p>\n\n\n\n<h3 class=\"wp-block-heading\"><strong>Empate sin goles \u00a1devoluci\u00f3n!<\/strong><\/h3>\n\n\n\n<p>\u00bfExiste algo peor que un partido sin goles? S\u00ed, apostar y perder. Pero no te preocupes, porque ya nunca te enfrentar\u00e1s a este problema. Con esta oferta que puedes solicitar junto a los bonos Caliente, podr\u00e1s recibir un <strong>reintegro de saldo en el caso de que el partido al que apostaste termine empatado sin goles.\u00a0<\/strong>Para esto deber\u00e1s participar en los partidos seleccionados que aparecer\u00e1n todos los meses en la secci\u00f3n de la promoci\u00f3n. Para poder participar, tu apuesta debe ser de un m\u00ednimo de $100. Tus pron\u00f3sticos deben ser colocados en alguna de las siguientes selecciones: \u2018Marcador correcto\u2019, \u2018Descanso\/Final\u2019 o \u2018Scorecast\u2019. <a href=\"https:\/\/recor.to\/calientemx\" rel=\"nofollow noopener sponsored\">Conoce los partidos seleccionados aqu\u00ed.<\/a><\/p>\n\n\n\n<figure class=\"wp-block-gallery has-nested-images columns-default is-cropped wp-block-gallery-3 is-layout-flex wp-block-gallery-is-layout-flex\">\n<figure class=\"wp-block-image size-large\"><img decoding=\"async\" width=\"1024\" height=\"120\" data-id=\"8680\" src=\"https:\/\/supercuotas.gratis\/wp-content\/uploads\/2020\/11\/bono-caliente-casino-mexico-1024x120.jpg\" alt=\" bono casino de caliente en mexico\" class=\"wp-image-8680\" srcset=\"https:\/\/supercuotas.gratis\/wp-content\/uploads\/2020\/11\/bono-caliente-casino-mexico-1024x120.jpg 1024w, https:\/\/supercuotas.gratis\/wp-content\/uploads\/2020\/11\/bono-caliente-casino-mexico-300x35.jpg 300w, https:\/\/supercuotas.gratis\/wp-content\/uploads\/2020\/11\/bono-caliente-casino-mexico-768x90.jpg 768w\" sizes=\"(max-width: 1024px) 100vw, 1024px\" \/><\/figure>\n<\/figure>\n\n\n<p>[ratings]<\/p>\n\n\n\n<h2 class=\"wp-block-heading\"><strong>Preguntas frecuentes sobre Caliente<\/strong><\/h2>\n\n\n\n<div class=\"wp-block-rank-math-faq-block\"><div class=\"rank-math-faq-item\"><h3 class=\"rank-math-question\">\u00bfVale la pena registrarse y jugar en Caliente?<\/h3><div class=\"rank-math-answer\">\u00a1Por supuesto! Caliente es un sitio de origen mexicano con una de las mejores y m\u00e1s grandes plataformas de apuestas deportivas y casino. Adem\u00e1s, tiene varios bonos diferentes para que sus nuevos usuarios puedan comenzar a participar con saldo adicional. Reg\u00edstrate gratis completando tus datos personales y obt\u00e9n un bono sin dep\u00f3sito.<\/div><\/div><div class=\"rank-math-faq-item\"><h3 class=\"rank-math-question\">\u00bfHay bono sin dep\u00f3sito para los deportes?<\/h3><div class=\"rank-math-answer\">S\u00ed, puedes recibir un bono de $400 Gratis al registrarte en Caliente. Este beneficio no requiere dep\u00f3sito ni ingreso de dinero alguno.<\/div><\/div><div class=\"rank-math-faq-item\"><h3 class=\"rank-math-question\">\u00bfC\u00f3mo solicito el bono sin dep\u00f3sito para los deportes?<\/h3><div class=\"rank-math-answer\">Debes abrir una cuenta en Caliente y verificar tu tel\u00e9fono ingresando el NIP que recibir\u00e1s por SMS en el banner promocional.<\/div><\/div><div class=\"rank-math-faq-item\"><h3 class=\"rank-math-question\">\u00bfC\u00f3mo extraigo las ganancias derivadas y libero el bono sin dep\u00f3sito?<\/h3><div class=\"rank-math-answer\">Debes completar los requisitos de apuesta obligatorios en los mercados especificados por 10 veces el valor del bono. Adem\u00e1s, deber\u00e1s depositar un m\u00ednimo de $100 para poder solicitar un retiro.<\/div><\/div><div class=\"rank-math-faq-item\"><h3 class=\"rank-math-question\">\u00bfHay bono para las apuestas deportivas en Caliente?<\/h3><div class=\"rank-math-answer\">\u00a1Por supuesto! Puedes obtener el 100% extra de tu primer dep\u00f3sito hasta un m\u00e1ximo de $3.000 para las apuestas deportivas.<\/div><\/div><div class=\"rank-math-faq-item\"><h3 class=\"rank-math-question\">\u00bfC\u00f3mo solicito el bono por dep\u00f3sito de Caliente?<\/h3><div class=\"rank-math-answer\">Debes depositar al menos $100 con el c\u00f3digo BPD3000.<\/div><\/div><div class=\"rank-math-faq-item\"><h3 class=\"rank-math-question\">\u00bfC\u00f3mo libero las ganancias del bono por dep\u00f3sito?<\/h3><div class=\"rank-math-answer\">Debes apostar el bono + el dep\u00f3sito un total de 3 veces.<\/div><\/div><\/div>\n","protected":false},"excerpt":{"rendered":"<p>Bonos Caliente para los deportes \u00a1doble bono de bienvenida! Puedes recibir $400 al abrir tu cuenta en la plataforma por primera vez y una bonificaci\u00f3n de saldo del 100% adicional hasta $3.000 al efectuar tu ingreso de saldo inicial \u00a1pero no solo eso! Tambi\u00e9n cuenta con promociones muy interesantes para los parlay de hasta el &#8230; <a title=\"Caliente.mx, TODOS los bonos, codigos promocionales y promociones especiales de Caliente en Mexico\u3010Abril 2026\u3011\" class=\"read-more\" href=\"https:\/\/supercuotas.gratis\/mx\/bonos-caliente\/\" aria-label=\"Leer m\u00e1s sobre Caliente.mx, TODOS los bonos, codigos promocionales y promociones especiales de Caliente en Mexico\u3010Abril 2026\u3011\">Read more<\/a><\/p>\n","protected":false},"author":61,"featured_media":0,"parent":0,"menu_order":0,"comment_status":"closed","ping_status":"closed","template":"","meta":{"_uag_custom_page_level_css":"","generate_page_header":"","footnotes":""},"class_list":["post-8665","page","type-page","status-publish"],"uagb_featured_image_src":{"full":false,"thumbnail":false,"medium":false,"medium_large":false,"large":false,"1536x1536":false,"2048x2048":false},"uagb_author_info":{"display_name":"Marco ciappina","author_link":"https:\/\/supercuotas.gratis\/mx\/author\/marco\/"},"uagb_comment_info":0,"uagb_excerpt":"Bonos Caliente para los deportes \u00a1doble bono de bienvenida! Puedes recibir $400 al abrir tu cuenta en la plataforma por primera vez y una bonificaci\u00f3n de saldo del 100% adicional hasta $3.000 al efectuar tu ingreso de saldo inicial \u00a1pero no solo eso! Tambi\u00e9n cuenta con promociones muy interesantes para los parlay de hasta el&hellip;","_links":{"self":[{"href":"https:\/\/supercuotas.gratis\/mx\/wp-json\/wp\/v2\/pages\/8665","targetHints":{"allow":["GET"]}}],"collection":[{"href":"https:\/\/supercuotas.gratis\/mx\/wp-json\/wp\/v2\/pages"}],"about":[{"href":"https:\/\/supercuotas.gratis\/mx\/wp-json\/wp\/v2\/types\/page"}],"author":[{"embeddable":true,"href":"https:\/\/supercuotas.gratis\/mx\/wp-json\/wp\/v2\/users\/61"}],"replies":[{"embeddable":true,"href":"https:\/\/supercuotas.gratis\/mx\/wp-json\/wp\/v2\/comments?post=8665"}],"version-history":[{"count":0,"href":"https:\/\/supercuotas.gratis\/mx\/wp-json\/wp\/v2\/pages\/8665\/revisions"}],"wp:attachment":[{"href":"https:\/\/supercuotas.gratis\/mx\/wp-json\/wp\/v2\/media?parent=8665"}],"curies":[{"name":"wp","href":"https:\/\/api.w.org\/{rel}","templated":true}]}}