{"id":8608,"date":"2020-11-13T00:46:51","date_gmt":"2020-11-12T22:46:51","guid":{"rendered":"https:\/\/supercuotas.gratis\/?page_id=8608"},"modified":"2026-03-12T16:56:21","modified_gmt":"2026-03-12T15:56:21","slug":"bono-strendus","status":"publish","type":"page","link":"https:\/\/supercuotas.gratis\/mx\/bono-strendus\/","title":{"rendered":"TODOS los bonos y promociones especiales de Strendus en Mexico \u3010Mayo 2026\u3011"},"content":{"rendered":"\n<p>Bono Universo Strendus para las apuestas deportivas y todas las promociones disponibles en el sitio. <strong>Consigue saldo extra para jugar al abrir tu cuenta de usuario en la plataforma, extra en tu 1er Dep\u00f3sito y mucho m\u00e1s<\/strong> con tus primeros ingresos de saldo \u00a1todas las semanas! Ning\u00fan otro sitio ofrece tantas bonificaciones para sus usuarios como lo hace Strendus. Podr\u00e1s comenzar a jugar con saldo gratuito y luego obtener beneficios adicionales. Demuestra todos tus conocimientos en deportes, apoya a tus equipos favoritos y ll\u00e9vate las mayores ganancias en el sitio m\u00e1s elegido por los usuarios de M\u00e9xico \u00a1100% nacional! No esperes m\u00e1s, abre tu cuenta y<a href=\"https:\/\/recor.to\/strendusmx\" rel=\"nofollow noopener sponsored\"> reclama el bono de bienvenida ya.<\/a><\/p>\n\n\n\n<figure class=\"wp-block-gallery has-nested-images columns-default is-cropped wp-block-gallery-1 is-layout-flex wp-block-gallery-is-layout-flex\">\n<figure class=\"wp-block-image size-full\"><a href=\"https:\/\/recor.to\/strendusmx\" target=\"_blank\" rel=\" noreferrer noopener nofollow sponsored\"><img fetchpriority=\"high\" decoding=\"async\" width=\"1024\" height=\"480\" data-id=\"40975\" src=\"https:\/\/supercuotas.gratis\/wp-content\/uploads\/2025\/03\/bono-strendus-mexico.jpg\" alt=\"bono strendus mexico\" class=\"wp-image-40975\"\/><\/a><\/figure>\n<\/figure>\n\n\n\n<h2 class=\"wp-block-heading\"><strong>Bono Strendus sin dep\u00f3sito: $1.000 Gratis al registrarse<\/strong><\/h2>\n\n\n\n<pre class=\"wp-block-preformatted has-text-color has-link-color wp-elements-2e8f4f32a380a496a90a8e83131ca920\" style=\"color:#ff0000\">ATENCI\u00d3N: El siguiente bono puede encontrarse discontinuado o sus t\u00e9rminos y condiciones modificados. Te recomendamos visitar el sitio oficial de Strendus o seguir leyendo para conocer sus bonos Universo. <\/pre>\n\n\n\n<p>Strendus es uno de los sitios de apuestas con mayor cantidad de ofertas. Adem\u00e1s, al estar abocado especialmente al mercado mexicano, tiene tanto promociones en pesos mexicanos, como otras dedicadas a competencias como la Liga MX y deportes de inter\u00e9s para los usuarios del pa\u00eds. En este sentido, el <strong>bono Strendus de bienvenida sin dep\u00f3sito<\/strong>, es una de las mejores y m\u00e1s interesantes ofertas que podr\u00e1s encontrar en vigencia en la actualidad. Se trata de una bonificaci\u00f3n que te permitir\u00e1 recibir <a href=\"https:\/\/recor.to\/strendusmx\" rel=\"nofollow noopener sponsored\">$1.000 Gratis al abrir una cuenta.<\/a> No es&nbsp; necesario depositar ni nada por el estilo, solo debes suscribirte y comenzar a realizar tus pron\u00f3sticos en los cientos de eventos deportivos presentes en el sitio \u00a1te contamos c\u00f3mo funciona!<\/p>\n<p>Como bien te anticipamos m\u00e1s arriba, <strong>solo debes registrarte y verificar tu cuenta.&nbsp;<\/strong>Para ello, ingresa en la <a href=\"https:\/\/recor.to\/strendusmx\" rel=\"nofollow noopener sponsored\">p\u00e1gina web oficial<\/a>, selecciona la opci\u00f3n &#8220;Reg\u00edstrate&#8221; y completa tus datos personales en el formulario de suscripci\u00f3n \u00a1eso es todo! De todas maneras, ante cualquier duda, puedes comunicarte a trav\u00e9s del chat de soporte que se encuentra disponible las 24 horas los 7 d\u00edas de la semana, por lo que no tendr\u00e1s inconveniente en obtener el beneficio. A continuaci\u00f3n, te contamos cu\u00e1les son los requisitos de conversi\u00f3n y a tener en cuenta a la hora de utilizar el bono \u00a1no te lo pierdas!<\/p>\n<p>Para poder retirar las ganancias derivadas del uso del bono Strendus sin dep\u00f3sito, debes <strong>apostar un total de 10 veces el monto recibido.&nbsp;<\/strong>Los pron\u00f3sticos, por su parte, deben ser realizados en eventos deportivos con cuota 2.00 a 21. Adem\u00e1s, debes acumular un m\u00ednimo de 6 apuestas sobre una selecci\u00f3n por un m\u00ednimo de $100 MXN y $2.000 MXN. Para cumplir con estos requisitos, cuentas con 5 d\u00edas desde que recibiste la oferta. Una oportunidad m\u00e1s que interesante que puedes comenzar a utilizar ahora mismo <a href=\"https:\/\/recor.to\/strendusmx\" rel=\"nofollow noopener sponsored\">\u00a1reclama el bono!<\/a><\/p>\n\n\n\n<h3 class=\"wp-block-heading\"><strong>\u00bfC\u00f3mo recibir los $1.000 Gratis al registrarse?<\/strong><\/h3>\n\n\n\n<ol>\n<li>Completa el formulario para abrir una cuenta en Strendus: <a href=\"https:\/\/recor.to\/strendusmx\" rel=\"nofollow noopener sponsored\">aqu\u00ed.<\/a><\/li>\n<li>Activa tu cuenta siguiendo los pasos indicados en la plataforma.<\/li>\n<li>\u00a1Apuesta con $1.000 MXN Gratis en los mejores eventos deportivos!<\/li>\n<\/ol>\n\n\n\n<h4 class=\"wp-block-heading\"><strong>T\u00e9rminos y condiciones del bono por registro<\/strong><\/h4>\n\n\n\n<ul>\n<li>Exclusivo para nuevos clientes de M\u00e9xico.<\/li>\n<li>Debes ser mayor de 18 a\u00f1os.<\/li>\n<li>Tienes que abrir una cuenta y activarla.<\/li>\n<li>Recibir\u00e1s $1.000 MXN Gratis.<\/li>\n<li>Para liberar el bono debes apostar 10 veces su valor.<\/li>\n<li>Debes acumular m\u00ednimo 6 apuestas sobre una selecci\u00f3n.<\/li>\n<li>Las apuestas deben ser de un m\u00ednimo de $100 MXN y un m\u00e1ximo de $2.000 MXN.<\/li>\n<li>Solo cuotas de entre 2.00 y 21.<\/li>\n<li>Vigencia de 5 d\u00edas desde recibido.<\/li>\n<\/ul>\n\n\n\n<figure class=\"wp-block-gallery has-nested-images columns-default is-cropped wp-block-gallery-2 is-layout-flex wp-block-gallery-is-layout-flex\">\n<figure class=\"wp-block-image size-full\"><a href=\"https:\/\/recor.to\/strendusmx\" target=\"_blank\" rel=\" noreferrer noopener nofollow sponsored\"><img decoding=\"async\" width=\"1280\" height=\"720\" data-id=\"40988\" src=\"https:\/\/supercuotas.gratis\/wp-content\/uploads\/2025\/03\/bonos-strendus-mx.jpg\" alt=\"bonos strendus mx\" class=\"wp-image-40988\"\/><\/a><\/figure>\n<\/figure>\n\n\n\n<h2 class=\"wp-block-heading\"><strong>Bono Universo Strendus de primer dep\u00f3sito: hasta $100.000 MXN<\/strong><\/h2>\n\n\n\n<p>Una vez hayas comenzado a jugar en el sitio y la oferta sin dep\u00f3sito haya caducado, podr\u00e1s solicitar el bono Strendus de bonificaci\u00f3n para tu primer ingreso de saldo de dinero real en tu cuenta. Al hacerlo, conseguir\u00e1s el puntos canjeables por saldo extra en tu dep\u00f3sito hasta un m\u00e1ximo de $100.000 MXN. Para poder recibir el bono ser\u00e1 necesario que realices un <strong>dep\u00f3sito m\u00ednimo. <\/strong>Luego, deber\u00e1s completar los requisitos que te mencionaremos debajo para poder retirar las ganancias derivadas del uso del mismo.<\/p>\n<p>En primer lugar, ser\u00e1 necesario <strong>apostar un total de 10 veces el valor del bono en un m\u00e1ximo de 15 d\u00edas.\u00a0<\/strong>A su vez, debes acumular al menos 10 pron\u00f3sticos sobre selecciones de m\u00ednimo $100 MXN y m\u00e1ximo $2.000 MXN, con cuotas entre 2.00 y 21. Si completas estos requisitos el bono se convertir\u00e1 en saldo de dinero real y podr\u00e1 ser extra\u00eddo de tu cuenta como ganancias. Ten en cuenta que el m\u00e1ximo que puedes extraer de la derivaci\u00f3n del uso del bono no podr\u00e1 superar los $2.000 MXN. Eso es todo, si est\u00e1s preparado para apuntarte al desaf\u00edo <a href=\"https:\/\/recor.to\/strendusmx\" rel=\"nofollow noopener sponsored\">\u00a1reg\u00edstrate ahora!<\/a><\/p>\n<p>M\u00e1s abajo te contamos de qu\u00e9 se tratan sus especificaciones, sigue leyendo para<a href=\"https:\/\/recor.to\/strendusmx\" rel=\"nofollow noopener sponsored\"> conocer todos los bonos de Strendus.<\/a><\/p>\n\n\n\n<h3 class=\"wp-block-heading\"><strong>\u00bfC\u00f3mo solicito el bono universo de primer dep\u00f3sito?<\/strong><\/h3>\n\n\n\n<ol>\n<li><a href=\"https:\/\/recor.to\/strendusmx\" rel=\"nofollow noopener sponsored\">Abre una cuenta en Strendus desde este enlace.<\/a><\/li>\n<li>Deposita m\u00ednimo $100 MXN y selecciona la opci\u00f3n &#8220;Activar&#8221; junto a &#8220;Bono Primer Dep\u00f3sito Deportes&#8221;.<\/li>\n<li>\u00a1juega con saldo extra de tu ingreso hasta un m\u00e1ximo de $100.000 MXN!<\/li>\n<\/ol>\n\n\n\n<h4 class=\"wp-block-heading\"><strong>T\u00e9rminos y condiciones del bono por primer dep\u00f3sito<\/strong><\/h4>\n\n\n\n<ul>\n<li>Exclusivo para nuevos clientes de M\u00e9xico.<\/li>\n<li>Debes ser mayor de edad.<\/li>\n<li>Solo para el primer dep\u00f3sito realizado.<\/li>\n<li>La bonificaci\u00f3n se aplica sobre el 100% de tu ingreso.<\/li>\n<li>Bono m\u00e1ximo de $100.000 MXN.<\/li>\n<li>Para liberar el bono debes apostar 10 veces su valor.<\/li>\n<li>Debes sumar 10 apuestas de momio 2.00 a 21 por un valor de entre $100 MXN a $2.000 MXN.<\/li>\n<li>Vigencia de 15 d\u00edas desde que fue otorgado.<\/li>\n<\/ul>\n\n\n\n<figure class=\"wp-block-gallery has-nested-images columns-default is-cropped wp-block-gallery-3 is-layout-flex wp-block-gallery-is-layout-flex\">\n<figure class=\"wp-block-image size-full\"><a href=\"https:\/\/recor.to\/strendusmx\" target=\"_blank\" rel=\" noreferrer noopener nofollow sponsored\"><img decoding=\"async\" width=\"1024\" height=\"512\" data-id=\"41001\" src=\"https:\/\/supercuotas.gratis\/wp-content\/uploads\/2025\/03\/bono-Strendus-casino-mexico.png\" alt=\"bono Strendus casino mexico\" class=\"wp-image-41001\" srcset=\"https:\/\/supercuotas.gratis\/wp-content\/uploads\/2025\/03\/bono-Strendus-casino-mexico.png 1024w, https:\/\/supercuotas.gratis\/wp-content\/uploads\/2025\/03\/bono-Strendus-casino-mexico-300x150.png 300w, https:\/\/supercuotas.gratis\/wp-content\/uploads\/2025\/03\/bono-Strendus-casino-mexico-768x384.png 768w\" sizes=\"(max-width: 1024px) 100vw, 1024px\" \/><\/a><\/figure>\n<\/figure>\n\n\n\n<h2 class=\"wp-block-heading\"><strong>Bono Universo para el Casino Strendus: Bonifica tu dep\u00f3sito hasta $100.000 MXN<\/strong><\/h2>\n\n\n\n<p>Si ya conociste los bonos anteriores, tienes que saber que a\u00fan tienes oportunidades para seguir obteniendo saldo adicional. El Bono Universo para Casino de Strendus es una oferta que te permite <strong>obtener hasta $100.000 MXN en tu primer dep\u00f3sito como nuevo usuario en el sitio. <\/strong>Para ello, deber\u00e1s cumplir con el dep\u00f3sito m\u00ednimo que te mencionaremos debajo. <a href=\"https:\/\/recor.to\/strendusmx\" rel=\"nofollow noopener sponsored\">\u00a1Reclama el bono ahora!<\/a><\/p>\n<p><strong>Funcionamiento del bono:<\/strong><\/p>\n<ul>\n<li>1er Dep\u00f3sito m\u00edn. $100 MXN &#8211; Bono canjeable por hasta $100.000 MXN.<\/li>\n<\/ul>\n<p>Si bien es una de las ofertas m\u00e1s altas y que m\u00e1s saldo de regalo otorga del mercado, deber\u00e1s estar atento a los requisitos de conversi\u00f3n para asegurarte de poder extraer el saldo antes de que venzan cada uno de los bonos. Con este objetivo, ser\u00e1 necesario que realices apuestas por el valor de <strong>25 veces el bono recibido en un margen de 15 d\u00edas desde que recibiste el beneficio. <\/strong>Adem\u00e1s, deber\u00e1s tener en cuenta los juegos de casino seleccionados por el bono y cu\u00e1nto aporta cada uno al rollover.<\/p>\n<p>Por otro lado, de la misma manera que suced\u00eda con el bono Strendus anterior, las ganancias que podr\u00e1s retirar como dinero real estar\u00e1n limitadas. De todas formas, es una excelente oportunidad para contar con saldo adicional en tu cuenta y no perderte ni un partido<a href=\"https:\/\/recor.to\/strendusmx\" rel=\"nofollow noopener sponsored\"> \u00a1participa ahora!<\/a><\/p>\n\n\n\n<h3 class=\"wp-block-heading\"><strong>\u00bfC\u00f3mo participar con el bono universo de casino?<\/strong><\/h3>\n\n\n\n<ol>\n<li><a href=\"https:\/\/recor.to\/strendusmx\" rel=\"nofollow noopener sponsored\">Abre una cuenta en Strendus completando tus datos personales.<\/a><\/li>\n<li>Realiza el dep\u00f3sito m\u00ednimo para cada uno de los dep\u00f3sitos y activa la oferta seleccionando la opci\u00f3n &#8220;1ER DEP\u00d3SITO CASINO&#8221;.<\/li>\n<li>Recibe saldo canjeable en tu primer ingreso hasta $100.000 MXN.<\/li>\n<\/ol>\n\n\n\n<h3 class=\"wp-block-heading\"><strong>T\u00e9rminos y condiciones del bono triple<\/strong><\/h3>\n\n\n\n<ul>\n<li>Debes estar registrado en el sitio.<\/li>\n<li>Solo para el primer dep\u00f3sito realizado por cada usuarios.<\/li>\n<li>La bonificaci\u00f3n se aplicar\u00e1 sobre el primer dep\u00f3sito.<\/li>\n<li>El m\u00e1ximo a recibir en el bono es de $100.000 MXN.<\/li>\n<li>Debes completar el rollover x 25 veces el valor del bono.<\/li>\n<li>El bono tiene una vigencia de 15 d\u00edas.\u00a0<\/li>\n<\/ul>\n\n\n<p>[ratings]<\/p>\n\n\n\n<h2 class=\"wp-block-heading\"><strong>Preguntas frecuentes sobre Strendus<\/strong><\/h2>\n\n\n\n<h3 class=\"wp-block-heading\">\u00bfEs recomendable jugar en Strendus Deportes?<\/h3>\n\n\n\n<p>Por supuesto, es una plataforma dedicada al mercado mexicano. Por esta raz\u00f3n, cuenta con varias promociones que te permitir\u00e1n conseguir saldo adicional en divisa local. Adem\u00e1s, tiene una de las carteras de promociones m\u00e1s grandes de la actualidad por lo que podr\u00e1s solicitar hasta 3 tipos diferentes de bonos y muchas ofertas para eventos especiales.<\/p>\n\n\n\n<h3 class=\"wp-block-heading\">\u00bfC\u00f3mo consigo el bono universo Strendus?<\/h3>\n\n\n\n<p>Simplemente debes abrir una cuenta en el sitio y seguir los pasos indicados para activarla. <\/p>\n\n\n\n<h3 class=\"wp-block-heading\">\u00bfHay bono por dep\u00f3sito en Strendus?<\/h3>\n\n\n\n<p>\u00a1S\u00ed! Al abrir una cuenta y efectuar tu primer ingreso de saldo, podr\u00e1s obtener saldo adicional a dicho importe hasta una m\u00e1ximo de $100.000 MXN.<\/p>\n\n\n\n<h3 class=\"wp-block-heading\">\u00bfC\u00f3mo solicito el bono por dep\u00f3sito de Strendus?<\/h3>\n\n\n\n<p>Debes efectuar un dep\u00f3sito m\u00ednimo de $100 MXN y seleccionar la opci\u00f3n activar junto al \u201cBono Universo Deportes\u201d al momento de efectuar el ingreso de saldo.<\/p>\n\n\n\n<h3 class=\"wp-block-heading\">\u00bfC\u00f3mo extraigo las ganancias del bono de Strendus?<\/h3>\n\n\n\n<p>Para poder retirar las ganancias derivadas tienes que apostar un total de 10 veces el valor del bono recibido siguiendo los requisitos mencionados en el sitio.<\/p>\n\n\n\n<h3 class=\"wp-block-heading\">\u00bfQu\u00e9 es el bono universo que tiene Strendus para el casino?<\/h3>\n\n\n\n<p>Puedes recibir un bono de hasta $100.000 MXN en tu primer dep\u00f3sito.<\/p>\n","protected":false},"excerpt":{"rendered":"<p>Bono Universo Strendus para las apuestas deportivas y todas las promociones disponibles en el sitio. Consigue saldo extra para jugar al abrir tu cuenta de usuario en la plataforma, extra en tu 1er Dep\u00f3sito y mucho m\u00e1s con tus primeros ingresos de saldo \u00a1todas las semanas! Ning\u00fan otro sitio ofrece tantas bonificaciones para sus usuarios &#8230; <a title=\"TODOS los bonos y promociones especiales de Strendus en Mexico \u3010Mayo 2026\u3011\" class=\"read-more\" href=\"https:\/\/supercuotas.gratis\/mx\/bono-strendus\/\" aria-label=\"Leer m\u00e1s sobre TODOS los bonos y promociones especiales de Strendus en Mexico \u3010Mayo 2026\u3011\">Read more<\/a><\/p>\n","protected":false},"author":61,"featured_media":0,"parent":0,"menu_order":0,"comment_status":"closed","ping_status":"closed","template":"","meta":{"_uag_custom_page_level_css":"","generate_page_header":"","footnotes":""},"class_list":["post-8608","page","type-page","status-publish"],"uagb_featured_image_src":{"full":false,"thumbnail":false,"medium":false,"medium_large":false,"large":false,"1536x1536":false,"2048x2048":false},"uagb_author_info":{"display_name":"Marco ciappina","author_link":"https:\/\/supercuotas.gratis\/mx\/author\/marco\/"},"uagb_comment_info":0,"uagb_excerpt":"Bono Universo Strendus para las apuestas deportivas y todas las promociones disponibles en el sitio. Consigue saldo extra para jugar al abrir tu cuenta de usuario en la plataforma, extra en tu 1er Dep\u00f3sito y mucho m\u00e1s con tus primeros ingresos de saldo \u00a1todas las semanas! Ning\u00fan otro sitio ofrece tantas bonificaciones para sus usuarios&hellip;","_links":{"self":[{"href":"https:\/\/supercuotas.gratis\/mx\/wp-json\/wp\/v2\/pages\/8608","targetHints":{"allow":["GET"]}}],"collection":[{"href":"https:\/\/supercuotas.gratis\/mx\/wp-json\/wp\/v2\/pages"}],"about":[{"href":"https:\/\/supercuotas.gratis\/mx\/wp-json\/wp\/v2\/types\/page"}],"author":[{"embeddable":true,"href":"https:\/\/supercuotas.gratis\/mx\/wp-json\/wp\/v2\/users\/61"}],"replies":[{"embeddable":true,"href":"https:\/\/supercuotas.gratis\/mx\/wp-json\/wp\/v2\/comments?post=8608"}],"version-history":[{"count":3,"href":"https:\/\/supercuotas.gratis\/mx\/wp-json\/wp\/v2\/pages\/8608\/revisions"}],"predecessor-version":[{"id":44551,"href":"https:\/\/supercuotas.gratis\/mx\/wp-json\/wp\/v2\/pages\/8608\/revisions\/44551"}],"wp:attachment":[{"href":"https:\/\/supercuotas.gratis\/mx\/wp-json\/wp\/v2\/media?parent=8608"}],"curies":[{"name":"wp","href":"https:\/\/api.w.org\/{rel}","templated":true}]}}