{"id":33010,"date":"2023-11-23T04:35:17","date_gmt":"2023-11-23T03:35:17","guid":{"rendered":"https:\/\/supercuotas.gratis\/?page_id=33010"},"modified":"2023-11-23T13:37:12","modified_gmt":"2023-11-23T12:37:12","slug":"stake-bono-casino-codigos-promocionales-especial-mexico","status":"publish","type":"page","link":"https:\/\/supercuotas.gratis\/mx\/stake-bono-casino-codigos-promocionales-especial-mexico\/","title":{"rendered":"Stake Bono Casino \u00bb \u00a1OFERTAS en CRYPTO!"},"content":{"rendered":"\n<p><strong>Stake, el criptocasino en l\u00ednea m\u00e1s famoso del mundo,<\/strong> nos trae un espectacular bono y muchas promociones para llevar las ganancias al m\u00e1s alto nivel. Si quieres saber de qu\u00e9 estamos hablando, no te pierdas este art\u00edculo con toda la informaci\u00f3n al respecto.<a href=\"https:\/\/recor.to\/stake\" data-type=\"link\" data-id=\"https:\/\/recor.to\/stake\" target=\"_blank\" rel=\"noreferrer noopener nofollow sponsored\"> \u00a1Reg\u00edstrate ya!<\/a><\/p>\n\n\n\n<figure class=\"wp-block-image size-large\"><a href=\"https:\/\/recor.to\/stake\" target=\"_blank\" rel=\"noreferrer noopener nofollow sponsored\"><img fetchpriority=\"high\" decoding=\"async\" width=\"1024\" height=\"576\" src=\"https:\/\/supercuotas.gratis\/wp-content\/uploads\/2023\/11\/STAKE-bono-casino-1-1024x576.jpg\" alt=\"STAKE bono casino\" class=\"wp-image-33020\" srcset=\"https:\/\/supercuotas.gratis\/wp-content\/uploads\/2023\/11\/STAKE-bono-casino-1-1024x576.jpg 1024w, https:\/\/supercuotas.gratis\/wp-content\/uploads\/2023\/11\/STAKE-bono-casino-1-300x169.jpg 300w, https:\/\/supercuotas.gratis\/wp-content\/uploads\/2023\/11\/STAKE-bono-casino-1-768x432.jpg 768w, https:\/\/supercuotas.gratis\/wp-content\/uploads\/2023\/11\/STAKE-bono-casino-1.jpg 1063w\" sizes=\"(max-width: 1024px) 100vw, 1024px\" \/><\/a><\/figure>\n\n\n\n<h2 class=\"wp-block-heading\">Stake, el criptocasino m\u00e1s grande del mundo<\/h2>\n\n\n\n<p><strong>Stake es una plataforma de apuestas online que se basa exclusivamente en el uso de criptomonedas.<\/strong> \u00c9sta es la caracter\u00edsticas m\u00e1s importante del sitio y la raz\u00f3n por las cuales se transform\u00f3 en uno de los m\u00e1s visitados y elegidos por el p\u00fablico. Las crypto son cada vez m\u00e1s populares en todo el mundo y los sitios de juegos las han adoptado como m\u00e9todo de pago para realizar dep\u00f3sitos y retiros seguros.<strong> \u00a1Eleg\u00ed el mejor criptocasino de M\u00e9xico!<a href=\"https:\/\/recor.to\/stake\" target=\"_blank\" rel=\"noreferrer noopener nofollow sponsored\"> \u00a1Eleg\u00ed Stake!<\/a><\/strong><\/p>\n\n\n\n<p>La mejor interfaz de usuario, ofertas, juegos de azar, mercados, deportes, atenci\u00f3n al cliente&#8230;Stake tiene muchas cosas para ofrecerles a los jugadores mexicanos y en el presente art\u00edculo haremos referencia al <strong>bono y otras promociones especiales para jugar al casino y ganar cryptos.<\/strong> \u00a1No te las pierdas! <\/p>\n\n\n\n<p><strong>La historia de Stake comenz\u00f3 en 2017<\/strong>, a\u00f1o en el que fue lanzado a manos de Medium Rare, NV, una empresa que tiene su sede principal en Curazao y posee licencia del Gobierno de dicho pa\u00eds. Esta marca tiene una presencia muy fuerte en todo el mundo, de hecho su <strong>sitio web se encuentra traducido en 16 idiomas diferentes.<\/strong> M\u00e9xico y Colombia han sido mercados fundamentales para su desarrollo.<\/p>\n\n\n\n<p>En cuanto a la oferta de entretenimiento, podemos reconocer f\u00e1cilmente a Stake como uno de los sitios m\u00e1s atractivos para jugar al casino y apostar en deportes. En resumen, c<strong>uenta con m\u00e1s de 3500 juegos y alrededor de 30 disciplinas diferentes.<\/strong> Para que te des una idea, durante el 2022 hubo m\u00e1s de 65 mil millones de apuestas en el casino. \u00a1Impresionante!<\/p>\n\n\n\n<p>Stake le debe gran parte de su \u00e9xito a los<strong> acuerdos de patrocinio con importantes clubes de f\u00fatbol <\/strong>como el Everton de la Premier League inglesa y el Watford,\u00a0con ex jugadores como el Kun Ag\u00fcero, e inclusive con cantantes como Drake. Estas instituciones y figuras conocidas ha colaborado con la publicidad y difusi\u00f3n de las ventajas de jugar en la plataforma. S\u00edguelos en sus redes sociales para mentenerte informado sobre todo lo que pasa aqu\u00ed.<\/p>\n\n\n\n<h2 class=\"wp-block-heading\">\u00bfHay un bono de bienvenida para casino en Stake?<\/h2>\n\n\n\n<p>Los bonos de bienvenida son las promociones m\u00e1s solicitadas de los casino online. Ellas permiten obtener fondos adicionales para realizar las primeras jugadas y conseguir premios importantes. Lamentablemente<strong>, Stake no ofrece una oferta de este tipo, al menos en este momento.<\/strong> De todas formas, s\u00ed hay opciones para jugadores ya registrados en el sitio. <a href=\"https:\/\/recor.to\/stake\" data-type=\"link\" data-id=\"https:\/\/recor.to\/stake\" target=\"_blank\" rel=\"noreferrer noopener nofollow sponsored\">Abre una cuenta ahora mismo.<\/a><\/p>\n\n\n\n<h3 class=\"wp-block-heading\">\u00a1Conquista el casino con el bono de Stake!<\/h3>\n\n\n\n<p><strong>Conquista el casino es una promoci\u00f3n emblema de Stake. <\/strong>Se trata de una competencia entre usuarios, quienes deben jugar los 10 nuevos juegos del viernes para sumar puntos en la tabla de clasificaci\u00f3n. <strong>La casa reparte $USD<\/strong>\u00a0<strong>50,000 entre los mejores posicionados.<\/strong> \u00a1Participa todas las semanas en busca del premio! <\/p>\n\n\n\n<ul class=\"wp-block-list\">\n<li>$1,000.00&nbsp;\u2013&nbsp;Lucky Win Prize por cada juego<\/li>\n\n\n\n<li>$3,200.00&nbsp;\u2013&nbsp;Big Win Prize por cada juego<\/li>\n\n\n\n<li>$3,000.00&nbsp;\u2013&nbsp;Lucky Win en el juego de elecci\u00f3n de Eddie<\/li>\n\n\n\n<li>$9,200.00&nbsp;\u2013&nbsp;Big Win en el juego de elecci\u00f3n de Eddie<\/li>\n\n\n\n<li>700,00 USD \u2013 Premio Lucky Win por cada juego&nbsp;<\/li>\n<\/ul>\n\n\n\n<p>Antes de avanzar un poco m\u00e1s, no queremos olvidarnos de recomendarte la siguiente <a href=\"https:\/\/supercuotas.gratis\/mx\/stake\/\" data-type=\"link\" data-id=\"https:\/\/supercuotas.gratis\/mx\/stake\/\" target=\"_blank\" rel=\"noreferrer noopener\">Rese\u00f1a de Stake con informaci\u00f3n sobre los bonos del 2023. <\/a>All\u00ed encontrar\u00e1s la explicaci\u00f3n sobre las mejores ofertas de la casa.<\/p>\n\n\n\n<h3 class=\"wp-block-heading\">Cat\u00e1logo de ofertas de Stake para casino<\/h3>\n\n\n\n<p><strong>Las promociones de Stake se actualizan todo el tiempo. <\/strong>Nosotros te vamos a contar cu\u00e1les son las que m\u00e1s nos gustaron al momento de escribir esta rese\u00f1a, pero puedes visitar la secci\u00f3n de Promociones para descubrir las ofertas exclusivas para apuestas deportivas:<\/p>\n\n\n\n<ul class=\"wp-block-list\">\n<li><strong>Carrera diaria de 100.000 USD:\u00a0<\/strong>es una promoci\u00f3n para los amantes del juego y las apuestas deportivas. Stake premia a los 5.000 mejores corredores de cada d\u00eda con una bonificaci\u00f3n de hasta $100.000 USD. Puedes subir en la tabla de clasificaci\u00f3n con cada una de tus apuestas. Simplemente, juega y gana la carrera.<\/li>\n\n\n\n<li><strong>Sorteo semanal de 75.000 USD<\/strong>: los tickes para el sorteo se obtienen jugando al casino de Stake. Entonces, recibir\u00e1s una ficha por cada 1.000 USD apostados. Apuesta tanto como puedas para aumentar las chances de llevarte un premio de hasta 75.000 USD. El sorteo se realiza todos los s\u00e1bados a las 2:00 pm www.kick.com\/Eddie y tiene 15 ganadores. <\/li>\n\n\n\n<li><strong>Desaf\u00edos<\/strong>: Stake propone diferentes desaf\u00edos en el casino a cambio de recompensas incre\u00edbles. Para ganar tienes que superar los multiplicadores en juegos seleccionados.&nbsp;<\/li>\n\n\n\n<li><strong>Drops &amp; Wins Pragmatic Play:<\/strong> juega las tragamonedas m\u00e1s divertidas de Pragmatic Play y gana m\u00e1s de 1.000.000 USD en premios. Descubre cu\u00e1les son las slots seleccionadas por Stake antes de empezar a jugar.<\/li>\n\n\n\n<li><strong>El Subid\u00f3n: <\/strong>supera los multiplicadores a batir en los cinco juegos seleccionados de la semana para poder llevarte un premio de 20.000 USD.<\/li>\n\n\n\n<li><strong>Programa VIP: <\/strong>este Programa de Fidelidad te permite avanzar en diferentes niveles a medida que apuestas y ganas puntos. Con cada apuesta que realices recibir\u00e1s un bono de casino del 5% del margen de la casa. Tambi\u00e9n obtendr\u00e1s una recompensa semanal y mensual. \u00a1Eso no es todo! Como cliente VIP puedes acceder al canal VIP de Telegram en busca de beneficios exclusivos y ofertas especiales.<\/li>\n<\/ul>\n\n\n\n<figure class=\"wp-block-image size-full\"><a href=\"https:\/\/recor.to\/stake\" target=\"_blank\" rel=\"noreferrer noopener nofollow sponsored\"><img decoding=\"async\" width=\"884\" height=\"530\" src=\"https:\/\/supercuotas.gratis\/wp-content\/uploads\/2023\/11\/stake-oferta-casino.jpg\" alt=\"stake oferta casino\" class=\"wp-image-33041\" srcset=\"https:\/\/supercuotas.gratis\/wp-content\/uploads\/2023\/11\/stake-oferta-casino.jpg 884w, https:\/\/supercuotas.gratis\/wp-content\/uploads\/2023\/11\/stake-oferta-casino-300x180.jpg 300w, https:\/\/supercuotas.gratis\/wp-content\/uploads\/2023\/11\/stake-oferta-casino-768x460.jpg 768w\" sizes=\"(max-width: 884px) 100vw, 884px\" \/><\/a><\/figure>\n\n\n\n<h2 class=\"wp-block-heading\" id=\"h-registra-una-cuenta-en-stake-casino\">\u00a1\u00danete a Stake y accede a muchos beneficios!<\/h2>\n\n\n\n<p>En la l\u00ednea de partida hacia la mejor experiencia de juego podemos situar al <strong>Registro en Stake.<\/strong> Este es uno de los procedimientos m\u00e1s simples, pues s\u00f3lo se trata de completar un formulario con datos que conoces muy bien. Si quieres hacerla todav\u00eda m\u00e1s f\u00e1cil, <strong>reg\u00edstrate a trav\u00e9s de tu cuenta de Google, Facebook o Twitch:<\/strong><\/p>\n\n\n\n<ol class=\"wp-block-list\">\n<li>Para comenzar, haz clic en cualquiera de los enlaces que te brindamos en esta nota. Ser\u00e1s redirigido autom\u00e1ticamente al sitio oficial de Stake.<\/li>\n\n\n\n<li>Pulsa el bot\u00f3n de color azul que dice <strong>&#8220;Registrarse&#8221;<\/strong> en azul para abrir el formulario de registro.<\/li>\n\n\n\n<li>Completa la informaci\u00f3n solicitada: e-mail, nombre de usuario, contrase\u00f1a, fecha de nacimiento.<\/li>\n\n\n\n<li>En el siguiente paso del formulario, lee atentamente los T\u00e9rminos y condiciones generales del sitio y si est\u00e1s de acuerdo con ellos marca la casilla correspondiente.<\/li>\n\n\n\n<li>Pulsa en <strong>&#8220;Jugar ahora&#8221;<\/strong> para finalizar el registro.<\/li>\n\n\n\n<li>\u00a1Tu cuenta ya est\u00e1 lista! <\/li>\n<\/ol>\n\n\n\n<p>Despu\u00e9s de registrarte, puedes <a href=\"https:\/\/recor.to\/stake\" data-type=\"link\" data-id=\"https:\/\/recor.to\/stake\" target=\"_blank\" rel=\"noreferrer noopener nofollow sponsored\">iniciar sesi\u00f3n y disfrutar todo el cat\u00e1logo de juegos<\/a> en sus versiones gratuitas. Te recomendamos probar los <strong>Juegos Originales de Stake<\/strong>. Justamente, ellos son los m\u00e1s buscados en este sitio porque no est\u00e1n en ning\u00fan otro lugar. Eso s\u00ed, para aplicar en el bono de Stake y otras promociones de casino tendr\u00e1s que<strong> realizar un dep\u00f3sito en tu cuenta<\/strong>, como as\u00ed tambi\u00e9n si quieres obtener ganancias reales.<\/p>\n\n\n\n<h3 class=\"wp-block-heading\">Dep\u00f3sitos y retiros con monedas digitales<\/h3>\n\n\n\n<p>Te recordamos que el \u00fanico medio de pago v\u00e1lido son las criptomonedas.<strong> Stake un total de 19 criptomonedas, entre ellas Bitcoin, Ethereum, Litecoin, Ripple, Dogecoin, Tron, Bitcoincash y EOS.<\/strong> Puedes elegir la que te resulte m\u00e1s conveniente porque cualquiera de ellas garantiza transacciones r\u00e1pidas y completamente seguras. Tan s\u00f3lo necesitas una billetera desde y a la cual enviar los fondos. Te aconsejamos verificar los montos m\u00ednimos y m\u00e1ximos para cada una de las operaciones.<\/p>\n\n\n\n<p>Para que te des una idea de la preponderancia de Stake en el mercado de las criptomonedas, te contamos que a nivel mundial<strong> representa el 5,9% de las transacciones realizadas en Bitcoin, el 12,3% de las transacciones en Dogecoin, y el 15,1% de transacciones en Litecoin.<\/strong> Estos datos son reveladores.<\/p>\n\n\n\n<p>Si prefieres apostar con m\u00e9todos m\u00e1s tradicionales, NetBet es una buena opci\u00f3n para hacerlo con un mont\u00f3n de beneficios. Te dejamos un<a href=\"https:\/\/supercuotas.gratis\/mx\/\" data-type=\"link\" data-id=\"https:\/\/supercuotas.gratis\/mx\/\" target=\"_blank\" rel=\"noreferrer noopener\">a Rese\u00f1a actualizada sobre esta plataforma<\/a> para que la conozcas y analices la posibilidad de registrarte all\u00ed. <\/p>\n\n\n\n<figure class=\"wp-block-image size-full\"><a href=\"https:\/\/recor.to\/stake\" target=\"_blank\" rel=\"noreferrer noopener nofollow sponsored\"><img decoding=\"async\" width=\"878\" height=\"590\" src=\"https:\/\/supercuotas.gratis\/wp-content\/uploads\/2023\/11\/stake-bono-de-bienvenida.jpg\" alt=\"stake bono de bienvenida\" class=\"wp-image-33032\" srcset=\"https:\/\/supercuotas.gratis\/wp-content\/uploads\/2023\/11\/stake-bono-de-bienvenida.jpg 878w, https:\/\/supercuotas.gratis\/wp-content\/uploads\/2023\/11\/stake-bono-de-bienvenida-300x202.jpg 300w, https:\/\/supercuotas.gratis\/wp-content\/uploads\/2023\/11\/stake-bono-de-bienvenida-768x516.jpg 768w\" sizes=\"(max-width: 878px) 100vw, 878px\" \/><\/a><\/figure>\n\n\n\n<h2 class=\"wp-block-heading\">Preguntas frecuentes<\/h2>\n\n\n\n<div class=\"wp-block-rank-math-faq-block\"><div class=\"rank-math-faq-item\"><h3 class=\"rank-math-question\">\u00bfQui\u00e9n es Stake?<\/h3><div class=\"rank-math-answer\">Es una plataforma de apuestas deportivas y juegos online que se fund\u00f3 en el a\u00f1o 2017.<\/div><\/div><div class=\"rank-math-faq-item\"><h3 class=\"rank-math-question\">\u00bfCu\u00e1l es la ventaja principal de esta plataforma?<\/h3><div class=\"rank-math-answer\">La ventaja o rasgo principal de Stake es que se maneja exclusivamente con criptomonedas. Stake es uno de los criptocasinos m\u00e1s grandes del mundo.<\/div><\/div><div class=\"rank-math-faq-item\"><h3 class=\"rank-math-question\">\u00bfCu\u00e1les son las criptomonedas aceptadas?<\/h3><div class=\"rank-math-answer\">Stake acepta un total de 19 criptomonedas, entre ellas Bitcoin, Ethereum, Litecoin, Ripple, Dogecoin, Tron, Bitcoincash y EOS.<\/div><\/div><div class=\"rank-math-faq-item\"><h3 class=\"rank-math-question\">\u00bfHay un bono de bienvenida para jugar al casino en Stake?<\/h3><div class=\"rank-math-answer\">Por el momento no hay un bono de bienvenida pero s\u00ed otras promociones para todos los jugadores de la casa.<\/div><\/div><div class=\"rank-math-faq-item\"><h3 class=\"rank-math-question\">\u00bfCu\u00e1les son las promociones de casino disponibles?<\/h3><div class=\"rank-math-answer\">Los usuarios de Stake pueden participar en una carrera diaria por premios en efectivo, sorteos semanales, desaf\u00edos diarios, Drops &amp; Wins y mucho m\u00e1s.<\/div><\/div><div class=\"rank-math-faq-item\"><h3 class=\"rank-math-question\">\u00bfC\u00f3mo solicito alguna de estas ofertas?<\/h3><div class=\"rank-math-answer\">Lo primero que debes hacer es registrarte en la web oficial de Stake. Luego realiza un dep\u00f3sito y sigue las instrucciones para participar en la promoci\u00f3n que deseas.<\/div><\/div><div class=\"rank-math-faq-item\"><h3 class=\"rank-math-question\">\u00bfPuedo comunicarme con el personal de la casa?<\/h3><div class=\"rank-math-answer\">S\u00ed, puedes acceder a soporte en vivo, consultar el Centro de Ayuda o comunicarte a trav\u00e9s de las principales redes sociales.<\/div><\/div><\/div>\n","protected":false},"excerpt":{"rendered":"<p>Stake, el criptocasino en l\u00ednea m\u00e1s famoso del mundo, nos trae un espectacular bono y muchas promociones para llevar las ganancias al m\u00e1s alto nivel. Si quieres saber de qu\u00e9 estamos hablando, no te pierdas este art\u00edculo con toda la informaci\u00f3n al respecto. \u00a1Reg\u00edstrate ya! Stake, el criptocasino m\u00e1s grande del mundo Stake es una &#8230; <a title=\"Stake Bono Casino \u00bb \u00a1OFERTAS en CRYPTO!\" class=\"read-more\" href=\"https:\/\/supercuotas.gratis\/mx\/stake-bono-casino-codigos-promocionales-especial-mexico\/\" aria-label=\"Leer m\u00e1s sobre Stake Bono Casino \u00bb \u00a1OFERTAS en CRYPTO!\">Read more<\/a><\/p>\n","protected":false},"author":76,"featured_media":0,"parent":0,"menu_order":0,"comment_status":"closed","ping_status":"closed","template":"","meta":{"_uag_custom_page_level_css":"","generate_page_header":"","footnotes":""},"class_list":["post-33010","page","type-page","status-publish"],"uagb_featured_image_src":{"full":false,"thumbnail":false,"medium":false,"medium_large":false,"large":false,"1536x1536":false,"2048x2048":false},"uagb_author_info":{"display_name":"Karen","author_link":"https:\/\/supercuotas.gratis\/mx\/author\/karen\/"},"uagb_comment_info":0,"uagb_excerpt":"Stake, el criptocasino en l\u00ednea m\u00e1s famoso del mundo, nos trae un espectacular bono y muchas promociones para llevar las ganancias al m\u00e1s alto nivel. Si quieres saber de qu\u00e9 estamos hablando, no te pierdas este art\u00edculo con toda la informaci\u00f3n al respecto. \u00a1Reg\u00edstrate ya! Stake, el criptocasino m\u00e1s grande del mundo Stake es una&hellip;","_links":{"self":[{"href":"https:\/\/supercuotas.gratis\/mx\/wp-json\/wp\/v2\/pages\/33010","targetHints":{"allow":["GET"]}}],"collection":[{"href":"https:\/\/supercuotas.gratis\/mx\/wp-json\/wp\/v2\/pages"}],"about":[{"href":"https:\/\/supercuotas.gratis\/mx\/wp-json\/wp\/v2\/types\/page"}],"author":[{"embeddable":true,"href":"https:\/\/supercuotas.gratis\/mx\/wp-json\/wp\/v2\/users\/76"}],"replies":[{"embeddable":true,"href":"https:\/\/supercuotas.gratis\/mx\/wp-json\/wp\/v2\/comments?post=33010"}],"version-history":[{"count":11,"href":"https:\/\/supercuotas.gratis\/mx\/wp-json\/wp\/v2\/pages\/33010\/revisions"}],"predecessor-version":[{"id":33061,"href":"https:\/\/supercuotas.gratis\/mx\/wp-json\/wp\/v2\/pages\/33010\/revisions\/33061"}],"wp:attachment":[{"href":"https:\/\/supercuotas.gratis\/mx\/wp-json\/wp\/v2\/media?parent=33010"}],"curies":[{"name":"wp","href":"https:\/\/api.w.org\/{rel}","templated":true}]}}