{"id":32865,"date":"2023-11-22T21:48:11","date_gmt":"2023-11-22T20:48:11","guid":{"rendered":"https:\/\/supercuotas.gratis\/?page_id=32865"},"modified":"2026-03-12T16:40:52","modified_gmt":"2026-03-12T15:40:52","slug":"strendus-bono-apuestas-deportivas-especial-codigos-promocionales-mexico","status":"publish","type":"page","link":"https:\/\/supercuotas.gratis\/mx\/strendus-bono-apuestas-deportivas-especial-codigos-promocionales-mexico\/","title":{"rendered":"Strendus Bono Apuestas Deportivas \u00bb \u00a1$100.000 MXN con Universo!"},"content":{"rendered":"\n<p><strong>Strendus te est\u00e1 esperando con un gran bono universo para apuestas deportivas<\/strong> y nosotros te daremos todos los detalles sobre \u00e9l. <a href=\"https:\/\/recor.to\/strendusmx\" data-type=\"link\" data-id=\"https:\/\/recor.to\/strendusmx\" target=\"_blank\" rel=\"noreferrer noopener nofollow sponsored\">\u00a1Siente el poder del rayo y\u00a0reg\u00edstrate\u00a0hoy!<\/a><\/p>\n\n\n\n<figure class=\"wp-block-image size-full is-resized\"><a href=\"https:\/\/recor.to\/strendusmx\" target=\"_blank\" rel=\" noreferrer noopener nofollow sponsored\"><img fetchpriority=\"high\" decoding=\"async\" width=\"1187\" height=\"382\" src=\"https:\/\/supercuotas.gratis\/wp-content\/uploads\/2026\/03\/strendus-deportes.png\" alt=\"strendus deportes\" class=\"wp-image-44540\" style=\"width:941px;height:auto\" srcset=\"https:\/\/supercuotas.gratis\/wp-content\/uploads\/2026\/03\/strendus-deportes.png 1187w, https:\/\/supercuotas.gratis\/wp-content\/uploads\/2026\/03\/strendus-deportes-300x97.png 300w, https:\/\/supercuotas.gratis\/wp-content\/uploads\/2026\/03\/strendus-deportes-1024x330.png 1024w, https:\/\/supercuotas.gratis\/wp-content\/uploads\/2026\/03\/strendus-deportes-768x247.png 768w\" sizes=\"(max-width: 1187px) 100vw, 1187px\" \/><\/a><\/figure>\n\n\n\n<h2 class=\"wp-block-heading\">Todo lo que tienes que saber sobre Strendus <\/h2>\n\n\n\n<p>La industria de las apuestas deportivas adquiri\u00f3 gran popularidad dentro de M\u00e9xico a partir del \u00e9xito de muchas plataformas que se han ganado la confianza del p\u00fablico. La tarea del d\u00eda de hoy es presentar al bono de apuestas deportivas de <a href=\"https:\/\/recor.to\/strendusmx\" data-type=\"link\" data-id=\"https:\/\/recor.to\/strendusmx\" target=\"_blank\" rel=\"noreferrer noopener nofollow sponsored\"><strong>Strendus,<\/strong><\/a><strong> <\/strong><strong>un sitio lanzado en el 2017 con la promesa de llevar el entretenimiento m\u00e1s all\u00e1. <\/strong>\u00bfTe quedas con nosotros? Ent\u00e9rate de qu\u00e9 se trata la oferta de bienvenida y ve por la tuya.<\/p>\n\n\n\n<p>A la hora de elegir un sitio donde apostar hay que tener en cuenta muchos factores, como la licencia, su reputaci\u00f3n, los mercados, m\u00e9todos de pago, interfaz de usuario, atenci\u00f3n al cliente, entre otros. \u00a1Strendus lo tiene todo! Definitivamente es el mejor lugar para vivir tu pasi\u00f3n como realmente mereces. Si no nos cre\u00e9s,<a href=\"https:\/\/recor.to\/strendusmx\" target=\"_blank\" data-type=\"link\" data-id=\"https:\/\/recor.to\/strendusmx\" rel=\"noreferrer noopener nofollow sponsored\"> ingresa ahora y recorre todos los rincones de la p\u00e1gina para ver todo lo que tiene para ti.<\/a><\/p>\n\n\n\n<p><strong>La Secretar\u00eda de Gobierno, a trav\u00e9s de la&nbsp;Direcci\u00f3n General de Juegos y Sorteos (DGJS)<\/strong>, es quien se encarga de regular y supervisar el funcionamiento de las diferentes plataformas de apuestas y juegos de azar existentes en el pa\u00eds. <strong>Strendus posee licencia de juego emitida por este organismo,<\/strong> lo cual garantiza que la empresa cumple con todos los requisitos para operar legalmente en territorio nacional.<\/p>\n\n\n\n<p>En la secci\u00f3n de Deportes hallar\u00e1s miles de eventos, muchos mercados y cuotas elevadas para ganar a lo grande. Si quieres tener la oportunidad de jugar y apostar en cualquier momento, <strong>descarga la app en tu tel\u00e9fono y siente el poder del Rayo est\u00e9s donde est\u00e9s.<\/strong> En cuanto al casino, vale decir que est\u00e1 a la altura de las mejores casas del mundo. Hay una enorme variedad de <strong>tragamonedas, juegos de mesa, ruletas y salas en vivo de Microgaming, Evolution Gaming, Play&#8217;n Go<\/strong> y muchos otros proveedores de prestigio. \u00a1Empieza jugando con un <a href=\"https:\/\/supercuotas.gratis\/mx\/strendus-bono-casino-especial-codigos-promocionales-mexico\/\" data-type=\"link\" data-id=\"https:\/\/supercuotas.gratis\/mx\/strendus-bono-casino-especial-codigos-promocionales-mexico\/\" target=\"_blank\" rel=\"noreferrer noopener\">bono de $100.000 MXN!<\/a><\/p>\n\n\n\n<h2 class=\"wp-block-heading\">Bono Universo de Strendus para apuestas deportivas<\/h2>\n\n\n\n<p>A veces los detalles son los que marcan la diferencia. Asique no te pierdas ning\u00fan pormenor del bono Universo de Strendus para apuestas deportivas, una <strong>oferta \u00fanica que te acompa\u00f1ar\u00e1 desde tus primeras jugadas.<\/strong> Es importante aclarar que hay otros bonos de este tipo (Casino, Deportes, Bingo, Loter\u00eda, Slots, E-Sports y Virtuales), pero no se pueden combinar entre s\u00ed. Elige uno de ellos cuando te registres en la web.<\/p>\n\n\n\n<p>La promoci\u00f3n Universo de Strendus consiste en un <strong>bono de hasta 100.000 MXN con tu primer dep\u00f3sito. <\/strong>\u00a1S\u00f3lo tienes que<a href=\"https:\/\/recor.to\/strendusmx\" data-type=\"link\" data-id=\"https:\/\/recor.to\/strendusmx\" target=\"_blank\" rel=\"noreferrer noopener nofollow sponsored\">registrarte en la web!<\/a> Con esta bonificaci\u00f3n, la casa busca incentivar a los nuevos clientes a unirse y probar los servicios de la plataforma. En este caso, <strong>los fondos adicionales son v\u00e1lidos para hacer apuestas de todo tipo en los mejores eventos deportivos a nivel nacional e internacional.<\/strong><\/p>\n\n\n\n<p><strong>Importante: <\/strong>el bono Universo <strong>est\u00e1 disponible hasta la fecha<\/strong>, asique ap\u00farate a reclamar el tuyo. Por supuesto que hay muchas otras promociones esper\u00e1ndote. Sin ir m\u00e1s lejos, los nuevos usuarios de la casa pueden solicitar un incre\u00edble bono universo con su primer dep\u00f3sito. Te dejamos una <a href=\"https:\/\/supercuotas.gratis\/mx\/strendus\/\" data-type=\"link\" data-id=\"https:\/\/supercuotas.gratis\/mx\/strendus\/\" target=\"_blank\" rel=\"noreferrer noopener\"><strong><em>Rese\u00f1a con informaci\u00f3n sobre Strendus y sus bonos de bienvenida.<\/em><\/strong><\/a><\/p>\n\n\n\n<figure class=\"wp-block-image size-full is-resized\"><a href=\"https:\/\/recor.to\/strendusmx\" target=\"_blank\" rel=\"noreferrer noopener nofollow sponsored\"><img decoding=\"async\" width=\"1024\" height=\"431\" src=\"https:\/\/supercuotas.gratis\/wp-content\/uploads\/2025\/03\/strendus.png\" alt=\" strendus oferta apuestas\" class=\"wp-image-40929\" style=\"width:936px;height:auto\" srcset=\"https:\/\/supercuotas.gratis\/wp-content\/uploads\/2025\/03\/strendus.png 1024w, https:\/\/supercuotas.gratis\/wp-content\/uploads\/2025\/03\/strendus-300x126.png 300w, https:\/\/supercuotas.gratis\/wp-content\/uploads\/2025\/03\/strendus-768x323.png 768w\" sizes=\"(max-width: 1024px) 100vw, 1024px\" \/><\/a><\/figure>\n\n\n\n<h3 class=\"wp-block-heading\">T\u00e9rminos y condiciones del bono <\/h3>\n\n\n\n<p>Es importante leer detenidamente los T\u00e9rminos y condiciones asociados al bono, ya que hay una serie de requisitos a cumplir para poder retirar las ganancias. Por fortuna, Strendus proporciona informaci\u00f3n clara sobre los servicios y promociones, de modo que no deber\u00edas tener problemas para convertirlo en dinero real. Veamos cu\u00e1les son:<\/p>\n\n\n\n<ul class=\"wp-block-list\">\n<li>Promoci\u00f3n exclusiva <strong>para nuevos usuarios registrados en Strendus.<\/strong> Deben ser residentes de M\u00e9xico y mayores de 18 a\u00f1os.<\/li>\n\n\n\n<li>El monto m\u00e1ximo de bonificaci\u00f3n es de <strong>$100.000 MXN.<\/strong><\/li>\n\n\n\n<li>Este bono Universo tiene su propio rollover espec\u00edfico antes de solicitar un retiro.<\/li>\n\n\n\n<li>El plazo de vigencia es de <strong>3 d\u00edas<\/strong> a partir de su acreditaci\u00f3n. \u00a1Util\u00edzalo antes de que expire!<\/li>\n<\/ul>\n\n\n\n<p>Si deseas ampliar la informaci\u00f3n, no dudes en consultar <a href=\"https:\/\/supercuotas.gratis\/mx\/strendus-bono-sin-deposito\/\" target=\"_blank\" data-type=\"link\" data-id=\"https:\/\/supercuotas.gratis\/mx\/strendus-bono-sin-deposito\/\" rel=\"noreferrer noopener\">este art\u00edculo sobre el bono sin dep\u00f3sito<\/a> hecho por los especialistas de supercuotas.gratis. <\/p>\n\n\n\n<h3 class=\"wp-block-heading\">Instrucciones para solicitar el bono de Strendus para apuestas deportivas <\/h3>\n\n\n\n<ol class=\"wp-block-list\">\n<li><strong>Elige el bono para Deportes: <\/strong><a href=\"https:\/\/recor.to\/strendusmx\" target=\"_blank\" data-type=\"link\" data-id=\"https:\/\/recor.to\/strendusmx\" rel=\"noreferrer noopener nofollow sponsored\">visita el sitio oficial <\/a>y haz click en el bot\u00f3n que dice <strong>Registrarse. <\/strong>En el primer apartado tienes que seleccionar el tipo de juego en el que quieres utilizar tu premio. Est\u00e1 disponible para Deportes, Slots, Casino, Bingo, Loter\u00eda, E-Sports y Virtuals. Puedes <\/li>\n\n\n\n<li>A continuaci\u00f3n,<strong> completa el formulario de registro<\/strong> con tu nombre y apellido, fecha de nacimiento y correo electr\u00f3nico, usuario y contrase\u00f1a.<\/li>\n\n\n\n<li><strong>Verifica la cuenta <\/strong>a trav\u00e9s del enlace enviado al correo electr\u00f3nico proporcionado.<\/li>\n\n\n\n<li><strong>\u00a1Disfruta tu bono! <\/strong>Al hacer tu primer dep\u00f3sito podr\u00e1s alcanzar los $100.000 MXN reflejados en tu cuenta.<\/li>\n\n\n\n<li><strong>Completa rollover<\/strong>: apuesta el valor del bono multiplicado por la cantidad de veces que se especifique en los T&amp;C.<\/li>\n<\/ol>\n\n\n\n<p>Frente a cualquier duda sobre el bono para apuestas deportivas, puedes comunicarte con el personal de Strendus llamando al<strong> 800-787-3638, escribiendo a soporte@strendus.com.mx o mediante el chat en vivo.<\/strong> Aqu\u00ed tienes que indicar tu nombre, correo electr\u00f3nico, tel\u00e9fono y el motivo de la consulta. Generalmente, el personal de la casa tarda unos minutos en responder, aunque s\u00f3lo se encuentra disponible de lunes a domingo entre las 8:00 a.m. y las 1:00 a.m. CST.<\/p>\n\n\n\n<h2 class=\"wp-block-heading\">Deportes, mercados y cuotas<\/h2>\n\n\n\n<p>Strendus cubre deportes muy populares como el f\u00fatbol, f\u00fatbol americano, b\u00e1squetbol, b\u00e9isbol y tenis, pasando por otras disciplinas menos convencionales como las artes marciales, el golf y el waterpolo.<strong> Su oferta deportiva es de las m\u00e1s completas y diversas del mercado.<\/strong> \u00a1An\u00edmate a probar tu suerte en alguno de estas disciplinas! Elige y selecciona tus partidos favoritas haciendo clic en el \u00edcono de estrella que aparece junto a los momios de cada evento.<\/p>\n\n\n\n<p><strong>La principal atracci\u00f3n de esta casa son las&nbsp;apuestas en la Liga MX<\/strong>. De hecho, en dicha competencia encontrar\u00e1s s\u00faper momios que ofrecen un \u201cextra\u201d de ganancias en partidos seleccionados. \u00bfQu\u00e9 son los momios? Un momio + indica que la apuesta es menos probable y un momio &#8211; indica que es m\u00e1s probable. Entonces<strong>, cuanto menor sea el momio es m\u00e1s probable que el resultado suceda. <\/strong>Estos momios se establecen en funci\u00f3n del escenario del partido, la racha de los equipos, el nivel de los jugadores, el historia de enfrentamientos, entre otros datos.<\/p>\n\n\n\n<p><strong>\u00bfSab\u00edas que las apuestas deportivas&nbsp;mueven m\u00e1s de 2 mil millones de d\u00f3lares al a\u00f1o?<\/strong> Una cifra impresionante que prueba la pasi\u00f3n de los mexicanos por el deporte y las apuestas online. <strong>Entre las ligas favoritas de los apostadores se encuentran la NFL<\/strong>, el torneo de futbol americano de Estados Unidos;<strong> la MLB,<\/strong> que es una de las ligas deportivas profesionales m\u00e1s importantes de Estados Unidos y Canad\u00e1<strong>; y la F\u00f3rmula 1<\/strong>, la competencia de deporte motor m\u00e1s importante en el mundo. Encuentra m\u00e1s datos en el <a href=\"https:\/\/recor.to\/strendusmx\" data-type=\"link\" data-id=\"https:\/\/recor.to\/strendusmx\" target=\"_blank\" rel=\"noreferrer noopener nofollow sponsored\">blog de Strendus.<\/a><\/p>\n\n\n\n<p>Al final de la p\u00e1gina web tambi\u00e9n tienes acceso a una<strong> Gu\u00eda de apuestas<\/strong> con informaci\u00f3n b\u00e1sica para comenzar a apostar en Strendus. En resumen, estos son los pasos a seguir:<\/p>\n\n\n\n<ol class=\"wp-block-list\">\n<li><a href=\"https:\/\/recor.to\/strendusmx\" data-type=\"link\" data-id=\"https:\/\/recor.to\/strendusmx\" target=\"_blank\" rel=\"noreferrer noopener nofollow sponsored\">Inicia sesi\u00f3n en tu cuenta<\/a>.<\/li>\n\n\n\n<li>Dir\u00edgete a la secci\u00f3n de<strong> Deportes.<\/strong><\/li>\n\n\n\n<li>Elige una disciplina, selecciona el pa\u00eds y la liga deportiva.<\/li>\n\n\n\n<li>A continuaci\u00f3n, decide el evento en el que quieras apostar y haz click en \u00e9l para ver los mercados.<\/li>\n\n\n\n<li>Cuando realices la selecci\u00f3n, podr\u00e1s ver inmediatamente la apuesta en el Boleto de apuestas que se encuentra a la derecha.<\/li>\n\n\n\n<li>Coloca el monto a apostar.<\/li>\n\n\n\n<li>Confirma el boleto y \u00a1listo! <\/li>\n<\/ol>\n\n\n\n<p>Strendus permite <strong>obtener las estad\u00edsticas actualizados minuto a minuto y seguir los resultados en vivo.<\/strong> Aprovecha todas las herramientas a disposici\u00f3n para elaborar el mejor pron\u00f3stico posible. Lleg\u00f3 la hora de demostrar todo lo que sabes. \u00a1Adelante!<\/p>\n\n\n\n<figure class=\"wp-block-image size-full\"><a href=\"https:\/\/recor.to\/strendusmx\" target=\"_blank\" rel=\"noreferrer noopener nofollow sponsored\"><img decoding=\"async\" width=\"1714\" height=\"718\" src=\"https:\/\/supercuotas.gratis\/wp-content\/uploads\/2026\/03\/STRENDUS-bono-apuestas-deportivas.png\" alt=\"STRENDUS bono apuestas deportivas\" class=\"wp-image-44541\" srcset=\"https:\/\/supercuotas.gratis\/wp-content\/uploads\/2026\/03\/STRENDUS-bono-apuestas-deportivas.png 1714w, https:\/\/supercuotas.gratis\/wp-content\/uploads\/2026\/03\/STRENDUS-bono-apuestas-deportivas-300x126.png 300w, https:\/\/supercuotas.gratis\/wp-content\/uploads\/2026\/03\/STRENDUS-bono-apuestas-deportivas-1024x429.png 1024w, https:\/\/supercuotas.gratis\/wp-content\/uploads\/2026\/03\/STRENDUS-bono-apuestas-deportivas-768x322.png 768w, https:\/\/supercuotas.gratis\/wp-content\/uploads\/2026\/03\/STRENDUS-bono-apuestas-deportivas-1536x643.png 1536w\" sizes=\"(max-width: 1714px) 100vw, 1714px\" \/><\/a><\/figure>\n\n\n\n<h2 class=\"wp-block-heading\">Preguntas frecuentes <\/h2>\n\n\n\n<h3 class=\"wp-block-heading\">\u00bfQui\u00e9n es Strendus?<\/h3>\n\n\n\n<p>Es una plataforma de apuestas deportivas y juegos online disponible en M\u00e9xico.<\/p>\n\n\n\n<h3 class=\"wp-block-heading\">\u00bfTiene licencia para operar en M\u00e9xico?<\/h3>\n\n\n\n<p>Por supuesto, Strendus opera legalmente en M\u00e9xico con el permiso de la Secretar\u00eda de Gobernaci\u00f3n.<\/p>\n\n\n\n<h3 class=\"wp-block-heading\">\u00bfQu\u00e9 es el bono universo de Strendus para apuestas deportivas?<\/h3>\n\n\n\n<p>Es un bono que consta de hasta $100.000 MXN para aprovechar en los mejores eventos del deporte nacional e internacional.<\/p>\n\n\n\n<h3 class=\"wp-block-heading\">\u00bfC\u00f3mo es el proceso de registro?<\/h3>\n\n\n\n<p>Para registrarte tienes que visitar la p\u00e1gina oficial de Strendus y completar un formulario con tus datos personales. No te olvides de elegir el bono sin dep\u00f3sito para Deportes.<\/p>\n\n\n\n<h3 class=\"wp-block-heading\">\u00bfTiene requisitos de apuesta este bono?<\/h3>\n\n\n\n<p>S\u00ed, para transformar el bono en dinero retirable, tienes que apostar su valor multiplicado por una cantidad espec\u00edfica de vecez.<\/p>\n\n\n\n<h3 class=\"wp-block-heading\">\u00bfEs v\u00e1lido por un tiempo limitado?<\/h3>\n\n\n\n<p>S\u00ed, una vez que el bono ingresa en tu cuenta, dispones de 15 d\u00edas para completar los requisitos de apuesta antes de solicitar un retiro.<\/p>\n\n\n\n<h3 class=\"wp-block-heading\">\u00bfC\u00f3mo puedo ponerme en contacto con Strendus?<\/h3>\n\n\n\n<p>Puedes hacerlo por tel\u00e9fono (800-7873638), whastapp (+52) 81-3404-7973, e-mail&nbsp;(sporte@strendus.com.mx) o chat en vivo de lunes a domingo de 8:00 a.m. a 1:00 a.m. CST.<\/p>\n","protected":false},"excerpt":{"rendered":"<p>Strendus te est\u00e1 esperando con un gran bono universo para apuestas deportivas y nosotros te daremos todos los detalles sobre \u00e9l. \u00a1Siente el poder del rayo y\u00a0reg\u00edstrate\u00a0hoy! Todo lo que tienes que saber sobre Strendus La industria de las apuestas deportivas adquiri\u00f3 gran popularidad dentro de M\u00e9xico a partir del \u00e9xito de muchas plataformas que &#8230; <a title=\"Strendus Bono Apuestas Deportivas \u00bb \u00a1$100.000 MXN con Universo!\" class=\"read-more\" href=\"https:\/\/supercuotas.gratis\/mx\/strendus-bono-apuestas-deportivas-especial-codigos-promocionales-mexico\/\" aria-label=\"Leer m\u00e1s sobre Strendus Bono Apuestas Deportivas \u00bb \u00a1$100.000 MXN con Universo!\">Read more<\/a><\/p>\n","protected":false},"author":76,"featured_media":0,"parent":0,"menu_order":0,"comment_status":"closed","ping_status":"closed","template":"","meta":{"_uag_custom_page_level_css":"","generate_page_header":"","footnotes":""},"class_list":["post-32865","page","type-page","status-publish"],"uagb_featured_image_src":{"full":false,"thumbnail":false,"medium":false,"medium_large":false,"large":false,"1536x1536":false,"2048x2048":false},"uagb_author_info":{"display_name":"Karen","author_link":"https:\/\/supercuotas.gratis\/mx\/author\/karen\/"},"uagb_comment_info":0,"uagb_excerpt":"Strendus te est\u00e1 esperando con un gran bono universo para apuestas deportivas y nosotros te daremos todos los detalles sobre \u00e9l. \u00a1Siente el poder del rayo y\u00a0reg\u00edstrate\u00a0hoy! Todo lo que tienes que saber sobre Strendus La industria de las apuestas deportivas adquiri\u00f3 gran popularidad dentro de M\u00e9xico a partir del \u00e9xito de muchas plataformas que&hellip;","_links":{"self":[{"href":"https:\/\/supercuotas.gratis\/mx\/wp-json\/wp\/v2\/pages\/32865","targetHints":{"allow":["GET"]}}],"collection":[{"href":"https:\/\/supercuotas.gratis\/mx\/wp-json\/wp\/v2\/pages"}],"about":[{"href":"https:\/\/supercuotas.gratis\/mx\/wp-json\/wp\/v2\/types\/page"}],"author":[{"embeddable":true,"href":"https:\/\/supercuotas.gratis\/mx\/wp-json\/wp\/v2\/users\/76"}],"replies":[{"embeddable":true,"href":"https:\/\/supercuotas.gratis\/mx\/wp-json\/wp\/v2\/comments?post=32865"}],"version-history":[{"count":8,"href":"https:\/\/supercuotas.gratis\/mx\/wp-json\/wp\/v2\/pages\/32865\/revisions"}],"predecessor-version":[{"id":44542,"href":"https:\/\/supercuotas.gratis\/mx\/wp-json\/wp\/v2\/pages\/32865\/revisions\/44542"}],"wp:attachment":[{"href":"https:\/\/supercuotas.gratis\/mx\/wp-json\/wp\/v2\/media?parent=32865"}],"curies":[{"name":"wp","href":"https:\/\/api.w.org\/{rel}","templated":true}]}}