{"id":31293,"date":"2023-09-23T03:37:58","date_gmt":"2023-09-23T01:37:58","guid":{"rendered":"https:\/\/supercuotas.gratis\/?page_id=31293"},"modified":"2023-09-23T03:38:02","modified_gmt":"2023-09-23T01:38:02","slug":"betfair-bono-apuestas-deportivas-codigos-promocionales","status":"publish","type":"page","link":"https:\/\/supercuotas.gratis\/mx\/betfair-bono-apuestas-deportivas-codigos-promocionales\/","title":{"rendered":"Betfair Bono Apuestas Deportivas \u00bb \u00a1100 USD de Bienvenida!"},"content":{"rendered":"\n<p><strong>En Betfair hay un Bono para Apuestas Deportivas<\/strong> que no te puedes perder. Te vamos a contar como solicitar la oferta desde M\u00e9xico, las caracter\u00edsticas de la misma y los t\u00e9rminos y condiciones a respetar. <strong><a href=\"https:\/\/recor.to\/betfairmx\" target=\"_blank\" rel=\"noreferrer noopener nofollow sponsored\">\u00a1Conoce m\u00e1s sobre esta casa!<\/a><\/strong><\/p>\n\n\n\n<figure class=\"wp-block-image size-large\"><a href=\"https:\/\/recor.to\/betfairmx\" target=\"_blank\" rel=\"noreferrer noopener nofollow sponsored\"><img fetchpriority=\"high\" decoding=\"async\" width=\"1024\" height=\"379\" src=\"https:\/\/supercuotas.gratis\/wp-content\/uploads\/2023\/09\/betfair-bono-apuestas-deportivas-1024x379.png\" alt=\"betfair bono apuestas deportivas\" class=\"wp-image-31294\" srcset=\"https:\/\/supercuotas.gratis\/wp-content\/uploads\/2023\/09\/betfair-bono-apuestas-deportivas-1024x379.png 1024w, https:\/\/supercuotas.gratis\/wp-content\/uploads\/2023\/09\/betfair-bono-apuestas-deportivas-300x111.png 300w, https:\/\/supercuotas.gratis\/wp-content\/uploads\/2023\/09\/betfair-bono-apuestas-deportivas-768x284.png 768w, https:\/\/supercuotas.gratis\/wp-content\/uploads\/2023\/09\/betfair-bono-apuestas-deportivas.png 1319w\" sizes=\"(max-width: 1024px) 100vw, 1024px\" \/><\/a><\/figure>\n\n\n\n<h2 class=\"wp-block-heading\"><strong>Bono de Betfair para Apuestas Deportivas<\/strong><\/h2>\n\n\n\n<p><strong>Para tus apuestas deportivas, Betfair tiene un Bono de Bienvenida<\/strong> que no puedes dejar pasar. \u00bfNo sabes de qu\u00e9 se trata? No te preocupes, porque en el presente art\u00edculo te contaremos todo lo que debes saber al respecto. Desde c\u00f3mo obtener la oferta hasta los t\u00e9rminos y condiciones a respetar. Sin dudas, es una de las promociones m\u00e1s atractivas disponibles en M\u00e9xico. Como podr\u00e1s comprobar en breve. <strong><a href=\"https:\/\/recor.to\/betfairmx\" target=\"_blank\" rel=\"noreferrer noopener nofollow sponsored\">\u00a1\u00c9chale un vistazo a la plataforma!<\/a><\/strong><\/p>\n\n\n\n<p>Al tratarse de una oferta de bienvenida, <strong>solo est\u00e1 disponible para los usuarios nuevos que se registran desde M\u00e9xico. <\/strong>Aquellos que est\u00e9n a punto de realizar su primer dep\u00f3sito en la web de la casa. Si cumples con dicha condici\u00f3n, fr\u00f3tate las manos. Y sino, repasa el listado de promociones de Betfair y encuentra aquella que se ajuste a tu perfil. <strong>Opciones varias -y buenas- <\/strong>forman parte del cat\u00e1logo. <\/p>\n\n\n\n<p>En el caso del Bono de Betfair para Apuestas Deportivas, el beneficio es el siguiente: <strong>\u00a1hasta 100 USD en Apuestas Gratis!<\/strong> Sin dudas, no puedes dejar pasar esta oportunidad. Es la posibilidad de hacerte con una buena suma de fondos extra para hacer pron\u00f3sticos en tus disciplinas y eventos favoritos sin poner en riesgo tu dinero. <strong><a href=\"https:\/\/recor.to\/betfairmx\" target=\"_blank\" rel=\"noreferrer noopener nofollow sponsored\">\u00a1Reg\u00edstrate para aprovechar esta chance \u00fanica!<\/a><\/strong><\/p>\n\n\n\n<h3 class=\"wp-block-heading\"><strong>Como obtener el Bono de Betfair para apuestas deportivas<\/strong><\/h3>\n\n\n\n<p>La oferta de la que hablamos en el presente art\u00edculo es destinada para los usuarios nuevos, o sea sin experiencia previa en la web de Betfair. Por lo tanto, consideramos importante indicar<strong> el paso a paso para solicitar el Bono. <\/strong>No es que resulte complejo, pero nunca viene mal una gu\u00eda. Adem\u00e1s, es un proceso que te llevar\u00e1 muy poco tiempo. <strong>Observa: <\/strong><\/p>\n\n\n\n<ul class=\"wp-block-list\">\n<li><strong>1. Abre una cuenta en Betfair desde M\u00e9xico<\/strong> (haz clic sobre &#8220;Reg\u00edstrate&#8221; que se ubica en la parte superior derecha de la pantalla y completa el formulario con los datos solicitados). <\/li>\n\n\n\n<li><strong>2. Introduce el c\u00f3digo<\/strong> promocional ZBBLAT. <\/li>\n\n\n\n<li><strong>3. Realiza 5 apuestas <\/strong>de 5 USD o m\u00e1s, a cuota m\u00ednima de 1.50. <\/li>\n\n\n\n<li><strong>4. \u00a1Listo! <\/strong>Si cumples con ello, se te acreditar\u00e1 una Apuesta Gratis de 20 USD (puedes repetir el proceso hasta un m\u00e1ximo de 5 veces, para de esta manera hacerte con 100 USD en Apuestas Gratis). <\/li>\n<\/ul>\n\n\n\n<p><strong>Las Apuestas Gratis se acreditar\u00e1 dentro de las 24 horas<\/strong> posteriores al momento de cumplir con lo descrito en el paso a paso. Adem\u00e1s, recuerda que no califican los dep\u00f3sitos efectuados mediante los m\u00e9todos <strong>Moneybookers, Paysafe, Neteller o AstroPay One Touch<\/strong>. Y para solicitar la promoci\u00f3n, contar\u00e1n las apuestas realizadas y asentadas dentro de los primeros 30 d\u00edas de hacer abierto tu cuenta. <\/p>\n\n\n\n<p>Si por alguna raz\u00f3n las Apuestas Gratis no se te acreditan en tu cuenta, <strong><a href=\"https:\/\/recor.to\/betfairmx\" target=\"_blank\" rel=\"noreferrer noopener nofollow sponsored\">ingresa a la web de Betfair<\/a> y ponte en contacto con su servicio de atenci\u00f3n al cliente. <\/strong>Visita el Centro de Ayuda de la casa y env\u00eda tu consulta a trav\u00e9s del correo electr\u00f3nico (tiempo promedio de 8 horas en la demora en la respuesta). <strong>Los profesionales de la casa resolver\u00e1n cualquier problema<\/strong> que se te presente y te guiar\u00e1n en lo que necesites. <\/p>\n\n\n\n<h3 class=\"wp-block-heading\"><strong>T\u00e9rminos y condiciones del Bono de Betfair para Apuestas Deportivas<\/strong><\/h3>\n\n\n\n<p>Para completar la informaci\u00f3n sobre este Bono de Betfair para Apuestas Deportivas, <strong>hay que hablar de los t\u00e9rminos y condiciones que debes respetar.<\/strong> Nada exagerado, complejo ni nada por el estilo. Sino \u00edtems simples, que hacen a la mayor\u00eda de las promociones de este tipo. \u00a1S\u00edguenos para que no queden dudas!<\/p>\n\n\n\n<ul class=\"wp-block-list\">\n<li><strong>Las apuestas pueden ser simples o combinadas <\/strong>y deben realizarse en diferentes mercados, siempre con cuota m\u00ednima de 1.50. <\/li>\n\n\n\n<li><strong>Las apuestas del mismo mercado<\/strong> no ser\u00e1n v\u00e1lidas, as\u00ed como las apuestas en las que hayas realizado Cash Out. <\/li>\n\n\n\n<li><strong>Dispones de un total de 30 d\u00edas<\/strong> para hacer uso de las Apuestas Gratis. Pasado dicho lapso de tiempo, caducar\u00e1n si no las utilizaste. <\/li>\n\n\n\n<li><strong>Esta oferta no se puede acumular <\/strong>con ninguna otra y es exclusiva para los usuarios nuevos. <\/li>\n<\/ul>\n\n\n\n<p>Ahora que sabes de qu\u00e9 se trata esta propuesta, solo debes ir tras ella. Y para que puedas poner en contexto y comparar, <strong>te dejamos <em><a href=\"https:\/\/supercuotas.gratis\/mx\/bonos-betfair\/\" target=\"_blank\" rel=\"noreferrer noopener\">Otros Bonos de Betfair en M\u00e9xico.<\/a><\/em> <\/strong>Esta casa, de enorme prestigio, pone a disposici\u00f3n de los usuarios beneficios realmente impresionantes. Y ahora, vamos a repasar su brillante secci\u00f3n de apuestas deportivas donde aprovechar el Bono de Bienvenida. <\/p>\n\n\n\n<h2 class=\"wp-block-heading\"><strong>Apuestas deportivas en Betfair: un men\u00fa completo y generosas cuotas<\/strong><\/h2>\n\n\n\n<p>Las opciones donde aprovechar el Bono de Bienvenida de Betfair para Apuestas Deportivas, son realmente amplias. Desde <strong>los eventos de mayor popularidad y masividad en el mundo<\/strong>, hasta aquellos menos conocidos u orientados a un p\u00fablico m\u00e1s espec\u00edfico. Para que todo quede bien especificado, repasa el listado de disciplinas que te dejamos abajo. <\/p>\n\n\n\n<ul class=\"wp-block-list\">\n<li><strong>F\u00fatbol<\/strong><\/li>\n\n\n\n<li><strong>B\u00e1squet<\/strong><\/li>\n\n\n\n<li><strong>Tenis<\/strong><\/li>\n\n\n\n<li><strong>B\u00e9isbol<\/strong><\/li>\n\n\n\n<li><strong>F\u00fatbol Americano<\/strong><\/li>\n\n\n\n<li><strong>Hockey Sobre Hielo<\/strong><\/li>\n\n\n\n<li><strong>Boxeo<\/strong><\/li>\n\n\n\n<li><strong>F\u00f3rmula 1<\/strong><\/li>\n\n\n\n<li><strong>Ciclismo<\/strong><\/li>\n\n\n\n<li><strong>Artes Marciales Mixtas<\/strong><\/li>\n<\/ul>\n\n\n\n<p>Claro que a los deportes mencionados en el listado, se le a\u00f1aden otros. <strong>Para conocer la totalidad de disciplinas disponibles en M\u00e9xico, <a href=\"https:\/\/recor.to\/betfairmx\" target=\"_blank\" rel=\"noreferrer noopener nofollow sponsored\">ingresa a la web de Betfair.<\/a> <\/strong>Accede a la secci\u00f3n de apuestas deportivas y sobre el costado izquierdo de la pantalla ver\u00e1s una columna con todos los deportes que forman parte del men\u00fa. <\/p>\n\n\n\n<p>Adem\u00e1s de variedad de deportes y del Bono explicado m\u00e1s arriba, <strong>Betfair ofrece formidables cuotas. <\/strong>Lo que significa que, en caso de acierto, obtendr\u00e1s grandes ganancias. Incluso posee la casa<strong> una funci\u00f3n llamada &#8220;Supercuota&#8221;<\/strong>, mediante la cual puedes aumentar la cuota que t\u00fa elijas. Algo que no se ve en otros sitios. <\/p>\n\n\n\n<p>Y si eres de los que aceptan los desaf\u00edos, <strong>te recomendamos los Combipartidos de Betfair.<\/strong> Se trata de combinar todas las selecciones que quieras dentro de un mismo evento. Recuerda que si haces esto, las cuotas se multiplican y en consecuencia el pozo en juego es significativamente m\u00e1s elevado. Eso s\u00ed: para ganar, debes acertar en todas las selecciones. <strong><a href=\"https:\/\/recor.to\/betfairmx\" target=\"_blank\" rel=\"noreferrer noopener nofollow sponsored\">\u00a1Empieza a apostar en Betfair!<\/a><\/strong><\/p>\n\n\n\n<figure class=\"wp-block-image size-large\"><a href=\"https:\/\/recor.to\/betfairmx \" target=\"_blank\" rel=\"noreferrer noopener nofollow sponsored\"><img decoding=\"async\" width=\"1024\" height=\"576\" src=\"https:\/\/supercuotas.gratis\/wp-content\/uploads\/2023\/09\/betfair-bono-deportes-1024x576.jpg\" alt=\"betfair bono deportes\" class=\"wp-image-31314\" srcset=\"https:\/\/supercuotas.gratis\/wp-content\/uploads\/2023\/09\/betfair-bono-deportes-1024x576.jpg 1024w, https:\/\/supercuotas.gratis\/wp-content\/uploads\/2023\/09\/betfair-bono-deportes-300x169.jpg 300w, https:\/\/supercuotas.gratis\/wp-content\/uploads\/2023\/09\/betfair-bono-deportes-768x432.jpg 768w, https:\/\/supercuotas.gratis\/wp-content\/uploads\/2023\/09\/betfair-bono-deportes.jpg 1280w\" sizes=\"(max-width: 1024px) 100vw, 1024px\" \/><\/a><\/figure>\n\n\n\n<h2 class=\"wp-block-heading\"><strong>Otras propuestas de Betfair para M\u00e9xico<\/strong><\/h2>\n\n\n\n<h3 class=\"wp-block-heading\"><strong>Casino y Casino en Vivo<\/strong><\/h3>\n\n\n\n<p>Hasta ahora, solo hablamos de las apuestas deportivas en Betfair. De su Bono de Bienvenida, de las distintas disciplinas disponibles y tambi\u00e9n de las cuotas. Pero tambi\u00e9n, <strong><a href=\"https:\/\/recor.to\/betfairmx\" target=\"_blank\" rel=\"noreferrer noopener nofollow sponsored\">esta casa<\/a> brinda en M\u00e9xico una estupenda oferta de Casino y Casino en Vivo.<\/strong> Por lo que si buscas diversi\u00f3n adem\u00e1s de hacer dinero, te sentir\u00e1s a gusto desde el primer momento. <\/p>\n\n\n\n<p><strong>Nuevos Lanzamientos, Tendencias, Slots Cl\u00e1sicos y Premium Casino<\/strong> son algunas de las categor\u00edas que vas a encontrar en Betfair. Hay un cat\u00e1logo completo y apasionante, para que elijas de acuerdo a lo que m\u00e1s te guste. Opciones de entretenimiento no te faltar\u00e1n en lo absoluto. De eso no hay ninguna duda. <\/p>\n\n\n\n<p>Algunos de los juegos m\u00e1s populares son <strong>Big Bass Splash, Candy Blitz, Gold Hit: Dragon Bonanza, Age of the Gods: God of Storms<\/strong>, Book of Dead, Gates of Olympus y Fishin&#8217; Frenzy The Big Splash. Y por supuesto que tambi\u00e9n hay ofertas para aprovechar en estos y otros juegos de Betfair. Si deseas saber m\u00e1s al respecto, <strong><em><a href=\"https:\/\/supercuotas.gratis\/mx\/betfair-bono-casino-codigos-promocionales\/\" target=\"_blank\" rel=\"noreferrer noopener\">\u00a1Conoce el Bono disponible para Casino!<\/a><\/em><\/strong><\/p>\n\n\n\n<h3 class=\"wp-block-heading\"><strong>Apuesta y Juega desde el celular<\/strong><\/h3>\n\n\n\n<p>Llegamos al final de este art\u00edculo dedicado al Bono de Betfair para Apuestas Deportivas. Pero antes de despedirnos, una \u00faltima cuesti\u00f3n. En esta casa, contar\u00e1s con la posibilidad de hacer pron\u00f3sticos y de disfrutar de tus juegos de casino preferidos a trav\u00e9s del celular. Para ello <strong>solo tienes que descargar la App, disponible tanto para dispositivos Android como iOS. <\/strong><\/p>\n\n\n\n<p>La principal ventaja de tener acceso desde el celular, es que <strong>podr\u00e1s ingresar desde el lugar que sea<\/strong> y en el momento que lo desees. No \u00fanicamente cuando dispongas de una PC a mano. Para apostar en vivo, por ejemplo, esto es vital. Y si no quieres descargar la App, <strong>simplemente utiliza la versi\u00f3n m\u00f3vil de la plataforma. <\/strong><\/p>\n\n\n\n<p>\u00bfQuieres saber m\u00e1s sobre Betfair y su servicio? Entonces <strong>repasa la siguiente <em><a href=\"https:\/\/supercuotas.gratis\/mx\/betfair\/\" target=\"_blank\" rel=\"noreferrer noopener\">Rese\u00f1a Completa.<\/a><\/em><\/strong> Todo est\u00e1 all\u00ed, explicado al detalle. Una de las casas m\u00e1s prestigiosas del mundo. <\/p>\n\n\n\n<figure class=\"wp-block-image size-large\"><a href=\"https:\/\/recor.to\/betfairmx\" target=\"_blank\" rel=\"noreferrer noopener nofollow sponsored\"><img decoding=\"async\" width=\"1024\" height=\"397\" src=\"https:\/\/supercuotas.gratis\/wp-content\/uploads\/2023\/09\/betfair-oferta-apuestas-deportivas-1024x397.png\" alt=\"betfair oferta apuestas deportivas\" class=\"wp-image-31323\" srcset=\"https:\/\/supercuotas.gratis\/wp-content\/uploads\/2023\/09\/betfair-oferta-apuestas-deportivas-1024x397.png 1024w, https:\/\/supercuotas.gratis\/wp-content\/uploads\/2023\/09\/betfair-oferta-apuestas-deportivas-300x116.png 300w, https:\/\/supercuotas.gratis\/wp-content\/uploads\/2023\/09\/betfair-oferta-apuestas-deportivas-768x297.png 768w, https:\/\/supercuotas.gratis\/wp-content\/uploads\/2023\/09\/betfair-oferta-apuestas-deportivas.png 1340w\" sizes=\"(max-width: 1024px) 100vw, 1024px\" \/><\/a><\/figure>\n\n\n\n<h2 class=\"wp-block-heading\"><strong>Preguntas frecuentes sobre el Bono de Betfair para Apuestas Deportivas<\/strong><\/h2>\n\n\n\n<div class=\"wp-block-rank-math-faq-block\"><div class=\"rank-math-faq-item\"><h3 class=\"rank-math-question\">\u00bfQu\u00e9 es Betfair?<\/h3><div class=\"rank-math-answer\"><strong>Una de las casas de apuesta<\/strong> <strong>de mayor prestigio<\/strong> en todo el mundo, M\u00e9xico inclusive. <\/div><\/div><div class=\"rank-math-faq-item\"><h3 class=\"rank-math-question\">\u00bfEn qu\u00e9 consiste el Bono de Betfair para Apuestas Deportivas?<\/h3><div class=\"rank-math-answer\">Es un Bono de Bienvenida que te entrega <strong>hasta 100 USD en Apuestas Gratis. <\/strong><\/div><\/div><div class=\"rank-math-faq-item\"><h3 class=\"rank-math-question\">\u00bfQu\u00e9 debo hacer para obtenerlo?<\/h3><div class=\"rank-math-answer\">S\u00faper simple: tan solo <strong><a href=\"https:\/\/recor.to\/betfairmx\" target=\"_blank\" rel=\"noreferrer noopener nofollow sponsored\">reg\u00edstrate desde M\u00e9xico<\/a> y<\/strong> <strong>realiza 5 apuestas <\/strong>de 5 USD o m\u00e1s, a cuota m\u00ednima de 1.50. <\/div><\/div><div class=\"rank-math-faq-item\"><h3 class=\"rank-math-question\">\u00bfCu\u00e1les son los deportes que Betfair ofrece en M\u00e9xico?<\/h3><div class=\"rank-math-answer\"><strong>F\u00fatbol, B\u00e1squet, Tenis, B\u00e9isbol<\/strong>, F\u00fatbol Americano, Boxeo, F\u00f3rmula 1 y muchos otros. <\/div><\/div><div class=\"rank-math-faq-item\"><h3 class=\"rank-math-question\">\u00bfQu\u00e9 otras ventajas ofrece Betfair a la hora de apostar?<\/h3><div class=\"rank-math-answer\"><strong>Hay una funci\u00f3n de Supercuota<\/strong> para aumentar la cuota que t\u00fa elijas y tambi\u00e9n Combipartido, para combinar todas las selecciones que desees. <\/div><\/div><div class=\"rank-math-faq-item\"><h3 class=\"rank-math-question\">\u00bfQu\u00e9 otros mercados ofrece Betfair en M\u00e9xico?<\/h3><div class=\"rank-math-answer\"><strong>Una espl\u00e9ndida secci\u00f3n de Casino<\/strong> y Casino en Vivo, para que te diviertas mientras haces dinero. <\/div><\/div><div class=\"rank-math-faq-item\"><h3 class=\"rank-math-question\">\u00bfEs posible apostar desde el celular?<\/h3><div class=\"rank-math-answer\"><strong>S\u00ed, por supuesto. <\/strong>Para ello, descarga la App de Betfair. <\/div><\/div><\/div>\n","protected":false},"excerpt":{"rendered":"<p>En Betfair hay un Bono para Apuestas Deportivas que no te puedes perder. Te vamos a contar como solicitar la oferta desde M\u00e9xico, las caracter\u00edsticas de la misma y los t\u00e9rminos y condiciones a respetar. \u00a1Conoce m\u00e1s sobre esta casa! Bono de Betfair para Apuestas Deportivas Para tus apuestas deportivas, Betfair tiene un Bono de &#8230; <a title=\"Betfair Bono Apuestas Deportivas \u00bb \u00a1100 USD de Bienvenida!\" class=\"read-more\" href=\"https:\/\/supercuotas.gratis\/mx\/betfair-bono-apuestas-deportivas-codigos-promocionales\/\" aria-label=\"Leer m\u00e1s sobre Betfair Bono Apuestas Deportivas \u00bb \u00a1100 USD de Bienvenida!\">Read more<\/a><\/p>\n","protected":false},"author":73,"featured_media":0,"parent":0,"menu_order":0,"comment_status":"closed","ping_status":"closed","template":"","meta":{"_uag_custom_page_level_css":"","generate_page_header":"","footnotes":""},"class_list":["post-31293","page","type-page","status-publish"],"uagb_featured_image_src":{"full":false,"thumbnail":false,"medium":false,"medium_large":false,"large":false,"1536x1536":false,"2048x2048":false},"uagb_author_info":{"display_name":"Rodrigo Marquez","author_link":"https:\/\/supercuotas.gratis\/mx\/author\/rodrigo-marquez\/"},"uagb_comment_info":0,"uagb_excerpt":"En Betfair hay un Bono para Apuestas Deportivas que no te puedes perder. Te vamos a contar como solicitar la oferta desde M\u00e9xico, las caracter\u00edsticas de la misma y los t\u00e9rminos y condiciones a respetar. \u00a1Conoce m\u00e1s sobre esta casa! Bono de Betfair para Apuestas Deportivas Para tus apuestas deportivas, Betfair tiene un Bono de&hellip;","_links":{"self":[{"href":"https:\/\/supercuotas.gratis\/mx\/wp-json\/wp\/v2\/pages\/31293","targetHints":{"allow":["GET"]}}],"collection":[{"href":"https:\/\/supercuotas.gratis\/mx\/wp-json\/wp\/v2\/pages"}],"about":[{"href":"https:\/\/supercuotas.gratis\/mx\/wp-json\/wp\/v2\/types\/page"}],"author":[{"embeddable":true,"href":"https:\/\/supercuotas.gratis\/mx\/wp-json\/wp\/v2\/users\/73"}],"replies":[{"embeddable":true,"href":"https:\/\/supercuotas.gratis\/mx\/wp-json\/wp\/v2\/comments?post=31293"}],"version-history":[{"count":1,"href":"https:\/\/supercuotas.gratis\/mx\/wp-json\/wp\/v2\/pages\/31293\/revisions"}],"predecessor-version":[{"id":31332,"href":"https:\/\/supercuotas.gratis\/mx\/wp-json\/wp\/v2\/pages\/31293\/revisions\/31332"}],"wp:attachment":[{"href":"https:\/\/supercuotas.gratis\/mx\/wp-json\/wp\/v2\/media?parent=31293"}],"curies":[{"name":"wp","href":"https:\/\/api.w.org\/{rel}","templated":true}]}}