{"id":30295,"date":"2023-08-14T22:27:51","date_gmt":"2023-08-14T20:27:51","guid":{"rendered":"https:\/\/supercuotas.gratis\/?page_id=30295"},"modified":"2023-08-14T22:27:52","modified_gmt":"2023-08-14T20:27:52","slug":"betfair-bono-casino-codigos-promocionales","status":"publish","type":"page","link":"https:\/\/supercuotas.gratis\/mx\/betfair-bono-casino-codigos-promocionales\/","title":{"rendered":"BETFAIR Bono Casino \u00bb \u00a1$300 de Bienvenida!"},"content":{"rendered":"\n<p>Hoy nos dirigimos a los apasionados jugadores mexicanos que buscan la m\u00e1xima adrenalina en sus apuestas. <strong>Betfair, la plataforma de renombre mundial, ha llegado a M\u00e9xico con una oferta que no podr\u00e1s resistir<\/strong>. En este espacio virtual, encontrar\u00e1s una combinaci\u00f3n perfecta entre apuestas deportivas y juegos de casino, todo a tu alcance.<strong> Y eso no es todo, en esta p\u00e1gina conocer\u00e1s sus fant\u00e1sticas promociones, y haremos especial foco en el Bono para juegos de Casino con que Betfair recibe a sus nuevos usuarios en M\u00e9xico.<\/strong> <a href=\"https:\/\/recor.to\/betfairmx\" rel=\"nofollow noopener sponsored\">\u00a1Reg\u00edstrate en Betfair y aprovecha su Bono para casino!<\/a><\/p>\n\n\n\n<figure class=\"wp-block-image size-large\"><a href=\"https:\/\/recor.to\/betfairmx\" target=\"_blank\" rel=\"noreferrer noopener nofollow sponsored\"><img fetchpriority=\"high\" decoding=\"async\" width=\"1024\" height=\"395\" src=\"https:\/\/supercuotas.gratis\/wp-content\/uploads\/2023\/08\/BETFAIR-bono-casino-1024x395.png\" alt=\"BETFAIR bono casino\" class=\"wp-image-30296\" srcset=\"https:\/\/supercuotas.gratis\/wp-content\/uploads\/2023\/08\/BETFAIR-bono-casino-1024x395.png 1024w, https:\/\/supercuotas.gratis\/wp-content\/uploads\/2023\/08\/BETFAIR-bono-casino-300x116.png 300w, https:\/\/supercuotas.gratis\/wp-content\/uploads\/2023\/08\/BETFAIR-bono-casino-768x296.png 768w, https:\/\/supercuotas.gratis\/wp-content\/uploads\/2023\/08\/BETFAIR-bono-casino.png 1252w\" sizes=\"(max-width: 1024px) 100vw, 1024px\" \/><\/a><\/figure>\n\n\n\n<h2 class=\"wp-block-heading\"><strong>Explorando Betfair: Tu Destino de Apuestas y Juegos en Colombia<\/strong><\/h2>\n\n\n\n<p>Sum\u00e9rgete en el universo de <strong><a href=\"https:\/\/recor.to\/betfairmx\" rel=\"nofollow noopener sponsored\">Betfair, uno de los l\u00edderes globales en Apuestas Deportivas en l\u00ednea<\/a><\/strong>. Desde su inauguraci\u00f3n en el a\u00f1o 2000, Betfair ha redefinido las apuestas con su enfoque innovador. Ahora mismo, veremos los aspectos esenciales que hacen que Betfair se destaque como una elecci\u00f3n inigualable.<\/p>\n\n\n\n<h3 class=\"wp-block-heading\"><strong>Transformando el Juego<\/strong><\/h3>\n\n\n\n<p>Betfair marc\u00f3 un hito en la industria al introducir las <strong>Apuestas Cruzadas (Exchange)<\/strong> en el a\u00f1o 2000, permitiendo a los jugadores establecer sus propias cuotas por primera vez.<\/p>\n\n\n\n<h3 class=\"wp-block-heading\"><strong>Uniendo Fuerzas<\/strong><\/h3>\n\n\n\n<p>En el a\u00f1o 2016, la fusi\u00f3n con <em>Paddy Power<\/em> y en 2018, con <em>FanDuel<\/em> en Estados Unidos, llev\u00f3 a Betfair a ser parte de Flutter Entertainment plc, un conglomerado global con diversas marcas l\u00edderes en m\u00faltiples pa\u00edses, desde el Reino Unido hasta Australia y los Estados Unidos.<\/p>\n\n\n\n<h3 class=\"wp-block-heading\"><strong>Jugando con Responsabilidad<\/strong><\/h3>\n\n\n\n<p>Betfair se compromete a brindar a sus usuarios una experiencia placentera y positiva. <strong>Fundamental para esta misi\u00f3n es otorgar a los jugadores con herramientas que les permitan mantener el control total de sus apuestas. <\/strong>Recuerda, si no te diviertes, no est\u00e1s jugando de la manera correcta.<\/p>\n\n\n\n<h3 class=\"wp-block-heading\"><strong>Control en tus Manos: Herramientas de Juego Responsable<\/strong><\/h3>\n\n\n\n<p>Para apoyar el juego responsable, Betfair promueve los siguientes principios:<\/p>\n\n\n\n<ul class=\"wp-block-list\">\n<li><strong>Apostar de manera moderada<\/strong> y como una forma de entretenimiento.<\/li>\n\n\n\n<li><strong>No considerar las apuestas como un m\u00e9todo para obtener ganancias o escapar de problemas.<\/strong><\/li>\n\n\n\n<li><strong>Evitar intentos de recuperar p\u00e9rdidas.<\/strong><\/li>\n\n\n\n<li>Apostar \u00fanicamente lo que se pueda permitir perder.<\/li>\n\n\n\n<li><strong>Gestionar el tiempo y la cantidad invertida en apuestas.<\/strong><\/li>\n\n\n\n<li>Si es necesario, <strong>considerar la autoexclusi\u00f3n como un descanso<\/strong>.<\/li>\n<\/ul>\n\n\n\n<h3 class=\"wp-block-heading\"><strong>Protecci\u00f3n Garantizada: Privacidad y Seguridad<\/strong><\/h3>\n\n\n\n<p>Betfair pone en primer plano tu privacidad y seguridad en todas sus plataformas, aplicaciones y servicios relacionados. <strong>Tu informaci\u00f3n est\u00e1 protegida por su s\u00f3lida pol\u00edtica de privacidad.<\/strong><\/p>\n\n\n\n<p>Si deseas obtener una rese\u00f1a m\u00e1s detallada sobre esta plataforma de apuestas y casino en l\u00ednea en M\u00e9xico, te invitamos a seguir <a href=\"https:\/\/supercuotas.gratis\/mx\/betfair\/\">este enlace<\/a> para conocer todos los detalles.<\/p>\n\n\n\n<p>A continuaci\u00f3n, te brindaremos informaci\u00f3n detallada sobre otro punto fuerte de la Casa:<a href=\"https:\/\/recor.to\/betfairmx\" rel=\"nofollow noopener sponsored\"> sus Promociones<\/a>. Esta vez, haremos especial hincapi\u00e9 en el Bono de bienvenida de Betfair para su Casino. \u00a1No te lo pierdas!<\/p>\n\n\n\n<h2 class=\"wp-block-heading\"><strong>Exploremos el atractivo Bono de Betfair para el Casino en L\u00ednea<\/strong><\/h2>\n\n\n\n<p>Lleg\u00f3 el momento de adentrarnos en el fascinante mundo del Bono de Betfair, destinado a su emocionante casino en l\u00ednea. Descubre una amplia gama de oportunidades para disfrutar y ganar. Ahora mismo te brindamos todos los detalles:<\/p>\n\n\n\n<h3 class=\"wp-block-heading\"><strong>Bono de Bienvenida &#8211; \u00a1300% hasta $6,000 MXN + 20 Tiradas Gratis!<\/strong><\/h3>\n\n\n\n<ul class=\"wp-block-list\" start=\"3\">\n<li><strong>Gran Oportunidad:<\/strong> Entre los tentadores bonos de Betfair, destaca este incre\u00edble bono para el casino. Para participar, <strong>simplemente deposita un m\u00ednimo de $200 MXN y recibe un 300% de bonificaci\u00f3n<\/strong>. Un dep\u00f3sito de $200 MXN se traduce en un bono de $600 MXN, lo que te permite jugar con un total de $900 MXN. Una de las ofertas m\u00e1s generosas disponibles en la actualidad.<\/li>\n\n\n\n<li><strong>Requisitos de Apuesta:<\/strong> Para retirar las ganancias derivadas del bono, deber\u00e1s apostar <strong>35 veces el valor del bono.<\/strong> Por ejemplo, si recibes $600 MXN de bono, deber\u00e1s apostar un total de $21,000 MXN en juegos de casino. Aseg\u00farate de revisar la tabla de juegos y su contribuci\u00f3n.<\/li>\n<\/ul>\n\n\n\n<h3 class=\"wp-block-heading\"><strong><strong>C\u00f3mo Solicitar tu Bono de Casino:<\/strong><\/strong><\/h3>\n\n\n\n<p>Primero y fundamental, <strong>abre una cuenta en Betfair<\/strong> y selecciona la <a href=\"https:\/\/recor.to\/betfairmx\" rel=\"nofollow noopener sponsored\">opci\u00f3n <strong>&#8220;Solicitar&#8221;<\/strong><\/a>. Luego, <strong>realiza un dep\u00f3sito m\u00ednimo de $200 MXN en tu cuenta<\/strong>. As\u00ed de simple vas a poder disfrutar del<strong> 300% extra<\/strong> hasta un m\u00e1ximo de $6,000 MXN <strong>+ 20 Tiradas Gratis<\/strong>. <\/p>\n\n\n\n<h3 class=\"wp-block-heading\"><strong><strong>Detalles Espec\u00edficos del Bono de Bienvenida: Todos los Juegos<\/strong><\/strong><\/h3>\n\n\n\n<ul class=\"wp-block-list\" start=\"7\">\n<li><strong>Elegibilidad:<\/strong> Esta oferta es v\u00e1lida para nuevos jugadores que nunca han jugado en el Casino de Betfair. Se requiere documentaci\u00f3n y verificaci\u00f3n de la cuenta para participar.<\/li>\n\n\n\n<li><strong>Limitaciones:<\/strong> La promoci\u00f3n est\u00e1 limitada a una cuenta por cliente, hogar, direcci\u00f3n IP, correo electr\u00f3nico, n\u00famero telef\u00f3nico y m\u00e1s. Las billeteras electr\u00f3nicas no son v\u00e1lidas.<\/li>\n\n\n\n<li><strong>Vigencia:<\/strong> La oferta es v\u00e1lida hasta el 31 de diciembre del 2023.<\/li>\n<\/ul>\n\n\n\n<p>Ten cuenta que estas <strong><a href=\"https:\/\/recor.to\/betfairmx\" rel=\"nofollow noopener sponsored\">20 tiradas gratis<\/a><\/strong> son para juegos seleccionados. Adem\u00e1s, esta promoci\u00f3n es completamente gratuita y no requiere dep\u00f3sito. Adem\u00e1s, las ganancias obtenidas son tuyas <strong>sin ning\u00fan requisito de apuesta.<\/strong> Utiliza las Tiradas Gratis en <strong>7 d\u00edas, con ganancias m\u00e1ximas de $400 MXN.<\/strong><\/p>\n\n\n\n<p>Ahora, si eres un apasionado de los deportes y disfrutas apostando en diversos eventos, <a href=\"https:\/\/supercuotas.gratis\/mx\/bonos-betfair\/\"><strong>esta p\u00e1gina <\/strong><\/a>est\u00e1 hecha a medida para ti. Aqu\u00ed encontrar\u00e1s<strong> todos los bonos disponibles en Betfair, no solo para utilizar en los variados juegos de su casino, sino tambi\u00e9n en su emocionante Casa de apuestas deportivas.<\/strong> \u00a1No dudes en visitarla!<\/p>\n\n\n\n<figure class=\"wp-block-image size-large\"><a href=\"https:\/\/recor.to\/betfairmx\" target=\"_blank\" rel=\"noreferrer noopener nofollow sponsored\"><img decoding=\"async\" width=\"1024\" height=\"488\" src=\"https:\/\/supercuotas.gratis\/wp-content\/uploads\/2023\/08\/betfair-oferta-para-casino-1024x488.png\" alt=\"betfair oferta para casino\" class=\"wp-image-30314\" srcset=\"https:\/\/supercuotas.gratis\/wp-content\/uploads\/2023\/08\/betfair-oferta-para-casino-1024x488.png 1024w, https:\/\/supercuotas.gratis\/wp-content\/uploads\/2023\/08\/betfair-oferta-para-casino-300x143.png 300w, https:\/\/supercuotas.gratis\/wp-content\/uploads\/2023\/08\/betfair-oferta-para-casino-768x366.png 768w, https:\/\/supercuotas.gratis\/wp-content\/uploads\/2023\/08\/betfair-oferta-para-casino.png 1160w\" sizes=\"(max-width: 1024px) 100vw, 1024px\" \/><\/a><\/figure>\n\n\n\n<h2 class=\"wp-block-heading\"><strong>Registrarse para obtener el bono para Casino de Betfair<\/strong><\/h2>\n\n\n\n<p>Abrir una cuenta en <strong>Betfair<\/strong> es el primer paso emocionante para sumergirse en una amplia gama de entretenimientos y aprovechar al m\u00e1ximo sus beneficios exclusivos, como por ejemplo, el espectacular bono de Betfair para utilizar en sus juegos de Casino. A continuaci\u00f3n, te presentamos una gu\u00eda detallada para el proceso de registro:<\/p>\n\n\n\n<ol class=\"wp-block-list\">\n<li><strong>Ubica el Bot\u00f3n de Registro:<\/strong> En la p\u00e1gina de inicio de <strong>Betfair<\/strong>, localiza el <strong>bot\u00f3n gris que dice <a href=\"https:\/\/recor.to\/betfairmx\" rel=\"nofollow noopener sponsored\">&#8220;Reg\u00edstrate&#8221;<\/a><\/strong> y selecci\u00f3nalo para iniciar el proceso de creaci\u00f3n de cuenta.<\/li>\n\n\n\n<li><strong>Completa tus Datos Personales:<\/strong> Una vez que hagas clic en el bot\u00f3n de registro, aparecer\u00e1 una ventana emergente con el <strong>Formulario de Datos<\/strong>. En la primera secci\u00f3n, proporciona tu<strong> nombre<\/strong> y <strong>apellido<\/strong>, selecciona tu<strong> pa\u00eds<\/strong> (predeterminado como M\u00e9xico), ingresa tu<strong> direcci\u00f3n y n\u00famero de tel\u00e9fono.<\/strong><\/li>\n\n\n\n<li><strong>Ingresa Detalles de la Cuenta:<\/strong> Avanza a la secci\u00f3n de detalles de la cuenta. Introduce tu <strong>direcci\u00f3n de correo electr\u00f3nico <\/strong>y establece una <strong>contrase\u00f1a<\/strong> segura. Tambi\u00e9n elige una <strong>pregunta de seguridad y suministra una respuesta<\/strong>, como el nombre de un familiar o el de tu primera mascota.<\/li>\n\n\n\n<li><strong>Selecciona tu Moneda y Establece L\u00edmites:<\/strong> Escoge la moneda que deseas utilizar para tus transacciones, siendo el <strong>peso mexicano (MXN)<\/strong> una opci\u00f3n conveniente. Si lo prefieres, fija un <strong>l\u00edmite de dep\u00f3sito<\/strong> para promover un juego responsable.<\/li>\n\n\n\n<li><strong>Agrega un C\u00f3digo Promocional (Opcional):<\/strong> Si posees un c\u00f3digo promocional, introd\u00facelo en el espacio correspondiente para aprovechar ofertas especiales.<\/li>\n\n\n\n<li><strong>Acepta T\u00e9rminos y Condiciones:<\/strong> Antes de finalizar, aseg\u00farate de leer atentamente los t\u00e9rminos y condiciones de <strong>Betfair<\/strong>. Una vez est\u00e9s de acuerdo, marca la casilla para confirmar tu aceptaci\u00f3n.<\/li>\n\n\n\n<li><strong>Completando el Registro:<\/strong> Con todos los campos completados y los t\u00e9rminos aceptados, <strong>pulsa el <a href=\"https:\/\/recor.to\/betfairmx\" rel=\"nofollow noopener sponsored\">bot\u00f3n amarillo &#8220;Registrarse&#8221;<\/a> para finalizar el proceso.<\/strong><\/li>\n<\/ol>\n\n\n\n<p>Con estos pasos sencillos, habr\u00e1s creado tu cuenta en <strong>Betfair<\/strong> y estar\u00e1s listo para explorar su emocionante oferta de entretenimiento, as\u00ed como disfrutar de su bono de bienvenida exclusiva para el Casino. <\/p>\n\n\n\n<h2 class=\"wp-block-heading\"><strong>Quiero hacer un Dep\u00f3sito y acceder a mi bono para el Casino de Betfair<\/strong><\/h2>\n\n\n\n<p>Empezar a disfrutar de las emociones de las apuestas en Betfair y aprovechar sus beneficios, como su exclusivo bono de Casino para jugadores mexicanos, comienza con un paso esencial: <strong>aprender a hacer un dep\u00f3sito de dinero.<\/strong><\/p>\n\n\n\n<p>Para depositar fondos en Betfair, los jugadores de M\u00e9xico pueden seguir estos pasos sencillos y r\u00e1pidos:<\/p>\n\n\n\n<p><strong>1. Inicia sesi\u00f3n<\/strong> en tu cuenta (\u00a1Entendemos que ya est\u00e1s registrado!) y busca en la parte superior derecha el bot\u00f3n <a href=\"https:\/\/recor.to\/betfairmx\" rel=\"nofollow noopener sponsored\">&#8220;<strong>Recargar&#8221;<\/strong><\/a>.<\/p>\n\n\n\n<p><strong>2. Indica el monto<\/strong> que deseas depositar y <strong>selecciona el m\u00e9todo de pago preferido<\/strong>.<\/p>\n\n\n\n<p><strong>3. Contin\u00faa presionando<\/strong> el bot\u00f3n<strong> &#8220;Recargar&#8221;<\/strong> y luego confirma la operaci\u00f3n al hacer clic en &#8220;<strong>Confirmar Transacci\u00f3n&#8221;.<\/strong><\/p>\n\n\n\n<p><strong>4. Completa el Formulario<\/strong> con los detalles de tu m\u00e9todo de pago y, por \u00faltimo, <strong>selecciona el <a href=\"https:\/\/recor.to\/betfairmx\" rel=\"nofollow noopener sponsored\">bot\u00f3n &#8220;Depositar&#8221;<\/a><\/strong><\/p>\n\n\n\n<p>\u00a1Listo! Ahora est\u00e1s listo para sumergirte en las maravillas que ofrece esta excepcional plataforma. <\/p>\n\n\n\n<figure class=\"wp-block-image size-large\"><a href=\"https:\/\/recor.to\/betfairmx\" target=\"_blank\" rel=\"noreferrer noopener nofollow sponsored\"><img decoding=\"async\" width=\"1024\" height=\"428\" src=\"https:\/\/supercuotas.gratis\/wp-content\/uploads\/2023\/08\/betfair-casino-mexico-1024x428.png\" alt=\"BETFAIR casino mexico\" class=\"wp-image-30305\" srcset=\"https:\/\/supercuotas.gratis\/wp-content\/uploads\/2023\/08\/betfair-casino-mexico-1024x428.png 1024w, https:\/\/supercuotas.gratis\/wp-content\/uploads\/2023\/08\/betfair-casino-mexico-300x126.png 300w, https:\/\/supercuotas.gratis\/wp-content\/uploads\/2023\/08\/betfair-casino-mexico-768x321.png 768w, https:\/\/supercuotas.gratis\/wp-content\/uploads\/2023\/08\/betfair-casino-mexico.png 1195w\" sizes=\"(max-width: 1024px) 100vw, 1024px\" \/><\/a><\/figure>\n\n\n<p>[ratings]<\/p>\n\n\n\n<h2 class=\"wp-block-heading\"><strong>Preguntas frecuentes sobre el Bono para Casino que ofrece Betfair en M\u00e9xico<\/strong><\/h2>\n\n\n\n<div class=\"wp-block-rank-math-faq-block\"><div class=\"rank-math-faq-item\"><h3 class=\"rank-math-question\">\u00bfQu\u00e9 es betfair en M\u00e9xico?<\/h3><div class=\"rank-math-answer\">Betfair es ampliamente reconocido como un  <a href=\"https:\/\/recor.to\/betfairmx\" rel=\"nofollow noopener sponsored\">Sal\u00f3n de Casino y Casa de Apuestas Deportivas<\/a>, que se destaca a nivel global por su innovaci\u00f3n. Su oferta incluye una selecci\u00f3n excepcional de juegos de Casino Online que satisfacen a los jugadores m\u00e1s exigentes.<\/div><\/div><div class=\"rank-math-faq-item\"><h3 class=\"rank-math-question\">\u00bfEs seguro jugar en M\u00e9xico en esta plataforma?<\/h3><div class=\"rank-math-answer\">Betfair opera bajo todas las autorizaciones legales necesarias para ofrecer Juegos de Azar online y posee todas las licencias requeridas por la ley, lo que garantiza una experiencia de juego confiable y protegida.<\/div><\/div><div class=\"rank-math-faq-item\"><h3 class=\"rank-math-question\">\u00bfHay alg\u00fan Bono de bienvenida para jugar en el casino de Betfair?<\/h3><div class=\"rank-math-answer\">\u00a1Si! Y lo emocionante es que te aguardan beneficios excepcionales. Imagina poder triplicar tus fondos al realizar tu primer dep\u00f3sito. <\/div><\/div><div class=\"rank-math-faq-item\"><h3 class=\"rank-math-question\">\u00bfY qu\u00e9 debo hacer para obtener el bono para los juegos de Betfair?<\/h3><div class=\"rank-math-answer\">Debes <a href=\"https:\/\/recor.to\/betfairmx\" rel=\"nofollow noopener sponsored\">abrir una cuenta<\/a> en Betfair, y luego realizar un dep\u00f3sito de dinero para activar tu bono. As\u00ed de sencillo.<\/div><\/div><div class=\"rank-math-faq-item\"><h3 class=\"rank-math-question\">\u00bfEs f\u00e1cil registrarse?<\/h3><div class=\"rank-math-answer\">Es f\u00e1cil y gratuito. Accede a su <a href=\"https:\/\/recor.to\/betfairmx\" rel=\"nofollow noopener sponsored\">P\u00e1gina Web<\/a>, haz click en el bot\u00f3n gris de &#8220;Reg\u00edstrate&#8221; y sigue las instrucciones.<\/div><\/div><div class=\"rank-math-faq-item\"><h3 class=\"rank-math-question\">\u00bfC\u00f3mo soluciono un problema en el Sitio Web de Betfair?<\/h3><div class=\"rank-math-answer\">La soluci\u00f3n est\u00e1 a un paso. Accede al Centro de Ayuda, donde te espera un <a href=\"https:\/\/recor.to\/betfairmx\" rel=\"nofollow noopener sponsored\">Chat en Vivo <\/a>con expertos listos para brindarte asistencia inmediata y resolver cualquier inconveniente que puedas tener.<\/div><\/div><\/div>\n","protected":false},"excerpt":{"rendered":"<p>Hoy nos dirigimos a los apasionados jugadores mexicanos que buscan la m\u00e1xima adrenalina en sus apuestas. Betfair, la plataforma de renombre mundial, ha llegado a M\u00e9xico con una oferta que no podr\u00e1s resistir. En este espacio virtual, encontrar\u00e1s una combinaci\u00f3n perfecta entre apuestas deportivas y juegos de casino, todo a tu alcance. Y eso no &#8230; <a title=\"BETFAIR Bono Casino \u00bb \u00a1$300 de Bienvenida!\" class=\"read-more\" href=\"https:\/\/supercuotas.gratis\/mx\/betfair-bono-casino-codigos-promocionales\/\" aria-label=\"Leer m\u00e1s sobre BETFAIR Bono Casino \u00bb \u00a1$300 de Bienvenida!\">Read more<\/a><\/p>\n","protected":false},"author":1,"featured_media":0,"parent":0,"menu_order":0,"comment_status":"closed","ping_status":"closed","template":"","meta":{"_uag_custom_page_level_css":"","generate_page_header":"","footnotes":""},"class_list":["post-30295","page","type-page","status-publish"],"uagb_featured_image_src":{"full":false,"thumbnail":false,"medium":false,"medium_large":false,"large":false,"1536x1536":false,"2048x2048":false},"uagb_author_info":{"display_name":"admin","author_link":"https:\/\/supercuotas.gratis\/mx\/author\/admin\/"},"uagb_comment_info":0,"uagb_excerpt":"Hoy nos dirigimos a los apasionados jugadores mexicanos que buscan la m\u00e1xima adrenalina en sus apuestas. Betfair, la plataforma de renombre mundial, ha llegado a M\u00e9xico con una oferta que no podr\u00e1s resistir. En este espacio virtual, encontrar\u00e1s una combinaci\u00f3n perfecta entre apuestas deportivas y juegos de casino, todo a tu alcance. Y eso no&hellip;","_links":{"self":[{"href":"https:\/\/supercuotas.gratis\/mx\/wp-json\/wp\/v2\/pages\/30295","targetHints":{"allow":["GET"]}}],"collection":[{"href":"https:\/\/supercuotas.gratis\/mx\/wp-json\/wp\/v2\/pages"}],"about":[{"href":"https:\/\/supercuotas.gratis\/mx\/wp-json\/wp\/v2\/types\/page"}],"author":[{"embeddable":true,"href":"https:\/\/supercuotas.gratis\/mx\/wp-json\/wp\/v2\/users\/1"}],"replies":[{"embeddable":true,"href":"https:\/\/supercuotas.gratis\/mx\/wp-json\/wp\/v2\/comments?post=30295"}],"version-history":[{"count":3,"href":"https:\/\/supercuotas.gratis\/mx\/wp-json\/wp\/v2\/pages\/30295\/revisions"}],"predecessor-version":[{"id":30334,"href":"https:\/\/supercuotas.gratis\/mx\/wp-json\/wp\/v2\/pages\/30295\/revisions\/30334"}],"wp:attachment":[{"href":"https:\/\/supercuotas.gratis\/mx\/wp-json\/wp\/v2\/media?parent=30295"}],"curies":[{"name":"wp","href":"https:\/\/api.w.org\/{rel}","templated":true}]}}