{"id":29785,"date":"2023-07-03T18:10:03","date_gmt":"2023-07-03T16:10:03","guid":{"rendered":"https:\/\/supercuotas.gratis\/?page_id=29785"},"modified":"2023-07-03T18:10:05","modified_gmt":"2023-07-03T16:10:05","slug":"caliente-bono-casino-en-directo-en-vivo-mexico","status":"publish","type":"page","link":"https:\/\/supercuotas.gratis\/mx\/caliente-bono-casino-en-directo-en-vivo-mexico\/","title":{"rendered":"Caliente Bono Casino en VIVO \u00bb \u00a1Ofertas para LIVE!"},"content":{"rendered":"\n<p>Si eres un verdadero fan\u00e1tico de los juegos de apuestas y azar,<a href=\"https:\/\/recor.to\/calientemx\" target=\"_blank\" rel=\"noreferrer noopener nofollow sponsored\">\u00a0<strong>CALIENTE\u00a0<\/strong>es el sitio que estabas esperando!<\/a>\u00a0Esta casa se especializa en las apuestas deportivas y los juegos de casino online y posee una fabulosa sala de casino en vivo donde podr\u00e1s jugar y apostar desde la comodidad de tu hogar. Y para hacerlo m\u00e1s atractivo a\u00fan,<strong>\u00a0esta plataforma ofrece a sus jugadores una gran cantidad de bonos y promociones\u00a0<\/strong>y aqu\u00ed te vamos a estar contando toda la informaci\u00f3n necesaria para que puedas disfrutar de estos beneficios.\u00a0<strong>CALIENTE\u00a0<\/strong>bono casino en vivo, aprovecha estas incre\u00edbles promociones y no pares de ganar!<\/p>\n\n\n\n<figure class=\"wp-block-image size-large\"><a href=\"https:\/\/recor.to\/calientemx\" target=\"_blank\" rel=\"noreferrer noopener nofollow sponsored\"><img fetchpriority=\"high\" decoding=\"async\" width=\"1024\" height=\"485\" src=\"https:\/\/supercuotas.gratis\/wp-content\/uploads\/2023\/07\/CALIENTE-bono-casino-en-vivo-1-1024x485.png\" alt=\"CALIENTE bono casino en vivo\" class=\"wp-image-29786\" srcset=\"https:\/\/supercuotas.gratis\/wp-content\/uploads\/2023\/07\/CALIENTE-bono-casino-en-vivo-1-1024x485.png 1024w, https:\/\/supercuotas.gratis\/wp-content\/uploads\/2023\/07\/CALIENTE-bono-casino-en-vivo-1-300x142.png 300w, https:\/\/supercuotas.gratis\/wp-content\/uploads\/2023\/07\/CALIENTE-bono-casino-en-vivo-1-768x363.png 768w, https:\/\/supercuotas.gratis\/wp-content\/uploads\/2023\/07\/CALIENTE-bono-casino-en-vivo-1.png 1342w\" sizes=\"(max-width: 1024px) 100vw, 1024px\" \/><\/a><\/figure>\n\n\n\n<h2 class=\"wp-block-heading\">Todo sobre los bonos para casino en vivo de CALIENTE<\/h2>\n\n\n\n<p>Sabemos que estas ansioso por enterarte de estos incre\u00edbles beneficios que\u00a0<strong>CALIENTE<\/strong>\u00a0pone a disposici\u00f3n de todos sus jugadores, pero antes queremos contarte un poco de<a href=\"https:\/\/recor.to\/calientemx\" target=\"_blank\" rel=\"noreferrer noopener nofollow sponsored\">\u00a0este casino de gran trayectoria en M\u00e9xico<\/a>.\u00a0<strong>CALIENTE es una reconocida empresa 100% mexicana dedicada a la industria del entretenimiento<\/strong>. Esta compa\u00f1\u00eda cuenta con el respaldo de\u00a0<strong>m\u00e1s de 100 a\u00f1os de trayectoria<\/strong>, ofreciendo casinos con modernas terminales de juegos electr\u00f3nicos, salas de bingo, apuestas deportivas y carreras de galgos y caballos.<\/p>\n\n\n\n<p>Gracias a su filosof\u00eda de continua reinversi\u00f3n de capital, al uso de tecnolog\u00eda de punta y a sus estrictos protocolos de seguridad,\u00a0<strong>CALIENTE<\/strong>\u00a0se ha consolidado como<strong>\u00a0l\u00edder mundial en lo que a industria del entretenimiento del juego se refiere<\/strong>. Es por eso que ha logrado expandir sus horizontes para hacerse presente, no solamente en\u00a0<strong>M\u00e9xico<\/strong>, sino tambi\u00e9n en\u00a0<strong>m\u00e1s de 15 pa\u00edses de Am\u00e9rica Latina y Europa<\/strong>.<\/p>\n\n\n\n<p>Tambi\u00e9n es importante destacar que esta empresa es\u00a0<strong>operada por Tecnolog\u00eda en Entretenimiento Caliplay<\/strong>, una compa\u00f1\u00eda registrada en M\u00e9xico, autorizada y regulada por la Secretar\u00eda de Gobernaci\u00f3n, Direcci\u00f3n de Juegos y Sorteos (SEGOB DGG\/SP\/404\/97). Todo esto le da un\u00a0<strong>marco legal y de total confiabilidad a esta empresa<\/strong>. Puedes obtener<a href=\"https:\/\/supercuotas.gratis\/mx\/caliente\/\" target=\"_blank\" rel=\"noreferrer noopener\">\u00a0m\u00e1s informaci\u00f3n acerca de todo lo referido\u00a0<strong>CALIENTE\u00a0<\/strong>ingresando en este otro art\u00edculo especialmente pensado para ti.<\/a><\/p>\n\n\n\n<h3 class=\"wp-block-heading\">CALIENTE bono casino en vivo: BLACKJACK DE LA SUERTE<\/h3>\n\n\n\n<p>Ahora si, no perdamos m\u00e1s el tiempo y vayamos directamente a lo que nos interesa sobre\u00a0<strong>CALIENTE bono casino en vivo<\/strong>. En primer lugar te vamos a contar sobre esta fabulosa promoci\u00f3n que\u00a0<strong>CALIENTE<\/strong>\u00a0tiene para ti, y donde deber\u00e1s encontrar la<strong>\u00a0Carta de la Suerte jugando en las Mesas de Blackjack<\/strong>. Recuerda que esta promoci\u00f3n es v\u00e1lida en las\u00a0<a href=\"https:\/\/recor.to\/calientemx\" target=\"_blank\" rel=\"noreferrer noopener nofollow sponsored\">Mesas Exclusivas de Casino en Vivo de\u00a0<strong>CALIENTE<\/strong><\/a>. \u00bfC\u00f3mo tienes que hacer para obtenerla? Enseguida de lo contamos!<\/p>\n\n\n\n<p>En primer lugar, tienes que saber que vas a poder disfrutar de esta promoci\u00f3n\u00a0<strong>todos los Mi\u00e9rcoles y Viernes<\/strong>\u00a0en la exclusiva mesa\u00a0<strong>Premium Blackjack y Caliente Blackjack entre las 11pm y las 03am (hora de la Ciudad de M\u00e9xico)<\/strong>. De esta manera vas a poder obtener un fabuloso bono al instante, siempre y\u00a0<strong>cuando logres conseguir una de las Cartas Especiales!<\/strong><\/p>\n\n\n\n<p>Ten en cuenta que es fundamental para poder obtener este beneficio, que te encuentres en uno de los\u00a0<strong>Asientos de la Mesa<\/strong>. Por lo tanto, una vez que hayas\u00a0<a href=\"https:\/\/recor.to\/calientemx\" target=\"_blank\" rel=\"noreferrer noopener nofollow sponsored\">iniciado sesi\u00f3n en tu cuenta de\u00a0<strong>CALIENTE<\/strong><\/a>\u00a0y hayas ingresado en el exclusivo\u00a0<strong>Premium Blackjack en vivo o en Caliente Blackjack<\/strong>\u00a0en cualquiera de los d\u00edas y horarios que participan de la promoci\u00f3n,\u00a0<strong>deber\u00e1s tomar un asiento en la mesa.<\/strong><\/p>\n\n\n\n<p>Por otro lado, tambi\u00e9n es importante saber que\u00a0<strong>un m\u00e1ximo de 4 Cartas Especiales van a ser otorgadas a los jugadores cada d\u00eda<\/strong>\u00a0durante el per\u00edodo promocional. El valor de los bonos depender\u00e1 del tipo de Carta Especial obtenida:<\/p>\n\n\n\n<ul class=\"wp-block-list\">\n<li>Las\u00a0<strong>Cartas Doradas<\/strong>\u00a0otorgan un bono de MXN\u00a0<strong>$200<\/strong><\/li>\n\n\n\n<li>La\u00a0<strong>Carta Roja<\/strong>\u00a0otorga un bono de MXN\u00a0<strong>$400<\/strong><\/li>\n\n\n\n<li>Si el\u00a0<strong>Dealer obtiene cualquiera de estas Cartas Especiales<\/strong>,\u00a0<strong>todos los jugadores en los Asientos de la Mesa reciben un bono de MXN $400<\/strong><\/li>\n<\/ul>\n\n\n\n<h3 class=\"wp-block-heading\">CALIENTE bono casino en vivo: DOBLE 0 DE LA SUERTE<\/h3>\n\n\n\n<p>Otra de las fabulosas promociones que este casino tiene para ti es el\u00a0<strong>imperdible Doble 0 de la Suerte!\u00a0<\/strong>Esta es una de las promociones favoritas de todos los jugadores y vas a poder obtenerla jugando en la\u00a0<strong>Exclusiva Mesa de Ruleta en Vivo de CALIENTE<\/strong>. Esta promoci\u00f3n estar\u00e1 vigente<strong>\u00a0todos los jueves entre las 11pm y las 03am\u00a0<\/strong>(hora de la Ciudad de M\u00e9xico). \u00bfC\u00f3mo funciona esta promoci\u00f3n?\u00a0<strong>Cada vez que resulte ganador el Doble 0, obtendr\u00e1s un incre\u00edble bono sin importar el resultado de tu apuesta.<\/strong>\u00a0Para poder acceder a este beneficio deber\u00e1s\u00a0<a href=\"https:\/\/recor.to\/calientemx\" target=\"_blank\" rel=\"noreferrer noopener nofollow sponsored\">ingresar en tu cuenta de\u00a0<strong>CALIENTE<\/strong>\u00a0y darle clic al bot\u00f3n de<strong>\u00a0INSCRIBIRSE AHORA<\/strong><\/a><strong>.<\/strong><\/p>\n\n\n\n<p>Ten en cuenta que hay algunas consideraciones importantes a tener en cuenta a la hora de obtener este bono. Para poder obtener esta promoci\u00f3n\u00a0<strong>debes realizar una apuesta de, al menos, MXN $100\u00a0<\/strong>\u00fanicamente en la Ruleta en Vivo exclusiva de\u00a0<strong>CALIENTE<\/strong>. Por otro lado, s\u00f3lo vas a poder obtener un \u00fanico bono por dep\u00f3sito y hasta un total de 7 bonos durante la duraci\u00f3n de esta promoci\u00f3n. Si quieres saber m\u00e1s sobre los t\u00e9rminos y condiciones que aplican a \u00e9sta y a todas la promociones de<strong>\u00a0CALIENTE<\/strong>,\u00a0<a href=\"https:\/\/recor.to\/calientemx\" target=\"_blank\" rel=\"noreferrer noopener nofollow sponsored\">puedes ingresar directamente en la p\u00e1gina principal de este casino<\/a>.<\/p>\n\n\n\n<p><strong>CALIENTE<\/strong>\u00a0tiene, adem\u00e1s, otros bonos y promociones para casino. Te puedes enterar de todos ellos en este\u00a0<a href=\"https:\/\/supercuotas.gratis\/mx\/caliente-nuevo-bono-casino-especial-mexico\/\" target=\"_blank\" rel=\"noreferrer noopener\">otro art\u00edculo que\u00a0<em>Supercuotas.gratis\u00a0<\/em>tiene preparado para ti<\/a>.<\/p>\n\n\n\n<figure class=\"wp-block-image size-full is-resized\"><a href=\"https:\/\/recor.to\/calientemx\" target=\"_blank\" rel=\"noreferrer noopener nofollow sponsored\"><img decoding=\"async\" src=\"https:\/\/supercuotas.gratis\/wp-content\/uploads\/2023\/07\/caliente-bono-live-casino-1.jpg\" alt=\"caliente bono live casino\" class=\"wp-image-29805\" width=\"1062\" height=\"708\" srcset=\"https:\/\/supercuotas.gratis\/wp-content\/uploads\/2023\/07\/caliente-bono-live-casino-1.jpg 750w, https:\/\/supercuotas.gratis\/wp-content\/uploads\/2023\/07\/caliente-bono-live-casino-1-300x200.jpg 300w\" sizes=\"(max-width: 1062px) 100vw, 1062px\" \/><\/a><\/figure>\n\n\n\n<h2 class=\"wp-block-heading\">Bonos de Bienvenida en CALIENTE<\/h2>\n\n\n\n<p>Es inmejorable la cantidad de beneficios que este casino pone a disposici\u00f3n de todos sus jugadores. Ya te hemos contado todo sobre\u00a0<strong>CALIENTE\u00a0<\/strong>bono casino en vivo, pero adem\u00e1s esta casa tiene otras promociones diarias. Entre ellas puedes encontrar:\u00a0<strong>El bono del Super Lunes, hasta 60 Giros Gratis los Martes, Fiesta los Mi\u00e9rcoles y Viernes, Rojo o Negro todos los Jueves, Diez perfecto todos los S\u00e1bados y Domingos.<a href=\"https:\/\/recor.to\/calientemx\" target=\"_blank\" rel=\"noreferrer noopener nofollow sponsored\">\u00a0<\/a><\/strong><a href=\"https:\/\/recor.to\/calientemx\" target=\"_blank\" rel=\"noreferrer noopener nofollow sponsored\">Ingresa directamente al sitio web de\u00a0<strong>CALIENTE<\/strong>\u00a0para enterarte al detalle de todas estas promociones<\/a>.<\/p>\n\n\n\n<p>Pero adem\u00e1s, este casino ofrece\u00a0<strong>2 magn\u00edficos bonos de bienvenida<\/strong>, exclusivos para todas aquellas personas que se registren y abran una cuenta en este sitio\u00a0<strong>por primera vez!<\/strong>\u00a0<strong>Registrarse en CALIENTE es un proceso muy simple<\/strong>\u00a0y podr\u00e1s realizarlo r\u00e1pidamente. Una vez que hayas\u00a0<a href=\"https:\/\/recor.to\/calientemx\" target=\"_blank\" rel=\"noreferrer noopener nofollow sponsored\">ingresado en la p\u00e1gina principal<\/a>\u00a0de\u00a0<strong>CALIENTE<\/strong>, debes darle clic al bot\u00f3n de registro. Luego completar\u00e1s los datos que te sean solicitados y cuando aceptes los t\u00e9rminos y condiciones ya tendr\u00e1s tu cuenta lista para empezar a disfrutar de todos estos beneficios.<\/p>\n\n\n\n<h3 class=\"wp-block-heading\">MXN $1000 de Regalo Sin Dep\u00f3sito!<\/h3>\n\n\n\n<p>Aunque te parezca incre\u00edble y para que todos comiencen ganando, esta casa le regala a todos sus nuevos usuarios\u00a0<strong>MXN $1000 en apuestas Gratis sin dep\u00f3sito al registrarse<\/strong>. Todos los reci\u00e9n llegados podr\u00e1n obtener este estupendo beneficio, y lo podr\u00e1n usar para jugar en las m\u00e1quinas tragamonedas y en los juegos de mesa m\u00e1s populares. Y lo mejor de todo es que no hace falta hacer un dep\u00f3sito para recibirlo! Simplemente deber\u00e1s verificar tu cuenta en<strong>\u00a0CALIENTE<\/strong>\u00a0a trav\u00e9s de un SMS y luego recibir\u00e1s la\u00a0<strong>bonificaci\u00f3n gratis de MXN $1000<\/strong>.<\/p>\n\n\n\n<p>Este bono tiene una\u00a0<strong>duraci\u00f3n de 30 d\u00edas\u00a0<\/strong>luego de haber sido emitido, as\u00ed que no pierdas tu tiempo! Por otro lado debes cumplir con un\u00a0<strong>requisito de apuesta de 50 veces el valor del bono<\/strong>. Este bono lo vas a poder disfrutar en una gran cantidad de juegos: Blackjack Cl\u00e1sico o En Vivo, Ruleta En Vivo y much\u00edsimas m\u00e1quinas tragamonedas. No esperes m\u00e1s,<a href=\"https:\/\/recor.to\/calientemx\" target=\"_blank\" rel=\"noreferrer noopener nofollow sponsored\">\u00a0ingresa en la p\u00e1gina de este casino y comienza a jugar!<\/a><\/p>\n\n\n\n<h3 class=\"wp-block-heading\">Hasta MXN $5000 en tu Primer Dep\u00f3sito<\/h3>\n\n\n\n<p><strong>CALIENTE<\/strong>\u00a0quiere que comiences tu experiencia jugando en su sitio de la mejor manera posible, es por eso que,\u00a0<a href=\"https:\/\/recor.to\/calientemx\" target=\"_blank\" rel=\"noreferrer noopener nofollow sponsored\">una vez te hayas registrado en esta plataforma<\/a>, ser\u00e1s candidato a obtener esta enorme\u00a0<strong>bonificaci\u00f3n de bienvenida de hasta MXN $5000.<\/strong>\u00a0Para obtener este incre\u00edble beneficio solo tienes que realizar un\u00a0<strong>primer dep\u00f3sito de, al menos, MXN $200<\/strong>. Dicha bonificaci\u00f3n tiene\u00a0<strong>4 niveles:<\/strong><\/p>\n\n\n\n<ul class=\"wp-block-list\">\n<li><strong>B\u00e1sica<\/strong>: recibes una bonificaci\u00f3n del\u00a0<strong>50%<\/strong>\u00a0al realizar un dep\u00f3sito de entre MXN $200 y MXN $999<\/li>\n\n\n\n<li><strong>Plus<\/strong>: recibes una bonificaci\u00f3n del\u00a0<strong>100%<\/strong>\u00a0al realizar un dep\u00f3sito de entre MXN $1000 y MXN $2499<\/li>\n\n\n\n<li><strong>Premium<\/strong>: recibes una bonificaci\u00f3n del\u00a0<strong>150%<\/strong>\u00a0hasta MXN $5000 al realizar un dep\u00f3sito de MXN $2500 o m\u00e1s.<\/li>\n\n\n\n<li><strong>VIP<\/strong>: recibes una bonificaci\u00f3n de\u00a0<strong>MXN $20000 y un pase de 14 d\u00edas para el exclusivo Club VIP Caliente<\/strong>\u00a0al realizar un dep\u00f3sito de MXN $20000 o m\u00e1s.<\/li>\n<\/ul>\n\n\n\n<p>No puedes dejar pasar esta oportunidad.\u00a0<a href=\"https:\/\/recor.to\/calientemx\" target=\"_blank\" rel=\"noreferrer noopener nofollow sponsored\">Reg\u00edstrate en<strong>\u00a0CALIENTE\u00a0<\/strong>y empieza a ganar!<\/a><\/p>\n\n\n\n<p><strong>CALIENTE\u00a0<\/strong>tambi\u00e9n ofrece a sus jugadores bonos para usar en su secci\u00f3n de apuestas.\u00a0<a href=\"https:\/\/supercuotas.gratis\/mx\/bonos-caliente\/\" target=\"_blank\" rel=\"noreferrer noopener\">Aqu\u00ed de dejamos otro art\u00edculo donde podr\u00e1s obtener m\u00e1s informaci\u00f3n.<\/a><\/p>\n\n\n\n<figure class=\"wp-block-image size-full is-resized\"><img decoding=\"async\" src=\"https:\/\/supercuotas.gratis\/wp-content\/uploads\/2023\/07\/caliente-oferta-casino-en-vivo-1.jpg\" alt=\" caliente oferta casino en vivo\" class=\"wp-image-29814\" width=\"1061\" height=\"847\" srcset=\"https:\/\/supercuotas.gratis\/wp-content\/uploads\/2023\/07\/caliente-oferta-casino-en-vivo-1.jpg 693w, https:\/\/supercuotas.gratis\/wp-content\/uploads\/2023\/07\/caliente-oferta-casino-en-vivo-1-300x239.jpg 300w\" sizes=\"(max-width: 1061px) 100vw, 1061px\" \/><\/figure>\n\n\n<p>[ratings]<\/p>\n\n\n\n<h2 class=\"wp-block-heading\">Preguntas Frecuentes sobre Casino CALIENTE<\/h2>\n\n\n\n<div class=\"wp-block-rank-math-faq-block\"><div class=\"rank-math-faq-item\"><h3 class=\"rank-math-question\">\u00bfQu\u00e9 es Casino CALIENTE?<\/h3><div class=\"rank-math-answer\">Casino CALIENTE es un sitio dedicado a la industria del entretenimiento, como son los juegos de casino y las apuestas deportivas.<\/div><\/div><div class=\"rank-math-faq-item\"><h3 class=\"rank-math-question\">\u00bfTiene Casino CALIENTE bonos y promociones?<\/h3><div class=\"rank-math-answer\">Si. Este casino cuneta con una gran cantidad de bonos y promociones a disposici\u00f3n de sus usuarios.<\/div><\/div><div class=\"rank-math-faq-item\"><h3 class=\"rank-math-question\">\u00bfC\u00f3mo hago para obtener los bonos y promociones de Casino CALIENTE?<\/h3><div class=\"rank-math-answer\">Para obtener los bonos y promociones debes estar registrado en el sitio.<\/div><\/div><div class=\"rank-math-faq-item\"><h3 class=\"rank-math-question\">\u00bfEs f\u00e1cil registrarse en el sitio de Casino CALIENTE?<\/h3><div class=\"rank-math-answer\">Si. Registrarse en este sitio es un proceso r\u00e1pido y sencillo.<\/div><\/div><div class=\"rank-math-faq-item\"><h3 class=\"rank-math-question\">\u00bfCualquier persona puede registrarse en el sitio de Casino CALIENTE?<\/h3><div class=\"rank-math-answer\">Si. Cualquier persona que cuente con la mayor\u00eda de edad puede registrarse en el sitio.<\/div><\/div><\/div>\n","protected":false},"excerpt":{"rendered":"<p>Si eres un verdadero fan\u00e1tico de los juegos de apuestas y azar,\u00a0CALIENTE\u00a0es el sitio que estabas esperando!\u00a0Esta casa se especializa en las apuestas deportivas y los juegos de casino online y posee una fabulosa sala de casino en vivo donde podr\u00e1s jugar y apostar desde la comodidad de tu hogar. Y para hacerlo m\u00e1s atractivo &#8230; <a title=\"Caliente Bono Casino en VIVO \u00bb \u00a1Ofertas para LIVE!\" class=\"read-more\" href=\"https:\/\/supercuotas.gratis\/mx\/caliente-bono-casino-en-directo-en-vivo-mexico\/\" aria-label=\"Leer m\u00e1s sobre Caliente Bono Casino en VIVO \u00bb \u00a1Ofertas para LIVE!\">Read more<\/a><\/p>\n","protected":false},"author":82,"featured_media":0,"parent":0,"menu_order":0,"comment_status":"closed","ping_status":"closed","template":"","meta":{"_uag_custom_page_level_css":"","generate_page_header":"","footnotes":""},"class_list":["post-29785","page","type-page","status-publish"],"uagb_featured_image_src":{"full":false,"thumbnail":false,"medium":false,"medium_large":false,"large":false,"1536x1536":false,"2048x2048":false},"uagb_author_info":{"display_name":"Marisa","author_link":"https:\/\/supercuotas.gratis\/mx\/author\/marisa\/"},"uagb_comment_info":0,"uagb_excerpt":"Si eres un verdadero fan\u00e1tico de los juegos de apuestas y azar,\u00a0CALIENTE\u00a0es el sitio que estabas esperando!\u00a0Esta casa se especializa en las apuestas deportivas y los juegos de casino online y posee una fabulosa sala de casino en vivo donde podr\u00e1s jugar y apostar desde la comodidad de tu hogar. Y para hacerlo m\u00e1s atractivo&hellip;","_links":{"self":[{"href":"https:\/\/supercuotas.gratis\/mx\/wp-json\/wp\/v2\/pages\/29785","targetHints":{"allow":["GET"]}}],"collection":[{"href":"https:\/\/supercuotas.gratis\/mx\/wp-json\/wp\/v2\/pages"}],"about":[{"href":"https:\/\/supercuotas.gratis\/mx\/wp-json\/wp\/v2\/types\/page"}],"author":[{"embeddable":true,"href":"https:\/\/supercuotas.gratis\/mx\/wp-json\/wp\/v2\/users\/82"}],"replies":[{"embeddable":true,"href":"https:\/\/supercuotas.gratis\/mx\/wp-json\/wp\/v2\/comments?post=29785"}],"version-history":[{"count":1,"href":"https:\/\/supercuotas.gratis\/mx\/wp-json\/wp\/v2\/pages\/29785\/revisions"}],"predecessor-version":[{"id":29823,"href":"https:\/\/supercuotas.gratis\/mx\/wp-json\/wp\/v2\/pages\/29785\/revisions\/29823"}],"wp:attachment":[{"href":"https:\/\/supercuotas.gratis\/mx\/wp-json\/wp\/v2\/media?parent=29785"}],"curies":[{"name":"wp","href":"https:\/\/api.w.org\/{rel}","templated":true}]}}