{"id":29728,"date":"2023-07-03T15:24:40","date_gmt":"2023-07-03T13:24:40","guid":{"rendered":"https:\/\/supercuotas.gratis\/?page_id=29728"},"modified":"2023-07-03T15:24:42","modified_gmt":"2023-07-03T13:24:42","slug":"codere-bono-apuestas-deportivas-nuevo-especial-mexico","status":"publish","type":"page","link":"https:\/\/supercuotas.gratis\/mx\/codere-bono-apuestas-deportivas-nuevo-especial-mexico\/","title":{"rendered":"Codere Bono Apuestas Deportivas \u00bb \u00a1$5 MIL MXN de Bienvenida!"},"content":{"rendered":"\n<p>Codere es una de las mejores casas de apuestas que te podr\u00e1s encontrar en M\u00e9xico y en este art\u00edculo te contamos todo sobre su Bono para apuestas deportivas. No dejes pasar esta gran oportunidad y formar parte de una de las mejores casas <a href=\"https:\/\/recor.to\/coderemx\" target=\"_blank\" rel=\"noopener nofollow sponsored\">desde aqu\u00ed<\/a><\/p>\n\n\n\n<figure class=\"wp-block-image size-large\"><a href=\"https:\/\/recor.to\/coderemx\" target=\"_blank\" rel=\"noreferrer noopener nofollow sponsored\"><img fetchpriority=\"high\" decoding=\"async\" width=\"1024\" height=\"414\" src=\"https:\/\/supercuotas.gratis\/wp-content\/uploads\/2023\/07\/codere-1024x414.jpg\" alt=\"codere deportes\" class=\"wp-image-29710\" srcset=\"https:\/\/supercuotas.gratis\/wp-content\/uploads\/2023\/07\/codere-1024x414.jpg 1024w, https:\/\/supercuotas.gratis\/wp-content\/uploads\/2023\/07\/codere-300x121.jpg 300w, https:\/\/supercuotas.gratis\/wp-content\/uploads\/2023\/07\/codere-768x310.jpg 768w, https:\/\/supercuotas.gratis\/wp-content\/uploads\/2023\/07\/codere.jpg 1129w\" sizes=\"(max-width: 1024px) 100vw, 1024px\" \/><\/a><\/figure>\n\n\n\n<h2 class=\"wp-block-heading\"><strong>Conoce todo sobre el Bono para apuestas deportivas que tiene Codere<\/strong><\/h2>\n\n\n\n<p><strong>Si eres un conocedor del mundo de las apuestas, es seguro que conoces el nombre de Codere. <\/strong>Esta es una de las mejores opciones para jugar en M\u00e9xico y tambi\u00e9n podemos decir que tiene una gran secci\u00f3n de apuestas deportivas. En este art\u00edculo te contamos todo sobre el Bono para apuestas deportivas que Codere tiene para sus jugadores registrados.<\/p>\n\n\n\n<p><strong>Hay muchas cuestiones que debemos tener en cuenta si es que queremos acceder a la oferta<\/strong>. Lo primero y m\u00e1s importante es decir que la misma es un Bono de Bienvenida y por ende solo podr\u00e1n acceder aqu\u00ed los jugadores que se hayan registrado de forma reciente en la casa de apuestas.<\/p>\n\n\n\n<p><strong>Claro que en caso de no tener una cuenta aqu\u00ed podr\u00e1s crearte una en unos pocos segundos de tu tiempo y as\u00ed acceder<\/strong>. Para esto lo que deber\u00e1s hacer es <a href=\"https:\/\/recor.to\/coderemx\" target=\"_blank\" rel=\"noreferrer noopener nofollow sponsored\">ingresar en la casa de apuestas<\/a>, dirigirte hacia el bot\u00f3n de registro que se encuentra en la parte superior derecha y all\u00ed seguir los pasos que tienes en pantalla para la creaci\u00f3n <\/p>\n\n\n\n<p>Podemos decir que los Bonos de este estilo, de Bienvenida, poseen una clara misi\u00f3n y <strong>la misma trata de ayudar a los nuevos jugadores para que estos puedan jugar de la mejor manera desde los primeros d\u00edas<\/strong>. Por eso es que todo usuario nuevo tiene que reclamarlo para poder disfrutar m\u00e1s<\/p>\n\n\n\n<p>Ahora, si est\u00e1s leyendo esto y no eres un jugador nuevo, es decir que no puedes cumplir con el requisito, puedes quedarte tranquilo. Codere, adem\u00e1s del Bono para apuestas deportivas, posee otras ofertas que se adaptan a ti en la secci\u00f3n de <a href=\"https:\/\/recor.to\/coderemx\" target=\"_blank\" rel=\"noreferrer noopener nofollow sponsored\">&#8220;promociones&#8221;<\/a> y no no tienen requisitos especiales para tener en cuenta <\/p>\n\n\n\n<h2 class=\"wp-block-heading\"><strong>\u00bfC\u00f3mo acceder a la promoci\u00f3n?<\/strong><\/h2>\n\n\n\n<p>Acceder al Codere Bono apuestas deportivas es muy simple ya que esto est\u00e1 preparado para que sea as\u00ed. <strong>No vas a tener problemas y podr\u00e1s hacerlo en unos pocos minutos<\/strong>. Como sabes, debes tener una cuenta nueva dentro de Codere para poder aplicar en ella, la cual puedes crear desde su p\u00e1gina.<\/p>\n\n\n\n<p><strong>Para crearla lo que debes hacer es ingresar mediante el bot\u00f3n de registro que se encuentra en la parte superior derecha de la pantalla. Una vez dentro ver\u00e1s que tienes dos formularios para completar<\/strong>, uno de ellos con datos personales y el otro con datos de contacto. Para finalizar solo queda que crees la cuenta y as\u00ed ya tendr\u00e1s una habilitada para el Bono<\/p>\n\n\n\n<p>Cuando tengas tu cuenta queda solo un paso m\u00e1s por hacer, <strong>que trata de realizar el dep\u00f3sito dentro de tu cuenta, este tiene que ser el primero, por eso es importante que seas nuevo<\/strong>. Con el primer dep\u00f3sito es que recibir\u00e1s el regalo por parte de la casa de apuestas, un regalo que te contamos a continuaci\u00f3n. Si quieres saber c\u00f3mo ingresar dinero en Codere, <a href=\"https:\/\/supercuotas.gratis\/mx\/codere-ingresar-dinero\/\" target=\"_blank\" rel=\"noreferrer noopener\">ingresa aqu\u00ed <\/a><\/p>\n\n\n\n<p><strong>Como se\u00f1ala su nombre, esta oferta es exclusiva para la secci\u00f3n de apuestas deportivas. <\/strong>Ahora, como sabr\u00e1s Codere tambi\u00e9n cuenta con una secci\u00f3n en casino y tambi\u00e9n tienes un <a href=\"https:\/\/supercuotas.gratis\/mx\/codere-bono-casino\/\" target=\"_blank\" rel=\"noreferrer noopener\">Bono<\/a> para ella. Debes tener en cuenta que solo podr\u00e1s acceder a una de las dos y por ende tendr\u00e1s que elegir <\/p>\n\n\n\n<figure class=\"wp-block-image size-large\"><a href=\"https:\/\/recor.to\/coderemx\" target=\"_blank\" rel=\"noreferrer noopener nofollow sponsored\"><img decoding=\"async\" width=\"1024\" height=\"410\" src=\"https:\/\/supercuotas.gratis\/wp-content\/uploads\/2023\/04\/cuotas-mejoradas-de-codere-betis-vs-real-sociedad-1024x410.png\" alt=\"codere oferta apuestas\" class=\"wp-image-27653\" srcset=\"https:\/\/supercuotas.gratis\/wp-content\/uploads\/2023\/04\/cuotas-mejoradas-de-codere-betis-vs-real-sociedad-1024x410.png 1024w, https:\/\/supercuotas.gratis\/wp-content\/uploads\/2023\/04\/cuotas-mejoradas-de-codere-betis-vs-real-sociedad-300x120.png 300w, https:\/\/supercuotas.gratis\/wp-content\/uploads\/2023\/04\/cuotas-mejoradas-de-codere-betis-vs-real-sociedad-768x307.png 768w, https:\/\/supercuotas.gratis\/wp-content\/uploads\/2023\/04\/cuotas-mejoradas-de-codere-betis-vs-real-sociedad.png 1354w\" sizes=\"(max-width: 1024px) 100vw, 1024px\" \/><\/a><\/figure>\n\n\n\n<h2 class=\"wp-block-heading\"><strong>\u00bfEn qu\u00e9 consiste el Codere Bono apuestas deportivas?<\/strong><\/h2>\n\n\n\n<p><strong>Ya sabes lo m\u00e1s importante sobre el Codere Bono para apuestas deportivas, ahora te contamos ni m\u00e1s ni menos en qu\u00e9 consiste la oferta<\/strong>. Como sabes tienes que ser un nuevo jugador y por eso es que daremos por sentado a partir de aqu\u00ed este punto tan importante que debes tener en cuenta. <\/p>\n\n\n\n<p><strong>Esta oferta consiste en una regalo por parte de la casa.<\/strong> Este regalo llega en forma de bonificaci\u00f3n. A\u00fan as\u00ed debemos se\u00f1alar que decirle a esta oferta que es un simple Bono de Bienvenida es injusto. P<strong>ara tener en cuenta, no solo recibir\u00e1s el regalo por hacer un dep\u00f3sito, sino que Codere cuenta con los tres primeros ingresos de dinero bonificado. <\/strong><\/p>\n\n\n\n<p><strong>Aqu\u00ed tienes tres dep\u00f3sitos que reciben bonificaci\u00f3n. En el primero de estos vas a obtener una del 100%<\/strong>, es decir que podr\u00e1s disfrutar del doble de dinero del que ten\u00edas planeado en u principio ya que tu dep\u00f3sito va a duplicarse. <strong>Una vez realizado este y obtenido el dinero que te corresponde, podr\u00e1s hacer el segundo y el tercero.<\/strong><\/p>\n\n\n\n<p><strong>En el caso del segundo, la bonificaci\u00f3n es del 50% y para el tercero es del 75%<\/strong>. Por ende es que podr\u00e1s acceder, en total, a una bonificaci\u00f3n del 225% para aumentar el dinero que tienes en tu cuenta. Es una oportunidad que los nuevos jugadores no pueden dejar pasar. <a href=\"https:\/\/recor.to\/coderemx\" target=\"_blank\" rel=\"noreferrer noopener nofollow sponsored\">Recl\u00e1mala desde aqu\u00ed <\/a><\/p>\n\n\n\n<h3 class=\"wp-block-heading\"><strong>A tener en cuenta<\/strong><\/h3>\n\n\n\n<p>Hay algunas cuestiones que debes tener en cuenta si quieres reclamar la promoci\u00f3n. <strong>Por ejemplo, deber\u00e1s hacer un dep\u00f3sito de, como m\u00ednimo, $200 para poder ser parte de ella y la cantidad m\u00e1xima que puedes obtener, en total, es de $5000<\/strong>. El Codere Bono apuestas deportivas tiene los mejores eventos deportivos del mundo y tu podr\u00e1s formar parte de ellos en unos pocos minutos <\/p>\n\n\n\n<h2 class=\"wp-block-heading\"><strong>T\u00e9rminos y Condiciones del Codere Bono apuestas deportivas<\/strong><\/h2>\n\n\n\n<p>Si deseas aplicar en una de las ofertas que tiene la casa de apuestas, ya sea su Bono para apuestas deportivas o cualquier otra, ver\u00e1s que tienes <strong>T\u00e9rminos y Condiciones<\/strong> que debes concomer.<strong> Estos son muy importantes ya que te cuentan todo lo que puedes hacer en ella y lo que no. Con\u00f3celas para evitar cualquier tipo de problema<\/strong><\/p>\n\n\n\n<p>Teniendo en cuenta su importancia es que, desde nuestro lugar, recomendamos que lo leas de forma detallada, lo cual puedes hacer <a href=\"https:\/\/recor.to\/coderemx\" target=\"_blank\" rel=\"noreferrer noopener nofollow sponsored\">desde su banner promocional<\/a>. Aun as\u00ed ahora mismo haremos un punteo con los puntos m\u00e1s relevantes que tienes que tener en cuenta para poder disfrutarla al m\u00e1ximo <\/p>\n\n\n\n<ul class=\"wp-block-list\">\n<li>Esta es una oferta de Bienvenida y es por eso que debes ser un nuevo jugador para acceder a la promoci\u00f3n<\/li>\n\n\n\n<li>Debes ser mayor de 18 a\u00f1os y residir en M\u00e9xico para poder aplicar <\/li>\n\n\n\n<li>La oferta est\u00e1 vigente desde el 6 de junio de 2023 hasta la fecha <\/li>\n\n\n\n<li>Vas a obtener una bonificaci\u00f3n por tu primer dep\u00f3sito de 100%, por el segundo de 50%  y por el tercero de 75% <\/li>\n\n\n\n<li>Debes hacer un dep\u00f3sito de $200<\/li>\n\n\n\n<li>Solo podr\u00e1s reclamar esta oferta una \u00fanica vez por persona, direcci\u00f3n de mail, IP, Tarjeta de cr\u00e9dito o d\u00e9bito o domicilio<\/li>\n\n\n\n<li>Deber\u00e1s elegir entre el Bono de Bienvenida en casino o el de apuestas deportivas<\/li>\n<\/ul>\n\n\n\n<h2 class=\"wp-block-heading\"><strong>Requisitos de apuestas<\/strong><\/h2>\n\n\n\n<p>Los Bonos de Bienvenida tienen algo llamado &#8220;requisitos de apuestas&#8221;. Los mismos surgen para evitar jugadores especuladores. La idea siempre es que uses el dinero para jugar y es por eso que se quiere evitar jugadores que ingresen, reclamen la oferta y abandonen la casa. Por eso te contamos los punto que debes cumplir para retirar tu dinero de las ganancias <\/p>\n\n\n\n<ul class=\"wp-block-list\">\n<li>Tienes un total de <strong>14 d\u00edas desde que el jugador ha realizado el primer dep\u00f3sito<\/strong><\/li>\n\n\n\n<li>Para poder retirarlo tienes que realizar una o m\u00e1s apuestas directas con mimio de c\u00f3mo m\u00ednimo &#8211;<strong>200<\/strong>, as\u00ed hasta acumular el valor del Bono<\/li>\n\n\n\n<li>Si la casa cree que hay sospechas de alg\u00fan jugador haciendo trampa, investigar\u00e1 la situaci\u00f3n y aplicar\u00e1 los T\u00e9rminos y Condiciones generales<\/li>\n<\/ul>\n\n\n\n<h2 class=\"wp-block-heading\"><strong>Disfruta de Codere<\/strong><\/h2>\n\n\n\n<p><strong>Como contamos, Codere es una de las mejores casas de apuestas que tienes dentro de M\u00e9xico<\/strong>. Aqu\u00ed te contamos su <a href=\"https:\/\/supercuotas.gratis\/mx\/codere-bono-apuestas\/\" target=\"_blank\" rel=\"noreferrer noopener\">Bono apuestas<\/a> para que conozcas y puedas reclamar. Esta opci\u00f3n es ideal para los nuevos jugadores y es por eso que te recomendamos que la reclames.<\/p>\n\n\n\n<p>Es la forma, ni m\u00e1s ni menos, de tener dinero extra con solo hacer un dep\u00f3sito. Dependiendo de la cantidad de dinero que ingreses, tendr\u00e1s un regalo a la altura. <strong>Los verdaderos amantes del deporte encuentran aqu\u00ed una gran oportunidad para demostrar todo lo que saben e ir ganando dinero con las apuestas que deseen en los mejores deportes que la casa tiene para ti <\/strong><\/p>\n\n\n\n<figure class=\"wp-block-image size-large\"><a href=\"https:\/\/recor.to\/coderemx\" target=\"_blank\" rel=\"noreferrer noopener nofollow sponsored\"><img decoding=\"async\" width=\"1024\" height=\"407\" src=\"https:\/\/supercuotas.gratis\/wp-content\/uploads\/2023\/06\/codere-retiro-con-pagofacil-1024x407.png\" alt=\"codere bono apuestas deportivas\" class=\"wp-image-28560\" srcset=\"https:\/\/supercuotas.gratis\/wp-content\/uploads\/2023\/06\/codere-retiro-con-pagofacil-1024x407.png 1024w, https:\/\/supercuotas.gratis\/wp-content\/uploads\/2023\/06\/codere-retiro-con-pagofacil-300x119.png 300w, https:\/\/supercuotas.gratis\/wp-content\/uploads\/2023\/06\/codere-retiro-con-pagofacil-768x305.png 768w, https:\/\/supercuotas.gratis\/wp-content\/uploads\/2023\/06\/codere-retiro-con-pagofacil.png 1334w\" sizes=\"(max-width: 1024px) 100vw, 1024px\" \/><\/a><\/figure>\n\n\n\n<p>Conoce m\u00e1s sobre la casa de apuestas <a href=\"https:\/\/recor.to\/coderemx\" target=\"_blank\" rel=\"noreferrer noopener nofollow sponsored\">desde aqu\u00ed <\/a><\/p>\n\n\n\n<h2 class=\"wp-block-heading\"><strong>Preguntas Frecuentes sobre el Codere Bono apuestas deportivas<\/strong><\/h2>\n\n\n\n<div class=\"wp-block-rank-math-faq-block\"><div class=\"rank-math-faq-item\"><h3 class=\"rank-math-question\">\u00bfEs seguro jugar en Codere?<\/h3><div class=\"rank-math-answer\">Claro que si, esta es una de las mejores casas de apuestas que encontrar\u00e1s en todo el mundo y una de las m\u00e1s seguras para jugar en M\u00e9xico<\/div><\/div><div class=\"rank-math-faq-item\"><h3 class=\"rank-math-question\">\u00bfDebo ser un nuevo jugador para acceder al Bono en apuestas deportivas?<\/h3><div class=\"rank-math-answer\">Si, este es un Bono de Bienvenida y es por eso que tienes que ser un nuevo jugador para disfrutarlo<\/div><\/div><div class=\"rank-math-faq-item\"><h3 class=\"rank-math-question\">\u00bfTiene la casa una app para descargar?<\/h3><div class=\"rank-math-answer\">Si, deber\u00e1s descargarla en tu m\u00f3vil o en tu tablet<\/div><\/div><div class=\"rank-math-faq-item\"><h3 class=\"rank-math-question\">\u00bfDebo ser mayor de 18 a\u00f1os para jugar?<\/h3><div class=\"rank-math-answer\">Si, es obligatorio<\/div><\/div><div class=\"rank-math-faq-item\"><h3 class=\"rank-math-question\">\u00bfQu\u00e9 alternativas de juego tengo en Codere?<\/h3><div class=\"rank-math-answer\">Podr\u00e1s jugar tanto en apuestas deportivas como en casino<\/div><\/div><div class=\"rank-math-faq-item\"><h3 class=\"rank-math-question\">\u00bfQu\u00e9 ocurre si tengo alg\u00fan problema dentro?<\/h3><div class=\"rank-math-answer\">Puedes quedarte tranquilo, Codere cuenta con un chat de soporte las 24 horas del d\u00eda <\/div><\/div><div class=\"rank-math-faq-item\"><h3 class=\"rank-math-question\">\u00bfCu\u00e1nto tiempo demora el proceso de registro?<\/h3><div class=\"rank-math-answer\">Este pdor\u00e1s hacerlo en unos pocos minutos de tu tiempo<\/div><\/div><\/div>\n","protected":false},"excerpt":{"rendered":"<p>Codere es una de las mejores casas de apuestas que te podr\u00e1s encontrar en M\u00e9xico y en este art\u00edculo te contamos todo sobre su Bono para apuestas deportivas. No dejes pasar esta gran oportunidad y formar parte de una de las mejores casas desde aqu\u00ed Conoce todo sobre el Bono para apuestas deportivas que tiene &#8230; <a title=\"Codere Bono Apuestas Deportivas \u00bb \u00a1$5 MIL MXN de Bienvenida!\" class=\"read-more\" href=\"https:\/\/supercuotas.gratis\/mx\/codere-bono-apuestas-deportivas-nuevo-especial-mexico\/\" aria-label=\"Leer m\u00e1s sobre Codere Bono Apuestas Deportivas \u00bb \u00a1$5 MIL MXN de Bienvenida!\">Read more<\/a><\/p>\n","protected":false},"author":67,"featured_media":0,"parent":0,"menu_order":0,"comment_status":"closed","ping_status":"closed","template":"","meta":{"_uag_custom_page_level_css":"","generate_page_header":"","footnotes":""},"class_list":["post-29728","page","type-page","status-publish"],"uagb_featured_image_src":{"full":false,"thumbnail":false,"medium":false,"medium_large":false,"large":false,"1536x1536":false,"2048x2048":false},"uagb_author_info":{"display_name":"Rodrigo Paz","author_link":"https:\/\/supercuotas.gratis\/mx\/author\/rodrigo-paz\/"},"uagb_comment_info":0,"uagb_excerpt":"Codere es una de las mejores casas de apuestas que te podr\u00e1s encontrar en M\u00e9xico y en este art\u00edculo te contamos todo sobre su Bono para apuestas deportivas. No dejes pasar esta gran oportunidad y formar parte de una de las mejores casas desde aqu\u00ed Conoce todo sobre el Bono para apuestas deportivas que tiene&hellip;","_links":{"self":[{"href":"https:\/\/supercuotas.gratis\/mx\/wp-json\/wp\/v2\/pages\/29728","targetHints":{"allow":["GET"]}}],"collection":[{"href":"https:\/\/supercuotas.gratis\/mx\/wp-json\/wp\/v2\/pages"}],"about":[{"href":"https:\/\/supercuotas.gratis\/mx\/wp-json\/wp\/v2\/types\/page"}],"author":[{"embeddable":true,"href":"https:\/\/supercuotas.gratis\/mx\/wp-json\/wp\/v2\/users\/67"}],"replies":[{"embeddable":true,"href":"https:\/\/supercuotas.gratis\/mx\/wp-json\/wp\/v2\/comments?post=29728"}],"version-history":[{"count":7,"href":"https:\/\/supercuotas.gratis\/mx\/wp-json\/wp\/v2\/pages\/29728\/revisions"}],"predecessor-version":[{"id":29745,"href":"https:\/\/supercuotas.gratis\/mx\/wp-json\/wp\/v2\/pages\/29728\/revisions\/29745"}],"wp:attachment":[{"href":"https:\/\/supercuotas.gratis\/mx\/wp-json\/wp\/v2\/media?parent=29728"}],"curies":[{"name":"wp","href":"https:\/\/api.w.org\/{rel}","templated":true}]}}