{"id":29709,"date":"2023-07-03T15:53:44","date_gmt":"2023-07-03T13:53:44","guid":{"rendered":"https:\/\/supercuotas.gratis\/?page_id=29709"},"modified":"2023-07-03T15:53:45","modified_gmt":"2023-07-03T13:53:45","slug":"caliente-bono-sin-deposito-mexico","status":"publish","type":"page","link":"https:\/\/supercuotas.gratis\/mx\/caliente-bono-sin-deposito-mexico\/","title":{"rendered":"Caliente Bono SIN Dep\u00f3sito \u00bb \u00a1$1.000 MXN Gratis!"},"content":{"rendered":"\n<p>\u00bfEst\u00e1s deseando hallar un <a href=\"https:\/\/recor.to\/calientemx\" target=\"_blank\" rel=\"noreferrer noopener nofollow sponsored\">sitio <\/a>en el cual puedas recibir un gran beneficio sin ingresar dinero? Entonces, debes saber que te encuentras en el lugar correcto, <strong>ya que en esta ocasi\u00f3n te ense\u00f1aremos a reclamar dentro de Caliente un bono sin deposito.<\/strong> Con el cual tendr\u00e1s la posibilidad de obtener un primer dinero para poder realizar tus apuestas. <\/p>\n\n\n\n<figure class=\"wp-block-image size-large\"><a href=\"https:\/\/recor.to\/calientemx\" target=\"_blank\" rel=\"noreferrer noopener nofollow sponsored\"><img fetchpriority=\"high\" decoding=\"async\" width=\"1024\" height=\"404\" src=\"https:\/\/supercuotas.gratis\/wp-content\/uploads\/2023\/07\/caliente-bono-sin-deposito-1024x404.png\" alt=\"caliente bono sin deposito\" class=\"wp-image-29719\" srcset=\"https:\/\/supercuotas.gratis\/wp-content\/uploads\/2023\/07\/caliente-bono-sin-deposito-1024x404.png 1024w, https:\/\/supercuotas.gratis\/wp-content\/uploads\/2023\/07\/caliente-bono-sin-deposito-300x118.png 300w, https:\/\/supercuotas.gratis\/wp-content\/uploads\/2023\/07\/caliente-bono-sin-deposito-768x303.png 768w, https:\/\/supercuotas.gratis\/wp-content\/uploads\/2023\/07\/caliente-bono-sin-deposito.png 1343w\" sizes=\"(max-width: 1024px) 100vw, 1024px\" \/><\/a><\/figure>\n\n\n\n<h2 class=\"wp-block-heading\">Primero lo primero, conoce los principales aspectos de este sitio<\/h2>\n\n\n\n<p>Para quienes deseen acceder al <a href=\"https:\/\/recor.to\/calientemx\" target=\"_blank\" rel=\"noreferrer noopener nofollow sponsored\">Caliente <\/a>bono sin dep\u00f3sito, deber\u00e1n realizar ciertos pasos que les explicaremos en este escrito. <strong>As\u00ed podr\u00e1n acceder a completar las mejores jugadas de todas y obtener grandes beneficios<\/strong>. Es por eso que, conoceremos todo lo que esta p\u00e1gina de apuestas tiene para cada uno de sus usuarios. <\/p>\n\n\n\n<p>Esta casa de apuestas es sumamente reconocida dentro de M\u00e9xico, en el mundo de las apuestas. Este mismo sitio, <strong>cuenta con siete a\u00f1os dentro del rubro de los juegos de casino y apuestas deportivas<\/strong>, siendo sumamente confiable para quienes accedan. Entendiendo esto, puedes llegar a la conclusi\u00f3n que este sitio es sumamente confiable. <\/p>\n\n\n\n<p>Al ser uno de los sitios m\u00e1s confiables, podr\u00e1s hallar tambi\u00e9n una gran variedad de bonos, promociones y juegos de apuestas. Los cuales te dar\u00e1n la oportunidad de realizar las mejores jugadas de todas. <strong>Siguiendo esta l\u00ednea, debes saber que todos los juegos que este sitio posee, son seguros<\/strong>. Ya que cuenta con la licencias necesarias, para poder contar con cada uno de estos sectores. <\/p>\n\n\n\n<p>No solo podr\u00e1s encontrar un sitio que realmente posee experiencia en este mundo, sino que tambi\u00e9n hallar\u00e1s una p\u00e1gina que cuenta con grandes beneficios. <strong>Estos pueden ser bonos y promociones, que te brindar\u00e1n una gran oportunidad aqu\u00ed.<\/strong> En el caso que desees conocer m\u00e1s sobre este sitio, te dejaremos un <a href=\"https:\/\/supercuotas.gratis\/mx\/caliente\/\" target=\"_blank\" rel=\"noreferrer noopener\">an\u00e1lisis exclusivo de esta casa de apuestas<\/a>. All\u00ed encontrar\u00e1s todo lo que posee esta casa de apuestas para cada uno de sus usuarios.<\/p>\n\n\n\n<h3 class=\"wp-block-heading\">\u00bfQu\u00e9 es un bono sin dep\u00f3sito?<\/h3>\n\n\n\n<p>Antes de adentrarnos a explicarte todo sobre el bono sin deposito de Caliente, debemos hacerte menci\u00f3n a todo lo que conlleva un beneficio de estas caracter\u00edsticas. <strong>Ya que tiene una gran variedad de aspectos que debes sabe<\/strong>r. Este peque\u00f1o apartado lo pensamos, para quienes no conocen en profundidad lo que es esta bonificaci\u00f3n. <\/p>\n\n\n\n<p>Lo primero que tienes que saber es que el bono sin deposito para Caliente, es una bonificaci\u00f3n exclusiva para quienes sean nuevos usuarios. <strong>La misma podr\u00e1 ser utilizada en todos y cada uno de los sectores de apuestas que, este <a href=\"https:\/\/recor.to\/calientemx\" target=\"_blank\" rel=\"noreferrer noopener nofollow sponsored\">sitio<\/a> posee.<\/strong> Esto quiere decir que, no corresponde a un solo sector, sino que todos son compatibles con este beneficio. <\/p>\n\n\n\n<p>Teniendo en cuenta lo mencionado, solamente deber\u00e1s estar registrado para obtener el bono sin deposito de Caliente. <strong>Ya que es la \u00fanica condici\u00f3n  necesaria para poder obtenerlo<\/strong>. Teniendo en cuenta, no deber\u00e1s seguir ning\u00fan paso para reclamarlo, ya que al registrarte contar\u00e1s con tu dinero dentro de este sitio.  <\/p>\n\n\n\n<p>Ahora que ya sabes esto, debemos conocer los sectores de apuestas que, esta p\u00e1gina de azar cuenta dentro de su p\u00e1gina. <strong>Para que de esta forma, puedas conocer donde utilizar tu bono sin deposito de <a href=\"https:\/\/recor.to\/calientemx\" target=\"_blank\" rel=\"noreferrer noopener nofollow sponsored\">Caliente<\/a>. <\/strong><\/p>\n\n\n\n<h2 class=\"wp-block-heading\">Sectores de apuestas, dentro de este sitio<\/h2>\n\n\n\n<p>Cuando ingreses dentro de esta <a href=\"https:\/\/recor.to\/calientemx\" target=\"_blank\" rel=\"noreferrer noopener nofollow sponsored\">casa de apuestas<\/a>, tienes que saber que hallar\u00e1s una gran variedad de juegos. Siento todos y cada uno de ellos, sumamente seguros.<strong> Adem\u00e1s de la seguridad que estos posee, hallar\u00e1s una p\u00e1gina sumamente ordenada para realizar tus jugadas.<\/strong> Lo que quiere decir esto es que, todos los juegos est\u00e1n separados por sectores. <\/p>\n\n\n\n<p>Al estar divididos por ramas o sectores, esto te permitir\u00e1 encontrar a\u00fan m\u00e1s r\u00e1pido todos y cada uno de los juegos que deseas utilizar para jugar dentro de este sitio. <strong>Teniendo en cuenta lo ya mencionado, cada uno de ellos son distribuidos por los mejores proveedores de juegos de apuestas.<\/strong> Los cuales te dar\u00e1n la oportunidad de realizar cada jugada de manera sumamente segura. <\/p>\n\n\n\n<p>Para quienes deseen acceder a un bono para casino, tenemos un ofrecimiento para cada uno de ustedes. <strong>Ya que un redactor dentro de SuperCuotas, ha realizado un <a href=\"https:\/\/supercuotas.gratis\/mx\/caliente-nuevo-bono-casino-especial-mexico\/\" target=\"_blank\" rel=\"noreferrer noopener\">grandioso escrito sobre el mejor beneficio de todo M\u00e9xico<\/a>.<\/strong> De esta forma podr\u00e1s obtener grandes beneficios dentro de Caliente. <\/p>\n\n\n\n<p><strong>Apuestas deportivas:<\/strong> quienes hayan visto televisi\u00f3n o sean amantes del deporte, sabr\u00e1n lo que es este sector. El mismo es sumamente completo y cuenta con una gran variedad de deportes a los cuales podr\u00e1s apostar. Estos pueden ser de relevancia nacional como internacional.<strong> Podr\u00e1s hallar desde los deportes m\u00e1s conocidos de todos, hasta los menos populares.<\/strong> De esta manera, todos podr\u00e1n acceder a disfrutar de jugar sobre su deporte predilecto.<\/p>\n\n\n\n<p><strong>Casino y Casino en vivo:<\/strong> para quienes no sean de las apuestas deportivas, podr\u00e1n encontrar los mejores slots y mesas en vivo de todas. <strong>Ya que hallar\u00e1s una gran variedad de tragamonedas, mesas de poker, blackjack, baccarat<\/strong>, entre otras opciones.<\/p>\n\n\n\n<figure class=\"wp-block-image size-large\"><a href=\"https:\/\/recor.to\/calientemx\" target=\"_blank\" rel=\"noreferrer noopener nofollow sponsored\"><img decoding=\"async\" width=\"1024\" height=\"455\" src=\"https:\/\/supercuotas.gratis\/wp-content\/uploads\/2023\/07\/caliente-bono-gratis-1024x455.png\" alt=\"caliente bono gratis\" class=\"wp-image-29733\" srcset=\"https:\/\/supercuotas.gratis\/wp-content\/uploads\/2023\/07\/caliente-bono-gratis-1024x455.png 1024w, https:\/\/supercuotas.gratis\/wp-content\/uploads\/2023\/07\/caliente-bono-gratis-300x133.png 300w, https:\/\/supercuotas.gratis\/wp-content\/uploads\/2023\/07\/caliente-bono-gratis-768x341.png 768w, https:\/\/supercuotas.gratis\/wp-content\/uploads\/2023\/07\/caliente-bono-gratis.png 1341w\" sizes=\"(max-width: 1024px) 100vw, 1024px\" \/><\/a><\/figure>\n\n\n\n<h2 class=\"wp-block-heading\">Reg\u00edstrate para luego obtener tu bono sin deposito de Caliente<\/h2>\n\n\n\n<p>Teniendo en cuenta lo ya mencionado, para poder acceder a <a href=\"https:\/\/recor.to\/calientemx\" target=\"_blank\" rel=\"noreferrer noopener nofollow sponsored\">reclamar el bono de Caliente sin deposito<\/a>, deber\u00e1s realizar el formulario de registro.<strong> El mismo te dar\u00e1 la posibilidad de obtener el beneficio en cuesti\u00f3n, para luego realizar las mejores jugadas de todas<\/strong>. Teniendo en cuenta lo ya mencionado, este proceso solamente te tomar\u00e1 cinco minutos. <\/p>\n\n\n\n<p>Esto se debe a que dentro de este sitio encontrar\u00e1s una interfaz sumamente sencilla de entender y utilizar. <strong>Para que de esta manera, todos los que deseen acceder a este sitio pueda completar r\u00e1pidamente este proceso de inscripci\u00f3n.<\/strong> De esta forma, estar\u00e1s ingresando a una importante p\u00e1gina de azar dentro de M\u00e9xico.<\/p>\n\n\n\n<p>Para completar el formulario de registro dentro de este sitio, <strong>deber\u00e1s realizar los siguientes pasos:<\/strong><\/p>\n\n\n\n<ul class=\"wp-block-list\">\n<li>Primero y principal deber\u00e1s<strong> ingresar dentro de <a href=\"https:\/\/recor.to\/calientemx\" target=\"_blank\" rel=\"noreferrer noopener nofollow sponsored\">Caliente<\/a>. <\/strong><\/li>\n\n\n\n<li>Cuando te encuentres all\u00ed, dir\u00edgete a la esquina superior derecha y<strong> haz clic en donde dice &#8220;reg\u00edstrate&#8221;. <\/strong><\/li>\n\n\n\n<li>Al realizar la acci\u00f3n ya mencionada,<strong> se abrir\u00e1 un formulario de inscripci\u00f3n. <\/strong><\/li>\n\n\n\n<li>El mismo deber\u00e1 ser <strong>completado con los datos solicitados. <\/strong><\/li>\n\n\n\n<li>En el momento que hayas completado estos,<strong> deber\u00e1s aceptar los t\u00e9rminos y condiciones de este sitio. <\/strong><\/li>\n\n\n\n<li>Finalizado todos y cada uno de estos pasos, <strong>ya ser\u00e1s usuario de este sitio. <\/strong><\/li>\n<\/ul>\n\n\n\n<p>Completado todos y cada uno de las acciones que hemos mencionado, ya seremos usuarios de esta p\u00e1gina. <strong>Lo que quiere decir que, podremos obtener el bono sin deposito de Caliente<\/strong>. Teniendo en cuenta lo que hemos mencionado, podremos obtener un solo usuario por direcci\u00f3n de IP. Lo que quiere decir es que, no podremos volver a completar este proceso. <\/p>\n\n\n\n<p>Para que te vayas tranquilo, a continuaci\u00f3n te explicaremos la manera para obtener correctamente este beneficio. <strong>Lo que te permitir\u00e1 realizar las mejores jugadas de todas, con la oportunidad de no tener que realizar un dep\u00f3sito para obtenerlo. <\/strong><\/p>\n\n\n\n<h2 class=\"wp-block-heading\">Obt\u00e9n r\u00e1pidamente el bono sin deposito de Caliente<\/h2>\n\n\n\n<p>Ahora que ya te has registrado debes saber que el beneficio del cual hemos hablado tanto, solamente se acreditar\u00e1 en el momento que hayas completado tu registro.<strong> Esto quiere decir que no deber\u00e1s realizar ning\u00fan paso de mas.<\/strong> Solo al finalizar el formulario de inscripci\u00f3n, se acreditar\u00e1 el dinero para poder realizar las mejores jugadas.<\/p>\n\n\n\n<p>Claramente podr\u00e1s hallar un beneficio el cual est\u00e1 pensado para todos los usuarios de est\u00e9 <a href=\"https:\/\/recor.to\/calientemx\" target=\"_blank\" rel=\"noreferrer noopener nofollow sponsored\">sitio<\/a>, y podr\u00e1s reclamarlo de forma sumamente r\u00e1pida y segura. En el caso que desees obtener el bono de primer ingreso, podr\u00e1s hacerlo. <strong>Teniendo en cuenta lo que hemos mencionado, este mismo te dar\u00e1 el 100% de tu primer ingreso, hasta $3.000 MXN.<\/strong> Este ser\u00e1 solo con tu primer ingreso, y para obtenerlo deber\u00e1s ingresar el c\u00f3digo promocional BDP3000. <\/p>\n\n\n\n<p>Entonces repasemos, el bono sin deposito de Caliente <strong>te brindar\u00e1 la posibilidad de obtener $1000 MXN sumamente gratis, para luego disfrutar de los mejores sectores de azar.<\/strong> Luego, obtendr\u00e1s el bono de tu primer ingreso, con el cual reclamar\u00e1s grandes beneficios. Si deseas saber a\u00fan m\u00e1s sobre estos bonos, tenemos una <a href=\"https:\/\/supercuotas.gratis\/mx\/bonos-caliente\/\" target=\"_blank\" rel=\"noreferrer noopener\">gu\u00eda completa para que conozcas m\u00e1s sobre cada uno de ellos<\/a>. <\/p>\n\n\n\n<figure class=\"wp-block-image size-large\"><a href=\"https:\/\/recor.to\/calientemx\" target=\"_blank\" rel=\"noreferrer noopener nofollow sponsored\"><img decoding=\"async\" width=\"1024\" height=\"443\" src=\"https:\/\/supercuotas.gratis\/wp-content\/uploads\/2023\/07\/caliente-bono-bienvenida-1024x443.png\" alt=\"caliente bono bienvenida\" class=\"wp-image-29746\" srcset=\"https:\/\/supercuotas.gratis\/wp-content\/uploads\/2023\/07\/caliente-bono-bienvenida-1024x443.png 1024w, https:\/\/supercuotas.gratis\/wp-content\/uploads\/2023\/07\/caliente-bono-bienvenida-300x130.png 300w, https:\/\/supercuotas.gratis\/wp-content\/uploads\/2023\/07\/caliente-bono-bienvenida-768x332.png 768w, https:\/\/supercuotas.gratis\/wp-content\/uploads\/2023\/07\/caliente-bono-bienvenida.png 1342w\" sizes=\"(max-width: 1024px) 100vw, 1024px\" \/><\/a><\/figure>\n\n\n<p>[ratings]<\/p>\n\n\n\n<div class=\"wp-block-rank-math-faq-block\"><div class=\"rank-math-faq-item\"><h3 class=\"rank-math-question\">\u00bfQu\u00e9 es caliente?<\/h3><div class=\"rank-math-answer\">Este es un sitio de apuestas, donde podr\u00e1s hallar una gran variedad de bonos, promociones y juegos de apuestas. <\/div><\/div><div class=\"rank-math-faq-item\"><h3 class=\"rank-math-question\">Cuando ingrese a este sitio \u00bfQu\u00e9 es lo que hallar\u00e9?<\/h3><div class=\"rank-math-answer\">Podr\u00e1s encontrar una gran variedad de bonos, promociones y juegos de azar. Los cuales te permitir\u00e1n aprovechar al m\u00e1ximo todas tus bonificaciones. <\/div><\/div><div class=\"rank-math-faq-item\"><h3 class=\"rank-math-question\">\u00bfCu\u00e1les son los sectores de apuestas que encontrar\u00e9 aqu\u00ed?<\/h3><div class=\"rank-math-answer\">Dentro de este sitio podr\u00e1s encontrar una gran variedad de apuestas deportivas, casino, casino en vivo, entre otras opciones de juegos. <\/div><\/div><div class=\"rank-math-faq-item\"><h3 class=\"rank-math-question\">\u00bfPara jugar en este sitio, debo estar registrado?<\/h3><div class=\"rank-math-answer\">Si deseas realizar apuestas dentro de Caliente, deber\u00e1s haber completado tu registro. <\/div><\/div><div class=\"rank-math-faq-item\"><h3 class=\"rank-math-question\">\u00bfCuenta con beneficios ser usuario de este sitio?<\/h3><div class=\"rank-math-answer\">Claro que si, te dar\u00e1 una gran variedad de bonificaciones. Para que de esta forma, puedas realizar las mejores jugadas de todas. Un ejemplo, podr\u00eda ser el bono sin deposito de Caliente.<\/div><\/div><div class=\"rank-math-faq-item\"><h3 class=\"rank-math-question\">\u00bfQu\u00e9 es este bono sin deposito de Caliente?<\/h3><div class=\"rank-math-answer\">Es un beneficio que te dar\u00e1, luego de completar tu registro, hasta $1000 MXN, para poder realizar las mejores jugadas de todas.<\/div><\/div><div class=\"rank-math-faq-item\"><h3 class=\"rank-math-question\">\u00bfTodos podr\u00e1n reclamar esta bonificaci\u00f3n?<\/h3><div class=\"rank-math-answer\">Claro que si, solo deber\u00e1s ser nuevo dentro de Caliente. Ya que en el caso que no seas un usuario reci\u00e9n registrado, no podr\u00e1s obtenerlo.<\/div><\/div><\/div>\n","protected":false},"excerpt":{"rendered":"<p>\u00bfEst\u00e1s deseando hallar un sitio en el cual puedas recibir un gran beneficio sin ingresar dinero? Entonces, debes saber que te encuentras en el lugar correcto, ya que en esta ocasi\u00f3n te ense\u00f1aremos a reclamar dentro de Caliente un bono sin deposito. Con el cual tendr\u00e1s la posibilidad de obtener un primer dinero para poder &#8230; <a title=\"Caliente Bono SIN Dep\u00f3sito \u00bb \u00a1$1.000 MXN Gratis!\" class=\"read-more\" href=\"https:\/\/supercuotas.gratis\/mx\/caliente-bono-sin-deposito-mexico\/\" aria-label=\"Leer m\u00e1s sobre Caliente Bono SIN Dep\u00f3sito \u00bb \u00a1$1.000 MXN Gratis!\">Read more<\/a><\/p>\n","protected":false},"author":74,"featured_media":0,"parent":0,"menu_order":0,"comment_status":"closed","ping_status":"closed","template":"","meta":{"_uag_custom_page_level_css":"","generate_page_header":"","footnotes":""},"class_list":["post-29709","page","type-page","status-publish"],"uagb_featured_image_src":{"full":false,"thumbnail":false,"medium":false,"medium_large":false,"large":false,"1536x1536":false,"2048x2048":false},"uagb_author_info":{"display_name":"Facundo","author_link":"https:\/\/supercuotas.gratis\/mx\/author\/facundo\/"},"uagb_comment_info":0,"uagb_excerpt":"\u00bfEst\u00e1s deseando hallar un sitio en el cual puedas recibir un gran beneficio sin ingresar dinero? Entonces, debes saber que te encuentras en el lugar correcto, ya que en esta ocasi\u00f3n te ense\u00f1aremos a reclamar dentro de Caliente un bono sin deposito. Con el cual tendr\u00e1s la posibilidad de obtener un primer dinero para poder&hellip;","_links":{"self":[{"href":"https:\/\/supercuotas.gratis\/mx\/wp-json\/wp\/v2\/pages\/29709","targetHints":{"allow":["GET"]}}],"collection":[{"href":"https:\/\/supercuotas.gratis\/mx\/wp-json\/wp\/v2\/pages"}],"about":[{"href":"https:\/\/supercuotas.gratis\/mx\/wp-json\/wp\/v2\/types\/page"}],"author":[{"embeddable":true,"href":"https:\/\/supercuotas.gratis\/mx\/wp-json\/wp\/v2\/users\/74"}],"replies":[{"embeddable":true,"href":"https:\/\/supercuotas.gratis\/mx\/wp-json\/wp\/v2\/comments?post=29709"}],"version-history":[{"count":2,"href":"https:\/\/supercuotas.gratis\/mx\/wp-json\/wp\/v2\/pages\/29709\/revisions"}],"predecessor-version":[{"id":29755,"href":"https:\/\/supercuotas.gratis\/mx\/wp-json\/wp\/v2\/pages\/29709\/revisions\/29755"}],"wp:attachment":[{"href":"https:\/\/supercuotas.gratis\/mx\/wp-json\/wp\/v2\/media?parent=29709"}],"curies":[{"name":"wp","href":"https:\/\/api.w.org\/{rel}","templated":true}]}}