{"id":29490,"date":"2023-06-30T21:01:43","date_gmt":"2023-06-30T19:01:43","guid":{"rendered":"https:\/\/supercuotas.gratis\/?page_id=29490"},"modified":"2023-06-30T21:01:44","modified_gmt":"2023-06-30T19:01:44","slug":"betfair","status":"publish","type":"page","link":"https:\/\/supercuotas.gratis\/mx\/betfair\/","title":{"rendered":"BETFAIR | Bonos + Rese\u00f1a COMPLETA"},"content":{"rendered":"\n<p>Para quienes se encuentren en la b\u00fasqueda de sitios de apuestas dentro de M\u00e9xico, hoy les contaremos sobre una de las mejores p\u00e1ginas de este territorio. <strong>Claramente estamos hablando de Betfair, una casa completa donde acceder\u00e1s a realizar cada una de tus jugadas de forma segura y eficaz.<\/strong> Para que aprendas a\u00fan m\u00e1s sobre ella, te contaremos todo lo que este <a href=\"https:\/\/recor.to\/betfairmx\" target=\"_blank\" rel=\"noreferrer noopener nofollow sponsored\">sitio <\/a>posee en su interior. <\/p>\n\n\n\n<figure class=\"wp-block-image size-large\"><a href=\"https:\/\/recor.to\/betfairmx\" target=\"_blank\" rel=\"noreferrer noopener nofollow sponsored\"><img fetchpriority=\"high\" decoding=\"async\" width=\"1024\" height=\"468\" src=\"https:\/\/supercuotas.gratis\/wp-content\/uploads\/2023\/06\/betfair-1024x468.png\" alt=\"betfair\" class=\"wp-image-29491\" srcset=\"https:\/\/supercuotas.gratis\/wp-content\/uploads\/2023\/06\/betfair-1024x468.png 1024w, https:\/\/supercuotas.gratis\/wp-content\/uploads\/2023\/06\/betfair-300x137.png 300w, https:\/\/supercuotas.gratis\/wp-content\/uploads\/2023\/06\/betfair-768x351.png 768w, https:\/\/supercuotas.gratis\/wp-content\/uploads\/2023\/06\/betfair.png 1340w\" sizes=\"(max-width: 1024px) 100vw, 1024px\" \/><\/a><\/figure>\n\n\n\n<h2 class=\"wp-block-heading\">Comencemos por lo principal \u00bfQu\u00e9 es Betfair?<\/h2>\n\n\n\n<p>Dentro del mundo de las apuestas hallar\u00e1s una gran variedad de sitios, siendo cada uno de ellos diferentes. <strong>Tendr\u00e1s la posibilidad de encontrar p\u00e1ginas exclusivas de apuestas deportivas o aquellas que se dedican solo al casino<\/strong>. No solo encontrar\u00e1s esta modalidad de sitio, sino que tambi\u00e9n podr\u00e1s ver aquellas que cuentan con los dos sectores de apuestas. <\/p>\n\n\n\n<p><strong>Para tu alegr\u00eda este <a href=\"https:\/\/recor.to\/betfairmx\" target=\"_blank\" rel=\"noreferrer noopener nofollow sponsored\">sitio<\/a> cuenta con una sectores de apuestas deportivas y casino, siendo sumamente completa para cada uno de sus usuarios.<\/strong> Adem\u00e1s debes saber que este sitio cuenta con una gran experiencia en el rubro de las apuestas, llev\u00e1ndole a cada uno de los usuarios la mejor calidad de sitio. <\/p>\n\n\n\n<p><strong><a href=\"https:\/\/recor.to\/betfairmx\" target=\"_blank\" rel=\"noreferrer noopener nofollow sponsored\">Betfair <\/a>cuenta con una gran variedad de normas de seguridad, que se encuentran pensadas y dise\u00f1adas para cada uno de sus usuarios.<\/strong> De esta forma, nos alegra contarte que aqu\u00ed no pasar\u00e1s ninguna inseguridad. Ya que el mismo esta sumamente herm\u00e9tico y cuenta con las licencias correspondientes para contar con cada sector de azar.<\/p>\n\n\n\n<p>Ahora que ya sabes esto, tienes que tener en cuenta que no solo podr\u00e1s estar seguro, <strong>sino que hallar\u00e1s un servicio de atenci\u00f3n al cliente las 24 horas del d\u00eda.<\/strong> De esta forma, podr\u00e1s quitarte todas y cada una de las dudas que poseas.<\/p>\n\n\n\n<p>No solo podr\u00e1s acceder a todo lo que ya has le\u00eddo, <strong>sino que tendr\u00e1s una posibilidad \u00fanica de reclamar los mejores bonos y promociones. <\/strong>Para que conozcas sobre ellos, te daremos un <a href=\"https:\/\/supercuotas.gratis\/mx\/bonos-betfair\/\" target=\"_blank\" rel=\"noreferrer noopener\">articulo que detalla cada uno de los beneficios de este sitio<\/a>.<\/p>\n\n\n\n<h3 class=\"wp-block-heading\">Sectores de apuestas, dentro de este sitio<\/h3>\n\n\n\n<p>Ahora que has conocido lo que, quiz\u00e1s, hallar\u00e1s dentro de este sitio de apuestas. <strong>Debemos hablar en profundidad sobre todo lo que podr\u00e1s hacer aqu\u00ed. <\/strong>Siendo su principal atracci\u00f3n sus sectores de apuestas, a los cuales podr\u00e1s acceder y realizar las mejores jugadas. Teniendo en cuenta esto, debemos hacer unos primero acercamientos. <\/p>\n\n\n\n<p>Lo primero que debes saber, como ya hemos mencionado anteriormente, esta p\u00e1gina cuenta con todas las licencias reglamentarias para contar con estas ramas de apuestas. <strong>De esta formar <a href=\"https:\/\/recor.to\/betfairmx\" target=\"_blank\" rel=\"noreferrer noopener nofollow sponsored\">Betfair <\/a>se asegura que, todos y cada uno de sus juegos sean completamente seguros<\/strong>. As\u00ed, cada uno de sus usuarios podr\u00e1n realizar de forma optima cada una de sus jugadas. <\/p>\n\n\n\n<p><strong>Apuestas deportivas:<\/strong> si bien este sector no precisa presentaci\u00f3n, ya que es uno de los m\u00e1s longevos, te diremos de que se trata. Dentro de este podr\u00e1s apostar sobre los mejores eventos de cualquier deporte, ya sean nacionales como internacionales. Podr\u00e1s descubrir nuevos deportes o realizar jugadas en los m\u00e1s conocidos de todos. <\/p>\n\n\n\n<p><strong>Casino:<\/strong> dentro de este sector podr\u00e1s hallar la posibilidad de acceder a los mejores slots de todos, siendo cada uno de ellos los m\u00e1s jugadas de todo este sitio. <\/p>\n\n\n\n<p><strong>Deportes Virtuales:<\/strong> esta modalidad de juego es para aquellos que deseen resultados deportivos instant\u00e1neos, ya que podr\u00e1s acceder a  simulaciones de eventos sumamente aleatorios. De esta forma podr\u00e1s apostar dentro de cada uno de ellos. <\/p>\n\n\n\n<p><strong>Casino en vivo:<\/strong> aqu\u00ed podr\u00e1s encontrar las mejores mesas de todas, para sentir la sensaci\u00f3n de encontrarte en un casino real. Con el cual podr\u00e1s realizar las mejores jugadas de todas en las mejores mesas. Encontrando poker, ruletas, blackjack, entre otras opciones de casino. <\/p>\n\n\n\n<h2 class=\"wp-block-heading\">Aprende a registrarte dentro de Betfair<\/h2>\n\n\n\n<p>Si quieres jugar en los sectores que ya hemos mencionado a lo largo de este escrito, deber\u00e1s <a href=\"https:\/\/recor.to\/betfairmx\" target=\"_blank\" rel=\"noreferrer noopener nofollow sponsored\">completar tu formulario de registro<\/a>. Para que de esta forma puedas realizar las mejores jugadas. <strong>No solo podr\u00e1s contar con la posibilidad de apostar sobre los mejores sectores, sino que tambi\u00e9n podr\u00e1s obtener grandes beneficios.<\/strong> <\/p>\n\n\n\n<p>Si deseas conocer todos los sitios de apuestas que, este territorio posee;<strong> te recomendamos <a href=\"https:\/\/supercuotas.gratis\/mx\/\" target=\"_blank\" rel=\"noreferrer noopener\">acceder dentro de Supercuotas.gratis para conocer todo sobre estas p\u00e1ginas de azar<\/a>. <\/strong>As\u00ed tendr\u00e1s la oportunidad de realizar tus mejores apuestas, en los sitios mas reconocidos de todo M\u00e9xico. <\/p>\n\n\n\n<p>Teniendo en cuenta lo que ya hemos mencionado, podr\u00e1s completar este proceso de registro r\u00e1pidamente. <strong>Ya que el mismo posee una interfaz sumamente sencilla de entender.<\/strong> La misma te dar\u00e1 la posibilidad de realizar cada uno de estos pasos, en tan solo cinco minutos. Para luego obtener los mejores beneficios de apuestas. <\/p>\n\n\n\n<p>Para completar el proceso de registro dentro de <a href=\"https:\/\/recor.to\/betfairmx\" target=\"_blank\" rel=\"noreferrer noopener nofollow sponsored\">Betfair<\/a>, <strong>deber\u00e1s realizar los siguientes pasos:<\/strong><\/p>\n\n\n\n<ul class=\"wp-block-list\">\n<li>Lo primero que deber\u00e1s hacer es, ingresar dentro de este sitio de apuestas. <\/li>\n\n\n\n<li>Una vez dentro del mismo, deber\u00e1s dirigirte a la esquina superior derecha y hacer clic en el bot\u00f3n que dice &#8220;registrarse&#8221;. <\/li>\n\n\n\n<li>Al completar este paso, se abrir\u00e1 un formulario de registro. <\/li>\n\n\n\n<li>Este mismo deber\u00e1 ser llenado con lo datos solicitados. <\/li>\n\n\n\n<li>Completado el mismo, deber\u00e1s aceptar los t\u00e9rminos de Betfair. <\/li>\n\n\n\n<li>Finalizado cada uno de estos paso, ya habr\u00e1s obtenido tu cuenta correctamente. <\/li>\n<\/ul>\n\n\n\n<p>Una vez que hayas realizado estos pasos, tienes que saber que ya ser\u00e1s usuario de Betfair. <strong>Pero que solamente podr\u00e1s realizar estos pasos tan solo una vez por direcci\u00f3n de IP.<\/strong> En el caso que desees volver a completar este proceso, este sitio no te permitir\u00e1 realizarlo nuevamente. Sin ninguna excepci\u00f3n a esta estricta normativa dentro de esta p\u00e1gina de apuestas.<\/p>\n\n\n\n<figure class=\"wp-block-image size-large\"><a href=\"https:\/\/recor.to\/betfairmx\" target=\"_blank\" rel=\"noreferrer noopener nofollow sponsored\"><img decoding=\"async\" width=\"1024\" height=\"501\" src=\"https:\/\/supercuotas.gratis\/wp-content\/uploads\/2023\/06\/betfair-mexico-1024x501.png\" alt=\"betfair mexico\" class=\"wp-image-29501\" srcset=\"https:\/\/supercuotas.gratis\/wp-content\/uploads\/2023\/06\/betfair-mexico-1024x501.png 1024w, https:\/\/supercuotas.gratis\/wp-content\/uploads\/2023\/06\/betfair-mexico-300x147.png 300w, https:\/\/supercuotas.gratis\/wp-content\/uploads\/2023\/06\/betfair-mexico-768x376.png 768w, https:\/\/supercuotas.gratis\/wp-content\/uploads\/2023\/06\/betfair-mexico.png 1182w\" sizes=\"(max-width: 1024px) 100vw, 1024px\" \/><\/a><\/figure>\n\n\n\n<h2 class=\"wp-block-heading\">Conoce los beneficios dentro de este sitio de apuestas<\/h2>\n\n\n\n<p>Cuando te registras dentro de un <a href=\"https:\/\/recor.to\/betfairmx\" target=\"_blank\" rel=\"noreferrer noopener nofollow sponsored\">sitio de apuestas<\/a>, siempre buscas que el mismo cuente con beneficios para ti. <strong>De esta forma, podr\u00e1s acceder a completar las mejores apuestas y de las mejores formas posibles. <\/strong>Teniendo en cuenta esto que mencionamos, te explicaremos todo sobre cada uno de los bonos y promociones que encontrar\u00e1s en este sitio de apuestas. <\/p>\n\n\n\n<p>Para tener en cuenta, y esto es algo sumamente principal es que dentro de esta p\u00e1gina podr\u00e1s encontrar dos modalidades de beneficios. Siendo estas: los bonos de bienvenida y las promociones. <strong>En algunos de los casos tambi\u00e9n podr\u00e1s acceder a alg\u00fan bono sin dep\u00f3sito<\/strong>. Los cuales en esta oportunidad, no est\u00e1n disponibles para ning\u00fan usuario. <\/p>\n\n\n\n<p>Ahora que sabes esta modalidad de beneficios, tienes que saber que cada una de ellas son sumamente distintas. No solo eso, sino que est\u00e1n dirigidas a usuarios diferentes. En el caso de las promociones, todos los registrados podr\u00e1n acceder, sin excepciones. <strong>Mientras que en el caso de los bonos de bienvenida, tendr\u00e1 la oportunidad de reclamarlos, quienes sean nuevos usuarios.<\/strong> En caso de no serlo, no podr\u00e1s obtener esta bonificaci\u00f3n. <\/p>\n\n\n\n<p>Debes saber que estos solo se podr\u00e1n reclamar una vez por usuario, sin excepciones. El primer bono que podr\u00e1s acceder es el bono para apuestas deportivas. <strong>El mismo te dar\u00e1 el 100% de tu primer dep\u00f3sito hasta US$ 300, para realizar las mejores jugadas,<\/strong> en grandes eventos deportivos. <\/p>\n\n\n\n<p>Quienes amen el casino y deseen jugar dentro de los mejores slots, tambi\u00e9n podr\u00e1n obtener un beneficio de apuesta. <strong>Ya que este <a href=\"https:\/\/recor.to\/betfairmx\" target=\"_blank\" rel=\"noreferrer noopener nofollow sponsored\">sitio<\/a>, te dar\u00e1 la posibilidad de acceder al 300% de tu primer ingreso hasta US$ 300.<\/strong> Adem\u00e1s cuentas con la chance de obtener giros gratis, para jugar dentro de los mejores slots. \u00bfTe lo vas a perder?<\/p>\n\n\n\n<h2 class=\"wp-block-heading\">M\u00e9todos de pago, dentro de Betfair<\/h2>\n\n\n\n<p>Ahora que ya has aprendido como registrarte, los sectores de apuestas y cada uno de los beneficios a acceder, ser\u00e1 el momento de conocer las formas de ingreso dentro de este sitio.<strong> Para que de esta manera puedas obtener las mejores bonificaciones de todas. <\/strong>Teniendo en cuenta que, todos y cada uno de los m\u00e9todos a explicar en la brevedad, son sumamente seguros. <\/p>\n\n\n\n<p>Ahora tambi\u00e9n debes tener en cuenta que, todos y cada uno de ellos son parte de los mejores bancos de este territorio. Dandote toda la seguridad necesaria para poder utilizarlos. <strong>Ahora que tienes en cuenta esto, tambi\u00e9n debes saber que cada uno de ellos son sumamente distintos<\/strong>. Esto quiere decir que, posee distintos tiempos de acreditaci\u00f3n y montos de ingreso y egreso. <\/p>\n\n\n\n<p>Dentro de esta <a href=\"https:\/\/recor.to\/betfairmx\" target=\"_blank\" rel=\"noreferrer noopener nofollow sponsored\">p\u00e1gina de apuestas<\/a>, <strong>podr\u00e1s encontrar los siguientes m\u00e9todos de pago<\/strong>:<\/p>\n\n\n\n<ul class=\"wp-block-list\">\n<li>Visa<\/li>\n\n\n\n<li>MarterCard<\/li>\n\n\n\n<li>Neteller<\/li>\n\n\n\n<li>Skrill<\/li>\n<\/ul>\n\n\n\n<figure class=\"wp-block-image size-large\"><a href=\"https:\/\/recor.to\/betfairmx\" target=\"_blank\" rel=\"noreferrer noopener nofollow sponsored\"><img decoding=\"async\" width=\"1024\" height=\"414\" src=\"https:\/\/supercuotas.gratis\/wp-content\/uploads\/2023\/06\/betfair-bonos-1024x414.png\" alt=\"betfair bonos\" class=\"wp-image-29510\" srcset=\"https:\/\/supercuotas.gratis\/wp-content\/uploads\/2023\/06\/betfair-bonos-1024x414.png 1024w, https:\/\/supercuotas.gratis\/wp-content\/uploads\/2023\/06\/betfair-bonos-300x121.png 300w, https:\/\/supercuotas.gratis\/wp-content\/uploads\/2023\/06\/betfair-bonos-768x310.png 768w, https:\/\/supercuotas.gratis\/wp-content\/uploads\/2023\/06\/betfair-bonos.png 1339w\" sizes=\"(max-width: 1024px) 100vw, 1024px\" \/><\/a><\/figure>\n\n\n<p>[ratings]<\/p>\n\n\n\n<div class=\"wp-block-rank-math-faq-block\"><div class=\"rank-math-faq-item\"><h3 class=\"rank-math-question\">\u00bfQu\u00e9 es Betfair?<\/h3><div class=\"rank-math-answer\">Este es un sitio de apuestas, donde podr\u00e1s acceder a una gran variedad de bonos y promociones. <\/div><\/div><div class=\"rank-math-faq-item\"><h3 class=\"rank-math-question\">\u00bfCu\u00e1les son los sectores que encontrar\u00e9 aqu\u00ed?<\/h3><div class=\"rank-math-answer\">Tendr\u00e1s la posibilidad de acceder a apuestas deportivas, casino, casino en vivo, deportes virtuales entre otros. <\/div><\/div><div class=\"rank-math-faq-item\"><h3 class=\"rank-math-question\">\u00bfPara acceder aqu\u00ed, debo estar registrado?<\/h3><div class=\"rank-math-answer\">Si, deber\u00e1s completar tu registro para ingresar dentro de este sitio.<\/div><\/div><div class=\"rank-math-faq-item\"><h3 class=\"rank-math-question\">\u00bfPosee beneficios estar registrado?<\/h3><div class=\"rank-math-answer\">Claro que si, cuenta con una ampl\u00eda variedad de bonos y promociones.<\/div><\/div><div class=\"rank-math-faq-item\"><h3 class=\"rank-math-question\">\u00bfTodos pueden acceder a estos beneficios?<\/h3><div class=\"rank-math-answer\">Claro que si, tan solo deber\u00e1s completar tu formulario de ingreso. <\/div><\/div><div class=\"rank-math-faq-item\"><h3 class=\"rank-math-question\">\u00bfEs segura esta p\u00e1gina de apuestas?<\/h3><div class=\"rank-math-answer\">Si es sumamente segura, ya que cuenta con una gran variedad de medidas de seguridad para proteger a sus usuarios.<\/div><\/div><div class=\"rank-math-faq-item\"><h3 class=\"rank-math-question\">\u00bfDebo ser mayor de edad para registrarme?<\/h3><div class=\"rank-math-answer\">Si, deber\u00e1s haber cumplido la mayor\u00eda de edad para poder acceder a este sitio. En caso de no serlo, no podr\u00e1s registrarte aqu\u00ed. <\/div><\/div><\/div>\n","protected":false},"excerpt":{"rendered":"<p>Para quienes se encuentren en la b\u00fasqueda de sitios de apuestas dentro de M\u00e9xico, hoy les contaremos sobre una de las mejores p\u00e1ginas de este territorio. Claramente estamos hablando de Betfair, una casa completa donde acceder\u00e1s a realizar cada una de tus jugadas de forma segura y eficaz. Para que aprendas a\u00fan m\u00e1s sobre ella, &#8230; <a title=\"BETFAIR | Bonos + Rese\u00f1a COMPLETA\" class=\"read-more\" href=\"https:\/\/supercuotas.gratis\/mx\/betfair\/\" aria-label=\"Leer m\u00e1s sobre BETFAIR | Bonos + Rese\u00f1a COMPLETA\">Read more<\/a><\/p>\n","protected":false},"author":74,"featured_media":0,"parent":0,"menu_order":0,"comment_status":"closed","ping_status":"closed","template":"","meta":{"_uag_custom_page_level_css":"","generate_page_header":"","footnotes":""},"class_list":["post-29490","page","type-page","status-publish"],"uagb_featured_image_src":{"full":false,"thumbnail":false,"medium":false,"medium_large":false,"large":false,"1536x1536":false,"2048x2048":false},"uagb_author_info":{"display_name":"Facundo","author_link":"https:\/\/supercuotas.gratis\/mx\/author\/facundo\/"},"uagb_comment_info":0,"uagb_excerpt":"Para quienes se encuentren en la b\u00fasqueda de sitios de apuestas dentro de M\u00e9xico, hoy les contaremos sobre una de las mejores p\u00e1ginas de este territorio. Claramente estamos hablando de Betfair, una casa completa donde acceder\u00e1s a realizar cada una de tus jugadas de forma segura y eficaz. Para que aprendas a\u00fan m\u00e1s sobre ella,&hellip;","_links":{"self":[{"href":"https:\/\/supercuotas.gratis\/mx\/wp-json\/wp\/v2\/pages\/29490","targetHints":{"allow":["GET"]}}],"collection":[{"href":"https:\/\/supercuotas.gratis\/mx\/wp-json\/wp\/v2\/pages"}],"about":[{"href":"https:\/\/supercuotas.gratis\/mx\/wp-json\/wp\/v2\/types\/page"}],"author":[{"embeddable":true,"href":"https:\/\/supercuotas.gratis\/mx\/wp-json\/wp\/v2\/users\/74"}],"replies":[{"embeddable":true,"href":"https:\/\/supercuotas.gratis\/mx\/wp-json\/wp\/v2\/comments?post=29490"}],"version-history":[{"count":2,"href":"https:\/\/supercuotas.gratis\/mx\/wp-json\/wp\/v2\/pages\/29490\/revisions"}],"predecessor-version":[{"id":29519,"href":"https:\/\/supercuotas.gratis\/mx\/wp-json\/wp\/v2\/pages\/29490\/revisions\/29519"}],"wp:attachment":[{"href":"https:\/\/supercuotas.gratis\/mx\/wp-json\/wp\/v2\/media?parent=29490"}],"curies":[{"name":"wp","href":"https:\/\/api.w.org\/{rel}","templated":true}]}}