{"id":29480,"date":"2023-07-03T00:49:37","date_gmt":"2023-07-02T22:49:37","guid":{"rendered":"https:\/\/supercuotas.gratis\/?page_id=29480"},"modified":"2023-07-03T00:49:38","modified_gmt":"2023-07-02T22:49:38","slug":"betmaster","status":"publish","type":"page","link":"https:\/\/supercuotas.gratis\/mx\/betmaster\/","title":{"rendered":"BETMASTER | Bonos + Rese\u00f1a COMPLETA"},"content":{"rendered":"\n<p>Hola fan\u00e1ticos de las casas de casino y apuestas deportivas online. Hoy estamos dispuestos a contarte toda la mejor informaci\u00f3n sobre una nueva casa que lleg\u00f3 a nuestro mercado. <strong>Hoy es el turno de hablar sobre BETMASTER y todos los bonos disponibles para sus usuarios registrados. <\/strong>No solo eso, tambi\u00e9n tendr\u00e1s disponible un <strong><a href=\"https:\/\/supercuotas.gratis\/mx\/betmaster-bono-sin-deposito-mexico\/\" target=\"_blank\" rel=\"noreferrer noopener\">bono sin deposito para poder aprovechar. <\/a><\/strong> Pero para todo esto antes, tendr\u00e1s que registrarte en el sitio web oficial de BETMASTER y comenzar a familiarizarte sobre lo que te iremos contando. <strong>No perdamos m\u00e1s tiempo, <a href=\"https:\/\/recor.to\/betmastermx\" target=\"_blank\" rel=\"noreferrer noopener nofollow sponsored\">dir\u00edgete al sitio web oficial <\/a>y comencemos esta nueva aventura juntos. <\/strong><\/p>\n\n\n\n<figure class=\"wp-block-image alignwide size-full\"><a href=\"https:\/\/recor.to\/betmastermx\" target=\"_blank\" rel=\"noreferrer noopener nofollow sponsored\"><img fetchpriority=\"high\" decoding=\"async\" width=\"825\" height=\"400\" src=\"https:\/\/supercuotas.gratis\/wp-content\/uploads\/2023\/06\/BETMASTER.webp\" alt=\"BETMASTER\" class=\"wp-image-29481\" srcset=\"https:\/\/supercuotas.gratis\/wp-content\/uploads\/2023\/06\/BETMASTER.webp 825w, https:\/\/supercuotas.gratis\/wp-content\/uploads\/2023\/06\/BETMASTER-300x145.webp 300w, https:\/\/supercuotas.gratis\/wp-content\/uploads\/2023\/06\/BETMASTER-768x372.webp 768w\" sizes=\"(max-width: 825px) 100vw, 825px\" \/><\/a><\/figure>\n\n\n\n<p>Comencemos con una breve rese\u00f1a y para luego meternos de lleno en el temas que seguramente m\u00e1s te interesa. <strong>Todos los bonos disponibles de BETMASTER.<\/strong><\/p>\n\n\n\n<h2 class=\"wp-block-heading has-text-align-center\"><strong>Informaci\u00f3n relevante sobre BETMASTER<\/strong><\/h2>\n\n\n\n<p>Nuestro trabajo es poder brindarte la mejor informaci\u00f3n sobre las diferentes casas de juegos de casino y apuestas deportivas online para que puedas sentirte seguro y tranquilo al <strong><a href=\"https:\/\/recor.to\/betmastermx\" target=\"_blank\" rel=\"noreferrer noopener nofollow sponsored\">momento de registrarte <\/a><\/strong>y hoy es el turno de BETMASTER.<\/p>\n\n\n\n<p>Lo primero que debes saber sobre <strong>esta casa es que es una casa que cumple con todos los requisitos de la ley y para ello, antes debi\u00f3 obtener las diferentes licencias y autorizaciones necesarias<\/strong>. Otro dato importante es que es uno de los denominados criptocasinos y esto realmente es una amplia ventaja para sus usuarios. <strong>Ya sabes que no solamente es una casa legal sino que claramente va a la vanguardia en lo que m\u00e9todos de pago se refiere.<\/strong> BETMASTER es una de las casas preferidas del mercado y ya te vas dando cuenta porque.<\/p>\n\n\n\n<p>Otro de los temas importantes a tener en cuenta sobre esta casa, es la seguridad con la que cuenta. Para los directivos de BETMASTER es un tema de suma importancia y es por ello que junto a su gran plantel de profesionales, <strong>logr\u00f3 desarrollar uno de los sistemas de seguridad m\u00e1s sofisticados del mercado. <\/strong>Al utilizar la tecnolog\u00eda SSL, todos tus datos personales y as\u00ed tambi\u00e9n los financieros, se mantendr\u00e1n encriptados. De esta manera, estar\u00e1n al resguardo de cualquier intento de fraude o estafa en todo momento.<strong> BETMASTER es la casa ideal de juegos de casino y apuestas deportivas online. <\/strong><\/p>\n\n\n\n<h3 class=\"wp-block-heading\">Los juegos disponibles de casino<\/h3>\n\n\n\n<p><strong>Esta casa cuenta con una interfaz completamente intuitiva y simple.<\/strong> Esto ayudar\u00e1 a que puedas encontrar tus juegos preferidos de una manera muy \u00e1gil y r\u00e1pida. Los juegos de casino los podremos dividir en dos. Por un lado el casino online y por el otro <strong><a href=\"https:\/\/recor.to\/betmastermx\" target=\"_blank\" rel=\"noreferrer noopener nofollow sponsored\">el casino en vivo. <\/a><\/strong>Empecemos por los juegos disponibles en el casino online.<\/p>\n\n\n\n<p>En el casino online podr\u00e1s encontrar los diferentes juegos ordenados de una manera simple. <strong>Estar\u00e1n ordenados por slots, bingo, jackpot, ruleta, baccar\u00e1, blackjack, poker, juegos instant\u00e1neos y <a href=\"https:\/\/recor.to\/betmastermx\" target=\"_blank\" rel=\"noreferrer noopener nofollow sponsored\">otros<\/a>. <\/strong>Cuando veas las diferentes m\u00e1quinas tragamonedas, estamos seguros que quedar\u00e1s fascinados con los divertidos colores y sus alegres sonidos. Podemos confirmar que pasaras un momento de pura diversi\u00f3n. <\/p>\n\n\n\n<p>En cuanto a los juegos de ruleta, blackjack o baccara, cuenta con unos gr\u00e1ficos tan bien logrados que casi parecen reales. Podr\u00e1s pasar horas jugando y no te dar\u00e1s cuenta. La diversi\u00f3n en BETMASTER, est\u00e1 asegurada.<\/p>\n\n\n\n<h3 class=\"wp-block-heading\"><strong>El casino en vivo de BETMASTER<\/strong><\/h3>\n\n\n\n<p><strong>Hablar del casino en vivo de BETMASTER es hablar de palabras mayores.<\/strong> En este casino, tendr\u00e1s la posibilidad no solo de enfrentar a verdaderos croupier quienes ser\u00e1n ellos quienes lleven los tiempos de las apuestas sino que adem\u00e1s podr\u00e1s enfrentarte a verdaderos jugadores. De esta forma podr\u00e1s experimentar lo que es llevar tus niveles de adrenalina a lugares nunca antes conocidos por ti. <\/p>\n\n\n\n<p>Realmente vale la pena <strong><a href=\"https:\/\/recor.to\/betmastermx\" target=\"_blank\" rel=\"noreferrer noopener nofollow sponsored\">probar el casino en vivo<\/a><\/strong> de BETMASTER. Luego de esto, notar\u00e1s que ya no har\u00e1 falta acercarte a ning\u00fan casino f\u00edsico. <strong>En este casino en vivo tendr\u00e1s la comodidad de jugar desde de tu casa en el horario que lo desees y con los beneficios de los distintos bonos y promociones disponibles <\/strong>para todos sus usuarios registrados. <\/p>\n\n\n\n<p>No pierdas m\u00e1s tiempo, <strong><a href=\"https:\/\/recor.to\/betmastermx\" target=\"_blank\" rel=\"noreferrer noopener nofollow sponsored\">reg\u00edstrate ahora mismo en BETMASTER<\/a><\/strong> y comienza a disfrutar de una de las mejores casas del mercado. Estamos seguros que no te arrepentir\u00e1s. <\/p>\n\n\n\n<h2 class=\"wp-block-heading\"><strong>Las apuestas deportivas disponibles<\/strong><\/h2>\n\n\n\n<p>Si eres amante de las apuestas deportivas, tenemos buenas noticias para ti. <strong>BETMASTER cuenta con un amplio abanico de apuestas deportivas <\/strong>y a continuaci\u00f3n te iremos contando todo sobre ellas.  <\/p>\n\n\n\n<p>Por ejemplo si eres fan\u00e1tico del f\u00fatbol, tendr\u00e1s disponible todas las ligas m\u00e1s importantes como por ejemplo <strong>Liga MX apertura, Premier League, Bundesliga, Primera divisi\u00f3n de Argentina, Copa Libertadores y otras ligas tambi\u00e9n de menor popularidad como League one de Inglaterra, Torneo Federal A de Argentina o la Copa de Egipto. <\/strong><\/p>\n\n\n\n<p><strong>Adem\u00e1s tambi\u00e9n podr\u00e1s hacer distintas apuestas en deportes como tenis, b\u00e9isbol, baloncesto, tenis, cricket, MMA, balonmano o tenis de mesa<\/strong>. Puedes ver todos los deportes disponibles haciendo <strong><a href=\"https:\/\/recor.to\/betmastermx\" target=\"_blank\" rel=\"noreferrer noopener nofollow sponsored\">clic aqu\u00ed. <\/a><\/strong><\/p>\n\n\n\n<p><strong>Tambi\u00e9n tendr\u00e1s la posibilidad de hacer apuestas en deportes virtuales o en Esports<\/strong>. Solo tu puedes decidir en cual de todas las opciones de BETMASTER quieres hacer una apuesta. <\/p>\n\n\n\n<figure class=\"wp-block-image size-full\"><a href=\"https:\/\/recor.to\/betmastermx\" target=\"_blank\" rel=\"noreferrer noopener nofollow sponsored\"><img decoding=\"async\" width=\"1024\" height=\"359\" src=\"https:\/\/supercuotas.gratis\/wp-content\/uploads\/2023\/07\/betmaster-mexico.webp\" alt=\"betmaster mexico\" class=\"wp-image-29652\" srcset=\"https:\/\/supercuotas.gratis\/wp-content\/uploads\/2023\/07\/betmaster-mexico.webp 1024w, https:\/\/supercuotas.gratis\/wp-content\/uploads\/2023\/07\/betmaster-mexico-300x105.webp 300w, https:\/\/supercuotas.gratis\/wp-content\/uploads\/2023\/07\/betmaster-mexico-768x269.webp 768w\" sizes=\"(max-width: 1024px) 100vw, 1024px\" \/><\/a><\/figure>\n\n\n\n<p>Ahora es el momento que m\u00e1s estabas esperando, es el momento de contarte todo sobre los distintos bonos de bienvenida que est\u00e1n disponibles en BETMASTER. <strong>Si quieres conocer m\u00e1s sobre los mejores bonos disponibles en el mercado no tienes m\u00e1s que <a href=\"https:\/\/supercuotas.gratis\/mx\/\" target=\"_blank\" rel=\"noreferrer noopener\">hacer clic aqu\u00ed. <\/a><\/strong>Volviendo a los bonos de bienvenida de BETMASTER,<strong> si\u00e9ntate y presta mucha atenci\u00f3n a lo que te contaremos para que puedas sacarle el mayor de los provechos a los distintos bonos disponibles.  <\/strong><\/p>\n\n\n\n<h2 class=\"wp-block-heading has-text-align-center\"><strong>Los bonos de bienvenida<\/strong><\/h2>\n\n\n\n<p>Los bonos de bienvenida de BETMASTER los podemos dividir en dos. <strong>Por un lado el bono de bienvenida para los juegos de casino y por el otro lado, el bono de bienvenida para las apuestas deportivas. <\/strong><\/p>\n\n\n\n<p>Si bien son dos bonos totalmente diferentes, tienen algo en com\u00fan que. <strong>Para poder adquirir cualquiera de estos 2 bonos, tendr\u00e1s que registrarte en el sitio web oficial de BETMASTER. <\/strong>Si bien es una tarea simple, te explicaremos r\u00e1pidamente como hacerlo para luego meternos de lleno en las caracter\u00edsticas de cada uno de estos bonos.  <\/p>\n\n\n\n<p>Al dirigirte al sitio web oficial de BETMASTER, tendr\u00e1s que visualizar una pesta\u00f1a de color celeste con la leyenda <strong><a href=\"https:\/\/recor.to\/betmastermx\" target=\"_blank\" rel=\"noreferrer noopener nofollow sponsored\">CREAR CUENTA<\/a><\/strong>. No solo deber\u00e1s completar un peque\u00f1o formulario con algunos datos personales sino que este<strong> tambi\u00e9n ser\u00e1 el momento en el cual debas optar por el bono para los juegos de casino, el bono para las apuestas deportivas o ning\u00fan bono. <\/strong>Luego aceptar los t\u00e9rminos y condiciones de la cuenta y ya estar\u00e1s en condiciones en seguir adelante con la obtenci\u00f3n de cualquier de los 2 bonos que hayas elegido. <\/p>\n\n\n\n<h3 class=\"wp-block-heading\"><strong>Bono de bienvenida para los juegos de casino de BETMASATER<\/strong><\/h3>\n\n\n\n<p>Con el fabuloso bono de bienvenida para el casino, <strong>podr\u00e1s recibir el 100% de tu primer dep\u00f3sito hasta un monto m\u00e1ximo de $4.000 o el equivalente en otra moneda m\u00e1s 40 giros gratis. <\/strong>S\u00ed, as\u00ed como lees, as\u00ed de generoso es este bono de bienvenida. Tendr\u00e1s que tener en cuenta que habr\u00e1 <strong><a href=\"https:\/\/recor.to\/betmastermx\" target=\"_blank\" rel=\"noreferrer noopener nofollow sponsored\">t\u00e9rminos y condiciones<\/a><\/strong> que deber\u00e1s respetar para poder recibir y utilizar este bono sin ning\u00fan tipo de inconveniente. Por ejemplo, los dep\u00f3sitos realizados con Skrill, Neteller o Pay4Fun, no podr\u00e1n participar de esta promoci\u00f3n. <\/p>\n\n\n\n<p>Recuerda que tendr\u00e1s que cumplir tambi\u00e9n con el requisito de apuesta para poder hacerte del dinero de las ganancias obtenidas. <strong><a href=\"https:\/\/recor.to\/betmastermx\" target=\"_blank\" rel=\"noreferrer noopener nofollow sponsored\">Reg\u00edstrate ahora mismo aqu\u00ed<\/a> y ve en busca de tu bono.  <\/strong><\/p>\n\n\n\n<h3 class=\"wp-block-heading\"><strong>Bono de bienvenida para las apuestas deportivas<\/strong><\/h3>\n\n\n\n<p><strong>En cuanto al bono de bienvenida para las apuestas deportivas, estar\u00e1s recibiendo un bono del 100% de tu primer dep\u00f3sito hasta un monto m\u00e1ximo de $5.000 o el equivalente en otra moneda pero adem\u00e1s una apuesta gratis de $120. <\/strong>Tienes todo para ganar. En este caso, tambi\u00e9n ser\u00e1 indispensable que cumplas con<strong><a href=\"https:\/\/recor.to\/betmastermx\" target=\"_blank\" rel=\"noreferrer noopener nofollow sponsored\"> los requisitos de apuesta<\/a><\/strong> para poder retirar las ganancias obtenidas de tus apuestas ganadoras.<\/p>\n\n\n\n<p><strong>Tienes que saber que BETMASTER se reserva el derecho de cancelar, suspender o modificar este bono sin ning\u00fan tipo de aviso previo. Aqu\u00ed tambi\u00e9n aplicar\u00e1n t\u00e9rminos y condiciones generales.<\/strong> Puedes conocer los t\u00e9rminos y condiciones de este bono haciendo <strong><a href=\"https:\/\/recor.to\/betmastermx\" target=\"_blank\" rel=\"noreferrer noopener nofollow sponsored\">clic aqu\u00ed. <\/a><\/strong><\/p>\n\n\n\n<figure class=\"wp-block-image alignwide size-full\"><a href=\"https:\/\/recor.to\/betmastermx\" target=\"_blank\" rel=\"noreferrer noopener nofollow sponsored\"><img decoding=\"async\" width=\"800\" height=\"418\" src=\"https:\/\/supercuotas.gratis\/wp-content\/uploads\/2023\/07\/betmaster-bonos-mexico.jpg\" alt=\"betmaster bonos mexico\" class=\"wp-image-29661\" srcset=\"https:\/\/supercuotas.gratis\/wp-content\/uploads\/2023\/07\/betmaster-bonos-mexico.jpg 800w, https:\/\/supercuotas.gratis\/wp-content\/uploads\/2023\/07\/betmaster-bonos-mexico-300x157.jpg 300w, https:\/\/supercuotas.gratis\/wp-content\/uploads\/2023\/07\/betmaster-bonos-mexico-768x401.jpg 768w\" sizes=\"(max-width: 800px) 100vw, 800px\" \/><\/a><\/figure>\n\n\n<p>[ratings]<\/p>\n\n\n\n<h2 class=\"wp-block-heading has-text-align-center\"><strong>Todas las preguntas frecuentes sobre BETMASTER<\/strong><\/h2>\n\n\n\n<div class=\"wp-block-rank-math-faq-block\"><div class=\"rank-math-faq-item\"><h3 class=\"rank-math-question\">\u00bf Acepta criptomonedas como m\u00e9todo de pago?<\/h3><div class=\"rank-math-answer\">BETMASTER es uno de los denominados criptocasinos y por ende s\u00ed acepta criptomonedas. Tambi\u00e9n podr\u00e1s optar por alguno de los otros m\u00e9todos m\u00e1s tradicionales para poder realizar tus dep\u00f3sitos.<\/div><\/div><div class=\"rank-math-faq-item\"><h3 class=\"rank-math-question\">\u00bf Hay m\u00e1s bonos y promociones disponibles en esta excelente casa?<\/h3><div class=\"rank-math-answer\">Por supuesto que si. Podemos decir que hay un bono para cada perfil de jugador, Solo debes escoger el m\u00e1s indicado para ti y disfrutarlo al m\u00e1ximo.<\/div><\/div><div class=\"rank-math-faq-item\"><h3 class=\"rank-math-question\">\u00bf Debo estar registrado para poder acceder a todos los beneficios de los bonos y promociones?<\/h3><div class=\"rank-math-answer\">As\u00ed es. Para poder disfrutar al m\u00e1ximo de los beneficios de BETMASTER, tendr\u00e1s que registrarte en su sitio web oficial. <\/div><\/div><div class=\"rank-math-faq-item\"><h3 class=\"rank-math-question\">\u00bf Es muy dif\u00edcil registrarse?<\/h3><div class=\"rank-math-answer\">La verdad es que es un tr\u00e1mite sumamente sencillo y r\u00e1pido. No tardar\u00e1s m\u00e1s de cinco minutos y realmente vale la pena tomarse este tiempo.<\/div><\/div><div class=\"rank-math-faq-item\"><h3 class=\"rank-math-question\">\u00bf Puedo registrarme si soy menor de edad?<\/h3><div class=\"rank-math-answer\">No. Solo podr\u00e1n registrarse aquellas personas que al momento de registrarse, sean mayores de edad. <\/div><\/div><div class=\"rank-math-faq-item\"><h3 class=\"rank-math-question\">\u00bf Cual es el costo que debo abonar para registrarme?<\/h3><div class=\"rank-math-answer\">No deber\u00e1s abonar nada. Registrarte en BETMASTER es totalmente gratuito. <\/div><\/div><\/div>\n","protected":false},"excerpt":{"rendered":"<p>Hola fan\u00e1ticos de las casas de casino y apuestas deportivas online. Hoy estamos dispuestos a contarte toda la mejor informaci\u00f3n sobre una nueva casa que lleg\u00f3 a nuestro mercado. Hoy es el turno de hablar sobre BETMASTER y todos los bonos disponibles para sus usuarios registrados. No solo eso, tambi\u00e9n tendr\u00e1s disponible un bono sin &#8230; <a title=\"BETMASTER | Bonos + Rese\u00f1a COMPLETA\" class=\"read-more\" href=\"https:\/\/supercuotas.gratis\/mx\/betmaster\/\" aria-label=\"Leer m\u00e1s sobre BETMASTER | Bonos + Rese\u00f1a COMPLETA\">Read more<\/a><\/p>\n","protected":false},"author":78,"featured_media":0,"parent":0,"menu_order":0,"comment_status":"closed","ping_status":"closed","template":"","meta":{"_uag_custom_page_level_css":"","generate_page_header":"","footnotes":""},"class_list":["post-29480","page","type-page","status-publish"],"uagb_featured_image_src":{"full":false,"thumbnail":false,"medium":false,"medium_large":false,"large":false,"1536x1536":false,"2048x2048":false},"uagb_author_info":{"display_name":"Gaston","author_link":"https:\/\/supercuotas.gratis\/mx\/author\/gaston\/"},"uagb_comment_info":0,"uagb_excerpt":"Hola fan\u00e1ticos de las casas de casino y apuestas deportivas online. Hoy estamos dispuestos a contarte toda la mejor informaci\u00f3n sobre una nueva casa que lleg\u00f3 a nuestro mercado. Hoy es el turno de hablar sobre BETMASTER y todos los bonos disponibles para sus usuarios registrados. No solo eso, tambi\u00e9n tendr\u00e1s disponible un bono sin&hellip;","_links":{"self":[{"href":"https:\/\/supercuotas.gratis\/mx\/wp-json\/wp\/v2\/pages\/29480","targetHints":{"allow":["GET"]}}],"collection":[{"href":"https:\/\/supercuotas.gratis\/mx\/wp-json\/wp\/v2\/pages"}],"about":[{"href":"https:\/\/supercuotas.gratis\/mx\/wp-json\/wp\/v2\/types\/page"}],"author":[{"embeddable":true,"href":"https:\/\/supercuotas.gratis\/mx\/wp-json\/wp\/v2\/users\/78"}],"replies":[{"embeddable":true,"href":"https:\/\/supercuotas.gratis\/mx\/wp-json\/wp\/v2\/comments?post=29480"}],"version-history":[{"count":1,"href":"https:\/\/supercuotas.gratis\/mx\/wp-json\/wp\/v2\/pages\/29480\/revisions"}],"predecessor-version":[{"id":29670,"href":"https:\/\/supercuotas.gratis\/mx\/wp-json\/wp\/v2\/pages\/29480\/revisions\/29670"}],"wp:attachment":[{"href":"https:\/\/supercuotas.gratis\/mx\/wp-json\/wp\/v2\/media?parent=29480"}],"curies":[{"name":"wp","href":"https:\/\/api.w.org\/{rel}","templated":true}]}}