{"id":28943,"date":"2023-06-14T00:08:07","date_gmt":"2023-06-13T22:08:07","guid":{"rendered":"https:\/\/supercuotas.gratis\/?page_id=28943"},"modified":"2023-06-22T18:08:01","modified_gmt":"2023-06-22T16:08:01","slug":"instabet-bono-sin-deposito-mexico","status":"publish","type":"page","link":"https:\/\/supercuotas.gratis\/mx\/instabet-bono-sin-deposito-mexico\/","title":{"rendered":"Instabet Bono SIN Deposito \u00bb Ofertas de Bienvenida"},"content":{"rendered":"\n<p>Descubre algunas de las mejores ofertas y beneficios disponibles en este sitio! Si est\u00e1s buscando aprender todo sobre uno de los sitios m\u00e1s exclusivos en casino y apuestas deportivas, no te pierdas el siguiente art\u00edculo. Te ofrecemos una rese\u00f1a al detalle sobre Instabet M\u00e9xico, y todo sobre sus ofertas, como bono sin deposito, bonos de bienvenida, entre otras. As\u00ed que no te despegues de tu pantalla, y acomp\u00e1\u00f1anos a conocerla.<a href=\"https:\/\/recor.to\/instabet\" target=\"_blank\" rel=\"noreferrer noopener nofollow sponsored\"> \u00a1Vis\u00edtala ahora mismo!<\/a><\/p>\n\n\n\n<figure class=\"wp-block-image size-large\"><a href=\"https:\/\/recor.to\/instabet\" target=\"_blank\" rel=\"noreferrer noopener nofollow sponsored\"><img fetchpriority=\"high\" decoding=\"async\" width=\"1024\" height=\"576\" src=\"https:\/\/supercuotas.gratis\/wp-content\/uploads\/2023\/06\/INSTABET-bono-sin-deposito-1024x576.webp\" alt=\"instabet bono sin deposito\" class=\"wp-image-29389\" srcset=\"https:\/\/supercuotas.gratis\/wp-content\/uploads\/2023\/06\/INSTABET-bono-sin-deposito-1024x576.webp 1024w, https:\/\/supercuotas.gratis\/wp-content\/uploads\/2023\/06\/INSTABET-bono-sin-deposito-300x169.webp 300w, https:\/\/supercuotas.gratis\/wp-content\/uploads\/2023\/06\/INSTABET-bono-sin-deposito-768x432.webp 768w, https:\/\/supercuotas.gratis\/wp-content\/uploads\/2023\/06\/INSTABET-bono-sin-deposito.webp 1280w\" sizes=\"(max-width: 1024px) 100vw, 1024px\" \/><\/a><\/figure>\n\n\n\n<h2 class=\"wp-block-heading\"><strong>Primero que nada, vamos a conocer a Instabet M\u00e9xico <\/strong><\/h2>\n\n\n\n<p>Creemos que lo primero que vas a querer saber sobre Instabet, antes de saber si tiene un bono sin deposito o una oferta de bienvenida, es de qu\u00e9 se trata esta plataforma. Porque claro, un sitio puede estar repleto de beneficios, y a\u00fan as\u00ed no satisfacer tus gustos y preferencias de juego. <strong>As\u00ed que, para comenzar, vamos a hacer un recorrido sobre todo lo que tienes disponible en este sitio, incluyendo el casino y las apuestas deportivas. <\/strong><\/p>\n\n\n\n<p>Y es que esta plataforma est\u00e1 pensada exclusivamente para que todos los usuarios encuentren lo que est\u00e1n buscando, se diviertan y se beneficien con las mejores opciones de juego del mundo! El sitio m\u00e1s repleto de emoci\u00f3n, entretenimiento y de adrenalina, principalmente porque cuenta con algunos de los cat\u00e1logos m\u00e1s completos que hayamos visto. <strong>Pero tambi\u00e9n por sus grandes bonos. <\/strong><\/p>\n\n\n\n<p>En este sitio, vas a encontrar promociones que son tan f\u00e1ciles de activar como registrarte y hacer tu primer dep\u00f3sito. Realmente es as\u00ed de sencillo! No te vas a querer perder de nada en este sitio que cuenta con las opciones m\u00e1s modernas y de \u00faltima generaci\u00f3n.<strong> M\u00e1s abajo te lo contamos todo sobre las mejores opciones de juego que tiene el sitio, para luego pasar r\u00e1pidamente a conocer <a href=\"https:\/\/supercuotas.gratis\/mx\/instabet\/\" target=\"_blank\" rel=\"noreferrer noopener\">todos los bonos disponibles para los usuarios. <\/a><\/strong><\/p>\n\n\n\n<p>Por \u00faltimo, no est\u00e1 de m\u00e1s mencionar que el sitio, licenciado para operar, cuenta con complejos sistemas de seguridad y encriptado SSL. Esto quiere decir que siempre estar\u00e1s protegido y respaldado por el sistema, que realmente se preocupa por el bienestar y la integridad de los usuarios.<strong> As\u00ed que ni lo dudes, <a href=\"https:\/\/recor.to\/instabet\" target=\"_blank\" rel=\"noreferrer noopener nofollow sponsored\">dir\u00edgete a Instabet para conocer de que se tarta, <\/a>y continuemos! <\/strong><\/p>\n\n\n\n<h3 class=\"wp-block-heading\" id=\"h-juegos-disponibles-en-el-casino-online-y-en-vivo\"><strong>Juegos disponibles en el Casino Online y en Vivo<\/strong><\/h3>\n\n\n\n<p>Podemos englobar las formas de juego de Instabet en dos grupos generales: el casino y las apuestas deportivas. As\u00ed que, antes de pasar al Bono sin deposito de Instabet, te contamos de qu\u00e9 se trata cada modalidad de juego del sitio, para que descubras cu\u00e1l de ellas te gusta m\u00e1s. <strong>Comenzando por el casino, debes saber que cuenta con una multiplicidad de juegos con todo tipo de inspiraciones y tem\u00e1ticas, tanto para usuarios novatos como avanzados<\/strong>. Veamos. <\/p>\n\n\n\n<h4 class=\"wp-block-heading\" id=\"h-tragamonedas-o-slots\"><strong>Tragamonedas o Slots<\/strong><\/h4>\n\n\n\n<p>Los juegos m\u00e1s solicitados en este tipo de casinos, suelen ser las tragamonedas, tambi\u00e9n conocidas como slots. En este sitio encontrar\u00e1s cientos de ellas con tem\u00e1ticas basadas en culturas, series, pel\u00edculas y m\u00e1s. <strong>Adem\u00e1s, encontrar\u00e1s algunas ediciones especiales como las que tienen Giros Gratis, bonos, comodines, jackpots y multiplicadores. <\/strong><\/p>\n\n\n\n<h4 class=\"wp-block-heading\" id=\"h-juegos-de-mesa\"><strong>Juegos de Mesa<\/strong><\/h4>\n\n\n\n<p>Otros de los juegos m\u00e1s pedidos por los usuarios son los juegos de mesa.<strong> Dentro de esta categor\u00eda se incluyen la Ruleta, el Blackjack, el Baccarat o Craps. <\/strong>Adem\u00e1s, estos juegos suelen ser muy difundidos por lo que los usuarios ya cuentan con sus propias estrategias para tentar a la suerte y desafiar al casino. <\/p>\n\n\n\n<h4 class=\"wp-block-heading\" id=\"h-poker\"><strong>P\u00f3ker<\/strong><\/h4>\n\n\n\n<p>No cualquier sitio tiene una secci\u00f3n dedicada al P\u00f3ker, el juego de cartas m\u00e1s popular de todo el mundo. <strong>Mesas para jugadores profesionales y novatos, en todos los niveles, para ganar sumas gigantescas de dinero. <\/strong><\/p>\n\n\n\n<h4 class=\"wp-block-heading\" id=\"h-casino-en-vivo\"><strong>Casino en Vivo<\/strong><\/h4>\n\n\n\n<p>Aunque el bono sin deposito no aplique a estos juegos, con el mismo podr\u00e1s ganar saldo extra para utilizar en el casino! En las mesas del Casino en vivo te encontrar\u00e1s con la verdadera adrenalina y la opci\u00f3n m\u00e1s realista de la plataforma. <strong>Desde los estudios, te esperan los croupiers reales m\u00e1s carism\u00e1ticos del mundo para guiarte en el proceso. Blackjack, baccarat y ruletas, entre otros. Y una experiencia en HD! <\/strong><\/p>\n\n\n\n<figure class=\"wp-block-image size-large\"><a href=\"https:\/\/recor.to\/instabet\" rel=\"nofollow noopener sponsored\"><img decoding=\"async\" width=\"1024\" height=\"512\" src=\"https:\/\/supercuotas.gratis\/wp-content\/uploads\/2023\/06\/instabet-bono-gratis-1024x512.jpg\" alt=\"instabet oferta gratis \" class=\"wp-image-29398\" srcset=\"https:\/\/supercuotas.gratis\/wp-content\/uploads\/2023\/06\/instabet-bono-gratis-1024x512.jpg 1024w, https:\/\/supercuotas.gratis\/wp-content\/uploads\/2023\/06\/instabet-bono-gratis-300x150.jpg 300w, https:\/\/supercuotas.gratis\/wp-content\/uploads\/2023\/06\/instabet-bono-gratis-768x384.jpg 768w, https:\/\/supercuotas.gratis\/wp-content\/uploads\/2023\/06\/instabet-bono-gratis.jpg 1200w\" sizes=\"(max-width: 1024px) 100vw, 1024px\" \/><\/a><\/figure>\n\n\n\n<p class=\"has-text-align-center\"><em><a href=\"https:\/\/supercuotas.gratis\/mx\/\" target=\"_blank\" rel=\"noreferrer noopener\">Las mejores ofertas para M\u00e9xico <\/a><\/em><\/p>\n\n\n\n<h3 class=\"wp-block-heading\" id=\"h-mercados-y-tipos-de-apuestas-en-deportes\"><strong>Mercados y tipos de apuestas en Deportes <\/strong><\/h3>\n\n\n\n<p>Por el otro lado, entre los dos grupos que globalizan las formas de juego del sitio, <strong>tendremos las Apuestas Deportivas. Creemos que vale la pena mencionar todo lo que puedes hacer aqu\u00ed respecto a los deportes<\/strong>, pues el bono de bienvenida de Instabet con o sin deposito, aplica espec\u00edficamente a este tipo de jugadas! <a href=\"https:\/\/recor.to\/instabet\" target=\"_blank\" rel=\"noreferrer noopener nofollow sponsored\">As\u00ed que no te lo pierdas<\/a>.<\/p>\n\n\n\n<h4 class=\"wp-block-heading\" id=\"h-apuestas-sencillas\"><strong>Apuestas sencillas<\/strong><\/h4>\n\n\n\n<p>Es el tipo de apuesta m\u00e1s f\u00e1cil, porque se trata de una apuesta directa, de una sola selecci\u00f3n, en la que colocas dinero por tal o cual resultado, o por tal o cual mercado. Por ejemplo, el resultado final de un partido, o simplemente el ganador, o la figura destacada. P<strong>or ejemplo, podremos incluir aqu\u00ed las Moneylines a Ganador, una opci\u00f3n especial donde apostar\u00e1s por qui\u00e9n ganar\u00e1 un evento completo o la posici\u00f3n final de alg\u00fan equipo. <\/strong><\/p>\n\n\n\n<h4 class=\"wp-block-heading\" id=\"h-apuestas-combinadas-o-multiples\"><strong>Apuestas combinadas o m\u00faltiples <\/strong><\/h4>\n\n\n\n<p>Se trata de otra forma de hacer tus apuestas, un poco m\u00e1s compleja pero con ganancias muy superiores. En este caso, combinas varias apuestas en una: varios resultados que, de finalizar exactamente como apostaste, te dan ganancias realmente gigantes. <strong>Eso s\u00ed, tienes que acertar a todos los resultados de la apuesta, y la misma puede tener 3 o m\u00e1s selecciones diferentes.<\/strong><\/p>\n\n\n\n<h4 class=\"wp-block-heading\" id=\"h-apuestas-condicionadas\"><strong>Apuestas Condicionadas<\/strong><\/h4>\n\n\n\n<p>Por \u00faltimo, tambi\u00e9n tenemos una forma de hacer tus apuestas en las que se arma una especie de cadena. Son las apuestas donde tu pron\u00f3stico en un primer partido condicionar\u00e1 el resultado del siguiente, etc. Por ejemplo, cuando apuestas en varias fechas de un mismo torneo. <strong>Una vez que conozcas la din\u00e1mica, no querr\u00e1s dejar de hacerlas! Y por eso te presentamos el bono, con o sin deposito de Instabet. <\/strong><\/p>\n\n\n\n<h2 class=\"wp-block-heading\" id=\"h-no-te-vayas-sin-conocer-el-bono-de-bienvenida-de-instabet-por-tu-primer-deposito\">\u00a1<strong>No te vayas sin conocer el Bono de Bienvenida de Instabet, por tu primer deposito<\/strong>!<\/h2>\n\n\n\n<p>Ahora bien, conozcamos de una vez el Bono con o sin deposito de Instabet, una oferta realmente exclusiva en este sitio para los usuarios mexicanos! Se trata de una oferta de bienvenida de la plataforma, y a continuaci\u00f3n te dejamos todos los detalles sobre c\u00f3mo conseguirla, y cu\u00e1les son sus t\u00e9rminos y condiciones. <strong>Estamos hablando de un beneficio que te regala dinero extra para la primera vez que ingreses dinero en esta plataforma !<\/strong><\/p>\n\n\n\n<p>Si bien el bono de bienvenida que duplica tu primer dep\u00f3sito es algo usual en este tipo de sitios, nunca lo has visto de esta forma: porque la bonificaci\u00f3n de Instabet es m\u00e1s grande seg\u00fan cuanto mayor sea tu primer dep\u00f3sito! Y no solo eso, sino que t\u00fa mismo puedes elegir el c\u00f3digo promocional entre las opciones. <strong>Cada c\u00f3digo promocional tiene un porcentaje de bonificaci\u00f3n, y a su vez, un monto m\u00ednimo y m\u00e1ximo de dep\u00f3sito correspondiente. Funciona de la siguiente manera. <\/strong><\/p>\n\n\n\n<ul class=\"wp-block-list\">\n<li>Con el c\u00f3digo promocional <strong>PRIMER100<\/strong>, puedes depositar entre $300 y $399 para obtener una bonificaci\u00f3n del 100% extra de tu dep\u00f3sito. <\/li>\n\n\n\n<li>Con el c\u00f3digo promocional <strong>PRIMER120<\/strong>, podr\u00e1s hacer un dep\u00f3sito de entre $400 y $499, para obtener un bono del 120% extra del monto. <\/li>\n\n\n\n<li>En el caso del c\u00f3digo promocional <strong>PRIMER150<\/strong>, haz un dep\u00f3sito de entre $500 y $999 pata obtener un beneficio del 105% en saldo extra. <\/li>\n\n\n\n<li>Con el c\u00f3digo <strong>PRIMER175<\/strong>, en este caso por un dep\u00f3sito de entre $1000 y $1999 tendr\u00e1s un bono del 17% en saldo extra sobre ese monto. <\/li>\n\n\n\n<li>Por \u00faltimo, con el c\u00f3digo <strong>PRIMER200<\/strong>, haz un dep\u00f3sito de entre $2500 y $2900, y recibe un bono del 200% extra, el triple de dinero! <\/li>\n<\/ul>\n\n\n\n<h3 class=\"wp-block-heading\" id=\"h-puedes-obtener-el-bono-de-instabet-sin-hacer-un-deposito\"><strong>\u00bfPuedes obtener el Bono de Instabet sin hacer un dep\u00f3sito?<\/strong><\/h3>\n\n\n\n<p>Lamentablemente, no podr\u00e1s obtener este Bono de Bienvenida de Instabet sin antes hacer tu primer deposito. <strong>Es decir, este beneficio funciona activando un c\u00f3digo promocional<a href=\"https:\/\/recor.to\/instabet\" target=\"_blank\" rel=\"noreferrer noopener nofollow sponsored\"> con tu primer dep\u00f3sito<\/a>, y mientras cumplas con el monto<\/strong><\/p>\n\n\n\n<h3 class=\"wp-block-heading\" id=\"h-bases-y-condiciones-del-bono-de-instabet\"><strong>Bases y Condiciones del Bono de Instabet <\/strong><\/h3>\n\n\n\n<ol class=\"wp-block-list\">\n<li>Esta oferta exclusiva para nuevos usuarios, estar\u00e1 vigente hasta abril del 2024 <\/li>\n\n\n\n<li>Oferta exclusiva para usuarios mayores de edad<\/li>\n\n\n\n<li>Esta oferta solo estar\u00e1 disponible con el primer dep\u00f3sito de cada usuario<\/li>\n\n\n\n<li>El Bono de Bienvenida es exclusivo para la secci\u00f3n de Apuestas Deportivas<\/li>\n\n\n\n<li>El usuario tendr\u00e1 que indicar el c\u00f3digo promocional seleccionado para obtener su beneficio<\/li>\n\n\n\n<li>La oferta tiene un rollover (requisito de apuesta) de 20 veces el valor del bono conseguido <\/li>\n\n\n\n<li>Cada jugador podr\u00e1 elegir tan solo uno de los c\u00f3digos promocionales indicados de bienvenida<\/li>\n\n\n\n<li>Para poder utilizar el dinero bonificado, el usuario tendr\u00e1 que haber utilizado la totalidad de su primer dep\u00f3sito<\/li>\n\n\n\n<li>Se aplican todos los T\u00e9rminos y Condiciones relacionados a<a href=\"https:\/\/recor.to\/instabet\" target=\"_blank\" rel=\"noreferrer noopener nofollow sponsored\"> Instabet M\u00e9xico<\/a><\/li>\n<\/ol>\n\n\n\n<figure class=\"wp-block-image size-large\"><a href=\"https:\/\/recor.to\/instabet\" target=\"_blank\" rel=\"noreferrer noopener nofollow sponsored\"><img decoding=\"async\" src=\"https:\/\/download.app\/wp-content\/uploads\/2023\/06\/instabet-oferta-sin-deposito-1024x512.jpg\" alt=\"instabet oferta sin deposito\" class=\"wp-image-75663\"\/><\/a><\/figure>\n\n\n<p>[ratings]<\/p>\n\n\n\n<h2 class=\"wp-block-heading\">Preguntas frecuentes sobre Instabet M\u00e9xico<\/h2>\n\n\n\n<div class=\"wp-block-rank-math-faq-block\"><div class=\"rank-math-faq-item\"><h3 class=\"rank-math-question\"><strong>\u00bfQu\u00e9 es Instabet?<\/strong> <\/h3><div class=\"rank-math-answer\">Instabet es una casa de apuestas deportivas y casino online.<\/div><\/div><div class=\"rank-math-faq-item\"><h3 class=\"rank-math-question\"><strong>\u00bfC\u00f3mo me registro en Instabet?<\/strong><\/h3><div class=\"rank-math-answer\">Al ingresar al sitio, encontrar\u00e1s un bot\u00f3n de registro.<\/div><\/div><div class=\"rank-math-faq-item\"><h3 class=\"rank-math-question\"><strong>\u00bfEs seguro jugar en Instabet?<\/strong><\/h3><div class=\"rank-math-answer\">S\u00ed, la plataforma cuenta con todas las licencias correspondientes.<\/div><\/div><div class=\"rank-math-faq-item\"><h3 class=\"rank-math-question\"><strong>\u00bfEs gratis registrarse en Instabet?<\/strong><\/h3><div class=\"rank-math-answer\">S\u00ed, el registro es completamente gratuito.<\/div><\/div><div class=\"rank-math-faq-item\"><h3 class=\"rank-math-question\"><strong>\u00bfTiene Instabet alg\u00fan bono de bienvenida?<\/strong><\/h3><div class=\"rank-math-answer\">S\u00ed, tiene su bono de bienvenida para apuestas deportivas.<\/div><\/div><div class=\"rank-math-faq-item\"><h3 class=\"rank-math-question\"><strong>\u00bfQu\u00e9 otras ofertas tiene Instabet?<\/strong><\/h3><div class=\"rank-math-answer\">Instabet cuenta con un bono de cumplea\u00f1os, recargas y bono por referir el sitio.<\/div><\/div><div class=\"rank-math-faq-item\"><h3 class=\"rank-math-question\"><strong>\u00bfDebo ser mayor de edad para jugar en Instabet?<\/strong><\/h3><div class=\"rank-math-answer\">S\u00ed, es obligatorio.<\/div><\/div><\/div>\n","protected":false},"excerpt":{"rendered":"<p>Descubre algunas de las mejores ofertas y beneficios disponibles en este sitio! Si est\u00e1s buscando aprender todo sobre uno de los sitios m\u00e1s exclusivos en casino y apuestas deportivas, no te pierdas el siguiente art\u00edculo. Te ofrecemos una rese\u00f1a al detalle sobre Instabet M\u00e9xico, y todo sobre sus ofertas, como bono sin deposito, bonos de &#8230; <a title=\"Instabet Bono SIN Deposito \u00bb Ofertas de Bienvenida\" class=\"read-more\" href=\"https:\/\/supercuotas.gratis\/mx\/instabet-bono-sin-deposito-mexico\/\" aria-label=\"Leer m\u00e1s sobre Instabet Bono SIN Deposito \u00bb Ofertas de Bienvenida\">Read more<\/a><\/p>\n","protected":false},"author":75,"featured_media":0,"parent":0,"menu_order":0,"comment_status":"closed","ping_status":"closed","template":"","meta":{"_uag_custom_page_level_css":"","generate_page_header":"","footnotes":""},"class_list":["post-28943","page","type-page","status-publish"],"uagb_featured_image_src":{"full":false,"thumbnail":false,"medium":false,"medium_large":false,"large":false,"1536x1536":false,"2048x2048":false},"uagb_author_info":{"display_name":"Rocio","author_link":"https:\/\/supercuotas.gratis\/mx\/author\/rocio\/"},"uagb_comment_info":0,"uagb_excerpt":"Descubre algunas de las mejores ofertas y beneficios disponibles en este sitio! Si est\u00e1s buscando aprender todo sobre uno de los sitios m\u00e1s exclusivos en casino y apuestas deportivas, no te pierdas el siguiente art\u00edculo. Te ofrecemos una rese\u00f1a al detalle sobre Instabet M\u00e9xico, y todo sobre sus ofertas, como bono sin deposito, bonos de&hellip;","_links":{"self":[{"href":"https:\/\/supercuotas.gratis\/mx\/wp-json\/wp\/v2\/pages\/28943","targetHints":{"allow":["GET"]}}],"collection":[{"href":"https:\/\/supercuotas.gratis\/mx\/wp-json\/wp\/v2\/pages"}],"about":[{"href":"https:\/\/supercuotas.gratis\/mx\/wp-json\/wp\/v2\/types\/page"}],"author":[{"embeddable":true,"href":"https:\/\/supercuotas.gratis\/mx\/wp-json\/wp\/v2\/users\/75"}],"replies":[{"embeddable":true,"href":"https:\/\/supercuotas.gratis\/mx\/wp-json\/wp\/v2\/comments?post=28943"}],"version-history":[{"count":4,"href":"https:\/\/supercuotas.gratis\/mx\/wp-json\/wp\/v2\/pages\/28943\/revisions"}],"predecessor-version":[{"id":29408,"href":"https:\/\/supercuotas.gratis\/mx\/wp-json\/wp\/v2\/pages\/28943\/revisions\/29408"}],"wp:attachment":[{"href":"https:\/\/supercuotas.gratis\/mx\/wp-json\/wp\/v2\/media?parent=28943"}],"curies":[{"name":"wp","href":"https:\/\/api.w.org\/{rel}","templated":true}]}}