{"id":27488,"date":"2023-03-31T21:21:33","date_gmt":"2023-03-31T19:21:33","guid":{"rendered":"https:\/\/supercuotas.gratis\/?page_id=27488"},"modified":"2025-08-12T17:37:40","modified_gmt":"2025-08-12T15:37:40","slug":"ganabet-bono-casino-especial-codigos-promocionales-mexico","status":"publish","type":"page","link":"https:\/\/supercuotas.gratis\/mx\/ganabet-bono-casino-especial-codigos-promocionales-mexico\/","title":{"rendered":"Sportiumbet Bono Casino \u00bb \u00a1$11 MIL de Bienvenida!"},"content":{"rendered":"\n<p>Bienvenido a uno de los posteos m\u00e1s especiales sobre una casa de apuestas \u00fanica, Sportiumbet te espera con el bono de casino m\u00e1s buscado de todos. Tienes que poder conocer la mejor promoci\u00f3n dentro de este pa\u00eds para los usuarios como t\u00fa. Sabemos que todo el mundo est\u00e1 en busca de poder contar con miles de beneficios todos los d\u00edas, es algo complicado. <strong>Aqu\u00ed estamos nosotros para ayudarte y contarte que Sportiumbet tiene lo que t\u00fa est\u00e1s buscando en estos momentos. Es m\u00e1s que importante poder tener en cuenta que tiene una p\u00e1gina especial por conocer. <\/strong>Tu mismo lo puedes hacer ahora mismo con un <a href=\"https:\/\/recor.to\/sportiumbetmx\" target=\"_blank\" rel=\"noreferrer noopener nofollow sponsored\">click aqu\u00ed.<\/a> Ver\u00e1s que el sitio es de lo mejor para usuarios dentro de M\u00e9xico.<\/p>\n\n\n\n<figure class=\"wp-block-image size-large is-resized\"><a href=\"https:\/\/recor.to\/sportiumbetmx\" target=\"_blank\" rel=\"noreferrer noopener nofollow sponsored\"><img fetchpriority=\"high\" decoding=\"async\" width=\"1024\" height=\"442\" src=\"https:\/\/supercuotas.gratis\/wp-content\/uploads\/2025\/08\/ganabet-bono-de-casino-1024x442.png\" alt=\"ganabet bono de casino\" class=\"wp-image-42314\" srcset=\"https:\/\/supercuotas.gratis\/wp-content\/uploads\/2025\/08\/ganabet-bono-de-casino-1024x442.png 1024w, https:\/\/supercuotas.gratis\/wp-content\/uploads\/2025\/08\/ganabet-bono-de-casino-300x130.png 300w, https:\/\/supercuotas.gratis\/wp-content\/uploads\/2025\/08\/ganabet-bono-de-casino-768x332.png 768w, https:\/\/supercuotas.gratis\/wp-content\/uploads\/2025\/08\/ganabet-bono-de-casino-1536x664.png 1536w, https:\/\/supercuotas.gratis\/wp-content\/uploads\/2025\/08\/ganabet-bono-de-casino.png 1845w\" sizes=\"(max-width: 1024px) 100vw, 1024px\" \/><\/a><\/figure>\n\n\n\n<h2 class=\"wp-block-heading\"><strong>Conoce cuales son las mejores caracteristicas de Sportiumbet en el mercado mexicano<\/strong><\/h2>\n\n\n\n<p>Tenemos que comenzar con el posteo del d\u00eda de hoy hablando espec\u00edficamente sobre el mercado de este gran pa\u00eds. Sabemos que las casas de apuestas han empezado a crecer con todo y en base a eso tambi\u00e9n lo han hecho los usuarios o apostadores. Por esta raz\u00f3n es que tambi\u00e9n nos encontramos con much\u00edsimos bonos que t\u00fa seguramente no puedes contar.<strong> Es as\u00ed como aparecemos nosotros para que sepas cu\u00e1les son los m\u00e1s destacados y como es que puedes qued\u00e1rtelos<\/strong>. En este caso, tenemos la chance de poder hablar sobre el bono de casino disponible dentro de <a href=\"https:\/\/recor.to\/sportiumbetmx\" target=\"_blank\" rel=\"noreferrer noopener nofollow sponsored\">Sportiumbet<\/a>. No tenemos dudas de que esta es una de las mejores casas dentro de M\u00e9xico hoy en d\u00eda. Tienes que poder conocerla.<\/p>\n\n\n\n<p>En esta primera secci\u00f3n, nuestra intenci\u00f3n es poder contarte un poco de lo que vamos a hablar y tambi\u00e9n como es que funcionan nuestras notas. Si no nos conoces, nosotros siempre solemos compartir este tipo de posteos en todo el mundo.<strong> La realidad es que creemos que es necesario darle informaci\u00f3n a los apostadores de hoy en d\u00eda. Hay muchos que no saben a lo que se est\u00e1 enfrentando.<\/strong> Poder comenzar a jugar en el rubro es algo no tan sencillo y que nosotros queremos fomentar. La realidad es que Sportiumbet es una de las mejores opciones si quieres contar tambi\u00e9n con un bono de casino. Conoce todo lo que tenemos para ti leyendo la mejor informaci\u00f3n hasta la actualidad.<\/p>\n\n\n\n<p>Ver\u00e1s que separaremos la nota en secciones, dentro de ellas vas a encontrar lo que quieras. Nos propusimos poder contarte lo m\u00e1s destacable de Sportiumbet en la actualidad y eso tambi\u00e9n tiene que ver con el bono de casino disponible. Una de sus m\u00e1s grandes caracter\u00edsticas es contar con grandes promociones dentro de su propia casa. <strong>Es as\u00ed como t\u00fa, adem\u00e1s de poder obtener el bono de casino que todos buscamos, puedes contar con muchos m\u00e1s de otras categor\u00edas. <\/strong>Esto lo podr\u00e1s saber porque te compartiremos poco a poco algunos posteos que tenemos para ti <a href=\"https:\/\/supercuotas.gratis\/mx\/ganabet-mexico\/\" target=\"_blank\" rel=\"noreferrer noopener\">\u00a1Conoce todo sobre Sportiumbet M\u00e9xico ahora mismo!<\/a> Esta nota es de las m\u00e1s especiales dentro de nuestra p\u00e1gina principal, no dudes en poder leerla.<\/p>\n\n\n\n<h3 class=\"wp-block-heading\"><strong>JUEGA DENTRO DE ESTA EMPRESA CON TUS DISPOSITIVOS M\u00d3VILES<\/strong><\/h3>\n\n\n\n<p>No podemos dejar pasar una de las virtudes m\u00e1s grandes que puedes llegar a tener una casa de apuestas, tiene que ver con la app disponible. Poder contar con una aplicaci\u00f3n para dispositivos m\u00f3viles es algo en lo que muchos usuarios se fijan a la hora de jugar dentro de una casa. Por eso mismo es que tenemos que saber todo sobre como poder descargarla y poder jugar donde queramos. Primero en principal vas a tener que saber que hay dos opciones disponibles para los sistemas operativos.<strong> Si tienes iOS o Android da igual, solo tienes que seguir las instrucciones que te comentaremos ahora mismo<\/strong>. No olvides de visitar <a href=\"https:\/\/recor.to\/sportiumbetmx\" target=\"_blank\" rel=\"noreferrer noopener nofollow sponsored\">el sitio principal de Sportiumbet<\/a> y conocer el bono de casino.<\/p>\n\n\n\n<p>Para comenzar con lo que tiene que ver con este tema, podemos decir que obtener la app es sencillo. Si t\u00fa cuentas con un iPhone, dejame decirte que lo \u00fanico que tienes que hacer es ingresar dentro de la p\u00e1gina de Sportiumbet. Desde all\u00ed te ir\u00e1s a la secci\u00f3n de aplicaci\u00f3n en donde tendr\u00e1s el bot\u00f3n que te redireccionara a la app store. <strong>Otra de las opciones es buscarla directamente en la tienda de Apple. Solamente con poner la palabra Sportiumbet ya tiene que estar disponible para ti.<\/strong> Tienes que seguir los pasos para descargar e instalar la app como cualquier otra. Una vez que hagas todo esto en iOS, podr\u00e1s disfrutar de la app sin ning\u00fan problema.<\/p>\n\n\n\n<p>Es necesario que si tienes un dispositivo Android nos leas con atenci\u00f3n. Para poder obtener la app bas a tener que ingresar si o si dentro del sitio web principal de Sportiumbet. Una vez all\u00ed dentro tienes que ir a la secci\u00f3n de aplicaci\u00f3n. <strong>Desde all\u00ed vas a poder descargar el archivo apk y tendr\u00e1s los pasos a seguir para poder descargar e instalarla en tu celular. Lo que tienes que hacer es permitir el acceso a &#8220;Fuentes desconocidas&#8221; desde los ajustes del dispositivo m\u00f3vil que tengas.<\/strong> Una vez lo hagas, podr\u00e1s contar con la app dentro del mismo y jugar hasta no parar. Te dijimos que era de lo mejor poder tener a Sportiumbet y su bono de casino.<\/p>\n\n\n\n<h3 class=\"wp-block-heading\"><strong>REALIZA TU PRIMER DEPOSITO DENTRO DE SPORTIUMBET Y APUESTA CON TU DINERO<\/strong><\/h3>\n\n\n\n<p>En la \u00faltima secci\u00f3n que tenemos para ti nos gustar\u00eda contarte todo sobre como es que puedes hacer un dep\u00f3sito dentro de tu cuenta. Poder ingresar tu dinero es algo esencial dentro de una casa de apuestas y te ense\u00f1aremos a lograrlo. En el caso de Sportuimbet, ver\u00e1s que contaras con un bono de casino que requiere de esto. Lo que tienes que poder hacer es ingresar en tu cuenta y buscar tu monedero. <strong>Desde all\u00ed tendr\u00e1s que seleccionar uno de los m\u00e9todos de pago disponibles. Algunos son estos<\/strong>: <strong>Oxxo, Visa, Mastercard, BBVA, Transferencia Bancaria, entre otros<\/strong>. Solo elige uno de ellos y haz una transacci\u00f3n de dinero.<\/p>\n\n\n\n<p>Por otro lado, queremos comentarte que tambi\u00e9n tenemos beneficios que seguramente te gusten. Ahora te compartiremos un posteo en donde podr\u00e1s aprovechar y conseguir lo que m\u00e1s quieras. En esta ocasi\u00f3n tienes la chance de conocer<strong> <a href=\"https:\/\/supercuotas.gratis\/mx\/ganabet\/\" target=\"_blank\" rel=\"noreferrer noopener\">los mejores bonos dentro de Sportiumbet<\/a><\/strong>, no te lo pierdas.<\/p>\n\n\n\n<figure class=\"wp-block-image size-large\"><a href=\"https:\/\/recor.to\/sportiumbetmx\" rel=\"nofollow noopener sponsored\"><img decoding=\"async\" width=\"1024\" height=\"391\" src=\"https:\/\/supercuotas.gratis\/wp-content\/uploads\/2025\/08\/sportiumbet-bono-casino-1024x391.png\" alt=\"sportiumbet bono casino\" class=\"wp-image-42301\" srcset=\"https:\/\/supercuotas.gratis\/wp-content\/uploads\/2025\/08\/sportiumbet-bono-casino-1024x391.png 1024w, https:\/\/supercuotas.gratis\/wp-content\/uploads\/2025\/08\/sportiumbet-bono-casino-300x115.png 300w, https:\/\/supercuotas.gratis\/wp-content\/uploads\/2025\/08\/sportiumbet-bono-casino-768x293.png 768w, https:\/\/supercuotas.gratis\/wp-content\/uploads\/2025\/08\/sportiumbet-bono-casino-1536x587.png 1536w, https:\/\/supercuotas.gratis\/wp-content\/uploads\/2025\/08\/sportiumbet-bono-casino.png 1883w\" sizes=\"(max-width: 1024px) 100vw, 1024px\" \/><\/a><\/figure>\n\n\n\n<h2 class=\"wp-block-heading\"><strong>El mejor bono de casino te espera dentro de Sportiumbet, descubre como conseguirlo<\/strong><\/h2>\n\n\n\n<p>Ahora te contaremos como es que puedes contar con uno de los mejores bonos dentro de Sportiumbet y del casino de la casa. Simplemente, vas a tener que poder seguir los pasos que te contaremos dentro de esta secci\u00f3n. Es importante tener en cuenta que debes de cumplir con todas las condiciones que tiene esta casa. Por eso es que te haremos una breve introducci\u00f3n para que las sepas. <strong>Vas a tener que estar registrado si o s\u00ed. Para eso debes de poder completar un formulario con los datos personales que sean necesarios. <\/strong>Una vez que lo hagas estar\u00e1 todo listo para que empieces con la obtenci\u00f3n del bono. <strong><a href=\"https:\/\/recor.to\/sportiumbetmx\" target=\"_blank\" rel=\"noreferrer noopener nofollow sponsored\">Registrate ahora dentro de <\/a>Sportiumbet <\/strong>y no lo dudes m\u00e1s.<\/p>\n\n\n\n<h3 class=\"wp-block-heading\"><strong>PASO A PASO PARA QUEDARTE CON EL BONO DE CASINO EN SPORTIUMBET<\/strong><\/h3>\n\n\n\n<p>Tenemos uno de los mejores bonos dentro de nuestras manos y vamos a poder contarte como es que puedes contar con el mismo. Lo que tienes que hacer es muy sencillo y suponemos que el primer paso ya lo has superado. Si te registraste dentro de esta casa est\u00e1s apto para contar con \u00e9l. <strong>Este bono es de bienvenida, esto quiere decir que solo pueden contar con el mismo las personas con una cuenta nueva<\/strong>. Una vez que este dentro de la misma podr\u00e1s descubrir que el mismo te da beneficios en tus primeros tres dep\u00f3sitos. Podr\u00e1s obtener un total de $11000 MXN como m\u00e1ximo con esta promoci\u00f3n \u00fanica.<\/p>\n\n\n\n<ul class=\"wp-block-list\">\n<li><strong>Primer dep\u00f3sito: 100% hasta $5.000 MXN + 100 GIROS GRATIS<\/strong><\/li>\n\n\n\n<li><strong>Segundo dep\u00f3sito: 50% hasta $3.000 MXN<\/strong><\/li>\n\n\n\n<li><strong>Tercer dep\u00f3sito: 30% hasta $3.000 MXN<\/strong><\/li>\n<\/ul>\n\n\n\n<p>No dudes en poder quedarte con esta promoci\u00f3n que sin duda alguna es de lo mejor. Poder tener beneficios con tus dep\u00f3sitos no pasa todos los d\u00edas y aqu\u00ed s\u00ed que lo puedes hacer. Disfruta fe todo lo que Sportiumbet tiene para ti.<strong> Por \u00faltimo, te dejamos con un \u00faltimo posteo: <a href=\"https:\/\/supercuotas.gratis\/mx\/bonos-ganabet\/\" target=\"_blank\" rel=\"noreferrer noopener\">Conoce m\u00e1s sobre Sportiumbet y como conseguir m\u00e1s promos disponibles<\/a>. <\/strong>Ver\u00e1s que esta nota te ser\u00e1 de mucha ayuda dentro de tu cuenta. No dudes en poder volver a visitarnos.<\/p>\n\n\n\n<figure class=\"wp-block-image size-full is-resized\"><a href=\"https:\/\/recor.to\/sportiumbetmx\" rel=\"nofollow noopener sponsored\"><img decoding=\"async\" width=\"2560\" height=\"536\" src=\"https:\/\/supercuotas.gratis\/wp-content\/uploads\/2025\/08\/sportiumbet-bono-casino-2-scaled.png\" alt=\"sportiumbet bono casino\" class=\"wp-image-42288\" style=\"width:1021px;height:auto\" srcset=\"https:\/\/supercuotas.gratis\/wp-content\/uploads\/2025\/08\/sportiumbet-bono-casino-2-scaled.png 2560w, https:\/\/supercuotas.gratis\/wp-content\/uploads\/2025\/08\/sportiumbet-bono-casino-2-300x63.png 300w, https:\/\/supercuotas.gratis\/wp-content\/uploads\/2025\/08\/sportiumbet-bono-casino-2-1024x214.png 1024w, https:\/\/supercuotas.gratis\/wp-content\/uploads\/2025\/08\/sportiumbet-bono-casino-2-768x161.png 768w, https:\/\/supercuotas.gratis\/wp-content\/uploads\/2025\/08\/sportiumbet-bono-casino-2-1536x322.png 1536w, https:\/\/supercuotas.gratis\/wp-content\/uploads\/2025\/08\/sportiumbet-bono-casino-2-2048x429.png 2048w\" sizes=\"(max-width: 2560px) 100vw, 2560px\" \/><\/a><\/figure>\n\n\n\n<h2 class=\"wp-block-heading\"><strong>Preguntas frecuentes sobre Sportiumbet dentro de M\u00e9xico<\/strong><\/h2>\n\n\n\n<div class=\"wp-block-rank-math-faq-block\"><div class=\"rank-math-faq-item\"><h3 class=\"rank-math-question\">\u00bfEs Sportiumbet una buena casa de apuestas?<\/h3><div class=\"rank-math-answer\">Dentro de M\u00e9xico destaca entre muchas otras.<\/div><\/div><div class=\"rank-math-faq-item\"><h3 class=\"rank-math-question\">\u00bfC\u00f3mo me registro en Sportiumbet?<\/h3><div class=\"rank-math-answer\">Tienes que rellenar un formulario con tus datos.<\/div><\/div><div class=\"rank-math-faq-item\"><h3 class=\"rank-math-question\">\u00bfTiene Sportiumbet la chance de jugar desde el m\u00f3vil?<\/h3><div class=\"rank-math-answer\">Tiene una app para iOS y Android.<\/div><\/div><div class=\"rank-math-faq-item\"><h3 class=\"rank-math-question\">\u00bfC\u00f3mo depositar dinero en Sportiumbet?<\/h3><div class=\"rank-math-answer\">Tienes que elegir un m\u00e9todo de pago y hacer una transacci\u00f3n.<\/div><\/div><div class=\"rank-math-faq-item\"><h3 class=\"rank-math-question\">\u00bfEn qu\u00e9 consiste el bono de casino dentro de Sportiumbet?<\/h3><div class=\"rank-math-answer\">Este bono te da beneficios con tus tres primeros dep\u00f3sitos. Puedes obtener hasta $11.000 MXN en tu cuenta.<\/div><\/div><div class=\"rank-math-faq-item\"><h3 class=\"rank-math-question\">\u00bfSportiumbet tiene muchos bonos?<\/h3><div class=\"rank-math-answer\">Cuenta con varios disponibles dentro de su p\u00e1gina.<\/div><\/div><div class=\"rank-math-faq-item\"><h3 class=\"rank-math-question\">\u00bfEs Sportiumbet una casa con un buen dise\u00f1o?<\/h3><div class=\"rank-math-answer\">Por supuesto, su dise\u00f1o es de lo m\u00e1s destacado.<\/div><\/div><\/div>\n","protected":false},"excerpt":{"rendered":"<p>Bienvenido a uno de los posteos m\u00e1s especiales sobre una casa de apuestas \u00fanica, Sportiumbet te espera con el bono de casino m\u00e1s buscado de todos. Tienes que poder conocer la mejor promoci\u00f3n dentro de este pa\u00eds para los usuarios como t\u00fa. Sabemos que todo el mundo est\u00e1 en busca de poder contar con miles &#8230; <a title=\"Sportiumbet Bono Casino \u00bb \u00a1$11 MIL de Bienvenida!\" class=\"read-more\" href=\"https:\/\/supercuotas.gratis\/mx\/ganabet-bono-casino-especial-codigos-promocionales-mexico\/\" aria-label=\"Leer m\u00e1s sobre Sportiumbet Bono Casino \u00bb \u00a1$11 MIL de Bienvenida!\">Read more<\/a><\/p>\n","protected":false},"author":1,"featured_media":0,"parent":0,"menu_order":0,"comment_status":"closed","ping_status":"closed","template":"","meta":{"_uag_custom_page_level_css":"","generate_page_header":"","footnotes":""},"class_list":["post-27488","page","type-page","status-publish"],"uagb_featured_image_src":{"full":false,"thumbnail":false,"medium":false,"medium_large":false,"large":false,"1536x1536":false,"2048x2048":false},"uagb_author_info":{"display_name":"admin","author_link":"https:\/\/supercuotas.gratis\/mx\/author\/admin\/"},"uagb_comment_info":0,"uagb_excerpt":"Bienvenido a uno de los posteos m\u00e1s especiales sobre una casa de apuestas \u00fanica, Sportiumbet te espera con el bono de casino m\u00e1s buscado de todos. Tienes que poder conocer la mejor promoci\u00f3n dentro de este pa\u00eds para los usuarios como t\u00fa. Sabemos que todo el mundo est\u00e1 en busca de poder contar con miles&hellip;","_links":{"self":[{"href":"https:\/\/supercuotas.gratis\/mx\/wp-json\/wp\/v2\/pages\/27488","targetHints":{"allow":["GET"]}}],"collection":[{"href":"https:\/\/supercuotas.gratis\/mx\/wp-json\/wp\/v2\/pages"}],"about":[{"href":"https:\/\/supercuotas.gratis\/mx\/wp-json\/wp\/v2\/types\/page"}],"author":[{"embeddable":true,"href":"https:\/\/supercuotas.gratis\/mx\/wp-json\/wp\/v2\/users\/1"}],"replies":[{"embeddable":true,"href":"https:\/\/supercuotas.gratis\/mx\/wp-json\/wp\/v2\/comments?post=27488"}],"version-history":[{"count":10,"href":"https:\/\/supercuotas.gratis\/mx\/wp-json\/wp\/v2\/pages\/27488\/revisions"}],"predecessor-version":[{"id":42327,"href":"https:\/\/supercuotas.gratis\/mx\/wp-json\/wp\/v2\/pages\/27488\/revisions\/42327"}],"wp:attachment":[{"href":"https:\/\/supercuotas.gratis\/mx\/wp-json\/wp\/v2\/media?parent=27488"}],"curies":[{"name":"wp","href":"https:\/\/api.w.org\/{rel}","templated":true}]}}