{"id":27432,"date":"2023-03-30T20:11:04","date_gmt":"2023-03-30T18:11:04","guid":{"rendered":"https:\/\/supercuotas.gratis\/?page_id=27432"},"modified":"2023-04-03T17:51:45","modified_gmt":"2023-04-03T15:51:45","slug":"betway-bono-ruletas-especial-mexico-codigos-promocionales","status":"publish","type":"page","link":"https:\/\/supercuotas.gratis\/mx\/betway-bono-ruletas-especial-mexico-codigos-promocionales\/","title":{"rendered":"BETWAY Bono Ruletas \u00bb $4 MIL para las Mejores Mesas"},"content":{"rendered":"\n\n\n<p>Si eres un conocedor del mundo de las apuestas es seguro que conoces el nombre de Betway, por eso es que te vamos a contar todo lo que debes saber sobre su Bono para jugar en Ruletas. <a href=\"https:\/\/recor.to\/betwaymxcasino\" target=\"_blank\" rel=\"noopener nofollow sponsored\">Conoce m\u00e1s desde la p\u00e1gina de la casa&nbsp;<\/a><\/p>\n\n\n\n<figure class=\"wp-block-image size-large\"><a href=\"https:\/\/recor.to\/betwaymxcasino\" target=\"_blank\" rel=\"noreferrer noopener nofollow sponsored\"><img fetchpriority=\"high\" decoding=\"async\" width=\"1024\" height=\"388\" src=\"https:\/\/supercuotas.gratis\/wp-content\/uploads\/2023\/03\/BETWAY-bono-slots-1024x388.png\" alt=\" betway mesas de ruleta\" class=\"wp-image-27354\" srcset=\"https:\/\/supercuotas.gratis\/wp-content\/uploads\/2023\/03\/BETWAY-bono-slots-1024x388.png 1024w, https:\/\/supercuotas.gratis\/wp-content\/uploads\/2023\/03\/BETWAY-bono-slots-300x114.png 300w, https:\/\/supercuotas.gratis\/wp-content\/uploads\/2023\/03\/BETWAY-bono-slots-768x291.png 768w, https:\/\/supercuotas.gratis\/wp-content\/uploads\/2023\/03\/BETWAY-bono-slots-1536x581.png 1536w, https:\/\/supercuotas.gratis\/wp-content\/uploads\/2023\/03\/BETWAY-bono-slots.png 1667w\" sizes=\"(max-width: 1024px) 100vw, 1024px\" \/><\/a><\/figure>\n\n\n\n<h2 class=\"wp-block-heading\"><strong>Conoce el Bono para jugar en Ruletas que tiene Betway<\/strong><\/h2>\n\n\n\n<p>Betway es sin dudas una de las mejores casas de apuestas que puedes encontrar en M\u00e9xico. Esta casa es mundialmente conocida y es ideal para que los amantes de los juegos de casino encuentren un lugar donde pasar grandes momentos, divertirse y, claro est\u00e1, ganar dinero. <strong>Por eso es que dedicamos este art\u00edculo, entre otras cosas, para contarte todo sobre el Bono para Ruletas que tiene Betway.<\/strong><\/p>\n\n\n\n<p>Hay muchas cuestiones que debes saber y conocer sobre la promoci\u00f3n. Una de ellas, tal vez la m\u00e1s importantes, <strong>es que esta oferta es un Bono de Bienvenida. Esto quiere decir, como se\u00f1ala su nombre, que podr\u00e1n acceder a ella los jugadores que se hayan registrado de forma reciente en la casa<\/strong>. SI todav\u00eda no tienes una cuenta aqu\u00ed, podr\u00e1s conseguirla <a href=\"https:\/\/recor.to\/betwaymxcasino\" target=\"_blank\" rel=\"noreferrer noopener nofollow sponsored\">con solo ingresar<\/a> y seguir los pasos <\/p>\n\n\n\n<p>Podemos decir que estos bonos tienen un claro objetivo destinado a los jugadores. Al ser un Bono para nuevos usuarios se dean que estos puedan jugar de la mejor manera una vez que forman parte. <strong>El Bono Ruletas que tiene Betway te dar\u00e1 dinero extra<\/strong> y as\u00ed podr\u00e1s disfrutar de uno de los juegos m\u00e1s populares del mundo del casino.<\/p>\n\n\n\n<p>Ahora, si eres un jugador que no puede cumplir con estos requisitos, por ejemplo por ser un jugador habitual, puedes quedarte tranquilo. Betway es una casa que piensa en todos sus jugadores y es por eso que cuenta con una secci\u00f3n de <strong>&#8220;promociones&#8221;<\/strong> donde podr\u00e1s ver todas las ofertas presentes al momento de tu ingreso. <a href=\"https:\/\/recor.to\/betwaymxcasino\" target=\"_blank\" rel=\"noreferrer noopener nofollow sponsored\">Ingresa en Betway <\/a>y ve hacia la secci\u00f3n del men\u00fa principal<\/p>\n\n\n\n<h3 class=\"wp-block-heading\"><strong>\u00bfEn qu\u00e9 consiste la oferta?<\/strong><\/h3>\n\n\n\n<p>Ya hemos contado todo lo que tienes que saber sobre el Bono Ruletas que tiene Betway, ahora es momento de conocernos de lleno. Como sabr\u00e1s esta es una oferta de Bienvenida \u00fanicamente para nuevos jugadores dentro de la casa. <strong>Esto quiere decir que el dinero que puedes obtener est\u00e1 completamente relacionado con el primer dep\u00f3sito que lleves a cabo.<\/strong><\/p>\n\n\n\n<p>La casa tiene un regalo para los nuevos jugadores que lo desean. El mismo llega en forma de bonificaci\u00f3n donde el dinero se adjudicar\u00e1 en tu cuenta de una forma autom\u00e1tica. Acceder a \u00e9l es muy simple y es algo que tambi\u00e9n podremos contarte en unos pocos momentos. Tambi\u00e9n tienes otras ofertas para aprovechar de Casino como en <a href=\"https:\/\/supercuotas.gratis\/mx\/betway-bono-slots-especial-mexico-codigos-promocionales\/\" target=\"_blank\" rel=\"noreferrer noopener\">Bono Slots<\/a><\/p>\n\n\n\n<p><strong>Entonces, el Bono para jugar en Ruletas que tiene Betway tiene una bonificaci\u00f3n del 100% <\/strong>con respecto a tu primer ingreso de dinero. Esto quiere decir que estar\u00e1s jugando en unos de los juegos m\u00e1s populares del mundo del casino con el doble de dinero del que ten\u00edas pensado. Es una gran oportunidad para hacer grandes apuestas y llevarte las mejores ganancias de la casa.<\/p>\n\n\n\n<p>Existen algunas cuestiones que debes tener en cuenta. Por ejemplo,<strong> la cantidad m\u00e1xima que puedes obtener a cambio es de es de 4.000 MXN<\/strong>. Podr\u00e1s depositar una suma m\u00e1s grande si lo deseas, pero a partir de este n\u00famero es la cantidad de dinero que recibir\u00e1s para jugar en Ruletas dentro de la casa. Lo que si queda claro es que cuanto m\u00e1s dinero deposites, mayor ser\u00e1 el regalo<\/p>\n\n\n\n<figure class=\"wp-block-image size-full is-resized\"><a href=\"https:\/\/recor.to\/betwaymxcasino\" target=\"_blank\" rel=\"noreferrer noopener nofollow sponsored\"><img decoding=\"async\" src=\"https:\/\/supercuotas.gratis\/wp-content\/uploads\/2023\/02\/betway-bono-apuestas-deportivas.webp\" alt=\"betway bono para ruleta\" class=\"wp-image-26548\" width=\"974\" height=\"426\" srcset=\"https:\/\/supercuotas.gratis\/wp-content\/uploads\/2023\/02\/betway-bono-apuestas-deportivas.webp 800w, https:\/\/supercuotas.gratis\/wp-content\/uploads\/2023\/02\/betway-bono-apuestas-deportivas-300x131.webp 300w, https:\/\/supercuotas.gratis\/wp-content\/uploads\/2023\/02\/betway-bono-apuestas-deportivas-768x336.webp 768w\" sizes=\"(max-width: 974px) 100vw, 974px\" \/><\/a><\/figure>\n\n\n\n<h2 class=\"wp-block-heading\"><strong>T\u00e9rminos y Condiciones de la promoci\u00f3n <\/strong><\/h2>\n\n\n\n<p>Dentro de cada una de las ofertas que puedas encontrar en la casa de apuestas, existe algo llamado <strong>&#8220;T\u00e9rminos y Condiciones&#8221;<\/strong>. Los mismos funcionan como una especie de acuerdo entre los jugadores y la propia casa de apuestas. <strong>Gracias a ellos es que puedes saber todo lo que se permite hacer y todo lo que no.<\/strong><\/p>\n\n\n\n<p>Teniendo en cuenta su importancia, haremos un peque\u00f1o punteo para que conozcas los aspectos m\u00e1s importantes a tener en cuenta. Siempre recomendamos que antes de acceder a esta o cualquier otra oferta, los leas con detenimiento. Esto \u00faltimo podr\u00e1s hacerlo con solo ingresar en el banner promocional<a href=\"https:\/\/recor.to\/betwaymxcasino\" target=\"_blank\" rel=\"noreferrer noopener nofollow sponsored\"> desde aqu\u00ed <\/a><\/p>\n\n\n\n<ul class=\"wp-block-list\">\n<li>Para poder acceder al Bono en Ruletas que tiene Betway tienes que ser un nuevo jugador dentro de la casa de apuestas<\/li>\n\n\n\n<li>Esta oferta consiste en una regalo de una bonificaci\u00f3n del <strong>100%<\/strong> con respecto a tu primer dep\u00f3sito. Vas a poder jugar con el doble de dinero<\/li>\n\n\n\n<li>La cantidad m\u00e1xima que podr\u00e1s obtener es de <strong>$4.000 MXN<\/strong><\/li>\n\n\n\n<li>El dinero se adjudicar\u00e1 en tu cuenta de forma autom\u00e1tica donde tu no tienes que hacer nada <\/li>\n\n\n\n<li>Tienes que hacer un dep\u00f3sito de, como m\u00ednimo, <strong>$250 MXN<\/strong><\/li>\n\n\n\n<li>Deber\u00e1s estar verificado en Betway para poder retirar las ganancias<\/li>\n\n\n\n<li>Solo se podr\u00e1 reclamar esta oferta una \u00fanica vez por persona, direcci\u00f3n de mail, direcci\u00f3n de IP o domicilio <\/li>\n\n\n\n<li>Tienes un total de <strong>7 d\u00edas<\/strong> desde que se te es otorgado para cumplir con los requisitos de apuestas <\/li>\n\n\n\n<li>Esta oferta tiene un rollover de <strong>x8,<\/strong> es decir que tienes que apostar el valor del Bono un total de 8 veces para poder hacerte con tus ganancias.<\/li>\n\n\n\n<li>En caso de querer hacer un retiro previo a cumplir con los requisitos no podr\u00e1s disfrutar de todos los beneficios que tiene la oferta<\/li>\n<\/ul>\n\n\n\n<h2 class=\"wp-block-heading\"><strong>Registrarme en Betway. Paso a paso<\/strong><\/h2>\n\n\n\n<p>Ya hemos contado muchas veces que para poder acceder al Bono Ruletas que tiene Betway es necesario ser un nuevo jugador. <strong>Es por eso que creemos conveniente repasar como hacer el proceso de registro para que todos los jugadores puedan hacerlo de una forma segura y r\u00e1pida<\/strong>. Si sigues estos pasos, en unos pocos minutos ya estar\u00e1s disfrutando de la casa de Betway.<\/p>\n\n\n\n<p>Recuerda que una vez que finalice este proceso podr\u00e1s acceder al Bono de Bienvenida del que hablamos antes y tambi\u00e9n a otras ofertas. Los juegos de casino son espectaculares aqu\u00ed y es por eso que tienes grandes ofertas. Aqu\u00ed ver\u00e1s todo sobre un<a href=\"https:\/\/supercuotas.gratis\/mx\/betway-bono-casino-especial-mexico\/\" target=\"_blank\" rel=\"noreferrer noopener\"> Bono Casino<\/a> especial para tener en cuenta con Betway. Reclama el dinero para jugar y obt\u00e9n las mejores ganancias de la casa<\/p>\n\n\n\n<h3 class=\"wp-block-heading\"><strong>Ingresa en la casa de apuestas<\/strong><\/h3>\n\n\n\n<p>Lo primero que debes hacer para poder formar parte de Betway, una de las mejores casas de apuestas, es <a href=\"https:\/\/recor.to\/betwaymxcasino\" target=\"_blank\" rel=\"noreferrer noopener nofollow sponsored\">ingresar en su p\u00e1gina<\/a>. ALl\u00ed, m\u00e1s precisamente en la parte superior derecha encontrar\u00e1s la opci\u00f3n de un bot\u00f3n de registro que debes oprimir para poder continuar y acceder al segundo paso<\/p>\n\n\n\n<p>Debes saber que todo esto y mucho m\u00e1s tambi\u00e9n podr\u00e1s hacerlo desde la app que tiene Betway para todos sus jugadores. Aqu\u00ed encuentras lo mismo que desde la versi\u00f3n de ordenador pero ahora desde la comodidad de tu mano-. Podr\u00e1s registrarte, jugar y acceder a las mejores promociones para reclamar <\/p>\n\n\n\n<h3 class=\"wp-block-heading\"><strong>Completa toda la informaci\u00f3n <\/strong><\/h3>\n\n\n\n<p>Una vez que hayas ingresado mediante el bot\u00f3n de registro estar\u00e1s a un solo paso de crear tu cuenta.<strong> En la pantalla, tanto de tu ordenador como de tu m\u00f3vil, podr\u00e1s ver que salen dos formularios que debes completar en su totalidad.<\/strong> Una vez que lo tengas listo ir\u00e1s hacia el \u00faltimo paso.<\/p>\n\n\n\n<p>El primero de los formularios que aparecen en pantalla requiere<strong> datos personales<\/strong> del jugador que desea unirte a Betway. Por su parte, el segundo requiere <strong>datos de contacto<\/strong>. Este \u00faltimo es muy importante ya que, por cuestiones de seguridad, en caso de tener una gran ganancia, la casa de apuestas podr\u00eda comunicarse contigo mediante esta v\u00eda.<\/p>\n\n\n\n<p>Claro est\u00e1 que tienes que colocar informaci\u00f3n real y legal para poder continuar sin problemas. En caso contrario, la casa de apuestas tiene la potestad de aplicar sanciones, las mismas que puedes ver desde la secci\u00f3n de <a href=\"https:\/\/recor.to\/betwaymxcasino\" target=\"_blank\" rel=\"noreferrer noopener nofollow sponsored\">&#8220;T\u00e9rminos y Condiciones generales&#8221;<\/a> que tienes en el men\u00fa principal <\/p>\n\n\n\n<h3 class=\"wp-block-heading\"><strong>Crea la cuenta<\/strong><\/h3>\n\n\n\n<p>Ahora si ya hemos llegado al final, donde tienes que crear tu cuenta. Para eso lo \u00fanico que queda por hacer es escoger un nombre de usuario que sea \u00fanico, es decir que no est\u00e9 siendo usado por otro jugador dentro de la casa de apuestas. Adem\u00e1s tienes que hacerte con una contrase\u00f1a segura. No olvides que ya puedes comenzar a jugar en los mejores juegos, tanto en deportes como en casino <\/p>\n\n\n\n<figure class=\"wp-block-image size-large\"><a href=\"https:\/\/recor.to\/betwaymxcasino\" target=\"_blank\" rel=\"noreferrer noopener nofollow sponsored\"><img decoding=\"async\" width=\"1024\" height=\"271\" src=\"https:\/\/supercuotas.gratis\/wp-content\/uploads\/2023\/03\/betway-bono-de-tragamonedas-1024x271.png\" alt=\"BETWAY bono ruletas\" class=\"wp-image-27403\" srcset=\"https:\/\/supercuotas.gratis\/wp-content\/uploads\/2023\/03\/betway-bono-de-tragamonedas-1024x271.png 1024w, https:\/\/supercuotas.gratis\/wp-content\/uploads\/2023\/03\/betway-bono-de-tragamonedas-300x79.png 300w, https:\/\/supercuotas.gratis\/wp-content\/uploads\/2023\/03\/betway-bono-de-tragamonedas-768x203.png 768w, https:\/\/supercuotas.gratis\/wp-content\/uploads\/2023\/03\/betway-bono-de-tragamonedas-1536x406.png 1536w, https:\/\/supercuotas.gratis\/wp-content\/uploads\/2023\/03\/betway-bono-de-tragamonedas.png 1709w\" sizes=\"(max-width: 1024px) 100vw, 1024px\" \/><\/a><\/figure>\n\n\n\n<p>Podr\u00e1s conocer m\u00e1s sobre la casa de apuestas<a href=\"https:\/\/supercuotas.gratis\/mx\/betway-mexico\/\" target=\"_blank\" rel=\"noreferrer noopener\"> desde aqu\u00ed <\/a><\/p>\n\n\n\n<h2 class=\"wp-block-heading\"><strong>Preguntas Frecuentes sobre el Bono para Ruletas que tiene Betway<\/strong><\/h2>\n\n\n\n<div class=\"wp-block-rank-math-faq-block\"><div class=\"rank-math-faq-item\"><h3 class=\"rank-math-question\">\u00bfDebo ser un nuevo jugador para aplicar al Bono Ruletas de Betway?<\/h3><div class=\"rank-math-answer\">As\u00ed es, es importante que seas nuevo ya que es un Bono de Bienvenida <\/div><\/div><div class=\"rank-math-faq-item\"><h3 class=\"rank-math-question\">\u00bfQu\u00e9 sucede si tengo alg\u00fan problema dentro de la casa de apuestas?<\/h3><div class=\"rank-math-answer\">Puedes estar tranquilo ya que la casa de apuestas tiene un chat de soporte que funciona las 24 horas del d\u00eda<\/div><\/div><div class=\"rank-math-faq-item\"><h3 class=\"rank-math-question\">\u00bfEs seguro jugar aqu\u00ed?<\/h3><div class=\"rank-math-answer\">Si, Betway no solo es una de las casas de apuestas m\u00e1s seguras del mundo sino tambi\u00e9n una de las mejores <\/div><\/div><div class=\"rank-math-faq-item\"><h3 class=\"rank-math-question\">\u00bfCu\u00e1nto tiempo demora el proceso de registro?<\/h3><div class=\"rank-math-answer\">Podr\u00e1s llevarlo a cabo en unos pocos minutos <\/div><\/div><div class=\"rank-math-faq-item\"><h3 class=\"rank-math-question\">\u00bfTiene la casa una app para descargar?<\/h3><div class=\"rank-math-answer\">Claro que si, podr\u00e1s obtenerla tanto para tu m\u00f3vil como para tu tablet<\/div><\/div><div class=\"rank-math-faq-item\"><h3 class=\"rank-math-question\">\u00bfDebo ser mayor de 18 a\u00f1os para jugar aqu\u00ed?<\/h3><div class=\"rank-math-answer\">Si, es obligatorio<\/div><\/div><div class=\"rank-math-faq-item\"><h3 class=\"rank-math-question\">\u00bfQu\u00e9 alterantivas de juego tengo aqu\u00ed?<\/h3><div class=\"rank-math-answer\">Podr\u00e1s jugar tanto en deportes como en juegos de casino <\/div><\/div><\/div>\n","protected":false},"excerpt":{"rendered":"<p>Si eres un conocedor del mundo de las apuestas es seguro que conoces el nombre de Betway, por eso es que te vamos a contar todo lo que debes saber sobre su Bono para jugar en Ruletas. Conoce m\u00e1s desde la p\u00e1gina de la casa&nbsp; Conoce el Bono para jugar en Ruletas que tiene Betway &#8230; <a title=\"BETWAY Bono Ruletas \u00bb $4 MIL para las Mejores Mesas\" class=\"read-more\" href=\"https:\/\/supercuotas.gratis\/mx\/betway-bono-ruletas-especial-mexico-codigos-promocionales\/\" aria-label=\"Leer m\u00e1s sobre BETWAY Bono Ruletas \u00bb $4 MIL para las Mejores Mesas\">Read more<\/a><\/p>\n","protected":false},"author":67,"featured_media":0,"parent":0,"menu_order":0,"comment_status":"closed","ping_status":"closed","template":"","meta":{"_uag_custom_page_level_css":"","generate_page_header":"","footnotes":""},"class_list":["post-27432","page","type-page","status-publish"],"uagb_featured_image_src":{"full":false,"thumbnail":false,"medium":false,"medium_large":false,"large":false,"1536x1536":false,"2048x2048":false},"uagb_author_info":{"display_name":"Rodrigo Paz","author_link":"https:\/\/supercuotas.gratis\/mx\/author\/rodrigo-paz\/"},"uagb_comment_info":0,"uagb_excerpt":"Si eres un conocedor del mundo de las apuestas es seguro que conoces el nombre de Betway, por eso es que te vamos a contar todo lo que debes saber sobre su Bono para jugar en Ruletas. Conoce m\u00e1s desde la p\u00e1gina de la casa&nbsp; Conoce el Bono para jugar en Ruletas que tiene Betway&hellip;","_links":{"self":[{"href":"https:\/\/supercuotas.gratis\/mx\/wp-json\/wp\/v2\/pages\/27432","targetHints":{"allow":["GET"]}}],"collection":[{"href":"https:\/\/supercuotas.gratis\/mx\/wp-json\/wp\/v2\/pages"}],"about":[{"href":"https:\/\/supercuotas.gratis\/mx\/wp-json\/wp\/v2\/types\/page"}],"author":[{"embeddable":true,"href":"https:\/\/supercuotas.gratis\/mx\/wp-json\/wp\/v2\/users\/67"}],"replies":[{"embeddable":true,"href":"https:\/\/supercuotas.gratis\/mx\/wp-json\/wp\/v2\/comments?post=27432"}],"version-history":[{"count":6,"href":"https:\/\/supercuotas.gratis\/mx\/wp-json\/wp\/v2\/pages\/27432\/revisions"}],"predecessor-version":[{"id":27537,"href":"https:\/\/supercuotas.gratis\/mx\/wp-json\/wp\/v2\/pages\/27432\/revisions\/27537"}],"wp:attachment":[{"href":"https:\/\/supercuotas.gratis\/mx\/wp-json\/wp\/v2\/media?parent=27432"}],"curies":[{"name":"wp","href":"https:\/\/api.w.org\/{rel}","templated":true}]}}