{"id":27402,"date":"2023-03-30T16:23:18","date_gmt":"2023-03-30T14:23:18","guid":{"rendered":"https:\/\/supercuotas.gratis\/?page_id=27402"},"modified":"2026-03-12T16:44:45","modified_gmt":"2026-03-12T15:44:45","slug":"strendus-bono-casino-especial-codigos-promocionales-mexico","status":"publish","type":"page","link":"https:\/\/supercuotas.gratis\/mx\/strendus-bono-casino-especial-codigos-promocionales-mexico\/","title":{"rendered":"STRENDUS Bono Casino \u00bb \u00a1$100 MIL de Bienvenida!"},"content":{"rendered":"\n<p>Strendus tiene un gran oferta, un Bono para jugar en los mejores juegos de casino con dinero extra. Aqu\u00ed te contaremos todo sobre \u00e9l. SI deseas reclamarlo, lo \u00fanico que debes hacer es <a href=\"https:\/\/recor.to\/strendusmx\" target=\"_blank\" data-wplink-edit=\"true\" rel=\"noopener nofollow sponsored\">ingresar en la casa de apuestas<\/a><\/p>\n\n\n\n<figure class=\"wp-block-image size-full is-resized\"><a href=\"https:\/\/recor.to\/strendusmx\" target=\"_blank\" rel=\"noreferrer noopener nofollow sponsored\"><img fetchpriority=\"high\" decoding=\"async\" width=\"1536\" height=\"779\" src=\"https:\/\/supercuotas.gratis\/wp-content\/uploads\/2026\/03\/strendus-bono-de-casino.png\" alt=\"strendus bono de casino\" class=\"wp-image-44544\" style=\"width:932px;height:auto\" srcset=\"https:\/\/supercuotas.gratis\/wp-content\/uploads\/2026\/03\/strendus-bono-de-casino.png 1536w, https:\/\/supercuotas.gratis\/wp-content\/uploads\/2026\/03\/strendus-bono-de-casino-300x152.png 300w, https:\/\/supercuotas.gratis\/wp-content\/uploads\/2026\/03\/strendus-bono-de-casino-1024x519.png 1024w, https:\/\/supercuotas.gratis\/wp-content\/uploads\/2026\/03\/strendus-bono-de-casino-768x390.png 768w\" sizes=\"(max-width: 1536px) 100vw, 1536px\" \/><\/a><\/figure>\n\n\n\n<h2 class=\"wp-block-heading\"><strong>Conoce el Bono Universo para jugar en Casino de Strendus <\/strong><\/h2>\n\n\n\n<p>En este art\u00edculo nos vamos a centrar en una de las mejores promociones que tiene la casa de apuestas, estamos hablando del Bono para jugar en Casino que posee Strendus. <strong>Esta oferta te dar\u00e1 dinero extra para que puedas disfrutar de los juegos y as\u00ed acceder a las ganancias que tanto deseas. Es muy f\u00e1cil acceder a \u00e9l y aqu\u00ed sabr\u00e1s c\u00f3mo.<\/strong><\/p>\n\n\n\n<p>Antes de conocer c\u00f3mo hacer para acceder al Bono, hay algunas cuestiones que debemos contarte. <strong>La m\u00e1s importante es resaltar que este es un Bono de Bienvenida. Esto quiere decir, como se\u00f1ala su nombre, que solo podr\u00e1n acceder aqu\u00ed<\/strong> <strong>aquellos jugadores que se hayan registrado de forma reciente<\/strong> en la casa de apuestas. SI no tienes una cuenta, <a href=\"https:\/\/recor.to\/strendusmx\" target=\"_blank\" rel=\"noreferrer noopener nofollow sponsored\">podr\u00e1s hacerlo desde aqu\u00ed<\/a>, a\u00fan est\u00e1s a tiempo.<\/p>\n\n\n\n<p>Los Bonos de este estilo tienen una clara misi\u00f3n y la misma trata de brindar ayuda a los nuevos jugadores, los que est\u00e1n dando sus primeros pasos dentro del mundo de las apuestas en casino o dentro de la casa de apuestas. Por eso es que en tus primera apuestas podr\u00e1s contar con dinero extra para los juegos que te contamos.<\/p>\n\n\n\n<p>Ahora, si por casualidad est\u00e1s leyendo esto y no puedes cumplir con este requisito, puedes quedarte tranquilo. <strong>Strendus tiene una secci\u00f3n de &#8220;promociones&#8221; donde podr\u00e1s ver todas aquellos ofertas que se encuentren activas<\/strong> al momento de tu ingreso. Podr\u00e1s acceder a las que deseas y a las que se ajusten a tu cuenta y tus gustos. Por ejemplo, aqu\u00ed te dejamos todo sobre su <a href=\"https:\/\/supercuotas.gratis\/mx\/strendus-bono-sin-deposito\/\" target=\"_blank\" rel=\"noreferrer noopener\">Bono sin dep\u00f3sito<\/a><\/p>\n\n\n\n<h3 class=\"wp-block-heading\"><strong>\u00bfEn qu\u00e9 consiste el Bono Universo de Strendus Casino?<\/strong><\/h3>\n\n\n\n<p>Ahora si, luego de conocer algunos detalles importantes de la oferta, podemos centrarnos en todo lo que posee el Bono Universo para jugar en Casino de Strendus. <strong>Esta oferta no es como otras ofertas de Bienvenida, podr\u00e1s ver que tienes n\u00fameros incre\u00edbles que son muy dif\u00edciles de encontrar dentro de otras casas de apuestas.<\/strong><\/p>\n\n\n\n<p>En el caso de Strendus y su Bono, vas a obtener un regalo por parte de la casa de apuestas. <strong>Este regalo ser\u00e1 una bonificaci\u00f3n<\/strong> la cual te dar\u00e1 dinero extra. Todo esto est\u00e1 sujeto a tu primer dep\u00f3sito dentro de la casa y es por eso que es tan importante ser un nuevo jugador y no haber hecho un dep\u00f3sito hasta aplicar en ella.<\/p>\n\n\n\n<p>En este caso, entonces,<strong>la bonificaci\u00f3n ser\u00e1 de, ni m\u00e1s ni menos que hasta $100.000<\/strong>. Strendus va m\u00e1s all\u00e1 y ofrecer una bonificaci\u00f3n pocas veces vista. Esta es una forma ideal para que puedas hacer un dep\u00f3sito, aumentar tu saldo y jugar en los mejores juegos de casino que tiene la casa de apuestas.<\/p>\n\n\n\n<p>No dejes pasar esta gran oportunidad. Si eres un nuevo jugador, comenzar con dinero extra es muy importante. As\u00ed es que puedes hacer apuestas m\u00e1s grandes de lo pensado y por ende recibir ganancias iguales. Comenzar de la mejor manera es una gran opci\u00f3n para disfrutar de todo el camino. <a href=\"https:\/\/recor.to\/strendusmx\" target=\"_blank\" rel=\"noreferrer noopener nofollow sponsored\">Recl\u00e1mala desde la secci\u00f3n de promociones <\/a><\/p>\n\n\n\n<h3 class=\"wp-block-heading\"><strong>\u00bfC\u00f3mo accedo a la oferta?<\/strong><\/h3>\n\n\n\n<p>Accede a esta oferta de Bienvenida es muy simple. Podemos decir que la casa no tiene intenciones de dificultarle a sus jugadores poder aplicar en ella, ni mucho menos. <strong>Por eso es que \u00fanicamente necesitas una cuenta creada de forma reciente<\/strong> y ya podr\u00e1s, con unos simples pasos, acceder.<\/p>\n\n\n\n<p>En caso de no tener una cuenta est\u00e1s a tiempo de crearla y disfrutar del beneficio. Lo que tienes que hacer es <a href=\"https:\/\/recor.to\/strendusmx\" target=\"_blank\" rel=\"noreferrer noopener nofollow sponsored\"><strong>ingresar en la casa de apuestas<\/strong><\/a> y dirigirte hacia el bot\u00f3n de registro que se encuentra en la parte superior derecha de la pantalla. All\u00ed debes oprimir para continuar. En el segundo paso es donde ver\u00e1s dos formularios que debes completar con<strong> datos personales y datos de contacto.<\/strong><\/p>\n\n\n\n<p>Cuando hayas terminado con esto ya tienes la cuenta casi lista. <strong>Solo queda que la crees con un nombre de usuario \u00fanico, es decir que no est\u00e9 siendo usado por otros jugadores, y una contrase\u00f1a segura<\/strong>. All\u00ed ya puedes hacer tu primer dep\u00f3sito y recibir la bonificaci\u00f3n. Disfruta del <a href=\"https:\/\/supercuotas.gratis\/mx\/bono-strendus\/\" target=\"_blank\" rel=\"noreferrer noopener\">Bono Strendus <\/a>en todas sus facetas y juegos de casino<\/p>\n\n\n\n<figure class=\"wp-block-image size-full\"><a href=\"https:\/\/recor.to\/strendusmx\" target=\"_blank\" rel=\"noreferrer noopener nofollow sponsored\"><img decoding=\"async\" width=\"1000\" height=\"146\" src=\"https:\/\/supercuotas.gratis\/wp-content\/uploads\/2021\/03\/strendus_bono_sin_deposito_mexico.jpg\" alt=\"strendus casino online\" class=\"wp-image-15498\" srcset=\"https:\/\/supercuotas.gratis\/wp-content\/uploads\/2021\/03\/strendus_bono_sin_deposito_mexico.jpg 1000w, https:\/\/supercuotas.gratis\/wp-content\/uploads\/2021\/03\/strendus_bono_sin_deposito_mexico-300x44.jpg 300w, https:\/\/supercuotas.gratis\/wp-content\/uploads\/2021\/03\/strendus_bono_sin_deposito_mexico-768x112.jpg 768w\" sizes=\"(max-width: 1000px) 100vw, 1000px\" \/><\/a><\/figure>\n\n\n\n<h2 class=\"wp-block-heading\"><strong>A tener en cuenta <\/strong><\/h2>\n\n\n\n<p>Ya hemos hecho un repaso sobre lo que tiene la oferta y tambi\u00e9n sobre c\u00f3mo obtenerla pero hay otra informaci\u00f3n que debes conocer. Como siempre recomendamos, es importante que conozcas todo sobre la oferta que deseas, ya sea el Bono Casino que tiene Strendus o cualquier otra.<\/p>\n\n\n\n<p><strong>Lo primero que te contamos es que la oferta est\u00e1 vigente <\/strong>actualmente como Bono Universo. Contamos que tienes una bonificaci\u00f3n de puntaje canjeable, pero lo que debes saber es que existe <strong>una cantidad m\u00e1xima que podr\u00e1s obtener. En este caso la misma es de $100.000 MXN<\/strong>. Este Bono no podr\u00e1s usarlo en la secci\u00f3n de apuestas deportivas sino que est\u00e1 destinado a las categor\u00edas de <strong>Casino, Slots, Loter\u00eda, Bingo y Virtuals<\/strong>. <\/p>\n\n\n\n<p>En caso de tener alg\u00fan problema para activar el Bono, siempre y cuando cumplas con todos los requisitos que contamos, podr\u00e1s comunicarte con la casa de apuestas. Una de las opciones es llamando al<strong> 800 STRENDUS (800-787-3638)<\/strong> o podr\u00e1s hacerlo v\u00eda whatsapp al<strong> (+52) 81-3404-7973<\/strong>. Tambi\u00e9n tienes la opci\u00f3n de escribir un mail a <strong>soporte@strendus.com.mx<\/strong> o hacerlo mediante la casa de apuestas y su chat de soporte <\/p>\n\n\n\n<h2 class=\"wp-block-heading\"><strong>T\u00e9rminos y Condiciones de la oferta<\/strong><\/h2>\n\n\n\n<p>Dentro de cada una de las ofertas que puedes encontrar en Strendus tienes algo llamado &#8220;T\u00e9rminos y Condiciones&#8221;. Estos funcionan como una especie de reglamento y acuerdo entre los jugadores que aplican en ella y la casa de apuestas. Aqu\u00ed podr\u00e1s ver todo lo que se puede hacer y todo lo que no.<\/p>\n\n\n\n<p>Teniendo en cuenta su importancia, ahora mismo haremos un repaso y un punteo para que conozcas todos los detalles. Siempre recomendamos que los leas con detenimiento antes de aplicar en una promoci\u00f3n. <a href=\"https:\/\/recor.to\/strendusmx\" target=\"_blank\" rel=\"noreferrer noopener nofollow sponsored\">Esto podr\u00e1s hacerlo ingresando en la p\u00e1gina<\/a> y yendo hacia la secci\u00f3n de promociones. Aqu\u00ed vamos<\/p>\n\n\n\n<ul class=\"wp-block-list\">\n<li>Esta es una oferta de Bienvenida donde solo podr\u00e1n acceder los jugadores que se hayan registrado de forma reciente en la casa de apuestas<\/li>\n\n\n\n<li>Vas a obtener una bonificaci\u00f3n<strong> con respecto a tu primer ingreso de dinero<\/strong>, canjeando tus puntajes.<\/li>\n\n\n\n<li>El l\u00edmite que podr\u00e1s ganar es de <strong>$100.000 MXN<\/strong>.<\/li>\n\n\n\n<li>Podr\u00e1s usar el dinero en Casino, Slots, Loter\u00eda, Bingo y Virtuals<\/li>\n\n\n\n<li>Verpas el dinero reflejado en tu cuenta de forma autom\u00e1tica. Esto puede tardar como m\u00e1ximo unas <strong>72 horas <\/strong><\/li>\n\n\n\n<li>Tienes un total de 15 d\u00edas para cumplir con los requisitos de apuestas, pasado este tiempo, perder\u00e1s los beneficios.<\/li>\n\n\n\n<li>Solo podr\u00e1s reclamar esta oferta <strong>una \u00fanica vez por persona, direcci\u00f3n de mail, direcci\u00f3n de IP o domicilio<\/strong><\/li>\n<\/ul>\n\n\n\n<h3 class=\"wp-block-heading\"><strong>\u00bfC\u00f3mo retiro mis ganancias?<\/strong><\/h3>\n\n\n\n<p>Los Bonos de Bienvenida tienen requisitos especiales para poder retirar las ganancias. Esto se debe a que lo que se desea hacer es evitar que ingresen jugadores, reclaman la oferta y se vayan sin jugar. El Bono est\u00e1 pensado para los amantes de los juegos que quieren pasar grandes momentos y divertirse.<\/p>\n\n\n\n<p>Entonces, para liberar las ganancias otorgadas por esta oferta debes cumplir un requisito de apuesta de al menos<strong> 25 veces el monto<\/strong> inicial. <strong>El monto m\u00e1ximo que puedes retirar de ganancias netas es de $9.000.000 MXN<\/strong>. Cada juego contribuye al requisito de forma diferentes y aqu\u00ed te lo contamos<\/p>\n\n\n\n<ul class=\"wp-block-list\">\n<li><strong>Slots (todas las variedades)<\/strong> \u2013 100%<\/li>\n\n\n\n<li><strong>Video Bingo<\/strong> \u2013 100%<\/li>\n\n\n\n<li><strong>Rasca y Gana<\/strong> \u2013 50%<\/li>\n\n\n\n<li><strong>Juegos Varios<\/strong> \u2013 50%<\/li>\n\n\n\n<li><strong>Video Poker<\/strong> \u2013 20%<\/li>\n\n\n\n<li><strong>Baccarat <\/strong>(todas las variedades) \u2013 10%<\/li>\n\n\n\n<li><strong>Blackjack <\/strong>(todas las variedades) \u2013 10%<\/li>\n\n\n\n<li><strong>Dados <\/strong>(todas las variedades) \u2013 10%<\/li>\n\n\n\n<li><strong>Ruleta <\/strong>(todas las variedades) \u2013 5%<\/li>\n\n\n\n<li><strong>Loter\u00eda en Vivo<\/strong> (todas las variedades) \u2013 100%<\/li>\n\n\n\n<li><strong>Keno <\/strong>(todas las variedades) \u2013 50%<\/li>\n\n\n\n<li><strong>Raspaditos <\/strong>\u2013 30%<\/li>\n\n\n\n<li><strong>Virtuals <\/strong>\u2013 100%<\/li>\n<\/ul>\n\n\n\n<p>No dejes pasar esta opci\u00f3n de jugar en una de las mejores casas de apuestas de M\u00e9xico. Podr\u00e1s disfrutar de todos estos juegos de la mejor manera, con dinero extra. Solo debes registrarte en la casa de apuestas y ya ser\u00e1s parte para poder jugar. Si deseas hacerlo ahora mismo, <a href=\"https:\/\/recor.to\/strendusmx\" target=\"_blank\" rel=\"noopener nofollow sponsored\">solo debes hacer click aqu\u00ed&nbsp;<\/a><\/p>\n\n\n\n<figure class=\"wp-block-image size-full\"><a href=\"https:\/\/recor.to\/strendusmx\" target=\"_blank\" rel=\"noreferrer noopener nofollow sponsored\"><img decoding=\"async\" width=\"1000\" height=\"448\" src=\"https:\/\/supercuotas.gratis\/wp-content\/uploads\/2021\/03\/strendus_sin_deposito_mexico.jpg\" alt=\"STRENDUS bono casino\" class=\"wp-image-15516\" srcset=\"https:\/\/supercuotas.gratis\/wp-content\/uploads\/2021\/03\/strendus_sin_deposito_mexico.jpg 1000w, https:\/\/supercuotas.gratis\/wp-content\/uploads\/2021\/03\/strendus_sin_deposito_mexico-300x134.jpg 300w, https:\/\/supercuotas.gratis\/wp-content\/uploads\/2021\/03\/strendus_sin_deposito_mexico-768x344.jpg 768w\" sizes=\"(max-width: 1000px) 100vw, 1000px\" \/><\/a><\/figure>\n\n\n\n<p>Conoce m\u00e1s sobre la casa de apuestas <a href=\"https:\/\/supercuotas.gratis\/mx\/strendus\/\" target=\"_blank\" rel=\"noreferrer noopener\">desde aqu\u00ed <\/a><\/p>\n\n\n\n<h2 class=\"wp-block-heading\"><strong>Preguntas Frecuentes sobre el Bono Casino de Strendus <\/strong><\/h2>\n\n\n\n<div class=\"wp-block-rank-math-faq-block\"><div class=\"rank-math-faq-item\"><h3 class=\"rank-math-question\">\u00bfEs seguro jugar aqu\u00ed?<\/h3><div class=\"rank-math-answer\">Si, esta es una de las mejores casas de apuestas y una de las m\u00e1s seguras<\/div><\/div><div class=\"rank-math-faq-item\"><h3 class=\"rank-math-question\">\u00bfDebo ser un jugador nuevo para acceder al Bono casino de Strendus?<\/h3><div class=\"rank-math-answer\">As\u00ed es, tienes que ser nuevo ya que es un Bono de Bienvenida <\/div><\/div><div class=\"rank-math-faq-item\"><h3 class=\"rank-math-question\">\u00bfCu\u00e1nto tiempo demora el proceso de registro?<\/h3><div class=\"rank-math-answer\">Podr\u00e1s hacerlo en unos pocos minutos de tu tiempo <\/div><\/div><div class=\"rank-math-faq-item\"><h3 class=\"rank-math-question\">\u00bfQu\u00e9 sucede si tengo alg\u00fan problema dentro de la casa?<\/h3><div class=\"rank-math-answer\">Strendus tiene un chat de soporte que funciona las 24 horas el d\u00eda <\/div><\/div><div class=\"rank-math-faq-item\"><h3 class=\"rank-math-question\">\u00bfTiene la casa una app para descargar?<\/h3><div class=\"rank-math-answer\">Podr\u00e1s tenerla en tu m\u00f3vil o en tu tablet<\/div><\/div><div class=\"rank-math-faq-item\"><h3 class=\"rank-math-question\">\u00bfQu\u00e9 alternativas de juego tengo aqu\u00ed?<\/h3><div class=\"rank-math-answer\">Adem\u00e1s de los juegos de casino, podr\u00e1s apostar en deportes <\/div><\/div><div class=\"rank-math-faq-item\"><h3 class=\"rank-math-question\">\u00bfDebo ser mayor de 18 a\u00f1os para jugar?<\/h3><div class=\"rank-math-answer\">Si, es obligatorio <\/div><\/div><\/div>\n","protected":false},"excerpt":{"rendered":"<p>Strendus tiene un gran oferta, un Bono para jugar en los mejores juegos de casino con dinero extra. Aqu\u00ed te contaremos todo sobre \u00e9l. SI deseas reclamarlo, lo \u00fanico que debes hacer es ingresar en la casa de apuestas Conoce el Bono Universo para jugar en Casino de Strendus En este art\u00edculo nos vamos a &#8230; <a title=\"STRENDUS Bono Casino \u00bb \u00a1$100 MIL de Bienvenida!\" class=\"read-more\" href=\"https:\/\/supercuotas.gratis\/mx\/strendus-bono-casino-especial-codigos-promocionales-mexico\/\" aria-label=\"Leer m\u00e1s sobre STRENDUS Bono Casino \u00bb \u00a1$100 MIL de Bienvenida!\">Read more<\/a><\/p>\n","protected":false},"author":67,"featured_media":0,"parent":0,"menu_order":0,"comment_status":"closed","ping_status":"closed","template":"","meta":{"_uag_custom_page_level_css":"","generate_page_header":"","footnotes":""},"class_list":["post-27402","page","type-page","status-publish"],"uagb_featured_image_src":{"full":false,"thumbnail":false,"medium":false,"medium_large":false,"large":false,"1536x1536":false,"2048x2048":false},"uagb_author_info":{"display_name":"Rodrigo Paz","author_link":"https:\/\/supercuotas.gratis\/mx\/author\/rodrigo-paz\/"},"uagb_comment_info":0,"uagb_excerpt":"Strendus tiene un gran oferta, un Bono para jugar en los mejores juegos de casino con dinero extra. Aqu\u00ed te contaremos todo sobre \u00e9l. SI deseas reclamarlo, lo \u00fanico que debes hacer es ingresar en la casa de apuestas Conoce el Bono Universo para jugar en Casino de Strendus En este art\u00edculo nos vamos a&hellip;","_links":{"self":[{"href":"https:\/\/supercuotas.gratis\/mx\/wp-json\/wp\/v2\/pages\/27402","targetHints":{"allow":["GET"]}}],"collection":[{"href":"https:\/\/supercuotas.gratis\/mx\/wp-json\/wp\/v2\/pages"}],"about":[{"href":"https:\/\/supercuotas.gratis\/mx\/wp-json\/wp\/v2\/types\/page"}],"author":[{"embeddable":true,"href":"https:\/\/supercuotas.gratis\/mx\/wp-json\/wp\/v2\/users\/67"}],"replies":[{"embeddable":true,"href":"https:\/\/supercuotas.gratis\/mx\/wp-json\/wp\/v2\/comments?post=27402"}],"version-history":[{"count":4,"href":"https:\/\/supercuotas.gratis\/mx\/wp-json\/wp\/v2\/pages\/27402\/revisions"}],"predecessor-version":[{"id":44545,"href":"https:\/\/supercuotas.gratis\/mx\/wp-json\/wp\/v2\/pages\/27402\/revisions\/44545"}],"wp:attachment":[{"href":"https:\/\/supercuotas.gratis\/mx\/wp-json\/wp\/v2\/media?parent=27402"}],"curies":[{"name":"wp","href":"https:\/\/api.w.org\/{rel}","templated":true}]}}