{"id":27353,"date":"2023-03-30T15:35:43","date_gmt":"2023-03-30T13:35:43","guid":{"rendered":"https:\/\/supercuotas.gratis\/?page_id=27353"},"modified":"2025-08-12T17:35:13","modified_gmt":"2025-08-12T15:35:13","slug":"ganabet-mexico","status":"publish","type":"page","link":"https:\/\/supercuotas.gratis\/mx\/ganabet-mexico\/","title":{"rendered":"SPORTIUMBET | Bonos + Rese\u00f1a COMPLETA"},"content":{"rendered":"\n<p>No hay dudas que Sportiumbet es una de las casas m\u00e1s conocidas en todo M\u00e9xico y es por eso que aqu\u00ed haremos una rese\u00f1a de la casa de apuestas. Adem\u00e1s podr\u00e1s conocer algunas de sus mejores promociones, <a href=\"https:\/\/recor.to\/sportiumbetmx\" target=\"_blank\" data-wplink-edit=\"true\" rel=\"noopener nofollow sponsored\">todo esto podr\u00e1s verlo con solo ingresar\u00a0<\/a><\/p>\n\n\n\n<figure class=\"wp-block-image size-large\"><a href=\"https:\/\/recor.to\/sportiumbetmx\" target=\"_blank\" rel=\" noreferrer noopener nofollow sponsored\"><img fetchpriority=\"high\" decoding=\"async\" width=\"1024\" height=\"214\" src=\"https:\/\/supercuotas.gratis\/wp-content\/uploads\/2025\/08\/sportiumbet-bonos-mexico-1024x214.png\" alt=\"sportiumbet bonos mexico\" class=\"wp-image-42274\" srcset=\"https:\/\/supercuotas.gratis\/wp-content\/uploads\/2025\/08\/sportiumbet-bonos-mexico-1024x214.png 1024w, https:\/\/supercuotas.gratis\/wp-content\/uploads\/2025\/08\/sportiumbet-bonos-mexico-300x63.png 300w, https:\/\/supercuotas.gratis\/wp-content\/uploads\/2025\/08\/sportiumbet-bonos-mexico-768x161.png 768w, https:\/\/supercuotas.gratis\/wp-content\/uploads\/2025\/08\/sportiumbet-bonos-mexico-1536x322.png 1536w, https:\/\/supercuotas.gratis\/wp-content\/uploads\/2025\/08\/sportiumbet-bonos-mexico-2048x429.png 2048w\" sizes=\"(max-width: 1024px) 100vw, 1024px\" \/><\/a><\/figure>\n\n\n\n<h2 class=\"wp-block-heading\"><strong>Conoce todo sobre Sportiumbet, una de las mejores casas<\/strong><\/h2>\n\n\n\n<p>Hemos se\u00f1alado que Sportiumbet es una de las mejores casas de apuestas en las que podr\u00e1s jugar y disfrutar. Seguro te preguntar\u00e1s como es que podemos hacer esta afirmaci\u00f3n. <strong>Lo que debemos comentar es que son muchos los motivos por los cuales podemos decir esto<\/strong> y te los contaremos aqu\u00ed. Si quieres verlo con tus propios ojos, <a href=\"https:\/\/recor.to\/sportiumbetmx\" target=\"_blank\" rel=\"noreferrer noopener nofollow sponsored\">solo debes ingresar en la casa<\/a> y explorar todo lo que tiene.<\/p>\n\n\n\n<p>Ser una casa de las m\u00e1s importantes conlleva grandes responsabilidades para los jugadores. Por ejemplo, <strong>Sportiumbet posee una gran cantidad de a\u00f1os de experiencia dentro del mundo de las apuestas y esto le da una gran ventaja con respecto a las dem\u00e1s, a la competencia<\/strong>. Gracias a esto es que puede conocer el gusto de cada uno de ellos y brindarles lo que realmente desean.<\/p>\n\n\n\n<p>Por otra parte, podemos decir que es una casa que tiene muy en claro cuales son los objetivos m\u00e1s importantes que debe afrontar para seguir siendo catalogada como una casa de elite. <strong>Como podr\u00e1s ver a continuaci\u00f3n, los mismos est\u00e1n completamente relacionados con el bienestar y la seguridad de sus jugadores.<\/strong><\/p>\n\n\n\n<p>Entonces, a estas alturas podemos decir que el objetivo m\u00e1s importantes que tiene la casa de apuestas es el de brindar un servicio de entretenimiento y diversi\u00f3n de la m\u00e1s alta calidad posible. <strong>Para poder lograr esto es importantes tener algunas cuestiones importantes a la altura de lo esperado. Entre estos est\u00e1n los juegos, las ofertas, la variedad de los m\u00e9todos de pago y tambi\u00e9n su interfaz para moverte<\/strong><\/p>\n\n\n\n<h2 class=\"wp-block-heading\"><strong>Sportiumbet y la seguridad de los jugadores <\/strong><\/h2>\n\n\n\n<p>Si bien comenzamos este art\u00edculo hablando sobre la diversi\u00f3n y el entretenimiento, no podemos dejar de lado otro factor igual de determinante. <strong>Este mismo es importante para que la casa funcione de una forma correcta y que tu \u00fanica preocupaci\u00f3n sea la de divertirte, pasar un buen momento y ganar dinero mientras lo haces.<\/strong><\/p>\n\n\n\n<p><strong>Aqu\u00ed claramente estamos hablando del factor de la seguridad.<\/strong> Tan importante es para Sportiumbet que desde hace tiempo es que han desarrollado un <strong>software de seguridad de la m\u00e1s alta generaci\u00f3n para proteger a todos los jugadores<\/strong>, tanto sus cuentas como su dinero. Podemos decir que este es otro de los motivos por los que puedes elegir la casa de apuestas.<\/p>\n\n\n\n<p>Lastimosamente, en los \u00faltimos a\u00f1os se han visto pr\u00e1cticas negativas en las casas de apuestas de este estilo y por eso es que se ha puesto tanto empe\u00f1o en evitar cualquier problema. Dentro de estas pr\u00e1cticas se han podido ver algunos intentos de robos de identidad, robos de datos y tambi\u00e9n hackeos en de cuentas. Sportiumbet es muy segura para jugar<\/p>\n\n\n\n<h3 class=\"wp-block-heading\"><strong>Disfruta de Sportiumbet <\/strong><\/h3>\n\n\n\n<p><a href=\"https:\/\/recor.to\/sportiumbetmx\" target=\"_blank\" rel=\"noreferrer noopener nofollow sponsored\">Una vez que ingreses en la casa de apuestas<\/a> y tengas tu cuenta lista, en caso de tener un problema, <strong>podr\u00e1s formar parte de un chat de soporte que tiene la casa.<\/strong> Este chat te permite comunicarte con los encargados de la misma y as\u00ed estar seguro en todo momento. Ellos est\u00e1n completamente capacitados para solucionar cualquier problema que tengas.<\/p>\n\n\n\n<p>Como dijimos, siempre habr\u00e1 alguien para ayudarte del otro lado. Aqu\u00ed lo que puedes hacer es realizar preguntas, en caso de tenerlas, sacarte cualquier dudas y tambi\u00e9n realizar reclamos, en caso que los mismos sean correspondientes. Este chat de soporte estar\u00e1 disponible las<strong> 24 horas del d\u00eda y los 7 d\u00edas de la semana para ayudarte a ti<\/strong><\/p>\n\n\n\n<figure class=\"wp-block-image size-large\"><img decoding=\"async\" width=\"1024\" height=\"290\" src=\"https:\/\/supercuotas.gratis\/wp-content\/uploads\/2023\/11\/sportiumbet-bono-apuestas-deportivas-1024x290.png\" alt=\"ganabet OFERTAS mexico\" class=\"wp-image-32775\" srcset=\"https:\/\/supercuotas.gratis\/wp-content\/uploads\/2023\/11\/sportiumbet-bono-apuestas-deportivas-1024x290.png 1024w, https:\/\/supercuotas.gratis\/wp-content\/uploads\/2023\/11\/sportiumbet-bono-apuestas-deportivas-300x85.png 300w, https:\/\/supercuotas.gratis\/wp-content\/uploads\/2023\/11\/sportiumbet-bono-apuestas-deportivas-768x218.png 768w, https:\/\/supercuotas.gratis\/wp-content\/uploads\/2023\/11\/sportiumbet-bono-apuestas-deportivas-1536x436.png 1536w, https:\/\/supercuotas.gratis\/wp-content\/uploads\/2023\/11\/sportiumbet-bono-apuestas-deportivas.png 1904w\" sizes=\"(max-width: 1024px) 100vw, 1024px\" \/><\/figure>\n\n\n\n<h2 class=\"wp-block-heading\"><strong>Los mejores juegos que tiene Sportiumbet <\/strong><\/h2>\n\n\n\n<p>Como puedes ver <a href=\"https:\/\/recor.to\/ganabetmx\" target=\"_blank\" rel=\"noreferrer noopener nofollow sponsored\">una vez que ingreses en la p\u00e1gina de Sportiumbet<\/a>, esta casa de apuestas tiene dos grandes secciones para jugar y apostar. Una de ellas est\u00e1 compuesta por los mejores juegos de casino mientras que la otra tiene todo para apuestas deportivas. Podr\u00e1s demostrar cuanto sabes haciendo pron\u00f3sticos de resultados en los mejores deportes.<\/p>\n\n\n\n<h3 class=\"wp-block-heading\"><strong>Juegos de casino <\/strong><\/h3>\n\n\n\n<p>La secci\u00f3n de casino es una de las m\u00e1s jugadas y tienes grandes opciones para disfrutar. <strong>Adem\u00e1s, si eres un verdadero amante de estos, podr\u00e1s aprovechar todo sobre el <a href=\"https:\/\/supercuotas.gratis\/mx\/ganabet-bono-casino-especial-codigos-promocionales-mexico\/\" target=\"_blank\" rel=\"noreferrer noopener\">Bono Casino<\/a><\/strong>, una oferta especial que no puedes dejar pasar en caso de querer jugar con dinero extra en los juegos m\u00e1s populares <\/p>\n\n\n\n<p>La primera opci\u00f3n que te contamos aqu\u00ed es la <strong>Ruleta<\/strong>. Este es un juego donde debes adivinar d\u00f3nde caer\u00e1 la bola blanca para poder ganar, podr\u00e1s apostar en varias secciones de la mesa. <strong>Para no aburrirte nunca, la casa tiene la opci\u00f3n para jugar en Ruleta americana o en su versi\u00f3n europea. Tambi\u00e9n tienes otras opciones como la Ruleta bola r\u00e1pida o Turbo, entre otras<\/strong><\/p>\n\n\n\n<p>Siguiendo con los juegos de casino, aqu\u00ed traemos como segunda opci\u00f3n el, posiblemente, juego de cartas m\u00e1s popular del mundo del casino. Estamos hablando del <strong>Blackjack<\/strong>. <strong>Este juego es ideal para ti y, seg\u00fan los propios jugadores, para disfrutar de la secci\u00f3n de &#8220;casino en vivo&#8221;<\/strong>, donde podr\u00e1s compartir mesa con otros jugadores y ver las cartas al momento.<\/p>\n\n\n\n<p>La tercera de las opciones pero no menos importante son los populares <strong>slots<\/strong>. Estos tragamonedas son ideales para demostrar que la suerte est\u00e1 de tu lado. Una vez que los veas podr\u00e1s observar que tienes diferentes opciones. <strong>Tienes juegos para novatos que se caracterizan por su simpleza y tambi\u00e9n juegos m\u00e1s desarrollados para jugadores habituales <\/strong><\/p>\n\n\n\n<h3 class=\"wp-block-heading\"><strong>Apuestas deportivas<\/strong><\/h3>\n\n\n\n<p>Tenemos otra opci\u00f3n para que puedas disfrutar de los juegos de Sportiumbet. La misma se trata, como sabr\u00e1s de las apuestas deportivas. Son muchos los deportes que tienes disponible aqu\u00ed para disfrutar y todos estos podr\u00e1s verlos desde la secci\u00f3n de <a href=\"https:\/\/recor.to\/sportiumbetmx\" target=\"_blank\" rel=\"noreferrer noopener nofollow sponsored\">&#8220;apuestas deportivas&#8221;<\/a>. Aqu\u00ed tienes deportes como <strong>tenis, rugby, v\u00f3ley o b\u00e1squet, tanto en los partidos FIBA como en los encuentros de la NBA<\/strong><\/p>\n\n\n\n<p>Sabiendo algunas de las mejores opciones que tienes en deporte con Sportiumbet, no podemos dejar de lado que el deporte m\u00e1s popular en M\u00e9xico, sin dudas, es el <strong>f\u00fatbol<\/strong>. <strong>Por eso es que la casa de apuestas te acerca la opci\u00f3n de seguir todos los partidos del torneo MX. <\/strong>As\u00ed es que podr\u00e1s ganar dinero con las victorias de tu equipo favorito y duplicar tu alegr\u00eda. Podr\u00e1s ver algunos <a href=\"https:\/\/supercuotas.gratis\/mx\/bonos-ganabet\/\" target=\"_blank\" rel=\"noreferrer noopener\">Bonos <\/a>para reclamar y jugar<\/p>\n\n\n\n<p>No solo tienes que torneo local de M\u00e9xico sino que mucho m\u00e1s. Con una cuenta en Sportiumbet, los amantes del f\u00fatbol encuentran todo lo que estaban buscando. Aqu\u00ed tienes, por ejemplo, los mejores torneos de la regi\u00f3n. <strong>Podr\u00e1s apostar en la liga de Estados Unidos y tambi\u00e9n de Brasil, Argentina y otros pa\u00edses sudamericanos. Tambi\u00e9n las diferentes Copas como la Libertadores.<\/strong><\/p>\n\n\n\n<p>Claro que el f\u00fatbol del Viejo Continente no se queda detr\u00e1s. Tambi\u00e9n tienes estas ligas que indudablemente tienen los mejores jugadores del mundo. Con Sportiumbet podr\u00e1s apostar en la <strong>Premier League, la Serie A, la Bundesliga o La Liga, entre otras. Juega en la Champions League y la Europa League <\/strong>para demostrar cuanto sabes <\/p>\n\n\n\n<h3 class=\"wp-block-heading\"><strong>Bono de Bienvenida de Sportiumbet<\/strong><\/h3>\n\n\n\n<p>Sportiumbet quiere que puedas disfrutar en todo momento de tus apuestas y por eso es que tiene un oferta especial para ti. Podr\u00e1s acceder al Bono de Bienvenida <a href=\"https:\/\/recor.to\/sportiumbetmx\" target=\"_blank\" rel=\"noreferrer noopener nofollow sponsored\">una vez que te registres aqu\u00ed<\/a>. Esta oferta, como se\u00f1ala su nombre, es exclusiva para los jugadores que se hayan registrado de forma reciente, osea que tienen que ser nuevos en la casa.<\/p>\n\n\n\n<p>La misma consiste en obtener una bonificaci\u00f3n <strong>con respecto al dinero que introduces<\/strong>. As\u00ed es, podr\u00e1s jugar con el doble del dinero que ten\u00edas planeado y as\u00ed disfrutar tanto de la secci\u00f3n de casino como en apuestas deportivas. <strong>El m\u00e1ximo que podr\u00e1s obtener es de $11.000, con tus primeros tres dep\u00f3sitos, obteniendo hasta $5.000 MXN en el primero, y $3.000 en los siguientes. Adem\u00e1s tienes un bono sin dep\u00f3sito de $1.000 MXN por abrir tu cuenta.<\/strong><\/p>\n\n\n\n<p>No dejes pasar esta gran oportunidad de unirte a una de las mejores casas de apuestas que puedes encontrar en M\u00e9xico. Sportiumbet es una casa de renombre que no puedes dejar pasar. Podr\u00e1s unirte, acceder a sus diferentes ofertas y luego jugar con dinero extra y buscar las mejores cuotas y apuestas de la casa <\/p>\n\n\n\n<figure class=\"wp-block-image size-large\"><a href=\"https:\/\/recor.to\/sportiumbetmx\" target=\"_blank\" rel=\" noreferrer noopener nofollow sponsored\"><img decoding=\"async\" width=\"1024\" height=\"459\" src=\"https:\/\/supercuotas.gratis\/wp-content\/uploads\/2025\/08\/sportiumbet-1024x459.png\" alt=\"sportiumbet\" class=\"wp-image-42259\" srcset=\"https:\/\/supercuotas.gratis\/wp-content\/uploads\/2025\/08\/sportiumbet-1024x459.png 1024w, https:\/\/supercuotas.gratis\/wp-content\/uploads\/2025\/08\/sportiumbet-300x135.png 300w, https:\/\/supercuotas.gratis\/wp-content\/uploads\/2025\/08\/sportiumbet-768x345.png 768w, https:\/\/supercuotas.gratis\/wp-content\/uploads\/2025\/08\/sportiumbet.png 1304w\" sizes=\"(max-width: 1024px) 100vw, 1024px\" \/><\/a><\/figure>\n\n\n\n<p>Conoce m\u00e1s sobre una de las mejores casas de apuestas <a href=\"https:\/\/supercuotas.gratis\/mx\/ganabet\/\" target=\"_blank\" rel=\"noreferrer noopener\">desde aqu\u00ed <\/a><\/p>\n\n\n\n<h2 class=\"wp-block-heading\"><strong>Preguntas Frecuentes sobre Sportiumbet<\/strong><\/h2>\n\n\n\n<div class=\"wp-block-rank-math-faq-block\"><div class=\"rank-math-faq-item\"><h3 class=\"rank-math-question\">\u00bfEs Sportiumbet una casa segura para jugar?<\/h3><div class=\"rank-math-answer\">Claro que si, esta es una de las mejores opciones para jugar y una de las casas m\u00e1s seguras del mundo <\/div><\/div><div class=\"rank-math-faq-item\"><h3 class=\"rank-math-question\">\u00bfDebo ser un nuevo jugador para acceder a su Bono?<\/h3><div class=\"rank-math-answer\">Si, esta es un Bono de Bienvenida y por eso es que tienes que ser nuevo<\/div><\/div><div class=\"rank-math-faq-item\"><h3 class=\"rank-math-question\">\u00bfQu\u00e9 sucede si tengo alg\u00fan problema aqu\u00ed?<\/h3><div class=\"rank-math-answer\">Puedes quedarte tranquilo, Sportiumbet cuenta con un chat de soporte que funciona las 24 horas del d\u00eda y los 7 d\u00edas de la semana <\/div><\/div><div class=\"rank-math-faq-item\"><h3 class=\"rank-math-question\">\u00bfCu\u00e1nto tiempo demora el proceso de registro?<\/h3><div class=\"rank-math-answer\">Este proceso podr\u00e1s hacerlo en unos pocos minutos de tu tiempo<\/div><\/div><div class=\"rank-math-faq-item\"><h3 class=\"rank-math-question\">\u00bfDebo ser mayor de 18 a\u00f1os para jugar aqu\u00ed?<\/h3><div class=\"rank-math-answer\">Si, es obligatorio<\/div><\/div><div class=\"rank-math-faq-item\"><h3 class=\"rank-math-question\">\u00bfTiene la casa una app para descargar?<\/h3><div class=\"rank-math-answer\">As\u00ed es, podr\u00e1s tenerla en tu m\u00f3vil o en tu tablet<\/div><\/div><div class=\"rank-math-faq-item\"><h3 class=\"rank-math-question\">\u00bfQu\u00e9 alterantivas de juego tengo aqu\u00ed?<\/h3><div class=\"rank-math-answer\">En Sportiumbet puedes jugar en casino y en deportes <\/div><\/div><\/div>\n","protected":false},"excerpt":{"rendered":"<p>No hay dudas que Sportiumbet es una de las casas m\u00e1s conocidas en todo M\u00e9xico y es por eso que aqu\u00ed haremos una rese\u00f1a de la casa de apuestas. Adem\u00e1s podr\u00e1s conocer algunas de sus mejores promociones, todo esto podr\u00e1s verlo con solo ingresar\u00a0 Conoce todo sobre Sportiumbet, una de las mejores casas Hemos se\u00f1alado &#8230; <a title=\"SPORTIUMBET | Bonos + Rese\u00f1a COMPLETA\" class=\"read-more\" href=\"https:\/\/supercuotas.gratis\/mx\/ganabet-mexico\/\" aria-label=\"Leer m\u00e1s sobre SPORTIUMBET | Bonos + Rese\u00f1a COMPLETA\">Read more<\/a><\/p>\n","protected":false},"author":67,"featured_media":0,"parent":0,"menu_order":0,"comment_status":"closed","ping_status":"closed","template":"","meta":{"_uag_custom_page_level_css":"","generate_page_header":"","footnotes":""},"class_list":["post-27353","page","type-page","status-publish"],"uagb_featured_image_src":{"full":false,"thumbnail":false,"medium":false,"medium_large":false,"large":false,"1536x1536":false,"2048x2048":false},"uagb_author_info":{"display_name":"Rodrigo Paz","author_link":"https:\/\/supercuotas.gratis\/mx\/author\/rodrigo-paz\/"},"uagb_comment_info":0,"uagb_excerpt":"No hay dudas que Sportiumbet es una de las casas m\u00e1s conocidas en todo M\u00e9xico y es por eso que aqu\u00ed haremos una rese\u00f1a de la casa de apuestas. Adem\u00e1s podr\u00e1s conocer algunas de sus mejores promociones, todo esto podr\u00e1s verlo con solo ingresar\u00a0 Conoce todo sobre Sportiumbet, una de las mejores casas Hemos se\u00f1alado&hellip;","_links":{"self":[{"href":"https:\/\/supercuotas.gratis\/mx\/wp-json\/wp\/v2\/pages\/27353","targetHints":{"allow":["GET"]}}],"collection":[{"href":"https:\/\/supercuotas.gratis\/mx\/wp-json\/wp\/v2\/pages"}],"about":[{"href":"https:\/\/supercuotas.gratis\/mx\/wp-json\/wp\/v2\/types\/page"}],"author":[{"embeddable":true,"href":"https:\/\/supercuotas.gratis\/mx\/wp-json\/wp\/v2\/users\/67"}],"replies":[{"embeddable":true,"href":"https:\/\/supercuotas.gratis\/mx\/wp-json\/wp\/v2\/comments?post=27353"}],"version-history":[{"count":10,"href":"https:\/\/supercuotas.gratis\/mx\/wp-json\/wp\/v2\/pages\/27353\/revisions"}],"predecessor-version":[{"id":42287,"href":"https:\/\/supercuotas.gratis\/mx\/wp-json\/wp\/v2\/pages\/27353\/revisions\/42287"}],"wp:attachment":[{"href":"https:\/\/supercuotas.gratis\/mx\/wp-json\/wp\/v2\/media?parent=27353"}],"curies":[{"name":"wp","href":"https:\/\/api.w.org\/{rel}","templated":true}]}}