{"id":27351,"date":"2023-03-30T15:56:20","date_gmt":"2023-03-30T13:56:20","guid":{"rendered":"https:\/\/supercuotas.gratis\/?page_id=27351"},"modified":"2023-03-30T15:56:22","modified_gmt":"2023-03-30T13:56:22","slug":"betway-bono-slots-especial-mexico-codigos-promocionales","status":"publish","type":"page","link":"https:\/\/supercuotas.gratis\/mx\/betway-bono-slots-especial-mexico-codigos-promocionales\/","title":{"rendered":"BETWAY Bono Slots \u00bb $4 MIL para los Mejores Juegos"},"content":{"rendered":"\n<p><strong>\u00a1Momento de jugar con el BETWAY Bono Slots! La plataforma de apuestas online l\u00edder en todo M\u00e9xico <\/strong>que hoy tiene para ofrecernos una oportunidad exclusiva. Vamos a conocer un espacio en donde jugar y divertirse ser\u00e1 una cuesti\u00f3n fundamental en nuestra experiencia dentro del sitio. Adem\u00e1s, conoceremos una serie de detalles sobre el funcionamiento de la plataforma, promociones especiales para jugar en todos los mercados, m\u00e9todos de pago, creaci\u00f3n de cuenta y muchas otras cosas mas que te ser\u00e1n de gran ayuda al momento de jugar <strong><a href=\"https:\/\/recor.to\/betwaymxcasino\" target=\"_blank\" rel=\"noreferrer noopener nofollow sponsored\">\u00a1A Jugar!<\/a><\/strong><\/p>\n\n\n\n<figure class=\"wp-block-image size-large is-resized\"><a href=\"https:\/\/recor.to\/betwaymxcasino\" target=\"_blank\" rel=\"noreferrer noopener nofollow sponsored\"><img fetchpriority=\"high\" decoding=\"async\" src=\"https:\/\/supercuotas.gratis\/wp-content\/uploads\/2023\/03\/BETWAY-bono-slots-1024x388.png\" alt=\"BETWAY bono slots\" class=\"wp-image-27354\" width=\"1391\" height=\"527\" srcset=\"https:\/\/supercuotas.gratis\/wp-content\/uploads\/2023\/03\/BETWAY-bono-slots-1024x388.png 1024w, https:\/\/supercuotas.gratis\/wp-content\/uploads\/2023\/03\/BETWAY-bono-slots-300x114.png 300w, https:\/\/supercuotas.gratis\/wp-content\/uploads\/2023\/03\/BETWAY-bono-slots-768x291.png 768w, https:\/\/supercuotas.gratis\/wp-content\/uploads\/2023\/03\/BETWAY-bono-slots-1536x581.png 1536w, https:\/\/supercuotas.gratis\/wp-content\/uploads\/2023\/03\/BETWAY-bono-slots.png 1667w\" sizes=\"(max-width: 1391px) 100vw, 1391px\" \/><\/a><\/figure>\n\n\n\n<h2 class=\"wp-block-heading\"><strong>BETWAY Bono Slots y Promociones<\/strong><\/h2>\n\n\n\n<p><strong>\u00bfConoc\u00edas este fant\u00e1stico universo? Si no estabas al tanto de la existencia de esto<\/strong>, d\u00e9jame decirte que te estabas perdiendo de un universo nunca antes visto. Teniendo en cuenta la cantidad de casinos existentes actualmente en el mercado, puede suceder que te hayas mareado un poco. Por suerte nos tienes a nosotros para iluminar tu camino con este art\u00edculo que seguramente sea de gran ayuda para tus pr\u00f3ximos movimientos dentro de la plataforma. Prep\u00e1rate para conocer un casino que puede llegar a convertirse en tu mejor aliado para jugar con <strong><a href=\"https:\/\/supercuotas.gratis\/mx\/betway-mexico\/\" target=\"_blank\" rel=\"noreferrer noopener\">las mejores promociones para M\u00e9xico<\/a><\/strong>.<\/p>\n\n\n\n<p>Con respecto a las ofertas, el bono para slots de betway es la oportunidad perfecta para <strong><a href=\"https:\/\/recor.to\/betwaymxcasino\" target=\"_blank\" rel=\"noreferrer noopener nofollow sponsored\">conocer nuevas promociones<\/a><\/strong> con beneficios exclusivos. Jugar con una ventaja inicial dentro del sitio puede realmente marcar la diferencia en este sentido, por lo que ser\u00e1 necesario contar con todas las herramientas posibles para jugar con ayuda y encontrar una soluci\u00f3n a las m\u00faltiples opciones que tenemos al momento de jugar en un casino. Vamos a repasar las ofertas mas importantes de la plataforma para que <strong>nuestra experiencia suceda de la mejor manera.<\/strong><\/p>\n\n\n\n<h3 class=\"wp-block-heading\"><strong>Bono de Bienvenida para Casino<\/strong><\/h3>\n\n\n\n<p><strong>Por empezar, tenemos que hacer especial hincapi\u00e9 en una de las mejores ofertas que encontrar\u00e1s en el sitio<\/strong>. No solo eso, tambi\u00e9n corresponde a ser una de las ofertas mas utilizadas por los jugadores. Este betway bono slots se convierte pr\u00e1cticamente en la mejor opci\u00f3n a la cual podr\u00e1s acceder teniendo en cuenta la gran cantidad de ofertas disponibles en la plataforma. La forma de obtenerlo es realmente muy sencillo, solo deber\u00e1s prestar atenci\u00f3n al siguiente paso a paso para poder reclamarlo de la mejor manera y evitar que caduque en el camino con este betway bono slots.<\/p>\n\n\n\n<p>Por empezar, nuestra primera opci\u00f3n ser\u00e1 <strong><a href=\"https:\/\/recor.to\/betwaymxcasino\" target=\"_blank\" rel=\"noreferrer noopener nofollow sponsored\">registrarnos dentro de la plataforma<\/a><\/strong> o ingresar a la p\u00e1gina de inicio como lo hacemos habitualmente. Luego de esto, tendremos que dirigirnos a la secci\u00f3n de dep\u00f3sitos. En este lugar, estaremos en condiciones de acreditar saldo dentro de la plataforma para poder jugar de la mejor manera. Una vez depositado, recibiremos autom\u00e1ticamente una duplicaci\u00f3n de nuestro dep\u00f3sito que podremos utilizar en <strong>cualquiera de los t\u00edtulos seleccionados por la plataforma en el mercado de juegos de casino.<\/strong><\/p>\n\n\n\n<p><strong>Hay cuestiones a tener en cuenta que son importantes<\/strong>. Por empezar, ser\u00e1 realmente necesario que cumplas con la mayor\u00eda de edad obligatoria del sitio. Esto podr\u00e1 corroborarse f\u00e1cilmente en tu perfil de usuario al momento de crear una cuenta. Por otro lado, debes tener en cuenta que este tipo de <strong><a href=\"https:\/\/supercuotas.gratis\/mx\/betway-bono-casino-especial-mexico\/\" target=\"_blank\" rel=\"noreferrer noopener\">ofertas exclusivas para jugadores residentes en M\u00e9xico<\/a><\/strong> te estar\u00e1n esperando.<\/p>\n\n\n\n<h3 class=\"wp-block-heading\"><strong>Bono de Bienvenida para Deportes<\/strong><\/h3>\n\n\n\n<p><strong>Otro de los atractivos fundamentales del sitio tienen que ver con las ofertas en el \u00e1rea de deportes<\/strong> adem\u00e1s del betway bono slots. Si eres un fan\u00e1tico de las disciplinas deportivas, entonces no puedes dejar pasar esta gran oferta para <strong><a href=\"https:\/\/recor.to\/betwaymxcasino\" target=\"_blank\" rel=\"noreferrer noopener nofollow sponsored\">apoyar a tu equipo favorito<\/a><\/strong> desde la comodidad de tu casa. El procedimiento es sencillo, as\u00ed como lo hicimos con el betway bono slots, en este caso tendremos que comportarnos de manera similar. En primer instancia, registrarnos dentro del sitio y depositar dinero en nuestra cuenta para percibir el bono y poder reclamarlo correctamente.<\/p>\n\n\n\n<p>Una duplicaci\u00f3n de tu dep\u00f3sito con un tope de hasta $4.000 <strong>ser\u00e1 nuestro beneficio al encontrar esta oferta sumamente similar al betway bono slots que utilizamos anteriormente<\/strong>. Con esta oferta, podremos comenzar una nueva experiencia dentro del universo de las apuestas sabiendo que todas las disciplinas deportivas se encontrar\u00e1n a nuestra disposici\u00f3n para jugar sin complicaciones. Es momento de tomar las riendas de nuestro juego y utilizar este bono para uno de los mercados mas utilizados alrededor del mundo como puede ser el f\u00fatbol, tenis, voley, baloncesto, NBA y NFL. Todav\u00eda quedan muchas mas cosas por contar as\u00ed que sigue leyendo este art\u00edculo. Puedes encontrar mas informaci\u00f3n sobre bonos y promociones especiales visitando el<strong><a href=\"https:\/\/supercuotas.gratis\/mx\/betway-bono-ruletas-especial-mexico-codigos-promocionales\/\" target=\"_blank\" rel=\"noreferrer noopener\"> siguiente art\u00edculo<\/a><\/strong>.<\/p>\n\n\n\n<figure class=\"wp-block-image size-large is-resized\"><a href=\"https:\/\/recor.to\/betwaymxcasino\" target=\"_blank\" rel=\"noreferrer noopener nofollow sponsored\"><img decoding=\"async\" src=\"https:\/\/supercuotas.gratis\/wp-content\/uploads\/2023\/03\/betway-bono-para-slots-1024x255.png\" alt=\"betway bono para slots\" class=\"wp-image-27363\" width=\"1395\" height=\"347\" srcset=\"https:\/\/supercuotas.gratis\/wp-content\/uploads\/2023\/03\/betway-bono-para-slots-1024x255.png 1024w, https:\/\/supercuotas.gratis\/wp-content\/uploads\/2023\/03\/betway-bono-para-slots-300x75.png 300w, https:\/\/supercuotas.gratis\/wp-content\/uploads\/2023\/03\/betway-bono-para-slots-768x191.png 768w, https:\/\/supercuotas.gratis\/wp-content\/uploads\/2023\/03\/betway-bono-para-slots-1536x382.png 1536w, https:\/\/supercuotas.gratis\/wp-content\/uploads\/2023\/03\/betway-bono-para-slots.png 1822w\" sizes=\"(max-width: 1395px) 100vw, 1395px\" \/><\/a><\/figure>\n\n\n\n<h2 class=\"wp-block-heading\"><strong>Aspectos Generales de Betway<\/strong><\/h2>\n\n\n\n<p><strong>Habiendo conocido el betway bono slots, nos queda ahora un camino por recorrer conociendo un poco m\u00e1s esta incre\u00edble plataforma<\/strong>. Debemos repasar un poco su historia para entender porque en estos momentos es una de las plataformas l\u00edder en el mercado de las apuestas online a nivel internacional y todo M\u00e9xico. Esto nos ayudar\u00e1 a entender mejor la din\u00e1mica del sitio y poder sacarle provecho al momento de jugar con la gran cantidad de beneficios que tiene la p\u00e1gina para nosotros. Vamos a comenzar mencionando todo desde el principio.<\/p>\n\n\n\n<p>La plataforma comenz\u00f3 a operar y con mucho esfuerzo y dedicaci\u00f3n logr\u00f3 posicionarse como uno de los referentes a lo que apuestas online se refiere. Esto no es casualidad, una f\u00f3rmula m\u00e1gica fue la que llev\u00f3 a este sitio a uno de los lugares mas altos como con la obtenci\u00f3n del betway bono slots. En primer lugar, la capacidad para ofrecer una experiencia de juego total. Los jugadores encontraron un lugar perfecto para depositar su dinero si sentir que estaban en un espacio seguro. Por otro lado, <strong>la incorporaci\u00f3n de una interfaz novedosa hizo que el proceso de juego sea mucho mas veloz que en otros casinos.<\/strong><\/p>\n\n\n\n<p><strong>Por otro lado, los aspectos legales son un detalle importante a considerar en este momento<\/strong>. No podemos olvidarnos que esta sitio cuenta con todas las licencias necesarias para poder operar de manera correcta alrededor del mundo \u00bfC\u00f3mo lograron esto? Pues atravesando rigurosos est\u00e1ndares de calidad que permitieron al sitio consolidarse como un lugar seguro para apostar y al mismo tiempo en regla. Estas dos caracter\u00edsticas no son muy comunes si recorremos lo que sucede con otras plataformas del mismo estilo. Jugar y divertirse ahora es posible con los beneficios del sitio como el betway bono slots.<\/p>\n\n\n\n<p>Por otro lado, un tema a destacar son los t\u00edtulos ofrecidos. Este universo nunca termina de ser explorado por completo. Hay tantos juegos especiales y entretenidos a los cuales tu podr\u00e1s acceder, que se hace casi imposible conocerlos a todos. No te preocupes, si elijes esta plataforma como tu compa\u00f1ero de juego, tendr\u00e1s el tiempo suficiente para conocer las propuestas de diversi\u00f3n que ofrece. La forma de<strong><a href=\"https:\/\/recor.to\/betwaymxcasino\" target=\"_blank\" rel=\"noreferrer noopener nofollow sponsored\"> comenzar a jugar<\/a><\/strong> es sencilla, solo depositando un poco de dinero, <strong>activando alg\u00fan bono de bienvenida como el betway bono slots, y dej\u00e1ndote llevar por la emoci\u00f3n de apostar.<\/strong><\/p>\n\n\n\n<h2 class=\"wp-block-heading\"><strong>Crear una Cuenta<\/strong><\/h2>\n\n\n\n<p><strong>No podemos olvidarnos para culminar con este art\u00edculo de uno de los procedimientos mas importantes.<\/strong> El mismo se relaciona directamente con el registro inicial. Esta operaci\u00f3n parece sencilla pero deber\u00e1s tener en cuenta algunos aspectos para poder resolverlo de la mejor manera sin complicaciones. Por empezar, ser\u00e1 necesario ubicar en el sector superior derecho de la pantalla el famoso bot\u00f3n de registro. Dentro de este lugar, se desplegar\u00e1n una serie de campos importantes a rellenar. Todos ellos relacionados con tu informaci\u00f3n personal.<\/p>\n\n\n\n<p>Ahora es momento de completar los campos. Nombre y apellido, moneda con la cual operaremos posteriormente dentro del sitio, fecha de nacimiento, correo electr\u00f3nico, nombre de usuario y contrase\u00f1a. Todos estos datos son importantes y determinar\u00e1n tu experiencia futura dentro de la plataforma. Es por eso que precisas tomarte todo el tiempo que creas necesario para llevar adelante este proceso. <strong>Por \u00faltimo, ser\u00e1 necesario aceptar los t\u00e9rminos y condiciones de la plataforma para poder culminar con el proceso y crear nuestra cuenta de manera correcta. <\/strong><\/p>\n\n\n\n<p><strong>Ahora que tenemos nuestro perfil creado correctamente<\/strong>, notaremos que se activar\u00e1n una gran cantidad de beneficios de todo tipo. Desde disfrutar el betway bono slots y otras promociones importantes. Hasta operar en cualquiera de los mercados habilitados realizando las mejores ofertas. Todo depende de tu creatividad y estrategia para apostar. Podr\u00e1s obtener ganancias y pasar un momento incre\u00edble sabiendo que encuentras el respaldo perfecto por parte de una plataforma ideal que te acompa\u00f1ar\u00e1 durante todo el proceso.<\/p>\n\n\n\n<figure class=\"wp-block-image size-large is-resized\"><a href=\"https:\/\/recor.to\/betwaymxcasino\" target=\"_blank\" rel=\"noreferrer noopener nofollow sponsored\"><img decoding=\"async\" src=\"https:\/\/supercuotas.gratis\/wp-content\/uploads\/2023\/03\/betway-bono-de-tragamonedas-1024x271.png\" alt=\"betway bono de tragamonedas\" class=\"wp-image-27403\" width=\"1386\" height=\"367\" srcset=\"https:\/\/supercuotas.gratis\/wp-content\/uploads\/2023\/03\/betway-bono-de-tragamonedas-1024x271.png 1024w, https:\/\/supercuotas.gratis\/wp-content\/uploads\/2023\/03\/betway-bono-de-tragamonedas-300x79.png 300w, https:\/\/supercuotas.gratis\/wp-content\/uploads\/2023\/03\/betway-bono-de-tragamonedas-768x203.png 768w, https:\/\/supercuotas.gratis\/wp-content\/uploads\/2023\/03\/betway-bono-de-tragamonedas-1536x406.png 1536w, https:\/\/supercuotas.gratis\/wp-content\/uploads\/2023\/03\/betway-bono-de-tragamonedas.png 1709w\" sizes=\"(max-width: 1386px) 100vw, 1386px\" \/><\/a><\/figure>\n\n\n\n<h2 class=\"wp-block-heading\"><strong>Preguntas Frecuentes<\/strong><\/h2>\n\n\n\n<div class=\"wp-block-rank-math-faq-block\"><div class=\"rank-math-faq-item\"><h3 class=\"rank-math-question\">\u00bfQu\u00e9 es Betway?<\/h3><div class=\"rank-math-answer\">Betway es una plataforma de apuestas online que puedes utilizar en M\u00e9xico.<\/div><\/div><div class=\"rank-math-faq-item\"><h3 class=\"rank-math-question\">\u00bfBetway es seguro?<\/h3><div class=\"rank-math-answer\">Desde luego. La misma cuenta con licencias internacionales que le permiten operar.<\/div><\/div><div class=\"rank-math-faq-item\"><h3 class=\"rank-math-question\">\u00bfPuedo obtener un bono para casino?<\/h3><div class=\"rank-math-answer\">Claro. Con un dep\u00f3sito acceder\u00e1s a un bono para al \u00e1rea de casino.<\/div><\/div><div class=\"rank-math-faq-item\"><h3 class=\"rank-math-question\">\u00bfHay ofertas para el \u00e1rea de deportes?<\/h3><div class=\"rank-math-answer\">Por supuesto. Deportes tiene gran cantidad de promociones para utilizar y divertirse.<\/div><\/div><div class=\"rank-math-faq-item\"><h3 class=\"rank-math-question\">\u00bfEs sencillo crear una cuenta?<\/h3><div class=\"rank-math-answer\">En poco tiempo podr\u00e1s crear tu perfil correctamente y comenzar a jugar.<\/div><\/div><div class=\"rank-math-faq-item\"><h3 class=\"rank-math-question\">\u00bfQu\u00e9 otros t\u00edtulos hay disponibles?<\/h3><div class=\"rank-math-answer\">Juegos de casino, t\u00edtulos y eventos para apuestas deportivas y mesas en vivo de todo tipo para apostar.<\/div><\/div><div class=\"rank-math-faq-item\"><h3 class=\"rank-math-question\">\u00bfPuedo acceder a mas promociones?<\/h3><div class=\"rank-math-answer\">Claro. En la secci\u00f3n de promociones tendr\u00e1s a tu alcance todas las ofertas.<\/div><\/div><\/div>\n","protected":false},"excerpt":{"rendered":"<p>\u00a1Momento de jugar con el BETWAY Bono Slots! La plataforma de apuestas online l\u00edder en todo M\u00e9xico que hoy tiene para ofrecernos una oportunidad exclusiva. Vamos a conocer un espacio en donde jugar y divertirse ser\u00e1 una cuesti\u00f3n fundamental en nuestra experiencia dentro del sitio. Adem\u00e1s, conoceremos una serie de detalles sobre el funcionamiento de &#8230; <a title=\"BETWAY Bono Slots \u00bb $4 MIL para los Mejores Juegos\" class=\"read-more\" href=\"https:\/\/supercuotas.gratis\/mx\/betway-bono-slots-especial-mexico-codigos-promocionales\/\" aria-label=\"Leer m\u00e1s sobre BETWAY Bono Slots \u00bb $4 MIL para los Mejores Juegos\">Read more<\/a><\/p>\n","protected":false},"author":72,"featured_media":0,"parent":0,"menu_order":0,"comment_status":"closed","ping_status":"closed","template":"","meta":{"_uag_custom_page_level_css":"","generate_page_header":"","footnotes":""},"class_list":["post-27351","page","type-page","status-publish"],"uagb_featured_image_src":{"full":false,"thumbnail":false,"medium":false,"medium_large":false,"large":false,"1536x1536":false,"2048x2048":false},"uagb_author_info":{"display_name":"Lautaro","author_link":"https:\/\/supercuotas.gratis\/mx\/author\/lautaro\/"},"uagb_comment_info":0,"uagb_excerpt":"\u00a1Momento de jugar con el BETWAY Bono Slots! La plataforma de apuestas online l\u00edder en todo M\u00e9xico que hoy tiene para ofrecernos una oportunidad exclusiva. Vamos a conocer un espacio en donde jugar y divertirse ser\u00e1 una cuesti\u00f3n fundamental en nuestra experiencia dentro del sitio. Adem\u00e1s, conoceremos una serie de detalles sobre el funcionamiento de&hellip;","_links":{"self":[{"href":"https:\/\/supercuotas.gratis\/mx\/wp-json\/wp\/v2\/pages\/27351","targetHints":{"allow":["GET"]}}],"collection":[{"href":"https:\/\/supercuotas.gratis\/mx\/wp-json\/wp\/v2\/pages"}],"about":[{"href":"https:\/\/supercuotas.gratis\/mx\/wp-json\/wp\/v2\/types\/page"}],"author":[{"embeddable":true,"href":"https:\/\/supercuotas.gratis\/mx\/wp-json\/wp\/v2\/users\/72"}],"replies":[{"embeddable":true,"href":"https:\/\/supercuotas.gratis\/mx\/wp-json\/wp\/v2\/comments?post=27351"}],"version-history":[{"count":1,"href":"https:\/\/supercuotas.gratis\/mx\/wp-json\/wp\/v2\/pages\/27351\/revisions"}],"predecessor-version":[{"id":27412,"href":"https:\/\/supercuotas.gratis\/mx\/wp-json\/wp\/v2\/pages\/27351\/revisions\/27412"}],"wp:attachment":[{"href":"https:\/\/supercuotas.gratis\/mx\/wp-json\/wp\/v2\/media?parent=27351"}],"curies":[{"name":"wp","href":"https:\/\/api.w.org\/{rel}","templated":true}]}}