{"id":27276,"date":"2023-03-30T04:59:14","date_gmt":"2023-03-30T02:59:14","guid":{"rendered":"https:\/\/supercuotas.gratis\/?page_id=27276"},"modified":"2026-03-12T16:50:00","modified_gmt":"2026-03-12T15:50:00","slug":"strendus","status":"publish","type":"page","link":"https:\/\/supercuotas.gratis\/mx\/strendus\/","title":{"rendered":"STRENDUS | Bonos + Rese\u00f1a COMPLETA"},"content":{"rendered":"\n<p>En esta nota de Supercuotas.Gratis te traemos la informaci\u00f3n m\u00e1s completa sobre <strong>Strendus, una plataforma de apuestas deportivas y juegos de casino de origen mexicano<\/strong>. <a href=\"https:\/\/recor.to\/strendusmx\" target=\"_blank\" rel=\"noreferrer noopener nofollow sponsored\">\u00a1Abre una cuenta <\/a>y solicita un bono sin dep\u00f3sito ahora!<\/p>\n\n\n\n<figure class=\"wp-block-image size-large\"><a href=\"https:\/\/recor.to\/strendusmx\" target=\"_blank\" rel=\"noreferrer noopener nofollow sponsored\"><img fetchpriority=\"high\" decoding=\"async\" width=\"1024\" height=\"519\" src=\"https:\/\/supercuotas.gratis\/wp-content\/uploads\/2026\/03\/strendus-ofertas-mexico-1024x519.png\" alt=\"strendus ofertas mexico\" class=\"wp-image-44547\" srcset=\"https:\/\/supercuotas.gratis\/wp-content\/uploads\/2026\/03\/strendus-ofertas-mexico-1024x519.png 1024w, https:\/\/supercuotas.gratis\/wp-content\/uploads\/2026\/03\/strendus-ofertas-mexico-300x152.png 300w, https:\/\/supercuotas.gratis\/wp-content\/uploads\/2026\/03\/strendus-ofertas-mexico-768x390.png 768w, https:\/\/supercuotas.gratis\/wp-content\/uploads\/2026\/03\/strendus-ofertas-mexico.png 1536w\" sizes=\"(max-width: 1024px) 100vw, 1024px\" \/><\/a><\/figure>\n\n\n\n<h2 class=\"wp-block-heading\">Todo lo que debes saber acerca de Strendus M\u00e9xico<\/h2>\n\n\n\n<p>Si buscas un sitio en l\u00ednea para vivir una experiencia de apuestas completa, justa y de calidad, has llegado al sitio indicado. Hoy te presentamos a <strong><a href=\"https:\/\/recor.to\/strendusmx\" target=\"_blank\" rel=\"noreferrer noopener nofollow sponsored\">Strendus,<\/a> una plataforma de apuestas deportivas y casino en l\u00ednea de y para mexicanos.<\/strong> Vas a descubrir todas y cada una de las promociones para empezar con el pie derecho tu mejor experiencia de juego.<\/p>\n\n\n\n<p>La marca Strendus <strong>se lanz\u00f3 en el a\u00f1o 2017 <\/strong>y tiempo despu\u00e9s comenz\u00f3 su proceso de expansi\u00f3n en otras partes del continente. Hoy se encuentra <strong>presente en diferentes pa\u00edses de Am\u00e9rica Latina como Brasil, Per\u00fa y Chile. <\/strong>Definitivamente estamos hablando de una empresa totalmente consolidada en el rubro que aspira a seguir conquistando nuevos mercados.<\/p>\n\n\n\n<p>Independientemente de tus preferencias, dentro de Strendus encontrar\u00e1s un universo de posibilidades para pasar un momento divertido y conseguir espectaculares ganancias. El cat\u00e1logo de juegos es brillante e inlcuye <strong>m\u00e1quinas tragamonedas, juegos de mesas, ruletas, salas en vivo <\/strong>y mucho m\u00e1s. Por su parte, el Spotsbook ofrece <strong>gran variedad de eventos y mercados <\/strong>para pronosticar con cuotas realmente competitivas.<\/p>\n\n\n\n<p>A todas estas ventajas vinculadas con la propuesta de entretenimiento, los<a href=\"https:\/\/supercuotas.gratis\/mx\/bono-strendus\/\" target=\"_blank\" rel=\"noreferrer noopener\"> bonos de bienvenida y las ofertas regulares,<\/a> se suman la <strong>facilidad para registrarse en la p\u00e1gina, los m\u00e9todos de pago confiables y el excelente servicio de atenci\u00f3n al cliente<\/strong>. No dudes en comunicarte con el personal de Strendus ante cualquier tipo de duda. \u00a1Estar\u00e1n encatados de ayudarte!<\/p>\n\n\n\n<h2 class=\"wp-block-heading\">\u00a1Abre una cuenta y consigue un bono para disfrutar en el universo Strendus!<\/h2>\n\n\n\n<p>Strendus se especializa en apuestas deportivas y juegos de casino, por lo cual hay <strong>ofertas exclusivas para cada una de estas secciones.<\/strong> A continuaci\u00f3n, vamos a contarte cu\u00e1les son los bonos que puedes conseguir con s\u00f3lo <a href=\"https:\/\/recor.to\/strendusmx\" target=\"_blank\" rel=\"noreferrer noopener nofollow sponsored\">registrarte en la p\u00e1gina oficial.<\/a> Ten en cuenta que estas promociones no se pueden combinar, es decir que <strong>puedes optar por una de ellas.<\/strong><\/p>\n\n\n\n<h3 class=\"wp-block-heading\">Bono Universo para casino<\/h3>\n\n\n\n<p>Esta promoci\u00f3n consiste un <strong>bono de hasta $100.000<\/strong> que entrega Strendus de acuerdo a un sorteador para jugar en la secci\u00f3n\u00a0\u201cJuega con tu Bono\u201d. Entonces, puedes participar en el sorteo por una bonificaci\u00f3n para jugar slots, juegos de casino, loter\u00eda, bingo y virtuals para jugar con dinero totalmente gratis. Explora todas las alternativas disponibles en el casino online haciendo clic <a href=\"https:\/\/recor.to\/strendusmx\" target=\"_blank\" rel=\"noreferrer noopener nofollow sponsored\">aqu\u00ed.<\/a><\/p>\n\n\n\n<p><strong>El bono es v\u00e1lido por 5 d\u00edas<\/strong> desde su obtenci\u00f3n y tiene un<strong>r ollover de x25<\/strong>, es decir que debes apostar el saldo 25 veces antes de retirar las ganancias. S\u00f3lo se tienen en cuenta las apuestas de hasta $2.000.00 MXN dentro de la categor\u00eda Juega con tu bono, de modo que quedan excluidos los jackpots progresivos, casino en vivo y otros juegos.<\/p>\n\n\n\n<h3 class=\"wp-block-heading\">Bono Universo para deportes<\/h3>\n\n\n\n<p>Los verdaderos amantes de los deportes tienen que aprovechar <strong>este bono de hasta $100.000 v\u00e1lido para hacer apuestas previas o en vivo<\/strong>. Hay una gran cantidad de eventos y mercados para apostar en los mejores eventos del deporte nacional e internacional. <a href=\"https:\/\/recor.to\/strendusmx\" target=\"_blank\" rel=\"noreferrer noopener nofollow sponsored\">\u00a1Explora el Sportsbook de Strendus!<\/a> Al reegistrarte, an\u00f3tate en el sorteo por el bono para Deportes o E-Sports. \u00a1Buena suerte!<\/p>\n\n\n\n<p>En este caso, <strong>el rollover estipulado es de x10<\/strong> y son v\u00e1lidas las apuestas de entre $100 MXN y $2,000.00 MXN con probabilidades entre +100 (2.0) y +2000 (21). En cambio, las selecciones a los mercados Par\/Impar, a un mismo evento, mercado, o apuestas interrelacionadas entre s\u00ed no contribuyen a los requisitos de apuestas. Asimismo, las ganancias netas no pueden superar el monto del bono asignado.<\/p>\n\n\n\n<p>En la siguiente nota de Supercuotas.gratis puedes encontrar m\u00e1s informaci\u00f3n sobre el <a href=\"https:\/\/supercuotas.gratis\/mx\/strendus-bono-sin-deposito\/\" target=\"_blank\" rel=\"noreferrer noopener\">bono sin dep\u00f3sito.<\/a><\/p>\n\n\n\n<figure class=\"wp-block-image size-full is-resized\"><a href=\"https:\/\/recor.to\/strendusmx\" target=\"_blank\" rel=\"noreferrer noopener nofollow sponsored\"><img decoding=\"async\" width=\"1200\" height=\"505\" src=\"https:\/\/supercuotas.gratis\/wp-content\/uploads\/2026\/03\/STRENDUS.png\" alt=\"STRENDUS\" class=\"wp-image-44548\" style=\"width:862px;height:533px\" srcset=\"https:\/\/supercuotas.gratis\/wp-content\/uploads\/2026\/03\/STRENDUS.png 1200w, https:\/\/supercuotas.gratis\/wp-content\/uploads\/2026\/03\/STRENDUS-300x126.png 300w, https:\/\/supercuotas.gratis\/wp-content\/uploads\/2026\/03\/STRENDUS-1024x431.png 1024w, https:\/\/supercuotas.gratis\/wp-content\/uploads\/2026\/03\/STRENDUS-768x323.png 768w\" sizes=\"(max-width: 1200px) 100vw, 1200px\" \/><\/a><\/figure>\n\n\n\n<h2 class=\"wp-block-heading\">Bonos de bienvenida Strendus<\/h2>\n\n\n\n<p>Vamos a hablar m\u00e1s espec\u00edficamente de los <strong>bonos universo primer dep\u00f3sito<\/strong>, entre los cuales encontramos uno exclusivo para casino y otro para apuestas deportivas. \u00bfT\u00fa cu\u00e1l vas a elegir?<\/p>\n\n\n\n<h3 class=\"wp-block-heading\">Bono para casino <\/h3>\n\n\n\n<p>El bono de bienvenida para casino consiste en una <strong>bonificaci\u00f3n extra del primer dep\u00f3sito. <\/strong>\u00a1Has le\u00eddo bien! Con esta promoci\u00f3n puedes triplicar un ingreso de al menos $100.00 MXN realizado por cualquier forma de pago. \u00a1Gran suma para comenzar la aventura en el mejor casino online de M\u00e9xico!<\/p>\n\n\n\n<ul class=\"wp-block-list\">\n<li>Oferta exclusiva para nuevos clientes aplicable s\u00f3lo al primer dep\u00f3sito.<\/li>\n\n\n\n<li>Antes de solicitar un retiro, el jugador debe apostar al menos 25 veces el monto inicial.<\/li>\n\n\n\n<li>Los juegos contribuyen en distintos porcentajes a los requisitos de apuesta. Te sugerimos verificar esta informaci\u00f3n en la p\u00e1gina web de Strendus.<\/li>\n\n\n\n<li>El bono tiene valdiez por 15 d\u00edas.<\/li>\n\n\n\n<li>S\u00f3lo son v\u00e1lidas las apuestas de hasta $2,000.00 MXN en t\u00edtulos dentro de la categor\u00eda &#8220;Juega con tu bono&#8221;<\/li>\n\n\n\n<li>Los Jackpots Progresivos, Casino en Vivo y otros juegos est\u00e1n excluidos de la oferta.<\/li>\n<\/ul>\n\n\n\n<h3 class=\"wp-block-heading\">Bono para apuestas deportivas<\/h3>\n\n\n\n<p>Si te gustan las apuestas deportivas y quieres disfrutar de los mejores partidos con un dinero adicional, entonces aplica para <strong>este bono sobre tu primer dep\u00f3sito hasta $100.000.<\/strong> El procedimiento es similar al anterior.<\/p>\n\n\n\n<ul class=\"wp-block-list\">\n<li>Promoci\u00f3n para nuevos usuarios registrados que realicen su primer dep\u00f3sito en Strendus.<\/li>\n\n\n\n<li>Para convertir el bono en dinero real, el rollover a completar es de x10. <\/li>\n\n\n\n<li>Otro requisito es tener al menos 10 apuestas sobre una selecci\u00f3n m\u00ednima de $100.00 MXN y m\u00e1xima de $2,000.00 MXN con probabilidades entre +100 (2.0) y +2000 (21).<\/li>\n\n\n\n<li>Las ganancias netas no pueder ser mayores a $2,000.00 MXN.<\/li>\n\n\n\n<li>La vigencia del bono es de 15 d\u00edas.<\/li>\n\n\n\n<li>Adem\u00e1s, s\u00f3lo son v\u00e1lidas las apuestas de m\u00e1ximo $2,000.00 MXN.<\/li>\n\n\n\n<li>Kas Selecciones a los mercados Par\/Impar, a un mismo evento, mercado, o apuestas interrelacionadas entre s\u00ed no contribuyen a los requisitos de apuestas.<\/li>\n<\/ul>\n\n\n\n<h2 class=\"wp-block-heading\">\u00bfC\u00f3mo solicitar los bonos de bienvenida?<\/h2>\n\n\n\n<p>En este nota hemos hablado de dos bonos de registro y dos bonos de dep\u00f3sito. Pues s\u00ed, lo que tienes que hacer para acceder a estas ofertas imperdibles es <strong><a href=\"https:\/\/recor.to\/strendusmx\" target=\"_blank\" rel=\"noreferrer noopener nofollow sponsored\">crear una cuenta en Strendus, <\/a>activar la promoci\u00f3n correspondiente y luego ejecutar un dep\u00f3sito.<\/strong> \u00danicamente pueden est\u00e1n autorizados para unirse a este sitio las personas mayores de 18 a\u00f1os que residen en M\u00e9xico.<\/p>\n\n\n\n<p><strong>La p\u00e1gina de Strendus es una de las m\u00e1s c\u00f3modas e intuitivas del mercado<\/strong>, por lo cual no vas a tener ning\u00fan problema al momento de llevar a cab cada uno de estos pasos. De todos modos, recuerda que puedes consultar en cualquier momento al servicio de atenci\u00f3n al cliente. <\/p>\n\n\n\n<p>Adem\u00e1s, el blog de Strendus ofrece informaci\u00f3n permanente y actualizada sobre todo lo que sucede dentro de esta plataforma. \u00a1Vis\u00edtalo y no te pierdas las \u00faltimas novedades!<\/p>\n\n\n\n<h3 class=\"wp-block-heading\">Paso a paso para aplicar en las ofertas<\/h3>\n\n\n\n<ol class=\"wp-block-list\">\n<li><strong>REGISTRO: <\/strong><a href=\"https:\/\/recor.to\/strendusmx\" target=\"_blank\" rel=\"noreferrer noopener nofollow sponsored\">accede a la web oficial de Strendus <\/a>y haz clic en el bot\u00f3n que dice<strong> Registrarse <\/strong>para abrir el formulario de registro. En \u00e9l debes detallar algunos datos personales, crear un usuario y una contrase\u00f1a e ingresar el c\u00f3digo de verificaci\u00f3n enviado por SMS. Tambi\u00e9n tienes que indicar el bono del registro por el que quieres participar en el sorteo (slots, casino, bingo, loter\u00eda, deportes, e-sports o virtuals).<\/li>\n\n\n\n<li><strong>PRIMER DEP\u00d3SITO:<\/strong> despu\u00e9s de jugar con el bono de registro, ingresa el monto m\u00ednimo para aplicar la oferta de primera dep\u00f3sito deseada. Puedes elegir cualquiera de los m\u00e9todos de pago disponibles, como por ejemplo<strong> tarjetas de cr\u00e9dito y d\u00e9bito VISA y Mastercard, tarjeta prepago y pagos en tiendas comerciales o bancos.<\/strong><\/li>\n\n\n\n<li><strong>ELIGE EL BONO: <\/strong>al momento de realizar el dep\u00f3sito tambi\u00e9n tienes que escoger cu\u00e1l de los bonos de bienvenida quieres obtener. Entonces, haz clic en<strong> &#8220;Activar&#8221; <\/strong>al lado de Bono de Primer Dep\u00f3sito Casino o Apuestas Deportivas.<\/li>\n\n\n\n<li><strong>\u00a1A JUGAR!<\/strong> El bono ingresar\u00e1 en tu cuenta cuando el dep\u00f3sito termine de procesarse. De todas formas, <strong>puede tardar en reflejarse entre 24 y 72 horas<\/strong>, seg\u00fan la instituci\u00f3n bancaria que intervenga en la operaci\u00f3n.<\/li>\n<\/ol>\n\n\n\n<figure class=\"wp-block-image size-full\"><a href=\"https:\/\/recor.to\/strendusmx\" target=\"_blank\" rel=\"noreferrer noopener nofollow sponsored\"><img decoding=\"async\" width=\"942\" height=\"542\" src=\"https:\/\/supercuotas.gratis\/wp-content\/uploads\/2023\/03\/strendus-bonos-mexico.jpg\" alt=\"strendus bonos mexico\" class=\"wp-image-27298\" srcset=\"https:\/\/supercuotas.gratis\/wp-content\/uploads\/2023\/03\/strendus-bonos-mexico.jpg 942w, https:\/\/supercuotas.gratis\/wp-content\/uploads\/2023\/03\/strendus-bonos-mexico-300x173.jpg 300w, https:\/\/supercuotas.gratis\/wp-content\/uploads\/2023\/03\/strendus-bonos-mexico-768x442.jpg 768w\" sizes=\"(max-width: 942px) 100vw, 942px\" \/><\/a><\/figure>\n\n\n\n<h2 class=\"wp-block-heading\">Preguntas frecuentes sobre Strendus<\/h2>\n\n\n\n<h3 class=\"wp-block-heading\">\u00bfQui\u00e9n es Strendus?<\/h3>\n\n\n\n<p>Es una plataforma de apuestas y juegos de casino en l\u00ednea de origen mexicano.<\/p>\n\n\n\n<h3 class=\"wp-block-heading\">\u00bfEs un sitio legal en M\u00e9xico?<\/h3>\n\n\n\n<p>Totalmente, Strendus tiene el permiso de la Secretar\u00eda de Gobernaci\u00f3n de M\u00e9xico.<\/p>\n\n\n\n<h3 class=\"wp-block-heading\">\u00bfC\u00f3mo es el procedimiento de registro?<\/h3>\n\n\n\n<p>\u00a1Es muy f\u00e1cil! S\u00f3lo tienes que ingresar en la web y completar un breve formulario con informaci\u00f3n personal.<\/p>\n\n\n\n<h3 class=\"wp-block-heading\">\u00bfQu\u00e9 son los bonos de registro?<\/h3>\n\n\n\n<p>Son bonos que se sortean entre los nuevos usuarios registrados en Strendus. Uno de ellos es v\u00e1lido para apuestas en deportes y e-sports y el otro para slots, bingo, loter\u00eda, casino y virtuales.<\/p>\n\n\n\n<h3 class=\"wp-block-heading\">\u00bfEn qu\u00e9 consiste el bono universo para casino?<\/h3>\n\n\n\n<p>Es un bono de hasta $100.000.<\/p>\n\n\n\n<h3 class=\"wp-block-heading\">\u00bfY el bono universo de primer dep\u00f3sito para apuestas deportivas?<\/h3>\n\n\n\n<p>En este caso puedes recibir hasta $100.000 para hacer apuestas deportivas en Strendus.<\/p>\n\n\n\n<h3 class=\"wp-block-heading\">\u00bfDebo ser maypr de edad para registrarme y jugar en Strendus?<\/h3>\n\n\n\n<p>S\u00ed, los menores de 18 a\u00f1os no tienen permitido participar en este tipo de apuestas.<\/p>\n","protected":false},"excerpt":{"rendered":"<p>En esta nota de Supercuotas.Gratis te traemos la informaci\u00f3n m\u00e1s completa sobre Strendus, una plataforma de apuestas deportivas y juegos de casino de origen mexicano. \u00a1Abre una cuenta y solicita un bono sin dep\u00f3sito ahora! Todo lo que debes saber acerca de Strendus M\u00e9xico Si buscas un sitio en l\u00ednea para vivir una experiencia de &#8230; <a title=\"STRENDUS | Bonos + Rese\u00f1a COMPLETA\" class=\"read-more\" href=\"https:\/\/supercuotas.gratis\/mx\/strendus\/\" aria-label=\"Leer m\u00e1s sobre STRENDUS | Bonos + Rese\u00f1a COMPLETA\">Read more<\/a><\/p>\n","protected":false},"author":76,"featured_media":0,"parent":0,"menu_order":0,"comment_status":"closed","ping_status":"closed","template":"","meta":{"_uag_custom_page_level_css":"","generate_page_header":"","footnotes":""},"class_list":["post-27276","page","type-page","status-publish"],"uagb_featured_image_src":{"full":false,"thumbnail":false,"medium":false,"medium_large":false,"large":false,"1536x1536":false,"2048x2048":false},"uagb_author_info":{"display_name":"Karen","author_link":"https:\/\/supercuotas.gratis\/mx\/author\/karen\/"},"uagb_comment_info":0,"uagb_excerpt":"En esta nota de Supercuotas.Gratis te traemos la informaci\u00f3n m\u00e1s completa sobre Strendus, una plataforma de apuestas deportivas y juegos de casino de origen mexicano. \u00a1Abre una cuenta y solicita un bono sin dep\u00f3sito ahora! Todo lo que debes saber acerca de Strendus M\u00e9xico Si buscas un sitio en l\u00ednea para vivir una experiencia de&hellip;","_links":{"self":[{"href":"https:\/\/supercuotas.gratis\/mx\/wp-json\/wp\/v2\/pages\/27276","targetHints":{"allow":["GET"]}}],"collection":[{"href":"https:\/\/supercuotas.gratis\/mx\/wp-json\/wp\/v2\/pages"}],"about":[{"href":"https:\/\/supercuotas.gratis\/mx\/wp-json\/wp\/v2\/types\/page"}],"author":[{"embeddable":true,"href":"https:\/\/supercuotas.gratis\/mx\/wp-json\/wp\/v2\/users\/76"}],"replies":[{"embeddable":true,"href":"https:\/\/supercuotas.gratis\/mx\/wp-json\/wp\/v2\/comments?post=27276"}],"version-history":[{"count":8,"href":"https:\/\/supercuotas.gratis\/mx\/wp-json\/wp\/v2\/pages\/27276\/revisions"}],"predecessor-version":[{"id":44549,"href":"https:\/\/supercuotas.gratis\/mx\/wp-json\/wp\/v2\/pages\/27276\/revisions\/44549"}],"wp:attachment":[{"href":"https:\/\/supercuotas.gratis\/mx\/wp-json\/wp\/v2\/media?parent=27276"}],"curies":[{"name":"wp","href":"https:\/\/api.w.org\/{rel}","templated":true}]}}