{"id":27242,"date":"2023-03-29T18:41:22","date_gmt":"2023-03-29T16:41:22","guid":{"rendered":"https:\/\/supercuotas.gratis\/?page_id=27242"},"modified":"2023-03-29T18:42:08","modified_gmt":"2023-03-29T16:42:08","slug":"stake","status":"publish","type":"page","link":"https:\/\/supercuotas.gratis\/mx\/stake\/","title":{"rendered":"STAKE | Bonos 2023 + Rese\u00f1a COMPLETA"},"content":{"rendered":"\n<p>Ag\u00e1rrate bien fuerte de la silla. Porque a lo largo del presente art\u00edculo de <strong>SuperCuotas.gratis<\/strong> hallar\u00e1s informaci\u00f3n y beneficios vitales para comenzar a disfrutar de los Juegos de Casino y las Apuestas Deportivas Online. \u00bfEn d\u00f3nde? <strong>Pues en la mejor Casa de todas en M\u00e9xico: Stake.<\/strong> Aprovecha m\u00faltiples beneficios y las herramientas de \u00faltima tecnolog\u00eda. <strong><a href=\"https:\/\/recor.to\/stake\" target=\"_blank\" rel=\"noreferrer noopener nofollow sponsored\">\u00a1Reg\u00edstrate ya en Stake M\u00e9xico!<\/a><\/strong><\/p>\n\n\n\n<figure class=\"wp-block-image size-full\"><a href=\"https:\/\/recor.to\/stake\" target=\"_blank\" rel=\"noreferrer noopener nofollow sponsored\"><img fetchpriority=\"high\" decoding=\"async\" width=\"825\" height=\"400\" src=\"https:\/\/supercuotas.gratis\/wp-content\/uploads\/2023\/03\/stake.webp\" alt=\"stake\" class=\"wp-image-27245\" srcset=\"https:\/\/supercuotas.gratis\/wp-content\/uploads\/2023\/03\/stake.webp 825w, https:\/\/supercuotas.gratis\/wp-content\/uploads\/2023\/03\/stake-300x145.webp 300w, https:\/\/supercuotas.gratis\/wp-content\/uploads\/2023\/03\/stake-768x372.webp 768w\" sizes=\"(max-width: 825px) 100vw, 825px\" \/><\/a><\/figure>\n\n\n\n<p><strong>Las Apuestas Deportivas y los Juegos de Azar a trav\u00e9s de Internet son una de las actividades de entretenimiento en auge<\/strong>, tanto en M\u00e9xico como en la regi\u00f3n de Am\u00e9rica Latina. Con la pandemia y el aislamiento por el COVID-19 han cobrado una importancia y se convirtieron en una opci\u00f3n primordial para los usuarios. En este contexto, <strong>Stake surge como una de las plataformas m\u00e1s aclamadas por el p\u00fablico.<\/strong> <\/p>\n\n\n\n<p>Entre grandes cualidades que repasaremos a continuaci\u00f3n, <strong>Stake es un sitio de suma jerarqu\u00eda, s\u00faper profesional e innovador. <\/strong>Encuentra all\u00ed juegos, servicios de apuestas y herramientas de \u00faltima generaci\u00f3n tecnol\u00f3gica. Adem\u00e1s, realiza tus apuestas, tus jugadas o tus inversiones mediante criptomonedas, totalmente v\u00e1lidas como m\u00e9todo de pago en la p\u00e1gina de Stake.<\/p>\n\n\n\n<p>La diversi\u00f3n, la emoci\u00f3n, la adrenalina y los avances se combinan a la perfecci\u00f3n en Stake M\u00e9xico. <strong>Y, por supuesto, muchos beneficios para activar y disfrutar de bonificaciones interesantes.<\/strong> Recompensas incre\u00edbles, porcentajes de recarga extra en tus dep\u00f3sitos, torneos de casino y de apuestas deportivas y mucho m\u00e1s. <\/p>\n\n\n\n<p>\u00bfQu\u00e9 est\u00e1s esperando para dar con la Casa que tanto anhelas? <strong><a href=\"https:\/\/recor.to\/stake\" target=\"_blank\" rel=\"noreferrer noopener nofollow sponsored\">\u00c9chale un vistazo con tus propios ojos a la plataforma de Stake<\/a><\/strong> y ya nunca m\u00e1s estar\u00e1s aburrido en tu hogar. M\u00e1s bien, todo lo contrario: \u00a1Dale inicio a una \u00e9pica aventura repleta de sobresaltos, alegr\u00eda y premios de dinero en efectivo!<\/p>\n\n\n\n<h2 class=\"wp-block-heading\"><strong>Primer acercamiento a Stake. Caracter\u00edsticas e informaci\u00f3n general sobre la p\u00e1gina<\/strong><\/h2>\n\n\n\n<p>Sin lugar a dudas, lo primero que destaca al <strong><a href=\"https:\/\/recor.to\/stake\" target=\"_blank\" rel=\"noreferrer noopener nofollow sponsored\">ingresar a Stake<\/a><\/strong> es encontrar un sitio de f\u00e1cil navegaci\u00f3n que permite a los usuarios apostar y jugar con comodidad y sin inconvenientes. Asimismo, <strong>el dise\u00f1o de la p\u00e1gina web est\u00e1 pensado para mejorar la experiencia de los clientes<\/strong> y agilizar al m\u00e1ximo los tiempos de respuesta y velocidad. <\/p>\n\n\n\n<p>En t\u00e9rminos est\u00e9ticos, <strong>Stake ofrece un aspecto moderno, innovador pero que no deja de ser encantador y agradable.<\/strong> Tambi\u00e9n es importante el orden de todos los elementos dentro del sitio, con un men\u00fa de acci\u00f3n claro para navegar y hallar tus juegos de casino o eventos deportivos favoritos. <\/p>\n\n\n\n<p>Antes de proseguir con el an\u00e1lisis y la rese\u00f1a en profundidad de Stake, nos tomamos un segundo para realizar una invitaci\u00f3n valiosa para ti. <a href=\"https:\/\/supercuotas.gratis\/mx\/\" target=\"_blank\" rel=\"noreferrer noopener\">Pincha aqu\u00ed para visitar SuperCuotas.gratis<\/a>, nuestra p\u00e1gina especializada en informar las mejores Promociones y novedades en el sector de las Apuestas Deportivas y Juegos de Casino Online de M\u00e9xico.<\/p>\n\n\n\n<p>Regresando al <strong><a href=\"https:\/\/recor.to\/stake\" target=\"_blank\" rel=\"noreferrer noopener nofollow sponsored\">extraordinario sitio web de Stake<\/a><\/strong>, una prueba de su jerarqu\u00eda es el inmenso \u00e9xito que ostenta a nivel internacional. No solo es la opci\u00f3n principal en el pa\u00eds de M\u00e9xico sino que es una empresa con reconocimiento mundial y relaci\u00f3n estrecha con ic\u00f3nicos deportistas, clubes y artistas de la escena. <\/p>\n\n\n\n<h3 class=\"has-text-align-center wp-block-heading\"><strong>\u00bfPor qu\u00e9 jugar en Stake? Ventajas y bondades principales<\/strong><\/h3>\n\n\n\n<p>Si a\u00fan est\u00e1s indeciso sobre comenzar a jugar o no en Stake, queremos acercarte una lista con las principales ventajas y bondades que detectamos seg\u00fan nuestro criterio en la p\u00e1gina.<\/p>\n\n\n\n<ul class=\"wp-block-list\">\n<li><strong>Colecci\u00f3n fascinante de Juegos de Casino. Originales, innovadores y de excelsa calidad.<\/strong> Disfruta desde M\u00e1quinas Tragamonedas, juegos originales de inversi\u00f3n, concursos de TV, lanzamientos y secci\u00f3n de Live Casino.<\/li>\n\n\n\n<li><strong>Una plataforma de Apuestas Deportivas de lo m\u00e1s completa de la industria.<\/strong> M\u00e1s de mil eventos deportivos distintos a diario para apostar con las cuotas m\u00e1s altas de todos los mercados. <\/li>\n\n\n\n<li>Informaci\u00f3n y estad\u00edsticas actualizadas minuto a minuto para seguir tus eventos en vivo y no perder detalle alguno.<\/li>\n\n\n\n<li><strong>M\u00e9todos de pago seguros y eficientes.<\/strong> Asimismo, es v\u00e1lido afirmar que <strong><a href=\"https:\/\/recor.to\/stake\" target=\"_blank\" rel=\"noreferrer noopener nofollow sponsored\">Stake es un CriptoCasino<\/a><\/strong>, es decir una p\u00e1gina que acepta las criptomonedas como medio de pago.<\/li>\n\n\n\n<li>Patrocinador oficial de grandes clubes como el Everton y el Watford de Inglaterra, de famosos deportistas, de la UFC y hasta de artistas como, por ejemplo, Drake. <strong>Jugar y apostar en Stake es codearse junto a los actores principales del mundo del deporte<\/strong>.<\/li>\n\n\n\n<li>Amplio abanico y selecci\u00f3n de Bonos, Promociones y beneficios para hacer de tu juego el m\u00e1s rentable para tu bolsillo.<\/li>\n\n\n\n<li>Licencia de juego actualizada al d\u00eda de la fecha. Expedida por el gobierno de Curazao, territorio en donde radica la compa\u00f1\u00eda <strong>Medium Rare N.V<\/strong>, empresa propietaria del sitio.<\/li>\n<\/ul>\n\n\n\n<figure class=\"wp-block-image size-large\"><a href=\"https:\/\/recor.to\/stake\" target=\"_blank\" rel=\"noreferrer noopener nofollow sponsored\"><img decoding=\"async\" width=\"1024\" height=\"284\" src=\"https:\/\/supercuotas.gratis\/wp-content\/uploads\/2023\/03\/stake-bonos-mexico-1024x284.webp\" alt=\"stake bonos m\u00e9xico\" class=\"wp-image-27255\" srcset=\"https:\/\/supercuotas.gratis\/wp-content\/uploads\/2023\/03\/stake-bonos-mexico-1024x284.webp 1024w, https:\/\/supercuotas.gratis\/wp-content\/uploads\/2023\/03\/stake-bonos-mexico-300x83.webp 300w, https:\/\/supercuotas.gratis\/wp-content\/uploads\/2023\/03\/stake-bonos-mexico-768x213.webp 768w, https:\/\/supercuotas.gratis\/wp-content\/uploads\/2023\/03\/stake-bonos-mexico.webp 1303w\" sizes=\"(max-width: 1024px) 100vw, 1024px\" \/><\/a><\/figure>\n\n\n\n<h2 class=\"wp-block-heading\"><strong>\u00a1Todas las Promociones y los Bonos m\u00e1s importantes!<\/strong><\/h2>\n\n\n\n<p>Tal y como hemos mencionado en la lista de ventajas y bondades de Stake, una incre\u00edble carta de Bonos y Promociones espera para beneficiar a los usuarios. <strong>\u00a1Desde los nuevos miembros hasta los clientes m\u00e1s leales podr\u00e1n obtener bonificaciones s\u00faper generosas!<\/strong><\/p>\n\n\n\n<p>Podr\u00e1s acceder a todas las Ofertas de<strong><a href=\"https:\/\/recor.to\/stake\" target=\"_blank\" rel=\"noreferrer noopener nofollow sponsored\"> la Casa de Stake<\/a><\/strong> al dirigirte a la pesta\u00f1a &#8220;<strong>Promociones<\/strong>&#8221; y &#8220;<strong>Ver todo<\/strong>&#8221; desde el men\u00fa ubicado en la parte izquierda de la pantalla. Una vez all\u00ed, <strong>encontrar\u00e1s m\u00e1s de 20 Promociones distintas para disfrutar<\/strong> y combinar con tu talento para las Apuestas Deportivas o para los Juegos de Casino.<\/p>\n\n\n\n<p>Los beneficios de Stake incluyen Bonos tanto para jugar en el Casino como para Apostar en deportes. <strong>Hasta es posible obtener bonificaciones en criptomonedas.<\/strong> <\/p>\n\n\n\n<p>Tambi\u00e9n es interesante se\u00f1alar que el cat\u00e1logo de Bonos y Promociones se actualiza de manera continua, por lo que nuevas Ofertas suceden todo el tiempo para los eventos deportivos m\u00e1s destacados o juegos de casino seleccionados especialmente.  <\/p>\n\n\n\n<h3 class=\"has-text-align-center wp-block-heading\"><strong>&#8220;Carrera Diaria de $100.000 USD&#8221; y &#8220;Sorteo de $75.000 USD&#8221;<\/strong><\/h3>\n\n\n\n<p>En la actualidad, existen dos Bonos en Stake que estar\u00e1n disponibles durante todo el a\u00f1o 2023. <strong>\u00a1Ambas Promociones con incre\u00edbles premios!<\/strong><\/p>\n\n\n\n<p>Por un lado, la &#8220;<strong>Carrera Diaria de $100.000 USD<\/strong>&#8221; es una Oferta exclusiva para los amantes de las Apuestas Deportivas. Simplemente, la Promoci\u00f3n consiste en apostar a diario en los eventos deportivos de la plataforma y as\u00ed sumar puntos para la tabla de clasificaci\u00f3n. Cada d\u00eda se realiza un reparto de premios de $100.000 USD entre los usuarios ubicados en lo alto de la tabla.<\/p>\n\n\n\n<p>Por otra parte, el &#8220;<strong>Sorteo de $75.000 USD<\/strong>&#8221; presenta una modalidad similar a la Carrera. En este caso, por cada $1.000 USD que juegues en el Casino conseguir\u00e1s un ticket para el sorteo semanal. Al finalizar la semana (todos los s\u00e1bados a las 14 GMT), el sorteo se realiza en directo y lo podr\u00e1s seguir en vivo a trav\u00e9s de un enlace.<\/p>\n\n\n\n<h3 class=\"has-text-align-center wp-block-heading\"><strong>\u00bfC\u00f3mo abrir tu cuenta en la plataforma desde M\u00e9xico? Instrucciones paso a paso<\/strong><\/h3>\n\n\n\n<p>Para comenzar a jugar en el Casino o apostar en deportes en Stake es necesario registrar una cuenta en la plataforma. De hecho, es un requisito obligatorio. Existen dos caminos para crear tu cuenta en el sitio. Uno de ellos es el vincular tu cuenta de Facebook, Google, Twitch o Line y utilizar alguna de estas redes para acceder a Stake. <\/p>\n\n\n\n<p>El otro camino es el tradicional de las Casas Online y aqu\u00ed te ense\u00f1amos las instrucciones paso a paso: <\/p>\n\n\n\n<ol class=\"wp-block-list\">\n<li><strong><a href=\"https:\/\/recor.to\/stake\" target=\"_blank\" rel=\"noreferrer noopener nofollow sponsored\">Ingresar a la p\u00e1gina web oficial de Stake en M\u00e9xico.<\/a><\/strong><\/li>\n\n\n\n<li>Clic sobre el bot\u00f3n color azul con la palabra &#8220;<strong>Registrarse<\/strong>&#8220;.<\/li>\n\n\n\n<li>Completa todos los campos obligatorios del formulario de inscripci\u00f3n. Direcci\u00f3n de correo electr\u00f3nico, nombre de usuario, contrase\u00f1a y dem\u00e1s informaci\u00f3n personal.<\/li>\n\n\n\n<li>Marca la casilla &#8220;<strong>Estoy de acuerdo con los T\u00e9rminos y Condiciones<\/strong>&#8220;.<\/li>\n\n\n\n<li>Al completar todos los campos, pulsa sobre el bot\u00f3n &#8220;<strong>Jugar Ahora<\/strong>&#8220;.<\/li>\n\n\n\n<li>Valida tu cuenta a trav\u00e9s del mail o mediante tel\u00e9fono celular. <\/li>\n\n\n\n<li><strong>Y listo, tu cuenta en Stake ya estar\u00e1 lista para jugar y apostar por dinero real.<\/strong><\/li>\n<\/ol>\n\n\n\n<figure class=\"wp-block-image size-large is-resized\"><a href=\"https:\/\/recor.to\/stake\" target=\"_blank\" rel=\"noreferrer noopener nofollow sponsored\"><img decoding=\"async\" src=\"https:\/\/supercuotas.gratis\/wp-content\/uploads\/2023\/03\/stake-ofertas-mexico-1024x504.webp\" alt=\"stake ofertas m\u00e9xico\" class=\"wp-image-27264\" width=\"913\" height=\"449\" srcset=\"https:\/\/supercuotas.gratis\/wp-content\/uploads\/2023\/03\/stake-ofertas-mexico-1024x504.webp 1024w, https:\/\/supercuotas.gratis\/wp-content\/uploads\/2023\/03\/stake-ofertas-mexico-300x148.webp 300w, https:\/\/supercuotas.gratis\/wp-content\/uploads\/2023\/03\/stake-ofertas-mexico-768x378.webp 768w, https:\/\/supercuotas.gratis\/wp-content\/uploads\/2023\/03\/stake-ofertas-mexico.webp 1358w\" sizes=\"(max-width: 913px) 100vw, 913px\" \/><\/a><\/figure>\n\n\n\n<h2 class=\"wp-block-heading\"><strong>Preguntas Frecuentes sobre el sitio de Stake y su cat\u00e1logo de Bonos y Promociones<\/strong><\/h2>\n\n\n\n<div class=\"wp-block-rank-math-faq-block\"><div class=\"rank-math-faq-item\"><h3 class=\"rank-math-question\">\u00bfQu\u00e9 es la Casa de Stake en M\u00e9xico?<\/h3><div class=\"rank-math-answer\">Stake es un sitio en l\u00ednea dedicado a los Juegos de Casino y a las Apuestas Deportivas.<\/div><\/div><div class=\"rank-math-faq-item\"><h3 class=\"rank-math-question\">\u00bfPor qu\u00e9 Stake es una de las plataformas m\u00e1s recomendadas y utilizadas a nivel internacional?<\/h3><div class=\"rank-math-answer\">Porque es una plataforma de probada calidad, llevada adelante por un equipo de profesionales expertos en el rubro y con herramientas y servicios que garantizan una experiencia excelente.<\/div><\/div><div class=\"rank-math-faq-item\"><h3 class=\"rank-math-question\">\u00bfQu\u00e9 Promociones y Bonos est\u00e1n disponibles para activar en la p\u00e1gina?<\/h3><div class=\"rank-math-answer\">Stake propone una variedad notable de Bonos y Promociones. Apuestas Gratis para eventos destacados, Giros y Jugadas Gratis, recargas extras en tus dep\u00f3sitos, Sorteos y Torneos, entre otros.<\/div><\/div><div class=\"rank-math-faq-item\"><h3 class=\"rank-math-question\">\u00bfPor qu\u00e9 se considera a Stake un CriptoCasino?<\/h3><div class=\"rank-math-answer\">La definici\u00f3n de CriptoCasino tiene relaci\u00f3n directa con la posibilidad de depositar, retirar, apostar y jugar a trav\u00e9s de criptomonedas dentro del sitio.<\/div><\/div><div class=\"rank-math-faq-item\"><h3 class=\"rank-math-question\">\u00bfDe qu\u00e9 se trata el &#8220;Sorteo de $75.000 USD&#8221;?<\/h3><div class=\"rank-math-answer\">Se trata de un sorteo semanal por una bolsa de premios de $75.000 USD. Por cada 1.000 USD apostados en el Casino recibir\u00e1s un ticket para el sorteo.<\/div><\/div><div class=\"rank-math-faq-item\"><h3 class=\"rank-math-question\">\u00bfEn qu\u00e9 consiste la &#8220;Carrera Diaria de $100.000 USD&#8221;?<\/h3><div class=\"rank-math-answer\">Es una Promoci\u00f3n exclusiva para los aficionados de las Apuestas Deportivas. Suma puntos por cada apuesta y participa por las recompensas diarias en Stake.<\/div><\/div><div class=\"rank-math-faq-item\"><h3 class=\"rank-math-question\">\u00bfEs seguro y legal apostar en Stake desde M\u00e9xico?<\/h3><div class=\"rank-math-answer\">Por supuesto que si. Stake es una empresa pionera en t\u00e9rminos de seguridad, tu dinero y tus datos personales privados estar\u00e1n protegidos al 100%.<\/div><\/div><\/div>\n","protected":false},"excerpt":{"rendered":"<p>Ag\u00e1rrate bien fuerte de la silla. Porque a lo largo del presente art\u00edculo de SuperCuotas.gratis hallar\u00e1s informaci\u00f3n y beneficios vitales para comenzar a disfrutar de los Juegos de Casino y las Apuestas Deportivas Online. \u00bfEn d\u00f3nde? Pues en la mejor Casa de todas en M\u00e9xico: Stake. Aprovecha m\u00faltiples beneficios y las herramientas de \u00faltima tecnolog\u00eda. &#8230; <a title=\"STAKE | Bonos 2023 + Rese\u00f1a COMPLETA\" class=\"read-more\" href=\"https:\/\/supercuotas.gratis\/mx\/stake\/\" aria-label=\"Leer m\u00e1s sobre STAKE | Bonos 2023 + Rese\u00f1a COMPLETA\">Read more<\/a><\/p>\n","protected":false},"author":79,"featured_media":0,"parent":0,"menu_order":0,"comment_status":"closed","ping_status":"closed","template":"","meta":{"_uag_custom_page_level_css":"","generate_page_header":"","footnotes":""},"class_list":["post-27242","page","type-page","status-publish"],"uagb_featured_image_src":{"full":false,"thumbnail":false,"medium":false,"medium_large":false,"large":false,"1536x1536":false,"2048x2048":false},"uagb_author_info":{"display_name":"Jeronimo","author_link":"https:\/\/supercuotas.gratis\/mx\/author\/jeronimo\/"},"uagb_comment_info":0,"uagb_excerpt":"Ag\u00e1rrate bien fuerte de la silla. Porque a lo largo del presente art\u00edculo de SuperCuotas.gratis hallar\u00e1s informaci\u00f3n y beneficios vitales para comenzar a disfrutar de los Juegos de Casino y las Apuestas Deportivas Online. \u00bfEn d\u00f3nde? Pues en la mejor Casa de todas en M\u00e9xico: Stake. Aprovecha m\u00faltiples beneficios y las herramientas de \u00faltima tecnolog\u00eda.&hellip;","_links":{"self":[{"href":"https:\/\/supercuotas.gratis\/mx\/wp-json\/wp\/v2\/pages\/27242","targetHints":{"allow":["GET"]}}],"collection":[{"href":"https:\/\/supercuotas.gratis\/mx\/wp-json\/wp\/v2\/pages"}],"about":[{"href":"https:\/\/supercuotas.gratis\/mx\/wp-json\/wp\/v2\/types\/page"}],"author":[{"embeddable":true,"href":"https:\/\/supercuotas.gratis\/mx\/wp-json\/wp\/v2\/users\/79"}],"replies":[{"embeddable":true,"href":"https:\/\/supercuotas.gratis\/mx\/wp-json\/wp\/v2\/comments?post=27242"}],"version-history":[{"count":2,"href":"https:\/\/supercuotas.gratis\/mx\/wp-json\/wp\/v2\/pages\/27242\/revisions"}],"predecessor-version":[{"id":27274,"href":"https:\/\/supercuotas.gratis\/mx\/wp-json\/wp\/v2\/pages\/27242\/revisions\/27274"}],"wp:attachment":[{"href":"https:\/\/supercuotas.gratis\/mx\/wp-json\/wp\/v2\/media?parent=27242"}],"curies":[{"name":"wp","href":"https:\/\/api.w.org\/{rel}","templated":true}]}}