{"id":26576,"date":"2023-02-28T14:23:08","date_gmt":"2023-02-28T13:23:08","guid":{"rendered":"https:\/\/supercuotas.gratis\/?page_id=26576"},"modified":"2023-03-02T00:04:47","modified_gmt":"2023-03-01T23:04:47","slug":"caliente-nuevo-bono-casino-especial-mexico","status":"publish","type":"page","link":"https:\/\/supercuotas.gratis\/mx\/caliente-nuevo-bono-casino-especial-mexico\/","title":{"rendered":"CALIENTE Bono Casino \u00bb \u00a1$5.000 + $1.000 de Bienvenida!"},"content":{"rendered":"\n<p>Si todav\u00eda no conoces este fant\u00e1stico sitio de apuestas, pues es el momento ideal para conocerlo. Porque hoy, desde <a href=\"https:\/\/supercuotas.gratis\/mx\/\" target=\"_blank\" rel=\"noreferrer noopener\">Supercuotas Gratis<\/a>, te vamos a estar contando todo sobre Caliente Bono Casino! Realmente una maravilla de oferta, que ya est\u00e1 disponible para todos los nuevos usuarios en el sitio, simplemente por registrarse en la plataforma<strong>. Verdaderamente es as\u00ed se sencillo. Pero primero que nada, conozcamos un poco sobre las cualidades del sitio,<a href=\"https:\/\/recor.to\/calientemx\" target=\"_blank\" rel=\"noreferrer noopener nofollow sponsored\"> y vis\u00edtalo ahora! <\/a><\/strong><\/p>\n\n\n\n<figure class=\"wp-block-image size-full is-resized\"><a href=\"https:\/\/recor.to\/calientemx\" target=\"_blank\" rel=\"noreferrer noopener nofollow sponsored\"><img fetchpriority=\"high\" decoding=\"async\" src=\"https:\/\/supercuotas.gratis\/wp-content\/uploads\/2023\/02\/caliente-bono-casino.jpg\" alt=\"caliente bono casino\" class=\"wp-image-26578\" width=\"760\" height=\"358\" srcset=\"https:\/\/supercuotas.gratis\/wp-content\/uploads\/2023\/02\/caliente-bono-casino.jpg 512w, https:\/\/supercuotas.gratis\/wp-content\/uploads\/2023\/02\/caliente-bono-casino-300x141.jpg 300w\" sizes=\"(max-width: 760px) 100vw, 760px\" \/><\/a><\/figure>\n\n\n\n<h2 class=\"wp-block-heading\" id=\"h-aun-no-conoces-caliente\"><strong>Primero que nada, conozcamos a Caliente M\u00e9xico <\/strong><\/h2>\n\n\n\n<p>Cuando hablamos de Caliente, estamos hablando en realidad de un grupo dedicado al servicio de entretenimiento, en el a\u00f1o 1916. S\u00ed, esa es la verdadera cantidad de a\u00f1os que tiene este sitio como trayectoria! Porque el Grupo Caliente comenz\u00f3 como un Hip\u00f3dromo, llamado Agua Caliente. <strong>Estamos hablando de un hip\u00f3dromo ubicado en Baja California. Y es desde all\u00ed que llega hasta nosotros con su nueva plataforma virtual, siendo una de las pocas empresas relacionas que es completamente mexicana<\/strong>. Es por eso que hoy les presentamos este sitio nacional, que a\u00fan hoy en d\u00eda cuenta con m\u00e1s de 30 sedes f\u00edsicas en el pa\u00eds. <\/p>\n\n\n\n<p>Pero la creciente virtualidad ha hecho que se difunda esta nueva modalidad de juego, y Caliente quiere ofrecerte todas sus comodidades. Por eso mismo ahora tiene su versi\u00f3n web, para que juegues desde la comodidad de tu hogar. O desde cualquier lugar con tu dispositivo m\u00f3vil! Adem\u00e1s, hoy conoceremos el Caliente Bono Casino, una oferta realmente imperdible. Pero, no nos adelantemos. Primero, sigamos conociendo los fuertes de la casa: <strong>principalmente, el casino online, pero tambi\u00e9n los mercados de apuestas deportivas! <\/strong><\/p>\n\n\n\n<p>Adem\u00e1s, era ya en el a\u00f1o 1989 que esta empresa ya comenzaba con apuestas relacionadas a los deportes. En este caso, se trataba de apuestas en carreras de galgos y de caballos. De ah\u00ed en m\u00e1s, no hizo m\u00e1s que intervenir cada vez de mayor manera en las disciplinas deportivas.<strong> Y fue en el a\u00f1o 2001 en que el sitio logr\u00f3 crear un sistema de apuestas a trav\u00e9s de la internet.<\/strong> Por su parte, el casino tambi\u00e9n crec\u00eda: en 1998 se fund\u00f3 su primera sala f\u00edsica de Bingo, hasta llegar en 2008 <a href=\"https:\/\/recor.to\/calientemx\" target=\"_blank\" rel=\"noreferrer noopener nofollow sponsored\">con el sitio oficial<\/a>. Una de las mejores opciones para los usuarios mexicanos! <\/p>\n\n\n\n<h3 class=\"wp-block-heading\" id=\"h-caliente-casino-garantia-de-entretenimiento\"><strong>Diversi\u00f3n asegurada en Caliente <\/strong><\/h3>\n\n\n\n<p>Aqu\u00ed en Caliente, creemos que realmente vas a encontrar lo que te guste. Porque adem\u00e1s, con el Caliente Bono Casino, que es su oferta de bienvenida, comenzar\u00e1s desde lo m\u00e1s alto. En este sitio hay realmente de todo para hacer. Entre nuestras mayores recomendaciones se encuentran la ruleta y los juegos de barajas. <strong>Por ejemplo, algunos de los t\u00edtulos son el Blackjack, Texas Hold&#8217;em, y una variedad de t\u00edtulos de p\u00f3ker, juego que no encuentras en todos lados. <\/strong>Y por supuesto, una cantidad infaltable de tragamonedas de todos los estilos.<\/p>\n\n\n\n<p>Pero adem\u00e1s, lo que m\u00e1s nos gusta es la opci\u00f3n de jugar con dealers en directo. Es decir, croupier de carne y hueso, que te espera desde los estudios en la secci\u00f3n del Casino en Vivo! Esta parte cuenta con un servicio de Streaming en directo, de manera que te sientas como en el casino tradicional. <strong>Esta es verdaderamente la experiencia m\u00e1s realista, si eso es lo que buscas. Puedes llenarte de adrenalina retando en vivo a la competencia! <\/strong><\/p>\n\n\n\n<p>Pero adem\u00e1s, como mencionamos, la parte de apuestas deportivas no se queda atr\u00e1s. Y en este sentido los usuarios tendr\u00e1n el mayor control posible sobre sus pron\u00f3sticos. Porque puedes armar tu cup\u00f3n de la manera que quieras. Incluso ir modificando tus apuestas. Puedes armar una simple, de una selecci\u00f3n, o combinar apuestas en diferentes partidos o eventos deportivos. <strong>Y por supuesto, para las apuestas en directo tambi\u00e9n contar\u00e1s con un servicio de Streaming, que no encontrar\u00e1s en cualquier lugar.<\/strong> Y eso que todav\u00eda no hablamos <a href=\"https:\/\/supercuotas.gratis\/mx\/caliente\/\" target=\"_blank\" rel=\"noreferrer noopener\">de las promociones! <\/a><a href=\"https:\/\/recor.to\/calientemx\" target=\"_blank\" rel=\"noreferrer noopener nofollow sponsored\">Con\u00f3celas ahora. <\/a><\/p>\n\n\n\n<h2 class=\"wp-block-heading\" id=\"h-registrarte-en-caliente-casino\"><strong>\u00a1Reg\u00edstrate para conseguir los beneficios!<\/strong><\/h2>\n\n\n\n<p>Ahora bien, si est\u00e1s convencido de unirte a la verdadera diversi\u00f3n que este casino tiene para ti, vas a tener que registrarte! Adem\u00e1s, este paso es fundamental para conseguir el Caliente Bono Casino, as\u00ed que vamos a por ello. <strong>Te recordamos que el registro en este sitio es completamente libre y gratuito, para todos aquellos jugadores mexicanos que tengan al menos 18 a\u00f1os de edad, tal como lo indica la ley. <\/strong>As\u00ed que, si este es el caso, entonces solo te llevar\u00e1 un par de minutos crear una cuenta de usuario. Te contamos c\u00f3mo hacerlo. <\/p>\n\n\n\n<p>Como ya te adelantamos, el proceso es realmente sencillo. Solo tienes que comenzar ingresando en el<a href=\"https:\/\/recor.to\/calientemx\" target=\"_blank\" rel=\"noreferrer noopener nofollow sponsored\"> sitio oficial de Caliente M\u00e9xico.<\/a> Una vez que est\u00e9s en la p\u00e1gina principal de esta plataforma, entonces dirige tu mirada a la esquina superior derecha. <strong>Haz clic en el bot\u00f3n que diga REG\u00cdSTRATE, para comenzar con el proceso. El sitio te mostrar\u00e1 un par de campos obligatorios que debes llenar con tus datos. <\/strong>Pero, si no quieres hacerlo, tambi\u00e9n puedes registrarte utilizando tu cuenta de Facebook como intermediaria. <\/p>\n\n\n\n<p>Recuerda que tus datos son resguardados bajo clave, y que incluso el personal del sitio tiene prohibido manipularlos. Por otro lado, si te registraste con un correo electr\u00f3nico, visita tu casilla de mensajes para activar tu cuenta. Y ahora, solo queda hacer tu primer dep\u00f3sito! <strong>Pero antes de eso, lee a continuaci\u00f3n todo lo que hay que saber sobre tu bono de bienvenida para el casino! <\/strong><\/p>\n\n\n\n<figure class=\"wp-block-image size-large\"><a href=\"https:\/\/recor.to\/calientemx\" target=\"_blank\" rel=\"noreferrer noopener nofollow sponsored\"><img decoding=\"async\" width=\"1024\" height=\"366\" src=\"https:\/\/supercuotas.gratis\/wp-content\/uploads\/2023\/02\/caliente-bono-bienvenida-casino-1024x366.png\" alt=\"caliente bono bienvenida casino\" class=\"wp-image-26587\" srcset=\"https:\/\/supercuotas.gratis\/wp-content\/uploads\/2023\/02\/caliente-bono-bienvenida-casino-1024x366.png 1024w, https:\/\/supercuotas.gratis\/wp-content\/uploads\/2023\/02\/caliente-bono-bienvenida-casino-300x107.png 300w, https:\/\/supercuotas.gratis\/wp-content\/uploads\/2023\/02\/caliente-bono-bienvenida-casino-768x274.png 768w, https:\/\/supercuotas.gratis\/wp-content\/uploads\/2023\/02\/caliente-bono-bienvenida-casino.png 1400w\" sizes=\"(max-width: 1024px) 100vw, 1024px\" \/><\/a><\/figure>\n\n\n\n<h2 class=\"wp-block-heading\"><strong>Caliente Bono Casino, \u00a1Recibe hasta $5.000 en saldo extra! <\/strong><\/h2>\n\n\n\n<p>Ahora s\u00ed, veamos todo sobre el Caliente Bono de Casino que tiene esta plataforma para todos los nuevos usuarios! Se trata de una <a href=\"https:\/\/supercuotas.gratis\/mx\/bonos-caliente\/\" target=\"_blank\" rel=\"noreferrer noopener\">oferta de bienvenida<\/a>, y por lo tanto, es exclusiva para quienes hagan su primer dep\u00f3sito en la plataforma. <strong>La casa te otorga hasta $5.000 en saldo extra para comenzar a jugar! La din\u00e1mica es muy sencilla: registrarse, depositar y recibir el bono. M\u00e1s abajo te contamos el paso por paso. <\/strong>Pero adem\u00e1s, este bono tiene cuatro niveles, seg\u00fan el monto que deposites. Y son los siguientes: <\/p>\n\n\n\n<ul class=\"wp-block-list\">\n<li><strong>B\u00e1sico<\/strong>: entre $200 y $999 de dep\u00f3sito, el bono es del 50% <\/li>\n\n\n\n<li><strong>Plus<\/strong>: entre $1.000 y $2.499 de dep\u00f3sito, el bono es del 100% <\/li>\n\n\n\n<li><strong>Premium<\/strong>: entre $2.500 y $19.999 de dep\u00f3sito, el bono es del 150% <\/li>\n\n\n\n<li><strong>VIP<\/strong>: de $20.000 en adelante de dep\u00f3sito, el bono ser\u00e1 de $20.000 + membres\u00eda Club VIP por 14 d\u00edas! <\/li>\n<\/ul>\n\n\n\n<h3 class=\"wp-block-heading\"><strong>Paso a paso: c\u00f3mo obtener el Caliente Bono Casino<\/strong><\/h3>\n\n\n\n<ol class=\"wp-block-list\">\n<li><a href=\"https:\/\/recor.to\/calientemx\" target=\"_blank\" rel=\"noreferrer noopener nofollow sponsored\"><strong>Ingresa al sitio:<\/strong> <\/a>\u00fanete a Caliente M\u00e9xico ingresando a la p\u00e1gina y haciendo clic en REG\u00cdSTRATE<\/li>\n\n\n\n<li><strong>Abre tu cuenta: <\/strong>crea tu propia cuenta completando tus datos o vincul\u00e1ndola a tu cuenta de Facebook, e inicia sesi\u00f3n<\/li>\n\n\n\n<li><strong>Haz un dep\u00f3sito: <\/strong>cuando ingreses en la plataforma, dir\u00edgete a la secci\u00f3n de dep\u00f3sitos e ingresa al menos $200 a tu cuenta <\/li>\n\n\n\n<li><strong>Reclama el bono<\/strong>: una vez que hagas tu primer dep\u00f3sito, tendr\u00e1s que aceptar el Caliente Bono Casino all\u00ed mismo o en Promociones<\/li>\n\n\n\n<li><strong>Juega en el casino:<\/strong> aguarda a recibir tu bonificaci\u00f3n, y comienza a jugar en la plataforma con tu saldo duplicado! <\/li>\n<\/ol>\n\n\n\n<h3 class=\"wp-block-heading\"><strong>Condiciones del Caliente Bono Casino<\/strong><\/h3>\n\n\n\n<ul class=\"wp-block-list\">\n<li>Oferta exclusiva para los nuevos usuarios que se registren en <strong>Caliente M\u00e9xico<\/strong>, mayores de los 18 a\u00f1os de edad<\/li>\n\n\n\n<li>El monto m\u00ednimo de dep\u00f3sito para acceder al bono es de <strong>$200 o m\u00e1s <\/strong><\/li>\n\n\n\n<li>El requisito de apuestas que el usuario debe cumplir una vez que reciba el beneficio, es de <strong>20 veces<\/strong> el valor del bono obtenido <\/li>\n\n\n\n<li>Los jugadores tendr\u00e1n un plazo m\u00e1ximo de <strong>7 d\u00edas<\/strong> para completar este \u00faltimo requisito, sin excepciones <\/li>\n\n\n\n<li>No se permitir\u00e1 realizar un retiro de dinero antes de completar el requisito de apuestas, caso contrario el bono ser\u00e1 cancelado y retirado<\/li>\n\n\n\n<li>El monto m\u00e1ximo de ganancias que el usuario puede conseguir con el bono es de <strong>3 veces<\/strong> el bono obtenido <\/li>\n\n\n\n<li>Esta oferta es exclusiva para los juegos del casino, y no se podr\u00e1 utilizar en las apuestas deportivas <\/li>\n\n\n\n<li>Los juegos del casino de Caliente, aportan en porcentajes diferentes al requisito de apuestas. <a href=\"https:\/\/recor.to\/calientemx\" target=\"_blank\" rel=\"noreferrer noopener nofollow sponsored\">Puedes verlos aqu\u00ed<\/a><\/li>\n\n\n\n<li>Cualquier jugada estrat\u00e9gica que pueda ser considerada como abuso del bono, resultar\u00e1 en la cancelaci\u00f3n del mismo y la confiscaci\u00f3n de las ganancias<\/li>\n\n\n\n<li>El monto m\u00e1ximo de apuesta por jugada, utilizando el bono recibido, es de <strong>hasta $200<\/strong><\/li>\n\n\n\n<li>Las ganancias obtenidas con el bono est\u00e1n sujetas a un nuevo requisito de apuestas, de <strong>12 veces su valor <\/strong><\/li>\n\n\n\n<li>Esta promoci\u00f3n es v\u00e1lida solo una vez por cuenta y persona<\/li>\n\n\n\n<li>El sitio se reserva el derecho de cancelar o modificar la promoci\u00f3n en cualquier momento sin previo aviso, y de revisar los movimientos de los usuarios participantes <\/li>\n\n\n\n<li>La promoci\u00f3n est\u00e1 sujeta a los T\u00e9rminos y Condiciones generales en<strong> Caliente M\u00e9xico <\/strong><\/li>\n<\/ul>\n\n\n\n<figure class=\"wp-block-image size-large\"><a href=\"https:\/\/recor.to\/calientemx\" target=\"_blank\" rel=\"noreferrer noopener nofollow sponsored\"><img decoding=\"async\" width=\"1024\" height=\"366\" src=\"https:\/\/supercuotas.gratis\/wp-content\/uploads\/2023\/02\/caliente-casino-online-1024x366.png\" alt=\"caliente casino online\" class=\"wp-image-26596\" srcset=\"https:\/\/supercuotas.gratis\/wp-content\/uploads\/2023\/02\/caliente-casino-online-1024x366.png 1024w, https:\/\/supercuotas.gratis\/wp-content\/uploads\/2023\/02\/caliente-casino-online-300x107.png 300w, https:\/\/supercuotas.gratis\/wp-content\/uploads\/2023\/02\/caliente-casino-online-768x274.png 768w, https:\/\/supercuotas.gratis\/wp-content\/uploads\/2023\/02\/caliente-casino-online.png 1400w\" sizes=\"(max-width: 1024px) 100vw, 1024px\" \/><\/a><\/figure>\n\n\n<p>[ratings]<\/p>\n\n\n\n<h2 class=\"wp-block-heading\"><strong>Preguntas frecuentes sobre Caliente M\u00e9xico<\/strong><\/h2>\n\n\n\n<div class=\"wp-block-rank-math-faq-block\"><div class=\"rank-math-faq-item\"><h3 class=\"rank-math-question\">\u00bfQu\u00e9 es Caliente M\u00e9xico?<\/h3><div class=\"rank-math-answer\">Es la plataforma de una central de apuestas con m\u00e1s de 100 a\u00f1os de historia. <\/div><\/div><div class=\"rank-math-faq-item\"><h3 class=\"rank-math-question\">\u00bfEs seguro jugar en Caliente?<\/h3><div class=\"rank-math-answer\">S\u00ed, esta firma lleva m\u00e1s de 100 a\u00f1os ofreciendo su servicio en el pa\u00eds! <\/div><\/div><div class=\"rank-math-faq-item\"><h3 class=\"rank-math-question\">\u00bfC\u00f3mo me registro en Caliente?<\/h3><div class=\"rank-math-answer\">Es f\u00e1cil, r\u00e1pido y gratis: ingresa al sitio y clica en REG\u00cdSTRATE. <\/div><\/div><div class=\"rank-math-faq-item\"><h3 class=\"rank-math-question\">\u00bfTengo que ser mayo para registrarme en Caliente?<\/h3><div class=\"rank-math-answer\">S\u00ed, es exclusivo para mayores de 18 a\u00f1os. <\/div><\/div><div class=\"rank-math-faq-item\"><h3 class=\"rank-math-question\">\u00bfEs Caliente de industria nacional?<\/h3><div class=\"rank-math-answer\">S\u00ed, el sitio es 100% mexicano desde sus inicios! <\/div><\/div><div class=\"rank-math-faq-item\"><h3 class=\"rank-math-question\">\u00bfQu\u00e9 puedo hacer en Caliente?<\/h3><div class=\"rank-math-answer\">Puedes hacer todo tipo de apuestas deportivas y en juegos de casino online. <\/div><\/div><div class=\"rank-math-faq-item\"><h3 class=\"rank-math-question\">\u00bfY si tengo un problema en Caliente?<\/h3><div class=\"rank-math-answer\">Comun\u00edcate con el servicio de atenci\u00f3n al cliente en el sitio. <\/div><\/div><\/div>\n","protected":false},"excerpt":{"rendered":"<p>Si todav\u00eda no conoces este fant\u00e1stico sitio de apuestas, pues es el momento ideal para conocerlo. Porque hoy, desde Supercuotas Gratis, te vamos a estar contando todo sobre Caliente Bono Casino! Realmente una maravilla de oferta, que ya est\u00e1 disponible para todos los nuevos usuarios en el sitio, simplemente por registrarse en la plataforma. Verdaderamente &#8230; <a title=\"CALIENTE Bono Casino \u00bb \u00a1$5.000 + $1.000 de Bienvenida!\" class=\"read-more\" href=\"https:\/\/supercuotas.gratis\/mx\/caliente-nuevo-bono-casino-especial-mexico\/\" aria-label=\"Leer m\u00e1s sobre CALIENTE Bono Casino \u00bb \u00a1$5.000 + $1.000 de Bienvenida!\">Read more<\/a><\/p>\n","protected":false},"author":75,"featured_media":0,"parent":0,"menu_order":0,"comment_status":"closed","ping_status":"closed","template":"","meta":{"_uag_custom_page_level_css":"","generate_page_header":"","footnotes":""},"class_list":["post-26576","page","type-page","status-publish"],"uagb_featured_image_src":{"full":false,"thumbnail":false,"medium":false,"medium_large":false,"large":false,"1536x1536":false,"2048x2048":false},"uagb_author_info":{"display_name":"Rocio","author_link":"https:\/\/supercuotas.gratis\/mx\/author\/rocio\/"},"uagb_comment_info":0,"uagb_excerpt":"Si todav\u00eda no conoces este fant\u00e1stico sitio de apuestas, pues es el momento ideal para conocerlo. Porque hoy, desde Supercuotas Gratis, te vamos a estar contando todo sobre Caliente Bono Casino! Realmente una maravilla de oferta, que ya est\u00e1 disponible para todos los nuevos usuarios en el sitio, simplemente por registrarse en la plataforma. Verdaderamente&hellip;","_links":{"self":[{"href":"https:\/\/supercuotas.gratis\/mx\/wp-json\/wp\/v2\/pages\/26576","targetHints":{"allow":["GET"]}}],"collection":[{"href":"https:\/\/supercuotas.gratis\/mx\/wp-json\/wp\/v2\/pages"}],"about":[{"href":"https:\/\/supercuotas.gratis\/mx\/wp-json\/wp\/v2\/types\/page"}],"author":[{"embeddable":true,"href":"https:\/\/supercuotas.gratis\/mx\/wp-json\/wp\/v2\/users\/75"}],"replies":[{"embeddable":true,"href":"https:\/\/supercuotas.gratis\/mx\/wp-json\/wp\/v2\/comments?post=26576"}],"version-history":[{"count":0,"href":"https:\/\/supercuotas.gratis\/mx\/wp-json\/wp\/v2\/pages\/26576\/revisions"}],"wp:attachment":[{"href":"https:\/\/supercuotas.gratis\/mx\/wp-json\/wp\/v2\/media?parent=26576"}],"curies":[{"name":"wp","href":"https:\/\/api.w.org\/{rel}","templated":true}]}}