{"id":26456,"date":"2023-02-22T15:51:18","date_gmt":"2023-02-22T14:51:18","guid":{"rendered":"https:\/\/supercuotas.gratis\/?page_id=26456"},"modified":"2023-03-28T18:42:50","modified_gmt":"2023-03-28T16:42:50","slug":"betway-bono-casino-especial-mexico","status":"publish","type":"page","link":"https:\/\/supercuotas.gratis\/mx\/betway-bono-casino-especial-mexico\/","title":{"rendered":"Betway Bono Casino \u00bb \u00a1$4.000 + 50 Free Spins!"},"content":{"rendered":"\n<p>Betway es sin dudas una de las mejores casas de apuestas que puedes encontrar en M\u00e9xico y por eso en este art\u00edculo te vamos a contar todo lo que debes saber y conocer sobre su Bono Casino. Con esta promoci\u00f3n, los amante podr\u00e1n encontrar dinero extra y realizar las mejores apuestas. \u00dasalo en las mejores mesas de Blackjack oi Ruleta, tambi\u00e9n tienes disponibles los Slots. Si todav\u00eda no cuenta con un usuario, puedes estar tranquilo ya que es muy simple conseguir uno <a href=\"https:\/\/recor.to\/betwaymxcasino\" target=\"_blank\" rel=\"noreferrer noopener nofollow sponsored\">desde aqu\u00ed <\/a><\/p>\n\n\n\n<figure class=\"wp-block-image size-large\"><a href=\"https:\/\/recor.to\/betwaymxcasino\" target=\"_blank\" rel=\"noreferrer noopener nofollow sponsored\"><img fetchpriority=\"high\" decoding=\"async\" width=\"1024\" height=\"500\" src=\"https:\/\/supercuotas.gratis\/wp-content\/uploads\/2022\/11\/betway-mexico-1024x500.webp\" alt=\"betway bono bienvenida casino\" class=\"wp-image-24183\" srcset=\"https:\/\/supercuotas.gratis\/wp-content\/uploads\/2022\/11\/betway-mexico-1024x500.webp 1024w, https:\/\/supercuotas.gratis\/wp-content\/uploads\/2022\/11\/betway-mexico-300x146.webp 300w, https:\/\/supercuotas.gratis\/wp-content\/uploads\/2022\/11\/betway-mexico-768x375.webp 768w, https:\/\/supercuotas.gratis\/wp-content\/uploads\/2022\/11\/betway-mexico-1536x750.webp 1536w, https:\/\/supercuotas.gratis\/wp-content\/uploads\/2022\/11\/betway-mexico.webp 1967w\" sizes=\"(max-width: 1024px) 100vw, 1024px\" \/><\/a><\/figure>\n\n\n\n<h2 class=\"wp-block-heading\"><strong>Bono Casino de Betway <\/strong><\/h2>\n\n\n\n<p><strong>Comenzaremos con el tema que nos compete, el Bono Casino de Betway. Esta oferta es una de las mejores que podr\u00e1s ver y encontrarte en M\u00e9xico y por eso es que aqu\u00ed te vamos a contar todo lo que puedes obtener de ella<\/strong>. Hay muchas cuestiones que podemos y debemos destacar para que sepas como conseguir dinero extra para jugar en los mejores juegos de casino.<\/p>\n\n\n\n<p>Lo m\u00e1s importante aqu\u00ed es decir que el Bono Casino es un Bono de Bienvenida y esto quiere decir que solo podr\u00e1n acceder a \u00e9l los jugadores que se hayan registrado de forma reciente <a href=\"https:\/\/recor.to\/betwaymxcasino\" target=\"_blank\" rel=\"noreferrer noopener nofollow sponsored\">o que lo hagan en este momento<\/a>. <strong>Los Bonos de este estilo tienen la misi\u00f3n de brindarle la mayor ayuda posible para que puedan comenzar de la mejor manera, haciendo las apuestas que realmente desean y ganando dinero.<\/strong><\/p>\n\n\n\n<p>Siempre hacemos la misma recomendaci\u00f3n si est\u00e1s a punto de reclamar esta promoci\u00f3n o cualquier otra que tenga Betway. Siempre es bueno leer los T\u00e9rminos y Condiciones de cada una de las ofertas. Esto te permite conocerlas la perfecci\u00f3n y saber todo lo que se puede hacer y lo que no dentro de ella. Teniendo en cuenta su importancia, a lo largo del art\u00edculo haremos un repaso con los puntos m\u00e1s importantes.<\/p>\n\n\n\n<p>Debes tener en cuenta otra cuesti\u00f3n. <strong>Si est\u00e1s leyendo esto y no puedes cumplir con los requisitos que contamos, puedes estar tranquilo. Betway es una casa muy grande, un gigante de las apuestas, y como tal tiene una secci\u00f3n especial donde muchas ofertas para aprovechar.<\/strong> Aqu\u00ed podr\u00e1s encontrarte con el Bono Casino y tambi\u00e9n tienes alternativas para todos los jugadores seg\u00fan sus gustos. <a href=\"https:\/\/supercuotas.gratis\/mx\/betway\/\" target=\"_blank\" rel=\"noreferrer noopener\">Ingresa y conoce la casa<\/a><\/p>\n\n\n\n<h3 class=\"wp-block-heading\"><strong>\u00bfEn qu\u00e9 consiste el Bono Casino de Betway?<\/strong><\/h3>\n\n\n\n<p>Hemos se\u00f1alado antes que el Bono Casino de Betway es una oferta de Bienvenida y est\u00e1 destinada a los nuevos jugadores. Pero \u00bfen qu\u00e9 consiste?. B\u00e1sicamente podemos decir que la casa de apuestas te dar\u00e1 un obsequio para aumentar el saldo de tu cuenta y como se\u00f1ala el nombre de la promoci\u00f3n, podr\u00e1s usarlo en los mejores juegos de casino de Betway, entre ellos la Ruleta, Blackjack o Slots.<\/p>\n\n\n\n<p><strong>En este caso, la casa de apuestas te dar\u00e1 una bonificaci\u00f3n con respecto a tu primer dep\u00f3sito dentro de ella, por eso es tan importante ser un nuevo jugador. Esta bonificaci\u00f3n es del 100%,<\/strong> es decir que podr\u00e1s jugar con el doble de dinero del que ten\u00edas pensado en un principio. <a href=\"https:\/\/recor.to\/betwaymxcasino\" target=\"_blank\" rel=\"noreferrer noopener nofollow sponsored\">Para esto debes registrarte<\/a> ahora mismo y reclamarla para poder tener dinero a la hora de afrontar los mejores juegos de casino.<\/p>\n\n\n\n<p><strong>Con este dinero extra podr\u00e1s afrontar de la forma que deseas las apuestas en la secci\u00f3n de casino pero no es lo \u00fanico. Adem\u00e1s de tener dinero extra, el Bono Casino de Betway te regalar\u00e1 50 girs gratis para que puedas probar tu suerte en los mejores juegos de Slots<\/strong>. Cuando decimos que Betway tiene todo lo que deseas, nos referimos a que los amantes del deporte tambi\u00e9n encontrar\u00e1n lo suyo en la casa. <a href=\"https:\/\/recor.to\/betwaymxcasino\" target=\"_blank\" rel=\"noreferrer noopener nofollow sponsored\">Accede a las apuestas deportivas <\/a><\/p>\n\n\n\n<figure class=\"wp-block-image size-large\"><a href=\"https:\/\/recor.to\/betwaymxcasino\" target=\"_blank\" rel=\"noreferrer noopener nofollow sponsored\"><img decoding=\"async\" width=\"1024\" height=\"575\" src=\"https:\/\/supercuotas.gratis\/wp-content\/uploads\/2022\/11\/betway-1024x575.jpg\" alt=\"betway oferta casino\" class=\"wp-image-24175\" srcset=\"https:\/\/supercuotas.gratis\/wp-content\/uploads\/2022\/11\/betway-1024x575.jpg 1024w, https:\/\/supercuotas.gratis\/wp-content\/uploads\/2022\/11\/betway-300x168.jpg 300w, https:\/\/supercuotas.gratis\/wp-content\/uploads\/2022\/11\/betway-768x431.jpg 768w, https:\/\/supercuotas.gratis\/wp-content\/uploads\/2022\/11\/betway.jpg 1190w\" sizes=\"(max-width: 1024px) 100vw, 1024px\" \/><\/a><\/figure>\n\n\n\n<h2 class=\"wp-block-heading\"><strong>\u00bfC\u00f3mo me registro en Betway?<\/strong><\/h2>\n\n\n\n<p>Ya hemos contado lo m\u00e1s importante sobre el Bono Casino que tiene Betway y uno de los aspectos m\u00e1s importantes es que tienes que ser un nuevo jugador. Teniendo en cuenta esto, aqu\u00ed haremos un repaso por el paso a paso para que puedas obtener tu cuenta. Ver\u00e1s que el proceso es muy simple pero nunca est\u00e1 de m\u00e1s hacer un tutorial para que todos puedan hacerlo de la mejor manera.<\/p>\n\n\n\n<p>Este proceso es r\u00e1pido, es decir que podr\u00e1s hacer al instante en unos pocos minutos. Cuando tengas tu cuenta lista, antes de comenzar a jugar, ve hacia las secci\u00f3n de <a href=\"https:\/\/recor.to\/betwaymxcasino\" target=\"_blank\" rel=\"noreferrer noopener nofollow sponsored\">&#8220;promociones&#8221;<\/a>, escoge el Bono de Bienvenida y juega con dinero extra en Casino. Es una opci\u00f3n que no puedes dejar pasar. Para esto debes ser mayor de 18 a\u00f1os y residir en M\u00e9xico <\/p>\n\n\n\n<h3 class=\"wp-block-heading\"><strong>Ingresa en la casa de apuestas <\/strong><\/h3>\n\n\n\n<p>Lo primero que debes hacer, claramente, es <a href=\"https:\/\/recor.to\/betwaymxcasino\" target=\"_blank\" rel=\"noreferrer noopener nofollow sponsored\">ingresar en la casa de apuestas<\/a>, lo cual puedes hacer con un simple <a href=\"https:\/\/recor.to\/betwaymxcasino\" target=\"_blank\" rel=\"noreferrer noopener nofollow sponsored\">click aqu\u00ed<\/a>. Una vez dentro de la misma debes dirigirte al bot\u00f3n de registro que se encuentra en la parte superior derecha de la pantalla, podr\u00e1s verlo en color verde. <strong>En este lugar tambi\u00e9n es donde deber\u00e1s ir en caso de ya tener una cuenta en Betway. Ver\u00e1s la opci\u00f3n de iniciar sesi\u00f3n, donde debes colocar tu nombre de usuario y contrase\u00f1a <\/strong><\/p>\n\n\n\n<p>Algo que debes saber es que todo esto y m\u00e1s podr\u00e1s hacerlo tambi\u00e9n desde la app que tiene Betway. <strong>Esta app podr\u00e1s descargarla en tu m\u00f3vil o tablet con sistema operativo de Android o de IOS. Ahora puedes llevar tu casa favorita donde quiera que vayas y as\u00ed no perderte de nada. Adem\u00e1s de registrarte, desde aqu\u00ed lo que puedes hacer es jugar tanto en casino como en deportes y reclamar las mejores promociones, para no perderte de ninguna. <a href=\"https:\/\/supercuotas.gratis\/mx\/betway-mexico\/\" target=\"_blank\" rel=\"noreferrer noopener\">Conoce m\u00e1s sobre Betway M\u00e9xico<\/a> <\/strong><\/p>\n\n\n\n<h3 class=\"wp-block-heading\"><strong>Colocar toda la informaci\u00f3n requerida <\/strong><\/h3>\n\n\n\n<p>Una vez que hayas ingresado mediante el bot\u00f3n de registro que contamos antes, tienes acceso al segundo paso dentro del proceso de registro. Lo que debes hacer aqu\u00ed es completar los <strong>formularios <\/strong>que podr\u00e1s ver.<strong> Debes colocar tu informaci\u00f3n, la cual estar\u00e1 cuidada en todo momento. Podemos decir que la casa de apuestas se compromete a no compartir esto con ninguna persona ajena a la casa de apuestas o a la empresa.<\/strong><\/p>\n\n\n\n<p><strong>En el primer caso ver\u00e1s un formularios con datos personales donde jugador que desea unirse. <\/strong>Este deber\u00e1s colocar su informaci\u00f3n como nombre, apellido o lugar de residencia. Recuerda que para poder hacer esto y reclamar el Bono Casino de Betway, tienes que ser un jugador mexicano. En caso contrario, te recomendamos que ingreses desde tu pa\u00eds y veas t\u00fa mismo las ofertas que posee.<\/p>\n\n\n\n<p>Luego de completar el primero de los formularios deber\u00e1s acceder al segundo.<strong> Podemos decir que este cumple con la misma l\u00f3gica pero esta vez lo que debes colocar son datos de contacto. Esto son muy importantes ya que, por cuestiones de seguridad, es posible que la casa de apuestas se comunique contigo mediante esta v\u00eda en caso de haber recibido un gran ganancia, para asegurarse de que seas quien dices.<\/strong><\/p>\n\n\n\n<p>Claro est\u00e1 que toda la informaci\u00f3n que coloques aqu\u00ed tiene que ser real y legal. En caso contrario, la casa de apuestas tiene la potestad de aplicar las sanciones que crea correspondientes para cualquier jugador que intente hacer trampa o fraude. SI lo deseas, puedes ver los TyC <a href=\"https:\/\/recor.to\/betwaymxcasino\" target=\"_blank\" rel=\"noreferrer noopener nofollow sponsored\">desde aqu\u00ed<\/a><\/p>\n\n\n\n<h3 class=\"wp-block-heading\"><strong>Crea tu cuenta <\/strong><\/h3>\n\n\n\n<p>Ahora si hemos llegado al \u00faltimo paso, podemos decir que este es el m\u00e1s simple de todos pero tambi\u00e9n el mas\u00b4importante. <strong>Lo que deber\u00e1s hacer aqu\u00ed es, ni m\u00e1s ni menos que crear tu cuenta. Para poder lograrlo vas a tener que elegir un nombre de usuario \u00fanico, es decir que no est\u00e9 siendo usado por otro jugador dentro de la casa de apuestas. Adem\u00e1s debes elegir una contrase\u00f1a que cumpla con todos los par\u00e1metros de seguridad impuestos por Betway.<\/strong><\/p>\n\n\n\n<p><strong>Una vez que hayas creado tu cuenta y recibas la confirmaci\u00f3n de ello, podr\u00e1s comenzar a jugar<\/strong>. Recuerda que antes de hacer un dep\u00f3sito de dinero te recomendamos que veas con detenimiento el Bono Casino que posee Betway. En caso de ser un amante de las apuestas deportivas, tambi\u00e9n podr\u00e1s escoger su Bono de Bienvenida. Debes tener en cuenta que solo podr\u00e1s optar por uno de ellos as\u00ed que debes escoger seguro. No dejes pasar esta gran oportunidad y \u00fanete en Betway para pasar grandes momentos y ganar dinero <\/p>\n\n\n\n<figure class=\"wp-block-image size-large\"><a href=\"https:\/\/recor.to\/betwaymxcasino\" target=\"_blank\" rel=\"noreferrer noopener nofollow sponsored\"><img decoding=\"async\" width=\"1024\" height=\"595\" src=\"https:\/\/supercuotas.gratis\/wp-content\/uploads\/2022\/11\/betway-apuestas-mexico-1024x595.jpg\" alt=\"betway bono casino\" class=\"wp-image-24191\" srcset=\"https:\/\/supercuotas.gratis\/wp-content\/uploads\/2022\/11\/betway-apuestas-mexico-1024x595.jpg 1024w, https:\/\/supercuotas.gratis\/wp-content\/uploads\/2022\/11\/betway-apuestas-mexico-300x174.jpg 300w, https:\/\/supercuotas.gratis\/wp-content\/uploads\/2022\/11\/betway-apuestas-mexico-768x446.jpg 768w, https:\/\/supercuotas.gratis\/wp-content\/uploads\/2022\/11\/betway-apuestas-mexico.jpg 1170w\" sizes=\"(max-width: 1024px) 100vw, 1024px\" \/><\/a><\/figure>\n\n\n\n<p>Podr\u00e1s conocer m\u00e1s sobre nosotros <a href=\"https:\/\/supercuotas.gratis\/mx\/\" target=\"_blank\" rel=\"noreferrer noopener\">desde aqu\u00ed<\/a> si te ha gustado este art\u00edculo<\/p>\n\n\n\n<h2 class=\"wp-block-heading\"><strong>Preguntas Frecuentes del Bono Casino de Betway <\/strong><\/h2>\n\n\n\n<div class=\"wp-block-rank-math-faq-block\"><div class=\"rank-math-faq-item\"><h3 class=\"rank-math-question\">\u00bfEs seguro jugar aqu\u00ed?<\/h3><div class=\"rank-math-answer\">Si, podemos decir que Betway es una de las mejores casas de apuestas que puedes encontrar en M\u00e9xico y una de las que m\u00e1s se preocupa por la seguridad de los jugadores <\/div><\/div><div class=\"rank-math-faq-item\"><h3 class=\"rank-math-question\">\u00bfCu\u00e1nto demora el proceso de registro?<\/h3><div class=\"rank-math-answer\">Podr\u00e1s unirte en la casa en cuesti\u00f3n de minutos <\/div><\/div><div class=\"rank-math-faq-item\"><h3 class=\"rank-math-question\">\u00bfDebo ser un nuevo jugador para acceder al Bono Casino?<\/h3><div class=\"rank-math-answer\">Si, es un requisito obligatorio ya que la oferta es un Bono de Bienvenida <\/div><\/div><div class=\"rank-math-faq-item\"><h3 class=\"rank-math-question\">\u00bfQu\u00e9 sucede si tengo alg\u00fan problema dentro?<\/h3><div class=\"rank-math-answer\">Betway cuenta con un chat de soporte que funciona las 24 horas del d\u00eda <\/div><\/div><div class=\"rank-math-faq-item\"><h3 class=\"rank-math-question\">\u00bfQu\u00e9 alterantivas de juego tengo aqu\u00ed?<\/h3><div class=\"rank-math-answer\">Con Betway podr\u00e1s jugar en juegos de casino y en apuestas deportivas <\/div><\/div><div class=\"rank-math-faq-item\"><h3 class=\"rank-math-question\">\u00bfTiene la casa de apuestas una app para descargar?<\/h3><div class=\"rank-math-answer\">As\u00ed es, podr\u00e1s obtener para tu tablet o m\u00f3vil <\/div><\/div><div class=\"rank-math-faq-item\"><h3 class=\"rank-math-question\">\u00bfDebo ser mayor de 18 a\u00f1os para jugar aqu\u00ed?<\/h3><div class=\"rank-math-answer\">Si, es obligatorio <\/div><\/div><\/div>\n","protected":false},"excerpt":{"rendered":"<p>Betway es sin dudas una de las mejores casas de apuestas que puedes encontrar en M\u00e9xico y por eso en este art\u00edculo te vamos a contar todo lo que debes saber y conocer sobre su Bono Casino. Con esta promoci\u00f3n, los amante podr\u00e1n encontrar dinero extra y realizar las mejores apuestas. \u00dasalo en las mejores &#8230; <a title=\"Betway Bono Casino \u00bb \u00a1$4.000 + 50 Free Spins!\" class=\"read-more\" href=\"https:\/\/supercuotas.gratis\/mx\/betway-bono-casino-especial-mexico\/\" aria-label=\"Leer m\u00e1s sobre Betway Bono Casino \u00bb \u00a1$4.000 + 50 Free Spins!\">Read more<\/a><\/p>\n","protected":false},"author":67,"featured_media":0,"parent":0,"menu_order":0,"comment_status":"closed","ping_status":"closed","template":"","meta":{"_uag_custom_page_level_css":"","generate_page_header":"","footnotes":""},"class_list":["post-26456","page","type-page","status-publish"],"uagb_featured_image_src":{"full":false,"thumbnail":false,"medium":false,"medium_large":false,"large":false,"1536x1536":false,"2048x2048":false},"uagb_author_info":{"display_name":"Rodrigo Paz","author_link":"https:\/\/supercuotas.gratis\/mx\/author\/rodrigo-paz\/"},"uagb_comment_info":0,"uagb_excerpt":"Betway es sin dudas una de las mejores casas de apuestas que puedes encontrar en M\u00e9xico y por eso en este art\u00edculo te vamos a contar todo lo que debes saber y conocer sobre su Bono Casino. Con esta promoci\u00f3n, los amante podr\u00e1n encontrar dinero extra y realizar las mejores apuestas. \u00dasalo en las mejores&hellip;","_links":{"self":[{"href":"https:\/\/supercuotas.gratis\/mx\/wp-json\/wp\/v2\/pages\/26456","targetHints":{"allow":["GET"]}}],"collection":[{"href":"https:\/\/supercuotas.gratis\/mx\/wp-json\/wp\/v2\/pages"}],"about":[{"href":"https:\/\/supercuotas.gratis\/mx\/wp-json\/wp\/v2\/types\/page"}],"author":[{"embeddable":true,"href":"https:\/\/supercuotas.gratis\/mx\/wp-json\/wp\/v2\/users\/67"}],"replies":[{"embeddable":true,"href":"https:\/\/supercuotas.gratis\/mx\/wp-json\/wp\/v2\/comments?post=26456"}],"version-history":[{"count":0,"href":"https:\/\/supercuotas.gratis\/mx\/wp-json\/wp\/v2\/pages\/26456\/revisions"}],"wp:attachment":[{"href":"https:\/\/supercuotas.gratis\/mx\/wp-json\/wp\/v2\/media?parent=26456"}],"curies":[{"name":"wp","href":"https:\/\/api.w.org\/{rel}","templated":true}]}}