{"id":15486,"date":"2021-03-19T13:37:15","date_gmt":"2021-03-19T12:37:15","guid":{"rendered":"https:\/\/supercuotas.gratis\/?page_id=15486"},"modified":"2026-03-12T17:01:12","modified_gmt":"2026-03-12T16:01:12","slug":"strendus-bono-sin-deposito","status":"publish","type":"page","link":"https:\/\/supercuotas.gratis\/mx\/strendus-bono-sin-deposito\/","title":{"rendered":"\u25b7 Strendus Bono Sin Dep\u00f3sito para M\u00e9xico con $1.000 MXN de regalo"},"content":{"rendered":"\n<p>Strendus es una plataforma de apuestas online que en M\u00e9xico es furor. <strong>Ofrece en su casino en l\u00ednea los mejores juegos de los mejores proveedores como Play&#8217;n Go y Microgaming<\/strong>, por ejemplo. Mejorando sus servicios paulatinamente, <a href=\"https:\/\/recor.to\/strendus\" target=\"_blank\" data-schema-attribute=\"\" rel=\"noopener nofollow sponsored\">este conocido sitio de apuestas<\/a> se esfuerza por ser innovador. A eso nos referimos con el agregado de una gran variedad de tragamonedas y un sitio agradable a la vista que ofrece un entretenimiento de alta calidad. Pero aqu\u00ed os vamos a contar sobre el <strong>Strendus Bono Sin Dep\u00f3sito de $1.000 MXN<\/strong>!<\/p>\n<p>Esta casa de apuestas mexicana ofrece cientos de juegos para todos los fan\u00e1ticos de los juegos de azar, adem\u00e1s de un sorteo de bienvenida elegible entre varias opciones, como puede ser Slots, Casino, Bingo, Loter\u00eda, Deportes, e-Sports y Deportes Virtuales. Adem\u00e1s de una enorme oferta de promociones, la plataforma de entretenimiento incluye una amplia gama de deportes. Si quieres saber un poco m\u00e1s de las mejores ofertas para M\u00e9xico, no te pierdas de leer <a href=\"https:\/\/supercuotas.gratis\/mx\/\" target=\"_blank\" rel=\"noopener\" data-schema-attribute=\"\">&#8216;Supercuotas mexicanas de apuestas deportivas&#8217;<\/a>.<\/p>\n<p><a href=\"https:\/\/recor.to\/strendus\" target=\"_blank\" rel=\"noopener nofollow sponsored\"><img fetchpriority=\"high\" decoding=\"async\" class=\"aligncenter wp-image-15498 size-full\" src=\"https:\/\/supercuotas.gratis\/wp-content\/uploads\/2021\/03\/strendus_bono_sin_deposito_mexico.jpg\" alt=\"strendus bono sin dep\u00f3sito, sin deposito strendus, bono sin deposito Mexico\" width=\"1000\" height=\"146\" srcset=\"https:\/\/supercuotas.gratis\/wp-content\/uploads\/2021\/03\/strendus_bono_sin_deposito_mexico.jpg 1000w, https:\/\/supercuotas.gratis\/wp-content\/uploads\/2021\/03\/strendus_bono_sin_deposito_mexico-300x44.jpg 300w, https:\/\/supercuotas.gratis\/wp-content\/uploads\/2021\/03\/strendus_bono_sin_deposito_mexico-768x112.jpg 768w\" sizes=\"(max-width: 1000px) 100vw, 1000px\" \/><\/a><\/p>\n\n\n\n<pre class=\"wp-block-preformatted has-text-color has-link-color wp-elements-25cc2cfc6863e9f85da1f9c09c066180\" style=\"color:#ff0000\">ATENCI\u00d3N USUARIOS: El bono sin dep\u00f3sito de Strendus ya no se encuentra disponible como tal. Visita el sitio oficial para conocer sus bonos actualizados as\u00ed como sus t\u00e9rminos y condiciones. <\/pre>\n\n\n\n<h2 class=\"wp-block-heading\"><strong>Strendus Bono Sin Dep\u00f3sito: $1.000 MXN de regalo<\/strong><\/h2>\n\n\n\n<p>Uno de los sitios de apuestas mexicano con una mayor cantidad de promociones y ofertas. Especialmente orientado al p\u00fablico mexicano, Strendus ofrece promociones en pesos mexicanos y para los mejores deportes y principales eventos deportivos, como la Liga MX. Con una oferta especial para todos aquellos jugadores nuevos, usuarios residentes en M\u00e9xico, un <strong>bono sin dep\u00f3sito Strendus de bienvenida<\/strong> como una las mejores ventajas. Lo interesante es que se encuentra en vigencia actualmente. Estamos hablando de un bono de <a href=\"https:\/\/recor.to\/strendus\" target=\"_blank\" data-schema-attribute=\"\" rel=\"noopener nofollow sponsored\">$1.000 MXN de regalo con tan s\u00f3lo abrir una cuenta.<\/a> No necesitar\u00e1s depositar nada, significa que \u00fanicamente debes registrarte ingresando todos los datos requeridos correctamente y atenerte a las condiciones del bono. Para esto \u00faltimo, vamos a contarte todo lo que necesitas saber.<\/p>\n<p>Recuerda y tenlo muy presente, <strong>reg\u00edstrate y confirma tu cuenta y ya. <\/strong>Para comenzar recomendamos ingresar a la <a href=\"https:\/\/recor.to\/strendus\" target=\"_blank\" data-schema-attribute=\"\" rel=\"noopener nofollow sponsored\">p\u00e1gina web oficial<\/a> de Strendus desde nuestro enlace, elige tu premio de <strong>&#8220;DEPORTES&#8221;<\/strong> y luego, al advertirte que has ganado $1.000 MXN, sigue a <strong>&#8220;CONTINUAR&#8221;<\/strong>. En la pantalla siguiente rellena el formulario requerido con tus datos personales y luego confirma y activa tu cuenta. Si por alg\u00fan motivo necesitas de ayuda o tienes alguna duda, comun\u00edcate a trav\u00e9s del servicio de chat en vivo, disponible las 24 horas todos los d\u00edas de la semana, y consulta. El bono viene determinado con algunos requisitos, y sobre este asunto os explicar\u00e9 un poco.<\/p>\n<p>Para convertir el bono y las eventuales ganancias con apuestas de bono sin dep\u00f3sito Strendus, necesitar\u00e1s <strong>apostar una cantidad de 10x el bono<\/strong>&nbsp;en apuestas en cualquier evento deportivo con cuotas cuota <strong>2.00 (+100) y m\u00e1ximo 21 (+2000)<\/strong>. Por otro lado, es necesario acumular un m\u00ednimo de 6 apuestas sobre una selecci\u00f3n con apuestas de un m\u00ednimo de $100 MXN y hasta m\u00e1ximo $2.000 MXN. <strong>5 d\u00edas a partir de emitido el bono son los necesarios para cumplir con los requisitos de apuestas.<\/strong> \u00a1Si consideras que es una oportunidad interesante que no debes desaprovechar, comienza ahora mismo <a href=\"https:\/\/recor.to\/strendus\" target=\"_blank\" data-schema-attribute=\"\" rel=\"noopener nofollow sponsored\">pinchando aqu\u00ed<\/a>!<\/p>\n\n\n\n<h3 class=\"wp-block-heading\"><strong>Pasos para obtener el Strendus Bono Sin Dep\u00f3sito<\/strong><\/h3>\n\n\n\n<ol>\n<li>Ingresa al sitio oficial de Strendus desde <a href=\"https:\/\/recor.to\/strendus\" target=\"_blank\" data-schema-attribute=\"\" rel=\"noopener nofollow sponsored\">nuestro enlace<\/a>.<\/li>\n<li>Elige tu premio de &#8220;DEPORTES&#8221; y luego pincha en &#8220;CONTINUAR&#8221;.<\/li>\n<li>Rellena el formulario con todos tus datos personales requeridos y activa tu cuenta confirm\u00e1ndola v\u00eda e-mail o tel\u00e9fono.<\/li>\n<li>Recibe tus $1.000 MXN Gratis de regalo y comienza tus apuestas deportivas.<\/li>\n<\/ol>\n\n\n\n<figure class=\"wp-block-embed is-type-video is-provider-youtube wp-block-embed-youtube wp-embed-aspect-16-9 wp-has-aspect-ratio\"><div class=\"wp-block-embed__wrapper\">\n<iframe title=\"\u00a1Esto es Strendus!\" width=\"1200\" height=\"675\" src=\"https:\/\/www.youtube.com\/embed\/qONUPOVbyyU?feature=oembed\" frameborder=\"0\" allow=\"accelerometer; autoplay; clipboard-write; encrypted-media; gyroscope; picture-in-picture; web-share\" referrerpolicy=\"strict-origin-when-cross-origin\" allowfullscreen><\/iframe>\n<\/div><\/figure>\n\n\n\n<h2 class=\"wp-block-heading\"><strong>Otras promociones Strendus<\/strong><\/h2>\n\n\n\n<p>Si consideras que necesitas m\u00e1s, no te pierdas del <a href=\"https:\/\/recor.to\/strendus\" target=\"_blank\" data-schema-attribute=\"\" rel=\"noopener nofollow sponsored\">Bono Universo Strendus con tu primer dep\u00f3sito<\/a> en la casa. Recibe saldo extra de tu primer dep\u00f3sito\u00a0hasta un m\u00e1ximo de <strong>$100,000 MXN<\/strong>. \u00bfC\u00f3mo obtenerlo? Es simple, has el login una vez registrado y confirmada la cuenta, dir\u00edgete a <strong>&#8216;Dep\u00f3sito&#8217;<\/strong>, ingresa la cantidad que deseas depositar y selecciona el m\u00e9todo de dep\u00f3sito que prefieras. AL realizar la transacci\u00f3n, aparecer\u00e1n en una lista todos los bonos universo Strendus disponibles con tu primer dep\u00f3sito, entonces debes elegir activar el <strong>\u201cBono Universo Deportes\u201d<\/strong>. A partir del momento de que la transacci\u00f3n sea procesada y finalizada con \u00e9xito, el bono aparecer\u00e1 activo y disponible en tu cuenta. \u00bfQuieres saber cu\u00e1les son los requisitos de bono? Les contar\u00e9:<\/p>\n<p>Para rescatar el bono y las posibles ganancias con apuestas de bono, tienes que apostar <strong>10x el valor del bono<\/strong>, tener al menos 6 apuestas sobre una selecci\u00f3n de un m\u00ednimo de $100 MXN y m\u00e1ximo de $2,000 MXN con cuotas entre <strong>2.0 (+100) y 21 (+2000)<\/strong>. Lo m\u00e1ximo de ganancias que puedes obtener cumpliendo con los requisitos de bono dentro de los <strong>15 d\u00edas<\/strong> de recibido el bono, es de $2,000 MXN.<\/p>\n\n\n\n<figure class=\"wp-block-embed is-type-video is-provider-youtube wp-block-embed-youtube wp-embed-aspect-16-9 wp-has-aspect-ratio\"><div class=\"wp-block-embed__wrapper\">\n<iframe title=\"\u00bfC\u00f3mo apostar en tu deporte favorito en el sportsbook de Strendus?\" width=\"1200\" height=\"675\" src=\"https:\/\/www.youtube.com\/embed\/M_ghWIZtSAY?feature=oembed\" frameborder=\"0\" allow=\"accelerometer; autoplay; clipboard-write; encrypted-media; gyroscope; picture-in-picture; web-share\" referrerpolicy=\"strict-origin-when-cross-origin\" allowfullscreen><\/iframe>\n<\/div><\/figure>\n\n\n\n<h3 class=\"wp-block-heading has-text-align-left\"><strong>Promociones para todos los gustos<\/strong><\/h3>\n\n\n\n<p><a href=\"https:\/\/recor.to\/strendus\" target=\"_blank\" data-schema-attribute=\"\" rel=\"noopener nofollow sponsored\">Promociones y ofertas<\/a> de <em>Cashback, reembolso eventual por selecciones con una fallida, bonificaciones extra en relaci\u00f3n a las ganancias con tus parlays ganadoras, adem\u00e1s de que el Strendus Bono Sin Dep\u00f3sito de $1.000 MXN es elegible entre Deportes, Casino, e-Sports, Deportes Virtuales, Bingo, Slots y Loter\u00eda<\/em>. Pero esto no es todo, porque puedes obtener hasta un 100% de tu primer dep\u00f3sito elegible al registrarte en Deportes, que os lo contamos, tambi\u00e9n en Casino, Loter\u00eda y Deportes Virtuales. El <strong>Bono Universo Strendus Casino o Strendus Loter\u00eda<\/strong> es de\u00a0hasta un m\u00e1ximo de <strong>$100,000 MXN.<\/strong><\/p>\n\n\n\n<h2 class=\"wp-block-heading has-text-align-left\"><strong>Strendus Casino y Strendus App<\/strong><\/h2>\n\n\n\n<p>La <a href=\"https:\/\/recor.to\/strendus\" target=\"_blank\" data-schema-attribute=\"\" rel=\"noopener nofollow sponsored\">plataforma en l\u00ednea Strendus Casino<\/a> est\u00e1 optimizada para un estilo de juego instant\u00e1neo y adaptable a varios navegadores web. Todos los jugadores encontrar\u00e1n <strong>f\u00e1cil acceso a la gama completa de juegos de casino<\/strong>, as\u00ed como al listado o biblioteca<span style=\"font-size: inherit;\"> de juegos de Strendus Casino. Es posible disfrutar de juegos de mesa de video, como la ruleta, dados, blackjack y bacar\u00e1, pero lo principal son los juegos de tarjetas de rascar super interesantes.<\/span><\/p>\n<p><span style=\"font-size: inherit;\">Una buena cantidad juegos de video p\u00f3quer, y por supuesto, <strong>una gama de<\/strong><\/span><strong> promociones para jugadores nuevos y existentes, envidiable<\/strong>. Aunque muchas de las promociones est\u00e1n dirigidas a los deportes, los usuarios del Strendus Casino tambi\u00e9n podr\u00e1n disfrutar de una gran cantidad de bonificaciones y otras ventajas para mejorar sus experiencias y probabilidades de ganar.<\/p>\n<h3><strong>Descarga la App de Strendus<\/strong><\/h3>\n<p>Aunque el <a href=\"https:\/\/recor.to\/strendus\" target=\"_blank\" data-schema-attribute=\"\" rel=\"noopener nofollow sponsored\">sitio web de Strendus<\/a> se adapta a todas las pantallas de los dispositivos m\u00f3viles, sean <strong>Android<\/strong> o <strong>iOS<\/strong>, la optimizaci\u00f3n es similar a la versi\u00f3n de escritorio, pero si deseas ganar en comodidad, nada mejor que descargar la aplicaci\u00f3n oficial de Strendus en tu tel\u00e9fono inteligente o tableta. Simplemente ingresa desde tu dispositivo m\u00f3vil a la <a href=\"https:\/\/recor.to\/strendus\" target=\"_blank\" data-schema-attribute=\"\" rel=\"noopener nofollow sponsored\">p\u00e1gina inicial de Strendus<\/a>, y <strong>al pie de p\u00e1gina encontrar\u00e1s los enlaces para descargar desde la localizaci\u00f3n que desees<\/strong>. Puedes elegir entre la <strong>versi\u00f3n de Apuestas Deportivas o Casino<\/strong>, o ambas, por supuesto.<\/p>\n\n\n\n<h2 class=\"wp-block-heading has-text-align-left\"><strong>Blog Strendus<\/strong><\/h2>\n\n\n\n<p><strong>Algo realmente que te gustar\u00e1, es navegar en el Blog Strendus<\/strong>, cuyos art\u00edculos y notas enriquecer\u00e1n tu glosario y conocimientos sobre tipos de juegos, apuestas, tips para deportes y noticias frescas para que te mantengas informado sobre el mundo de los deportes y casino. Si te diriges a la secci\u00f3n <strong>&#8220;ESCUELA DE APUESTAS&#8221;<\/strong>, all\u00ed aprender\u00e1s c\u00f3mo jugar de forma responsable, aprender sobre p\u00f3ker, consejos para jugar al bacar\u00e1, todo lo que debes saber sobre las slots y algunos tips sobre las ruletas, por citar algunos ejemplos.<\/p>\n<p>Por otro lado, \u00bfquieres conocer historias ganadoras? S\u00ed, una secci\u00f3n del Blog Strendus con destacadas historias de ganadores. \u00bfQuieres ser uno de ellos? Por supuesto que s\u00ed, <a href=\"https:\/\/recor.to\/strendus\" target=\"_blank\" data-schema-attribute=\"\" rel=\"noopener nofollow sponsored\">s\u00famate ahora<\/a> y <strong>comienza a disfrutar de todos los beneficios y servicios y promociones<\/strong> que ofrece esta gran casa de apuestas de origen mexicano.<\/p>\n<p>[ratings]<\/p>\n<p><a href=\"https:\/\/recor.to\/strendus\" target=\"_blank\" rel=\"noopener nofollow sponsored\"><img decoding=\"async\" class=\"aligncenter wp-image-15516 size-full\" src=\"https:\/\/supercuotas.gratis\/wp-content\/uploads\/2021\/03\/strendus_sin_deposito_mexico.jpg\" alt=\"bono bienvenida strendus, strendus mexico bono, bono sin deposito strendus\" width=\"1000\" height=\"448\" srcset=\"https:\/\/supercuotas.gratis\/wp-content\/uploads\/2021\/03\/strendus_sin_deposito_mexico.jpg 1000w, https:\/\/supercuotas.gratis\/wp-content\/uploads\/2021\/03\/strendus_sin_deposito_mexico-300x134.jpg 300w, https:\/\/supercuotas.gratis\/wp-content\/uploads\/2021\/03\/strendus_sin_deposito_mexico-768x344.jpg 768w\" sizes=\"(max-width: 1000px) 100vw, 1000px\" \/><\/a><\/p>\n\n\n\n<h2 class=\"wp-block-heading\"><strong>Preguntas Frecuentes (FAQs)<\/strong><\/h2>\n\n\n\n<p>Algunas respuestas a simples dudas que podr\u00e1n tener&#8230;<\/p>\n\n\n\n<h3 class=\"wp-block-heading\">\u00bfEs recomendable jugar en Strendus Deportes?<\/h3>\n\n\n\n<p>S\u00ed, porque es una\u00a0<a href=\"https:\/\/recor.to\/strendus\" target=\"_blank\" rel=\"noreferrer noopener nofollow sponsored\">plataforma \u00edntegramente mexicana<\/a>\u00a0que ofrece una variedad de promociones que no te las puedes perder. Dedicada al p\u00fablico mexicano, ofrece bonos de bienvenida para todas las \u00e1reas de juego, seg\u00fan la categor\u00eda de jugador que seas y tu gusto personal. Adem\u00e1s del Strendus Bono Sin Dep\u00f3sito, la opci\u00f3n de un Bono Universo con tu primer dep\u00f3sito, adem\u00e1s de cuotas mejoradas, reembolso con tus parlays fallidas, giros gratis en slots y mucho m\u00e1s.<\/p>\n\n\n\n<h3 class=\"wp-block-heading\">\u00bfHay bono de bienvenida sin dep\u00f3sito en Strendus?<\/h3>\n\n\n\n<p>S\u00ed, y es uno de los mejores ofrecidos para el mercado mexicano. Sin necesidad de realizar ning\u00fan dep\u00f3sito ya obtienes un bono universo, que es elegible para el \u00e1rea de juego que m\u00e1s te guste y elijas.<\/p>\n\n\n\n<h3 class=\"wp-block-heading\">\u00bfHay bonos de bienvenida en Strendus?<\/h3>\n\n\n\n<p>Hay muchos para elegir, pero en este caso son los bonos Universo. Un Bono Universo en Strendus Casino o Strendus Loter\u00eda de hasta un m\u00e1ximo de $100,000 MXN.<\/p>\n\n\n\n<h3 class=\"wp-block-heading\">\u00bfC\u00f3mo solicito el bono de primer dep\u00f3sito de Strendus?<\/h3>\n\n\n\n<p>Solamente realizas tu primer dep\u00f3sito, al momento de realizarlo eliges cu\u00e1l de todos los bonos por primer dep\u00f3sito quieres aprovechar, sea de Deportes, Casino, Deportes Virtuales o Loter\u00eda, por ejemplo.<\/p>\n\n\n\n<h3 class=\"wp-block-heading\">\u00bfC\u00f3mo rescato las ganancias del bono de Strendus?<\/h3>\n\n\n\n<p>Para convertir las eventuales ganancias con apuestas de bono, tienes que apostar 10 veces el monto del bono dentro de un per\u00edodo de 3 d\u00edas, al menos esas son las condiciones para el Bono Sin Dep\u00f3sito.<\/p>\n\n\n\n<h3 class=\"wp-block-heading\">\u00bfStrendus es de fiar?<\/h3>\n\n\n\n<p>Por supuesto que s\u00ed. Posee las licencias correspondientes y es una plataforma de apuestas segura, adem\u00e1s de confiable.<\/p>\n","protected":false},"excerpt":{"rendered":"<p>Strendus es una plataforma de apuestas online que en M\u00e9xico es furor. Ofrece en su casino en l\u00ednea los mejores juegos de los mejores proveedores como Play&#8217;n Go y Microgaming, por ejemplo. Mejorando sus servicios paulatinamente, este conocido sitio de apuestas se esfuerza por ser innovador. A eso nos referimos con el agregado de una &#8230; <a title=\"\u25b7 Strendus Bono Sin Dep\u00f3sito para M\u00e9xico con $1.000 MXN de regalo\" class=\"read-more\" href=\"https:\/\/supercuotas.gratis\/mx\/strendus-bono-sin-deposito\/\" aria-label=\"Leer m\u00e1s sobre \u25b7 Strendus Bono Sin Dep\u00f3sito para M\u00e9xico con $1.000 MXN de regalo\">Read more<\/a><\/p>\n","protected":false},"author":58,"featured_media":0,"parent":0,"menu_order":0,"comment_status":"closed","ping_status":"closed","template":"","meta":{"_uag_custom_page_level_css":"","generate_page_header":"","footnotes":""},"class_list":["post-15486","page","type-page","status-publish"],"uagb_featured_image_src":{"full":false,"thumbnail":false,"medium":false,"medium_large":false,"large":false,"1536x1536":false,"2048x2048":false},"uagb_author_info":{"display_name":"javier","author_link":"https:\/\/supercuotas.gratis\/mx\/author\/javier\/"},"uagb_comment_info":0,"uagb_excerpt":"Strendus es una plataforma de apuestas online que en M\u00e9xico es furor. Ofrece en su casino en l\u00ednea los mejores juegos de los mejores proveedores como Play&#8217;n Go y Microgaming, por ejemplo. Mejorando sus servicios paulatinamente, este conocido sitio de apuestas se esfuerza por ser innovador. A eso nos referimos con el agregado de una&hellip;","_links":{"self":[{"href":"https:\/\/supercuotas.gratis\/mx\/wp-json\/wp\/v2\/pages\/15486","targetHints":{"allow":["GET"]}}],"collection":[{"href":"https:\/\/supercuotas.gratis\/mx\/wp-json\/wp\/v2\/pages"}],"about":[{"href":"https:\/\/supercuotas.gratis\/mx\/wp-json\/wp\/v2\/types\/page"}],"author":[{"embeddable":true,"href":"https:\/\/supercuotas.gratis\/mx\/wp-json\/wp\/v2\/users\/58"}],"replies":[{"embeddable":true,"href":"https:\/\/supercuotas.gratis\/mx\/wp-json\/wp\/v2\/comments?post=15486"}],"version-history":[{"count":3,"href":"https:\/\/supercuotas.gratis\/mx\/wp-json\/wp\/v2\/pages\/15486\/revisions"}],"predecessor-version":[{"id":44553,"href":"https:\/\/supercuotas.gratis\/mx\/wp-json\/wp\/v2\/pages\/15486\/revisions\/44553"}],"wp:attachment":[{"href":"https:\/\/supercuotas.gratis\/mx\/wp-json\/wp\/v2\/media?parent=15486"}],"curies":[{"name":"wp","href":"https:\/\/api.w.org\/{rel}","templated":true}]}}