{"id":34227,"date":"2023-12-22T17:42:46","date_gmt":"2023-12-22T16:42:46","guid":{"rendered":"https:\/\/supercuotas.gratis\/?page_id=34227"},"modified":"2023-12-22T17:42:47","modified_gmt":"2023-12-22T16:42:47","slug":"sportium-bono-apuestas-combinadas-colombia-codigos-promocionales","status":"publish","type":"page","link":"https:\/\/supercuotas.gratis\/co\/sportium-bono-apuestas-combinadas-colombia-codigos-promocionales\/","title":{"rendered":"Sportium Bono Apuestas Combinadas \u00bb \u00a1$50.000 + Super Combis!"},"content":{"rendered":"\n<p>Presta atenci\u00f3n a nuestro sabio consejo de astuto apostador: <strong><a href=\"https:\/\/recor.to\/sportiumcolombia\" target=\"_blank\" rel=\"noreferrer noopener nofollow sponsored\">\u00a1Combina para ganar en Sportium Colombia!<\/a><\/strong> Porque el ingenio de predecir m\u00faltiples resultados deportivos al mismo tiempo te permitir\u00e1 incrementar tus premios hasta el cielo. Aprovecha el Bono de Bienvenida as\u00ed como los beneficios especiales para las Apuestas Combinadas en Sportium y estar\u00e1s muy cerca de la gloria. <strong>\u00a1Hasta $50.000 COP de bienvenida y Super Combis para tus Parlays dentro de la plataforma!<\/strong> Exprime al m\u00e1ximo tus valiosas oportunidades. <\/p>\n\n\n\n<figure class=\"wp-block-image size-large\"><a href=\"https:\/\/recor.to\/sportiumcolombia\" target=\"_blank\" rel=\"noreferrer noopener nofollow sponsored\"><img fetchpriority=\"high\" decoding=\"async\" width=\"1024\" height=\"266\" src=\"https:\/\/supercuotas.gratis\/wp-content\/uploads\/2023\/12\/sportium-bono-apuestas-combinadas-1-1024x266.webp\" alt=\"sportium bono apuestas combinadas\" class=\"wp-image-34241\" srcset=\"https:\/\/supercuotas.gratis\/wp-content\/uploads\/2023\/12\/sportium-bono-apuestas-combinadas-1-1024x266.webp 1024w, https:\/\/supercuotas.gratis\/wp-content\/uploads\/2023\/12\/sportium-bono-apuestas-combinadas-1-300x78.webp 300w, https:\/\/supercuotas.gratis\/wp-content\/uploads\/2023\/12\/sportium-bono-apuestas-combinadas-1-768x199.webp 768w, https:\/\/supercuotas.gratis\/wp-content\/uploads\/2023\/12\/sportium-bono-apuestas-combinadas-1.webp 1460w\" sizes=\"(max-width: 1024px) 100vw, 1024px\" \/><\/a><\/figure>\n\n\n\n<p>Es tiempo de lucir tu extensa sabidur\u00eda y tu pasi\u00f3n a tope por los deportes. Porque si hay una caracter\u00edstica que hermana y destaca al p\u00fablico colombiano es vivir los deportes, entre ellos el f\u00fatbol, el ciclismo, el boxeo y el beisbol como una aut\u00e9ntica raz\u00f3n de peso. <strong>\u00a1Y podr\u00e1s traducir todo este conocimiento en ganancias para tu bolsillo en la plataforma indicada como lo es Sportium!<\/strong> En el d\u00eda de la fecha, desde <strong>SuperCuotas.gratis<\/strong>, te acercaremos importantes beneficios para potenciar tus apuestas. <\/p>\n\n\n\n<p>\u00bfDe qu\u00e9 ir\u00e1 la presente nota entonces? Pues <strong>el principal punto ser\u00e1 enunciar los mejores beneficios para las Apuestas Combinadas en Sportium<\/strong>, como por ejemplo el fant\u00e1stico Bono de Bienvenida o la campa\u00f1a promocional &#8220;<strong>Super Combis<\/strong>&#8220;. Cada ocasi\u00f3n amerita tu conocimiento para estar en plena ventaja y con posibilidades reales de obtener las mieles del \u00e9xito. <\/p>\n\n\n\n<p><strong><a href=\"https:\/\/recor.to\/sportiumcolombia\" target=\"_blank\" rel=\"noreferrer noopener nofollow sponsored\">\u00danete a Sportium desde Colombia hoy mismo<\/a><\/strong> y obt\u00e9n una <strong>Oferta de Bienvenida de hasta $50.000 COP<\/strong> para colocar tus Apuestas Deportivas por todo lo alto en la plataforma. <strong>La puerta de entrada a la mejor Casa de Apuestas Deportivas y con servicio de Casino Online tambi\u00e9n.<\/strong> No queda excusa en pie y los argumentos para ser parte de la encantadora comunidad se acumulan delante de tus ojos. \u00bfCu\u00e1ntos d\u00edas m\u00e1s vas a dejar pasar? Es momento de poner manos a la obra y darle rienda suelta a tu alegr\u00eda y a tu pasi\u00f3n. <\/p>\n\n\n\n<h2 class=\"wp-block-heading\"><strong>\u00bfQu\u00e9 son las Apuestas Combinadas? \u00a1La posibilidad de ganar m\u00e1s dinero en Sportium!<\/strong><\/h2>\n\n\n\n<p>Previo a sumergirnos en se\u00f1alar algunos de los beneficios m\u00e1s relevantes, como el Bono de Bienvenida o &#8220;<strong>Super Combis<\/strong>&#8221; en Sportium, es necesario definir con precisi\u00f3n de qu\u00e9 se tratan <strong>las Apuestas Combinadas<\/strong>. Si ya eres un apostador experto puedes avanzar hacia m\u00e1s adelante en el art\u00edculo para encontrar la informaci\u00f3n que est\u00e1s buscando. <\/p>\n\n\n\n<p><strong>Las Apuestas Combinadas son todas aquellas apuestas que en su cup\u00f3n incluyen dos o m\u00e1s selecciones distintas.<\/strong> Pueden ser selecciones del mismo evento deportivo, de diferentes partidos o hasta de distintos deportes, a elecci\u00f3n de los usuarios. En la jerga de las Apuestas Deportivas, las Apuestas Combinadas llevan el nombre de igual modo de Apuestas M\u00faltiples o Parlay. <\/p>\n\n\n\n<div class=\"wp-block-buttons is-content-justification-center is-layout-flex wp-container-core-buttons-is-layout-16018d1d wp-block-buttons-is-layout-flex\">\n<div class=\"wp-block-button\"><a class=\"wp-block-button__link has-base-3-color has-text-color has-background has-link-color wp-element-button\" href=\"https:\/\/recor.to\/sportiumcolombia\" style=\"background-color:#f90000\" target=\"_blank\" rel=\"noreferrer noopener nofollow sponsored\">\u00a1QUIERO APOSTAR EN SPORTIUM!<\/a><\/div>\n<\/div>\n\n\n\n<p>Para que una Apuesta Combinada resulte ganadora es necesario acertar todos los pron\u00f3sticos del boleto. \u00bfCu\u00e1l es la ventaja irresistible de las Apuestas Combinadas? <strong>Tanto en Sportium como en cualquier otra plataforma, las Apuestas Combinadas permiten a los clientes ganar mucho m\u00e1s en sus pron\u00f3sticos.<\/strong> \u00bfPor qu\u00e9? Pues porque por cada selecci\u00f3n que agregas a tu cup\u00f3n, la cuota incrementa de forma exponencial. Por lo tanto, a m\u00e1s selecciones mucho mayor ser\u00e1 la cuota y la recompensa al ganar la apuesta. <\/p>\n\n\n\n<p>A modo de ejemplo sobre la ventaja de las Apuestas Combindas, dos selecciones con cuota 1,50 otorgan una cuota total de 2,25 en la plataforma de Sportium.<\/p>\n\n\n\n<p><em>\u00bfLo tuyo es el Casino y los juegos de azar? Tambi\u00e9n tenemos una invitaci\u00f3n para ti en <strong>SuperCuotas.gratis<\/strong>: <\/em><a href=\"https:\/\/supercuotas.gratis\/co\/sportium-bono-casino-codigos-promocionales-colombia\/\" target=\"_blank\" rel=\"noreferrer noopener\"><em>C\u00f3digos Promocionales v\u00e1lidos para activar beneficios en el Casino Online de Sportium Colombia. <\/em> <\/a><\/p>\n\n\n\n<figure class=\"wp-block-image size-large\"><a href=\"https:\/\/recor.to\/sportiumcolombia\" target=\"_blank\" rel=\"noreferrer noopener nofollow sponsored\"><img decoding=\"async\" width=\"1024\" height=\"280\" src=\"https:\/\/supercuotas.gratis\/wp-content\/uploads\/2023\/12\/sportium-oferta-para-combinadas-1024x280.webp\" alt=\"sportium oferta para combinadas\" class=\"wp-image-34283\" srcset=\"https:\/\/supercuotas.gratis\/wp-content\/uploads\/2023\/12\/sportium-oferta-para-combinadas-1024x280.webp 1024w, https:\/\/supercuotas.gratis\/wp-content\/uploads\/2023\/12\/sportium-oferta-para-combinadas-300x82.webp 300w, https:\/\/supercuotas.gratis\/wp-content\/uploads\/2023\/12\/sportium-oferta-para-combinadas-768x210.webp 768w, https:\/\/supercuotas.gratis\/wp-content\/uploads\/2023\/12\/sportium-oferta-para-combinadas.webp 1453w\" sizes=\"(max-width: 1024px) 100vw, 1024px\" \/><\/a><\/figure>\n\n\n\n<h2 class=\"wp-block-heading\"><strong>\u00a1Bono de Bienvenida a Sportium: Dobla tu primer dep\u00f3sito hasta $50.000 COP para Apuestas Deportivas!<\/strong><\/h2>\n\n\n\n<p>Entre los beneficios m\u00e1s destacados para <strong><a href=\"https:\/\/recor.to\/sportiumcolombia\" target=\"_blank\" rel=\"noreferrer noopener nofollow sponsored\">las Apuestas Combinadas en Sportium<\/a><\/strong> est\u00e1 el Bono de Bienvenida. \u00a1Promoci\u00f3n exclusiva para nuevos clientes que registran su cuenta desde Colombia!<\/p>\n\n\n\n<p>La Oferta de Bienvenida es un motivo m\u00e1s que se agrega a la extensa lista de cualidad para ser parte de la comunidad de Sportium y disfrutar como un verdadero profesional de las Apuestas Deportivas Online. <\/p>\n\n\n\n<p>El Bono de Bienvenida para las Apuestas Deportivas en Sportium entrega la oportunidad de duplicar el dep\u00f3sito inicial de los jugadores tras abrir su cuenta por primera vez. <strong>\u00a1100% de Bono extra para exprimir tu talento en los pron\u00f3sticos deportivos!<\/strong> Como ya hemos mencionado, el tope m\u00e1ximo de Bono de Bienvenida es de $50.000 COP extras de bonificaci\u00f3n. <\/p>\n\n\n\n<p>Para aplicar en la Promoci\u00f3n de Bienvenida es necesario registrar tu cuenta, dirigirte a la secci\u00f3n &#8220;<strong>Bonos<\/strong>&#8221; dentro de &#8220;<strong>Mi cuenta<\/strong>&#8221; y una vez all\u00ed introducir el c\u00f3digo promocional: <strong>DEPORTES<\/strong>. Al cumplir con estas breves instrucciones, simplemente resta realizar tu dep\u00f3sito de dinero inicial y disfrutar de la Apuesta Gratis de hasta $50.000 COP.<\/p>\n\n\n\n<p>Otra peque\u00f1a aclaraci\u00f3n es que, seg\u00fan las reglas del Bono de Bienvenida, <strong>es requisito apostar por lo menos dos veces el valor del dep\u00f3sito efectuado para obtener la Apuesta Gratis.<\/strong> Por ejemplo, si tu dep\u00f3sito fue de $50.000 COP deber\u00e1s apostar $100.000 COP en la plataforma para participar de la bonificaci\u00f3n.<\/p>\n\n\n\n<p><em>M\u00e1s beneficios para prestarle atenci\u00f3n: <a href=\"https:\/\/supercuotas.gratis\/co\/sportium-bono-apuestas-deportivas-codigos-promocionales-colombia\/\" target=\"_blank\" rel=\"noreferrer noopener\">Bonos y Promociones para las Apuestas Deportivas en el sitio de Sportium Colombia.<\/a><\/em><\/p>\n\n\n\n<h3 class=\"wp-block-heading has-text-align-center\"><strong>Super Combis en Sportium: \u00a1Gana hasta un 50% extra! <\/strong><\/h3>\n\n\n\n<p>Con el Bono de Bienvenida ya desmenuzado, es oportuno avanzar hacia la Promoci\u00f3n &#8220;<strong>Super Combis<\/strong>&#8221; en Sportium, beneficio ideal para potenciar al l\u00edmite las Apuestas Combinadas.<\/p>\n\n\n\n<p>Esta campa\u00f1a publicitaria de <strong><a href=\"https:\/\/recor.to\/sportiumcolombia\" rel=\"nofollow noopener sponsored\">Sportium<\/a><\/strong> es muy sencilla de comprender y mucho m\u00e1s a\u00fan de aprovechar. &#8220;<strong>Super Combis<\/strong>&#8221; ofrece la posibilidad a los usuarios de <strong>ganar hasta un 50% extra en su premio en Apuestas Combinadas<\/strong> de eventos, ligas o deportes seleccionadas por la plataforma. <\/p>\n\n\n\n<p>Para acceder a las &#8220;<strong>Super Combis<\/strong>&#8221; debes ingresar a la pesta\u00f1a &#8220;Promociones&#8221; y hacer clic sobre el bot\u00f3n &#8220;<strong>Participa aqu\u00ed<\/strong>&#8221; en la Oferta. Podr\u00e1s encontrar campa\u00f1a de &#8220;<strong>Super Combis<\/strong>&#8221; para los partidos y ligas Top de F\u00fatbol, para la NBA, para la NFL y para muchas otras competencias relevantes. <\/p>\n\n\n\n<p>Cada una de las &#8220;<strong>Super Combis<\/strong>&#8221; precisa de introducir un c\u00f3digo promocional especial. Al participar de la Promoci\u00f3n, Sportium propone un Bono extra por cada selecci\u00f3n que agregues a tu cup\u00f3n. La Oferta comienza con un Bono del 3% extra en combinadas con 3 selecciones hasta un Bono del 50% extra en m\u00faltiples de 20 o m\u00e1s selecciones. <\/p>\n\n\n\n<h3 class=\"wp-block-heading has-text-align-center\"><strong>Sportium: La excelencia en el entretenimiento Online<\/strong><\/h3>\n\n\n\n<p>Queremos cerrar esta nota con un an\u00e1lisis breve pero conciso sobre la Casa de Apuestas Deportivas de Sportium. A su vez, nos tomamos el atrevimiento de invitarte a visitar y leer el art\u00edculo exclusivo dedicado a la plataforma: <a href=\"https:\/\/supercuotas.gratis\/co\/sportium\/\" target=\"_blank\" rel=\"noreferrer noopener\">Rese\u00f1a e informaci\u00f3n general de Sportium en Colombia.<\/a><\/p>\n\n\n\n<p>Sportium es, en la actualidad, una de las marcas m\u00e1s reconocidas en el plano internacional de Apuestas Deportivas a trav\u00e9s de Internet. En el sitio web tambi\u00e9n podr\u00e1s disfrutar de un exquisito Casino en l\u00ednea para divertirte a lo grande.<\/p>\n\n\n\n<p>Muchas son las ventajas y las bondades de <strong><a href=\"https:\/\/recor.to\/sportiumcolombia\" rel=\"nofollow noopener sponsored\">la p\u00e1gina de Sportium<\/a><\/strong>. El juego y las apuestas con un enfoque realmente para agasajar a los clientes en cada paso. <strong>\u00a1Los usuarios son el coraz\u00f3n de la empresa y as\u00ed lo demuestra d\u00eda a d\u00eda Sportium!<\/strong><\/p>\n\n\n\n<p>Por encima de Bonos, Promociones y Ofertas especiales, <strong>Sportium le entrega a sus clientes un entorno ideal para apostar y jugar en Internet.<\/strong> Herramientas para favorecer la experiencia de juego y para permitirle a los usuarios un entretenimiento sano y responsable. Porque, lo m\u00e1s importante de todo, es divertirse de manera saludable y sin complicaciones. <\/p>\n\n\n\n<p>\u00a1Y con accesibilidad total desde cualquier dispositivo! Sportium es compatible con todos los dispositivos m\u00f3viles de la actualidad y estar conectado las 24 horas del d\u00eda no es una utop\u00eda. <\/p>\n\n\n\n<figure class=\"wp-block-image size-full\"><a href=\"https:\/\/recor.to\/sportiumcolombia\" target=\"_blank\" rel=\"noreferrer noopener nofollow sponsored\"><img decoding=\"async\" width=\"1004\" height=\"295\" src=\"https:\/\/supercuotas.gratis\/wp-content\/uploads\/2023\/12\/sportium-super-combis.webp\" alt=\"sportium super combis\" class=\"wp-image-34273\" srcset=\"https:\/\/supercuotas.gratis\/wp-content\/uploads\/2023\/12\/sportium-super-combis.webp 1004w, https:\/\/supercuotas.gratis\/wp-content\/uploads\/2023\/12\/sportium-super-combis-300x88.webp 300w, https:\/\/supercuotas.gratis\/wp-content\/uploads\/2023\/12\/sportium-super-combis-768x226.webp 768w\" sizes=\"(max-width: 1004px) 100vw, 1004px\" \/><\/a><\/figure>\n\n\n\n<h2 class=\"wp-block-heading\"><strong>Preguntas Frecuentes sobre el Bono de Bienvenida y m\u00e1s beneficios para las Apuestas Combinadas en Sportium Colombia<\/strong><\/h2>\n\n\n\n<div class=\"wp-block-rank-math-faq-block\"><div class=\"rank-math-faq-item\"><h3 class=\"rank-math-question\">\u00bfQu\u00e9 son las Apuestas Combinadas?<\/h3><div class=\"rank-math-answer\">Las Apuestas Combinadas son una de las modalidades m\u00e1s populares para apostar en l\u00ednea. Son todas aquellas apuestas con dos o m\u00e1s selecciones dentro del mismo cup\u00f3n.<\/div><\/div><div class=\"rank-math-faq-item\"><h3 class=\"rank-math-question\">\u00bfCu\u00e1l es la ventaja o la virtud principal de las Apuestas Combinadas en el sitio de Sportium? <\/h3><div class=\"rank-math-answer\">La principal virtud de las Combinadas es que por cada evento que agregues al cup\u00f3n, la cuota crecer\u00e1 exponencialmente y permitir\u00e1 premios mucho m\u00e1s grandes. <\/div><\/div><div class=\"rank-math-faq-item\"><h3 class=\"rank-math-question\">\u00bfQu\u00e9 beneficios propone Sportium espec\u00edficamente para las Apuestas Combinadas?<\/h3><div class=\"rank-math-answer\">Los clientes de Sportium podr\u00e1n aprovechar, por ejemplo, el Bono de Bienvenida o la campa\u00f1a &#8220;<strong>Super Combis<\/strong>&#8221; para obtener mayores r\u00e9ditos al colocar sus Apuestas Combinadas en la plataforma. <\/div><\/div><div class=\"rank-math-faq-item\"><h3 class=\"rank-math-question\">\u00bfDe qu\u00e9 trata el Bono de Bienvenida a Sportium?<\/h3><div class=\"rank-math-answer\">Es la Promoci\u00f3n exclusiva para los nuevos clientes que registran su cuenta por primera vez en Sportium Colombia.<\/div><\/div><div class=\"rank-math-faq-item\"><h3 class=\"rank-math-question\">\u00bfCu\u00e1l es la bonificaci\u00f3n del Bono de Bienvenida?<\/h3><div class=\"rank-math-answer\">El 100% extra en el primer dep\u00f3sito, hasta $50.000 COP en concepto de Apuesta Gratis para jugar en los deportes de Sportium. <\/div><\/div><div class=\"rank-math-faq-item\"><h3 class=\"rank-math-question\">\u00bfEn qu\u00e9 consiste la campa\u00f1a promocional &#8220;Super Combis&#8221;?<\/h3><div class=\"rank-math-answer\">Es un beneficio especial para las Apuestas Combinadas en Sportium. &#8220;<strong>Super Combis<\/strong>&#8221; otorga hasta un Bono extra del 50% en los premios de las Apuestas Combinadas para eventos, partidos, ligas y deportes seleccionados. <\/div><\/div><div class=\"rank-math-faq-item\"><h3 class=\"rank-math-question\">\u00bfPuedo jugar al Casino Online en Sportium?<\/h3><div class=\"rank-math-answer\">Si, as\u00ed es. Adem\u00e1s de servicio de Apuestas Deportivas, Sportium dispone de una plataforma repleta de juegos de casino.<\/div><\/div><\/div>\n","protected":false},"excerpt":{"rendered":"<p>Presta atenci\u00f3n a nuestro sabio consejo de astuto apostador: \u00a1Combina para ganar en Sportium Colombia! Porque el ingenio de predecir m\u00faltiples resultados deportivos al mismo tiempo te permitir\u00e1 incrementar tus premios hasta el cielo. Aprovecha el Bono de Bienvenida as\u00ed como los beneficios especiales para las Apuestas Combinadas en Sportium y estar\u00e1s muy cerca de &#8230; <a title=\"Sportium Bono Apuestas Combinadas \u00bb \u00a1$50.000 + Super Combis!\" class=\"read-more\" href=\"https:\/\/supercuotas.gratis\/co\/sportium-bono-apuestas-combinadas-colombia-codigos-promocionales\/\" aria-label=\"Read more about Sportium Bono Apuestas Combinadas \u00bb \u00a1$50.000 + Super Combis!\">Read more<\/a><\/p>\n","protected":false},"author":79,"featured_media":0,"parent":0,"menu_order":0,"comment_status":"closed","ping_status":"closed","template":"","meta":{"_uag_custom_page_level_css":"","generate_page_header":"","footnotes":""},"class_list":["post-34227","page","type-page","status-publish"],"uagb_featured_image_src":{"full":false,"thumbnail":false,"medium":false,"medium_large":false,"large":false,"1536x1536":false,"2048x2048":false},"uagb_author_info":{"display_name":"Jeronimo","author_link":"https:\/\/supercuotas.gratis\/co\/author\/jeronimo\/"},"uagb_comment_info":0,"uagb_excerpt":"Presta atenci\u00f3n a nuestro sabio consejo de astuto apostador: \u00a1Combina para ganar en Sportium Colombia! Porque el ingenio de predecir m\u00faltiples resultados deportivos al mismo tiempo te permitir\u00e1 incrementar tus premios hasta el cielo. Aprovecha el Bono de Bienvenida as\u00ed como los beneficios especiales para las Apuestas Combinadas en Sportium y estar\u00e1s muy cerca de&hellip;","_links":{"self":[{"href":"https:\/\/supercuotas.gratis\/co\/wp-json\/wp\/v2\/pages\/34227","targetHints":{"allow":["GET"]}}],"collection":[{"href":"https:\/\/supercuotas.gratis\/co\/wp-json\/wp\/v2\/pages"}],"about":[{"href":"https:\/\/supercuotas.gratis\/co\/wp-json\/wp\/v2\/types\/page"}],"author":[{"embeddable":true,"href":"https:\/\/supercuotas.gratis\/co\/wp-json\/wp\/v2\/users\/79"}],"replies":[{"embeddable":true,"href":"https:\/\/supercuotas.gratis\/co\/wp-json\/wp\/v2\/comments?post=34227"}],"version-history":[{"count":2,"href":"https:\/\/supercuotas.gratis\/co\/wp-json\/wp\/v2\/pages\/34227\/revisions"}],"predecessor-version":[{"id":34313,"href":"https:\/\/supercuotas.gratis\/co\/wp-json\/wp\/v2\/pages\/34227\/revisions\/34313"}],"wp:attachment":[{"href":"https:\/\/supercuotas.gratis\/co\/wp-json\/wp\/v2\/media?parent=34227"}],"curies":[{"name":"wp","href":"https:\/\/api.w.org\/{rel}","templated":true}]}}