{"id":33942,"date":"2023-12-21T19:02:25","date_gmt":"2023-12-21T18:02:25","guid":{"rendered":"https:\/\/supercuotas.gratis\/?page_id=33942"},"modified":"2023-12-21T19:02:27","modified_gmt":"2023-12-21T18:02:27","slug":"rushbet-nuevo-bono-apuestas-deportivas-especial-colombia","status":"publish","type":"page","link":"https:\/\/supercuotas.gratis\/co\/rushbet-nuevo-bono-apuestas-deportivas-especial-colombia\/","title":{"rendered":"Rushbet Bono Apuestas Deportivas \u00bb \u00a1$50 MIL de Bienvenida!"},"content":{"rendered":"\n<p>Para aquellos amantes de los deportes y los grandes eventos, tenemos para brindarles una grandiosa recomendaci\u00f3n. <strong>Ya que est\u00e1 disponible dentro de <a href=\"https:\/\/recor.to\/rushbet\" target=\"_blank\" rel=\"noreferrer noopener nofollow sponsored\">Rushbet <\/a>el bono para apuestas depo<\/strong>rtivas. El mismo te brindar\u00e1 la posibilidad de obtener un considerable aumento dentro de tus primeros ingresos. \u00a1Conoce con nosotros todo sobre el!<\/p>\n\n\n\n<figure class=\"wp-block-image size-full is-resized\"><a href=\"https:\/\/recor.to\/rushbet\" target=\"_blank\" rel=\"noreferrer noopener nofollow sponsored\"><img fetchpriority=\"high\" decoding=\"async\" width=\"879\" height=\"228\" src=\"https:\/\/supercuotas.gratis\/wp-content\/uploads\/2023\/12\/rushbet-bono-apuestas-deportivas.png\" alt=\"rushbet bono apuestas deportivas\" class=\"wp-image-33965\" style=\"width:1014px;height:auto\" srcset=\"https:\/\/supercuotas.gratis\/wp-content\/uploads\/2023\/12\/rushbet-bono-apuestas-deportivas.png 879w, https:\/\/supercuotas.gratis\/wp-content\/uploads\/2023\/12\/rushbet-bono-apuestas-deportivas-300x78.png 300w, https:\/\/supercuotas.gratis\/wp-content\/uploads\/2023\/12\/rushbet-bono-apuestas-deportivas-768x199.png 768w\" sizes=\"(max-width: 879px) 100vw, 879px\" \/><\/a><\/figure>\n\n\n\n<h2 class=\"wp-block-heading\">Vive la emoci\u00f3n de las apuestas, dentro de Rushbet<\/h2>\n\n\n\n<p><strong>Siempre es necesario repasar todo lo que podr\u00e1s hacer y llevar a cabo dentro de esta p\u00e1gina, antes de conocer sus beneficios<\/strong>. Es por eso, antes de centrarnos a hablar todo sobre el bono para apuestas deportivas de <a href=\"https:\/\/recor.to\/rushbet\" target=\"_blank\" rel=\"noreferrer noopener nofollow sponsored\">Rushbet<\/a>, debemos contarte sobre su sitio. De esta manera, podr\u00e1s conocer todo lo que hallar\u00e1s aqu\u00ed y realizar las mejores jugadas de todas. <\/p>\n\n\n\n<p><strong>Para empezar con este apartado, tienes que tener en cuenta que este es un sitio con casi once a\u00f1os de experiencia<\/strong>. El mismo fue fundado en el a\u00f1o 2012, para brindarles a todos y cada uno de los amantes del juego, un sitio donde jugar. Es por eso que al acceder dentro de esta casa, siempre encontrar\u00e1s lo mejor para ti. <\/p>\n\n\n\n<p>En cuanto a cuestiones de seguridad, tienes que tener en cuenta que este sitio, posee una gran variedad de normas. <strong>Estas mismas est\u00e1n dise\u00f1adas y aplicadas, para que cada uno de los socios de esta <a href=\"https:\/\/recor.to\/rushbet\" target=\"_blank\" rel=\"noreferrer noopener nofollow sponsored\">p\u00e1gina <\/a>est\u00e9n siempre resguardados<\/strong>. Para quienes deseen sacarse dudas sobre esta casa, siempre tendr\u00e1n el servicio de atenci\u00f3n al cliente. Este mismo estar\u00e1 disponible las 24 horas del d\u00eda. <\/p>\n\n\n\n<p>Para los que amen el entretenimiento y poder jugar y divertirte sin parar, aqu\u00ed tendr\u00e1s el gusto de acceder a un sin fin de juegos de apuestas. <strong>Los cuales son completamente seguros, ya que, los mismos son distribuidos por los mejores proveedores de juegos de <\/strong>azar. <\/p>\n\n\n\n<p>Claramente lo \u00fanico que hallar\u00e1s no ser\u00e1 el bono para apuestas deportivas de RushBet, sino que te topar\u00e1s con un sin de otras bonificaciones. <strong>Las mismas te dar\u00e1n la oportunidad de aumentar todos y cada uno de tus primeros dep\u00f3sitos en esta p\u00e1gina.<\/strong> Como todos los beneficios te dan aumentos de dinero, te dejaremos una <a href=\"https:\/\/supercuotas.gratis\/co\/rushbet-como-retirar-dinero-desde-colombia\/\" target=\"_blank\" rel=\"noreferrer noopener\">gu\u00eda para extraer cada una de tus ganancias<\/a>. <\/p>\n\n\n\n<h3 class=\"wp-block-heading\">Descubre los mejores sectores dentro de Rushbet<\/h3>\n\n\n\n<p>Para aprender y conocer todo sobre el bono para apuestas deportivas dentro de <a href=\"https:\/\/recor.to\/rushbet\" target=\"_blank\" rel=\"noreferrer noopener nofollow sponsored\">Rushbet<\/a>, es necesario conocer todos y cada uno de los sectores que hallar\u00e1s aqu\u00ed. <strong>Para que de esta manera, quienes no lo sepan, puedan acceder a conocerlos y saber si desean jugar dentro de esta p\u00e1gina<\/strong>. Ahora bien, no siempre encontrar\u00e1s lo que buscas pero no por eso tendr\u00e1s que desilusionarte. <\/p>\n\n\n\n<p>Teniendo en cuenta esto que hemos dicho, tambi\u00e9n queremos contarte un poco sobre la seguridad de estos juegos. <strong>Ya que todos y cada uno de ellos, son completamente seguros y no te traer\u00e1n ning\u00fan problema<\/strong>. Esto se debe a la diversidad de proveedores de apuestas, siendo todos y cada uno de ellos, sumamente seguros. <\/p>\n\n\n\n<p>No solo es gracias a estos distribuidores,<strong> sino que tambi\u00e9n a las licencias de apuestas, que este sitio posee, est\u00e1n completamente al d\u00eda<\/strong>. Haciendo de esta <a href=\"https:\/\/recor.to\/rushbet\" target=\"_blank\" rel=\"noreferrer noopener nofollow sponsored\">p\u00e1gina<\/a>, un lugar seguro para realizar todas y cada una de tus jugadas. <\/p>\n\n\n\n<p><strong>Apuestas Deportivas:<\/strong> cuando accedas dentro de esta sector, tendr\u00e1s la posibilidad de utilizar el bono dentro de Rushbet para apuestas deportivas. Este mismo te permitir\u00e1 jugar y apostar en los distintos eventos deportivos que esta p\u00e1gina posee. <\/p>\n\n\n\n<p><strong>Casino:<\/strong> para quienes deseen acceder a un entretenimiento sumamente ilimitado, este ser\u00e1 su sector favorito. Ya que dentro de este apartado, tendr\u00e1n la posibilidad de toparse con los mejores slots de todos. <\/p>\n\n\n\n<p><strong>Casino en vivo:<\/strong> siempre es bueno relajarse e imaginar que no te encuentras en tu casa, es por eso que est\u00e1 este sector. El mismo te har\u00e1 sentir en un casino real con las mejores mesas de ruleta, blackjack, poker, entre otras opciones. <\/p>\n\n\n\n<h2 class=\"wp-block-heading\">Antes de obtener tu bono para apuestas deportivas de Rushbet, debes registrarte<\/h2>\n\n\n\n<p>Ahora que ya hemos conocido todos los aspectos de los sectores, <strong>dentro de esta p\u00e1gina de apuestas, ser\u00e1 el momento de aprender a <a href=\"https:\/\/recor.to\/rushbet\" target=\"_blank\" rel=\"noreferrer noopener nofollow sponsored\">completar el registro<\/a><\/strong>. Esto se debe a algo sumamente importante, ya que en el caso que no seas usuario de esta p\u00e1gina, no podr\u00e1s reclamar este beneficio. <\/p>\n\n\n\n<p>Claramente, es de conocimiento publico, que este proceso es sumamente sencillo de llevar a cabo. Ya que dentro de este sitio de apuestas, podr\u00e1s acceder a una interfaz completamente sencilla de llevar a cabo.<strong> La misma est\u00e1 pensada para que todos los usuarios puedan llevar a cabo este proceso de forma r\u00e1pida y simple.<\/strong> En otras palabras, este proceso te llevar\u00e1 tan solo cinco minutos. <\/p>\n\n\n\n<p>Antes de centrarnos a explicarte como registrarse a este sitio, ser\u00e1 necesario darte una recomendaci\u00f3n. <strong>Si bien no hemos hablado demasiado de esta casa, tenemos algo para ti.<\/strong> Esto se debe a que uno de nuestros escritores, ha creado un <a href=\"https:\/\/supercuotas.gratis\/co\/rushbet\/\" target=\"_blank\" rel=\"noreferrer noopener\">escrito analizando todo lo que hallar\u00e1s en esta casa de apuestas<\/a>. <\/p>\n\n\n\n<p>Luego de tener esta gran iniciativa, <strong>queremos contarte que solamente tendr\u00e1s la posibilidad de acceder a un solo usuario por direcci\u00f3n de IP. <\/strong>En el caso que intentes volver a realizar este proceso, el sitio no te lo permitir\u00e1 de ninguna manera. Sin excepciones a esta estricta norma. <\/p>\n\n\n\n<p>Para acceder a un usuario dentro de este sitio, <strong>deber\u00e1s seguir los siguientes pasos<\/strong>:<\/p>\n\n\n\n<ul class=\"wp-block-list\">\n<li>Lo primero que deber\u00e1s realizar es, <strong>acceder dentro de <a href=\"https:\/\/recor.to\/rushbet\" target=\"_blank\" rel=\"noreferrer noopener nofollow sponsored\">Rushbet<\/a>. <\/strong><\/li>\n\n\n\n<li>Cuando hayas accedido dentro de esta p\u00e1gina, deber\u00e1s dirigirte a la esquina superior derecha y <strong>hacer clic donde dice &#8220;crear cuenta&#8221;. <\/strong><\/li>\n\n\n\n<li>Al momento de llevar a cabo este paso, <strong>se abrir\u00e1 un formulario de inscripci\u00f3n<\/strong>. <\/li>\n\n\n\n<li>Este mismo tendr\u00e1 que ser <strong>completado con los datos solicitados<\/strong>. <\/li>\n\n\n\n<li>Finalizado cada uno de estos pasos, <strong>solo restar\u00e1 aceptar las condiciones de este sitio<\/strong>.<\/li>\n\n\n\n<li>Luego de realizar lo mencionado, <strong>ya ser\u00e1s parte de Rushbet.<\/strong><\/li>\n<\/ul>\n\n\n\n<figure class=\"wp-block-image size-large\"><a href=\"https:\/\/recor.to\/rushbet\" target=\"_blank\" rel=\"noreferrer noopener nofollow sponsored\"><img decoding=\"async\" width=\"1024\" height=\"469\" src=\"https:\/\/supercuotas.gratis\/wp-content\/uploads\/2023\/12\/rushbet-bono-deportes-1024x469.png\" alt=\"rushbet bono deportes\" class=\"wp-image-34007\" srcset=\"https:\/\/supercuotas.gratis\/wp-content\/uploads\/2023\/12\/rushbet-bono-deportes-1024x469.png 1024w, https:\/\/supercuotas.gratis\/wp-content\/uploads\/2023\/12\/rushbet-bono-deportes-300x137.png 300w, https:\/\/supercuotas.gratis\/wp-content\/uploads\/2023\/12\/rushbet-bono-deportes-768x352.png 768w, https:\/\/supercuotas.gratis\/wp-content\/uploads\/2023\/12\/rushbet-bono-deportes.png 1358w\" sizes=\"(max-width: 1024px) 100vw, 1024px\" \/><\/a><\/figure>\n\n\n\n<h2 class=\"wp-block-heading\">Aprende todo sobre el bono para apuestas deportivas de Rushbet<\/h2>\n\n\n\n<p>Hemos llegado hasta aqu\u00ed y ser\u00e1 el momento m\u00e1s importante de este escrito, ya que tendr\u00e1s la posibilidad de aprender todo sobre este bono. <strong>Ya has conocido todo lo que podr\u00e1s encontrar en esta <a href=\"https:\/\/recor.to\/rushbet\" target=\"_blank\" rel=\"noreferrer noopener nofollow sponsored\">casa<\/a>, y aprendido a como completar el registro en este sitio<\/strong>. Ahora no nos andaremos con m\u00e1s rodeos, para que puedas completar la obtenci\u00f3n de esta bonificaci\u00f3n. <\/p>\n\n\n\n<p>Pero antes de acceder a explicarte cada uno de estos beneficios, queremos hacerte unas aclaraciones. <strong>Las mismas te dar\u00e1n la posibilidad de simplificar un sin fin de obst\u00e1culos para reclamar tus beneficios<\/strong>. Ya que dentro de esta casa de apuestas, tendr\u00e1s la oportunidad de reclamar distintos beneficios. <\/p>\n\n\n\n<p>Cuando ingreses a esta <a href=\"https:\/\/recor.to\/rushbet\" target=\"_blank\" rel=\"noreferrer noopener nofollow sponsored\">p\u00e1gina<\/a>, tendr\u00e1s la posibilidad de toparte con dos bonificaciones. <strong>Estas son los bonos de bienvenida y las promociones, siendo todas y cada una de ellas, completamente distintas entre si<\/strong>. En el caso de las promociones, ser\u00e1n para todos los usuarios registrados, sin excepciones. <\/p>\n\n\n\n<p>En el caso de los bonos de bienvenida, ser\u00e1n para todos y cada uno de los usuarios que se han registrado por primera vez. <strong>En el caso de no cumplir con esta condici\u00f3n, no podr\u00e1s completar la obtenci\u00f3n del mismo<\/strong>. En esta ocasi\u00f3n el bono para apuestas deportivas de Rushbet, es una bonificaci\u00f3n de bienvenida. <\/p>\n\n\n\n<p>Ahora que ya sabes todo lo previo, tienes que tener en cuenta que este beneficio te <strong>brindar\u00e1 el 100% de tu primer dep\u00f3sito hasta $50.000, para realizar las mejores jugadas de todas<\/strong>. Para poder acceder a reclamar esta bonificaci\u00f3n, tendr\u00e1s que ingresar el c\u00f3digo promocional &#8220;DEPORTES&#8221;.<\/p>\n\n\n\n<h2 class=\"wp-block-heading\">Aprende los m\u00e9todos de pago, para obtener tu bono para apuestas deportivas de Rushbet<\/h2>\n\n\n\n<p>Luego de conocer todos y cada uno de los beneficios que te brindar\u00e1 el bono para apuestas deportivas, <strong>dentro de Rushbet, ser\u00e1 el momento de conocer las formas de dep\u00f3sito<\/strong>. Para que de esta manera, puedas reclamar estos beneficios. Ya que en el caso que no ingreses dinero, no podr\u00e1s obtener el bono. <\/p>\n\n\n\n<p>Antes de explicarte de forma detallada todas estas modalidades de pago, queremos brindarte una ultima recomendaci\u00f3n. <strong>Esta misma ser\u00e1 para el bono para casino, que solamente podr\u00e1s obtener en este sitio de apuestas<\/strong>. Para que puedas reclamar correctamente esta bonificaci\u00f3n, te dejaremos este <a href=\"https:\/\/supercuotas.gratis\/co\/rushbet-bono-casino-especial-colombia\/\" target=\"_blank\" rel=\"noreferrer noopener\">tutorial paso a paso para hacerte con este bono<\/a>. <\/p>\n\n\n\n<p>Tienes que saber que dentro de esta casa de apuestas, tendr\u00e1s la posibilidad de acceder a una gran variedad de formas de pago. <strong>Ten en cuenta que todas estas modalidades de dep\u00f3sito, son sumamente seguras<\/strong>. Esto se debe a que est\u00e1n distribuidas por los mejores bancos de Colombia. <\/p>\n\n\n\n<p>Dentro de RushBet, <strong>encontrar\u00e1s las siguientes formas de ingreso:<\/strong><\/p>\n\n\n\n<ul class=\"wp-block-list\">\n<li>Visa<\/li>\n\n\n\n<li>MasterCard<\/li>\n<\/ul>\n\n\n\n<figure class=\"wp-block-image size-large\"><a href=\"https:\/\/recor.to\/rushbet\" target=\"_blank\" rel=\"noreferrer noopener nofollow sponsored\"><img decoding=\"async\" width=\"1024\" height=\"442\" src=\"https:\/\/supercuotas.gratis\/wp-content\/uploads\/2023\/12\/rushbet-oferta-apuestas-deportivas-1024x442.png\" alt=\"rushbet oferta apuestas deportivas\" class=\"wp-image-34019\" srcset=\"https:\/\/supercuotas.gratis\/wp-content\/uploads\/2023\/12\/rushbet-oferta-apuestas-deportivas-1024x442.png 1024w, https:\/\/supercuotas.gratis\/wp-content\/uploads\/2023\/12\/rushbet-oferta-apuestas-deportivas-300x129.png 300w, https:\/\/supercuotas.gratis\/wp-content\/uploads\/2023\/12\/rushbet-oferta-apuestas-deportivas-768x331.png 768w, https:\/\/supercuotas.gratis\/wp-content\/uploads\/2023\/12\/rushbet-oferta-apuestas-deportivas.png 1366w\" sizes=\"(max-width: 1024px) 100vw, 1024px\" \/><\/a><\/figure>\n\n\n<p>[ratings]<\/p>\n\n\n\n<div class=\"wp-block-rank-math-faq-block\"><div class=\"rank-math-faq-item\"><h3 class=\"rank-math-question\">\u00bfQu\u00e9 es Rushbet?<\/h3><div class=\"rank-math-answer\">Este es un sitio de apuestas sumamente l\u00edder dentro de Colombia, donde podr\u00e1s realizar grandes jugadas.<\/div><\/div><div class=\"rank-math-faq-item\"><h3 class=\"rank-math-question\">\u00bfQu\u00e9 hallar\u00e9 en este sitio?<\/h3><div class=\"rank-math-answer\">Podr\u00e1s acceder a una gran variedad de bonos, promociones y juegos de azar.<\/div><\/div><div class=\"rank-math-faq-item\"><h3 class=\"rank-math-question\">\u00bfContar\u00e9 con beneficios en este sitio?<\/h3><div class=\"rank-math-answer\">Si, claro que si, ya que hallar\u00e1s el bono para apuestas deportivas de Rushbet. <\/div><\/div><div class=\"rank-math-faq-item\"><h3 class=\"rank-math-question\">\u00bfTodos podr\u00e1n acceder a este bono?<\/h3><div class=\"rank-math-answer\">Claro que si, pero tendr\u00e1s que cumplir con una condici\u00f3n. Esta es ser usuario nuevo de esta casa.<\/div><\/div><div class=\"rank-math-faq-item\"><h3 class=\"rank-math-question\">\u00bfEs necesario ser usuario para obtener este beneficio?<\/h3><div class=\"rank-math-answer\">En el caso que no est\u00e9s registrado, no podr\u00e1s obtener este bono.<\/div><\/div><div class=\"rank-math-faq-item\"><h3 class=\"rank-math-question\">\u00bfEs seguro este sitio?<\/h3><div class=\"rank-math-answer\">Si, ya que cuenta con grandes normas de seguridad.<\/div><\/div><div class=\"rank-math-faq-item\"><h3 class=\"rank-math-question\">\u00bfDebo ser mayor para ser usuario?<\/h3><div class=\"rank-math-answer\">Si, sino eres mayor de edad, no te podr\u00e1s registrar.<\/div><\/div><\/div>\n","protected":false},"excerpt":{"rendered":"<p>Para aquellos amantes de los deportes y los grandes eventos, tenemos para brindarles una grandiosa recomendaci\u00f3n. Ya que est\u00e1 disponible dentro de Rushbet el bono para apuestas deportivas. El mismo te brindar\u00e1 la posibilidad de obtener un considerable aumento dentro de tus primeros ingresos. \u00a1Conoce con nosotros todo sobre el! Vive la emoci\u00f3n de las &#8230; <a title=\"Rushbet Bono Apuestas Deportivas \u00bb \u00a1$50 MIL de Bienvenida!\" class=\"read-more\" href=\"https:\/\/supercuotas.gratis\/co\/rushbet-nuevo-bono-apuestas-deportivas-especial-colombia\/\" aria-label=\"Read more about Rushbet Bono Apuestas Deportivas \u00bb \u00a1$50 MIL de Bienvenida!\">Read more<\/a><\/p>\n","protected":false},"author":74,"featured_media":0,"parent":0,"menu_order":0,"comment_status":"closed","ping_status":"closed","template":"","meta":{"_uag_custom_page_level_css":"","generate_page_header":"","footnotes":""},"class_list":["post-33942","page","type-page","status-publish"],"uagb_featured_image_src":{"full":false,"thumbnail":false,"medium":false,"medium_large":false,"large":false,"1536x1536":false,"2048x2048":false},"uagb_author_info":{"display_name":"Facundo","author_link":"https:\/\/supercuotas.gratis\/co\/author\/facundo\/"},"uagb_comment_info":0,"uagb_excerpt":"Para aquellos amantes de los deportes y los grandes eventos, tenemos para brindarles una grandiosa recomendaci\u00f3n. Ya que est\u00e1 disponible dentro de Rushbet el bono para apuestas deportivas. El mismo te brindar\u00e1 la posibilidad de obtener un considerable aumento dentro de tus primeros ingresos. \u00a1Conoce con nosotros todo sobre el! Vive la emoci\u00f3n de las&hellip;","_links":{"self":[{"href":"https:\/\/supercuotas.gratis\/co\/wp-json\/wp\/v2\/pages\/33942","targetHints":{"allow":["GET"]}}],"collection":[{"href":"https:\/\/supercuotas.gratis\/co\/wp-json\/wp\/v2\/pages"}],"about":[{"href":"https:\/\/supercuotas.gratis\/co\/wp-json\/wp\/v2\/types\/page"}],"author":[{"embeddable":true,"href":"https:\/\/supercuotas.gratis\/co\/wp-json\/wp\/v2\/users\/74"}],"replies":[{"embeddable":true,"href":"https:\/\/supercuotas.gratis\/co\/wp-json\/wp\/v2\/comments?post=33942"}],"version-history":[{"count":2,"href":"https:\/\/supercuotas.gratis\/co\/wp-json\/wp\/v2\/pages\/33942\/revisions"}],"predecessor-version":[{"id":34029,"href":"https:\/\/supercuotas.gratis\/co\/wp-json\/wp\/v2\/pages\/33942\/revisions\/34029"}],"wp:attachment":[{"href":"https:\/\/supercuotas.gratis\/co\/wp-json\/wp\/v2\/media?parent=33942"}],"curies":[{"name":"wp","href":"https:\/\/api.w.org\/{rel}","templated":true}]}}