{"id":33920,"date":"2023-12-21T22:38:05","date_gmt":"2023-12-21T21:38:05","guid":{"rendered":"https:\/\/supercuotas.gratis\/?page_id=33920"},"modified":"2023-12-21T22:41:10","modified_gmt":"2023-12-21T21:41:10","slug":"rushbet-como-retirar-dinero-desde-colombia","status":"publish","type":"page","link":"https:\/\/supercuotas.gratis\/co\/rushbet-como-retirar-dinero-desde-colombia\/","title":{"rendered":"Rushbet como Retirar Dinero | Retiros SIN Comisiones"},"content":{"rendered":"\n<p>\u00bfTus apuestas resultaron ganadoras y no sabes de qu\u00e9 manera cobrar los premios? En el art\u00edculo de hoy te explicaremos <strong>c\u00f3mo retirar dinero de Rushbet, una de las plataformas m\u00e1s atractivas de Colombia y toda Latinoam\u00e9rica.<\/strong> Si eres nuevo, <a href=\"https:\/\/recor.to\/rushbet\" target=\"_blank\" data-type=\"link\" data-id=\"https:\/\/recor.to\/rushbet\" rel=\"noreferrer noopener nofollow sponsored\">reg\u00edstrate y solicita un magn\u00edfico bono de bienvenida.<\/a><\/p>\n\n\n\n<figure class=\"wp-block-image size-full is-resized\"><a href=\"https:\/\/recor.to\/rushbet\" target=\"_blank\" rel=\"noreferrer noopener nofollow sponsored\"><img fetchpriority=\"high\" decoding=\"async\" width=\"1024\" height=\"605\" src=\"https:\/\/supercuotas.gratis\/wp-content\/uploads\/2023\/12\/RUSHBET-como-retirar-dinero-2.png\" alt=\"\" class=\"wp-image-34043\" style=\"width:897px;height:auto\" srcset=\"https:\/\/supercuotas.gratis\/wp-content\/uploads\/2023\/12\/RUSHBET-como-retirar-dinero-2.png 1024w, https:\/\/supercuotas.gratis\/wp-content\/uploads\/2023\/12\/RUSHBET-como-retirar-dinero-2-300x177.png 300w, https:\/\/supercuotas.gratis\/wp-content\/uploads\/2023\/12\/RUSHBET-como-retirar-dinero-2-768x454.png 768w\" sizes=\"(max-width: 1024px) 100vw, 1024px\" \/><\/a><\/figure>\n\n\n\n<h2 class=\"wp-block-heading\">Breve introducci\u00f3n al m\u00e1gico mundo Rushbet<\/h2>\n\n\n\n<p><strong>Galardonada como<\/strong>&nbsp;<strong>la mejor casa de apuestas de Latinoam\u00e9rica en 2021<\/strong>, <a href=\"https:\/\/recor.to\/rushbet\" data-type=\"link\" data-id=\"https:\/\/recor.to\/rushbet\" target=\"_blank\" rel=\"noreferrer noopener nofollow sponsored\">Rushbet <\/a>es uno de los sitios favoritos del p\u00fablico de Colombia. Entre todas sus ventajas, podemos destacar la comodidad que ofrece al momento de retirar dinero. Y lo mejor de todo: \u00a1Sin COMISIONES! Evita los dolores de cabeza.<strong> \u00a1Apuesta, gana y saca tus ganancias en segundos!<\/strong><\/p>\n\n\n\n<p><strong>Calidad, seguridad y transparencia son los valores<\/strong> que le han permitido ser reconocida por los colombianos como una plataforma s\u00f3lida y confiable. Rushbet tiene<strong> licencia emitida por Coljuegos <\/strong>y todos los productos han pasado los controles de calidad a cargo de Gaming Laboratories International (GLI). <\/p>\n\n\n\n<p>Asimismo, esta empresa <strong>se compromete a cuidar tus datos<\/strong> para mantenerlos fuera del alcance de terceros. Para m\u00e1s detalles, consulta la <strong>Pol\u00edtica de Tratamiento de Datos<\/strong>&nbsp;y los&nbsp;<strong>T\u00e9rminos y Condiciones<\/strong> en la p\u00e1gina web. All\u00ed encontrar\u00e1s todo lo que necesitas saber sobre el manejo de la informaci\u00f3n suministrada por los clientes.<\/p>\n\n\n\n<p>Antes de hablar sobre como retirar dinero y los m\u00e9todos de pago disponibles en Rushbet, queremos contarte que <strong>los nuevos usuarios de la casa tienen acceso a promociones estupendas.<\/strong> Asimismo, los jugadores existentes pueden obtener un mont\u00f3n de beneficios tanto en apuestas deportivas como en juegos de casino. Luego abordaremos las ofertas m\u00e1s destacadas, pero puedes revisar esta <a href=\"https:\/\/supercuotas.gratis\/co\/rushbet\/\" target=\"_blank\" data-type=\"link\" data-id=\"https:\/\/supercuotas.gratis\/co\/rushbet\/\" rel=\"noreferrer noopener\">Rese\u00f1a completa<\/a> para adentrarte en ellas. \u00a1Acomp\u00e1\u00f1anos a descubrir todas las ventajas de la casa!<\/p>\n\n\n\n<h2 class=\"wp-block-heading\">\u00bfC\u00f3mo retirar dinero de Rushbet?<\/h2>\n\n\n\n<h3 class=\"wp-block-heading\">Como retirar dinero de Rushbet en efectivo<\/h3>\n\n\n\n<p>Rushbet desea que tengas una gran experiencia al momento de retirar dinero de tu cuenta. En ese sentido,<strong> brinda soluciones de pago confiables que contribuyen al bienestar y la comodidad de los usuarios.<\/strong> Puedes utilizar transferencia bancaria o dirigirte directamente a uno de los locales o aliados de la plataforma para extraer el efectivo. <\/p>\n\n\n\n<p>En primer lugar,<a href=\"https:\/\/recor.to\/rushbet\" target=\"_blank\" rel=\"noreferrer noopener nofollow sponsored\"> <\/a><a href=\"https:\/\/recor.to\/rushbet\" target=\"_blank\" data-type=\"link\" data-id=\"https:\/\/recor.to\/rushbet\" rel=\"noreferrer noopener nofollow sponsored\">inicia sesi\u00f3n en tu cuenta Rushbet, <\/a>ve a la secci\u00f3n <strong>&#8220;Cajero&#8221;<\/strong> y haz click en la opci\u00f3n <strong>&#8220;Retirar&#8221;<\/strong>. A continuaci\u00f3n, selecciona alguno de los m\u00e9todos de pago que presentaremos a continuaci\u00f3n. Despu\u00e9s de indicar el monto que quieras retirar, el sitio te arrojar\u00e1 un c\u00f3digo PIN. Entonces, deber\u00e1s dir\u00edgete a un local f\u00edsico para realizar el cobro propiamente dicho:<\/p>\n\n\n\n<ul class=\"wp-block-list\">\n<li><strong>Efecty<\/strong>: esta&nbsp;red tiene m\u00e1s de&nbsp;9.000 puntos de atenci\u00f3n en todo el pa\u00eds y es uno de los m\u00e9todos m\u00e1s usados por el p\u00fablico colombiano para realizar compras y pagar facturas. Dir\u00edgete con tu c\u00e9dula al punto Efecty m\u00e1s cercano a tu domicilio. Debes entregarle este documento al cajero, colocar tu dedo en el lector de huella digital y luego indicar el PIN de retiro. El agente te dar\u00e1 el dinero con su respectivo recibo.<\/li>\n<\/ul>\n\n\n\n<ul class=\"wp-block-list\">\n<li><strong>Grupo \u00c9xito (\u00c9xito, \u00c9xito Express , Carulla , Surtimax , Superinter , Surtimayorista)<\/strong>: Rushbet est\u00e1 asociado con una de las compa\u00f1\u00edas multilatinas l\u00edder del sector retail. Por lo tanto, puedes dirigirte a cualquier sucursal para retirar dinero de tu cuenta. Te solicitar\u00e1n la c\u00e9dula original y el PIN de retiro. \u00a1As\u00ed de sencillo!<\/li>\n<\/ul>\n\n\n\n<ul class=\"wp-block-list\">\n<li><strong>Puntored<\/strong>: esta empresa le permite a la poblaci\u00f3n no bancarizada acceder a servicios financieros. Tan s\u00f3lo debes acercarte al negocio m\u00e1s cercano e informar tu PIN y junto al n\u00famero de c\u00e9dula. Espera que el operador procese la transacci\u00f3n para luego recibir la tirilla de pago y el dinero.<\/li>\n<\/ul>\n\n\n\n<ul class=\"wp-block-list\">\n<li><strong>La Rebaja<\/strong>: es la cadena de farmacias y droguer\u00eda m\u00e1s importante de Colombia, la cual permite depositar y retirar dinero en efectivo. Nuevamente, deber\u00e1s indicar tu n\u00famero de c\u00e9dula junto al PIN de retiro. Confirma el monto a pagar y disfruta tus ganancias.<\/li>\n<\/ul>\n\n\n\n<ul class=\"wp-block-list\">\n<li><strong>Locales Rushbet<\/strong>: encuentra el punto m\u00e1s cercano a t\u00ed y ac\u00e9rcate con tu c\u00e9dula original y el PIN de retiro. Indica que quieres hacer un retiro y proporciona tu PIN de retiro y c\u00e9dula. Confirma el monto del retiro y solicita el recibo para m\u00e1s seguridad. <\/li>\n<\/ul>\n\n\n\n<figure class=\"wp-block-image size-full\"><a href=\"https:\/\/recor.to\/rushbet\" target=\"_blank\" rel=\"noreferrer noopener nofollow sponsored\"><img decoding=\"async\" width=\"1021\" height=\"540\" src=\"https:\/\/supercuotas.gratis\/wp-content\/uploads\/2023\/12\/rushbet-metodos-de-retiro.png\" alt=\"rushbet m\u00e9todos de retiro\" class=\"wp-image-34063\" srcset=\"https:\/\/supercuotas.gratis\/wp-content\/uploads\/2023\/12\/rushbet-metodos-de-retiro.png 1021w, https:\/\/supercuotas.gratis\/wp-content\/uploads\/2023\/12\/rushbet-metodos-de-retiro-300x159.png 300w, https:\/\/supercuotas.gratis\/wp-content\/uploads\/2023\/12\/rushbet-metodos-de-retiro-768x406.png 768w\" sizes=\"(max-width: 1021px) 100vw, 1021px\" \/><\/a><\/figure>\n\n\n\n<h3 class=\"wp-block-heading\">Como retirar dinero de Rushbet por transferencia bancaria<\/h3>\n\n\n\n<p>Si deseas hacer un retiro directamente a tu cuenta bancaria<strong>, puedes transferir el dinero desde la comodidad de tu ordenador o dispositivo m\u00f3vil.<\/strong> \u00a1Sigue estos pasos!<\/p>\n\n\n\n<ol class=\"wp-block-list\">\n<li>Para comenzar, <a href=\"https:\/\/recor.to\/rushbet\" target=\"_blank\" data-type=\"link\" data-id=\"https:\/\/recor.to\/rushbet\" rel=\"noreferrer noopener nofollow sponsored\">inicia sesi\u00f3n en tu cuenta Rushbet.<\/a><\/li>\n\n\n\n<li>Pulsa la opci\u00f3n&nbsp;<strong>&#8220;Cajero&#8221;&nbsp;<\/strong>en la esquina superior derecha.<\/li>\n\n\n\n<li>Selecciona el bot\u00f3n<strong>&nbsp;&#8220;Retirar&#8221;<\/strong>.<\/li>\n\n\n\n<li>Escoge <strong>&#8220;Transferencia Bancaria&#8221;<\/strong> en la lista de m\u00e9todos de pago disponibles.<\/li>\n\n\n\n<li>Indica la cantidad que quieras retirar, ya sea la totalidad del dinero retirable o parte de ella.<\/li>\n\n\n\n<li>Completa la informaci\u00f3n de tu cuenta bancaria. Verifica que todos los datos est\u00e9n correctos antes de confirmar la solicitud.<\/li>\n<\/ol>\n\n\n\n<p>En caso de que tengas alguna duda sobre el proceso de retiro o encuentres un problema en la p\u00e1gina, ponte en contacto de inmediato con el servicio de atenci\u00f3n al cliente. Utiliza el<strong> chat en vivo disponible en la plataforma o escribe a soporte@rushbet.co. <\/strong>Te ayudar\u00e1 un equipo formado por especialistas capacitados y s\u00faper predispuestos. El sitio tambi\u00e9n tiene una <a href=\"https:\/\/recor.to\/rushbet\" target=\"_blank\" data-type=\"link\" data-id=\"https:\/\/recor.to\/rushbet\" rel=\"noreferrer noopener nofollow sponsored\">secci\u00f3n de Preguntas Frecuentes<\/a> muy completa.<\/p>\n\n\n\n<h3 class=\"wp-block-heading\">Informaci\u00f3n importante sobre retiros en Rushbet<\/h3>\n\n\n\n<ul class=\"wp-block-list\">\n<li><strong>El c\u00f3digo PIN <\/strong>enviado a tu correo tendr\u00e1 una<strong> duraci\u00f3n de 10 d\u00edas calendario<\/strong>. \u00a1Ap\u00farate a cobrar antes de que expire!<\/li>\n\n\n\n<li>Adem\u00e1s, <strong>aseg\u00farate de liberar un bono activo antes de solicitar un retiro,<\/strong> ya que de lo contrario perder\u00e1s el bono y las ganancias asociadas al mismo. <\/li>\n\n\n\n<li>Las solicitudes de retiro&nbsp;suelen ser procesadas en 12 horas h\u00e1biles como m\u00e1ximo, aunque depender\u00e1 del m\u00e9todo que hayas elegido.<\/li>\n\n\n\n<li>Si deseas <strong>cancelar una solicitud de retiro,<\/strong> deber\u00e1s ir a la secci\u00f3n&nbsp;<strong>&#8220;Retiros pendientes&#8221;<\/strong>, buscar el retiro correspondiente y hacer click en &#8220;Cancelar&#8221;. Desde luego, s\u00f3lo se pueden anular las solicitudes en estado &#8220;Esperando&#8221;.<\/li>\n\n\n\n<li>Si utilizas el m\u00e9todo de transferencia bancaria,<strong> s\u00f3lo puede ser con una cuenta a tu nombre.<\/strong> Si perteneciera a otra persona, la operaci\u00f3n ser\u00e1 rechazada por el banco. <\/li>\n\n\n\n<li>Por otro lado, es importante que eligas el tipo de cuenta apropiado: ahorro o corriente. <\/li>\n\n\n\n<li>Por \u00faltimo, verifica que el&nbsp;<strong>n\u00famero de cuenta<\/strong>&nbsp;ingresado sea correcto para asegurarte de que el dinero llegue a tus manos.<\/li>\n<\/ul>\n\n\n\n<h2 class=\"wp-block-heading\">\u00a1Las mejores ofertas para nuevos clientes!<\/h2>\n\n\n\n<p>Fueron resueltas todas dudas sobre como retirar dinero en Rushbet. Realmente no es algo por lo que debas preocuparte, ya que<strong> tienes muchas opciones de retiro y todas ellas son 100% seguras. <\/strong>Esta plataforma brinda un entorno m\u00e1s que confiable para disfrutar de las apuestas deportivas y los juegos de casino. <a href=\"https:\/\/recor.to\/rushbet\" target=\"_blank\" data-type=\"link\" data-id=\"https:\/\/recor.to\/rushbet\" rel=\"noreferrer noopener nofollow sponsored\">\u00a1Corre a registrarte y solicitar tu bono de bienvenida! <\/a><\/p>\n\n\n\n<h3 class=\"wp-block-heading\">Bono de bienvenida para apuestas deportivas<\/h3>\n\n\n\n<p>La primera oferta de bienvenida de Rushbet <strong>iguala el 100% del primer dep\u00f3sito hasta un m\u00e1ximo de $50.000 para apuestas deportivas.<\/strong> Para obtener este bono tendr\u00e1s que ingresar el <strong>c\u00f3digo promocional \u201cDEPORTE\u201d<\/strong> en la casilla C\u00f3digo de bonificaci\u00f3n.<\/p>\n\n\n\n<p>Desde luego, esta promoci\u00f3n est\u00e1 reservada a los nuevos clientes de la casa que realizan un primer dep\u00f3sito a trav\u00e9s de cualquier m\u00e9todo de pago, excepto PTM. En cuanto a los requisitos de apuesta, tendr\u00e1s que <strong>apostar el monto recibido 5 veces en apuestas con cuotas m\u00ednimas de 2.00. <\/strong>El plazo m\u00e1ximo para liberar el bono es de 90 d\u00edas. <a href=\"https:\/\/supercuotas.gratis\/co\/rushbet-nuevo-bono-apuestas-deportivas-especial-colombia\/\" target=\"_blank\" data-type=\"link\" data-id=\"https:\/\/supercuotas.gratis\/co\/rushbet-nuevo-bono-apuestas-deportivas-especial-colombia\/\" rel=\"noreferrer noopener\">\u00a1Haz click aqu\u00ed<\/a> para acceder a todos los detalles de la oferta!<\/p>\n\n\n\n<h3 class=\"wp-block-heading\">Bono de bienvenida para casino<\/h3>\n\n\n\n<p>El segundo bono disponible para los nuevos jugadores de la casa otorga el <strong>100% del primer dep\u00f3sito con un tope de $100.000 para utilizar en el casino.<\/strong> \u00a1Eso no es todo! Rushbet obsequia tambi\u00e9n una <strong>invitaci\u00f3n para el exclusivo&nbsp;BONUS BINGO&nbsp;y&nbsp;una invitaci\u00f3n&nbsp;para los exclusivos&nbsp;TORNEOS DE SLOTS. <\/strong>Un combo imperdible.<\/p>\n\n\n\n<p>Para aplicar en esta oferta primero debes registrarte y luego ejecutar un dep\u00f3sito con el <strong>c\u00f3digo promocional CASINO.<\/strong> <strong>El rollover del bono es 20x,<\/strong> pero debes tener en cuenta que los juegos contribuyen en diferentes porcentajes a los requisitos de apuesta: los juegos de Blackjack aportan el 20%, mientras que las ruletas, cartas y juegos de choque cuentan el 10%. \u00a1Completa los requisitos de apuesta en un m\u00e1ximo de 90 d\u00edas!<\/p>\n\n\n\n<p>Te dejamos una <a href=\"https:\/\/supercuotas.gratis\/co\/rushbet-bono-casino-especial-colombia\/\" target=\"_blank\" data-type=\"link\" data-id=\"https:\/\/supercuotas.gratis\/co\/rushbet-bono-casino-especial-colombia\/\" rel=\"noreferrer noopener\">nota elaborada por nuestros expertos sobre el bono de Rushbet para casino.<\/a> A trav\u00e9s de ellas vas conocer de forma exhaustiva&nbsp;a una de las promociones m\u00e1s elegidas por el p\u00fablico de Colombia. \u00a1Multiplica la diversi\u00f3n en tus juegos favoritos!<\/p>\n\n\n\n<figure class=\"wp-block-image size-full\"><a href=\"https:\/\/recor.to\/rushbet\" target=\"_blank\" rel=\"noreferrer noopener nofollow sponsored\"><img decoding=\"async\" width=\"863\" height=\"488\" src=\"https:\/\/supercuotas.gratis\/wp-content\/uploads\/2023\/12\/RUSHBET-como-retirar-dinero.jpg\" alt=\"\" class=\"wp-image-34053\" srcset=\"https:\/\/supercuotas.gratis\/wp-content\/uploads\/2023\/12\/RUSHBET-como-retirar-dinero.jpg 863w, https:\/\/supercuotas.gratis\/wp-content\/uploads\/2023\/12\/RUSHBET-como-retirar-dinero-300x170.jpg 300w, https:\/\/supercuotas.gratis\/wp-content\/uploads\/2023\/12\/RUSHBET-como-retirar-dinero-768x434.jpg 768w\" sizes=\"(max-width: 863px) 100vw, 863px\" \/><\/a><\/figure>\n\n\n\n<h2 class=\"wp-block-heading\">Preguntas frecuentes sobre como retirar dinero de Rushbet<\/h2>\n\n\n\n<div class=\"wp-block-rank-math-faq-block\"><div class=\"rank-math-faq-item\"><h3 class=\"rank-math-question\">\u00bfQui\u00e9n es Rushbet?<\/h3><div class=\"rank-math-answer\">Es una plataforma l\u00edder de apuestas deportivas y juegos  en l\u00ednea en Colombia.<\/div><\/div><div class=\"rank-math-faq-item\"><h3 class=\"rank-math-question\">\u00bfEs un sitio legal en Colombia?<\/h3><div class=\"rank-math-answer\">Por supuesto, Rushbet opera legalmente con autorizaci\u00f3n de Coljuegos.<\/div><\/div><div class=\"rank-math-faq-item\"><h3 class=\"rank-math-question\">\u00bfComo puedo retirar dinero de Rushbet?<\/h3><div class=\"rank-math-answer\">Puedes realizar una transferencia bancaria o retirar dinero en locales f\u00edsicos de Efecty, PuntoRed, Grupo \u00c9xito, La Rebaja y locals Rushbet.<\/div><\/div><div class=\"rank-math-faq-item\"><h3 class=\"rank-math-question\">\u00bfCu\u00e1les son los pasos para llevar a cabo un retiro en efectivo?<\/h3><div class=\"rank-math-answer\">Debes iniciar el tr\u00e1mite en tu cuenta Rushbet para generar el c\u00f3digo PIN. Ac\u00e9rcate con \u00e9l junto a tu c\u00e9dula de identidad al local m\u00e1s cercano y completa la operaci\u00f3n con la ayuda de un cajero.<\/div><\/div><div class=\"rank-math-faq-item\"><h3 class=\"rank-math-question\">\u00bfSon seguros estos servicios de pago?<\/h3><div class=\"rank-math-answer\">Completamente seguros. Rushbet se compromete a proteger tu informaci\u00f3n personal y financiera desde el primer momento.<\/div><\/div><div class=\"rank-math-faq-item\"><h3 class=\"rank-math-question\">\u00bfPuedo solicitar un bono de bienvenida como nuevo usuario?<\/h3><div class=\"rank-math-answer\">Claro, puedes elegir un bono de bienvenida para casino o para apuestas deportivas.<\/div><\/div><div class=\"rank-math-faq-item\"><h3 class=\"rank-math-question\">\u00bfOfrece Rushbet servicio de atenci\u00f3n al cliente?<\/h3><div class=\"rank-math-answer\">S\u00ed, puedes<\/div><\/div><\/div>\n","protected":false},"excerpt":{"rendered":"<p>\u00bfTus apuestas resultaron ganadoras y no sabes de qu\u00e9 manera cobrar los premios? En el art\u00edculo de hoy te explicaremos c\u00f3mo retirar dinero de Rushbet, una de las plataformas m\u00e1s atractivas de Colombia y toda Latinoam\u00e9rica. Si eres nuevo, reg\u00edstrate y solicita un magn\u00edfico bono de bienvenida. Breve introducci\u00f3n al m\u00e1gico mundo Rushbet Galardonada como&nbsp;la &#8230; <a title=\"Rushbet como Retirar Dinero | Retiros SIN Comisiones\" class=\"read-more\" href=\"https:\/\/supercuotas.gratis\/co\/rushbet-como-retirar-dinero-desde-colombia\/\" aria-label=\"Read more about Rushbet como Retirar Dinero | Retiros SIN Comisiones\">Read more<\/a><\/p>\n","protected":false},"author":76,"featured_media":0,"parent":0,"menu_order":0,"comment_status":"closed","ping_status":"closed","template":"","meta":{"_uag_custom_page_level_css":"","generate_page_header":"","footnotes":""},"class_list":["post-33920","page","type-page","status-publish"],"uagb_featured_image_src":{"full":false,"thumbnail":false,"medium":false,"medium_large":false,"large":false,"1536x1536":false,"2048x2048":false},"uagb_author_info":{"display_name":"Karen","author_link":"https:\/\/supercuotas.gratis\/co\/author\/karen\/"},"uagb_comment_info":0,"uagb_excerpt":"\u00bfTus apuestas resultaron ganadoras y no sabes de qu\u00e9 manera cobrar los premios? En el art\u00edculo de hoy te explicaremos c\u00f3mo retirar dinero de Rushbet, una de las plataformas m\u00e1s atractivas de Colombia y toda Latinoam\u00e9rica. Si eres nuevo, reg\u00edstrate y solicita un magn\u00edfico bono de bienvenida. Breve introducci\u00f3n al m\u00e1gico mundo Rushbet Galardonada como&nbsp;la&hellip;","_links":{"self":[{"href":"https:\/\/supercuotas.gratis\/co\/wp-json\/wp\/v2\/pages\/33920","targetHints":{"allow":["GET"]}}],"collection":[{"href":"https:\/\/supercuotas.gratis\/co\/wp-json\/wp\/v2\/pages"}],"about":[{"href":"https:\/\/supercuotas.gratis\/co\/wp-json\/wp\/v2\/types\/page"}],"author":[{"embeddable":true,"href":"https:\/\/supercuotas.gratis\/co\/wp-json\/wp\/v2\/users\/76"}],"replies":[{"embeddable":true,"href":"https:\/\/supercuotas.gratis\/co\/wp-json\/wp\/v2\/comments?post=33920"}],"version-history":[{"count":3,"href":"https:\/\/supercuotas.gratis\/co\/wp-json\/wp\/v2\/pages\/33920\/revisions"}],"predecessor-version":[{"id":34076,"href":"https:\/\/supercuotas.gratis\/co\/wp-json\/wp\/v2\/pages\/33920\/revisions\/34076"}],"wp:attachment":[{"href":"https:\/\/supercuotas.gratis\/co\/wp-json\/wp\/v2\/media?parent=33920"}],"curies":[{"name":"wp","href":"https:\/\/api.w.org\/{rel}","templated":true}]}}