{"id":33901,"date":"2023-12-21T15:44:11","date_gmt":"2023-12-21T14:44:11","guid":{"rendered":"https:\/\/supercuotas.gratis\/?page_id=33901"},"modified":"2023-12-21T15:44:12","modified_gmt":"2023-12-21T14:44:12","slug":"sportium-como-retirar-dinero-desde-colombia","status":"publish","type":"page","link":"https:\/\/supercuotas.gratis\/co\/sportium-como-retirar-dinero-desde-colombia\/","title":{"rendered":"Sportium como Retirar Dinero | Retiros SIN Comisiones"},"content":{"rendered":"\n<p>Queremos darte la bienvenida a una nueva nota informativa, dentro de tu sitio predilecto de informaci\u00f3n sobre las apuestas. <strong>En esta oportunidad te contaremos como podr\u00e1s retirar dinero, sin comisiones, dentro de <a href=\"https:\/\/recor.to\/sportiumcolombia\" target=\"_blank\" rel=\"noreferrer noopener nofollow sponsored\">Sportium<\/a><\/strong>. Para que puedas realizar este proceso, te explicaremos paso a paso todo lo que deber\u00e1s realizar. \u00a1Acomp\u00e1\u00f1anos y aprender como extraer tus ganancias!<\/p>\n\n\n\n<figure class=\"wp-block-image size-large\"><a href=\"https:\/\/recor.to\/sportiumcolombia\" target=\"_blank\" rel=\"noreferrer noopener nofollow sponsored\"><img fetchpriority=\"high\" decoding=\"async\" width=\"1024\" height=\"513\" src=\"https:\/\/supercuotas.gratis\/wp-content\/uploads\/2023\/12\/sportium-como-retirar-dinero-1024x513.png\" alt=\"sportium como retirar dinero\" class=\"wp-image-33903\" srcset=\"https:\/\/supercuotas.gratis\/wp-content\/uploads\/2023\/12\/sportium-como-retirar-dinero-1024x513.png 1024w, https:\/\/supercuotas.gratis\/wp-content\/uploads\/2023\/12\/sportium-como-retirar-dinero-300x150.png 300w, https:\/\/supercuotas.gratis\/wp-content\/uploads\/2023\/12\/sportium-como-retirar-dinero-768x385.png 768w, https:\/\/supercuotas.gratis\/wp-content\/uploads\/2023\/12\/sportium-como-retirar-dinero.png 1240w\" sizes=\"(max-width: 1024px) 100vw, 1024px\" \/><\/a><\/figure>\n\n\n\n<h2 class=\"wp-block-heading\">\u00bfA\u00fan no sabes nada sobre este sitio? \u00a1Aqu\u00ed te contaremos sobre el!<\/h2>\n\n\n\n<p>Como siempre, en el caso que no sepas sobre la p\u00e1gina en cuesti\u00f3n, nos adentraremos a contarte sobre ella. <strong>En esta oportunidad, te explicaremos como retirar tu dinero, sin problemas, dentro de tu cuenta de <a href=\"https:\/\/recor.to\/sportiumcolombia\" target=\"_blank\" rel=\"noreferrer noopener nofollow sponsored\">Sportium <\/a>para que as\u00ed disfrutes de tus ganancias<\/strong>. Pero antes, debemos repasar distintos puntos necesarios respecto a esta casa. <\/p>\n\n\n\n<p>Cuando se habla de esta casa de apuestas, se est\u00e1 haciendo menci\u00f3n a una basta trayectoria y experiencia dentro de este rubro.<strong> Este es un sitio con demasiados a\u00f1os en el rubro, brind\u00e1ndole al usuario lo mejor en este mundo tan maravilloso<\/strong>. En otras palabras, tienes que saber que Sportium fue fundado en el a\u00f1o 2003, si haces la cuenta son 20 a\u00f1os llev\u00e1ndole el mejor entretenimiento a sus usuarios. <\/p>\n\n\n\n<p>Para tu mayor seguridad, tienes que tener en cuenta que este <a href=\"https:\/\/recor.to\/sportiumcolombia\" target=\"_blank\" rel=\"noreferrer noopener nofollow sponsored\">sitio <\/a>posee una gran diversidad de normas de seguridad. <strong>Estas est\u00e1n pensadas para brindarle la mayor protecci\u00f3n a cada uno de los usuarios registrados<\/strong>. Es por eso que sus normas son una de las mejores dentro de Colombia, para que quienes ingresen siempre est\u00e9n resguardados. <\/p>\n\n\n\n<p>No solo podr\u00e1s acceder a obtener una gran variedad de normas de seguridad, sino que tambi\u00e9n acceder\u00e1s a los mejores sectores de apuestas. <strong>Siendo todos y cada uno de ellos extremadamente seguros, ya que, Sportium cumple con todas las licencias de apuesta al d\u00eda. <\/strong><\/p>\n\n\n\n<p>Adem\u00e1s de aprender a retirar tu dinero de Sportium de forma correcta, este sitio te permitir\u00e1 obtener un sin fin de beneficios. Como lo puede ser el bono para casino, que esta p\u00e1gina ofrece. <strong>Para que puedas reclamar este beneficio, te dejaremos una <a href=\"https:\/\/supercuotas.gratis\/co\/sportium-bono-casino-codigos-promocionales-colombia\/\" target=\"_blank\" rel=\"noreferrer noopener\">gu\u00eda completa de este grandioso beneficio<\/a>. <\/strong><\/p>\n\n\n\n<h2 class=\"wp-block-heading\">Conoce los pasos previos a aprender a como retirar dinero de Sportium<\/h2>\n\n\n\n<p>Para todos aquellos que deseen aprender a como retirar el dinero dentro de <a href=\"https:\/\/recor.to\/sportiumcolombia\" target=\"_blank\" rel=\"noreferrer noopener nofollow sponsored\">Sportium<\/a>, primero deber\u00e1n aprender los pasos previos a realizar. <strong>Ya que en el caso de no ser usuario no podr\u00e1s acceder a realizar este proceso<\/strong>. Para quitar dudas y que todo sea a\u00fan m\u00e1s claro, te explicaremos lo que deber\u00e1s realizar, para luego llegar a este proceso. <\/p>\n\n\n\n<p>Teniendo en cuenta todo lo que hemos mencionado, debemos recordarte que para poder realizar una extracci\u00f3n, deber\u00e1s ser usuario. <strong>En el caso de no contar con una cuenta dentro de esta casa, no tendr\u00e1s la oportunidad de jugar<\/strong>, ingresar dinero u o extraerlo de forma r\u00e1pida y simple. <\/p>\n\n\n\n<p>Lo primero que tendr\u00e1s que llevar a cabo, es <a href=\"https:\/\/recor.to\/sportiumcolombia\" target=\"_blank\" rel=\"noreferrer noopener nofollow sponsored\">completar el proceso de registro<\/a>, el cual es lo m\u00e1s importante de todo lo que mencionaremos. Una vez efectuado este proceso, deber\u00e1s ingresar dinero dentro de tu cuenta. Claramente, <strong>dentro de este sitio obtendr\u00e1s promociones para poder aumentar tus ingresos, en el caso de desearlo podr\u00e1s acceder a ellas. <\/strong><\/p>\n\n\n\n<p>Cuando hayas completado cada uno de estos pasos previos, deber\u00e1s jugar para aumentar tus ingresos. En el caso que hayas obtenido un beneficio, deber\u00e1s cumplir las condiciones de apuestas. <strong>Ahora, de forma r\u00e1pida y simple, te explicaremos estos simples procesos<\/strong>. <\/p>\n\n\n\n<h3 class=\"wp-block-heading\">Completa tu registro r\u00e1pidamente aqu\u00ed<\/h3>\n\n\n\n<p>Luego de haber tenido en cuenta todos los pasos previos a aprender como retirar tu dinero dentro de <a href=\"https:\/\/recor.to\/sportiumcolombia\" target=\"_blank\" rel=\"noreferrer noopener nofollow sponsored\">Sportium<\/a>, ser\u00e1 el momento de conocer el proceso de registro. <strong>De esta manera, podr\u00e1s acceder a reclamar todos y cada uno de los beneficios que este sitio posee<\/strong>; para luego obtener tus ganancias. <\/p>\n\n\n\n<p>Tienes que tener en cuenta, que en el caso de contar con una cuenta aqu\u00ed, no podr\u00e1s volver a realizar este proceso. <strong>Esto es simple, ya que solamente podr\u00e1s obtener un usuario por direcci\u00f3n de IP.<\/strong> Para quienes no solo sepan, todos y cada uno de los datos que ingresen dentro de este sitio, se hallar\u00e1n sumamente protegidos. <\/p>\n\n\n\n<p>Para obtener un usuario dentro de <a href=\"https:\/\/recor.to\/sportiumcolombia\" target=\"_blank\" rel=\"noreferrer noopener nofollow sponsored\">Sportium<\/a>, <strong>deber\u00e1n realizar los siguientes pasos:<\/strong><\/p>\n\n\n\n<ul class=\"wp-block-list\">\n<li>Lo primero que deber\u00e1s realizar es, <strong>ingresar dentro de este sitio de apuestas<\/strong>. <\/li>\n\n\n\n<li>Cuando hayas accedido dentro de esta casa, <strong>tendr\u00e1s que hacer clic donde dice &#8220;crear usuario&#8221;<\/strong>. <\/li>\n\n\n\n<li>Al realizar esta acci\u00f3n, <strong>se abrir\u00e1 un formulario de registro<\/strong>. <\/li>\n\n\n\n<li>Este mismo deber\u00e1 ser <strong>completado con los datos solicitados<\/strong>. <\/li>\n\n\n\n<li>Finalizado el mismo, <strong>deber\u00e1s aceptar las condiciones del sitio<\/strong>. <\/li>\n\n\n\n<li>completado todos y cada uno de estos pasos, <strong>ya ser\u00e1s usuario de esta <a href=\"https:\/\/recor.to\/sportiumcolombia\" target=\"_blank\" rel=\"noreferrer noopener nofollow sponsored\">p\u00e1gina<\/a><\/strong>.<\/li>\n<\/ul>\n\n\n\n<h2 class=\"wp-block-heading\">Ingresa dinero r\u00e1pidamente dentro de tu usuario<\/h2>\n\n\n\n<p>Para quienes hayan creado una cuenta recientemente, deber\u00e1n acceder a realizar un dep\u00f3sito, para que de esta manera, puedas comenzar a jugar dentro de este <a href=\"https:\/\/recor.to\/sportiumcolombia\" target=\"_blank\" rel=\"noreferrer noopener nofollow sponsored\">sitio<\/a>. <strong>Es por eso que de forma r\u00e1pida y concisa te explicaremos como realizar este dep\u00f3sito<\/strong>. El mismo no tardar\u00e1 m\u00e1s de cinco minutos y luego podr\u00e1s disfrutar de todos y cada uno de los sectores de apuestas que este sitio posee. <\/p>\n\n\n\n<p>Claramente, tienes que saber que para retirar tu dinero de Sportium, tendr\u00e1s que acceder a jugar o obtener algunos de los beneficios de este sitio. Para que de esta manera, aumentes tus ingresos y puedas jugar a\u00fan m\u00e1s.<strong> Siempre ten en cuenta que, si obtienes un bono deber\u00e1s seguir las condiciones de apuestas, de esta manera obtendr\u00e1s tus ganancias<\/strong>. <\/p>\n\n\n\n<p>Para acceder a ingresar dinero en este sitio, <strong>deber\u00e1s completar los siguientes pasos:<\/strong><\/p>\n\n\n\n<ul class=\"wp-block-list\">\n<li>Lo primero que deber\u00e1s realizar es, <strong>acceder a tu usuario de <a href=\"https:\/\/recor.to\/sportiumcolombia\" target=\"_blank\" rel=\"noreferrer noopener nofollow sponsored\">Sportium<\/a><\/strong>. <\/li>\n\n\n\n<li>Cuando te encuentres dentro, <strong>te dirigir\u00e1s a apartado que dice &#8220;Cuenta &#8211; dep\u00f3sitos&#8221;. <\/strong><\/li>\n\n\n\n<li><strong>All\u00ed seleccionar\u00e1s la forma de ingreso que deseas utilizar,<\/strong> para completar este paso. <\/li>\n\n\n\n<li>Completar\u00e1s los datos <strong>solicitados con el m\u00e9todo de pago a utilizar<\/strong>. <\/li>\n\n\n\n<li>Finalizado cada uno de estos pasos, <strong>solo deber\u00e1s esperar que se acredite el pago<\/strong>. <\/li>\n<\/ul>\n\n\n\n<p>Como has podido observar, todos y cada uno de estos pasos, son sumamente sencillos de realizar, y te permitir\u00e1n jugar dentro de esta p\u00e1gina. <strong>Ahora que ya sabes esto, ser\u00e1 el momento de aprender a como retirar dinero dentro de Sportium<\/strong>. En el caso que desees saber m\u00e1s sobre este sitio, tenemos el agrado de brindarte un <a href=\"https:\/\/supercuotas.gratis\/co\/sportium\/\" target=\"_blank\" rel=\"noreferrer noopener\">an\u00e1lisis exclusivo de esta casa<\/a>, para que conozcas a\u00fan m\u00e1s sobre ella. <\/p>\n\n\n\n<figure class=\"wp-block-image size-large\"><a href=\"https:\/\/recor.to\/sportiumcolombia\" target=\"_blank\" rel=\"noreferrer noopener nofollow sponsored\"><img decoding=\"async\" width=\"1024\" height=\"474\" src=\"https:\/\/supercuotas.gratis\/wp-content\/uploads\/2023\/12\/sportium-sacar-ganancias-1024x474.png\" alt=\"sportium sacar ganancias\" class=\"wp-image-33921\" srcset=\"https:\/\/supercuotas.gratis\/wp-content\/uploads\/2023\/12\/sportium-sacar-ganancias-1024x474.png 1024w, https:\/\/supercuotas.gratis\/wp-content\/uploads\/2023\/12\/sportium-sacar-ganancias-300x139.png 300w, https:\/\/supercuotas.gratis\/wp-content\/uploads\/2023\/12\/sportium-sacar-ganancias-768x355.png 768w, https:\/\/supercuotas.gratis\/wp-content\/uploads\/2023\/12\/sportium-sacar-ganancias.png 1349w\" sizes=\"(max-width: 1024px) 100vw, 1024px\" \/><\/a><\/figure>\n\n\n\n<h2 class=\"wp-block-heading\">Conoce como retirar dinero de Sportium<\/h2>\n\n\n\n<p>Luego de haber aprendido todos los pasos previos ha realizar, <strong>antes de llevar a cabo una extracci\u00f3n, ser\u00e1 el momento de aprender a como retirar dinero de <a href=\"https:\/\/recor.to\/sportiumcolombia\" target=\"_blank\" rel=\"noreferrer noopener nofollow sponsored\">Sportium<\/a>.<\/strong> De esta manera, quienes sean nuevos usuarios, aprender\u00e1n este proceso de forma simple y completamente r\u00e1pida. <\/p>\n\n\n\n<p>Teniendo en cuenta todo lo que hemos mencionado, este proceso tan solo te tomar\u00e1 cinco minutos. Esto es, claramente, gracias a la simple y did\u00e1ctica que posee este sitio de apuestas. <strong>Esto hace que todo sea a\u00fan m\u00e1s f\u00e1cil y que te sirva para poder jugar o realizar otros procesos dentro de esta casa. <\/strong><\/p>\n\n\n\n<p>Ahora que tienes en cuenta todos y cada uno de estos pasos, no queremos demorarte m\u00e1s y explicarte correctamente todo lo que deber\u00e1s realizar. Pero antes, debemos hacer una aclaraci\u00f3n. <strong>La misma es que todos y cada uno de los datos que accedas dentro de este <a href=\"https:\/\/recor.to\/sportiumcolombia\" target=\"_blank\" rel=\"noreferrer noopener nofollow sponsored\">sitio<\/a>, estar\u00e1n sumamente seguros. <\/strong>Esto es gracias a todas y cada una de las normas de seguridad que hallar\u00e1s dentro de esta casa de apuestas. <\/p>\n\n\n\n<p>Para retirar dinero dentro de Sportium, <strong>deber\u00e1s realizar los siguientes pasos:<\/strong><\/p>\n\n\n\n<ul class=\"wp-block-list\">\n<li>Lo primero a llevar a cabo es <strong>acceder a tu usuario<\/strong>. <\/li>\n\n\n\n<li>Cuando te encuentres all\u00ed, deber\u00e1s dirigirte a la <strong>esquina superior derecha y hacer clic donde dice &#8220;cuenta &#8211; retiros&#8221;.<\/strong> <\/li>\n\n\n\n<li>En el momento de haber realizado esta acci\u00f3n, <strong>se abrir\u00e1 un formulario para extraer tu dinero<\/strong>. <\/li>\n\n\n\n<li>Deber\u00e1s <strong>poner tu cuenta bancaria y el monto que deseas retirar<\/strong>. <\/li>\n\n\n\n<li>Finalizado cada uno de estos pasos, <strong>solamente deber\u00e1s aguardar el dep\u00f3sito de tus ganancias<\/strong>. <\/li>\n<\/ul>\n\n\n\n<p>Para finalizar, <strong>te contaremos todos y cada uno de los m\u00e9todos de extracci\u00f3n que tendr\u00e1s<\/strong>. <\/p>\n\n\n\n<h2 class=\"wp-block-heading\">Conoce los m\u00e9todos para retirar tu dinero<\/h2>\n\n\n\n<p>Luego de conocer los pasos para reitrar dinero de Sportium, solamente restar\u00e1 aprender las formas para retirarlo. Las mismas son sumamente sencillas y no tendr\u00e1s que realizar una gran variedad de pasos. <strong>Solamente deber\u00e1s acceder a poner el numero de tu cuenta bancaria, para que puedas recibir tu dinero. <\/strong><\/p>\n\n\n\n<p>Como has le\u00eddo, solo tu cuenta bancaria y luego, recibir\u00e1s todas tus ganancias. <strong>Antes de despedirnos, queremos dejare una <a href=\"https:\/\/supercuotas.gratis\/co\/sportium-bono-apuestas-deportivas-codigos-promocionales-colombia\/\" target=\"_blank\" rel=\"noreferrer noopener\">gu\u00eda de reclamo del mejor bono para deportes<\/a><\/strong>. De esta manera, podr\u00e1s acceder a obtener los mejores beneficios de todos.<\/p>\n\n\n\n<figure class=\"wp-block-image size-large\"><a href=\"https:\/\/recor.to\/sportiumcolombia\" target=\"_blank\" rel=\"noreferrer noopener nofollow sponsored\"><img decoding=\"async\" width=\"1024\" height=\"422\" src=\"https:\/\/supercuotas.gratis\/wp-content\/uploads\/2023\/12\/sportium-metodos-de-retiro-1024x422.png\" alt=\"sportium metodos de retiro\" class=\"wp-image-33931\" srcset=\"https:\/\/supercuotas.gratis\/wp-content\/uploads\/2023\/12\/sportium-metodos-de-retiro-1024x422.png 1024w, https:\/\/supercuotas.gratis\/wp-content\/uploads\/2023\/12\/sportium-metodos-de-retiro-300x124.png 300w, https:\/\/supercuotas.gratis\/wp-content\/uploads\/2023\/12\/sportium-metodos-de-retiro-768x316.png 768w, https:\/\/supercuotas.gratis\/wp-content\/uploads\/2023\/12\/sportium-metodos-de-retiro.png 1277w\" sizes=\"(max-width: 1024px) 100vw, 1024px\" \/><\/a><\/figure>\n\n\n<p>[ratings]<\/p>\n\n\n\n<div class=\"wp-block-rank-math-faq-block\"><div class=\"rank-math-faq-item\"><h3 class=\"rank-math-question\">\u00bfQu\u00e9 es Sportium?<\/h3><div class=\"rank-math-answer\">Este es un sitio de apuestas, donde podr\u00e1s acceder a un sin fin de beneficios, sobre todo jugar a los mejores juegos de azar.<\/div><\/div><div class=\"rank-math-faq-item\"><h3 class=\"rank-math-question\">\u00bfQu\u00e9 hallar\u00e9 aqu\u00ed?<\/h3><div class=\"rank-math-answer\">Tendr\u00e1s la posibilidad de toparte con los mejores bonos de apuestas, juegos y promociones.<\/div><\/div><div class=\"rank-math-faq-item\"><h3 class=\"rank-math-question\">\u00bfQu\u00e9 sectores hallar\u00e9?<\/h3><div class=\"rank-math-answer\">Podr\u00e1s encontrar apuestas deportivas, deportes virtuales, casino y casino en vivo. <\/div><\/div><div class=\"rank-math-faq-item\"><h3 class=\"rank-math-question\">\u00bfEs necesario estar registrado para jugar?<\/h3><div class=\"rank-math-answer\">Si, tendr\u00e1s que ser usuario sino, no podr\u00e1s apostar aqu\u00ed.<\/div><\/div><div class=\"rank-math-faq-item\"><h3 class=\"rank-math-question\">\u00bfPodr\u00e9 retirar mis ganancias de Sportium?<\/h3><div class=\"rank-math-answer\">Claro que si, ya que tendr\u00e1s los mejores m\u00e9todos de extracci\u00f3n de todos. <\/div><\/div><div class=\"rank-math-faq-item\"><h3 class=\"rank-math-question\">\u00bfEs seguro este sitio?<\/h3><div class=\"rank-math-answer\">Si, ya que te topar\u00e1s con las mejores normas de seguridad de todas.<\/div><\/div><div class=\"rank-math-faq-item\"><h3 class=\"rank-math-question\">\u00bfDebo ser mayor para registrarme?<\/h3><div class=\"rank-math-answer\">En el caso que no seas mayor, no podr\u00e1s jugar aqu\u00ed.<\/div><\/div><\/div>\n","protected":false},"excerpt":{"rendered":"<p>Queremos darte la bienvenida a una nueva nota informativa, dentro de tu sitio predilecto de informaci\u00f3n sobre las apuestas. En esta oportunidad te contaremos como podr\u00e1s retirar dinero, sin comisiones, dentro de Sportium. Para que puedas realizar este proceso, te explicaremos paso a paso todo lo que deber\u00e1s realizar. \u00a1Acomp\u00e1\u00f1anos y aprender como extraer tus &#8230; <a title=\"Sportium como Retirar Dinero | Retiros SIN Comisiones\" class=\"read-more\" href=\"https:\/\/supercuotas.gratis\/co\/sportium-como-retirar-dinero-desde-colombia\/\" aria-label=\"Read more about Sportium como Retirar Dinero | Retiros SIN Comisiones\">Read more<\/a><\/p>\n","protected":false},"author":74,"featured_media":0,"parent":0,"menu_order":0,"comment_status":"closed","ping_status":"closed","template":"","meta":{"_uag_custom_page_level_css":"","generate_page_header":"","footnotes":""},"class_list":["post-33901","page","type-page","status-publish"],"uagb_featured_image_src":{"full":false,"thumbnail":false,"medium":false,"medium_large":false,"large":false,"1536x1536":false,"2048x2048":false},"uagb_author_info":{"display_name":"Facundo","author_link":"https:\/\/supercuotas.gratis\/co\/author\/facundo\/"},"uagb_comment_info":0,"uagb_excerpt":"Queremos darte la bienvenida a una nueva nota informativa, dentro de tu sitio predilecto de informaci\u00f3n sobre las apuestas. En esta oportunidad te contaremos como podr\u00e1s retirar dinero, sin comisiones, dentro de Sportium. Para que puedas realizar este proceso, te explicaremos paso a paso todo lo que deber\u00e1s realizar. \u00a1Acomp\u00e1\u00f1anos y aprender como extraer tus&hellip;","_links":{"self":[{"href":"https:\/\/supercuotas.gratis\/co\/wp-json\/wp\/v2\/pages\/33901","targetHints":{"allow":["GET"]}}],"collection":[{"href":"https:\/\/supercuotas.gratis\/co\/wp-json\/wp\/v2\/pages"}],"about":[{"href":"https:\/\/supercuotas.gratis\/co\/wp-json\/wp\/v2\/types\/page"}],"author":[{"embeddable":true,"href":"https:\/\/supercuotas.gratis\/co\/wp-json\/wp\/v2\/users\/74"}],"replies":[{"embeddable":true,"href":"https:\/\/supercuotas.gratis\/co\/wp-json\/wp\/v2\/comments?post=33901"}],"version-history":[{"count":1,"href":"https:\/\/supercuotas.gratis\/co\/wp-json\/wp\/v2\/pages\/33901\/revisions"}],"predecessor-version":[{"id":33941,"href":"https:\/\/supercuotas.gratis\/co\/wp-json\/wp\/v2\/pages\/33901\/revisions\/33941"}],"wp:attachment":[{"href":"https:\/\/supercuotas.gratis\/co\/wp-json\/wp\/v2\/media?parent=33901"}],"curies":[{"name":"wp","href":"https:\/\/api.w.org\/{rel}","templated":true}]}}