{"id":26425,"date":"2023-02-22T15:08:59","date_gmt":"2023-02-22T14:08:59","guid":{"rendered":"https:\/\/supercuotas.gratis\/?page_id=26425"},"modified":"2023-03-02T14:41:39","modified_gmt":"2023-03-02T13:41:39","slug":"rushbet-bono-casino-especial-colombia","status":"publish","type":"page","link":"https:\/\/supercuotas.gratis\/co\/rushbet-bono-casino-especial-colombia\/","title":{"rendered":"Rushbet Bono Casino \u00bb \u00a1$40 MIL de Bienvenida!"},"content":{"rendered":"\n<p>Rushbet es sin duda alguna una de las mejores casas de apuesta que puedes encontrar en Colombia y por eso es que en este art\u00edculo te vamos a contar todo lo que posee su Bono Casino. Con esta promoci\u00f3n podr\u00e1s disponer de dinero extra para disfrutar de los mejores juegos de una de las secciones m\u00e1s consumidas de la casa de apuestas. Rushbet posee todo lo que un jugador desea. Si todav\u00eda no tienes una cuenta aqu\u00ed, <a href=\"https:\/\/recor.to\/rushbet\" target=\"_blank\" rel=\"noopener nofollow sponsored\">solo debes ingresar<\/a> y seguir el proceso de registro. No dejes pasar esta gran oportunida<\/p>\n\n\n\n<figure class=\"wp-block-image size-large\"><a href=\"https:\/\/recor.to\/rushbet\" target=\"_blank\" rel=\"noreferrer noopener nofollow sponsored\"><img fetchpriority=\"high\" decoding=\"async\" width=\"1024\" height=\"597\" src=\"https:\/\/supercuotas.gratis\/wp-content\/uploads\/2023\/02\/885824f3221a6598fe629f08ea10f772-1024x597.jpg\" alt=\"rushbet bono bienvenida casino\" class=\"wp-image-26426\" srcset=\"https:\/\/supercuotas.gratis\/wp-content\/uploads\/2023\/02\/885824f3221a6598fe629f08ea10f772-1024x597.jpg 1024w, https:\/\/supercuotas.gratis\/wp-content\/uploads\/2023\/02\/885824f3221a6598fe629f08ea10f772-300x175.jpg 300w, https:\/\/supercuotas.gratis\/wp-content\/uploads\/2023\/02\/885824f3221a6598fe629f08ea10f772-768x448.jpg 768w, https:\/\/supercuotas.gratis\/wp-content\/uploads\/2023\/02\/885824f3221a6598fe629f08ea10f772.jpg 1200w\" sizes=\"(max-width: 1024px) 100vw, 1024px\" \/><\/a><\/figure>\n\n\n\n<h2 class=\"wp-block-heading\"><strong>Todo lo que debes saber sobre Rushbet <\/strong><\/h2>\n\n\n\n<p><strong>Antes de centrarnos en el Bono Casino que tiene Rushbet creemos conveniente contarte algunas cuestiones antes. Esta casa de apuestas es una de las mejores opciones que tienes para jugar en Colombia y aqu\u00ed te vamos a contar todos los detalles que te podr\u00e1s encontrar aqu\u00ed. <\/strong>Te preguntar\u00e1s porqu\u00e9 podemos afirmar esto, los motivos son muchos y aqu\u00ed vamos. Si deseas ver todo esto con tus propios ojos, <a href=\"https:\/\/recor.to\/rushbet\" target=\"_blank\" rel=\"noreferrer noopener nofollow sponsored\">solo debes hacer click aqu\u00ed<\/a> para conocerla <\/p>\n\n\n\n<p><strong>Uno de los primeros motivos que te daremos son sus a\u00f1os de experiencia. Rushbet lleva mucho tiempo siendo una de las casas de apuestas con m\u00e1s usuarios registrados en territorio colombiano y esto le da una credibilidad muy grandes.<\/strong> Adem\u00e1s, teniendo en cuenta todos estos a\u00f1os, podemos decir que tiene la ventaja de conocer el gusto de los usuarios registrados.<\/p>\n\n\n\n<p>Siguiendo por este camino,<strong> Rushbet es una casa que tiene muy en claro cuales son los objetivos que debe tener en cuenta si es que quiere seguir siendo una de las mejores opciones o si desea mejorar d\u00eda a d\u00eda<\/strong>. Como podr\u00e1s ver a continuaci\u00f3n, los mismos est\u00e1n completamente relacionados con el bienestar de cada uno de los jugadores que forman parte de la misma, sin importar que sean jugadores habituales o nuevos.<\/p>\n\n\n\n<p><strong>Por eso es que el objetivo m\u00e1s importante que posee la casa, o uno de ellos, es el de brindar un servicio de entretenimiento y diversi\u00f3n de la m\u00e1s alta calidad.<\/strong> Para poder lograr esto hay algunas cuestiones que debemos tener en cuenta. Entre ellas se destacan la cantidad y la calidad de los juegos, las promociones que posee, la variedad en sus m\u00e9todos de pago y la comodidad que tiene su interfaz, entre otros <\/p>\n\n\n\n<h3 class=\"wp-block-heading\"><strong>Rushbet y la seguridad de los jugadores <\/strong><\/h3>\n\n\n\n<p>Hasta el momento nos hemos centrado en la cuesti\u00f3n de la diversi\u00f3n y el entretenimiento que puedes encontrar una vez que formes parte de la casa de apuestas. Pero existe otro factor que no puedes dejar pasar. <strong>Este mismo es clave para el buen funcionamiento de la casa de apuestas y para que los jugadores solo se deban preocupar por divertirte y por pasar un buen momento mientras apuestan y ganan dinero.<\/strong><\/p>\n\n\n\n<p><strong>Claramente aqu\u00ed estamos hablando del factor de la seguridad<\/strong>. Tan importante es el mismo que desde hace varios a\u00f1os que Rushbet ha adquirido un software de \u00faltima generaci\u00f3n y de calidad para proteger a todos los jugadores. El mismo tiene la misi\u00f3n de ocuparse de todo mientras tu puedes divertirte, apostar y ganar dinero, tanto con los juegos de casino como con las apuestas en deportes.<\/p>\n\n\n\n<p>Lastimosamente, en los \u00faltimos a\u00f1os las casas de apuestas en general han sufrido algunas pr\u00e1cticas negativas dentro de las mismas. Por eso es que todas las miradas est\u00e1n puestas aqu\u00ed para no sufrir ning\u00fan problema a la hora de ofrecer este servicio. Entre las practicas que contamos se han podido ver intentos de robos de identidad, robos de datos y tambi\u00e9n hackeos en las cuentas <\/p>\n\n\n\n<h3 class=\"wp-block-heading\"><strong>Solo preocupate por jugar <\/strong><\/h3>\n\n\n\n<p>Adem\u00e1s debes saber que <a href=\"https:\/\/recor.to\/rushbet\" target=\"_blank\" rel=\"noreferrer noopener nofollow sponsored\">una vez que formes parte de la casa de apuestas <\/a>y completes el proceso de registro, podr\u00e1s acceder a su chat de soporte. Esto significa que cuando tengas alg\u00fan inconveniente puedes comunicarte con los encargados de la p\u00e1gina y ellos estar\u00e1n listos para ayudarte. Estos est\u00e1n completamente capacitados para csolucionar cualquier problema.<\/p>\n\n\n\n<p><strong>Como ya hemos se\u00f1alado, este chat de soporte es para todos los jugadores que requieran ayuda. El mismo estar\u00e1 disponible las 24 horas del d\u00eda y los 7 d\u00edas de la semana y siempre habr\u00e1 alguien para ayudarte.<\/strong> Podr\u00e1s hacer muchas cosas en \u00e9l pero las que se destacan son la capacidad de hacer preguntas, sacarte las dudas y, claro est\u00e1, realizar alg\u00fan reclamo cuando este sea correspondiente <\/p>\n\n\n\n<figure class=\"wp-block-image size-large\"><a href=\"https:\/\/recor.to\/rushbet\" target=\"_blank\" rel=\"noreferrer noopener nofollow sponsored\"><img decoding=\"async\" width=\"1024\" height=\"576\" src=\"https:\/\/supercuotas.gratis\/wp-content\/uploads\/2023\/02\/1666359463-rushbet-app-1024x576.webp\" alt=\"rushbet casino\" class=\"wp-image-26435\" srcset=\"https:\/\/supercuotas.gratis\/wp-content\/uploads\/2023\/02\/1666359463-rushbet-app-1024x576.webp 1024w, https:\/\/supercuotas.gratis\/wp-content\/uploads\/2023\/02\/1666359463-rushbet-app-300x169.webp 300w, https:\/\/supercuotas.gratis\/wp-content\/uploads\/2023\/02\/1666359463-rushbet-app-768x432.webp 768w, https:\/\/supercuotas.gratis\/wp-content\/uploads\/2023\/02\/1666359463-rushbet-app-1536x864.webp 1536w, https:\/\/supercuotas.gratis\/wp-content\/uploads\/2023\/02\/1666359463-rushbet-app.webp 1600w\" sizes=\"(max-width: 1024px) 100vw, 1024px\" \/><\/a><\/figure>\n\n\n\n<h2 class=\"wp-block-heading\"><strong>Bono Casino de Rushbet<\/strong><\/h2>\n\n\n\n<p><strong>Ahora si, luego de contarte las principales caracter\u00edsticas que tiene la casa de apuestas, podemos centrarnos en el Bono Casino de Rushbet. Hay muchas cuestiones que debemos destacar aqu\u00ed. Una de ellas es contarte que el Bono Casino es un Bono de Bienvenida<\/strong>, esto quiere decir que solo podr\u00e1n acceder a ella los jugadores nuevos o aquellos que se hayan registrado de una forma reciente en la casa de apuestas. <a href=\"https:\/\/recor.to\/rushbet\" target=\"_blank\" rel=\"noreferrer noopener nofollow sponsored\">Todo esto podr\u00e1s hacerlo desde aqu\u00ed<\/a><\/p>\n\n\n\n<p>Cada vez que quieras aplicar en una de las ofertas que tiene la casa de apuestas te haremos una recomendaci\u00f3n. Siempre es bueno conocer la promoci\u00f3n de forma exhaustiva y es por eso que puedes acceder a los <strong>T\u00e9rminos y Condiciones<\/strong> de la misma. Ellos te contar\u00e1n todo lo que debes saber, todo lo que puedes hacer y lo que no para cualquiera de las ofertas que desees.<\/p>\n\n\n\n<p><strong>Ahora, si est\u00e1s leyendo esto y no puede cumplir con le requisito de ser un nuevo jugador dentro de la casa de apuestas, puedes estar m\u00e1s que tranquilo. Rushbet tiene una secci\u00f3n especial donde podr\u00e1s ver todas las ofertas activas al momento de tu ingreso.<\/strong> Aqu\u00ed no solo podr\u00e1s ver el Bono Casino que posee Rushbet, sino que tienes otras ofertas incre\u00edbles para jugar, tanto para casino como para deportes.<\/p>\n\n\n\n<h3 class=\"wp-block-heading\"><strong>\u00bfEn qu\u00e9 consiste el Bono Casino de Rushbet?<\/strong><\/h3>\n\n\n\n<p>Como hemos detallado antes, el Bono Casino que tiene Rushbet es un Bono de Bienvenida y por eso es que solo los nuevos jugadores tienen la opci\u00f3n de reclamarlo. Podemos decir que los Bonos de estas caracter\u00edsticas tienen la misi\u00f3n de brindar ayuda y un peque\u00f1o empuj\u00f3n para los nuevos usuarios y que estos puedan hacer grandes apuestas mientras dan sus primeros pasos en la casa.<\/p>\n\n\n\n<p><strong>Esta promoci\u00f3n tiene un regalo para ti. Podr\u00e1s obtener una bonificaci\u00f3n del 100% con respecto al primer dep\u00f3sito que hagas en la casa, por eso es necesario ser un nuevo jugador<\/strong>. Esto quiere decir que dispondr\u00e1s del doble de dinero para jugar del que ten\u00edas pensado en un principio y as\u00ed podr\u00e1s acercarte a las mejores ganancias de la casa de apuestas. SI eres un amante de las apuestas deportivas, Rushbet tambi\u00e9n tiene una oferta para ti la cual puedes ver <a href=\"https:\/\/recor.to\/rushbet\" target=\"_blank\" rel=\"noreferrer noopener nofollow sponsored\">desde aqu\u00ed <\/a><\/p>\n\n\n\n<p><strong>Debes saber que para poder aplicar en la oferta, adem\u00e1s de ser un nuevo usuario, tienes que colocar un c\u00f3digo promocional para ella. El mismo es &#8220;REY&#8221; y lo puedes poner en la casilla de &#8220;c\u00f3digo de bonificaci\u00f3n&#8221;<\/strong>. Cuando hagas este paso y realices tu dep\u00f3sito ver\u00e1s el dinero adjudicado all\u00ed para comenzar a jugar en los juegos de casino que desees. Es una oportunidad que no puedes dejar pasar . Adem\u00e1s esta oferta tiene otro obsequio para ti y trata del exclusivo Bonus Bingo y una invitaci\u00f3n para los torneos de slots que posee. <a href=\"https:\/\/recor.to\/rushbet\" target=\"_blank\" rel=\"noreferrer noopener nofollow sponsored\">Conoce m\u00e1s desde aqu\u00ed <\/a><\/p>\n\n\n\n<h3 class=\"wp-block-heading\"><strong>T\u00e9rminos y Condiciones <\/strong><\/h3>\n\n\n\n<ul class=\"wp-block-list\">\n<li>Esta oferta es \u00fanicamente para nuevos jugadores con su primer dep\u00f3sito. Solo podr\u00e1 ser reclamada una \u00fanica vez por jugador<\/li>\n\n\n\n<li>Es importe m\u00e1xima de la oferta es de $40.000<\/li>\n\n\n\n<li>Es v\u00e1lido para todas las opciones de pago, con excepci\u00f3n de PTM<\/li>\n\n\n\n<li>En el caso de depositar por <strong>EFECTY, GRUPO \u00c9XITO, PUNTORED, LA REBAJA, MOVII<\/strong> debes hacer primero el dep\u00f3sito y agregar el c\u00f3digo despu\u00e9s bajo la opci\u00f3n Depositar-&gt;Dep\u00f3sitos Recientes-&gt;Agregar Bono. Tienes 48h desde el dep\u00f3sito para redimirlo<\/li>\n\n\n\n<li>Para poder retirar tus ganancias debes apostar el Bono un total de 10 veces.<\/li>\n\n\n\n<li>Para liberar el Bono puedes jugar en Casino tipo Slots, Video Bingo o Slingo <\/li>\n\n\n\n<li>Juegos como Blackjack y otros de cartas cuenta con un 20% mientras que la Ruleta cuenta con un 10% del valor. Los que no se tendr\u00e1n en cuenta son los deportes y las apuestas en ellos <\/li>\n<\/ul>\n\n\n\n<figure class=\"wp-block-image size-large\"><a href=\"https:\/\/recor.to\/rushbet\" target=\"_blank\" rel=\"noreferrer noopener nofollow sponsored\"><img decoding=\"async\" width=\"1024\" height=\"512\" src=\"https:\/\/supercuotas.gratis\/wp-content\/uploads\/2023\/02\/Registrarse-en-Rushbet-1024x512.jpg\" alt=\"rushbet bono casino\" class=\"wp-image-26444\" srcset=\"https:\/\/supercuotas.gratis\/wp-content\/uploads\/2023\/02\/Registrarse-en-Rushbet-1024x512.jpg 1024w, https:\/\/supercuotas.gratis\/wp-content\/uploads\/2023\/02\/Registrarse-en-Rushbet-300x150.jpg 300w, https:\/\/supercuotas.gratis\/wp-content\/uploads\/2023\/02\/Registrarse-en-Rushbet-768x384.jpg 768w, https:\/\/supercuotas.gratis\/wp-content\/uploads\/2023\/02\/Registrarse-en-Rushbet.jpg 1500w\" sizes=\"(max-width: 1024px) 100vw, 1024px\" \/><\/a><\/figure>\n\n\n\n<p><a href=\"https:\/\/supercuotas.gratis\/co\/\" data-type=\"URL\" data-id=\"https:\/\/supercuotas.gratis\/co\/\" target=\"_blank\" rel=\"noreferrer noopener\">haciendo click aqu\u00ed<\/a> puedes conocer m\u00e1s sobre nosotros<\/p>\n\n\n\n<h2 class=\"wp-block-heading\">Preguntas Frecuentes sobre el Bono Casino de Rushbet <\/h2>\n\n\n\n<div class=\"wp-block-rank-math-faq-block\"><div class=\"rank-math-faq-item\"><h3 class=\"rank-math-question\">\u00bfEs seguro jugar aqu\u00ed?<\/h3><div class=\"rank-math-answer\">Si, esta es una de las mejores casas de apuestas que puedes encontrar en todo Colombia y una de las m\u00e1s seguras <\/div><\/div><div class=\"rank-math-faq-item\"><h3 class=\"rank-math-question\">\u00bfC\u00f3mo me registro aqu\u00ed?<\/h3><div class=\"rank-math-answer\">Es muy simple. Lo \u00fanico que debes hacer es completar el proceso de registro ingresando en la p\u00e1gina y yendo hacia el bot\u00f3n correspondiente. All\u00ed ver\u00e1s dos formularios que debes completar con datos personales y datos de contacto. Para finalizar solo queda que crees una cuenta con un nombre de usuario \u00fanico y una contrase\u00f1a segura <\/div><\/div><div class=\"rank-math-faq-item\"><h3 class=\"rank-math-question\">\u00bfCu\u00e1nto tiempo demora el proceso de registro?<\/h3><div class=\"rank-math-answer\">Podr\u00e1s hacerlo en unos pocos minutos de tu d\u00eda <\/div><\/div><div class=\"rank-math-faq-item\"><h3 class=\"rank-math-question\">\u00bfQue sucede si tengo alg\u00fan problema dentro?<\/h3><div class=\"rank-math-answer\">Rushbet cuenta con un chat de soporte que funciona las 24 horas el d\u00eda <\/div><\/div><div class=\"rank-math-faq-item\"><h3 class=\"rank-math-question\">\u00bfTiene Rushbet una app para descargar?<\/h3><div class=\"rank-math-answer\">Si, podr\u00e1s usarla para tu m\u00f3vil o para tu tablet <\/div><\/div><div class=\"rank-math-faq-item\"><h3 class=\"rank-math-question\">\u00bfQu\u00e9 alternativas tengo dentro de la casa?<\/h3><div class=\"rank-math-answer\">Podr\u00e1s jugar tanto en deportes como en juegos de casino <\/div><\/div><div class=\"rank-math-faq-item\"><h3 class=\"rank-math-question\">\u00bfDebo ser mayor de 18 a\u00f1os para jugar aqu\u00ed?<\/h3><div class=\"rank-math-answer\">Si, es obligatorio <\/div><\/div><\/div>\n","protected":false},"excerpt":{"rendered":"<p>Rushbet es sin duda alguna una de las mejores casas de apuesta que puedes encontrar en Colombia y por eso es que en este art\u00edculo te vamos a contar todo lo que posee su Bono Casino. Con esta promoci\u00f3n podr\u00e1s disponer de dinero extra para disfrutar de los mejores juegos de una de las secciones &#8230; <a title=\"Rushbet Bono Casino \u00bb \u00a1$40 MIL de Bienvenida!\" class=\"read-more\" href=\"https:\/\/supercuotas.gratis\/co\/rushbet-bono-casino-especial-colombia\/\" aria-label=\"Read more about Rushbet Bono Casino \u00bb \u00a1$40 MIL de Bienvenida!\">Read more<\/a><\/p>\n","protected":false},"author":67,"featured_media":0,"parent":0,"menu_order":0,"comment_status":"closed","ping_status":"closed","template":"","meta":{"_uag_custom_page_level_css":"","generate_page_header":"","footnotes":""},"class_list":["post-26425","page","type-page","status-publish"],"uagb_featured_image_src":{"full":false,"thumbnail":false,"medium":false,"medium_large":false,"large":false,"1536x1536":false,"2048x2048":false},"uagb_author_info":{"display_name":"Rodrigo Paz","author_link":"https:\/\/supercuotas.gratis\/co\/author\/rodrigo-paz\/"},"uagb_comment_info":0,"uagb_excerpt":"Rushbet es sin duda alguna una de las mejores casas de apuesta que puedes encontrar en Colombia y por eso es que en este art\u00edculo te vamos a contar todo lo que posee su Bono Casino. Con esta promoci\u00f3n podr\u00e1s disponer de dinero extra para disfrutar de los mejores juegos de una de las secciones&hellip;","_links":{"self":[{"href":"https:\/\/supercuotas.gratis\/co\/wp-json\/wp\/v2\/pages\/26425","targetHints":{"allow":["GET"]}}],"collection":[{"href":"https:\/\/supercuotas.gratis\/co\/wp-json\/wp\/v2\/pages"}],"about":[{"href":"https:\/\/supercuotas.gratis\/co\/wp-json\/wp\/v2\/types\/page"}],"author":[{"embeddable":true,"href":"https:\/\/supercuotas.gratis\/co\/wp-json\/wp\/v2\/users\/67"}],"replies":[{"embeddable":true,"href":"https:\/\/supercuotas.gratis\/co\/wp-json\/wp\/v2\/comments?post=26425"}],"version-history":[{"count":0,"href":"https:\/\/supercuotas.gratis\/co\/wp-json\/wp\/v2\/pages\/26425\/revisions"}],"wp:attachment":[{"href":"https:\/\/supercuotas.gratis\/co\/wp-json\/wp\/v2\/media?parent=26425"}],"curies":[{"name":"wp","href":"https:\/\/api.w.org\/{rel}","templated":true}]}}