{"id":26305,"date":"2023-02-21T18:39:26","date_gmt":"2023-02-21T17:39:26","guid":{"rendered":"https:\/\/supercuotas.gratis\/?page_id=26305"},"modified":"2023-06-12T09:03:08","modified_gmt":"2023-06-12T07:03:08","slug":"luckia","status":"publish","type":"page","link":"https:\/\/supercuotas.gratis\/co\/luckia\/","title":{"rendered":"Luckia | Bonos + Rese\u00f1a COMPLETA"},"content":{"rendered":"\n<p>Luckia es una de las mejores casas de apuestas que puedes encontrar en Colombia y aqu\u00ed te vamos a contar todo lo que debes saber sobre ella. Haremos una rese\u00f1a completa del sitio, para que sepas todo lo que te encontrar\u00e1s una vez que ingreses. Adem\u00e1s, podr\u00e1s conocer algunas de sus mejores promociones para tener dinero extra y as\u00ed disfrutar de los mejores juegos, tanto en casino como en deportes. Si deseas unirte, <a href=\"https:\/\/recor.to\/luckiaco\" target=\"_blank\" rel=\"noopener nofollow sponsored\">solo debes hacer click aqu\u00ed<\/a> y comenzar el proceso de registro&nbsp;<\/p>\n\n\n\n<figure class=\"wp-block-image size-large\"><a href=\"https:\/\/recor.to\/luckiaco\" target=\"_blank\" rel=\"noreferrer noopener nofollow sponsored\"><img fetchpriority=\"high\" decoding=\"async\" width=\"1024\" height=\"314\" src=\"https:\/\/supercuotas.gratis\/wp-content\/uploads\/2023\/02\/Luckia-1024x314.jpg\" alt=\"luckia analisis\" class=\"wp-image-26325\" srcset=\"https:\/\/supercuotas.gratis\/wp-content\/uploads\/2023\/02\/Luckia-1024x314.jpg 1024w, https:\/\/supercuotas.gratis\/wp-content\/uploads\/2023\/02\/Luckia-300x92.jpg 300w, https:\/\/supercuotas.gratis\/wp-content\/uploads\/2023\/02\/Luckia-768x236.jpg 768w, https:\/\/supercuotas.gratis\/wp-content\/uploads\/2023\/02\/Luckia-1536x472.jpg 1536w, https:\/\/supercuotas.gratis\/wp-content\/uploads\/2023\/02\/Luckia-2048x629.jpg 2048w\" sizes=\"(max-width: 1024px) 100vw, 1024px\" \/><\/a><\/figure>\n\n\n\n<h2 class=\"wp-block-heading\"><strong>Todo lo que debes conocer sobre Luckia <\/strong><\/h2>\n\n\n\n<p><strong>Hemos se\u00f1alado antes que Luckia es una de las mejores casas de apuestas que tienes en Colombia. Te preguntar\u00e1s \u00bfpor qu\u00e9 se puede afirmar esto? Bueno aqu\u00ed te lo vamos a contar.<\/strong> En este art\u00edculo te vas a enterar de todas las opciones de juego que tienes dentro, como se compone la casa y sus ofertas, entre otras cosas. Ten en claro que todo lo que contemos podr\u00e1s verlo con tus propios ojos <a href=\"https:\/\/recor.to\/luckiaco\" target=\"_blank\" rel=\"noreferrer noopener nofollow sponsored\">desde aqu\u00ed <\/a><\/p>\n\n\n\n<p>Una de las primeras cuestiones en las que podemos centrarnos son sus a\u00f1os en el mercado de las apuestas. Tener experiencia aqu\u00ed es una gran ventaja con respecto a las otras casas de apuestas<strong>. Luckia lleva a\u00f1os con los juegos de casino online o las apuestas deportivas. Podemos decir que por este motivo conoce a la perfecci\u00f3n los gustos de los jugadores colombianos.<\/strong><\/p>\n\n\n\n<p><strong>Otra de la cuestiones a tener en cuenta es que es una casa que tiene muy en claro cuales son los objetivos que debe perseguir<\/strong>, d\u00eda a d\u00eda, para seguir siendo catalogada como tal. Como podr\u00e1s ver a continuaci\u00f3n, los mismos est\u00e1n completamente relacionados con el bienestar y la comodidad de los jugadores dentro de la casa. Esta es la gran prioridad que Luckia posee con respecto a los usuarios.<\/p>\n\n\n\n<p><strong>Entonces, el objetivo m\u00e1s importante que persigue la casa de apuestas, o uno de ellos, es el de brindar un servicio de entretenimiento y diversi\u00f3n de la m\u00e1s alta calidad posible. Para poder lograr esto es necesario que algunas cuestiones est\u00e9n a la altura de lo esperado por todos los jugadores<\/strong>. Entre los m\u00e1s importantes tiene la calidad y cantidad de juegos, las ofertas, la variedad de los m\u00e9todo de pago y su interfaz<\/p>\n\n\n\n<h3 class=\"wp-block-heading\"><strong>Luckia y la seguridad de los usuarios<\/strong><\/h3>\n\n\n\n<p>Hemos comentado a estas alturas que uno de los puntos m\u00e1s fuertes de la casa de apuestas son la diversi\u00f3n y el entretenimiento, pero no es el \u00fanico. <strong>Existe otra factor determinante para que la casa funcione como corresponde y que los jugadores no tengan problemas dentro de ella. Es vital para cualquier casa de este estilo, sin ella no podr\u00eda llevarse a cabo.<\/strong><\/p>\n\n\n\n<p><strong>Claramente aqu\u00ed estamos hablando del factor de la seguridad<\/strong>. Es tan importante este para Luckia que desde hace varios a\u00f1os que ha adquirido un software de alta seguridad para proteger a todos aquellos que se registren en la casa. <strong>La intenci\u00f3n que tiene el mismo es hacer que tu \u00fanica preocupaci\u00f3n sea la de jugar, pasar grandes momento y ganar dinero, claramente.<\/strong><\/p>\n\n\n\n<p>Lastimosamente, en los \u00faltimos a\u00f1os se han visto algunas pr\u00e1cticas negativas para las casas de apuestas en forma general. Y con este software lo que se intenta evitar es cualquier intromisi\u00f3n por parte de personas ajenas a la empresa que tengan malas intenciones. Entre estas pr\u00e1cticas se han podido ver intentos de robos de datos, robos de identidad o hackeos en las cuentas. Podr\u00e1s conocer m\u00e1s sobre \u00e9l <a href=\"https:\/\/recor.to\/luckiaco\" target=\"_blank\" rel=\"noreferrer noopener nofollow sponsored\">desde aqu\u00ed <\/a><\/p>\n\n\n\n<h4 class=\"wp-block-heading\"><strong>Disfruta en todo momento <\/strong><\/h4>\n\n\n\n<p><strong>Una vez que formes parte de la casa de apuestas, si todav\u00eda no tienes una cuenta puedes obtenerla en unos pocos segundos <a href=\"https:\/\/recor.to\/luckiaco\" target=\"_blank\" rel=\"noreferrer noopener nofollow sponsored\">desde aqu\u00ed<\/a>, tendr\u00e1s acceso a su chat de soporte. \u00bfEn qu\u00e9 consiste el mismo? Este chat de soporte te permite comunicarte con los encargados<\/strong> de las diferentes ramas de Luckia, tener contacto con ellos, los cuales est\u00e1n sumamente preparados para solucionar cualquier problemas que tengas.<\/p>\n\n\n\n<p>Este chat se encuentra en la p\u00e1gina principal de Luckia, en la parte inferior. Como dijimos, podr\u00e1s comunicarte con los encargados y ellos te ayudar\u00e1n en lo que haga falta. El mismo estar\u00e1 disponible las 24 horas del d\u00eda y los 7 d\u00edas de la semana. Aqu\u00ed podr\u00e1s hacer preguntas, sacarte cualquier duda que tengas y tambi\u00e9n realizar reclamos, en caso que los mismos sean correspondientes <\/p>\n\n\n\n<figure class=\"wp-block-image size-large\"><a href=\"https:\/\/recor.to\/luckiaco\" target=\"_blank\" rel=\"noreferrer noopener nofollow sponsored\"><img decoding=\"async\" width=\"1024\" height=\"424\" src=\"https:\/\/supercuotas.gratis\/wp-content\/uploads\/2023\/02\/luckia-bono-casino-1024x424.png\" alt=\"luckia bonos\" class=\"wp-image-26283\" srcset=\"https:\/\/supercuotas.gratis\/wp-content\/uploads\/2023\/02\/luckia-bono-casino-1024x424.png 1024w, https:\/\/supercuotas.gratis\/wp-content\/uploads\/2023\/02\/luckia-bono-casino-300x124.png 300w, https:\/\/supercuotas.gratis\/wp-content\/uploads\/2023\/02\/luckia-bono-casino-768x318.png 768w, https:\/\/supercuotas.gratis\/wp-content\/uploads\/2023\/02\/luckia-bono-casino.png 1348w\" sizes=\"(max-width: 1024px) 100vw, 1024px\" \/><\/a><\/figure>\n\n\n\n<h2 class=\"wp-block-heading\"><strong>Los mejores juegos de Luckia<\/strong><\/h2>\n\n\n\n<p>Conociendo el factor de la seguridad y algunos otros, podemos centrarnos en los principales juegos que tiene la casa de apuestas. <strong>Podemos decir, entonces, que Luckia posee dos grandes secciones para jugar, divertirte y apostar. Una de ellas son los mejores y m\u00e1s populares juegos de casino. La otra opci\u00f3n est\u00e1 compuesta por las apuestas deportivas y los eventos m\u00e1s importantes dependiendo de las fechas. <\/strong><\/p>\n\n\n\n<h3 class=\"wp-block-heading\"><strong>Juegos de casino <\/strong><\/h3>\n\n\n\n<p>Los amantes del casino encuentran en Luckia un lugar ideal para jugar y apostar. <strong>Una de las mejores opciones que tienes aqu\u00ed para jugar es la Ruleta. En este juego deber\u00e1s adivinar donde caer\u00e1 la bola blanca y con ella podr\u00e1s llevarte las mejores ganancias. Para que no te aburras, la casa posee varios estilos de la misma. Podr\u00e1s jugar en la versi\u00f3n de Ruleta americana o en la versi\u00f3n de Ruleta europea, entre otras.<\/strong><\/p>\n\n\n\n<p><strong>La siguiente opci\u00f3n que te traemos en la secci\u00f3n de casino es, posiblemente, el juego de cartas m\u00e1s conocidos y jugado en las entidades de este estilo. Claramente estamos hablando de Blackjack.<\/strong> Son los propios jugadores y expertos en la materia los que hablan de un juego ideal para aprovechar todas las facilidades que te da la secci\u00f3n de &#8220;casino en vivo&#8221;.<\/p>\n\n\n\n<p><strong>Por \u00faltimo, el siguiente juego son los tragamonedas<\/strong>. Los Slots son ideales para probar que la suerte est\u00e1 de tu lado y tienen fan\u00e1ticos en todos los rincones del mundo. Estos juegos se dividen en dos. Un grupo est\u00e1 destinado para novatos, teniendo en cuenta su facilidad de entendimiento, y tambi\u00e9n tienes los slots m\u00e1s complejos para los expertos. La secci\u00f3n de casino de Luckia posee un Bono Casino para que juegues con dinero extra <\/p>\n\n\n\n<h3 class=\"wp-block-heading\"><strong>Apuestas deportivas <\/strong><\/h3>\n\n\n\n<p><strong>Luckia tiene otra secci\u00f3n para sus jugadores, a la cual podr\u00e1s acceder con la misma cuenta que para los juegos de casino. La misma trata de las apuestas en eventos deportivos. Los amantes del deporte encuentran aqu\u00ed una gran variedad de ellos para poder apostar y demostrar cu\u00e1nto saben de los mismo. <\/strong>Con Luckia podr\u00e1s jugar en encuentros de f\u00fatbol, v\u00f3ley, tenis, rugby o b\u00e1squet, tanto en la NBA como en lo torneos FIBA.<\/p>\n\n\n\n<p>Anteriormente hemos hablado de la gran ventaja que tiene la casa de apuestas por tener a\u00f1os de experiencia en el mercado y aqu\u00ed podemos ver una. Luckia conoce el gusto de los jugadores colombianos y reconoce al f\u00fatbol como el deporte m\u00e1s consumido. Por eso es que tienes una secci\u00f3n especial dentro de las apuestas deportivas donde podr\u00e1s ver todos los partidos del d\u00eda.<\/p>\n\n\n\n<p>Aqu\u00ed tienes el torneo local de Colombia, donde podr\u00e1s ganar dinero por apoyar a tu equipo favorito. <strong>Las ligas de la regi\u00f3n tambi\u00e9n estar\u00e1n aqu\u00ed. Podr\u00e1s jugar y apostar en encuentros del torneo de Brasil, Argentina, M\u00e9xico y muchos otros pa\u00edses. Claro que el f\u00fatbol de Europa tambi\u00e9n dice presente. No s\u00f3lo puedes jugar en la Premier League, Serie A, la Bundesliga o La Liga, sino que tambi\u00e9n tienes acceso a los torneos internacionales como la Champions League o la Europa League, entre otros<\/strong>. Conoce el Bono de Bienvenida para deportes <a href=\"https:\/\/recor.to\/luckiaco\" target=\"_blank\" rel=\"noreferrer noopener nofollow sponsored\">desde aqu\u00ed <\/a><\/p>\n\n\n\n<h2 class=\"wp-block-heading\"><strong>Juega en Luckia<\/strong><\/h2>\n\n\n\n<p>Es el momento de disfrutar y jugar en una de las mejores casas de apuestas que puedes encontrarte en el territorio colombiano. Lo \u00fanico que debes saber es que para poder jugar debes residir en Colombia y ser mayor de 18 a\u00f1os. Luego podr\u00e1s abrirte una cuenta cuando quieras y reclamar las promociones de Bienvenida. Es una oportunidad que no puedes dejar pasar. Es un buen momento para ganar dinero mientras apuestas y te diviertes. <a href=\"https:\/\/recor.to\/luckiaco\" target=\"_blank\" rel=\"noreferrer noopener nofollow sponsored\">\u00danete hoy mismo <\/a><\/p>\n\n\n\n<figure class=\"wp-block-image size-full is-resized\"><a href=\"https:\/\/recor.to\/luckiaco\" target=\"_blank\" rel=\"noreferrer noopener nofollow sponsored\"><img decoding=\"async\" src=\"https:\/\/supercuotas.gratis\/wp-content\/uploads\/2023\/02\/md_1625232661-luckia-colombia-bienvenido.webp\" alt=\"luckia \" class=\"wp-image-26335\" width=\"1032\" height=\"545\" srcset=\"https:\/\/supercuotas.gratis\/wp-content\/uploads\/2023\/02\/md_1625232661-luckia-colombia-bienvenido.webp 720w, https:\/\/supercuotas.gratis\/wp-content\/uploads\/2023\/02\/md_1625232661-luckia-colombia-bienvenido-300x158.webp 300w\" sizes=\"(max-width: 1032px) 100vw, 1032px\" \/><\/a><\/figure>\n\n\n\n<p>Podr\u00e1s conocer m\u00e1s sobre nosotros con solo hacer <a href=\"https:\/\/supercuotas.gratis\/co\/\" target=\"_blank\" rel=\"noreferrer noopener\">click aqu\u00ed <\/a><\/p>\n\n\n\n<h2 class=\"wp-block-heading\"><strong>Preguntas Frecuentes sobre Luckia Colombia <\/strong><\/h2>\n\n\n\n<div class=\"wp-block-rank-math-faq-block\"><div class=\"rank-math-faq-item\"><h3 class=\"rank-math-question\">\u00bfEs seguro jugar aqu\u00ed?<\/h3><div class=\"rank-math-answer\">Si, podemos decir que Luckia no solo es una de las mejores casas de apuestas sino que es una de las m\u00e1s seguras para jugar y apostar <\/div><\/div><div class=\"rank-math-faq-item\"><h3 class=\"rank-math-question\">\u00bfC\u00f3mo me registro en Luckia? <\/h3><div class=\"rank-math-answer\">Es muy simple el proceso de registro. Lo primero que debes hacer es ingresar en la p\u00e1gina de la casa de apuestas y dirigirte hab\u00eda el bot\u00f3n de registro. Una vez all\u00ed podr\u00e1s ver dos formularios que debes completar con datos personales y datos de contacto. Para finalizar solo queda que crees una cuenta con un nombre de usuario \u00fanico, es decir que no est\u00e9 siendo usado por otro jugador, y una contrase\u00f1a segura <\/div><\/div><div class=\"rank-math-faq-item\"><h3 class=\"rank-math-question\">\u00bfCu\u00e1nto tiempo demora el proceso de registro?<\/h3><div class=\"rank-math-answer\">Este proceso podr\u00e1s hacerlo en unos pocos minutos <\/div><\/div><div class=\"rank-math-faq-item\"><h3 class=\"rank-math-question\">\u00bfQu\u00e9 sucede si tengo alg\u00fan problema dentro de la casa?<\/h3><div class=\"rank-math-answer\">Luckia cuenta con un chat de soporte que funciona las 24 horas del d\u00eda <\/div><\/div><div class=\"rank-math-faq-item\"><h3 class=\"rank-math-question\">\u00bfQu\u00e9 alternativas de juego tengo aqu\u00ed?<\/h3><div class=\"rank-math-answer\">Podr\u00e1s jugar en la secci\u00f3n de apuestas deportivas y en los juegos de casino<\/div><\/div><div class=\"rank-math-faq-item\"><h3 class=\"rank-math-question\">\u00bfTiene la casa una app para descargar?<\/h3><div class=\"rank-math-answer\">Si, podr\u00e1s tenerla en tu tablet o m\u00f3vil<\/div><\/div><div class=\"rank-math-faq-item\"><h3 class=\"rank-math-question\">\u00bfDebo ser mayor de 18 a\u00f1os para jugar aqu\u00ed?<\/h3><div class=\"rank-math-answer\">Si, es obligatorio <\/div><\/div><\/div>\n","protected":false},"excerpt":{"rendered":"<p>Luckia es una de las mejores casas de apuestas que puedes encontrar en Colombia y aqu\u00ed te vamos a contar todo lo que debes saber sobre ella. Haremos una rese\u00f1a completa del sitio, para que sepas todo lo que te encontrar\u00e1s una vez que ingreses. Adem\u00e1s, podr\u00e1s conocer algunas de sus mejores promociones para tener &#8230; <a title=\"Luckia | Bonos + Rese\u00f1a COMPLETA\" class=\"read-more\" href=\"https:\/\/supercuotas.gratis\/co\/luckia\/\" aria-label=\"Read more about Luckia | Bonos + Rese\u00f1a COMPLETA\">Read more<\/a><\/p>\n","protected":false},"author":67,"featured_media":0,"parent":0,"menu_order":0,"comment_status":"closed","ping_status":"closed","template":"","meta":{"_uag_custom_page_level_css":"","generate_page_header":"","footnotes":""},"class_list":["post-26305","page","type-page","status-publish"],"uagb_featured_image_src":{"full":false,"thumbnail":false,"medium":false,"medium_large":false,"large":false,"1536x1536":false,"2048x2048":false},"uagb_author_info":{"display_name":"Rodrigo Paz","author_link":"https:\/\/supercuotas.gratis\/co\/author\/rodrigo-paz\/"},"uagb_comment_info":0,"uagb_excerpt":"Luckia es una de las mejores casas de apuestas que puedes encontrar en Colombia y aqu\u00ed te vamos a contar todo lo que debes saber sobre ella. Haremos una rese\u00f1a completa del sitio, para que sepas todo lo que te encontrar\u00e1s una vez que ingreses. Adem\u00e1s, podr\u00e1s conocer algunas de sus mejores promociones para tener&hellip;","_links":{"self":[{"href":"https:\/\/supercuotas.gratis\/co\/wp-json\/wp\/v2\/pages\/26305","targetHints":{"allow":["GET"]}}],"collection":[{"href":"https:\/\/supercuotas.gratis\/co\/wp-json\/wp\/v2\/pages"}],"about":[{"href":"https:\/\/supercuotas.gratis\/co\/wp-json\/wp\/v2\/types\/page"}],"author":[{"embeddable":true,"href":"https:\/\/supercuotas.gratis\/co\/wp-json\/wp\/v2\/users\/67"}],"replies":[{"embeddable":true,"href":"https:\/\/supercuotas.gratis\/co\/wp-json\/wp\/v2\/comments?post=26305"}],"version-history":[{"count":1,"href":"https:\/\/supercuotas.gratis\/co\/wp-json\/wp\/v2\/pages\/26305\/revisions"}],"predecessor-version":[{"id":28839,"href":"https:\/\/supercuotas.gratis\/co\/wp-json\/wp\/v2\/pages\/26305\/revisions\/28839"}],"wp:attachment":[{"href":"https:\/\/supercuotas.gratis\/co\/wp-json\/wp\/v2\/media?parent=26305"}],"curies":[{"name":"wp","href":"https:\/\/api.w.org\/{rel}","templated":true}]}}