{"id":26251,"date":"2023-02-21T15:27:10","date_gmt":"2023-02-21T14:27:10","guid":{"rendered":"https:\/\/supercuotas.gratis\/?page_id=26251"},"modified":"2023-02-21T15:27:13","modified_gmt":"2023-02-21T14:27:13","slug":"yajuego","status":"publish","type":"page","link":"https:\/\/supercuotas.gratis\/co\/yajuego\/","title":{"rendered":"YaJuego | Bonos + Rese\u00f1a COMPLETA"},"content":{"rendered":"\n<p><strong>Para todos aquellos usuarios de Colombia, traemos una rese\u00f1a que te dar\u00e1n ganas de acceder este sitio de apuestas<\/strong>. Dentro del mismo encontrar\u00e1s juegos, bonos, promociones, seguridad y sobre todo la mejor interfaz para realizar tus jugadas. Claramente estamos hablando de unos de los sitios l\u00edder en este territorio, YaJuego. Dentro de esta p\u00e1gina encontrar\u00e1s tu lugar de apuestas en el mundo, ya que esta pensado por amantes de las apuestas, para quienes aman los juegos de azar tanto como tu. <strong>Debes quedarte pegado a este escrito, ya que te ense\u00f1aremos todo sobre este sitio y sobre todo a <a href=\"https:\/\/recor.to\/yajuego\" target=\"_blank\" rel=\"noreferrer noopener nofollow sponsored\">completar el proceso de registro<\/a>. <\/strong><\/p>\n\n\n\n<figure class=\"wp-block-image size-large\"><a href=\"https:\/\/recor.to\/yajuego\" target=\"_blank\" rel=\"noreferrer noopener nofollow sponsored\"><img fetchpriority=\"high\" decoding=\"async\" width=\"1024\" height=\"430\" src=\"https:\/\/supercuotas.gratis\/wp-content\/uploads\/2023\/02\/yajuego-1024x430.png\" alt=\"yajuego\" class=\"wp-image-26253\" srcset=\"https:\/\/supercuotas.gratis\/wp-content\/uploads\/2023\/02\/yajuego-1024x430.png 1024w, https:\/\/supercuotas.gratis\/wp-content\/uploads\/2023\/02\/yajuego-300x126.png 300w, https:\/\/supercuotas.gratis\/wp-content\/uploads\/2023\/02\/yajuego-768x322.png 768w, https:\/\/supercuotas.gratis\/wp-content\/uploads\/2023\/02\/yajuego.png 1365w\" sizes=\"(max-width: 1024px) 100vw, 1024px\" \/><\/a><\/figure>\n\n\n\n<h2 class=\"wp-block-heading\">Conoce los primero aspectos dentro de YaJuego<\/h2>\n\n\n\n<p>Ingresando dentro de este prestigioso sitio de apuestas como lo es YaJuego,<strong> podr\u00e1s encontrar un servicio de excelencia para encontrarte sumamente seguro y escuchado.<\/strong> Esta p\u00e1gina cuenta con una intachable trayectoria dentro del mundo de las apuestas, llev\u00e1ndole a cada uno de sus usuarios las mejores jugadas. Para que de esta forma puedan entretenerse por una gran variedad de tiempo, y acceder a los mejores juegos. Tienes que tener en cuenta que, <strong>podr\u00e1s <a href=\"https:\/\/recor.to\/yajuego\" target=\"_blank\" rel=\"noreferrer noopener nofollow sponsored\">acceder a bonos, promociones<\/a> y diversos sectores de azar en los cuales encontrar\u00e1s la mejor diversi\u00f3n. <\/strong><\/p>\n\n\n\n<p>Accediendo a este sitio de apuestas, <strong>tendr\u00e1s la posibilidad de obtener cientos y miles de juegos, siendo todos y cada uno de ellos sumamente seguros.<\/strong> Esto se debe a que cada sector de apuestas est\u00e1 abastecido por los mejores proveedores de juegos de apuestas, los cuales cumplen con todas las normas necesarias para encontrarse dentro de YaJuego. Es por eso que a la hora de realizar tus jugadas, las mismas estar\u00e1n sumamente protegidas. <strong>Dentro de este <a href=\"https:\/\/recor.to\/yajuego\" target=\"_blank\" rel=\"noreferrer noopener nofollow sponsored\">sitio de apuestas<\/a>, podr\u00e1s acceder a, apuestas deportivas, casino, casino en vivo,<\/strong> entre otras imperdibles ramas de apuestas para jugar y divertirte por una ampl\u00eda variedad de tiempo. <\/p>\n\n\n\n<p>Para poder aumentar tus primero ingresos en esta casa de apuestas, tendr\u00e1s la posibilidad de acceder a grandes bonos y promociones. <strong>Los cuales, todos ellos, te brindar\u00e1n los mejores beneficios dentro de este sitio de apuesta<\/strong>s. En el caso que desees conocer m\u00e1s sobre sitios de apuestas dentro de Colombia, te dejamos un <a href=\"https:\/\/supercuotas.gratis\/co\/\" target=\"_blank\" rel=\"noreferrer noopener\">enlace directo de supercuotas.gratis<\/a> para que leas m\u00e1s sobre ellos. En esta ocasi\u00f3n no nos centraremos solo en un beneficio, sino que hablaremos sobre todos y cada uno de ellos.<strong> Adem\u00e1s, te explicaremos de forma r\u00e1pida y breve, como <a href=\"https:\/\/recor.to\/yajuego\" target=\"_blank\" rel=\"noreferrer noopener nofollow sponsored\">completar tu formulario de registro<\/a>.<\/strong><\/p>\n\n\n\n<h2 class=\"wp-block-heading\">Reg\u00edstrate dentro de YaJuego, para obtener tus beneficios<\/h2>\n\n\n\n<p>Para poder llevar a cabo todos y cada uno de los procesos dentro de esta casa de apuestas, tendr\u00e1s que completar el formulario de registro. <strong>El cual solamente te tomar\u00e1 cinco minutos llevarlo a cabo, ya que dentro de esta p\u00e1gina encontrar\u00e1s una interfaz optima para navegar<\/strong> y llevar a cabo los procesos de forma sumamente eficaz. Cuando hayas finalizado cada uno de estos procesos podr\u00e1s obtener grandiosos bonos para aumentar tus ingresos en este sitio. <strong>Para proseguir con este an\u00e1lisis te contaremos paso a paso, como realizar esta acci\u00f3n.<\/strong><\/p>\n\n\n\n<p>Para acceder a un usuario dentro de <a href=\"https:\/\/recor.to\/yajuego\" target=\"_blank\" rel=\"noreferrer noopener nofollow sponsored\">YaJuego<\/a>, <strong>deber\u00e1s acceder a realizar los siguientes pasos:<\/strong> <\/p>\n\n\n\n<ul class=\"wp-block-list\">\n<li>Lo primero que tendr\u00e1s que realizar es, <strong>ingresar dentro del sitio oficial de esta casa de apuestas.<\/strong><\/li>\n\n\n\n<li>Una vez dentro de la misma, deber\u00e1s dirigirte hac\u00eda el sector superior derecho y <strong>hacer clic en el bot\u00f3n azul que dice &#8220;registrarse<\/strong>&#8220;.<\/li>\n\n\n\n<li>Cuando haya concretado la acci\u00f3n mencionada, se abrir\u00e1 un formulario de registro.<\/li>\n\n\n\n<li>Este deber\u00e1 ser completado con los <strong>datos solicitados por esta casa de apuestas.<\/strong><\/li>\n\n\n\n<li>Finalizado estos pasos, <strong>acepta los t\u00e9rminos y condiciones de este <a href=\"https:\/\/recor.to\/yajuego\" target=\"_blank\" rel=\"noreferrer noopener nofollow sponsored\">sitio<\/a>. <\/strong><\/li>\n\n\n\n<li>Concretado cada uno de estos pasos, <strong>ya ser\u00e1s usuario de YaJuego. <\/strong><\/li>\n<\/ul>\n\n\n\n<p>Luego de haber llevado a cabo todos estos pasos, habr\u00e1s concluido con el proceso de registro de manera sumamente correcta. <strong>Tienes que tener en cuenta que, solamente podr\u00e1s obtener un solo usuario por direcci\u00f3n de IP<\/strong>. Lo que esto quiere decir es que, solo podr\u00e1s registrarte una sola vez. En el caso que quieras volver a llevar a cabo este proceso, el sitio de apuestas no te permitir\u00e1 hacerlo. Adem\u00e1s debes tener en cuenta que, todos y cada uno de los datos que ingreses dentro de <a href=\"https:\/\/recor.to\/yajuego\" target=\"_blank\" rel=\"noreferrer noopener nofollow sponsored\">YaJuego<\/a>, estar\u00e1n sumamente protegidos. <strong>Gracias a su gran variedad de normas de seguridad.<\/strong><\/p>\n\n\n\n<h3 class=\"wp-block-heading\">Variedad y calidad dentro de sus sectores de apuestas<\/h3>\n\n\n\n<p><strong>Como has podido observar cada uno de los pasos para realizar el proceso de registro, son sumamente seguros<\/strong>. Ahora deber\u00e1s conocer todos los sectores de apuestas que encontrar\u00e1s dentro de YaJuego, con los cuales podr\u00e1s disfrutar de todos los beneficios que este sitio posee para ti. Tienes que tener en cuenta que todos y cada uno de los juegos que encontrar\u00e1s son sumamente seguros. <strong>Ya que cada uno de ellos, son distribuidos por los mejores proveedores de juegos de apuestas.<\/strong> En el caso que poseas dudas sobre estos procesos, encontrar\u00e1s un grandioso servicio de atenci\u00f3n al cliente las 24 horas del d\u00eda.<\/p>\n\n\n\n<p><strong>Casino y Casino en vivo:<\/strong> cuando accedas dentro de esta rama de apuestas, podr\u00e1s encontrar los mejores juegos de casino de todo el territorio colombiano. <strong>Ya que podr\u00e1s encontrar los mejores slots de todo Colombia, para que de esta manera puedas entretenerte por tiempo ilimitado. <\/strong>Cuando hablamos de casino en vivo, hablamos de vivir la mejor experiencia de todas. Ya que de esta manera podr\u00e1s obtener la sensaci\u00f3n de acceder a un casino real. <strong>Dentro del mismo podr\u00e1s acceder a blackjack, baccarat, ruletas, entre otros juegos de esta modalidad<\/strong>.<\/p>\n\n\n\n<p><strong>Apuestas deportivas:<\/strong> aqu\u00ed es donde los amantes de los deportes son sumamente felices, ya que dentro de este fabuloso sector podr\u00e1s encontrar los mejores deportes. Dentro de los mismos <strong>podr\u00e1s acceder a realizar las mejores jugadas de todas, ya sean dentro de los eventos nacionales como internacionales<\/strong>. Para ejemplificar las mismas, podr\u00e1s acceder a apostar dentro de Champions League, Copa Libertadores, Copa Sudamericana, entre otros grandes eventos del f\u00fatbol internacional. <strong>No solo podr\u00e1s jugar en eventos de f\u00fatbol, sino que tambi\u00e9n podr\u00e1s hacerlo en cientos de deportes<\/strong>. Para que de esta manera, todos los jugadores accedan a sus deportes y eventos predilectos. <\/p>\n\n\n\n<figure class=\"wp-block-image size-large\"><a href=\"https:\/\/recor.to\/yajuego\" target=\"_blank\" rel=\"noreferrer noopener nofollow sponsored\"><img decoding=\"async\" width=\"1024\" height=\"437\" src=\"https:\/\/supercuotas.gratis\/wp-content\/uploads\/2023\/02\/yajuego-analisis-1024x437.png\" alt=\"yajuego analisis\" class=\"wp-image-26262\" srcset=\"https:\/\/supercuotas.gratis\/wp-content\/uploads\/2023\/02\/yajuego-analisis-1024x437.png 1024w, https:\/\/supercuotas.gratis\/wp-content\/uploads\/2023\/02\/yajuego-analisis-300x128.png 300w, https:\/\/supercuotas.gratis\/wp-content\/uploads\/2023\/02\/yajuego-analisis-768x328.png 768w, https:\/\/supercuotas.gratis\/wp-content\/uploads\/2023\/02\/yajuego-analisis.png 1346w\" sizes=\"(max-width: 1024px) 100vw, 1024px\" \/><\/a><\/figure>\n\n\n\n<h2 class=\"wp-block-heading\">Los mejores beneficios, siempre dentro de YaJuego<\/h2>\n\n\n\n<p>Dentro de esta grandiosa <a href=\"https:\/\/recor.to\/yajuego\" target=\"_blank\" rel=\"noreferrer noopener nofollow sponsored\">casa de apuestas<\/a> <strong>encontrar\u00e1s una ampl\u00eda variedad de bonos y promociones, con los cuales tendr\u00e1s la posibilidad de obtener diversos beneficios.<\/strong> Recuerda que para obtener cada una de las bonificaciones que mencionaremos a continuaci\u00f3n, tendr\u00e1s que haber completado el formulario de registro. El mismo lo hemos mencionado con anterioridad, para que de esta manera puedas llegar la obtenci\u00f3n de estos bonos, con un usuario creado. Para que tengas en cuenta, solamente podr\u00e1s obtener una vez por usuario cada uno de estos beneficios. <strong>En el caso que desees volver a reclamarlo, no podr\u00e1s hacerlo ya que no aparecer\u00e1 en tu lista de beneficios.<\/strong><\/p>\n\n\n\n<p>Para aquellos amantes de las apuestas deportivas, tendr\u00e1 un grandiosos paquete de bienvenida. <strong>Con el cual podr\u00e1n obtener el 100% de su primer ingreso hasta $300.000 + 2 apuestas completamente gratis. <\/strong>El mismo podr\u00e1 ser utilizado dentro de todos y cada uno de los deportes que encuentres en esta casa de apuestas. Tienes que tener en cuenta que, para acceder a este bono de bienvenida, deber\u00e1s ser un nuevo usuario de YaJuego. Recuerda que solamente podr\u00e1s obtener uno de los bonos de bienvenida, <strong>esto quiere decir que tendr\u00e1s que elegir entre el bono de casino o apuestas deportivas. <\/strong><\/p>\n\n\n\n<p>El sector casino tambi\u00e9n trae los mejores beneficios de apuestas, <strong>con los cuales podr\u00e1s obtener hasta el 50% de tu primer ingreso hasta $300.000<\/strong>, para poder jugar en este sector. Ten en cuenta que podr\u00e1s utilizar esta bonificaci\u00f3n para ambos sectores de casino y casino en vivo. Cada uno de estos bonos cuentan con t\u00e9rminos y condiciones, los cuales deber\u00e1s cumplir de manera sumamente estricta. Ya que en el caso que no sigas estas condiciones no podr\u00e1s acceder a cada uno de estos beneficios. \u00bf<strong>Est\u00e1s listo para reclamarlos?<\/strong><\/p>\n\n\n\n<figure class=\"wp-block-image size-full\"><a href=\"https:\/\/recor.to\/yajuego\" target=\"_blank\" rel=\"noreferrer noopener nofollow sponsored\"><img decoding=\"async\" width=\"962\" height=\"617\" src=\"https:\/\/supercuotas.gratis\/wp-content\/uploads\/2023\/02\/yajuego-bonos.png\" alt=\"yajuego bonos\" class=\"wp-image-26271\" srcset=\"https:\/\/supercuotas.gratis\/wp-content\/uploads\/2023\/02\/yajuego-bonos.png 962w, https:\/\/supercuotas.gratis\/wp-content\/uploads\/2023\/02\/yajuego-bonos-300x192.png 300w, https:\/\/supercuotas.gratis\/wp-content\/uploads\/2023\/02\/yajuego-bonos-768x493.png 768w\" sizes=\"(max-width: 962px) 100vw, 962px\" \/><\/a><\/figure>\n\n\n<p>[ratings]<\/p>\n\n\n\n<h2 class=\"wp-block-heading\">Preguntas frecuentes dentro de Yajuego<\/h2>\n\n\n\n<div class=\"wp-block-rank-math-faq-block\"><div class=\"rank-math-faq-item\"><h3 class=\"rank-math-question\">\u00bfQu\u00e9 es YaJuego?<\/h3><div class=\"rank-math-answer\">Este es un sitio de apuestas en el cual podr\u00e1s realizar las mejores jugadas, dentro de todo Colombia. <\/div><\/div><div class=\"rank-math-faq-item\"><h3 class=\"rank-math-question\">\u00bfQu\u00e9 posee este sitio?<\/h3><div class=\"rank-math-answer\">Cuenta con una gran variedad de bonos, promociones y juegos de apuestas. <\/div><\/div><div class=\"rank-math-faq-item\"><h3 class=\"rank-math-question\">\u00bfPara disfrutar de estos beneficios debo ser usuario?<\/h3><div class=\"rank-math-answer\">Si deseas accedes a estos beneficios dentro de esta casa de apuestas, deber\u00e1s completar el formulario de registro.<\/div><\/div><div class=\"rank-math-faq-item\"><h3 class=\"rank-math-question\">\u00bfC\u00f3mo me registro?<\/h3><div class=\"rank-math-answer\">Accediendo a esta casa de apuestas, y completando su formulario de registro. De esta forma, ser\u00e1 usuario dentro de este sitio de apuestas. <\/div><\/div><div class=\"rank-math-faq-item\"><h3 class=\"rank-math-question\">\u00bfPodr\u00e9 encontrar beneficios en este sitio de apuestas?<\/h3><div class=\"rank-math-answer\">Si, tendr\u00e1s la oportunidad de acceder a una gran variedad de bonos de bienvenida y promociones. A las cuales podr\u00e1s acceder solo una vez por usuario registrado. <\/div><\/div><div class=\"rank-math-faq-item\"><h3 class=\"rank-math-question\">\u00bfEs seguro este sitio de apuestas?<\/h3><div class=\"rank-math-answer\">YaJuego es completamente seguro, ya que posee una ampl\u00eda variedad de m\u00e9todos de seguridad con los cuales podr\u00e1s estar protegido. <\/div><\/div><div class=\"rank-math-faq-item\"><h3 class=\"rank-math-question\">\u00bfPara acceder a este prestigioso sitio de apuestas como YaJuego, debo ser mayor?<\/h3><div class=\"rank-math-answer\">Para poder ingresar a ser usuario de este sitio de apuestas, tendr\u00e1s que haber cumplido la mayor\u00eda de edad. Sino posees la misma, no podr\u00e1s completar el formulario de registro.<\/div><\/div><\/div>\n","protected":false},"excerpt":{"rendered":"<p>Para todos aquellos usuarios de Colombia, traemos una rese\u00f1a que te dar\u00e1n ganas de acceder este sitio de apuestas. Dentro del mismo encontrar\u00e1s juegos, bonos, promociones, seguridad y sobre todo la mejor interfaz para realizar tus jugadas. Claramente estamos hablando de unos de los sitios l\u00edder en este territorio, YaJuego. Dentro de esta p\u00e1gina encontrar\u00e1s &#8230; <a title=\"YaJuego | Bonos + Rese\u00f1a COMPLETA\" class=\"read-more\" href=\"https:\/\/supercuotas.gratis\/co\/yajuego\/\" aria-label=\"Read more about YaJuego | Bonos + Rese\u00f1a COMPLETA\">Read more<\/a><\/p>\n","protected":false},"author":74,"featured_media":0,"parent":0,"menu_order":0,"comment_status":"closed","ping_status":"closed","template":"","meta":{"_uag_custom_page_level_css":"","generate_page_header":"","footnotes":""},"class_list":["post-26251","page","type-page","status-publish"],"uagb_featured_image_src":{"full":false,"thumbnail":false,"medium":false,"medium_large":false,"large":false,"1536x1536":false,"2048x2048":false},"uagb_author_info":{"display_name":"Facundo","author_link":"https:\/\/supercuotas.gratis\/co\/author\/facundo\/"},"uagb_comment_info":0,"uagb_excerpt":"Para todos aquellos usuarios de Colombia, traemos una rese\u00f1a que te dar\u00e1n ganas de acceder este sitio de apuestas. Dentro del mismo encontrar\u00e1s juegos, bonos, promociones, seguridad y sobre todo la mejor interfaz para realizar tus jugadas. Claramente estamos hablando de unos de los sitios l\u00edder en este territorio, YaJuego. Dentro de esta p\u00e1gina encontrar\u00e1s&hellip;","_links":{"self":[{"href":"https:\/\/supercuotas.gratis\/co\/wp-json\/wp\/v2\/pages\/26251","targetHints":{"allow":["GET"]}}],"collection":[{"href":"https:\/\/supercuotas.gratis\/co\/wp-json\/wp\/v2\/pages"}],"about":[{"href":"https:\/\/supercuotas.gratis\/co\/wp-json\/wp\/v2\/types\/page"}],"author":[{"embeddable":true,"href":"https:\/\/supercuotas.gratis\/co\/wp-json\/wp\/v2\/users\/74"}],"replies":[{"embeddable":true,"href":"https:\/\/supercuotas.gratis\/co\/wp-json\/wp\/v2\/comments?post=26251"}],"version-history":[{"count":0,"href":"https:\/\/supercuotas.gratis\/co\/wp-json\/wp\/v2\/pages\/26251\/revisions"}],"wp:attachment":[{"href":"https:\/\/supercuotas.gratis\/co\/wp-json\/wp\/v2\/media?parent=26251"}],"curies":[{"name":"wp","href":"https:\/\/api.w.org\/{rel}","templated":true}]}}