{"id":35279,"date":"2024-01-22T00:08:18","date_gmt":"2024-01-21T23:08:18","guid":{"rendered":"https:\/\/supercuotas.gratis\/?page_id=35279"},"modified":"2024-01-22T00:08:19","modified_gmt":"2024-01-21T23:08:19","slug":"rojabet-nuevo-bono-apuestas-deportivas-codigos-promocionales","status":"publish","type":"page","link":"https:\/\/supercuotas.gratis\/cl\/rojabet-nuevo-bono-apuestas-deportivas-codigos-promocionales\/","title":{"rendered":"Rojabet Bono Apuestas Deportivas \u00bb \u00a11.000.000 CLP de Bienvenida!"},"content":{"rendered":"\n<p>Tienes todo un mundo nuevo por descubrir. <a href=\"https:\/\/recor.to\/rojabet\" target=\"_blank\" rel=\"noreferrer noopener nofollow sponsored\">Accede ahora a Rojabet, registra una cuenta a tu nombre<\/a> y recibe un espectacular bono para apuestas deportivas. S\u00f3lo con hacerte una cuenta y hacer tu primer dep\u00f3sito, <strong>recibir\u00e1s un 100% extra de hasta 200.000 CLP<\/strong>. Sigue leyendo esta rese\u00f1a para conocer todo acerca de Rojabet. <strong>\u00a1No te pierdas esta gran oportunidad!<\/strong><\/p>\n\n\n\n<figure class=\"wp-block-image size-large\"><a href=\"https:\/\/recor.to\/rojabet\" target=\"_blank\" rel=\"noreferrer noopener nofollow sponsored\"><img fetchpriority=\"high\" decoding=\"async\" width=\"1024\" height=\"314\" src=\"https:\/\/supercuotas.gratis\/wp-content\/uploads\/2024\/01\/ROJABET-bono-apuestas-deportivas-1024x314.png\" alt=\"ROJABET bono apuestas deportivas\" class=\"wp-image-35280\" srcset=\"https:\/\/supercuotas.gratis\/wp-content\/uploads\/2024\/01\/ROJABET-bono-apuestas-deportivas-1024x314.png 1024w, https:\/\/supercuotas.gratis\/wp-content\/uploads\/2024\/01\/ROJABET-bono-apuestas-deportivas-300x92.png 300w, https:\/\/supercuotas.gratis\/wp-content\/uploads\/2024\/01\/ROJABET-bono-apuestas-deportivas-768x235.png 768w, https:\/\/supercuotas.gratis\/wp-content\/uploads\/2024\/01\/ROJABET-bono-apuestas-deportivas.png 1300w\" sizes=\"(max-width: 1024px) 100vw, 1024px\" \/><\/a><\/figure>\n\n\n\n<h2 class=\"wp-block-heading\"><strong>\u00bfPor qu\u00e9 deber\u00eda elegir Rojabet como mi sitio de apuestas?<\/strong><\/h2>\n\n\n\n<p>Nadie puede decirte qu\u00e9 p\u00e1gina de apuestas escoger para jugar y divertirte. Lo \u00fanico que <strong>te sugerimos es hacer un repaso por los mejores sitios para determinar cu\u00e1l es tu favorito y poder entrar sabiendo de qu\u00e9 se trata<\/strong>. Luego de leer esta rese\u00f1a terminar\u00e1s por conocer todas las ventajas que tiene Rojabet por la calidad, sus cuotas y su bono de bienvenida para apuestas deportivas. Adem\u00e1s, es <strong>un lugar con prestigio nacional e internacional<\/strong>. <\/p>\n\n\n\n<p><a href=\"https:\/\/supercuotas.gratis\/cl\/rojabet\/\" target=\"_blank\" rel=\"noreferrer noopener\">Para comenzar tienes que saber de qu\u00e9 se trata el sitio<\/a> y c\u00f3mo se origin\u00f3. <strong>Rojabet forma parte del grupo\u00a0Media Entertainment NV,\u00a0una de las empresas de juegos de azar l\u00edderes en el mundo<\/strong>. A\u00f1os de experiencia avalan a esta plataforma, con un equipo detr\u00e1s que busca ofrecer el mejor servicio posible. Con una alta <strong>calidad, seguridad y transparencia<\/strong>, Rojabet fue gan\u00e1ndose el aval de todos los usuarios del sitio que se multiplican a\u00f1o tras a\u00f1o. <\/p>\n\n\n\n<p>En la actualidad, el mercado de apuestas online es algo que crece exponencialmente en todo el mundo. Por eso vas a encontrar todo el tiempo miles de sitios web con diferentes propuestas. En el caso de Rojabet,<strong> es una plataforma que se ha convertido en una de las favoritas de los jugadores chilenos ya que ofrece todo lo que necesitan sin necesidad de buscar en varios lugares<\/strong>.<a href=\"https:\/\/recor.to\/rojabet\" target=\"_blank\" rel=\"noreferrer noopener nofollow sponsored\"> Ingresa ahora a la p\u00e1gina para verificar todas las disciplinas deportivas y juegos en los que puedes apostar<\/a>.<\/p>\n\n\n\n<p>Todos sabemos que <strong>el f\u00fatbol es el deporte por excelencia en Chile, por eso las opciones para apostar en este mercado son infinitas<\/strong>. Podr\u00e1s mostrar cu\u00e1ntos sabes de la liga chilena pero tambi\u00e9n de todo el f\u00fatbol mundial en cualquier competencia. Y no solo eso, tambi\u00e9n hay una<strong> gran variedad de deportes<\/strong>, junto al <strong>bono para apuestas deportivas que har\u00e1 todo m\u00e1s f\u00e1cil en Rojabet.<\/strong><\/p>\n\n\n\n<h2 class=\"wp-block-heading\"><strong>Bono para apuestas deportivas y mucho m\u00e1s en Rojabet<\/strong><\/h2>\n\n\n\n<p>Una de las razones por las que muchos apostadores ingresan a leer art\u00edculos sobre Rojabet <strong>es la b\u00fasqueda del bono de bienvenida para apuestas deportivas<\/strong>. Teniendo en cuenta semejante regalo, es entendible que todos quieran saber sobre \u00e9l. Es que, <strong>dicho bono, otorga a los jugadores que ingresen por primera vez al sitio un 100% hasta 200.000 CLP por el primer dep\u00f3sito<\/strong>. Un 75% extra hasta 300.000 CLP por el segundo, y un 50% hasta 500.000 CLP con el tercer dep\u00f3sito. <\/p>\n\n\n\n<p><strong>M\u00e1s abajo te contaremos en detalle c\u00f3mo conseguir de manera sencilla este bono<\/strong> para apuestas deportivas en Rojabet. Primero es bueno concentrarse en todas los beneficios y oportunidades que ofrece el sitio, uno de los m\u00e1s completos en todo el continente. Muchos llegan aqu\u00ed pregunt\u00e1ndose si Rojabet es un sitio seguro. <strong>Este es uno de los puntos altos de la plataforma, gracias a los sistemas de encriptaci\u00f3n con certificado SSL. Ten cuidado al ingresar en cualquier lugar sin las garant\u00edas necesarias.<\/strong><\/p>\n\n\n\n<p>Por otro lado, podr\u00e1s <strong>navegar por la p\u00e1gina desde tu celular<\/strong> si cuentas con un <strong>dispositivo iOS o Android<\/strong>. Rojabet tiene tambi\u00e9n una App de primera mano y gran navegabilidad para que no necesites de tu computadora a la hora de jugar. Podr\u00e1s <a href=\"https:\/\/recor.to\/rojabet\" target=\"_blank\" rel=\"noreferrer noopener nofollow sponsored\">ingresar al sitio desde tu m\u00f3vil<\/a> y <strong>apostar desde cualquier lugar en el que te encuentres<\/strong>. Si te gusta el entretenimiento de los juegos de casino, jugar\u00e1s miles de juegos desde la comodidad de tu tel\u00e9fono.<\/p>\n\n\n\n<h3 class=\"wp-block-heading\"><strong>Un casino online de primer nivel<\/strong><\/h3>\n\n\n\n<p>Mencionamos los juegos de Casino, porque, a pesar de sus destacadas apuestas deportivas, Rojabet es un sitio muy completo. Por eso es que tambi\u00e9n tiene <strong>un casino online incre\u00edble, con miles de pasatiempos y entretenimientos para que no dejes de jugar.<\/strong> Si eres de los cl\u00e1sicos, ve en busca de las m\u00e1quinas tragamonedas que tienen una variedad alucinante.<strong> O puedes probar tu valent\u00eda y confianza en juegos de mesa como el Blackjack, el P\u00f3quer y la Ruleta<\/strong>.<\/p>\n\n\n\n<p>Tambi\u00e9n tendr\u00e1s la opci\u00f3n de jugar en <strong>mesas en vivo, donde un crupier real guiar\u00e1 el juego.<\/strong> De esta manera podr\u00e1s conocer otros jugadores y <strong>meterte de lleno en una atm\u00f3sfera tan real como la de un casino<\/strong> pero desde tu computadora, celular o tablet. Todo esto y mucho m\u00e1s\u00a0bajo la calidad de la tecnolog\u00eda de Evolution Gaming, respetada en todo el mundo.<\/p>\n\n\n\n<p>Y no creas que el bono de bienvenida o las promociones s\u00f3lo est\u00e1n disponibles para los amantes del deporte. Rojabet tiene para ti un <strong>bono de bienvenida para casino<\/strong>, si es que te gusta m\u00e1s que las apuestas deportivas. Adem\u00e1s encontrar\u00e1s <strong>Bonos Cashback<\/strong> para reembolsar el 15% de tus apuestas. Tambi\u00e9n el <strong>Bono Semanal<\/strong>, <strong>torneos <\/strong>y <strong>premios millonarios<\/strong> en algunas tragamonedas. <a href=\"https:\/\/recor.to\/rojabet\" target=\"_blank\" rel=\"noreferrer noopener nofollow sponsored\">Reg\u00edstrate ahora para conocer todo esto y disfrutar al m\u00e1ximo<\/a>.<\/p>\n\n\n\n<figure class=\"wp-block-image size-large\"><a href=\"https:\/\/recor.to\/rojabet\" target=\"_blank\" rel=\"noreferrer noopener nofollow sponsored\"><img decoding=\"async\" width=\"1024\" height=\"321\" src=\"https:\/\/supercuotas.gratis\/wp-content\/uploads\/2024\/01\/rojabet-oferta-para-deportes-1024x321.png\" alt=\"rojabet oferta para deportes\" class=\"wp-image-35293\" srcset=\"https:\/\/supercuotas.gratis\/wp-content\/uploads\/2024\/01\/rojabet-oferta-para-deportes-1024x321.png 1024w, https:\/\/supercuotas.gratis\/wp-content\/uploads\/2024\/01\/rojabet-oferta-para-deportes-300x94.png 300w, https:\/\/supercuotas.gratis\/wp-content\/uploads\/2024\/01\/rojabet-oferta-para-deportes-768x241.png 768w, https:\/\/supercuotas.gratis\/wp-content\/uploads\/2024\/01\/rojabet-oferta-para-deportes.png 1198w\" sizes=\"(max-width: 1024px) 100vw, 1024px\" \/><\/a><\/figure>\n\n\n\n<h2 class=\"wp-block-heading\"><strong>C\u00f3mo adquirir el bono para apuestas deportivas de Rojabet<\/strong><\/h2>\n\n\n\n<p>Si llegaste hasta aqu\u00ed, ya sabes todas las<strong> generalidades que tienes que conocer acerca de Rojabet y su bono de bienvenida para apuestas deportivas y casino<\/strong>. Solo te queda <a href=\"https:\/\/recor.to\/rojabet\" target=\"_blank\" rel=\"noreferrer noopener nofollow sponsored\">ingresar a la p\u00e1gina para empezar a disfrutar del mejor casino online de Chile<\/a>. Pero antes, te ense\u00f1aremos <strong>c\u00f3mo obtener el preciado bono por primer dep\u00f3sito<\/strong>.<\/p>\n\n\n\n<p>Para obtener el bono de bienvenida para apuestas deportivas en Rojabet, como primer punto deber\u00e1s <a href=\"https:\/\/recor.to\/rojabet\" target=\"_blank\" rel=\"noreferrer noopener nofollow sponsored\">registrarte en la plataforma y completar la informaci\u00f3n que te solicita la p\u00e1gina<\/a>. Una vez registrado, tendr\u00e1s que realizar el primer dep\u00f3sito en tu nueva cuenta. Como te contamos anteriormente, Rojabet te dar\u00e1 autom\u00e1ticamente un bono de bienvenida del 100% adicional hasta 200.000 CLP. Es importante tener en cuenta que solo puedes escoger entre uno de los dos bonos de bienvenida disponibles. <\/p>\n\n\n\n<p>El bono se acreditar\u00e1 autom\u00e1ticamente despu\u00e9s de realizar el dep\u00f3sito, otorg\u00e1ndote un saldo adicional para realizar tus apuestas. Antes de realizar cualquier retiro, aseg\u00farate de cumplir con los requisitos de apuesta establecidos por Rojabet para el bono, los cuales suelen estar detallados en los t\u00e9rminos y condiciones de la oferta. A continuaci\u00f3n te dejaremos algunos \u00edtems para que tengas en cuenta antes de ingresar.<\/p>\n\n\n\n<h3 class=\"wp-block-heading\">T\u00e9rminos y condiciones del bono <\/h3>\n\n\n\n<ul class=\"wp-block-list\">\n<li>La promoci\u00f3n tendr\u00e1 validez solo para los usuarios que se registren correctamente por primera vez en Rojabet<\/li>\n\n\n\n<li>La oferta est\u00e1 disponible UNA vez por usuario, persona, direcci\u00f3n IP, Correo y cuenta bancaria. Si el sitio detecta m\u00e1s de una cuenta por persona, podr\u00e1 acceder a dar de baja alguna de ellas, o suspender ambas por tiempo indeterminado <\/li>\n\n\n\n<li>El monto m\u00e1ximo del bono por primer dep\u00f3sito es de 200.000 CLP.\u00a0En el caso de que deposites un monto mayor al estipulado en la oferta, solo podr\u00e1s recibir los 200.000 CLP como parte del bono<\/li>\n\n\n\n<li>Para acceder al bono, tendr\u00e1s que hacer un primer dep\u00f3sito m\u00ednimo de 5.000 CLP o su equivalente en otra moneda <\/li>\n\n\n\n<li>Para poder retirar el dinero del bono, deber\u00e1s cumplir con el rollover indicado en las condiciones. Esto significa que tendr\u00e1s que jugar la totalidad del bono una determinada cantidad de veces con sus respectivas cuotas<\/li>\n\n\n\n<li>Una vez que se active tu bono por primer dep\u00f3sito, tendr\u00e1s un total de 15 d\u00edas para poder cumplir con el rollover indicado en la promoci\u00f3n y retirar tus ganancias. Si superas este l\u00edmite, se anular\u00e1n el bono y las ganancias del mismo<\/li>\n\n\n\n<li><a href=\"https:\/\/recor.to\/rojabet\" target=\"_blank\" rel=\"noreferrer noopener nofollow sponsored\">Revisa todos los t\u00e9rminos y condiciones ingresando a la p\u00e1gina de Rojabet<\/a><\/li>\n<\/ul>\n\n\n\n<figure class=\"wp-block-image size-large is-resized\"><a href=\"https:\/\/recor.to\/rojabet\" target=\"_blank\" rel=\"noreferrer noopener nofollow sponsored\"><img decoding=\"async\" width=\"1024\" height=\"280\" src=\"https:\/\/supercuotas.gratis\/wp-content\/uploads\/2024\/01\/rojabet-apuestas-chile-1024x280.png\" alt=\"rojabet apuestas chile\" class=\"wp-image-35306\" style=\"width:1015px;height:auto\" srcset=\"https:\/\/supercuotas.gratis\/wp-content\/uploads\/2024\/01\/rojabet-apuestas-chile-1024x280.png 1024w, https:\/\/supercuotas.gratis\/wp-content\/uploads\/2024\/01\/rojabet-apuestas-chile-300x82.png 300w, https:\/\/supercuotas.gratis\/wp-content\/uploads\/2024\/01\/rojabet-apuestas-chile-768x210.png 768w, https:\/\/supercuotas.gratis\/wp-content\/uploads\/2024\/01\/rojabet-apuestas-chile.png 1306w\" sizes=\"(max-width: 1024px) 100vw, 1024px\" \/><\/a><\/figure>\n\n\n<p>[Ratings]<\/p>\n\n\n\n<h2 class=\"wp-block-heading\"><strong>Preguntas Frecuentes<\/strong><\/h2>\n\n\n\n<div class=\"wp-block-rank-math-faq-block\"><div class=\"rank-math-faq-item\"><h3 class=\"rank-math-question\">\u00bfC\u00f3mo puedo obtener mi registro en Rojabet?<\/h3><div class=\"rank-math-answer\">Para registrarte en Rojabet Chile, simplemente tienes que <a href=\"https:\/\/recor.to\/rojabet\" target=\"_blank\" rel=\"noreferrer noopener nofollow sponsored\">visitar su sitio web<\/a>, hacer clic en el bot\u00f3n &#8220;registrarse&#8221; que est\u00e1n en la esquina superior derecha y completar el formulario con la informaci\u00f3n solicitada por el sitio<\/div><\/div><div class=\"rank-math-faq-item\"><h3 class=\"rank-math-question\">\u00bfQu\u00e9 hago si olvid\u00e9 mi contrase\u00f1a?<\/h3><div class=\"rank-math-answer\">Cuando vayas a iniciar sesi\u00f3n, haz clic en la pregunta &#8220;\u00bfOlvid\u00f3 su contrase\u00f1a? All\u00ed te pedir\u00e1n un mail donde enviar\u00e1n las instrucciones para que la recuperes de inmediato<\/div><\/div><div class=\"rank-math-faq-item\"><h3 class=\"rank-math-question\">\u00bfC\u00f3mo retiro mis ganancias?<\/h3><div class=\"rank-math-answer\">Inicia sesi\u00f3n y ve al men\u00fa Retirar fondos. Luego llena el formulario correctamente y ya est\u00e1. Solo deber\u00e1s esperar un tiempo hasta que se realice el procesamiento del m\u00e9todo de pago elegido<\/div><\/div><div class=\"rank-math-faq-item\"><h3 class=\"rank-math-question\">\u00bfEs obligatorio ser mayor de edad para tener una cuenta en Rojabet?<\/h3><div class=\"rank-math-answer\">S\u00ed, Rojabet se ajusta a las leyes de Chile. Para poder tener una cuenta debes haber cumplido como m\u00ednimo 18 a\u00f1os ya que los juegos y entretenimientos est\u00e1n destinados a personas mayores de edad<\/div><\/div><div class=\"rank-math-faq-item\"><h3 class=\"rank-math-question\">\u00bfPuedo tener m\u00e1s de una cuenta?<\/h3><div class=\"rank-math-answer\">No. Rojabet solo permite una cuenta por jugador.\u00a0En el caso de que registres m\u00e1s de una cuenta se te suspender\u00e1n todas. Una vez solucionado el conflicto la \u00fanica que se habilitar\u00e1 ser\u00e1 la primera cuenta registrada<\/div><\/div><div class=\"rank-math-faq-item\"><h3 class=\"rank-math-question\">\u00bfHay un importe m\u00ednimo de apuestas?<\/h3><div class=\"rank-math-answer\">S\u00ed, el importe m\u00ednimo por apuesta es de $400 CLP<\/div><\/div><div class=\"rank-math-faq-item\"><h3 class=\"rank-math-question\">\u00bfQu\u00e9 son las cuotas?<\/h3><div class=\"rank-math-answer\">Una cuota es la probabilidad que se le da a cada apuesta y que define lo que corresponde pagar a una apuesta ganadora<\/div><\/div><\/div>\n\n\n","protected":false},"excerpt":{"rendered":"<p>Tienes todo un mundo nuevo por descubrir. Accede ahora a Rojabet, registra una cuenta a tu nombre y recibe un espectacular bono para apuestas deportivas. S\u00f3lo con hacerte una cuenta y hacer tu primer dep\u00f3sito, recibir\u00e1s un 100% extra de hasta 200.000 CLP. Sigue leyendo esta rese\u00f1a para conocer todo acerca de Rojabet. \u00a1No te &#8230; <a title=\"Rojabet Bono Apuestas Deportivas \u00bb \u00a11.000.000 CLP de Bienvenida!\" class=\"read-more\" href=\"https:\/\/supercuotas.gratis\/cl\/rojabet-nuevo-bono-apuestas-deportivas-codigos-promocionales\/\" aria-label=\"Leer m\u00e1s sobre Rojabet Bono Apuestas Deportivas \u00bb \u00a11.000.000 CLP de Bienvenida!\">Read more<\/a><\/p>\n","protected":false},"author":85,"featured_media":0,"parent":0,"menu_order":0,"comment_status":"closed","ping_status":"closed","template":"","meta":{"_uag_custom_page_level_css":"","generate_page_header":"","footnotes":""},"class_list":["post-35279","page","type-page","status-publish"],"uagb_featured_image_src":{"full":false,"thumbnail":false,"medium":false,"medium_large":false,"large":false,"1536x1536":false,"2048x2048":false},"uagb_author_info":{"display_name":"Tomas","author_link":"https:\/\/supercuotas.gratis\/cl\/author\/tomas\/"},"uagb_comment_info":0,"uagb_excerpt":"Tienes todo un mundo nuevo por descubrir. Accede ahora a Rojabet, registra una cuenta a tu nombre y recibe un espectacular bono para apuestas deportivas. S\u00f3lo con hacerte una cuenta y hacer tu primer dep\u00f3sito, recibir\u00e1s un 100% extra de hasta 200.000 CLP. Sigue leyendo esta rese\u00f1a para conocer todo acerca de Rojabet. \u00a1No te&hellip;","_links":{"self":[{"href":"https:\/\/supercuotas.gratis\/cl\/wp-json\/wp\/v2\/pages\/35279","targetHints":{"allow":["GET"]}}],"collection":[{"href":"https:\/\/supercuotas.gratis\/cl\/wp-json\/wp\/v2\/pages"}],"about":[{"href":"https:\/\/supercuotas.gratis\/cl\/wp-json\/wp\/v2\/types\/page"}],"author":[{"embeddable":true,"href":"https:\/\/supercuotas.gratis\/cl\/wp-json\/wp\/v2\/users\/85"}],"replies":[{"embeddable":true,"href":"https:\/\/supercuotas.gratis\/cl\/wp-json\/wp\/v2\/comments?post=35279"}],"version-history":[{"count":1,"href":"https:\/\/supercuotas.gratis\/cl\/wp-json\/wp\/v2\/pages\/35279\/revisions"}],"predecessor-version":[{"id":35401,"href":"https:\/\/supercuotas.gratis\/cl\/wp-json\/wp\/v2\/pages\/35279\/revisions\/35401"}],"wp:attachment":[{"href":"https:\/\/supercuotas.gratis\/cl\/wp-json\/wp\/v2\/media?parent=35279"}],"curies":[{"name":"wp","href":"https:\/\/api.w.org\/{rel}","templated":true}]}}