{"id":34630,"date":"2023-12-26T15:29:34","date_gmt":"2023-12-26T14:29:34","guid":{"rendered":"https:\/\/supercuotas.gratis\/?page_id=34630"},"modified":"2023-12-26T15:30:04","modified_gmt":"2023-12-26T14:30:04","slug":"winchile-mejores-salas-de-poker-chile","status":"publish","type":"page","link":"https:\/\/supercuotas.gratis\/cl\/winchile-mejores-salas-de-poker-chile\/","title":{"rendered":"WinChile Mejores Salas de P\u00f3ker Online en 2026"},"content":{"rendered":"\n<p>\u00bfTe gusta el p\u00f3ker? Entonces este art\u00edculo est\u00e1 hecho a tu medida, porque en \u00e9l vamos a repasar <strong>las mejores salas que WinChile tiene para vos.<\/strong> Sin dudas, un combo de diversi\u00f3n y ganancias. <strong><a href=\"https:\/\/recor.to\/winchile\" target=\"_blank\" rel=\"noreferrer noopener nofollow sponsored\">\u00a1Visita la plataforma!<\/a><\/strong><\/p>\n\n\n\n<figure class=\"wp-block-image size-large\"><a href=\"https:\/\/recor.to\/winchile\" target=\"_blank\" rel=\"noreferrer noopener nofollow sponsored\"><img fetchpriority=\"high\" decoding=\"async\" width=\"1024\" height=\"484\" src=\"https:\/\/supercuotas.gratis\/wp-content\/uploads\/2023\/12\/winchile-mejores-salas-poker-1024x484.png\" alt=\"winchile mejores salas p\u00f3ker\" class=\"wp-image-34631\" srcset=\"https:\/\/supercuotas.gratis\/wp-content\/uploads\/2023\/12\/winchile-mejores-salas-poker-1024x484.png 1024w, https:\/\/supercuotas.gratis\/wp-content\/uploads\/2023\/12\/winchile-mejores-salas-poker-300x142.png 300w, https:\/\/supercuotas.gratis\/wp-content\/uploads\/2023\/12\/winchile-mejores-salas-poker-768x363.png 768w, https:\/\/supercuotas.gratis\/wp-content\/uploads\/2023\/12\/winchile-mejores-salas-poker.png 1232w\" sizes=\"(max-width: 1024px) 100vw, 1024px\" \/><\/a><\/figure>\n\n\n\n<h2 class=\"wp-block-heading\"><strong>Las mejores salas de p\u00f3ker de WinChile<\/strong><\/h2>\n\n\n\n<p>Lo que hoy nos convoca son <strong>las mejores salas de p\u00f3ker que WinChile pone a tu disposici\u00f3n.<\/strong> Sin dudas, un cat\u00e1logo impresionante. De esos que te aseguran diversi\u00f3n y al mismo tiempo te brindan la posibilidad de alcanzar grandes ganancias. Adem\u00e1s, vamos a repasar <strong>los principales Bonos<\/strong> de la casa para Chile. Hay un Bono de Bienvenida Sin Dep\u00f3sito y Tres Bonos de Carga, entre otras ofertas. <strong><a href=\"https:\/\/recor.to\/winchile\" target=\"_blank\" rel=\"noreferrer noopener nofollow sponsored\">\u00a1\u00danete a esta comunidad!<\/a><\/strong><\/p>\n\n\n\n<p>Para que disfrutes desde Chile, esta casa posee <strong>una secci\u00f3n completa destinada al p\u00f3ker.<\/strong> Ingresa al Sitio y presiona sobre la categor\u00eda que se ubica en la parte superior derecha de la pantalla. A continuaci\u00f3n, aparecer\u00e1 el men\u00fa completo de salas en las que puedes jugar y, por supuesto, ganar. <\/p>\n\n\n\n<p>A la hora de elegir, <strong>te recomendamos tener paciencia y conocer las distintas Salas de P\u00f3ker.<\/strong> Prueba hasta que des con aquella donde te sientas m\u00e1s c\u00f3modo. De esta manera, tus chances de ganar ser\u00e1n m\u00e1s elevadas. Recuerda que en esta modalidad, dependes de tu capacidad a la hora de jugar. Incluso cuando las cartas no son las mejores. <strong><a href=\"https:\/\/recor.to\/winchile\" target=\"_blank\" rel=\"noreferrer noopener nofollow sponsored\">\u00a1Reg\u00edstrate y empieza a jugar!<\/a><\/strong><\/p>\n\n\n\n<h3 class=\"wp-block-heading\"><strong>\u00bfHay en WinChile un Bono para P\u00f3ker?<\/strong><\/h3>\n\n\n\n<p>Por el momento, <strong>no hay en WinChile un Bono para usar en P\u00f3ker.<\/strong> Claro que hay distintas ofertas, como mencionamos m\u00e1s arriba, pero no destinadas al p\u00f3ker. Sino a otros mercados que la casa brinda en Chile, como por ejemplo las Slots de Casino. M\u00e1s adelante vamos a entrar en los detalles de esas promociones. <\/p>\n\n\n\n<p>M\u00e1s all\u00e1 de esto, recuerda que <strong>de igual manera puedes alcanzar grandes ganancias<\/strong> jugando en las mejores salas de p\u00f3ker de WinChile. Para eso, no hace falta ning\u00fan Bono. Tan solo tu habilidad a la hora de jugar, tu capacidad para aprovechar al m\u00e1ximo tus cartas y al mismo tiempo hacer caer en la trampa a tu rival. Si te gusta este juego, sabes de lo que estamos hablando. <\/p>\n\n\n\n<p>A su vez, hay ciertas ventajas en el hecho de jugar al p\u00f3ker sin un Bono. Aunque a priori no lo parezca. Como por ejemplo el hecho de <strong>no estar atado a ning\u00fan requisito de apuesta.<\/strong> Eres libre de jugar cu\u00e1ndo y c\u00f3mo desees, sin l\u00edmites de tiempo ni montos a respetar. Esa mayor libertad te permitir\u00e1 elaborar tu propia estrategia de juego. Para saber m\u00e1s al respecto, repasa el siguiente art\u00edculo sobre un <strong><em><a href=\"https:\/\/supercuotas.gratis\/cl\/winchile-bono-poker-codigos-promocionales\/\" target=\"_blank\" rel=\"noreferrer noopener\">Bono para P\u00f3ker en WinChile.<\/a><\/em><\/strong> <\/p>\n\n\n\n<h3 class=\"wp-block-heading\"><strong>M\u00e1s informaci\u00f3n sobre las salas de p\u00f3ker de WinChile<\/strong><\/h3>\n\n\n\n<p><strong>Para saber m\u00e1s<\/strong> acerca de las mejores salas de p\u00f3ker de WinChile, su funcionamiento y los premios en juego, <strong>ponte en contacto con el equipo de atenci\u00f3n al cliente<\/strong>. Los profesionales de la casa est\u00e1n capacitados para responder todas las preguntas que tengas al respecto. Como as\u00ed tambi\u00e9n sobre cualquier otro tema vinculado al servicio de la casa en Chile. Siempre de manera amable, por supuesto. Y con la mejor predisposici\u00f3n. <\/p>\n\n\n\n<p><strong><a href=\"https:\/\/recor.to\/winchile\" target=\"_blank\" rel=\"noreferrer noopener nofollow sponsored\">Ingresa a la web de WinChile<\/a> y presiona sobre la opci\u00f3n &#8220;Contacto&#8221;<\/strong> que se ubica en la parte superior derecha de la pantalla. A continuaci\u00f3n aparecer\u00e1n las v\u00edas de comunicaci\u00f3n disponibles, como por ejemplo <strong>un n\u00famero de WhatsApp.<\/strong> Una v\u00eda pr\u00e1ctica y popular, que utilizas a diario para comunicarte. Ser\u00e1s atendido a la brevedad y obtendr\u00e1s respuestas \u00fatiles y oportunas. <\/p>\n\n\n\n<p>Tambi\u00e9n te recomendamos <strong>repasar la secci\u00f3n &#8220;Preguntas Frecuentes&#8221;<\/strong>, ya que all\u00ed encontrar\u00e1s informaci\u00f3n valiosa sobre los distintos t\u00f3picos vinculados al servicio de WinChile. Consulta por las mejores salas de p\u00f3ker y seguramente ver\u00e1s a tu favorita. Para divertirte y tambi\u00e9n hacer dinero a partir de tus habilidades. <\/p>\n\n\n\n<figure class=\"wp-block-image size-large\"><a href=\"https:\/\/recor.to\/winchile\" target=\"_blank\" rel=\"noreferrer noopener nofollow sponsored\"><img decoding=\"async\" width=\"1024\" height=\"444\" src=\"https:\/\/supercuotas.gratis\/wp-content\/uploads\/2023\/12\/winchile-mejores-mesas-de-poker-1024x444.png\" alt=\"winchile mejores mesas de p\u00f3ker\" class=\"wp-image-34643\" srcset=\"https:\/\/supercuotas.gratis\/wp-content\/uploads\/2023\/12\/winchile-mejores-mesas-de-poker-1024x444.png 1024w, https:\/\/supercuotas.gratis\/wp-content\/uploads\/2023\/12\/winchile-mejores-mesas-de-poker-300x130.png 300w, https:\/\/supercuotas.gratis\/wp-content\/uploads\/2023\/12\/winchile-mejores-mesas-de-poker-768x333.png 768w, https:\/\/supercuotas.gratis\/wp-content\/uploads\/2023\/12\/winchile-mejores-mesas-de-poker.png 1236w\" sizes=\"(max-width: 1024px) 100vw, 1024px\" \/><\/a><\/figure>\n\n\n\n<h2 class=\"wp-block-heading\"><strong>Principales Bonos de WinChile para Chile<\/strong><\/h2>\n\n\n\n<h3 class=\"wp-block-heading\"><strong>Bono de Bienvenida sin Dep\u00f3sito<\/strong><\/h3>\n\n\n\n<p>Como adelantamos al comienzo, WinChile pone a tu disposici\u00f3n formidables Bonos. Uno de ellos es el Bono de Bienvenida, que te brinda <strong>10.000 CLP de regalo.<\/strong> S\u00ed, as\u00ed como lees. <strong>\u00a1Ni siquiera tienes que realizar un dep\u00f3sito!<\/strong> No hay dudas de que se trata de una de esas ofertas que no abunda en el mercado y que te recomendamos no dejar pasar. <\/p>\n\n\n\n<p>Para conseguir el Bono de Bienvenida, <strong><a href=\"https:\/\/recor.to\/winchile\" target=\"_blank\" rel=\"noreferrer noopener nofollow sponsored\">abre una cuenta<\/a> y luego act\u00edvala<\/strong>, en un plazo no superior a los 30 d\u00edas. Tan simple como eso. Adem\u00e1s, <strong>activa el Bono<\/strong> desde el \u00edcono de regalo ubicado en la parte superior del Sitio. Eres libre de aceptar o rechazar el uso del Bono, pero de nuestra parte te recomendamos que lo aproveches. De m\u00ednima, no tienes nada que perder. <\/p>\n\n\n\n<p>El Bono de Bienvenida de WinChile <strong>est\u00e1 disponible para un amplio cat\u00e1logo de juegos de casino<\/strong> seleccionados por la casa. No para p\u00f3ker, apuestas deportivas u otro de los mercados. Adem\u00e1s, se trata de una oferta no transferible y <strong>v\u00e1lida una sola vez por Jugador. <\/strong>Si no la reclamas dentro de los tiempos especificados en el p\u00e1rrafo anterior, ya no estar\u00e1 disponible. <\/p>\n\n\n\n<p>Una vez que el Bono es acreditado en tu cuenta, <strong>posee una vigencia de 7 d\u00edas.<\/strong> Ese es el plazo del cual dispones para utilizarlo, no m\u00e1s. Por supuesto, tiempo m\u00e1s que suficiente para que lo disfrutes en los juegos m\u00e1s apasionantes. Si reci\u00e9n te sumas a esta comunidad, para no perd\u00e9rtelo. <strong><em><a href=\"https:\/\/supercuotas.gratis\/cl\/winchile-bono-casino-chile-codigos-promocionales\/\" target=\"_blank\" rel=\"noreferrer noopener\">\u00a1Accede a m\u00e1s informaci\u00f3n sobre este Bono para Casino!<\/a><\/em><\/strong><\/p>\n\n\n\n<h3 class=\"wp-block-heading\"><strong>Bono de Primera, Segunda y Tercera Carga<\/strong><\/h3>\n\n\n\n<p>Otra de las propuestas de la casa, son los Bonos de Carga. En este caso, se trata de tres bonificaciones que se entregan de manera secuencial, una para cada uno de tus tres primeros dep\u00f3sitos. En su conjunto, <strong>\u00a1Obt\u00e9n hasta 300.000 CLP extra para disfrutar en Slots!<\/strong> Una cifra realmente elevada, que te dar\u00e1 m\u00e1s recursos para jugar y mayores chances de ganar. Abajo, el detalle de cada uno de los Bonos: <\/p>\n\n\n\n<ul class=\"wp-block-list\">\n<li><strong>Primera Carga:<\/strong> 100% extra hasta un m\u00e1ximo de 100.000 CLP<\/li>\n\n\n\n<li><strong>Segunda Carga:<\/strong> 25% extra hasta un m\u00e1ximo de 100.000 CLP<\/li>\n\n\n\n<li><strong>Tercera Carga:<\/strong> 50% extra hasta un m\u00e1ximo de 100.000 CLP <\/li>\n<\/ul>\n\n\n\n<p><strong><a href=\"https:\/\/recor.to\/winchile\" target=\"_blank\" rel=\"noreferrer noopener nofollow sponsored\">Hazte un usuario<\/a> y deposita al menos 5.000 CLP<\/strong> para solicitar el primer Bono de Carga. Cumple con los requisito de este, deposita otros 5.000 CLP y reclama el segundo. Y lo mismo con el tercero. Recuerda que debes respetar el orden y completar las condiciones de apuesta del anterior para obtener el siguiente. Te recomendamos aprovechar los Tres Bonos de Carga. <\/p>\n\n\n\n<p>El requisito para liberar cada Bono de Carga consiste en <strong>apostar el equivalente al 75% de la carga realizada<\/strong>. All\u00ed finaliza el Bono, o cuando el saldo en tu cuenta sea inferior a 100 CLP. Adem\u00e1s, cada uno posee <strong>una vigencia de 30 d\u00edas<\/strong> y est\u00e1 disponible para un amplio cat\u00e1logo de Slots. Solo pueden ser reclamados una vez y no son transferibles. Al igual que el Bono de Bienvenida. <\/p>\n\n\n\n<h3 class=\"wp-block-heading\"><strong>Cartilla GanaGOOL para Apuestas Deportivas<\/strong><\/h3>\n\n\n\n<p>Llegamos al final de este art\u00edculo dedicado a las mejores salas de p\u00f3ker de WinChile. Hasta el momento, solo hablamos de Bonos para aprovechar en el Casino. Por lo tanto, consideramos justo hablar de la promoci\u00f3n que la casa tiene para las apuestas deportivas. Se trata de la <strong>Cartilla GanaGOOL<\/strong>, que reparte el porcentaje de un pozo acumulable que va desde un m\u00ednimo <strong>de 500.000 CLP hasta un m\u00e1ximo de 5.000.000 CLP.<\/strong> \u00bfListo para poner a prueba tus conocimientos? <\/p>\n\n\n\n<p>La Cartilla GanaGOOL consta de <strong>un total de 10 eventos deportivos<\/strong>, sobre los cuales efectuar tus pron\u00f3sticos: selecciona Local, Empate o Visita. Y <strong>ganas a partir de los 8 aciertos.<\/strong> A m\u00e1s efectividad, mayor ser\u00e1 el porcentaje del pozo a obtener. De acuerdo a la siguiente categorizaci\u00f3n: <\/p>\n\n\n\n<ul class=\"wp-block-list\">\n<li><strong>10 aciertos:<\/strong> se entrega el 60% del pozo publicado<\/li>\n\n\n\n<li><strong>9 aciertos: <\/strong>se entrega el 30% del pozo publicado<\/li>\n\n\n\n<li><strong>8 aciertos:<\/strong> se entrega el 10% del pozo publicado<\/li>\n<\/ul>\n\n\n\n<p>La Cartilla GanaGOOL <strong>inicia todos los lunes<\/strong> y para participar en ella, debes registrar movimientos de carga en los \u00faltimos 30 d\u00edas. Tambi\u00e9n actividad reciente en el Sitio. Para saber m\u00e1s sobre lo que ofrece esta casa, te dejamos una <strong><em><a href=\"https:\/\/supercuotas.gratis\/cl\/winchile\/\" target=\"_blank\" rel=\"noreferrer noopener\">Rese\u00f1a de WinChile y sus Principales Bonos. <\/a><\/em><\/strong><\/p>\n\n\n\n<figure class=\"wp-block-image size-large\"><a href=\"https:\/\/recor.to\/winchile\" target=\"_blank\" rel=\"noreferrer noopener nofollow sponsored\"><img decoding=\"async\" width=\"1024\" height=\"419\" src=\"https:\/\/supercuotas.gratis\/wp-content\/uploads\/2023\/12\/winchile-torneos-poker-1024x419.png\" alt=\"winchile torneos p\u00f3ker\" class=\"wp-image-34655\" srcset=\"https:\/\/supercuotas.gratis\/wp-content\/uploads\/2023\/12\/winchile-torneos-poker-1024x419.png 1024w, https:\/\/supercuotas.gratis\/wp-content\/uploads\/2023\/12\/winchile-torneos-poker-300x123.png 300w, https:\/\/supercuotas.gratis\/wp-content\/uploads\/2023\/12\/winchile-torneos-poker-768x315.png 768w, https:\/\/supercuotas.gratis\/wp-content\/uploads\/2023\/12\/winchile-torneos-poker.png 1233w\" sizes=\"(max-width: 1024px) 100vw, 1024px\" \/><\/a><\/figure>\n\n\n\n<h2 class=\"wp-block-heading\"><strong>Preguntas frecuentes sobre las salas de p\u00f3ker de WinChile<\/strong><\/h2>\n\n\n\n<div class=\"wp-block-rank-math-faq-block\"><div class=\"rank-math-faq-item\"><h3 class=\"rank-math-question\">\u00bfQu\u00e9 es WinChile? <\/h3><div class=\"rank-math-answer\"><strong>Un Sitio que destaca<\/strong> por ofrecer diversi\u00f3n de calidad y al mismo tiempo estupendos Bonos. <\/div><\/div><div class=\"rank-math-faq-item\"><h3 class=\"rank-math-question\">\u00bfCu\u00e1les son las mejores salas de p\u00f3ker de WinChile?<\/h3><div class=\"rank-math-answer\"><strong><a href=\"https:\/\/recor.to\/winchile\" target=\"_blank\" rel=\"noreferrer noopener nofollow sponsored\">Ingresa a la plataforma<\/a> y presiona sobre la categor\u00eda &#8220;P\u00f3ker&#8221; <\/strong>que se ubica en la parte superior derecha de la pantalla. <\/div><\/div><div class=\"rank-math-faq-item\"><h3 class=\"rank-math-question\">\u00bfHay en WinChile un Bono para P\u00f3ker?<\/h3><div class=\"rank-math-answer\"><strong>Hay muchos Bonos, pero no para usar en p\u00f3ker. <\/strong>Sino en otros mercados que la casa tiene para Chile. <\/div><\/div><div class=\"rank-math-faq-item\"><h3 class=\"rank-math-question\">\u00bfCu\u00e1les son esos Bonos de WinChile?<\/h3><div class=\"rank-math-answer\">Hay un Bono de Bienvenida \u00bf, que te entrega <strong>10.000 CLP Sin Dep\u00f3sito. <\/strong><\/div><\/div><div class=\"rank-math-faq-item\"><h3 class=\"rank-math-question\">\u00bfQu\u00e9 debo hacer para obtenerlo?<\/h3><div class=\"rank-math-answer\"><strong><a href=\"https:\/\/recor.to\/winchile\" target=\"_blank\" rel=\"noreferrer noopener nofollow sponsored\">Reg\u00edstrate en WinChile<\/a> y activa la cuenta<\/strong> en un plazo no superior a los 30 d\u00edas. Luego, activa el Bono. <\/div><\/div><div class=\"rank-math-faq-item\"><h3 class=\"rank-math-question\">\u00bfEn qu\u00e9 consisten los Bonos de Carga?<\/h3><div class=\"rank-math-answer\">Son un total de tres y, en su conjunto, <strong>te entregan hasta 300.000 CLP<\/strong> extra para disfrutar en Slots. <\/div><\/div><div class=\"rank-math-faq-item\"><h3 class=\"rank-math-question\">\u00bfQu\u00e9 ofertas hay para Apuestas Deportivas?<\/h3><div class=\"rank-math-answer\"><strong>La Cartilla GanaGOOL<\/strong>, que reparte el porcentaje de un pozo que va desde 500.000 CLP hasta 5.000.000 CLP. <\/div><\/div><\/div>\n","protected":false},"excerpt":{"rendered":"<p>\u00bfTe gusta el p\u00f3ker? Entonces este art\u00edculo est\u00e1 hecho a tu medida, porque en \u00e9l vamos a repasar las mejores salas que WinChile tiene para vos. Sin dudas, un combo de diversi\u00f3n y ganancias. \u00a1Visita la plataforma! Las mejores salas de p\u00f3ker de WinChile Lo que hoy nos convoca son las mejores salas de p\u00f3ker &#8230; <a title=\"WinChile Mejores Salas de P\u00f3ker Online en 2026\" class=\"read-more\" href=\"https:\/\/supercuotas.gratis\/cl\/winchile-mejores-salas-de-poker-chile\/\" aria-label=\"Leer m\u00e1s sobre WinChile Mejores Salas de P\u00f3ker Online en 2026\">Read more<\/a><\/p>\n","protected":false},"author":73,"featured_media":0,"parent":0,"menu_order":0,"comment_status":"closed","ping_status":"closed","template":"","meta":{"_uag_custom_page_level_css":"","generate_page_header":"","footnotes":""},"class_list":["post-34630","page","type-page","status-publish"],"uagb_featured_image_src":{"full":false,"thumbnail":false,"medium":false,"medium_large":false,"large":false,"1536x1536":false,"2048x2048":false},"uagb_author_info":{"display_name":"Rodrigo Marquez","author_link":"https:\/\/supercuotas.gratis\/cl\/author\/rodrigo-marquez\/"},"uagb_comment_info":0,"uagb_excerpt":"\u00bfTe gusta el p\u00f3ker? Entonces este art\u00edculo est\u00e1 hecho a tu medida, porque en \u00e9l vamos a repasar las mejores salas que WinChile tiene para vos. Sin dudas, un combo de diversi\u00f3n y ganancias. \u00a1Visita la plataforma! Las mejores salas de p\u00f3ker de WinChile Lo que hoy nos convoca son las mejores salas de p\u00f3ker&hellip;","_links":{"self":[{"href":"https:\/\/supercuotas.gratis\/cl\/wp-json\/wp\/v2\/pages\/34630","targetHints":{"allow":["GET"]}}],"collection":[{"href":"https:\/\/supercuotas.gratis\/cl\/wp-json\/wp\/v2\/pages"}],"about":[{"href":"https:\/\/supercuotas.gratis\/cl\/wp-json\/wp\/v2\/types\/page"}],"author":[{"embeddable":true,"href":"https:\/\/supercuotas.gratis\/cl\/wp-json\/wp\/v2\/users\/73"}],"replies":[{"embeddable":true,"href":"https:\/\/supercuotas.gratis\/cl\/wp-json\/wp\/v2\/comments?post=34630"}],"version-history":[{"count":2,"href":"https:\/\/supercuotas.gratis\/cl\/wp-json\/wp\/v2\/pages\/34630\/revisions"}],"predecessor-version":[{"id":34668,"href":"https:\/\/supercuotas.gratis\/cl\/wp-json\/wp\/v2\/pages\/34630\/revisions\/34668"}],"wp:attachment":[{"href":"https:\/\/supercuotas.gratis\/cl\/wp-json\/wp\/v2\/media?parent=34630"}],"curies":[{"name":"wp","href":"https:\/\/api.w.org\/{rel}","templated":true}]}}