{"id":34262,"date":"2023-12-22T18:30:53","date_gmt":"2023-12-22T17:30:53","guid":{"rendered":"https:\/\/supercuotas.gratis\/?page_id=34262"},"modified":"2023-12-22T18:32:44","modified_gmt":"2023-12-22T17:32:44","slug":"winchile-bono-sin-deposito-chile-codigos-promocionales","status":"publish","type":"page","link":"https:\/\/supercuotas.gratis\/cl\/winchile-bono-sin-deposito-chile-codigos-promocionales\/","title":{"rendered":"WinChile Bono SIN Dep\u00f3sito \u00bb \u00a1$10.000 CLP Gratis!"},"content":{"rendered":"\n<p>Para los usuarios de Chile, <strong>WinChile tiene un Bono sin Dep\u00f3sito realmente insuperable<\/strong>. Fondos de regalo para disfrutar en un amplio cat\u00e1logo de juegos de casino. <strong><a href=\"https:\/\/recor.to\/winchile\" target=\"_blank\" rel=\"noreferrer noopener nofollow sponsored\">\u00a1Reg\u00edstrate para obtenerlo!<\/a><\/strong><\/p>\n\n\n\n<figure class=\"wp-block-image size-full is-resized\"><a href=\"https:\/\/recor.to\/winchile\" target=\"_blank\" rel=\"noreferrer noopener nofollow sponsored\"><img fetchpriority=\"high\" decoding=\"async\" width=\"914\" height=\"513\" src=\"https:\/\/supercuotas.gratis\/wp-content\/uploads\/2023\/12\/winchile-bono-sin-deposito.png\" alt=\"winchile bono sin dep\u00f3sito\" class=\"wp-image-34263\" style=\"width:1015px;height:auto\" srcset=\"https:\/\/supercuotas.gratis\/wp-content\/uploads\/2023\/12\/winchile-bono-sin-deposito.png 914w, https:\/\/supercuotas.gratis\/wp-content\/uploads\/2023\/12\/winchile-bono-sin-deposito-300x168.png 300w, https:\/\/supercuotas.gratis\/wp-content\/uploads\/2023\/12\/winchile-bono-sin-deposito-768x431.png 768w\" sizes=\"(max-width: 914px) 100vw, 914px\" \/><\/a><\/figure>\n\n\n\n<h2 class=\"wp-block-heading\"><strong>Bono sin Dep\u00f3sito de WinChile: \u00a110.000 CLP de bienvenida!<\/strong><\/h2>\n\n\n\n<p>Fr\u00f3tate las manos, porque est\u00e1s a punto de recibir una de esas noticias que te alegran el d\u00eda. En el presente art\u00edculo, vamos a repasar todos <strong>los detalles del Bono sin Dep\u00f3sito de WinChile<\/strong> para aprovechar en un amplio cat\u00e1logo de juegos de casino. Una oferta de bienvenida para no dejar pasar, ya que se trata, lisa y llanamente, de <strong>fondos de regalo<\/strong> para que los disfrutes jugando en el casino. Algo que no abunda en el mercado. <strong><a href=\"https:\/\/recor.to\/winchile\" target=\"_blank\" rel=\"noreferrer noopener nofollow sponsored\">\u00a1Abre una cuenta para conseguirlo!<\/a><\/strong><\/p>\n\n\n\n<p>Al tratarse de una oferta de bienvenida, <strong>est\u00e1 disponible para los usuarios nuevos.<\/strong> Aquellos que reci\u00e9n se unieron a la comunidad de WinChile y que todav\u00eda no efectuaron su primer dep\u00f3sito. Para quienes posean un mayor recorrido como miembros de la casa, hay otras promociones. Algunas de las cuales repasaremos m\u00e1s adelante. <\/p>\n\n\n\n<p>\u00bfCu\u00e1l es el beneficio del Bono sin Dep\u00f3sito de WinChile? Toma nota de lo siguiente: <strong>\u00a110.000 CLP de regalo!<\/strong> Como mencionamos al comienzo, <strong>destinados a un amplio cat\u00e1logo de juegos de casino<\/strong> seleccionados por la casa. El men\u00fa es variado y apasionante, con los t\u00edtulos m\u00e1s populares en Chile. Sin dudas, una propuesta de casino que asegura diversi\u00f3n y ganancias. Un combo perfecto, para no dejar pasar. <strong><a href=\"https:\/\/recor.to\/winchile\" target=\"_blank\" rel=\"noreferrer noopener nofollow sponsored\">\u00a1Da el primer paso y \u00fanete a esta comunidad!<\/a><\/strong><\/p>\n\n\n\n<h3 class=\"wp-block-heading\"><strong>Pasos para obtener el Bono sin Dep\u00f3sito de WinChile<\/strong><\/h3>\n\n\n\n<p>Ahora que ya conoces el beneficio del Bono de Bienvenida sin Dep\u00f3sito de WinChile, lo siguiente es saber <strong>c\u00f3mo obtener la oferta. <\/strong>De manera simple, r\u00e1pida y segura. No hay secretos ni trucos, y podr\u00e1s resolverlo en muy poco tiempo. De todas maneras, nunca est\u00e1 de m\u00e1s disponer de una gu\u00eda a mano. <strong>Repasa con atenci\u00f3n: <\/strong><\/p>\n\n\n\n<ul class=\"wp-block-list\">\n<li><strong><a href=\"https:\/\/recor.to\/winchile\" target=\"_blank\" rel=\"noreferrer noopener nofollow sponsored\">1. Hazte un usuario en WinChile<\/a><\/strong> (pincha sobre &#8220;Registrarse&#8221;, que se ubica en la parte superior derecha de la pantalla, y completa el formulario con los datos solicitados. Luego, acepta los t\u00e9rminos y condiciones). <\/li>\n\n\n\n<li><strong>2. Activa la cuenta<\/strong> dentro de los 30 d\u00edas posteriores al registro. <\/li>\n\n\n\n<li><strong>3. Activa el Bono<\/strong> en el \u00edcono de regalo ubicado en la parte superior del Sitio. <\/li>\n\n\n\n<li><strong>4. Confirma la activaci\u00f3n<\/strong> en la ventana emergente que aparecer\u00e1. <\/li>\n\n\n\n<li><strong>5. \u00a1Listo! <\/strong>El Bono ser\u00e1 acreditado en tu cuenta, para que lo disfrutes en un amplio cat\u00e1logo de juegos de casino. <\/li>\n<\/ul>\n\n\n\n<p>En el caso de que tengas dudas <strong>o te surja alg\u00fan problema<\/strong> a la hora de activar el Bono, <strong>ponte en contacto <\/strong>con el equipo de atenci\u00f3n al cliente. Hay v\u00edas directas de comunicaci\u00f3n, como por ejemplo <strong>un n\u00famero de WhatsApp.<\/strong> S\u00faper pr\u00e1ctico, ya que es un m\u00e9todo que es de uso diario para todas las cuestiones de la vida. <\/p>\n\n\n\n<p>Los profesionales de la casa te atender\u00e1n de manera amable y <strong>obtendr\u00e1s de ellos respuestas \u00fatiles y oportunas.<\/strong> Sobre este tema o sobre cualquier otro vinculado al servicio de WinChile. Tambi\u00e9n te recomendamos <strong>ingresar a la secci\u00f3n &#8220;Preguntas Frecuentes&#8221; <\/strong>(parte baja de la pantalla), ya que encontrar\u00e1s informaci\u00f3n valiosa. Y si deseas saber m\u00e1s, repasa el siguiente art\u00edculo sobre el <strong><em><a href=\"https:\/\/supercuotas.gratis\/cl\/winchile-bono-casino-chile-codigos-promocionales\/\" target=\"_blank\" rel=\"noreferrer noopener\">Bono de WinChile para usar en el Casino. <\/a><\/em><\/strong><\/p>\n\n\n\n<h3 class=\"wp-block-heading\"><strong>M\u00e1s informaci\u00f3n sobre el Bono sin Dep\u00f3sito de WinChile<\/strong><\/h3>\n\n\n\n<p>Para completar la informaci\u00f3n del Bono sin Dep\u00f3sito de WinChile para nuevos usuarios, solo falta mencionar algunas cuestiones. Como por ejemplo el hecho de que <strong>posee una vigencia de 7 d\u00edas<\/strong> desde el momento de su asignaci\u00f3n. Ese es el plazo para utilizarlo, no m\u00e1s. Pasado dicho per\u00edodo de tiempo, la bonificaci\u00f3n caducar\u00e1 y ya no volver\u00e1 a estar disponible. <\/p>\n\n\n\n<p>Por \u00faltimo, recuerda que <strong>el Bono finaliza cuando hayas alcanzado la meta o cuando el saldo de tu cuenta sea inferior a 100 CLP. <\/strong>Tambi\u00e9n vale aclarar que no hay obligaci\u00f3n de uso. Si quieres, puedes registrarte y no solicitar el Bono, no hay ning\u00fan problema. Pero de nuestra parte te recomendamos que aproveches esta oferta. De m\u00ednima, no hay nada que perder al no tener que introducir un dep\u00f3sito. <strong><a href=\"https:\/\/recor.to\/winchile\" target=\"_blank\" rel=\"noreferrer noopener nofollow sponsored\">\u00a1Juega con fondos de regalo!<\/a><\/strong><\/p>\n\n\n\n<h2 class=\"wp-block-heading\"><strong>Otros Bonos de WinChile para disfrutar desde Chile<\/strong><\/h2>\n\n\n\n<h3 class=\"wp-block-heading\"><strong>Bonos de Carga: \u00a1300.000 CLP EXTRA!<\/strong><\/h3>\n\n\n\n<p>Despu\u00e9s de disfrutar del Bono de Bienvenida, WinChile te propone los Bonos de Carga. Tres bonificaciones que se entregan de manera secuencial y que, en su conjunto, <strong>\u00a1te entregan hasta 300.000 CLP para aprovechar en Slots de Casino! <\/strong>Si te gusta divertirte mientras haces dinero, es una oferta hecha a tu medida. Observa el detalle de cada uno de los Bonos de Carga: <\/p>\n\n\n\n<ul class=\"wp-block-list\">\n<li><strong>Primera Carga:<\/strong> 100% extra hasta un m\u00e1ximo de 100.000 CLP<\/li>\n\n\n\n<li><strong>Segunda Carga: <\/strong>25% extra hasta un m\u00e1ximo de 100.000 CLP<\/li>\n\n\n\n<li><strong>Tercera Carga:<\/strong> 50% extra hasta un m\u00e1ximo de 100.000 CLP <\/li>\n<\/ul>\n\n\n\n<p>Para solicitar los Bonos de Carga, <strong>tu dep\u00f3sito no puede ser inferior a 5.000 CLP<\/strong> (en los tres casos). Adem\u00e1s, primero debes cumplir con la meta de uno para solicitar el siguiente. El orden debe ser respetado. Se trata de Bonos no transferibles y v\u00e1lidos una \u00fanica vez por jugador, al igual que el Bono sin Dep\u00f3sito. <strong><a href=\"https:\/\/recor.to\/winchile\" target=\"_blank\" rel=\"noreferrer noopener nofollow sponsored\">\u00a1Reg\u00edstrate y aprovecha este triple beneficio!<\/a><\/strong><\/p>\n\n\n\n<p><strong>Cada uno de los Bonos de Carga posee una vigencia de 30 d\u00edas<\/strong>, tiempo m\u00e1s que suficiente para que los aproveches en tus Slots favoritas. Recuerda que el cat\u00e1logo de WinChile incluye nuevos lanzamientos, ediciones cl\u00e1sicas y tambi\u00e9n lo m\u00e1s jugado en Chile. Un men\u00fa completo y apasionante. Adem\u00e1s, la meta de cada Bono consiste en <strong>apostar el equivalente al 75% de la carga realizada.<\/strong> A partir de ah\u00ed puedes liberar el Bono. <\/p>\n\n\n\n<figure class=\"wp-block-image size-large\"><a href=\"https:\/\/recor.to\/winchile\" target=\"_blank\" rel=\"noreferrer noopener nofollow sponsored\"><img decoding=\"async\" width=\"1024\" height=\"478\" src=\"https:\/\/supercuotas.gratis\/wp-content\/uploads\/2023\/12\/winchile-oferta-gratis-1024x478.png\" alt=\"winchile oferta gratis\" class=\"wp-image-34324\" srcset=\"https:\/\/supercuotas.gratis\/wp-content\/uploads\/2023\/12\/winchile-oferta-gratis-1024x478.png 1024w, https:\/\/supercuotas.gratis\/wp-content\/uploads\/2023\/12\/winchile-oferta-gratis-300x140.png 300w, https:\/\/supercuotas.gratis\/wp-content\/uploads\/2023\/12\/winchile-oferta-gratis-768x358.png 768w, https:\/\/supercuotas.gratis\/wp-content\/uploads\/2023\/12\/winchile-oferta-gratis.png 1243w\" sizes=\"(max-width: 1024px) 100vw, 1024px\" \/><\/a><\/figure>\n\n\n\n<h2 class=\"wp-block-heading\"><strong>M\u00e1s beneficios para aprovechar desde Chile<\/strong><\/h2>\n\n\n\n<h3 class=\"wp-block-heading\"><strong>Cartilla GanaGOOL para apuestas deportivas<\/strong><\/h3>\n\n\n\n<p>Hasta ahora, las ofertas mencionadas son para juegos de casino. Tanto el Bono de Bienvenida como los Tres Bonos de Carga. Pero si tu pasi\u00f3n pasa por las apuestas deportivas, tambi\u00e9n hay una promoci\u00f3n que puedes disfrutar en WinChile. Estamos hablando de la <strong>Cartilla GanaGOOL<\/strong>, que reparte el porcentaje de un pozo acumulable que va <strong>desde un m\u00ednimo de 500.000 CLP hasta un m\u00e1ximo de 5.000.000 CLP. <\/strong><\/p>\n\n\n\n<p>La Cartilla GanaGOOL <strong>consta de 10 eventos deportivos<\/strong> seleccionados por la casa, sobre los cuales debes efectuar tus pron\u00f3sticos: Local, Empate o Visita. Y <strong>ganas a partir de los 8 aciertos. <\/strong>Por supuesto, a mayor cantidad de aciertos m\u00e1s elevado ser\u00e1 el porcentaje del pozo a conseguir. De acuerdo a la siguiente categorizaci\u00f3n: <\/p>\n\n\n\n<ul class=\"wp-block-list\">\n<li><strong>Primera Categor\u00eda: <\/strong>cuando existan 10 aciertos entre los eventos publicados, se entregar\u00e1 el 60% del pozo acumulado. <\/li>\n\n\n\n<li><strong>Segunda Categor\u00eda: <\/strong>cuando existan 9 aciertos entre los eventos publicados, se entregar\u00e1 el 30% del pozo acumulado. <\/li>\n\n\n\n<li><strong>Tercera Categor\u00eda:<\/strong> cuando existan 8 aciertos entre los eventos publicados, se entregar\u00e1 el 10% del pozo acumulado. <\/li>\n<\/ul>\n\n\n\n<p><strong><a href=\"https:\/\/recor.to\/winchile\" target=\"_blank\" rel=\"noreferrer noopener nofollow sponsored\">\u00danete a la comunidad de WinChile<\/a> <\/strong>y pon a prueba tu capacidad para hacer pron\u00f3sticos deportivos. La recompensa, como puedes ver, es muy grande. Y si obtienes tu parte del pozo acumulado, no tienes que cumplir con ning\u00fan requisito de apuesta. Los fondos son tuyos y puedes hacer con ellos lo que quieras. <\/p>\n\n\n\n<p>Para participar de la Cartilla GanaGOOL, <strong>debes registrar movimientos de carga en los \u00faltimos 30 d\u00edas<\/strong>. Tambi\u00e9n actividad reciente en el Sitio, con <strong>apuestas por un valor m\u00ednimo de 5.000 CLP<\/strong> con una antig\u00fcedad no superior a los 5 d\u00edas a la fecha de inicio de la promoci\u00f3n. Por \u00faltimo, recuerda que la Cartilla comienza todos los lunes y dura 7 d\u00edas. Se renueva semana a semana. <strong><em><a href=\"https:\/\/supercuotas.gratis\/cl\/winchile-bono-apuestas-deportivas-chile-codigos-promocionales\/\" target=\"_blank\" rel=\"noreferrer noopener\">\u00a1Averigua si tambi\u00e9n hay un Bono para Apuestas Deportivas!  <\/a><\/em><\/strong><\/p>\n\n\n\n<h3 class=\"wp-block-heading\"><strong>M\u00e1s y m\u00e1s beneficios<\/strong><\/h3>\n\n\n\n<p>Para cerrar este art\u00edculo sobre el Bono sin Dep\u00f3sito de WinChile, te comentamos que hay otros beneficios que puedes aprovechar. Como <strong>el Bono Fin de Semana o el Bono Semanal.<\/strong> Tambi\u00e9n, el Bono especial para el d\u00eda de tu cumplea\u00f1os. Para saber m\u00e1s al respeto, te invitamos a repasar la siguiente <strong><em><a href=\"https:\/\/supercuotas.gratis\/cl\/winchile\/\" target=\"_blank\" rel=\"noreferrer noopener\">Rese\u00f1a de WinChile y sus Bonos para Chile. <\/a><\/em><\/strong><\/p>\n\n\n\n<p>Hay promociones tanto para nuevos usuarios como para aquellos de mayor recorrido. Sin dudas, <strong>una de las casas que m\u00e1s beneficios<\/strong> pone al alcance de su comunidad. Si resides en Chile, est\u00e1s ante un sitio que vale la pena y mucho. <\/p>\n\n\n\n<figure class=\"wp-block-image size-large\"><a href=\"https:\/\/recor.to\/winchile\" target=\"_blank\" rel=\"noreferrer noopener nofollow sponsored\"><img decoding=\"async\" width=\"1024\" height=\"478\" src=\"https:\/\/supercuotas.gratis\/wp-content\/uploads\/2023\/12\/winchile-oferta-sin-deposito-1024x478.png\" alt=\"winchile oferta sin dep\u00f3sito\" class=\"wp-image-34335\" srcset=\"https:\/\/supercuotas.gratis\/wp-content\/uploads\/2023\/12\/winchile-oferta-sin-deposito-1024x478.png 1024w, https:\/\/supercuotas.gratis\/wp-content\/uploads\/2023\/12\/winchile-oferta-sin-deposito-300x140.png 300w, https:\/\/supercuotas.gratis\/wp-content\/uploads\/2023\/12\/winchile-oferta-sin-deposito-768x359.png 768w, https:\/\/supercuotas.gratis\/wp-content\/uploads\/2023\/12\/winchile-oferta-sin-deposito.png 1242w\" sizes=\"(max-width: 1024px) 100vw, 1024px\" \/><\/a><\/figure>\n\n\n\n<h2 class=\"wp-block-heading\"><strong>Preguntas frecuentes sobre el Bono sin Dep\u00f3sito de WinChile<\/strong><\/h2>\n\n\n\n<div class=\"wp-block-rank-math-faq-block\"><div class=\"rank-math-faq-item\"><h3 class=\"rank-math-question\">\u00bfQu\u00e9 es WinChile?<\/h3><div class=\"rank-math-answer\"><strong>Una casa que combina<\/strong> la diversi\u00f3n del casino con la emoci\u00f3n de las apuestas deportivas. <\/div><\/div><div class=\"rank-math-faq-item\"><h3 class=\"rank-math-question\">\u00bfEn qu\u00e9 consiste el Bono sin Dep\u00f3sito de WinChile?<\/h3><div class=\"rank-math-answer\">Es un Bono de Bienvenida que te entrega <strong>10.000 CLP de regalo<\/strong> para que disfrutes en juegos de casino. <\/div><\/div><div class=\"rank-math-faq-item\"><h3 class=\"rank-math-question\">\u00bfQu\u00e9 debo hacer para conseguir el Bono?<\/h3><div class=\"rank-math-answer\"><strong><a href=\"https:\/\/recor.to\/winchile\" target=\"_blank\" rel=\"noreferrer noopener nofollow sponsored\">Reg\u00edstrate en WinChile<\/a> y luego activa la cuenta<\/strong>, en un plazo no superior a los 30 d\u00edas. Adem\u00e1s, activa el Bono. <\/div><\/div><div class=\"rank-math-faq-item\"><h3 class=\"rank-math-question\">\u00bfQu\u00e9 pasa si no puedo activar el Bono?<\/h3><div class=\"rank-math-answer\"><strong>Ponte en contacto <\/strong>con el equipo de atenci\u00f3n al cliente de WinChile. <\/div><\/div><div class=\"rank-math-faq-item\"><h3 class=\"rank-math-question\">\u00bfHay otros Bonos en WinChile?<\/h3><div class=\"rank-math-answer\"><strong>Hay Tres Bonos de Carga<\/strong> que, en su conjunto, te brindan <strong>hasta 300.000 CLP<\/strong> extra para slots de casino. <\/div><\/div><div class=\"rank-math-faq-item\"><h3 class=\"rank-math-question\">\u00bfQu\u00e9 promociones hay para apuestas deportivas?<\/h3><div class=\"rank-math-answer\"><strong>La Cartilla GanaGOOL<\/strong>, que reparte el porcentaje de un pozo acumulable que va desde un m\u00ednimo de 500.000 CLP hasta un m\u00e1ximo de 5.000.000 CLP. <\/div><\/div><div class=\"rank-math-faq-item\"><h3 class=\"rank-math-question\">\u00bfEs recomendable ser parte de la comunidad de WinChile?<\/h3><div class=\"rank-math-answer\"><strong>No hay dudas<\/strong> de que es uno de los mejores servicios para el p\u00fablico chileno. <\/div><\/div><\/div>\n","protected":false},"excerpt":{"rendered":"<p>Para los usuarios de Chile, WinChile tiene un Bono sin Dep\u00f3sito realmente insuperable. Fondos de regalo para disfrutar en un amplio cat\u00e1logo de juegos de casino. \u00a1Reg\u00edstrate para obtenerlo! Bono sin Dep\u00f3sito de WinChile: \u00a110.000 CLP de bienvenida! Fr\u00f3tate las manos, porque est\u00e1s a punto de recibir una de esas noticias que te alegran el &#8230; <a title=\"WinChile Bono SIN Dep\u00f3sito \u00bb \u00a1$10.000 CLP Gratis!\" class=\"read-more\" href=\"https:\/\/supercuotas.gratis\/cl\/winchile-bono-sin-deposito-chile-codigos-promocionales\/\" aria-label=\"Leer m\u00e1s sobre WinChile Bono SIN Dep\u00f3sito \u00bb \u00a1$10.000 CLP Gratis!\">Read more<\/a><\/p>\n","protected":false},"author":73,"featured_media":0,"parent":0,"menu_order":0,"comment_status":"closed","ping_status":"closed","template":"","meta":{"_uag_custom_page_level_css":"","generate_page_header":"","footnotes":""},"class_list":["post-34262","page","type-page","status-publish"],"uagb_featured_image_src":{"full":false,"thumbnail":false,"medium":false,"medium_large":false,"large":false,"1536x1536":false,"2048x2048":false},"uagb_author_info":{"display_name":"Rodrigo Marquez","author_link":"https:\/\/supercuotas.gratis\/cl\/author\/rodrigo-marquez\/"},"uagb_comment_info":0,"uagb_excerpt":"Para los usuarios de Chile, WinChile tiene un Bono sin Dep\u00f3sito realmente insuperable. Fondos de regalo para disfrutar en un amplio cat\u00e1logo de juegos de casino. \u00a1Reg\u00edstrate para obtenerlo! Bono sin Dep\u00f3sito de WinChile: \u00a110.000 CLP de bienvenida! Fr\u00f3tate las manos, porque est\u00e1s a punto de recibir una de esas noticias que te alegran el&hellip;","_links":{"self":[{"href":"https:\/\/supercuotas.gratis\/cl\/wp-json\/wp\/v2\/pages\/34262","targetHints":{"allow":["GET"]}}],"collection":[{"href":"https:\/\/supercuotas.gratis\/cl\/wp-json\/wp\/v2\/pages"}],"about":[{"href":"https:\/\/supercuotas.gratis\/cl\/wp-json\/wp\/v2\/types\/page"}],"author":[{"embeddable":true,"href":"https:\/\/supercuotas.gratis\/cl\/wp-json\/wp\/v2\/users\/73"}],"replies":[{"embeddable":true,"href":"https:\/\/supercuotas.gratis\/cl\/wp-json\/wp\/v2\/comments?post=34262"}],"version-history":[{"count":2,"href":"https:\/\/supercuotas.gratis\/cl\/wp-json\/wp\/v2\/pages\/34262\/revisions"}],"predecessor-version":[{"id":34346,"href":"https:\/\/supercuotas.gratis\/cl\/wp-json\/wp\/v2\/pages\/34262\/revisions\/34346"}],"wp:attachment":[{"href":"https:\/\/supercuotas.gratis\/cl\/wp-json\/wp\/v2\/media?parent=34262"}],"curies":[{"name":"wp","href":"https:\/\/api.w.org\/{rel}","templated":true}]}}